{"id":3734,"date":"2025-01-15T23:08:52","date_gmt":"2025-01-15T23:08:52","guid":{"rendered":"https:\/\/henergylab.com\/piramides\/"},"modified":"2025-10-28T23:54:27","modified_gmt":"2025-10-28T23:54:27","slug":"piramides","status":"publish","type":"page","link":"https:\/\/henergylab.com\/es\/productos\/piramides\/","title":{"rendered":"Pir\u00e1mides"},"content":{"rendered":"\t\t<div data-elementor-type=\"wp-page\" data-elementor-id=\"3734\" class=\"elementor elementor-3734 elementor-1192\" data-elementor-post-type=\"page\">\n\t\t\t\t<div class=\"elementor-element elementor-element-9719ab2 e-flex e-con-boxed e-con e-parent\" data-id=\"9719ab2\" data-element_type=\"container\" data-e-type=\"container\">\n\t\t\t\t\t<div class=\"e-con-inner\">\n\t\t\t\t<div class=\"elementor-element elementor-element-3674c9f elementor-widget elementor-widget-text-editor\" data-id=\"3674c9f\" data-element_type=\"widget\" data-e-type=\"widget\" data-widget_type=\"text-editor.default\">\n\t\t\t\t<div class=\"elementor-widget-container\">\n\t\t\t\t\t\t\t\t\t<h3 data-start=\"154\" data-end=\"248\">Pir\u00e1mides de orgonita con bobina torus integrada: beneficios de las ondas escalares y la orgonita<\/h3><p data-start=\"250\" data-end=\"622\">Las <strong data-start=\"253\" data-end=\"302\">pir\u00e1mides de orgonita con bobina torus integrada<\/strong> representan una tecnolog\u00eda energ\u00e9tica avanzada que une las propiedades beneficiosas de la <strong data-start=\"391\" data-end=\"403\">orgonita<\/strong> con el poder de las <strong data-start=\"424\" data-end=\"440\">ondas escalares<\/strong> generadas por la bobina toroidal (torus coil). Esta combinaci\u00f3n sin\u00e9rgica crea un dispositivo capaz de influir positivamente en el ambiente y el bienestar energ\u00e9tico personal. <\/p><p data-start=\"624\" data-end=\"999\">La <strong data-start=\"624\" data-end=\"636\">orgonita<\/strong> es un compuesto formado por resina, metales y cristales, conocido por su capacidad de absorber y transformar las energ\u00edas negativas en energ\u00edas positivas y arm\u00f3nicas. Las pir\u00e1mides de orgonita, gracias a su forma geom\u00e9trica sagrada, amplifican este efecto energ\u00e9tico, facilitando la purificaci\u00f3n de los espacios y la protecci\u00f3n contra las interferencias electromagn\u00e9ticas. <\/p><p data-start=\"1001\" data-end=\"1348\">La <strong data-start=\"1004\" data-end=\"1028\">bobina torus integrada<\/strong> genera campos energ\u00e9ticos escalares pulsados, una forma de energ\u00eda sutil capaz de reequilibrar y regenerar el campo energ\u00e9tico del ambiente y las personas. Las ondas escalares, diferentes de las ondas electromagn\u00e9ticas normales, act\u00faan en planos sutiles de la energ\u00eda vital, favoreciendo armon\u00eda, protecci\u00f3n y bienestar profundo. <\/p><p data-start=\"1350\" data-end=\"1478\">La uni\u00f3n de estos dos elementos, orgonita y bobina torus, en la estructura piramidal crea una poderosa herramienta energ\u00e9tica que puede:<\/p><ul data-start=\"1479\" data-end=\"1777\"><li data-start=\"1479\" data-end=\"1538\"><p data-start=\"1481\" data-end=\"1538\">Purificar y armonizar los espacios habitables o laborales<\/p><\/li><li data-start=\"1539\" data-end=\"1606\"><p data-start=\"1541\" data-end=\"1606\">Reducir el impacto de los campos electromagn\u00e9ticos nocivos (electrosmog)<\/p><\/li><li data-start=\"1607\" data-end=\"1650\"><p data-start=\"1609\" data-end=\"1650\">Favorecer la relajaci\u00f3n mental y f\u00edsica<\/p><\/li><li data-start=\"1651\" data-end=\"1718\"><p data-start=\"1653\" data-end=\"1718\">Estimular la regeneraci\u00f3n energ\u00e9tica y el reequilibrio personal<\/p><\/li><li data-start=\"1719\" data-end=\"1777\"><p data-start=\"1721\" data-end=\"1777\">Apoyar pr\u00e1cticas de meditaci\u00f3n y crecimiento espiritual<\/p><\/li><\/ul><p data-start=\"1779\" data-end=\"2046\">Las pir\u00e1mides de orgonita con bobina torus integrada son ideales para quienes buscan un enfoque natural e innovador para mejorar la calidad de la energ\u00eda personal y ambiental, aprovechando las propiedades de las ondas escalares y la orgonita en un dise\u00f1o elegante y funcional.<\/p>\t\t\t\t\t\t\t\t<\/div>\n\t\t\t\t<\/div>\n\t\t\t\t\t<\/div>\n\t\t\t\t<\/div>\n\t\t<div class=\"elementor-element elementor-element-b9d790b e-flex e-con-boxed e-con e-parent\" data-id=\"b9d790b\" data-element_type=\"container\" data-e-type=\"container\">\n\t\t\t\t\t<div class=\"e-con-inner\">\n\t\t\t\t\t<\/div>\n\t\t\t\t<\/div>\n\t\t\t\t<\/div>\n\t\t","protected":false},"excerpt":{"rendered":"<p>Pir\u00e1mides de orgonita con bobina torus integrada: beneficios de las ondas escalares y la orgonita Las pir\u00e1mides de orgonita con bobina torus integrada representan una tecnolog\u00eda energ\u00e9tica avanzada que une las propiedades beneficiosas de la orgonita con el poder de las ondas escalares generadas por la bobina toroidal (torus coil). Esta combinaci\u00f3n sin\u00e9rgica crea un [&hellip;]<\/p>\n","protected":false},"author":1,"featured_media":0,"parent":4037,"menu_order":0,"comment_status":"closed","ping_status":"closed","template":"","meta":{"ocean_post_layout":"","ocean_both_sidebars_style":"","ocean_both_sidebars_content_width":0,"ocean_both_sidebars_sidebars_width":0,"ocean_sidebar":"","ocean_second_sidebar":"","ocean_disable_margins":"enable","ocean_add_body_class":"","ocean_shortcode_before_top_bar":"","ocean_shortcode_after_top_bar":"","ocean_shortcode_before_header":"","ocean_shortcode_after_header":"","ocean_has_shortcode":"","ocean_shortcode_after_title":"","ocean_shortcode_before_footer_widgets":"","ocean_shortcode_after_footer_widgets":"","ocean_shortcode_before_footer_bottom":"","ocean_shortcode_after_footer_bottom":"","ocean_display_top_bar":"default","ocean_display_header":"default","ocean_header_style":"","ocean_center_header_left_menu":"","ocean_custom_header_template":"","ocean_custom_logo":0,"ocean_custom_retina_logo":0,"ocean_custom_logo_max_width":0,"ocean_custom_logo_tablet_max_width":0,"ocean_custom_logo_mobile_max_width":0,"ocean_custom_logo_max_height":0,"ocean_custom_logo_tablet_max_height":0,"ocean_custom_logo_mobile_max_height":0,"ocean_header_custom_menu":"","ocean_menu_typo_font_family":"","ocean_menu_typo_font_subset":"","ocean_menu_typo_font_size":0,"ocean_menu_typo_font_size_tablet":0,"ocean_menu_typo_font_size_mobile":0,"ocean_menu_typo_font_size_unit":"px","ocean_menu_typo_font_weight":"","ocean_menu_typo_font_weight_tablet":"","ocean_menu_typo_font_weight_mobile":"","ocean_menu_typo_transform":"","ocean_menu_typo_transform_tablet":"","ocean_menu_typo_transform_mobile":"","ocean_menu_typo_line_height":0,"ocean_menu_typo_line_height_tablet":0,"ocean_menu_typo_line_height_mobile":0,"ocean_menu_typo_line_height_unit":"","ocean_menu_typo_spacing":0,"ocean_menu_typo_spacing_tablet":0,"ocean_menu_typo_spacing_mobile":0,"ocean_menu_typo_spacing_unit":"","ocean_menu_link_color":"","ocean_menu_link_color_hover":"","ocean_menu_link_color_active":"","ocean_menu_link_background":"","ocean_menu_link_hover_background":"","ocean_menu_link_active_background":"","ocean_menu_social_links_bg":"","ocean_menu_social_hover_links_bg":"","ocean_menu_social_links_color":"","ocean_menu_social_hover_links_color":"","ocean_disable_title":"default","ocean_disable_heading":"default","ocean_post_title":"","ocean_post_subheading":"","ocean_post_title_style":"","ocean_post_title_background_color":"","ocean_post_title_background":0,"ocean_post_title_bg_image_position":"","ocean_post_title_bg_image_attachment":"","ocean_post_title_bg_image_repeat":"","ocean_post_title_bg_image_size":"","ocean_post_title_height":0,"ocean_post_title_bg_overlay":0.5,"ocean_post_title_bg_overlay_color":"","ocean_disable_breadcrumbs":"default","ocean_breadcrumbs_color":"","ocean_breadcrumbs_separator_color":"","ocean_breadcrumbs_links_color":"","ocean_breadcrumbs_links_hover_color":"","ocean_display_footer_widgets":"default","ocean_display_footer_bottom":"default","ocean_custom_footer_template":"","_glsr_average":0,"_glsr_ranking":0,"_glsr_reviews":0,"footnotes":""},"class_list":["post-3734","page","type-page","status-publish","hentry","entry","owp-thumbs-layout-vertical","owp-btn-normal","owp-tabs-layout-horizontal","has-no-thumbnails","has-product-nav"],"yoast_head":"<!-- This site is optimized with the Yoast SEO plugin v27.4 - https:\/\/yoast.com\/product\/yoast-seo-wordpress\/ -->\n<title>Pir\u00e1mides - HEN<\/title>\n<meta name=\"robots\" content=\"index, follow, max-snippet:-1, max-image-preview:large, max-video-preview:-1\" \/>\n<link rel=\"canonical\" href=\"https:\/\/henergylab.com\/es\/productos\/piramides\/\" \/>\n<meta property=\"og:locale\" content=\"es_ES\" \/>\n<meta property=\"og:type\" content=\"article\" \/>\n<meta property=\"og:title\" content=\"Pir\u00e1mides - HEN\" \/>\n<meta property=\"og:description\" content=\"Pir\u00e1mides de orgonita con bobina torus integrada: beneficios de las ondas escalares y la orgonita Las pir\u00e1mides de orgonita con bobina torus integrada representan una tecnolog\u00eda energ\u00e9tica avanzada que une las propiedades beneficiosas de la orgonita con el poder de las ondas escalares generadas por la bobina toroidal (torus coil). Esta combinaci\u00f3n sin\u00e9rgica crea un [&hellip;]\" \/>\n<meta property=\"og:url\" content=\"https:\/\/henergylab.com\/es\/productos\/piramides\/\" \/>\n<meta property=\"og:site_name\" content=\"HEN\" \/>\n<meta property=\"article:modified_time\" content=\"2025-10-28T23:54:27+00:00\" \/>\n<meta name=\"twitter:card\" content=\"summary_large_image\" \/>\n<meta name=\"twitter:label1\" content=\"Tiempo de lectura\" \/>\n\t<meta name=\"twitter:data1\" content=\"2 minutos\" \/>\n<script type=\"application\/ld+json\" class=\"yoast-schema-graph\">{\"@context\":\"https:\\\/\\\/schema.org\",\"@graph\":[{\"@type\":\"WebPage\",\"@id\":\"https:\\\/\\\/henergylab.com\\\/es\\\/productos\\\/piramides\\\/\",\"url\":\"https:\\\/\\\/henergylab.com\\\/es\\\/productos\\\/piramides\\\/\",\"name\":\"Pir\u00e1mides - HEN\",\"isPartOf\":{\"@id\":\"https:\\\/\\\/henergylab.com\\\/es\\\/#website\"},\"datePublished\":\"2025-01-15T23:08:52+00:00\",\"dateModified\":\"2025-10-28T23:54:27+00:00\",\"breadcrumb\":{\"@id\":\"https:\\\/\\\/henergylab.com\\\/es\\\/productos\\\/piramides\\\/#breadcrumb\"},\"inLanguage\":\"es\",\"potentialAction\":[{\"@type\":\"ReadAction\",\"target\":[\"https:\\\/\\\/henergylab.com\\\/es\\\/productos\\\/piramides\\\/\"]}]},{\"@type\":\"BreadcrumbList\",\"@id\":\"https:\\\/\\\/henergylab.com\\\/es\\\/productos\\\/piramides\\\/#breadcrumb\",\"itemListElement\":[{\"@type\":\"ListItem\",\"position\":1,\"name\":\"Home\",\"item\":\"https:\\\/\\\/henergylab.com\\\/es\\\/\"},{\"@type\":\"ListItem\",\"position\":2,\"name\":\"Productos\",\"item\":\"https:\\\/\\\/henergylab.com\\\/es\\\/prodotti\\\/\"},{\"@type\":\"ListItem\",\"position\":3,\"name\":\"Pir\u00e1mides\"}]},{\"@type\":\"WebSite\",\"@id\":\"https:\\\/\\\/henergylab.com\\\/es\\\/#website\",\"url\":\"https:\\\/\\\/henergylab.com\\\/es\\\/\",\"name\":\"henergylab\",\"description\":\"\",\"publisher\":{\"@id\":\"https:\\\/\\\/henergylab.com\\\/es\\\/#organization\"},\"potentialAction\":[{\"@type\":\"SearchAction\",\"target\":{\"@type\":\"EntryPoint\",\"urlTemplate\":\"https:\\\/\\\/henergylab.com\\\/es\\\/?s={search_term_string}\"},\"query-input\":{\"@type\":\"PropertyValueSpecification\",\"valueRequired\":true,\"valueName\":\"search_term_string\"}}],\"inLanguage\":\"es\"},{\"@type\":\"Organization\",\"@id\":\"https:\\\/\\\/henergylab.com\\\/es\\\/#organization\",\"name\":\"HEN\",\"url\":\"https:\\\/\\\/henergylab.com\\\/es\\\/\",\"logo\":{\"@type\":\"ImageObject\",\"inLanguage\":\"es\",\"@id\":\"https:\\\/\\\/henergylab.com\\\/es\\\/#\\\/schema\\\/logo\\\/image\\\/\",\"url\":\"https:\\\/\\\/henergylab.com\\\/wp-content\\\/uploads\\\/2025\\\/07\\\/Henergylab-logo-scritta-nera-1.png\",\"contentUrl\":\"https:\\\/\\\/henergylab.com\\\/wp-content\\\/uploads\\\/2025\\\/07\\\/Henergylab-logo-scritta-nera-1.png\",\"width\":128,\"height\":128,\"caption\":\"HEN\"},\"image\":{\"@id\":\"https:\\\/\\\/henergylab.com\\\/es\\\/#\\\/schema\\\/logo\\\/image\\\/\"}}]}<\/script>\n<!-- \/ Yoast SEO plugin. -->","yoast_head_json":{"title":"Pir\u00e1mides - HEN","robots":{"index":"index","follow":"follow","max-snippet":"max-snippet:-1","max-image-preview":"max-image-preview:large","max-video-preview":"max-video-preview:-1"},"canonical":"https:\/\/henergylab.com\/es\/productos\/piramides\/","og_locale":"es_ES","og_type":"article","og_title":"Pir\u00e1mides - HEN","og_description":"Pir\u00e1mides de orgonita con bobina torus integrada: beneficios de las ondas escalares y la orgonita Las pir\u00e1mides de orgonita con bobina torus integrada representan una tecnolog\u00eda energ\u00e9tica avanzada que une las propiedades beneficiosas de la orgonita con el poder de las ondas escalares generadas por la bobina toroidal (torus coil). Esta combinaci\u00f3n sin\u00e9rgica crea un [&hellip;]","og_url":"https:\/\/henergylab.com\/es\/productos\/piramides\/","og_site_name":"HEN","article_modified_time":"2025-10-28T23:54:27+00:00","twitter_card":"summary_large_image","twitter_misc":{"Tiempo de lectura":"2 minutos"},"schema":{"@context":"https:\/\/schema.org","@graph":[{"@type":"WebPage","@id":"https:\/\/henergylab.com\/es\/productos\/piramides\/","url":"https:\/\/henergylab.com\/es\/productos\/piramides\/","name":"Pir\u00e1mides - HEN","isPartOf":{"@id":"https:\/\/henergylab.com\/es\/#website"},"datePublished":"2025-01-15T23:08:52+00:00","dateModified":"2025-10-28T23:54:27+00:00","breadcrumb":{"@id":"https:\/\/henergylab.com\/es\/productos\/piramides\/#breadcrumb"},"inLanguage":"es","potentialAction":[{"@type":"ReadAction","target":["https:\/\/henergylab.com\/es\/productos\/piramides\/"]}]},{"@type":"BreadcrumbList","@id":"https:\/\/henergylab.com\/es\/productos\/piramides\/#breadcrumb","itemListElement":[{"@type":"ListItem","position":1,"name":"Home","item":"https:\/\/henergylab.com\/es\/"},{"@type":"ListItem","position":2,"name":"Productos","item":"https:\/\/henergylab.com\/es\/prodotti\/"},{"@type":"ListItem","position":3,"name":"Pir\u00e1mides"}]},{"@type":"WebSite","@id":"https:\/\/henergylab.com\/es\/#website","url":"https:\/\/henergylab.com\/es\/","name":"henergylab","description":"","publisher":{"@id":"https:\/\/henergylab.com\/es\/#organization"},"potentialAction":[{"@type":"SearchAction","target":{"@type":"EntryPoint","urlTemplate":"https:\/\/henergylab.com\/es\/?s={search_term_string}"},"query-input":{"@type":"PropertyValueSpecification","valueRequired":true,"valueName":"search_term_string"}}],"inLanguage":"es"},{"@type":"Organization","@id":"https:\/\/henergylab.com\/es\/#organization","name":"HEN","url":"https:\/\/henergylab.com\/es\/","logo":{"@type":"ImageObject","inLanguage":"es","@id":"https:\/\/henergylab.com\/es\/#\/schema\/logo\/image\/","url":"https:\/\/henergylab.com\/wp-content\/uploads\/2025\/07\/Henergylab-logo-scritta-nera-1.png","contentUrl":"https:\/\/henergylab.com\/wp-content\/uploads\/2025\/07\/Henergylab-logo-scritta-nera-1.png","width":128,"height":128,"caption":"HEN"},"image":{"@id":"https:\/\/henergylab.com\/es\/#\/schema\/logo\/image\/"}}]}},"_links":{"self":[{"href":"https:\/\/henergylab.com\/es\/wp-json\/wp\/v2\/pages\/3734","targetHints":{"allow":["GET"]}}],"collection":[{"href":"https:\/\/henergylab.com\/es\/wp-json\/wp\/v2\/pages"}],"about":[{"href":"https:\/\/henergylab.com\/es\/wp-json\/wp\/v2\/types\/page"}],"author":[{"embeddable":true,"href":"https:\/\/henergylab.com\/es\/wp-json\/wp\/v2\/users\/1"}],"replies":[{"embeddable":true,"href":"https:\/\/henergylab.com\/es\/wp-json\/wp\/v2\/comments?post=3734"}],"version-history":[{"count":1,"href":"https:\/\/henergylab.com\/es\/wp-json\/wp\/v2\/pages\/3734\/revisions"}],"predecessor-version":[{"id":3736,"href":"https:\/\/henergylab.com\/es\/wp-json\/wp\/v2\/pages\/3734\/revisions\/3736"}],"up":[{"embeddable":true,"href":"https:\/\/henergylab.com\/es\/wp-json\/wp\/v2\/pages\/4037"}],"wp:attachment":[{"href":"https:\/\/henergylab.com\/es\/wp-json\/wp\/v2\/media?parent=3734"}],"curies":[{"name":"wp","href":"https:\/\/api.w.org\/{rel}","templated":true}]}}