{"id":3737,"date":"2025-01-14T23:31:33","date_gmt":"2025-01-14T23:31:33","guid":{"rendered":"https:\/\/henergylab.com\/uso-de-la-bobina\/"},"modified":"2025-10-28T23:47:46","modified_gmt":"2025-10-28T23:47:46","slug":"uso-de-la-bobina","status":"publish","type":"page","link":"https:\/\/henergylab.com\/es\/uso-de-la-bobina\/","title":{"rendered":"Uso de la Bobina"},"content":{"rendered":"\t\t<div data-elementor-type=\"wp-page\" data-elementor-id=\"3737\" class=\"elementor elementor-3737 elementor-1175\" data-elementor-post-type=\"page\">\n\t\t\t\t<div class=\"elementor-element elementor-element-7fe20beb e-flex e-con-boxed e-con e-parent\" data-id=\"7fe20beb\" data-element_type=\"container\" data-e-type=\"container\">\n\t\t\t\t\t<div class=\"e-con-inner\">\n\t\t\t\t<div class=\"elementor-element elementor-element-4c00f23 elementor-widget elementor-widget-image\" data-id=\"4c00f23\" data-element_type=\"widget\" data-e-type=\"widget\" data-widget_type=\"image.default\">\n\t\t\t\t<div class=\"elementor-widget-container\">\n\t\t\t\t\t\t\t\t\t\t\t\t\t\t\t<img fetchpriority=\"high\" decoding=\"async\" width=\"1024\" height=\"281\" src=\"https:\/\/henergylab.com\/wp-content\/uploads\/2025\/02\/3-coil-siteimage2-1024x281.jpg\" class=\"attachment-large size-large wp-image-1451\" alt=\"\" srcset=\"https:\/\/henergylab.com\/wp-content\/uploads\/2025\/02\/3-coil-siteimage2-1024x281.jpg 1024w, https:\/\/henergylab.com\/wp-content\/uploads\/2025\/02\/3-coil-siteimage2-scaled-504x138.jpg 504w, https:\/\/henergylab.com\/wp-content\/uploads\/2025\/02\/3-coil-siteimage2-300x82.jpg 300w, https:\/\/henergylab.com\/wp-content\/uploads\/2025\/02\/3-coil-siteimage2-768x211.jpg 768w, https:\/\/henergylab.com\/wp-content\/uploads\/2025\/02\/3-coil-siteimage2-1536x422.jpg 1536w, https:\/\/henergylab.com\/wp-content\/uploads\/2025\/02\/3-coil-siteimage2-2048x562.jpg 2048w\" sizes=\"(max-width: 1024px) 100vw, 1024px\" \/>\t\t\t\t\t\t\t\t\t\t\t\t\t\t\t<\/div>\n\t\t\t\t<\/div>\n\t\t\t\t\t<\/div>\n\t\t\t\t<\/div>\n\t\t<div class=\"elementor-element elementor-element-00080c3 e-flex e-con-boxed e-con e-parent\" data-id=\"00080c3\" data-element_type=\"container\" data-e-type=\"container\">\n\t\t\t\t\t<div class=\"e-con-inner\">\n\t\t\t\t<div class=\"elementor-element elementor-element-2809cec elementor-widget elementor-widget-heading\" data-id=\"2809cec\" data-element_type=\"widget\" data-e-type=\"widget\" data-widget_type=\"heading.default\">\n\t\t\t\t<div class=\"elementor-widget-container\">\n\t\t\t\t\t<h2 class=\"elementor-heading-title elementor-size-default\">C\u00f3mo usar las HenCoil<\/h2>\t\t\t\t<\/div>\n\t\t\t\t<\/div>\n\t\t\t\t\t<\/div>\n\t\t\t\t<\/div>\n\t\t<div class=\"elementor-element elementor-element-b04fac3 e-con-full e-flex e-con e-parent\" data-id=\"b04fac3\" data-element_type=\"container\" data-e-type=\"container\">\n\t\t<div class=\"elementor-element elementor-element-338f8ba e-flex e-con-boxed e-con e-child\" data-id=\"338f8ba\" data-element_type=\"container\" data-e-type=\"container\">\n\t\t\t\t\t<div class=\"e-con-inner\">\n\t\t\t\t<div class=\"elementor-element elementor-element-a09f49d elementor-widget elementor-widget-text-editor\" data-id=\"a09f49d\" data-element_type=\"widget\" data-e-type=\"widget\" data-widget_type=\"text-editor.default\">\n\t\t\t\t<div class=\"elementor-widget-container\">\n\t\t\t\t\t\t\t\t\t<p align=\"left\"><span style=\"font-size: medium;\"><img decoding=\"async\" class=\"size-full wp-image-3057 alignleft\" src=\"https:\/\/henergylab.com\/wp-content\/uploads\/2025\/06\/hencoil-Ametyst-Spooky2-300x244-1.webp\" alt=\"\" width=\"300\" height=\"244\"><\/span><\/p><h1 align=\"left\"> <\/h1><p align=\"left\"><span style=\"font-size: medium;\">Las bobinas HenCoil son principalmente dispositivos PEMF que generan campos magn\u00e9ticos pulsados mediante un generador de frecuencias o un amplificador de audio que reproduce frecuencias. El rango de frecuencias que se puede reproducir depende del sistema utilizado; con un generador de frecuencias, como SPooky2, puedes alcanzar los 50 MHz, si se usa un amplificador de audio el l\u00edmite es 20 kHz, el l\u00edmite de los sistemas de audio, es decir, la gama de frecuencias audibles, lo cual es muy v\u00e1lido y suficiente. Adem\u00e1s, si se usa una onda cuadrada, esta emite arm\u00f3nicos que van mucho m\u00e1s all\u00e1 de los 20 kHz. Entre los sistemas de audio se recomiendan amplificadores para smartphone, conectados por bluetooth o cable, con la app correspondiente, hay varias opciones v\u00e1lidas. En general, se recomienda usar un amplificador de unos 100 vatios de potencia en clase D, con un coste de unos 80 d\u00f3lares, o m\u00e1s si se desea algo mejor.  <img decoding=\"async\" class=\"wp-image-2979 alignleft\" src=\"https:\/\/henergylab.com\/wp-content\/uploads\/2025\/06\/fosi-amp-300x300.webp\" alt=\"\" width=\"234\" height=\"234\" srcset=\"https:\/\/henergylab.com\/wp-content\/uploads\/2025\/06\/fosi-amp-300x300.webp 300w, https:\/\/henergylab.com\/wp-content\/uploads\/2025\/06\/fosi-amp-150x150.webp 150w, https:\/\/henergylab.com\/wp-content\/uploads\/2025\/06\/fosi-amp-768x768.webp 768w, https:\/\/henergylab.com\/wp-content\/uploads\/2025\/06\/fosi-amp-600x600.webp 600w, https:\/\/henergylab.com\/wp-content\/uploads\/2025\/06\/fosi-amp-265x265.webp 265w, https:\/\/henergylab.com\/wp-content\/uploads\/2025\/06\/fosi-amp-504x504.webp 504w, https:\/\/henergylab.com\/wp-content\/uploads\/2025\/06\/fosi-amp-100x100.webp 100w, https:\/\/henergylab.com\/wp-content\/uploads\/2025\/06\/fosi-amp.webp 960w\" sizes=\"(max-width: 234px) 100vw, 234px\" \/><\/span><\/p><p><span style=\"font-size: medium;\">Para su uso con el generador Spooky2 se necesitan 2 cables BNC macho, mientras que para la conexi\u00f3n al amplificador de audio se necesitan adaptadores de BNC a banana o a cable pelado. La bobina puede prepararse, bajo petici\u00f3n, con conectores espec\u00edficos. <\/span><\/p><p><span style=\"font-size: medium;\">Hencoil es adecuada para usos terap\u00e9uticos como las aplicaciones PEMF empleando las frecuencias de la terapia Rife, puede usarse para estructurar el agua, imprimiendo<img loading=\"lazy\" decoding=\"async\" class=\"size-medium wp-image-3032 alignright\" src=\"https:\/\/henergylab.com\/wp-content\/uploads\/2025\/06\/Coil-water-structure-300x174.jpeg\" alt=\"\" width=\"300\" height=\"174\" srcset=\"https:\/\/henergylab.com\/wp-content\/uploads\/2025\/06\/Coil-water-structure-300x174.jpeg 300w, https:\/\/henergylab.com\/wp-content\/uploads\/2025\/06\/Coil-water-structure-1024x593.jpeg 1024w, https:\/\/henergylab.com\/wp-content\/uploads\/2025\/06\/Coil-water-structure-768x445.jpeg 768w, https:\/\/henergylab.com\/wp-content\/uploads\/2025\/06\/Coil-water-structure-1200x700.jpeg 1200w, https:\/\/henergylab.com\/wp-content\/uploads\/2025\/06\/Coil-water-structure-504x292.jpeg 504w, https:\/\/henergylab.com\/wp-content\/uploads\/2025\/06\/Coil-water-structure.jpeg 1384w\" sizes=\"(max-width: 300px) 100vw, 300px\" \/> frecuencias espec\u00edficas en ella, para imprimir pegatinas hologr\u00e1ficas,<img loading=\"lazy\" decoding=\"async\" class=\" wp-image-3028 alignleft\" src=\"https:\/\/henergylab.com\/wp-content\/uploads\/2025\/06\/stickers-olografici-199x300.jpeg\" alt=\"\" width=\"119\" height=\"180\" srcset=\"https:\/\/henergylab.com\/wp-content\/uploads\/2025\/06\/stickers-olografici-199x300.jpeg 199w, https:\/\/henergylab.com\/wp-content\/uploads\/2025\/06\/stickers-olografici-680x1024.jpeg 680w, https:\/\/henergylab.com\/wp-content\/uploads\/2025\/06\/stickers-olografici-504x759.jpeg 504w, https:\/\/henergylab.com\/wp-content\/uploads\/2025\/06\/stickers-olografici.jpeg 765w\" sizes=\"(max-width: 119px) 100vw, 119px\" \/> capaces de retener la informaci\u00f3n vibratoria e irradiarla dentro del campo energ\u00e9tico. El campo energ\u00e9tico sutil emitido lo convierte en un excelente dispositivo para usar en meditaciones o como armonizador energ\u00e9tico ambiental. <\/span><\/p>\t\t\t\t\t\t\t\t<\/div>\n\t\t\t\t<\/div>\n\t\t\t\t\t<\/div>\n\t\t\t\t<\/div>\n\t\t\t\t<\/div>\n\t\t<div class=\"elementor-element elementor-element-ec86b68 e-flex e-con-boxed e-con e-parent\" data-id=\"ec86b68\" data-element_type=\"container\" data-e-type=\"container\">\n\t\t\t\t\t<div class=\"e-con-inner\">\n\t\t\t\t\t<\/div>\n\t\t\t\t<\/div>\n\t\t\t\t<\/div>\n\t\t","protected":false},"excerpt":{"rendered":"<p>C\u00f3mo usar las HenCoil Las bobinas HenCoil son principalmente dispositivos PEMF que generan campos magn\u00e9ticos pulsados mediante un generador de frecuencias o un amplificador de audio que reproduce frecuencias. El rango de frecuencias que se puede reproducir depende del sistema utilizado; con un generador de frecuencias, como SPooky2, puedes alcanzar los 50 MHz, si se [&hellip;]<\/p>\n","protected":false},"author":1,"featured_media":0,"parent":0,"menu_order":0,"comment_status":"closed","ping_status":"closed","template":"","meta":{"ocean_post_layout":"","ocean_both_sidebars_style":"","ocean_both_sidebars_content_width":0,"ocean_both_sidebars_sidebars_width":0,"ocean_sidebar":"","ocean_second_sidebar":"","ocean_disable_margins":"enable","ocean_add_body_class":"","ocean_shortcode_before_top_bar":"","ocean_shortcode_after_top_bar":"","ocean_shortcode_before_header":"","ocean_shortcode_after_header":"","ocean_has_shortcode":"","ocean_shortcode_after_title":"","ocean_shortcode_before_footer_widgets":"","ocean_shortcode_after_footer_widgets":"","ocean_shortcode_before_footer_bottom":"","ocean_shortcode_after_footer_bottom":"","ocean_display_top_bar":"default","ocean_display_header":"default","ocean_header_style":"","ocean_center_header_left_menu":"","ocean_custom_header_template":"","ocean_custom_logo":0,"ocean_custom_retina_logo":0,"ocean_custom_logo_max_width":0,"ocean_custom_logo_tablet_max_width":0,"ocean_custom_logo_mobile_max_width":0,"ocean_custom_logo_max_height":0,"ocean_custom_logo_tablet_max_height":0,"ocean_custom_logo_mobile_max_height":0,"ocean_header_custom_menu":"","ocean_menu_typo_font_family":"","ocean_menu_typo_font_subset":"","ocean_menu_typo_font_size":0,"ocean_menu_typo_font_size_tablet":0,"ocean_menu_typo_font_size_mobile":0,"ocean_menu_typo_font_size_unit":"px","ocean_menu_typo_font_weight":"","ocean_menu_typo_font_weight_tablet":"","ocean_menu_typo_font_weight_mobile":"","ocean_menu_typo_transform":"","ocean_menu_typo_transform_tablet":"","ocean_menu_typo_transform_mobile":"","ocean_menu_typo_line_height":0,"ocean_menu_typo_line_height_tablet":0,"ocean_menu_typo_line_height_mobile":0,"ocean_menu_typo_line_height_unit":"","ocean_menu_typo_spacing":0,"ocean_menu_typo_spacing_tablet":0,"ocean_menu_typo_spacing_mobile":0,"ocean_menu_typo_spacing_unit":"","ocean_menu_link_color":"","ocean_menu_link_color_hover":"","ocean_menu_link_color_active":"","ocean_menu_link_background":"","ocean_menu_link_hover_background":"","ocean_menu_link_active_background":"","ocean_menu_social_links_bg":"","ocean_menu_social_hover_links_bg":"","ocean_menu_social_links_color":"","ocean_menu_social_hover_links_color":"","ocean_disable_title":"default","ocean_disable_heading":"default","ocean_post_title":"","ocean_post_subheading":"","ocean_post_title_style":"","ocean_post_title_background_color":"","ocean_post_title_background":0,"ocean_post_title_bg_image_position":"","ocean_post_title_bg_image_attachment":"","ocean_post_title_bg_image_repeat":"","ocean_post_title_bg_image_size":"","ocean_post_title_height":0,"ocean_post_title_bg_overlay":0.5,"ocean_post_title_bg_overlay_color":"","ocean_disable_breadcrumbs":"default","ocean_breadcrumbs_color":"","ocean_breadcrumbs_separator_color":"","ocean_breadcrumbs_links_color":"","ocean_breadcrumbs_links_hover_color":"","ocean_display_footer_widgets":"default","ocean_display_footer_bottom":"default","ocean_custom_footer_template":"","_glsr_average":0,"_glsr_ranking":0,"_glsr_reviews":0,"footnotes":""},"class_list":["post-3737","page","type-page","status-publish","hentry","entry","owp-thumbs-layout-vertical","owp-btn-normal","owp-tabs-layout-horizontal","has-no-thumbnails","has-product-nav"],"yoast_head":"<!-- This site is optimized with the Yoast SEO plugin v27.4 - https:\/\/yoast.com\/product\/yoast-seo-wordpress\/ -->\n<title>Uso de la Bobina - HEN<\/title>\n<meta name=\"robots\" content=\"index, follow, max-snippet:-1, max-image-preview:large, max-video-preview:-1\" \/>\n<link rel=\"canonical\" href=\"https:\/\/henergylab.com\/es\/uso-de-la-bobina\/\" \/>\n<meta property=\"og:locale\" content=\"es_ES\" \/>\n<meta property=\"og:type\" content=\"article\" \/>\n<meta property=\"og:title\" content=\"Uso de la Bobina - HEN\" \/>\n<meta property=\"og:description\" content=\"C\u00f3mo usar las HenCoil Las bobinas HenCoil son principalmente dispositivos PEMF que generan campos magn\u00e9ticos pulsados mediante un generador de frecuencias o un amplificador de audio que reproduce frecuencias. El rango de frecuencias que se puede reproducir depende del sistema utilizado; con un generador de frecuencias, como SPooky2, puedes alcanzar los 50 MHz, si se [&hellip;]\" \/>\n<meta property=\"og:url\" content=\"https:\/\/henergylab.com\/es\/uso-de-la-bobina\/\" \/>\n<meta property=\"og:site_name\" content=\"HEN\" \/>\n<meta property=\"article:modified_time\" content=\"2025-10-28T23:47:46+00:00\" \/>\n<meta property=\"og:image\" content=\"https:\/\/henergylab.com\/wp-content\/uploads\/2025\/02\/3-coil-siteimage2-scaled.jpg\" \/>\n\t<meta property=\"og:image:width\" content=\"2560\" \/>\n\t<meta property=\"og:image:height\" content=\"703\" \/>\n\t<meta property=\"og:image:type\" content=\"image\/jpeg\" \/>\n<meta name=\"twitter:card\" content=\"summary_large_image\" \/>\n<meta name=\"twitter:label1\" content=\"Tiempo de lectura\" \/>\n\t<meta name=\"twitter:data1\" content=\"1 minuto\" \/>\n<script type=\"application\/ld+json\" class=\"yoast-schema-graph\">{\"@context\":\"https:\\\/\\\/schema.org\",\"@graph\":[{\"@type\":\"WebPage\",\"@id\":\"https:\\\/\\\/henergylab.com\\\/es\\\/uso-de-la-bobina\\\/\",\"url\":\"https:\\\/\\\/henergylab.com\\\/es\\\/uso-de-la-bobina\\\/\",\"name\":\"Uso de la Bobina - HEN\",\"isPartOf\":{\"@id\":\"https:\\\/\\\/henergylab.com\\\/es\\\/#website\"},\"primaryImageOfPage\":{\"@id\":\"https:\\\/\\\/henergylab.com\\\/es\\\/uso-de-la-bobina\\\/#primaryimage\"},\"image\":{\"@id\":\"https:\\\/\\\/henergylab.com\\\/es\\\/uso-de-la-bobina\\\/#primaryimage\"},\"thumbnailUrl\":\"https:\\\/\\\/henergylab.com\\\/wp-content\\\/uploads\\\/2025\\\/02\\\/3-coil-siteimage2-1024x281.jpg\",\"datePublished\":\"2025-01-14T23:31:33+00:00\",\"dateModified\":\"2025-10-28T23:47:46+00:00\",\"breadcrumb\":{\"@id\":\"https:\\\/\\\/henergylab.com\\\/es\\\/uso-de-la-bobina\\\/#breadcrumb\"},\"inLanguage\":\"es\",\"potentialAction\":[{\"@type\":\"ReadAction\",\"target\":[\"https:\\\/\\\/henergylab.com\\\/es\\\/uso-de-la-bobina\\\/\"]}]},{\"@type\":\"ImageObject\",\"inLanguage\":\"es\",\"@id\":\"https:\\\/\\\/henergylab.com\\\/es\\\/uso-de-la-bobina\\\/#primaryimage\",\"url\":\"https:\\\/\\\/henergylab.com\\\/wp-content\\\/uploads\\\/2025\\\/02\\\/3-coil-siteimage2-1024x281.jpg\",\"contentUrl\":\"https:\\\/\\\/henergylab.com\\\/wp-content\\\/uploads\\\/2025\\\/02\\\/3-coil-siteimage2-1024x281.jpg\"},{\"@type\":\"BreadcrumbList\",\"@id\":\"https:\\\/\\\/henergylab.com\\\/es\\\/uso-de-la-bobina\\\/#breadcrumb\",\"itemListElement\":[{\"@type\":\"ListItem\",\"position\":1,\"name\":\"Home\",\"item\":\"https:\\\/\\\/henergylab.com\\\/es\\\/\"},{\"@type\":\"ListItem\",\"position\":2,\"name\":\"Uso de la Bobina\"}]},{\"@type\":\"WebSite\",\"@id\":\"https:\\\/\\\/henergylab.com\\\/es\\\/#website\",\"url\":\"https:\\\/\\\/henergylab.com\\\/es\\\/\",\"name\":\"henergylab\",\"description\":\"\",\"publisher\":{\"@id\":\"https:\\\/\\\/henergylab.com\\\/es\\\/#organization\"},\"potentialAction\":[{\"@type\":\"SearchAction\",\"target\":{\"@type\":\"EntryPoint\",\"urlTemplate\":\"https:\\\/\\\/henergylab.com\\\/es\\\/?s={search_term_string}\"},\"query-input\":{\"@type\":\"PropertyValueSpecification\",\"valueRequired\":true,\"valueName\":\"search_term_string\"}}],\"inLanguage\":\"es\"},{\"@type\":\"Organization\",\"@id\":\"https:\\\/\\\/henergylab.com\\\/es\\\/#organization\",\"name\":\"HEN\",\"url\":\"https:\\\/\\\/henergylab.com\\\/es\\\/\",\"logo\":{\"@type\":\"ImageObject\",\"inLanguage\":\"es\",\"@id\":\"https:\\\/\\\/henergylab.com\\\/es\\\/#\\\/schema\\\/logo\\\/image\\\/\",\"url\":\"https:\\\/\\\/henergylab.com\\\/wp-content\\\/uploads\\\/2025\\\/07\\\/Henergylab-logo-scritta-nera-1.png\",\"contentUrl\":\"https:\\\/\\\/henergylab.com\\\/wp-content\\\/uploads\\\/2025\\\/07\\\/Henergylab-logo-scritta-nera-1.png\",\"width\":128,\"height\":128,\"caption\":\"HEN\"},\"image\":{\"@id\":\"https:\\\/\\\/henergylab.com\\\/es\\\/#\\\/schema\\\/logo\\\/image\\\/\"}}]}<\/script>\n<!-- \/ Yoast SEO plugin. -->","yoast_head_json":{"title":"Uso de la Bobina - HEN","robots":{"index":"index","follow":"follow","max-snippet":"max-snippet:-1","max-image-preview":"max-image-preview:large","max-video-preview":"max-video-preview:-1"},"canonical":"https:\/\/henergylab.com\/es\/uso-de-la-bobina\/","og_locale":"es_ES","og_type":"article","og_title":"Uso de la Bobina - HEN","og_description":"C\u00f3mo usar las HenCoil Las bobinas HenCoil son principalmente dispositivos PEMF que generan campos magn\u00e9ticos pulsados mediante un generador de frecuencias o un amplificador de audio que reproduce frecuencias. El rango de frecuencias que se puede reproducir depende del sistema utilizado; con un generador de frecuencias, como SPooky2, puedes alcanzar los 50 MHz, si se [&hellip;]","og_url":"https:\/\/henergylab.com\/es\/uso-de-la-bobina\/","og_site_name":"HEN","article_modified_time":"2025-10-28T23:47:46+00:00","og_image":[{"width":2560,"height":703,"url":"https:\/\/henergylab.com\/wp-content\/uploads\/2025\/02\/3-coil-siteimage2-scaled.jpg","type":"image\/jpeg"}],"twitter_card":"summary_large_image","twitter_misc":{"Tiempo de lectura":"1 minuto"},"schema":{"@context":"https:\/\/schema.org","@graph":[{"@type":"WebPage","@id":"https:\/\/henergylab.com\/es\/uso-de-la-bobina\/","url":"https:\/\/henergylab.com\/es\/uso-de-la-bobina\/","name":"Uso de la Bobina - HEN","isPartOf":{"@id":"https:\/\/henergylab.com\/es\/#website"},"primaryImageOfPage":{"@id":"https:\/\/henergylab.com\/es\/uso-de-la-bobina\/#primaryimage"},"image":{"@id":"https:\/\/henergylab.com\/es\/uso-de-la-bobina\/#primaryimage"},"thumbnailUrl":"https:\/\/henergylab.com\/wp-content\/uploads\/2025\/02\/3-coil-siteimage2-1024x281.jpg","datePublished":"2025-01-14T23:31:33+00:00","dateModified":"2025-10-28T23:47:46+00:00","breadcrumb":{"@id":"https:\/\/henergylab.com\/es\/uso-de-la-bobina\/#breadcrumb"},"inLanguage":"es","potentialAction":[{"@type":"ReadAction","target":["https:\/\/henergylab.com\/es\/uso-de-la-bobina\/"]}]},{"@type":"ImageObject","inLanguage":"es","@id":"https:\/\/henergylab.com\/es\/uso-de-la-bobina\/#primaryimage","url":"https:\/\/henergylab.com\/wp-content\/uploads\/2025\/02\/3-coil-siteimage2-1024x281.jpg","contentUrl":"https:\/\/henergylab.com\/wp-content\/uploads\/2025\/02\/3-coil-siteimage2-1024x281.jpg"},{"@type":"BreadcrumbList","@id":"https:\/\/henergylab.com\/es\/uso-de-la-bobina\/#breadcrumb","itemListElement":[{"@type":"ListItem","position":1,"name":"Home","item":"https:\/\/henergylab.com\/es\/"},{"@type":"ListItem","position":2,"name":"Uso de la Bobina"}]},{"@type":"WebSite","@id":"https:\/\/henergylab.com\/es\/#website","url":"https:\/\/henergylab.com\/es\/","name":"henergylab","description":"","publisher":{"@id":"https:\/\/henergylab.com\/es\/#organization"},"potentialAction":[{"@type":"SearchAction","target":{"@type":"EntryPoint","urlTemplate":"https:\/\/henergylab.com\/es\/?s={search_term_string}"},"query-input":{"@type":"PropertyValueSpecification","valueRequired":true,"valueName":"search_term_string"}}],"inLanguage":"es"},{"@type":"Organization","@id":"https:\/\/henergylab.com\/es\/#organization","name":"HEN","url":"https:\/\/henergylab.com\/es\/","logo":{"@type":"ImageObject","inLanguage":"es","@id":"https:\/\/henergylab.com\/es\/#\/schema\/logo\/image\/","url":"https:\/\/henergylab.com\/wp-content\/uploads\/2025\/07\/Henergylab-logo-scritta-nera-1.png","contentUrl":"https:\/\/henergylab.com\/wp-content\/uploads\/2025\/07\/Henergylab-logo-scritta-nera-1.png","width":128,"height":128,"caption":"HEN"},"image":{"@id":"https:\/\/henergylab.com\/es\/#\/schema\/logo\/image\/"}}]}},"_links":{"self":[{"href":"https:\/\/henergylab.com\/es\/wp-json\/wp\/v2\/pages\/3737","targetHints":{"allow":["GET"]}}],"collection":[{"href":"https:\/\/henergylab.com\/es\/wp-json\/wp\/v2\/pages"}],"about":[{"href":"https:\/\/henergylab.com\/es\/wp-json\/wp\/v2\/types\/page"}],"author":[{"embeddable":true,"href":"https:\/\/henergylab.com\/es\/wp-json\/wp\/v2\/users\/1"}],"replies":[{"embeddable":true,"href":"https:\/\/henergylab.com\/es\/wp-json\/wp\/v2\/comments?post=3737"}],"version-history":[{"count":1,"href":"https:\/\/henergylab.com\/es\/wp-json\/wp\/v2\/pages\/3737\/revisions"}],"predecessor-version":[{"id":3740,"href":"https:\/\/henergylab.com\/es\/wp-json\/wp\/v2\/pages\/3737\/revisions\/3740"}],"wp:attachment":[{"href":"https:\/\/henergylab.com\/es\/wp-json\/wp\/v2\/media?parent=3737"}],"curies":[{"name":"wp","href":"https:\/\/api.w.org\/{rel}","templated":true}]}}