{"id":3821,"date":"2025-02-11T23:45:16","date_gmt":"2025-02-11T23:45:16","guid":{"rendered":"https:\/\/henergylab.com\/drived-orgonite\/"},"modified":"2025-10-28T23:54:27","modified_gmt":"2025-10-28T23:54:27","slug":"drived-orgonite","status":"publish","type":"page","link":"https:\/\/henergylab.com\/es\/productos\/drived-orgonite\/","title":{"rendered":"Drived Orgonite"},"content":{"rendered":"\t\t<div data-elementor-type=\"wp-page\" data-elementor-id=\"3821\" class=\"elementor elementor-3821 elementor-1526\" data-elementor-post-type=\"page\">\n\t\t\t\t<div class=\"elementor-element elementor-element-38e79b9 e-con-full e-flex e-con e-parent\" data-id=\"38e79b9\" data-element_type=\"container\" data-e-type=\"container\">\n\t\t\t\t<div class=\"elementor-element elementor-element-82ba3bf elementor-widget__width-initial elementor-widget elementor-widget-text-editor\" data-id=\"82ba3bf\" data-element_type=\"widget\" data-e-type=\"widget\" data-widget_type=\"text-editor.default\">\n\t\t\t\t<div class=\"elementor-widget-container\">\n\t\t\t\t\t\t\t\t\t<h1 style=\"text-align: left;\">Dispositivos en Orgonite Activos<\/h1><h3 style=\"text-align: left;\">Drived Orgonite  <\/h3><p>Los dispositivos Drived Orgonite est\u00e1n dise\u00f1ados para acumular, conservar y liberar energ\u00eda et\u00e9rica, una energ\u00eda sutil e invisible, conocida principalmente como Qi o Prana, o energ\u00eda del punto cero, energ\u00eda taki\u00f3nica u ondas escalares. El org\u00f3n, seg\u00fan la visi\u00f3n del investigador Wilhelm Reich, es un aspecto de la energ\u00eda que permea todo el universo, es una forma de energ\u00eda vital que permea todo el universo. Los dispositivos org\u00f3nicos activos, a trav\u00e9s de caracter\u00edsticas y materiales espec\u00edficos, tienen como objetivo equilibrar y armonizar esta energ\u00eda, contribuyendo a mejorar el ambiente circundante.<\/p><p><img fetchpriority=\"high\" decoding=\"async\" class=\"size-medium wp-image-1531 alignleft\" src=\"https:\/\/henergylab.com\/wp-content\/uploads\/2025\/02\/Ufo5-249x300.jpg\" alt=\"\" width=\"249\" height=\"300\" srcset=\"https:\/\/henergylab.com\/wp-content\/uploads\/2025\/02\/Ufo5-249x300.jpg 249w, https:\/\/henergylab.com\/wp-content\/uploads\/2025\/02\/Ufo5-504x606.jpg 504w, https:\/\/henergylab.com\/wp-content\/uploads\/2025\/02\/Ufo5-851x1024.jpg 851w, https:\/\/henergylab.com\/wp-content\/uploads\/2025\/02\/Ufo5-768x924.jpg 768w, https:\/\/henergylab.com\/wp-content\/uploads\/2025\/02\/Ufo5-1277x1536.jpg 1277w, https:\/\/henergylab.com\/wp-content\/uploads\/2025\/02\/Ufo5-1703x2048.jpg 1703w, https:\/\/henergylab.com\/wp-content\/uploads\/2025\/02\/Ufo5.jpg 1836w\" sizes=\"(max-width: 249px) 100vw, 249px\" \/>Un dispositivo Drived Orgonite funciona como un acumulador de energ\u00eda org\u00f3nica. En su interior, materiales como cristales de cuarzo, resina y metales crean las condiciones para atraer y liberar la energ\u00eda et\u00e9rica en un movimiento continuo. Estos dispositivos est\u00e1n dise\u00f1ados para mantener un flujo continuo de energ\u00eda, evitando el estancamiento que congestionar\u00eda dicho flujo de energ\u00edas, haci\u00e9ndolas nocivas o no en l\u00ednea con el flujo natural.<\/p><p>Uno de los aspectos distintivos de los dispositivos Drived Orgonite es la presencia de campo electromagn\u00e9tico pulsado, a trav\u00e9s de una bobina, por lo tanto, campo electromagn\u00e9tico pulsado, se crea una interacci\u00f3n entre campo electromagn\u00e9tico y campo energ\u00e9tico sutil. Esta interacci\u00f3n amplifica la acci\u00f3n de acumulaci\u00f3n y liberaci\u00f3n de la energ\u00eda, modul\u00e1ndola sobre la frecuencia utilizada.<\/p><p>La capacidad de modular la energ\u00eda acumulada, gracias a la bobina y a la espec\u00edfica geometr\u00eda de la estructura, permite adaptar el dispositivo a varias necesidades. Dependiendo de la frecuencia utilizada, la energ\u00eda liberada puede ser orientada hacia diferentes formas de bienestar, como la mejora del humor, la protecci\u00f3n contra las radiaciones electromagn\u00e9ticas, o el fortalecimiento de la energ\u00eda vital.<\/p><hr><h3> <\/h3><h3 class=\"western\" style=\"text-align: left;\"><strong>Geometr\u00eda Sagrada y Materiales  <\/strong><\/h3><p>Un principio fundamental del dise\u00f1o de estos dispositivos es su construcci\u00f3n seg\u00fan los principios de geometr\u00eda sagrada, un sistema que se basa en formas geom\u00e9tricas y proporciones que se encuentran en la naturaleza seg\u00fan el cual las energ\u00edas se mueven. El uso de estas formas permite que la energ\u00eda fluya de manera armoniosa, es decir, seg\u00fan los principios de la naturaleza, la de la m\u00e1xima eficiencia y m\u00ednimo esfuerzo, seg\u00fan los principios del PHI y la secuencia Fibonacci, evitando que se creen \u00abbloques\u00bb energ\u00e9ticos. La combinaci\u00f3n de materiales como cristales de cuarzo y resinas especiales ayuda a recoger y liberar la energ\u00eda et\u00e9rica de manera m\u00e1s eficiente.<\/p><p>La capacidad de modular la energ\u00eda acumulada, gracias a la bobina y a la espec\u00edfica geometr\u00eda de la estructura, permite adaptar el dispositivo a varias necesidades. Dependiendo de la frecuencia utilizada, la energ\u00eda liberada puede ser orientada hacia diferentes formas de bienestar, como la mejora del humor, la protecci\u00f3n contra las radiaciones electromagn\u00e9ticas, o el fortalecimiento de la energ\u00eda vital.<\/p><p>En s\u00edntesis, los dispositivos Drived Orgonite est\u00e1n indicados para varios prop\u00f3sitos, principalmente como armonizadores ambientales para contrarrestar el efecto de <strong>radiaciones electromagn\u00e9ticas<\/strong> <strong>y <\/strong><strong>ayuda a equilibrar la energ\u00eda circundante, mejorando la calidad del ambiente y promoviendo una sensaci\u00f3n de bienestar.<\/strong><\/p>\t\t\t\t\t\t\t\t<\/div>\n\t\t\t\t<\/div>\n\t\t\t\t<\/div>\n\t\t<div class=\"elementor-element elementor-element-e8c4472 e-flex e-con-boxed e-con e-parent\" data-id=\"e8c4472\" data-element_type=\"container\" data-e-type=\"container\">\n\t\t\t\t\t<div class=\"e-con-inner\">\n\t\t\t\t\t<\/div>\n\t\t\t\t<\/div>\n\t\t\t\t<\/div>\n\t\t","protected":false},"excerpt":{"rendered":"<p>Dispositivos en Orgonite Activos Drived Orgonite Los dispositivos Drived Orgonite est\u00e1n dise\u00f1ados para acumular, conservar y liberar energ\u00eda et\u00e9rica, una energ\u00eda sutil e invisible, conocida principalmente como Qi o Prana, o energ\u00eda del punto cero, energ\u00eda taki\u00f3nica u ondas escalares. El org\u00f3n, seg\u00fan la visi\u00f3n del investigador Wilhelm Reich, es un aspecto de la energ\u00eda [&hellip;]<\/p>\n","protected":false},"author":1,"featured_media":0,"parent":4037,"menu_order":0,"comment_status":"closed","ping_status":"closed","template":"","meta":{"ocean_post_layout":"","ocean_both_sidebars_style":"","ocean_both_sidebars_content_width":0,"ocean_both_sidebars_sidebars_width":0,"ocean_sidebar":"","ocean_second_sidebar":"","ocean_disable_margins":"enable","ocean_add_body_class":"","ocean_shortcode_before_top_bar":"","ocean_shortcode_after_top_bar":"","ocean_shortcode_before_header":"","ocean_shortcode_after_header":"","ocean_has_shortcode":"","ocean_shortcode_after_title":"","ocean_shortcode_before_footer_widgets":"","ocean_shortcode_after_footer_widgets":"","ocean_shortcode_before_footer_bottom":"","ocean_shortcode_after_footer_bottom":"","ocean_display_top_bar":"default","ocean_display_header":"default","ocean_header_style":"","ocean_center_header_left_menu":"","ocean_custom_header_template":"","ocean_custom_logo":0,"ocean_custom_retina_logo":0,"ocean_custom_logo_max_width":0,"ocean_custom_logo_tablet_max_width":0,"ocean_custom_logo_mobile_max_width":0,"ocean_custom_logo_max_height":0,"ocean_custom_logo_tablet_max_height":0,"ocean_custom_logo_mobile_max_height":0,"ocean_header_custom_menu":"","ocean_menu_typo_font_family":"","ocean_menu_typo_font_subset":"","ocean_menu_typo_font_size":0,"ocean_menu_typo_font_size_tablet":0,"ocean_menu_typo_font_size_mobile":0,"ocean_menu_typo_font_size_unit":"px","ocean_menu_typo_font_weight":"","ocean_menu_typo_font_weight_tablet":"","ocean_menu_typo_font_weight_mobile":"","ocean_menu_typo_transform":"","ocean_menu_typo_transform_tablet":"","ocean_menu_typo_transform_mobile":"","ocean_menu_typo_line_height":0,"ocean_menu_typo_line_height_tablet":0,"ocean_menu_typo_line_height_mobile":0,"ocean_menu_typo_line_height_unit":"","ocean_menu_typo_spacing":0,"ocean_menu_typo_spacing_tablet":0,"ocean_menu_typo_spacing_mobile":0,"ocean_menu_typo_spacing_unit":"","ocean_menu_link_color":"","ocean_menu_link_color_hover":"","ocean_menu_link_color_active":"","ocean_menu_link_background":"","ocean_menu_link_hover_background":"","ocean_menu_link_active_background":"","ocean_menu_social_links_bg":"","ocean_menu_social_hover_links_bg":"","ocean_menu_social_links_color":"","ocean_menu_social_hover_links_color":"","ocean_disable_title":"default","ocean_disable_heading":"default","ocean_post_title":"","ocean_post_subheading":"","ocean_post_title_style":"","ocean_post_title_background_color":"","ocean_post_title_background":0,"ocean_post_title_bg_image_position":"","ocean_post_title_bg_image_attachment":"","ocean_post_title_bg_image_repeat":"","ocean_post_title_bg_image_size":"","ocean_post_title_height":0,"ocean_post_title_bg_overlay":0.5,"ocean_post_title_bg_overlay_color":"","ocean_disable_breadcrumbs":"default","ocean_breadcrumbs_color":"","ocean_breadcrumbs_separator_color":"","ocean_breadcrumbs_links_color":"","ocean_breadcrumbs_links_hover_color":"","ocean_display_footer_widgets":"default","ocean_display_footer_bottom":"default","ocean_custom_footer_template":"","_glsr_average":0,"_glsr_ranking":0,"_glsr_reviews":0,"footnotes":""},"class_list":["post-3821","page","type-page","status-publish","hentry","entry","owp-thumbs-layout-vertical","owp-btn-normal","owp-tabs-layout-horizontal","has-no-thumbnails","has-product-nav"],"yoast_head":"<!-- This site is optimized with the Yoast SEO plugin v27.4 - https:\/\/yoast.com\/product\/yoast-seo-wordpress\/ -->\n<title>Drived Orgonite - HEN<\/title>\n<meta name=\"description\" content=\"Drived Orgonite u Orgonitas Activas estimuladas mediante bobinas escalares con frecuencias electromagn\u00e9ticas y luminosas\" \/>\n<meta name=\"robots\" content=\"index, follow, max-snippet:-1, max-image-preview:large, max-video-preview:-1\" \/>\n<link rel=\"canonical\" href=\"https:\/\/henergylab.com\/es\/productos\/drived-orgonite\/\" \/>\n<meta property=\"og:locale\" content=\"es_ES\" \/>\n<meta property=\"og:type\" content=\"article\" \/>\n<meta property=\"og:title\" content=\"Drived Orgonite - HEN\" \/>\n<meta property=\"og:description\" content=\"Drived Orgonite u Orgonitas Activas estimuladas mediante bobinas escalares con frecuencias electromagn\u00e9ticas y luminosas\" \/>\n<meta property=\"og:url\" content=\"https:\/\/henergylab.com\/es\/productos\/drived-orgonite\/\" \/>\n<meta property=\"og:site_name\" content=\"HEN\" \/>\n<meta property=\"article:modified_time\" content=\"2025-10-28T23:54:27+00:00\" \/>\n<meta property=\"og:image\" content=\"https:\/\/henergylab.com\/wp-content\/uploads\/2025\/02\/Ufo5.jpg\" \/>\n\t<meta property=\"og:image:width\" content=\"1836\" \/>\n\t<meta property=\"og:image:height\" content=\"2208\" \/>\n\t<meta property=\"og:image:type\" content=\"image\/jpeg\" \/>\n<meta name=\"twitter:card\" content=\"summary_large_image\" \/>\n<meta name=\"twitter:label1\" content=\"Tiempo de lectura\" \/>\n\t<meta name=\"twitter:data1\" content=\"3 minutos\" \/>\n<script type=\"application\/ld+json\" class=\"yoast-schema-graph\">{\"@context\":\"https:\\\/\\\/schema.org\",\"@graph\":[{\"@type\":\"WebPage\",\"@id\":\"https:\\\/\\\/henergylab.com\\\/es\\\/productos\\\/drived-orgonite\\\/\",\"url\":\"https:\\\/\\\/henergylab.com\\\/es\\\/productos\\\/drived-orgonite\\\/\",\"name\":\"Drived Orgonite - HEN\",\"isPartOf\":{\"@id\":\"https:\\\/\\\/henergylab.com\\\/es\\\/#website\"},\"primaryImageOfPage\":{\"@id\":\"https:\\\/\\\/henergylab.com\\\/es\\\/productos\\\/drived-orgonite\\\/#primaryimage\"},\"image\":{\"@id\":\"https:\\\/\\\/henergylab.com\\\/es\\\/productos\\\/drived-orgonite\\\/#primaryimage\"},\"thumbnailUrl\":\"https:\\\/\\\/henergylab.com\\\/wp-content\\\/uploads\\\/2025\\\/02\\\/Ufo5-249x300.jpg\",\"datePublished\":\"2025-02-11T23:45:16+00:00\",\"dateModified\":\"2025-10-28T23:54:27+00:00\",\"description\":\"Drived Orgonite u Orgonitas Activas estimuladas mediante bobinas escalares con frecuencias electromagn\u00e9ticas y luminosas\",\"breadcrumb\":{\"@id\":\"https:\\\/\\\/henergylab.com\\\/es\\\/productos\\\/drived-orgonite\\\/#breadcrumb\"},\"inLanguage\":\"es\",\"potentialAction\":[{\"@type\":\"ReadAction\",\"target\":[\"https:\\\/\\\/henergylab.com\\\/es\\\/productos\\\/drived-orgonite\\\/\"]}]},{\"@type\":\"ImageObject\",\"inLanguage\":\"es\",\"@id\":\"https:\\\/\\\/henergylab.com\\\/es\\\/productos\\\/drived-orgonite\\\/#primaryimage\",\"url\":\"https:\\\/\\\/henergylab.com\\\/wp-content\\\/uploads\\\/2025\\\/02\\\/Ufo5-249x300.jpg\",\"contentUrl\":\"https:\\\/\\\/henergylab.com\\\/wp-content\\\/uploads\\\/2025\\\/02\\\/Ufo5-249x300.jpg\"},{\"@type\":\"BreadcrumbList\",\"@id\":\"https:\\\/\\\/henergylab.com\\\/es\\\/productos\\\/drived-orgonite\\\/#breadcrumb\",\"itemListElement\":[{\"@type\":\"ListItem\",\"position\":1,\"name\":\"Home\",\"item\":\"https:\\\/\\\/henergylab.com\\\/es\\\/\"},{\"@type\":\"ListItem\",\"position\":2,\"name\":\"Productos\",\"item\":\"https:\\\/\\\/henergylab.com\\\/es\\\/prodotti\\\/\"},{\"@type\":\"ListItem\",\"position\":3,\"name\":\"Drived Orgonite\"}]},{\"@type\":\"WebSite\",\"@id\":\"https:\\\/\\\/henergylab.com\\\/es\\\/#website\",\"url\":\"https:\\\/\\\/henergylab.com\\\/es\\\/\",\"name\":\"henergylab\",\"description\":\"\",\"publisher\":{\"@id\":\"https:\\\/\\\/henergylab.com\\\/es\\\/#organization\"},\"potentialAction\":[{\"@type\":\"SearchAction\",\"target\":{\"@type\":\"EntryPoint\",\"urlTemplate\":\"https:\\\/\\\/henergylab.com\\\/es\\\/?s={search_term_string}\"},\"query-input\":{\"@type\":\"PropertyValueSpecification\",\"valueRequired\":true,\"valueName\":\"search_term_string\"}}],\"inLanguage\":\"es\"},{\"@type\":\"Organization\",\"@id\":\"https:\\\/\\\/henergylab.com\\\/es\\\/#organization\",\"name\":\"HEN\",\"url\":\"https:\\\/\\\/henergylab.com\\\/es\\\/\",\"logo\":{\"@type\":\"ImageObject\",\"inLanguage\":\"es\",\"@id\":\"https:\\\/\\\/henergylab.com\\\/es\\\/#\\\/schema\\\/logo\\\/image\\\/\",\"url\":\"https:\\\/\\\/henergylab.com\\\/wp-content\\\/uploads\\\/2025\\\/07\\\/Henergylab-logo-scritta-nera-1.png\",\"contentUrl\":\"https:\\\/\\\/henergylab.com\\\/wp-content\\\/uploads\\\/2025\\\/07\\\/Henergylab-logo-scritta-nera-1.png\",\"width\":128,\"height\":128,\"caption\":\"HEN\"},\"image\":{\"@id\":\"https:\\\/\\\/henergylab.com\\\/es\\\/#\\\/schema\\\/logo\\\/image\\\/\"}}]}<\/script>\n<!-- \/ Yoast SEO plugin. -->","yoast_head_json":{"title":"Drived Orgonite - HEN","description":"Drived Orgonite u Orgonitas Activas estimuladas mediante bobinas escalares con frecuencias electromagn\u00e9ticas y luminosas","robots":{"index":"index","follow":"follow","max-snippet":"max-snippet:-1","max-image-preview":"max-image-preview:large","max-video-preview":"max-video-preview:-1"},"canonical":"https:\/\/henergylab.com\/es\/productos\/drived-orgonite\/","og_locale":"es_ES","og_type":"article","og_title":"Drived Orgonite - HEN","og_description":"Drived Orgonite u Orgonitas Activas estimuladas mediante bobinas escalares con frecuencias electromagn\u00e9ticas y luminosas","og_url":"https:\/\/henergylab.com\/es\/productos\/drived-orgonite\/","og_site_name":"HEN","article_modified_time":"2025-10-28T23:54:27+00:00","og_image":[{"width":1836,"height":2208,"url":"https:\/\/henergylab.com\/wp-content\/uploads\/2025\/02\/Ufo5.jpg","type":"image\/jpeg"}],"twitter_card":"summary_large_image","twitter_misc":{"Tiempo de lectura":"3 minutos"},"schema":{"@context":"https:\/\/schema.org","@graph":[{"@type":"WebPage","@id":"https:\/\/henergylab.com\/es\/productos\/drived-orgonite\/","url":"https:\/\/henergylab.com\/es\/productos\/drived-orgonite\/","name":"Drived Orgonite - HEN","isPartOf":{"@id":"https:\/\/henergylab.com\/es\/#website"},"primaryImageOfPage":{"@id":"https:\/\/henergylab.com\/es\/productos\/drived-orgonite\/#primaryimage"},"image":{"@id":"https:\/\/henergylab.com\/es\/productos\/drived-orgonite\/#primaryimage"},"thumbnailUrl":"https:\/\/henergylab.com\/wp-content\/uploads\/2025\/02\/Ufo5-249x300.jpg","datePublished":"2025-02-11T23:45:16+00:00","dateModified":"2025-10-28T23:54:27+00:00","description":"Drived Orgonite u Orgonitas Activas estimuladas mediante bobinas escalares con frecuencias electromagn\u00e9ticas y luminosas","breadcrumb":{"@id":"https:\/\/henergylab.com\/es\/productos\/drived-orgonite\/#breadcrumb"},"inLanguage":"es","potentialAction":[{"@type":"ReadAction","target":["https:\/\/henergylab.com\/es\/productos\/drived-orgonite\/"]}]},{"@type":"ImageObject","inLanguage":"es","@id":"https:\/\/henergylab.com\/es\/productos\/drived-orgonite\/#primaryimage","url":"https:\/\/henergylab.com\/wp-content\/uploads\/2025\/02\/Ufo5-249x300.jpg","contentUrl":"https:\/\/henergylab.com\/wp-content\/uploads\/2025\/02\/Ufo5-249x300.jpg"},{"@type":"BreadcrumbList","@id":"https:\/\/henergylab.com\/es\/productos\/drived-orgonite\/#breadcrumb","itemListElement":[{"@type":"ListItem","position":1,"name":"Home","item":"https:\/\/henergylab.com\/es\/"},{"@type":"ListItem","position":2,"name":"Productos","item":"https:\/\/henergylab.com\/es\/prodotti\/"},{"@type":"ListItem","position":3,"name":"Drived Orgonite"}]},{"@type":"WebSite","@id":"https:\/\/henergylab.com\/es\/#website","url":"https:\/\/henergylab.com\/es\/","name":"henergylab","description":"","publisher":{"@id":"https:\/\/henergylab.com\/es\/#organization"},"potentialAction":[{"@type":"SearchAction","target":{"@type":"EntryPoint","urlTemplate":"https:\/\/henergylab.com\/es\/?s={search_term_string}"},"query-input":{"@type":"PropertyValueSpecification","valueRequired":true,"valueName":"search_term_string"}}],"inLanguage":"es"},{"@type":"Organization","@id":"https:\/\/henergylab.com\/es\/#organization","name":"HEN","url":"https:\/\/henergylab.com\/es\/","logo":{"@type":"ImageObject","inLanguage":"es","@id":"https:\/\/henergylab.com\/es\/#\/schema\/logo\/image\/","url":"https:\/\/henergylab.com\/wp-content\/uploads\/2025\/07\/Henergylab-logo-scritta-nera-1.png","contentUrl":"https:\/\/henergylab.com\/wp-content\/uploads\/2025\/07\/Henergylab-logo-scritta-nera-1.png","width":128,"height":128,"caption":"HEN"},"image":{"@id":"https:\/\/henergylab.com\/es\/#\/schema\/logo\/image\/"}}]}},"_links":{"self":[{"href":"https:\/\/henergylab.com\/es\/wp-json\/wp\/v2\/pages\/3821","targetHints":{"allow":["GET"]}}],"collection":[{"href":"https:\/\/henergylab.com\/es\/wp-json\/wp\/v2\/pages"}],"about":[{"href":"https:\/\/henergylab.com\/es\/wp-json\/wp\/v2\/types\/page"}],"author":[{"embeddable":true,"href":"https:\/\/henergylab.com\/es\/wp-json\/wp\/v2\/users\/1"}],"replies":[{"embeddable":true,"href":"https:\/\/henergylab.com\/es\/wp-json\/wp\/v2\/comments?post=3821"}],"version-history":[{"count":1,"href":"https:\/\/henergylab.com\/es\/wp-json\/wp\/v2\/pages\/3821\/revisions"}],"predecessor-version":[{"id":3823,"href":"https:\/\/henergylab.com\/es\/wp-json\/wp\/v2\/pages\/3821\/revisions\/3823"}],"up":[{"embeddable":true,"href":"https:\/\/henergylab.com\/es\/wp-json\/wp\/v2\/pages\/4037"}],"wp:attachment":[{"href":"https:\/\/henergylab.com\/es\/wp-json\/wp\/v2\/media?parent=3821"}],"curies":[{"name":"wp","href":"https:\/\/api.w.org\/{rel}","templated":true}]}}