{"id":3824,"date":"2025-01-17T01:00:56","date_gmt":"2025-01-17T01:00:56","guid":{"rendered":"https:\/\/henergylab.com\/geometria-sagrada-orgonita\/"},"modified":"2025-10-28T23:49:11","modified_gmt":"2025-10-28T23:49:11","slug":"geometria-sagrada-orgonita","status":"publish","type":"page","link":"https:\/\/henergylab.com\/es\/geometria-sagrada-orgonita\/","title":{"rendered":"Geometr\u00eda Sagrada Orgonita"},"content":{"rendered":"\t\t<div data-elementor-type=\"wp-page\" data-elementor-id=\"3824\" class=\"elementor elementor-3824 elementor-1247\" data-elementor-post-type=\"page\">\n\t\t\t\t<div class=\"elementor-element elementor-element-5bd758f e-flex e-con-boxed e-con e-parent\" data-id=\"5bd758f\" data-element_type=\"container\" data-e-type=\"container\">\n\t\t\t\t\t<div class=\"e-con-inner\">\n\t\t\t\t\t<\/div>\n\t\t\t\t<\/div>\n\t\t<div class=\"elementor-element elementor-element-f6f7b46 e-flex e-con-boxed e-con e-parent\" data-id=\"f6f7b46\" data-element_type=\"container\" data-e-type=\"container\">\n\t\t\t\t\t<div class=\"e-con-inner\">\n\t\t\t\t<div class=\"elementor-element elementor-element-aa63489 elementor-widget elementor-widget-heading\" data-id=\"aa63489\" data-element_type=\"widget\" data-e-type=\"widget\" data-widget_type=\"heading.default\">\n\t\t\t\t<div class=\"elementor-widget-container\">\n\t\t\t\t\t<h2 class=\"elementor-heading-title elementor-size-default\">Geometr\u00eda Sagrada y Orgonita: moldear el \u00e9ter con las proporciones \u00e1ureas<\/h2>\t\t\t\t<\/div>\n\t\t\t\t<\/div>\n\t\t\t\t\t<\/div>\n\t\t\t\t<\/div>\n\t\t<div class=\"elementor-element elementor-element-1c5f80f e-flex e-con-boxed e-con e-parent\" data-id=\"1c5f80f\" data-element_type=\"container\" data-e-type=\"container\">\n\t\t\t\t\t<div class=\"e-con-inner\">\n\t\t\t\t<div class=\"elementor-element elementor-element-269d49e elementor-widget elementor-widget-text-editor\" data-id=\"269d49e\" data-element_type=\"widget\" data-e-type=\"widget\" data-widget_type=\"text-editor.default\">\n\t\t\t\t<div class=\"elementor-widget-container\">\n\t\t\t\t\t\t\t\t\t<p> <\/p><p>La <strong>proporci\u00f3n \u00e1urea<\/strong> (phi \u2248 1.618) es una proporci\u00f3n geom\u00e9trica que se encuentra en la naturaleza (espirales de conchas, proporciones del cuerpo humano, disposici\u00f3n de semillas en las flores) y en el arte. <img decoding=\"async\" class=\"size-medium wp-image-3096 alignright\" src=\"https:\/\/henergylab.com\/wp-content\/uploads\/2025\/06\/sezione-aurea-300x164.jpeg\" alt=\"\" width=\"300\" height=\"164\" srcset=\"https:\/\/henergylab.com\/wp-content\/uploads\/2025\/06\/sezione-aurea-300x164.jpeg 300w, https:\/\/henergylab.com\/wp-content\/uploads\/2025\/06\/sezione-aurea.jpeg 303w\" sizes=\"(max-width: 300px) 100vw, 300px\" \/>A menudo se asocia con una <strong>armon\u00eda intr\u00ednseca<\/strong> de las formas.<img decoding=\"async\" class=\"wp-image-3085 alignleft\" src=\"https:\/\/henergylab.com\/wp-content\/uploads\/2025\/06\/Cheope-piramide-300x259.jpg\" alt=\"\" width=\"205\" height=\"177\" srcset=\"https:\/\/henergylab.com\/wp-content\/uploads\/2025\/06\/Cheope-piramide-300x259.jpg 300w, https:\/\/henergylab.com\/wp-content\/uploads\/2025\/06\/Cheope-piramide.jpg 363w\" sizes=\"(max-width: 205px) 100vw, 205px\" \/><\/p><p>La combinaci\u00f3n de orgonita y formas con proporciones \u00e1ureas permite crear campos energ\u00e9ticos armonizadores.<\/p><p>La propiedad de la orgonita de acumular y modificar la energ\u00eda org\u00f3nica, combinada con formas de proporci\u00f3n \u00e1urea, permite mover el \u00e9ter seg\u00fan los mismos patrones que la naturaleza usa en el juego de la existencia.<\/p><p>La forma del Nautilus, los movimientos en espiral de las bacterias, el movimiento en el que los frentes de alta y baja presi\u00f3n atmosf\u00e9rica, as\u00ed como la filotaxis de una pi\u00f1a, expresan la v\u00eda de menor gasto de energ\u00eda, es decir, la manera m\u00e1s eficiente en que la vida puede perpetuarse.<\/p><p>Dan A. Davidson, en su libro Shape Power, explora en profundidad c\u00f3mo las formas geom\u00e9tricas, incluidas las proporciones \u00e1ureas, son capaces de influir en el \u00e9ter, entendido como un campo energ\u00e9tico sutil que impregna el universo.<\/p><p>El profesor Anatoli Akimov, investigador del Instituto de F\u00edsica de la Academia Ucraniana de Ciencias, ha demostrado que las formas geom\u00e9tricas con proporci\u00f3n \u00e1urea son generadoras de ondas de torsi\u00f3n. Junto con Gennady Shipov, desarroll\u00f3 la teor\u00eda de los campos de torsi\u00f3n en los a\u00f1os 80 en la Uni\u00f3n Sovi\u00e9tica. Seg\u00fan esta teor\u00eda, los campos de torsi\u00f3n son generados por el momento angular intr\u00ednseco (spin) de las part\u00edculas y pueden propagarse a trav\u00e9s del espacio, transportando informaci\u00f3n sin transmitir energ\u00eda en el sentido <\/p><p><img decoding=\"async\" class=\"wp-image-1336 alignleft\" src=\"https:\/\/henergylab.com\/wp-content\/uploads\/2025\/01\/IMG_20250126_165910-300x300.jpg\" alt=\"\" width=\"215\" height=\"215\" srcset=\"https:\/\/henergylab.com\/wp-content\/uploads\/2025\/01\/IMG_20250126_165910-300x300.jpg 300w, https:\/\/henergylab.com\/wp-content\/uploads\/2025\/01\/IMG_20250126_165910-265x265.jpg 265w, https:\/\/henergylab.com\/wp-content\/uploads\/2025\/01\/IMG_20250126_165910-100x100.jpg 100w, https:\/\/henergylab.com\/wp-content\/uploads\/2025\/01\/IMG_20250126_165910-504x504.jpg 504w, https:\/\/henergylab.com\/wp-content\/uploads\/2025\/01\/IMG_20250126_165910-1024x1024.jpg 1024w, https:\/\/henergylab.com\/wp-content\/uploads\/2025\/01\/IMG_20250126_165910-150x150.jpg 150w, https:\/\/henergylab.com\/wp-content\/uploads\/2025\/01\/IMG_20250126_165910-768x768.jpg 768w, https:\/\/henergylab.com\/wp-content\/uploads\/2025\/01\/IMG_20250126_165910-1536x1536.jpg 1536w, https:\/\/henergylab.com\/wp-content\/uploads\/2025\/01\/IMG_20250126_165910-600x600.jpg 600w, https:\/\/henergylab.com\/wp-content\/uploads\/2025\/01\/elementor\/thumbs\/IMG_20250126_165910-r0lrjjlfbwzba932s7490tcp6wzm43aec64a1hxh3k.jpg 200w, https:\/\/henergylab.com\/wp-content\/uploads\/2025\/01\/IMG_20250126_165910.jpg 1734w\" sizes=\"(max-width: 215px) 100vw, 215px\" \/><\/p><p><img loading=\"lazy\" decoding=\"async\" class=\"wp-image-2869 alignright\" src=\"https:\/\/henergylab.com\/wp-content\/uploads\/2025\/05\/Cheope-calcite2-300x273.jpg\" alt=\"\" width=\"197\" height=\"179\" srcset=\"https:\/\/henergylab.com\/wp-content\/uploads\/2025\/05\/Cheope-calcite2-300x273.jpg 300w, https:\/\/henergylab.com\/wp-content\/uploads\/2025\/05\/Cheope-calcite2-1024x932.jpg 1024w, https:\/\/henergylab.com\/wp-content\/uploads\/2025\/05\/Cheope-calcite2-768x699.jpg 768w, https:\/\/henergylab.com\/wp-content\/uploads\/2025\/05\/Cheope-calcite2-1536x1398.jpg 1536w, https:\/\/henergylab.com\/wp-content\/uploads\/2025\/05\/Cheope-calcite2-2048x1864.jpg 2048w, https:\/\/henergylab.com\/wp-content\/uploads\/2025\/05\/Cheope-calcite2-504x459.jpg 504w\" sizes=\"(max-width: 197px) 100vw, 197px\" \/><\/p><p> tradicional. Estos campos tendr\u00edan la capacidad de influir en procesos biol\u00f3gicos y f\u00edsicos, y ser modulados por estructuras geom\u00e9tricas con proporciones \u00e1ureas. <\/p><p>Nuestros dispositivos de orgonita est\u00e1n fabricados incluyendo proporciones \u00e1ureas, para crear una coherencia de campo en los flujos energ\u00e9ticos seg\u00fan patrones arm\u00f3nicos y vitales capaces de purificar ambientes reduciendo el electrosmog, difundiendo energ\u00edas armoniosas y reequilibradoras.<\/p>\t\t\t\t\t\t\t\t<\/div>\n\t\t\t\t<\/div>\n\t\t\t\t\t<\/div>\n\t\t\t\t<\/div>\n\t\t<div class=\"elementor-element elementor-element-50882c7 e-flex e-con-boxed e-con e-parent\" data-id=\"50882c7\" data-element_type=\"container\" data-e-type=\"container\">\n\t\t\t\t\t<div class=\"e-con-inner\">\n\t\t\t\t\t<\/div>\n\t\t\t\t<\/div>\n\t\t\t\t<\/div>\n\t\t","protected":false},"excerpt":{"rendered":"<p>Geometr\u00eda Sagrada y Orgonita: moldear el \u00e9ter con las proporciones \u00e1ureas La proporci\u00f3n \u00e1urea (phi \u2248 1.618) es una proporci\u00f3n geom\u00e9trica que se encuentra en la naturaleza (espirales de conchas, proporciones del cuerpo humano, disposici\u00f3n de semillas en las flores) y en el arte. A menudo se asocia con una armon\u00eda intr\u00ednseca de las formas. [&hellip;]<\/p>\n","protected":false},"author":1,"featured_media":0,"parent":0,"menu_order":0,"comment_status":"closed","ping_status":"closed","template":"","meta":{"ocean_post_layout":"","ocean_both_sidebars_style":"","ocean_both_sidebars_content_width":0,"ocean_both_sidebars_sidebars_width":0,"ocean_sidebar":"","ocean_second_sidebar":"","ocean_disable_margins":"enable","ocean_add_body_class":"","ocean_shortcode_before_top_bar":"","ocean_shortcode_after_top_bar":"","ocean_shortcode_before_header":"","ocean_shortcode_after_header":"","ocean_has_shortcode":"","ocean_shortcode_after_title":"","ocean_shortcode_before_footer_widgets":"","ocean_shortcode_after_footer_widgets":"","ocean_shortcode_before_footer_bottom":"","ocean_shortcode_after_footer_bottom":"","ocean_display_top_bar":"default","ocean_display_header":"default","ocean_header_style":"","ocean_center_header_left_menu":"","ocean_custom_header_template":"","ocean_custom_logo":0,"ocean_custom_retina_logo":0,"ocean_custom_logo_max_width":0,"ocean_custom_logo_tablet_max_width":0,"ocean_custom_logo_mobile_max_width":0,"ocean_custom_logo_max_height":0,"ocean_custom_logo_tablet_max_height":0,"ocean_custom_logo_mobile_max_height":0,"ocean_header_custom_menu":"","ocean_menu_typo_font_family":"","ocean_menu_typo_font_subset":"","ocean_menu_typo_font_size":0,"ocean_menu_typo_font_size_tablet":0,"ocean_menu_typo_font_size_mobile":0,"ocean_menu_typo_font_size_unit":"px","ocean_menu_typo_font_weight":"","ocean_menu_typo_font_weight_tablet":"","ocean_menu_typo_font_weight_mobile":"","ocean_menu_typo_transform":"","ocean_menu_typo_transform_tablet":"","ocean_menu_typo_transform_mobile":"","ocean_menu_typo_line_height":0,"ocean_menu_typo_line_height_tablet":0,"ocean_menu_typo_line_height_mobile":0,"ocean_menu_typo_line_height_unit":"","ocean_menu_typo_spacing":0,"ocean_menu_typo_spacing_tablet":0,"ocean_menu_typo_spacing_mobile":0,"ocean_menu_typo_spacing_unit":"","ocean_menu_link_color":"","ocean_menu_link_color_hover":"","ocean_menu_link_color_active":"","ocean_menu_link_background":"","ocean_menu_link_hover_background":"","ocean_menu_link_active_background":"","ocean_menu_social_links_bg":"","ocean_menu_social_hover_links_bg":"","ocean_menu_social_links_color":"","ocean_menu_social_hover_links_color":"","ocean_disable_title":"default","ocean_disable_heading":"default","ocean_post_title":"","ocean_post_subheading":"","ocean_post_title_style":"","ocean_post_title_background_color":"","ocean_post_title_background":0,"ocean_post_title_bg_image_position":"","ocean_post_title_bg_image_attachment":"","ocean_post_title_bg_image_repeat":"","ocean_post_title_bg_image_size":"","ocean_post_title_height":0,"ocean_post_title_bg_overlay":0.5,"ocean_post_title_bg_overlay_color":"","ocean_disable_breadcrumbs":"default","ocean_breadcrumbs_color":"","ocean_breadcrumbs_separator_color":"","ocean_breadcrumbs_links_color":"","ocean_breadcrumbs_links_hover_color":"","ocean_display_footer_widgets":"default","ocean_display_footer_bottom":"default","ocean_custom_footer_template":"","_glsr_average":0,"_glsr_ranking":0,"_glsr_reviews":0,"footnotes":""},"class_list":["post-3824","page","type-page","status-publish","hentry","entry","owp-thumbs-layout-vertical","owp-btn-normal","owp-tabs-layout-horizontal","has-no-thumbnails","has-product-nav"],"yoast_head":"<!-- This site is optimized with the Yoast SEO plugin v27.4 - https:\/\/yoast.com\/product\/yoast-seo-wordpress\/ -->\n<title>Geometr\u00eda Sagrada Orgonita - HEN<\/title>\n<meta name=\"robots\" content=\"index, follow, max-snippet:-1, max-image-preview:large, max-video-preview:-1\" \/>\n<link rel=\"canonical\" href=\"https:\/\/henergylab.com\/es\/geometria-sagrada-orgonita\/\" \/>\n<meta property=\"og:locale\" content=\"es_ES\" \/>\n<meta property=\"og:type\" content=\"article\" \/>\n<meta property=\"og:title\" content=\"Geometr\u00eda Sagrada Orgonita - HEN\" \/>\n<meta property=\"og:description\" content=\"Geometr\u00eda Sagrada y Orgonita: moldear el \u00e9ter con las proporciones \u00e1ureas La proporci\u00f3n \u00e1urea (phi \u2248 1.618) es una proporci\u00f3n geom\u00e9trica que se encuentra en la naturaleza (espirales de conchas, proporciones del cuerpo humano, disposici\u00f3n de semillas en las flores) y en el arte. A menudo se asocia con una armon\u00eda intr\u00ednseca de las formas. [&hellip;]\" \/>\n<meta property=\"og:url\" content=\"https:\/\/henergylab.com\/es\/geometria-sagrada-orgonita\/\" \/>\n<meta property=\"og:site_name\" content=\"HEN\" \/>\n<meta property=\"article:modified_time\" content=\"2025-10-28T23:49:11+00:00\" \/>\n<meta property=\"og:image\" content=\"https:\/\/henergylab.com\/wp-content\/uploads\/2025\/06\/sezione-aurea.jpeg\" \/>\n\t<meta property=\"og:image:width\" content=\"303\" \/>\n\t<meta property=\"og:image:height\" content=\"166\" \/>\n\t<meta property=\"og:image:type\" content=\"image\/jpeg\" \/>\n<meta name=\"twitter:card\" content=\"summary_large_image\" \/>\n<meta name=\"twitter:label1\" content=\"Tiempo de lectura\" \/>\n\t<meta name=\"twitter:data1\" content=\"2 minutos\" \/>\n<script type=\"application\/ld+json\" class=\"yoast-schema-graph\">{\"@context\":\"https:\\\/\\\/schema.org\",\"@graph\":[{\"@type\":\"WebPage\",\"@id\":\"https:\\\/\\\/henergylab.com\\\/es\\\/geometria-sagrada-orgonita\\\/\",\"url\":\"https:\\\/\\\/henergylab.com\\\/es\\\/geometria-sagrada-orgonita\\\/\",\"name\":\"Geometr\u00eda Sagrada Orgonita - HEN\",\"isPartOf\":{\"@id\":\"https:\\\/\\\/henergylab.com\\\/es\\\/#website\"},\"primaryImageOfPage\":{\"@id\":\"https:\\\/\\\/henergylab.com\\\/es\\\/geometria-sagrada-orgonita\\\/#primaryimage\"},\"image\":{\"@id\":\"https:\\\/\\\/henergylab.com\\\/es\\\/geometria-sagrada-orgonita\\\/#primaryimage\"},\"thumbnailUrl\":\"https:\\\/\\\/henergylab.com\\\/wp-content\\\/uploads\\\/2025\\\/06\\\/sezione-aurea-300x164.jpeg\",\"datePublished\":\"2025-01-17T01:00:56+00:00\",\"dateModified\":\"2025-10-28T23:49:11+00:00\",\"breadcrumb\":{\"@id\":\"https:\\\/\\\/henergylab.com\\\/es\\\/geometria-sagrada-orgonita\\\/#breadcrumb\"},\"inLanguage\":\"es\",\"potentialAction\":[{\"@type\":\"ReadAction\",\"target\":[\"https:\\\/\\\/henergylab.com\\\/es\\\/geometria-sagrada-orgonita\\\/\"]}]},{\"@type\":\"ImageObject\",\"inLanguage\":\"es\",\"@id\":\"https:\\\/\\\/henergylab.com\\\/es\\\/geometria-sagrada-orgonita\\\/#primaryimage\",\"url\":\"https:\\\/\\\/henergylab.com\\\/wp-content\\\/uploads\\\/2025\\\/06\\\/sezione-aurea-300x164.jpeg\",\"contentUrl\":\"https:\\\/\\\/henergylab.com\\\/wp-content\\\/uploads\\\/2025\\\/06\\\/sezione-aurea-300x164.jpeg\"},{\"@type\":\"BreadcrumbList\",\"@id\":\"https:\\\/\\\/henergylab.com\\\/es\\\/geometria-sagrada-orgonita\\\/#breadcrumb\",\"itemListElement\":[{\"@type\":\"ListItem\",\"position\":1,\"name\":\"Home\",\"item\":\"https:\\\/\\\/henergylab.com\\\/es\\\/\"},{\"@type\":\"ListItem\",\"position\":2,\"name\":\"Geometr\u00eda Sagrada Orgonita\"}]},{\"@type\":\"WebSite\",\"@id\":\"https:\\\/\\\/henergylab.com\\\/es\\\/#website\",\"url\":\"https:\\\/\\\/henergylab.com\\\/es\\\/\",\"name\":\"henergylab\",\"description\":\"\",\"publisher\":{\"@id\":\"https:\\\/\\\/henergylab.com\\\/es\\\/#organization\"},\"potentialAction\":[{\"@type\":\"SearchAction\",\"target\":{\"@type\":\"EntryPoint\",\"urlTemplate\":\"https:\\\/\\\/henergylab.com\\\/es\\\/?s={search_term_string}\"},\"query-input\":{\"@type\":\"PropertyValueSpecification\",\"valueRequired\":true,\"valueName\":\"search_term_string\"}}],\"inLanguage\":\"es\"},{\"@type\":\"Organization\",\"@id\":\"https:\\\/\\\/henergylab.com\\\/es\\\/#organization\",\"name\":\"HEN\",\"url\":\"https:\\\/\\\/henergylab.com\\\/es\\\/\",\"logo\":{\"@type\":\"ImageObject\",\"inLanguage\":\"es\",\"@id\":\"https:\\\/\\\/henergylab.com\\\/es\\\/#\\\/schema\\\/logo\\\/image\\\/\",\"url\":\"https:\\\/\\\/henergylab.com\\\/wp-content\\\/uploads\\\/2025\\\/07\\\/Henergylab-logo-scritta-nera-1.png\",\"contentUrl\":\"https:\\\/\\\/henergylab.com\\\/wp-content\\\/uploads\\\/2025\\\/07\\\/Henergylab-logo-scritta-nera-1.png\",\"width\":128,\"height\":128,\"caption\":\"HEN\"},\"image\":{\"@id\":\"https:\\\/\\\/henergylab.com\\\/es\\\/#\\\/schema\\\/logo\\\/image\\\/\"}}]}<\/script>\n<!-- \/ Yoast SEO plugin. -->","yoast_head_json":{"title":"Geometr\u00eda Sagrada Orgonita - HEN","robots":{"index":"index","follow":"follow","max-snippet":"max-snippet:-1","max-image-preview":"max-image-preview:large","max-video-preview":"max-video-preview:-1"},"canonical":"https:\/\/henergylab.com\/es\/geometria-sagrada-orgonita\/","og_locale":"es_ES","og_type":"article","og_title":"Geometr\u00eda Sagrada Orgonita - HEN","og_description":"Geometr\u00eda Sagrada y Orgonita: moldear el \u00e9ter con las proporciones \u00e1ureas La proporci\u00f3n \u00e1urea (phi \u2248 1.618) es una proporci\u00f3n geom\u00e9trica que se encuentra en la naturaleza (espirales de conchas, proporciones del cuerpo humano, disposici\u00f3n de semillas en las flores) y en el arte. A menudo se asocia con una armon\u00eda intr\u00ednseca de las formas. [&hellip;]","og_url":"https:\/\/henergylab.com\/es\/geometria-sagrada-orgonita\/","og_site_name":"HEN","article_modified_time":"2025-10-28T23:49:11+00:00","og_image":[{"width":303,"height":166,"url":"https:\/\/henergylab.com\/wp-content\/uploads\/2025\/06\/sezione-aurea.jpeg","type":"image\/jpeg"}],"twitter_card":"summary_large_image","twitter_misc":{"Tiempo de lectura":"2 minutos"},"schema":{"@context":"https:\/\/schema.org","@graph":[{"@type":"WebPage","@id":"https:\/\/henergylab.com\/es\/geometria-sagrada-orgonita\/","url":"https:\/\/henergylab.com\/es\/geometria-sagrada-orgonita\/","name":"Geometr\u00eda Sagrada Orgonita - HEN","isPartOf":{"@id":"https:\/\/henergylab.com\/es\/#website"},"primaryImageOfPage":{"@id":"https:\/\/henergylab.com\/es\/geometria-sagrada-orgonita\/#primaryimage"},"image":{"@id":"https:\/\/henergylab.com\/es\/geometria-sagrada-orgonita\/#primaryimage"},"thumbnailUrl":"https:\/\/henergylab.com\/wp-content\/uploads\/2025\/06\/sezione-aurea-300x164.jpeg","datePublished":"2025-01-17T01:00:56+00:00","dateModified":"2025-10-28T23:49:11+00:00","breadcrumb":{"@id":"https:\/\/henergylab.com\/es\/geometria-sagrada-orgonita\/#breadcrumb"},"inLanguage":"es","potentialAction":[{"@type":"ReadAction","target":["https:\/\/henergylab.com\/es\/geometria-sagrada-orgonita\/"]}]},{"@type":"ImageObject","inLanguage":"es","@id":"https:\/\/henergylab.com\/es\/geometria-sagrada-orgonita\/#primaryimage","url":"https:\/\/henergylab.com\/wp-content\/uploads\/2025\/06\/sezione-aurea-300x164.jpeg","contentUrl":"https:\/\/henergylab.com\/wp-content\/uploads\/2025\/06\/sezione-aurea-300x164.jpeg"},{"@type":"BreadcrumbList","@id":"https:\/\/henergylab.com\/es\/geometria-sagrada-orgonita\/#breadcrumb","itemListElement":[{"@type":"ListItem","position":1,"name":"Home","item":"https:\/\/henergylab.com\/es\/"},{"@type":"ListItem","position":2,"name":"Geometr\u00eda Sagrada Orgonita"}]},{"@type":"WebSite","@id":"https:\/\/henergylab.com\/es\/#website","url":"https:\/\/henergylab.com\/es\/","name":"henergylab","description":"","publisher":{"@id":"https:\/\/henergylab.com\/es\/#organization"},"potentialAction":[{"@type":"SearchAction","target":{"@type":"EntryPoint","urlTemplate":"https:\/\/henergylab.com\/es\/?s={search_term_string}"},"query-input":{"@type":"PropertyValueSpecification","valueRequired":true,"valueName":"search_term_string"}}],"inLanguage":"es"},{"@type":"Organization","@id":"https:\/\/henergylab.com\/es\/#organization","name":"HEN","url":"https:\/\/henergylab.com\/es\/","logo":{"@type":"ImageObject","inLanguage":"es","@id":"https:\/\/henergylab.com\/es\/#\/schema\/logo\/image\/","url":"https:\/\/henergylab.com\/wp-content\/uploads\/2025\/07\/Henergylab-logo-scritta-nera-1.png","contentUrl":"https:\/\/henergylab.com\/wp-content\/uploads\/2025\/07\/Henergylab-logo-scritta-nera-1.png","width":128,"height":128,"caption":"HEN"},"image":{"@id":"https:\/\/henergylab.com\/es\/#\/schema\/logo\/image\/"}}]}},"_links":{"self":[{"href":"https:\/\/henergylab.com\/es\/wp-json\/wp\/v2\/pages\/3824","targetHints":{"allow":["GET"]}}],"collection":[{"href":"https:\/\/henergylab.com\/es\/wp-json\/wp\/v2\/pages"}],"about":[{"href":"https:\/\/henergylab.com\/es\/wp-json\/wp\/v2\/types\/page"}],"author":[{"embeddable":true,"href":"https:\/\/henergylab.com\/es\/wp-json\/wp\/v2\/users\/1"}],"replies":[{"embeddable":true,"href":"https:\/\/henergylab.com\/es\/wp-json\/wp\/v2\/comments?post=3824"}],"version-history":[{"count":1,"href":"https:\/\/henergylab.com\/es\/wp-json\/wp\/v2\/pages\/3824\/revisions"}],"predecessor-version":[{"id":3826,"href":"https:\/\/henergylab.com\/es\/wp-json\/wp\/v2\/pages\/3824\/revisions\/3826"}],"wp:attachment":[{"href":"https:\/\/henergylab.com\/es\/wp-json\/wp\/v2\/media?parent=3824"}],"curies":[{"name":"wp","href":"https:\/\/api.w.org\/{rel}","templated":true}]}}