{"id":3834,"date":"2025-02-24T23:53:07","date_gmt":"2025-02-24T23:53:07","guid":{"rendered":"https:\/\/henergylab.com\/vortex-coil\/"},"modified":"2025-10-28T23:49:44","modified_gmt":"2025-10-28T23:49:44","slug":"vortex-coil","status":"publish","type":"page","link":"https:\/\/henergylab.com\/es\/vortex-coil\/","title":{"rendered":"Vortex coil"},"content":{"rendered":"\t\t<div data-elementor-type=\"wp-page\" data-elementor-id=\"3834\" class=\"elementor elementor-3834 elementor-2073\" data-elementor-post-type=\"page\">\n\t\t\t\t<div class=\"elementor-element elementor-element-4f8b471 e-flex e-con-boxed e-con e-parent\" data-id=\"4f8b471\" data-element_type=\"container\" data-e-type=\"container\">\n\t\t\t\t\t<div class=\"e-con-inner\">\n\t\t\t\t<div class=\"elementor-element elementor-element-0c6d4ce elementor-widget elementor-widget-heading\" data-id=\"0c6d4ce\" data-element_type=\"widget\" data-e-type=\"widget\" data-widget_type=\"heading.default\">\n\t\t\t\t<div class=\"elementor-widget-container\">\n\t\t\t\t\t<h2 class=\"elementor-heading-title elementor-size-default\">HenCoil<\/h2>\t\t\t\t<\/div>\n\t\t\t\t<\/div>\n\t\t\t\t\t<\/div>\n\t\t\t\t<\/div>\n\t\t<div class=\"elementor-element elementor-element-61cc879 e-flex e-con-boxed e-con e-parent\" data-id=\"61cc879\" data-element_type=\"container\" data-e-type=\"container\">\n\t\t\t\t\t<div class=\"e-con-inner\">\n\t\t<div class=\"elementor-element elementor-element-58dacd2 e-grid e-con-full e-con e-child\" data-id=\"58dacd2\" data-element_type=\"container\" data-e-type=\"container\">\n\t\t\t\t<div class=\"elementor-element elementor-element-01bd0de elementor-widget elementor-widget-image\" data-id=\"01bd0de\" data-element_type=\"widget\" data-e-type=\"widget\" data-widget_type=\"image.default\">\n\t\t\t\t<div class=\"elementor-widget-container\">\n\t\t\t\t\t\t\t\t\t\t\t\t\t\t\t<img fetchpriority=\"high\" decoding=\"async\" width=\"300\" height=\"300\" src=\"https:\/\/henergylab.com\/wp-content\/uploads\/2025\/02\/multiple-coil-300x300.jpg\" class=\"attachment-medium size-medium wp-image-3622\" alt=\"\" srcset=\"https:\/\/henergylab.com\/wp-content\/uploads\/2025\/02\/multiple-coil-300x300.jpg 300w, https:\/\/henergylab.com\/wp-content\/uploads\/2025\/02\/multiple-coil-265x265.jpg 265w, https:\/\/henergylab.com\/wp-content\/uploads\/2025\/02\/multiple-coil-100x100.jpg 100w, https:\/\/henergylab.com\/wp-content\/uploads\/2025\/02\/multiple-coil-504x504.jpg 504w, https:\/\/henergylab.com\/wp-content\/uploads\/2025\/02\/multiple-coil-1024x1024.jpg 1024w, https:\/\/henergylab.com\/wp-content\/uploads\/2025\/02\/multiple-coil-150x150.jpg 150w, https:\/\/henergylab.com\/wp-content\/uploads\/2025\/02\/multiple-coil-768x768.jpg 768w, https:\/\/henergylab.com\/wp-content\/uploads\/2025\/02\/multiple-coil-1536x1536.jpg 1536w, https:\/\/henergylab.com\/wp-content\/uploads\/2025\/02\/multiple-coil-600x600.jpg 600w, https:\/\/henergylab.com\/wp-content\/uploads\/2025\/02\/multiple-coil.jpg 1632w\" sizes=\"(max-width: 300px) 100vw, 300px\" \/>\t\t\t\t\t\t\t\t\t\t\t\t\t\t\t<\/div>\n\t\t\t\t<\/div>\n\t\t\t\t<div class=\"elementor-element elementor-element-b5102c0 elementor-widget elementor-widget-image\" data-id=\"b5102c0\" data-element_type=\"widget\" data-e-type=\"widget\" data-widget_type=\"image.default\">\n\t\t\t\t<div class=\"elementor-widget-container\">\n\t\t\t\t\t\t\t\t\t\t\t\t\t\t\t<img decoding=\"async\" width=\"249\" height=\"300\" src=\"https:\/\/henergylab.com\/wp-content\/uploads\/2025\/02\/1_18cm-249x300.jpeg\" class=\"attachment-medium size-medium wp-image-3620\" alt=\"\" srcset=\"https:\/\/henergylab.com\/wp-content\/uploads\/2025\/02\/1_18cm-249x300.jpeg 249w, https:\/\/henergylab.com\/wp-content\/uploads\/2025\/02\/1_18cm-504x607.jpeg 504w, https:\/\/henergylab.com\/wp-content\/uploads\/2025\/02\/1_18cm-850x1024.jpeg 850w, https:\/\/henergylab.com\/wp-content\/uploads\/2025\/02\/1_18cm-768x925.jpeg 768w, https:\/\/henergylab.com\/wp-content\/uploads\/2025\/02\/1_18cm-1276x1536.jpeg 1276w, https:\/\/henergylab.com\/wp-content\/uploads\/2025\/02\/1_18cm-1701x2048.jpeg 1701w, https:\/\/henergylab.com\/wp-content\/uploads\/2025\/02\/1_18cm.jpeg 2000w\" sizes=\"(max-width: 249px) 100vw, 249px\" \/>\t\t\t\t\t\t\t\t\t\t\t\t\t\t\t<\/div>\n\t\t\t\t<\/div>\n\t\t\t\t<div class=\"elementor-element elementor-element-16ff62c elementor-widget elementor-widget-image\" data-id=\"16ff62c\" data-element_type=\"widget\" data-e-type=\"widget\" data-widget_type=\"image.default\">\n\t\t\t\t<div class=\"elementor-widget-container\">\n\t\t\t\t\t\t\t\t\t\t\t\t\t\t\t<img decoding=\"async\" width=\"300\" height=\"300\" src=\"https:\/\/henergylab.com\/wp-content\/uploads\/2025\/02\/4-quartz-26cm-e1740440711606-300x300.jpeg\" class=\"attachment-medium size-medium wp-image-3836\" alt=\"\" srcset=\"https:\/\/henergylab.com\/wp-content\/uploads\/2025\/02\/4-quartz-26cm-e1740440711606-300x300.jpeg 300w, https:\/\/henergylab.com\/wp-content\/uploads\/2025\/02\/4-quartz-26cm-e1740440711606-265x265.jpeg 265w, https:\/\/henergylab.com\/wp-content\/uploads\/2025\/02\/4-quartz-26cm-e1740440711606-100x100.jpeg 100w, https:\/\/henergylab.com\/wp-content\/uploads\/2025\/02\/4-quartz-26cm-e1740440711606-504x504.jpeg 504w, https:\/\/henergylab.com\/wp-content\/uploads\/2025\/02\/4-quartz-26cm-e1740440711606-1024x1024.jpeg 1024w, https:\/\/henergylab.com\/wp-content\/uploads\/2025\/02\/4-quartz-26cm-e1740440711606-150x150.jpeg 150w, https:\/\/henergylab.com\/wp-content\/uploads\/2025\/02\/4-quartz-26cm-e1740440711606-768x768.jpeg 768w, https:\/\/henergylab.com\/wp-content\/uploads\/2025\/02\/4-quartz-26cm-e1740440711606-1536x1536.jpeg 1536w, https:\/\/henergylab.com\/wp-content\/uploads\/2025\/02\/4-quartz-26cm-e1740440711606-600x600.jpeg 600w, https:\/\/henergylab.com\/wp-content\/uploads\/2025\/02\/4-quartz-26cm-e1740440711606.jpeg 1875w\" sizes=\"(max-width: 300px) 100vw, 300px\" \/>\t\t\t\t\t\t\t\t\t\t\t\t\t\t\t<\/div>\n\t\t\t\t<\/div>\n\t\t\t\t<\/div>\n\t\t\t\t\t<\/div>\n\t\t\t\t<\/div>\n\t\t<div class=\"elementor-element elementor-element-7da4869 e-con-full e-flex e-con e-parent\" data-id=\"7da4869\" data-element_type=\"container\" data-e-type=\"container\">\n\t\t\t\t<div class=\"elementor-element elementor-element-050ec85 elementor-widget__width-initial elementor-widget elementor-widget-text-editor\" data-id=\"050ec85\" data-element_type=\"widget\" data-e-type=\"widget\" data-widget_type=\"text-editor.default\">\n\t\t\t\t<div class=\"elementor-widget-container\">\n\t\t\t\t\t\t\t\t\t<p>HenCoil es principalmente un dispositivo PEMF que, mediante un generador de frecuencias o un amplificador de audio, genera un campo electromagn\u00e9tico pulsado. La forma particular de los bobinados, los principios de <a href=\"https:\/\/www.youtube.com\/watch?v=fI93jeaXGvs\">Vortex Based Mathematics<\/a> utilizados y los materiales espec\u00edficos empleados para la realizaci\u00f3n del toroide crean un campo energ\u00e9tico sutil que transmite el mensaje de las diferentes frecuencias a un nivel m\u00e1s profundo.<\/p><p>Las frecuencias de referencia son las relativas a la <a href=\"https:\/\/www.youtube.com\/watch?v=1QI_M03gBjU&amp;t=3249s\">terapia Rife<\/a> y las diferentes bases de datos de frecuencias desarrolladas en casi 100 a\u00f1os de investigaci\u00f3n.<img loading=\"lazy\" decoding=\"async\" class=\"alignnone size-medium wp-image-2076 alignright\" src=\"https:\/\/henergylab.com\/wp-content\/uploads\/2025\/02\/Dr-Royal-Raymond-Rife-223x300.jpg\" alt=\"\" width=\"223\" height=\"300\" srcset=\"https:\/\/henergylab.com\/wp-content\/uploads\/2025\/02\/Dr-Royal-Raymond-Rife-223x300.jpg 223w, https:\/\/henergylab.com\/wp-content\/uploads\/2025\/02\/Dr-Royal-Raymond-Rife.jpg 495w\" sizes=\"(max-width: 223px) 100vw, 223px\" \/><\/p><p>La terapia Rife basa su funcionamiento en el principio de Resonancia. La c\u00e9lula humana es t\u00e9cnicamente un oscilador que funciona sobre una base el\u00e9ctrica, al igual que varios organismos pat\u00f3genos para el ser humano, como ciertas bacterias, par\u00e1sitos, virus, etc. Todos estos tienen una frecuencia de resonancia que, como en el caso de la soprano que rompe una copa con un agudo, implosionan tras la frecuencia espec\u00edfica emitida. En este caso, la acci\u00f3n es de Killing, es decir, eliminaci\u00f3n de pat\u00f3genos. Cuando las frecuencias se utilizan para estimular las funciones del organismo, de las c\u00e9lulas, etc., la acci\u00f3n es de Healing. Simult\u00e1neamente, se acompa\u00f1a de una acci\u00f3n de Detox, destinada a desintoxicar el organismo de toda una serie de contaminantes como metales pesados, pesticidas, sustancias qu\u00edmicas y mucho m\u00e1s. A menudo esta acci\u00f3n, Detox, es resolutiva para muchas patolog\u00edas.<\/p><p>HenCoil tambi\u00e9n realiza una excelente acci\u00f3n de reequilibrio energ\u00e9tico ambiental, expandiendo su campo sutil varios metros, siendo una herramienta excelente para sesiones de meditaci\u00f3n, relajaci\u00f3n o durante tratamientos terap\u00e9uticos.<\/p><p>Para usarlas es necesario conectarlas a una fuente, como un generador de frecuencias con cierta potencia de salida, como por ejemplo Spooky2, o a una fuente de audio, como un amplificador controlable desde smartphone o tablet, con una de las varias apps de Generador de frecuencia o Rife App, como por ejemplo Z-app<\/p>\t\t\t\t\t\t\t\t<\/div>\n\t\t\t\t<\/div>\n\t\t\t\t<\/div>\n\t\t<div class=\"elementor-element elementor-element-a51f47d e-flex e-con-boxed e-con e-parent\" data-id=\"a51f47d\" data-element_type=\"container\" data-e-type=\"container\">\n\t\t\t\t\t<div class=\"e-con-inner\">\n\t\t\t\t\t<\/div>\n\t\t\t\t<\/div>\n\t\t\t\t<\/div>\n\t\t","protected":false},"excerpt":{"rendered":"<p>HenCoil HenCoil es principalmente un dispositivo PEMF que, mediante un generador de frecuencias o un amplificador de audio, genera un campo electromagn\u00e9tico pulsado. La forma particular de los bobinados, los principios de Vortex Based Mathematics utilizados y los materiales espec\u00edficos empleados para la realizaci\u00f3n del toroide crean un campo energ\u00e9tico sutil que transmite el mensaje [&hellip;]<\/p>\n","protected":false},"author":1,"featured_media":0,"parent":0,"menu_order":0,"comment_status":"closed","ping_status":"closed","template":"","meta":{"ocean_post_layout":"","ocean_both_sidebars_style":"","ocean_both_sidebars_content_width":0,"ocean_both_sidebars_sidebars_width":0,"ocean_sidebar":"","ocean_second_sidebar":"","ocean_disable_margins":"enable","ocean_add_body_class":"","ocean_shortcode_before_top_bar":"","ocean_shortcode_after_top_bar":"","ocean_shortcode_before_header":"","ocean_shortcode_after_header":"","ocean_has_shortcode":"","ocean_shortcode_after_title":"","ocean_shortcode_before_footer_widgets":"","ocean_shortcode_after_footer_widgets":"","ocean_shortcode_before_footer_bottom":"","ocean_shortcode_after_footer_bottom":"","ocean_display_top_bar":"default","ocean_display_header":"default","ocean_header_style":"","ocean_center_header_left_menu":"","ocean_custom_header_template":"","ocean_custom_logo":0,"ocean_custom_retina_logo":0,"ocean_custom_logo_max_width":0,"ocean_custom_logo_tablet_max_width":0,"ocean_custom_logo_mobile_max_width":0,"ocean_custom_logo_max_height":0,"ocean_custom_logo_tablet_max_height":0,"ocean_custom_logo_mobile_max_height":0,"ocean_header_custom_menu":"","ocean_menu_typo_font_family":"","ocean_menu_typo_font_subset":"","ocean_menu_typo_font_size":0,"ocean_menu_typo_font_size_tablet":0,"ocean_menu_typo_font_size_mobile":0,"ocean_menu_typo_font_size_unit":"px","ocean_menu_typo_font_weight":"","ocean_menu_typo_font_weight_tablet":"","ocean_menu_typo_font_weight_mobile":"","ocean_menu_typo_transform":"","ocean_menu_typo_transform_tablet":"","ocean_menu_typo_transform_mobile":"","ocean_menu_typo_line_height":0,"ocean_menu_typo_line_height_tablet":0,"ocean_menu_typo_line_height_mobile":0,"ocean_menu_typo_line_height_unit":"","ocean_menu_typo_spacing":0,"ocean_menu_typo_spacing_tablet":0,"ocean_menu_typo_spacing_mobile":0,"ocean_menu_typo_spacing_unit":"","ocean_menu_link_color":"","ocean_menu_link_color_hover":"","ocean_menu_link_color_active":"","ocean_menu_link_background":"","ocean_menu_link_hover_background":"","ocean_menu_link_active_background":"","ocean_menu_social_links_bg":"","ocean_menu_social_hover_links_bg":"","ocean_menu_social_links_color":"","ocean_menu_social_hover_links_color":"","ocean_disable_title":"default","ocean_disable_heading":"default","ocean_post_title":"","ocean_post_subheading":"","ocean_post_title_style":"","ocean_post_title_background_color":"","ocean_post_title_background":0,"ocean_post_title_bg_image_position":"","ocean_post_title_bg_image_attachment":"","ocean_post_title_bg_image_repeat":"","ocean_post_title_bg_image_size":"","ocean_post_title_height":0,"ocean_post_title_bg_overlay":0.5,"ocean_post_title_bg_overlay_color":"","ocean_disable_breadcrumbs":"default","ocean_breadcrumbs_color":"","ocean_breadcrumbs_separator_color":"","ocean_breadcrumbs_links_color":"","ocean_breadcrumbs_links_hover_color":"","ocean_display_footer_widgets":"default","ocean_display_footer_bottom":"default","ocean_custom_footer_template":"","_glsr_average":0,"_glsr_ranking":0,"_glsr_reviews":0,"footnotes":""},"class_list":["post-3834","page","type-page","status-publish","hentry","entry","owp-thumbs-layout-vertical","owp-btn-normal","owp-tabs-layout-horizontal","has-no-thumbnails","has-product-nav"],"yoast_head":"<!-- This site is optimized with the Yoast SEO plugin v27.4 - https:\/\/yoast.com\/product\/yoast-seo-wordpress\/ -->\n<title>Vortex coil - HEN<\/title>\n<meta name=\"description\" content=\"Hencoil energ\u00eda toroidal descubre los beneficios de la terapia PEMF combinada con los beneficios de las ondas escalares\" \/>\n<meta name=\"robots\" content=\"index, follow, max-snippet:-1, max-image-preview:large, max-video-preview:-1\" \/>\n<link rel=\"canonical\" href=\"https:\/\/henergylab.com\/es\/vortex-coil\/\" \/>\n<meta property=\"og:locale\" content=\"es_ES\" \/>\n<meta property=\"og:type\" content=\"article\" \/>\n<meta property=\"og:title\" content=\"Vortex coil - HEN\" \/>\n<meta property=\"og:description\" content=\"Hencoil energ\u00eda toroidal descubre los beneficios de la terapia PEMF combinada con los beneficios de las ondas escalares\" \/>\n<meta property=\"og:url\" content=\"https:\/\/henergylab.com\/es\/vortex-coil\/\" \/>\n<meta property=\"og:site_name\" content=\"HEN\" \/>\n<meta property=\"article:modified_time\" content=\"2025-10-28T23:49:44+00:00\" \/>\n<meta property=\"og:image\" content=\"https:\/\/henergylab.com\/wp-content\/uploads\/2025\/02\/multiple-coil.jpg\" \/>\n\t<meta property=\"og:image:width\" content=\"1632\" \/>\n\t<meta property=\"og:image:height\" content=\"1632\" \/>\n\t<meta property=\"og:image:type\" content=\"image\/jpeg\" \/>\n<meta name=\"twitter:card\" content=\"summary_large_image\" \/>\n<meta name=\"twitter:label1\" content=\"Tiempo de lectura\" \/>\n\t<meta name=\"twitter:data1\" content=\"2 minutos\" \/>\n<script type=\"application\/ld+json\" class=\"yoast-schema-graph\">{\"@context\":\"https:\\\/\\\/schema.org\",\"@graph\":[{\"@type\":\"WebPage\",\"@id\":\"https:\\\/\\\/henergylab.com\\\/es\\\/vortex-coil\\\/\",\"url\":\"https:\\\/\\\/henergylab.com\\\/es\\\/vortex-coil\\\/\",\"name\":\"Vortex coil - HEN\",\"isPartOf\":{\"@id\":\"https:\\\/\\\/henergylab.com\\\/es\\\/#website\"},\"primaryImageOfPage\":{\"@id\":\"https:\\\/\\\/henergylab.com\\\/es\\\/vortex-coil\\\/#primaryimage\"},\"image\":{\"@id\":\"https:\\\/\\\/henergylab.com\\\/es\\\/vortex-coil\\\/#primaryimage\"},\"thumbnailUrl\":\"https:\\\/\\\/henergylab.com\\\/wp-content\\\/uploads\\\/2025\\\/02\\\/multiple-coil-300x300.jpg\",\"datePublished\":\"2025-02-24T23:53:07+00:00\",\"dateModified\":\"2025-10-28T23:49:44+00:00\",\"description\":\"Hencoil energ\u00eda toroidal descubre los beneficios de la terapia PEMF combinada con los beneficios de las ondas escalares\",\"breadcrumb\":{\"@id\":\"https:\\\/\\\/henergylab.com\\\/es\\\/vortex-coil\\\/#breadcrumb\"},\"inLanguage\":\"es\",\"potentialAction\":[{\"@type\":\"ReadAction\",\"target\":[\"https:\\\/\\\/henergylab.com\\\/es\\\/vortex-coil\\\/\"]}]},{\"@type\":\"ImageObject\",\"inLanguage\":\"es\",\"@id\":\"https:\\\/\\\/henergylab.com\\\/es\\\/vortex-coil\\\/#primaryimage\",\"url\":\"https:\\\/\\\/henergylab.com\\\/wp-content\\\/uploads\\\/2025\\\/02\\\/multiple-coil-300x300.jpg\",\"contentUrl\":\"https:\\\/\\\/henergylab.com\\\/wp-content\\\/uploads\\\/2025\\\/02\\\/multiple-coil-300x300.jpg\"},{\"@type\":\"BreadcrumbList\",\"@id\":\"https:\\\/\\\/henergylab.com\\\/es\\\/vortex-coil\\\/#breadcrumb\",\"itemListElement\":[{\"@type\":\"ListItem\",\"position\":1,\"name\":\"Home\",\"item\":\"https:\\\/\\\/henergylab.com\\\/es\\\/\"},{\"@type\":\"ListItem\",\"position\":2,\"name\":\"Vortex coil\"}]},{\"@type\":\"WebSite\",\"@id\":\"https:\\\/\\\/henergylab.com\\\/es\\\/#website\",\"url\":\"https:\\\/\\\/henergylab.com\\\/es\\\/\",\"name\":\"henergylab\",\"description\":\"\",\"publisher\":{\"@id\":\"https:\\\/\\\/henergylab.com\\\/es\\\/#organization\"},\"potentialAction\":[{\"@type\":\"SearchAction\",\"target\":{\"@type\":\"EntryPoint\",\"urlTemplate\":\"https:\\\/\\\/henergylab.com\\\/es\\\/?s={search_term_string}\"},\"query-input\":{\"@type\":\"PropertyValueSpecification\",\"valueRequired\":true,\"valueName\":\"search_term_string\"}}],\"inLanguage\":\"es\"},{\"@type\":\"Organization\",\"@id\":\"https:\\\/\\\/henergylab.com\\\/es\\\/#organization\",\"name\":\"HEN\",\"url\":\"https:\\\/\\\/henergylab.com\\\/es\\\/\",\"logo\":{\"@type\":\"ImageObject\",\"inLanguage\":\"es\",\"@id\":\"https:\\\/\\\/henergylab.com\\\/es\\\/#\\\/schema\\\/logo\\\/image\\\/\",\"url\":\"https:\\\/\\\/henergylab.com\\\/wp-content\\\/uploads\\\/2025\\\/07\\\/Henergylab-logo-scritta-nera-1.png\",\"contentUrl\":\"https:\\\/\\\/henergylab.com\\\/wp-content\\\/uploads\\\/2025\\\/07\\\/Henergylab-logo-scritta-nera-1.png\",\"width\":128,\"height\":128,\"caption\":\"HEN\"},\"image\":{\"@id\":\"https:\\\/\\\/henergylab.com\\\/es\\\/#\\\/schema\\\/logo\\\/image\\\/\"}}]}<\/script>\n<!-- \/ Yoast SEO plugin. -->","yoast_head_json":{"title":"Vortex coil - HEN","description":"Hencoil energ\u00eda toroidal descubre los beneficios de la terapia PEMF combinada con los beneficios de las ondas escalares","robots":{"index":"index","follow":"follow","max-snippet":"max-snippet:-1","max-image-preview":"max-image-preview:large","max-video-preview":"max-video-preview:-1"},"canonical":"https:\/\/henergylab.com\/es\/vortex-coil\/","og_locale":"es_ES","og_type":"article","og_title":"Vortex coil - HEN","og_description":"Hencoil energ\u00eda toroidal descubre los beneficios de la terapia PEMF combinada con los beneficios de las ondas escalares","og_url":"https:\/\/henergylab.com\/es\/vortex-coil\/","og_site_name":"HEN","article_modified_time":"2025-10-28T23:49:44+00:00","og_image":[{"width":1632,"height":1632,"url":"https:\/\/henergylab.com\/wp-content\/uploads\/2025\/02\/multiple-coil.jpg","type":"image\/jpeg"}],"twitter_card":"summary_large_image","twitter_misc":{"Tiempo de lectura":"2 minutos"},"schema":{"@context":"https:\/\/schema.org","@graph":[{"@type":"WebPage","@id":"https:\/\/henergylab.com\/es\/vortex-coil\/","url":"https:\/\/henergylab.com\/es\/vortex-coil\/","name":"Vortex coil - HEN","isPartOf":{"@id":"https:\/\/henergylab.com\/es\/#website"},"primaryImageOfPage":{"@id":"https:\/\/henergylab.com\/es\/vortex-coil\/#primaryimage"},"image":{"@id":"https:\/\/henergylab.com\/es\/vortex-coil\/#primaryimage"},"thumbnailUrl":"https:\/\/henergylab.com\/wp-content\/uploads\/2025\/02\/multiple-coil-300x300.jpg","datePublished":"2025-02-24T23:53:07+00:00","dateModified":"2025-10-28T23:49:44+00:00","description":"Hencoil energ\u00eda toroidal descubre los beneficios de la terapia PEMF combinada con los beneficios de las ondas escalares","breadcrumb":{"@id":"https:\/\/henergylab.com\/es\/vortex-coil\/#breadcrumb"},"inLanguage":"es","potentialAction":[{"@type":"ReadAction","target":["https:\/\/henergylab.com\/es\/vortex-coil\/"]}]},{"@type":"ImageObject","inLanguage":"es","@id":"https:\/\/henergylab.com\/es\/vortex-coil\/#primaryimage","url":"https:\/\/henergylab.com\/wp-content\/uploads\/2025\/02\/multiple-coil-300x300.jpg","contentUrl":"https:\/\/henergylab.com\/wp-content\/uploads\/2025\/02\/multiple-coil-300x300.jpg"},{"@type":"BreadcrumbList","@id":"https:\/\/henergylab.com\/es\/vortex-coil\/#breadcrumb","itemListElement":[{"@type":"ListItem","position":1,"name":"Home","item":"https:\/\/henergylab.com\/es\/"},{"@type":"ListItem","position":2,"name":"Vortex coil"}]},{"@type":"WebSite","@id":"https:\/\/henergylab.com\/es\/#website","url":"https:\/\/henergylab.com\/es\/","name":"henergylab","description":"","publisher":{"@id":"https:\/\/henergylab.com\/es\/#organization"},"potentialAction":[{"@type":"SearchAction","target":{"@type":"EntryPoint","urlTemplate":"https:\/\/henergylab.com\/es\/?s={search_term_string}"},"query-input":{"@type":"PropertyValueSpecification","valueRequired":true,"valueName":"search_term_string"}}],"inLanguage":"es"},{"@type":"Organization","@id":"https:\/\/henergylab.com\/es\/#organization","name":"HEN","url":"https:\/\/henergylab.com\/es\/","logo":{"@type":"ImageObject","inLanguage":"es","@id":"https:\/\/henergylab.com\/es\/#\/schema\/logo\/image\/","url":"https:\/\/henergylab.com\/wp-content\/uploads\/2025\/07\/Henergylab-logo-scritta-nera-1.png","contentUrl":"https:\/\/henergylab.com\/wp-content\/uploads\/2025\/07\/Henergylab-logo-scritta-nera-1.png","width":128,"height":128,"caption":"HEN"},"image":{"@id":"https:\/\/henergylab.com\/es\/#\/schema\/logo\/image\/"}}]}},"_links":{"self":[{"href":"https:\/\/henergylab.com\/es\/wp-json\/wp\/v2\/pages\/3834","targetHints":{"allow":["GET"]}}],"collection":[{"href":"https:\/\/henergylab.com\/es\/wp-json\/wp\/v2\/pages"}],"about":[{"href":"https:\/\/henergylab.com\/es\/wp-json\/wp\/v2\/types\/page"}],"author":[{"embeddable":true,"href":"https:\/\/henergylab.com\/es\/wp-json\/wp\/v2\/users\/1"}],"replies":[{"embeddable":true,"href":"https:\/\/henergylab.com\/es\/wp-json\/wp\/v2\/comments?post=3834"}],"version-history":[{"count":1,"href":"https:\/\/henergylab.com\/es\/wp-json\/wp\/v2\/pages\/3834\/revisions"}],"predecessor-version":[{"id":3837,"href":"https:\/\/henergylab.com\/es\/wp-json\/wp\/v2\/pages\/3834\/revisions\/3837"}],"wp:attachment":[{"href":"https:\/\/henergylab.com\/es\/wp-json\/wp\/v2\/media?parent=3834"}],"curies":[{"name":"wp","href":"https:\/\/api.w.org\/{rel}","templated":true}]}}