{"id":3869,"date":"2025-02-16T00:46:42","date_gmt":"2025-02-16T00:46:42","guid":{"rendered":"https:\/\/henergylab.com\/hencoils\/"},"modified":"2025-10-28T23:54:28","modified_gmt":"2025-10-28T23:54:28","slug":"hencoils","status":"publish","type":"page","link":"https:\/\/henergylab.com\/es\/productos\/hencoils\/","title":{"rendered":"HENCoils"},"content":{"rendered":"\t\t<div data-elementor-type=\"wp-page\" data-elementor-id=\"3869\" class=\"elementor elementor-3869 elementor-1750\" data-elementor-post-type=\"page\">\n\t\t\t\t<div class=\"elementor-element elementor-element-2abba16 e-con-full e-flex e-con e-parent\" data-id=\"2abba16\" data-element_type=\"container\" data-e-type=\"container\">\n\t\t<div class=\"elementor-element elementor-element-f702f0b e-grid e-con-boxed e-con e-child\" data-id=\"f702f0b\" data-element_type=\"container\" data-e-type=\"container\">\n\t\t\t\t\t<div class=\"e-con-inner\">\n\t\t\t\t\t<\/div>\n\t\t\t\t<\/div>\n\t\t\t\t<div class=\"elementor-element elementor-element-5aae5a9 elementor-widget elementor-widget-text-editor\" data-id=\"5aae5a9\" data-element_type=\"widget\" data-e-type=\"widget\" data-widget_type=\"text-editor.default\">\n\t\t\t\t<div class=\"elementor-widget-container\">\n\t\t\t\t\t\t\t\t\t<h1 class=\"western\"><span style=\"color: #000000;\">Experiencia Toroidal<\/span><\/h1><p><strong>HenCoil: El poder de las frecuencias para tu bienestar<\/strong><\/p><p align=\"left\">Las HenCoil son bobinas toroidales que desarrollan campos electromagn\u00e9ticos pulsados, combinados con campos energ\u00e9ticos sutiles y ondas escalares, capaces de interactuar con el cuerpo humano a un nivel energ\u00e9tico profundo. La configuraci\u00f3n particular de los devanados y la cuidadosa selecci\u00f3n de los materiales que componen el toroide generan un campo energ\u00e9tico escalar capaz de influir no solo en el cuerpo f\u00edsico, sino tambi\u00e9n en los sistemas energ\u00e9ticos sutiles. <\/p><hr><h3 class=\"western\"> <\/h3><h3 class=\"western\">C\u00f3mo funcionan las HenCoil<\/h3><p>La caracter\u00edstica principal de las HenCoil es la capacidad de generar un campo magn\u00e9tico que logra transmitir el mensaje de las diferentes frecuencias. La referencia principal para entender c\u00f3mo las frecuencias transmitidas a trav\u00e9s de campos magn\u00e9ticos, o incluso otros sistemas, afectan nuestro metabolismo es la <strong>Terapia de Frecuencias de Rife<\/strong>, que ha utilizado los principios de la resonancia con fines terap\u00e9uticos durante m\u00e1s de 100 a\u00f1os. <\/p><p>Seg\u00fan la teor\u00eda de la resonancia, cada organismo, c\u00e9lula o pat\u00f3geno tiene una frecuencia de resonancia espec\u00edfica. La propia c\u00e9lula humana es un oscilador el\u00e9ctrico. Esto significa que reacciona a ciertas frecuencias, al igual que un objeto puede vibrar a una frecuencia que corresponde a su resonancia, como en el caso de una soprano que rompe una copa de cristal con una nota aguda. En el caso de los organismos pat\u00f3genos, el uso de una frecuencia espec\u00edfica, a trav\u00e9s de la resonancia, permite su destrucci\u00f3n.  <\/p><p>En el caso de la <strong>terapia Rife<\/strong>, el uso de frecuencias espec\u00edficas puede tener dos efectos principales:<\/p><ul><li><p><strong>Killing (Eliminaci\u00f3n de pat\u00f3genos):<\/strong> Frecuencias espec\u00edficas pueden eliminar pat\u00f3genos como bacterias, virus, par\u00e1sitos y otros organismos nocivos. Este efecto es similar al fen\u00f3meno en el que una soprano logra romper una copa de cristal con su voz, gracias a la resonancia. La forma de onda utilizada es cuadrada o de diente de sierra. <\/p><\/li><li><p><strong>Healing (Curaci\u00f3n):<\/strong> Cuando las frecuencias se utilizan para estimular las c\u00e9lulas y las funciones del organismo, se activa un proceso de curaci\u00f3n. Las frecuencias ayudan al cuerpo a resintonizarse y promover la recuperaci\u00f3n. La forma de onda utilizada es sinusoidal. <\/p><\/li><\/ul><hr><h3> <\/h3><h3 class=\"western\">Impregnaci\u00f3n de frecuencias<\/h3><p>Otra posibilidad que ofrecen las HenCoil es su uso mediante la impregnaci\u00f3n de frecuencias, es decir, registrar las diversas frecuencias en varios soportes, como agua (en este caso hablamos de agua estructurada), cristales de cuarzo o pegatinas hologr\u00e1ficas. Estas \u00faltimas resultan muy eficaces para transmitir un gran n\u00famero de frecuencias a nivel cu\u00e1ntico.<\/p><hr><h3> <\/h3><h3 class=\"western\">Desintoxicaci\u00f3n y reequilibrio energ\u00e9tico<\/h3><p>Adem\u00e1s de estos beneficios terap\u00e9uticos, las HenCoil, mediante el uso de frecuencias espec\u00edficas, realizan una acci\u00f3n de <strong>Detox<\/strong>, favoreciendo la desintoxicaci\u00f3n del organismo. Esto incluye la eliminaci\u00f3n de metales pesados, pesticidas, sustancias qu\u00edmicas y otras toxinas que pueden acumularse en el cuerpo y contribuir a diversos trastornos y enfermedades. A menudo, la acci\u00f3n desintoxicante resulta resolutiva en muchos problemas de salud, mejorando el bienestar general.  <\/p><p>Un beneficio adicional de las HenCoil es su capacidad para <strong>reequilibrar la energ\u00eda ambiental<\/strong>. El campo sutil generado por las bobinas puede extenderse varios metros, creando un ambiente energ\u00e9ticamente m\u00e1s armonioso. Esto las hace ideales para sesiones de <strong>meditaci\u00f3n<\/strong>, <strong>relajaci\u00f3n<\/strong> o durante tratamientos terap\u00e9uticos, contribuyendo a mejorar la calidad del ambiente y favoreciendo el bienestar mental y f\u00edsico.  <\/p><hr><h3> <\/h3><h3 class=\"western\">C\u00f3mo utilizar las HenCoil<\/h3><p style=\"text-align: left;\">Para aprovechar al m\u00e1ximo los beneficios de las Vortex Coil, es necesario conectarlas a una fuente de frecuencias. Existen varias opciones para hacerlo, como por ejemplo un <strong>generador de frecuencias<\/strong> con suficiente potencia de salida, como <strong>Spooky2<\/strong>, <\/p><p><img fetchpriority=\"high\" decoding=\"async\" class=\"wp-image-2285 aligncenter\" src=\"https:\/\/henergylab.com\/wp-content\/uploads\/2025\/03\/spooky-gen-300x152.jpg\" alt=\"\" width=\"486\" height=\"247\" srcset=\"https:\/\/henergylab.com\/wp-content\/uploads\/2025\/03\/spooky-gen-300x152.jpg 300w, https:\/\/henergylab.com\/wp-content\/uploads\/2025\/03\/spooky-gen-504x256.jpg 504w, https:\/\/henergylab.com\/wp-content\/uploads\/2025\/03\/spooky-gen.jpg 686w\" sizes=\"(max-width: 486px) 100vw, 486px\" \/><\/p><p style=\"text-align: left;\">o mediante un <strong>amplificado<\/strong><strong>r de audio<\/strong>, que puede ser controlado v\u00eda bluetooth por una app en el smartphone o tablet, como la <strong>Z-app<\/strong> u otras aplicaciones similares.<img decoding=\"async\" class=\"wp-image-2239 alignright\" src=\"https:\/\/henergylab.com\/wp-content\/uploads\/2025\/03\/Douk-Audio-HiFi-Bluetooth-300x300.jpg\" alt=\"\" width=\"249\" height=\"249\" srcset=\"https:\/\/henergylab.com\/wp-content\/uploads\/2025\/03\/Douk-Audio-HiFi-Bluetooth-300x300.jpg 300w, https:\/\/henergylab.com\/wp-content\/uploads\/2025\/03\/Douk-Audio-HiFi-Bluetooth-1024x1024.jpg 1024w, https:\/\/henergylab.com\/wp-content\/uploads\/2025\/03\/Douk-Audio-HiFi-Bluetooth-150x150.jpg 150w, https:\/\/henergylab.com\/wp-content\/uploads\/2025\/03\/Douk-Audio-HiFi-Bluetooth-768x768.jpg 768w, https:\/\/henergylab.com\/wp-content\/uploads\/2025\/03\/Douk-Audio-HiFi-Bluetooth-600x600.jpg 600w, https:\/\/henergylab.com\/wp-content\/uploads\/2025\/03\/Douk-Audio-HiFi-Bluetooth-265x265.jpg 265w, https:\/\/henergylab.com\/wp-content\/uploads\/2025\/03\/Douk-Audio-HiFi-Bluetooth-504x504.jpg 504w, https:\/\/henergylab.com\/wp-content\/uploads\/2025\/03\/Douk-Audio-HiFi-Bluetooth-100x100.jpg 100w, https:\/\/henergylab.com\/wp-content\/uploads\/2025\/03\/Douk-Audio-HiFi-Bluetooth.jpg 1500w\" sizes=\"(max-width: 249px) 100vw, 249px\" \/><img decoding=\"async\" class=\"wp-image-2243 alignright\" src=\"https:\/\/henergylab.com\/wp-content\/uploads\/2025\/03\/fosi-amp-300x300.webp\" alt=\"\" width=\"249\" height=\"249\" srcset=\"https:\/\/henergylab.com\/wp-content\/uploads\/2025\/03\/fosi-amp-300x300.webp 300w, https:\/\/henergylab.com\/wp-content\/uploads\/2025\/03\/fosi-amp-150x150.webp 150w, https:\/\/henergylab.com\/wp-content\/uploads\/2025\/03\/fosi-amp-768x768.webp 768w, https:\/\/henergylab.com\/wp-content\/uploads\/2025\/03\/fosi-amp-600x600.webp 600w, https:\/\/henergylab.com\/wp-content\/uploads\/2025\/03\/fosi-amp-265x265.webp 265w, https:\/\/henergylab.com\/wp-content\/uploads\/2025\/03\/fosi-amp-504x504.webp 504w, https:\/\/henergylab.com\/wp-content\/uploads\/2025\/03\/fosi-amp-100x100.webp 100w, https:\/\/henergylab.com\/wp-content\/uploads\/2025\/03\/fosi-amp.webp 960w\" sizes=\"(max-width: 249px) 100vw, 249px\" \/><\/p><p style=\"text-align: left;\">De esta manera, las frecuencias pueden ajustarse y personalizarse seg\u00fan las necesidades terap\u00e9uticas, ya sea para estimular la curaci\u00f3n, purificar el cuerpo o mejorar el equilibrio energ\u00e9tico.<\/p><hr><h3> <\/h3><h3 class=\"western\">Conclusiones<\/h3><p>Las HenCoil representan una poderosa herramienta en la terapia energ\u00e9tica, combinando campos magn\u00e9ticos pulsados con las geometr\u00edas particulares de las matem\u00e1ticas de base 9 y las propiedades de materiales espec\u00edficos utilizados. Ya sea para mejorar la salud f\u00edsica, estimular la curaci\u00f3n o simplemente reequilibrar la energ\u00eda en un ambiente, estas bobinas ofrecen una amplia gama de beneficios. La posibilidad de combinar las frecuencias de la terapia Rife con una acci\u00f3n de desintoxicaci\u00f3n y reequilibrio energ\u00e9tico las convierte en una herramienta vers\u00e1til y v\u00e1lida para aplicaciones en el campo del bienestar en todos los niveles.  <\/p>\t\t\t\t\t\t\t\t<\/div>\n\t\t\t\t<\/div>\n\t\t\t\t<\/div>\n\t\t<div class=\"elementor-element elementor-element-4a11db5 e-con-full e-flex e-con e-parent\" data-id=\"4a11db5\" data-element_type=\"container\" data-e-type=\"container\">\n\t\t\t\t<\/div>\n\t\t\t\t<\/div>\n\t\t","protected":false},"excerpt":{"rendered":"<p>Experiencia Toroidal HenCoil: El poder de las frecuencias para tu bienestar Las HenCoil son bobinas toroidales que desarrollan campos electromagn\u00e9ticos pulsados, combinados con campos energ\u00e9ticos sutiles y ondas escalares, capaces de interactuar con el cuerpo humano a un nivel energ\u00e9tico profundo. La configuraci\u00f3n particular de los devanados y la cuidadosa selecci\u00f3n de los materiales que [&hellip;]<\/p>\n","protected":false},"author":1,"featured_media":3871,"parent":4037,"menu_order":0,"comment_status":"closed","ping_status":"closed","template":"","meta":{"ocean_post_layout":"","ocean_both_sidebars_style":"","ocean_both_sidebars_content_width":0,"ocean_both_sidebars_sidebars_width":0,"ocean_sidebar":"","ocean_second_sidebar":"","ocean_disable_margins":"enable","ocean_add_body_class":"","ocean_shortcode_before_top_bar":"","ocean_shortcode_after_top_bar":"","ocean_shortcode_before_header":"","ocean_shortcode_after_header":"","ocean_has_shortcode":"","ocean_shortcode_after_title":"","ocean_shortcode_before_footer_widgets":"","ocean_shortcode_after_footer_widgets":"","ocean_shortcode_before_footer_bottom":"","ocean_shortcode_after_footer_bottom":"","ocean_display_top_bar":"default","ocean_display_header":"default","ocean_header_style":"","ocean_center_header_left_menu":"","ocean_custom_header_template":"","ocean_custom_logo":0,"ocean_custom_retina_logo":0,"ocean_custom_logo_max_width":0,"ocean_custom_logo_tablet_max_width":0,"ocean_custom_logo_mobile_max_width":0,"ocean_custom_logo_max_height":0,"ocean_custom_logo_tablet_max_height":0,"ocean_custom_logo_mobile_max_height":0,"ocean_header_custom_menu":"","ocean_menu_typo_font_family":"","ocean_menu_typo_font_subset":"","ocean_menu_typo_font_size":0,"ocean_menu_typo_font_size_tablet":0,"ocean_menu_typo_font_size_mobile":0,"ocean_menu_typo_font_size_unit":"px","ocean_menu_typo_font_weight":"","ocean_menu_typo_font_weight_tablet":"","ocean_menu_typo_font_weight_mobile":"","ocean_menu_typo_transform":"","ocean_menu_typo_transform_tablet":"","ocean_menu_typo_transform_mobile":"","ocean_menu_typo_line_height":0,"ocean_menu_typo_line_height_tablet":0,"ocean_menu_typo_line_height_mobile":0,"ocean_menu_typo_line_height_unit":"","ocean_menu_typo_spacing":0,"ocean_menu_typo_spacing_tablet":0,"ocean_menu_typo_spacing_mobile":0,"ocean_menu_typo_spacing_unit":"","ocean_menu_link_color":"","ocean_menu_link_color_hover":"","ocean_menu_link_color_active":"","ocean_menu_link_background":"","ocean_menu_link_hover_background":"","ocean_menu_link_active_background":"","ocean_menu_social_links_bg":"","ocean_menu_social_hover_links_bg":"","ocean_menu_social_links_color":"","ocean_menu_social_hover_links_color":"","ocean_disable_title":"default","ocean_disable_heading":"default","ocean_post_title":"","ocean_post_subheading":"","ocean_post_title_style":"","ocean_post_title_background_color":"","ocean_post_title_background":0,"ocean_post_title_bg_image_position":"","ocean_post_title_bg_image_attachment":"","ocean_post_title_bg_image_repeat":"","ocean_post_title_bg_image_size":"","ocean_post_title_height":0,"ocean_post_title_bg_overlay":0.5,"ocean_post_title_bg_overlay_color":"","ocean_disable_breadcrumbs":"default","ocean_breadcrumbs_color":"","ocean_breadcrumbs_separator_color":"","ocean_breadcrumbs_links_color":"","ocean_breadcrumbs_links_hover_color":"","ocean_display_footer_widgets":"default","ocean_display_footer_bottom":"default","ocean_custom_footer_template":"","_glsr_average":0,"_glsr_ranking":0,"_glsr_reviews":0,"footnotes":""},"class_list":["post-3869","page","type-page","status-publish","has-post-thumbnail","hentry","entry","has-media","owp-thumbs-layout-vertical","owp-btn-normal","owp-tabs-layout-horizontal","has-no-thumbnails","has-product-nav"],"yoast_head":"<!-- This site is optimized with the Yoast SEO plugin v27.4 - https:\/\/yoast.com\/product\/yoast-seo-wordpress\/ -->\n<title>HENCoils - HEN<\/title>\n<meta name=\"robots\" content=\"index, follow, max-snippet:-1, max-image-preview:large, max-video-preview:-1\" \/>\n<link rel=\"canonical\" href=\"https:\/\/henergylab.com\/es\/productos\/hencoils\/\" \/>\n<meta property=\"og:locale\" content=\"es_ES\" \/>\n<meta property=\"og:type\" content=\"article\" \/>\n<meta property=\"og:title\" content=\"HENCoils - HEN\" \/>\n<meta property=\"og:description\" content=\"Experiencia Toroidal HenCoil: El poder de las frecuencias para tu bienestar Las HenCoil son bobinas toroidales que desarrollan campos electromagn\u00e9ticos pulsados, combinados con campos energ\u00e9ticos sutiles y ondas escalares, capaces de interactuar con el cuerpo humano a un nivel energ\u00e9tico profundo. La configuraci\u00f3n particular de los devanados y la cuidadosa selecci\u00f3n de los materiales que [&hellip;]\" \/>\n<meta property=\"og:url\" content=\"https:\/\/henergylab.com\/es\/productos\/hencoils\/\" \/>\n<meta property=\"og:site_name\" content=\"HEN\" \/>\n<meta property=\"article:modified_time\" content=\"2025-10-28T23:54:28+00:00\" \/>\n<meta property=\"og:image\" content=\"https:\/\/henergylab.com\/wp-content\/uploads\/2025\/02\/cropped-3-coil-siteimage2-scaled-1.jpg\" \/>\n\t<meta property=\"og:image:width\" content=\"2000\" \/>\n\t<meta property=\"og:image:height\" content=\"1198\" \/>\n\t<meta property=\"og:image:type\" content=\"image\/jpeg\" \/>\n<meta name=\"twitter:card\" content=\"summary_large_image\" \/>\n<meta name=\"twitter:label1\" content=\"Tiempo de lectura\" \/>\n\t<meta name=\"twitter:data1\" content=\"4 minutos\" \/>\n<script type=\"application\/ld+json\" class=\"yoast-schema-graph\">{\"@context\":\"https:\\\/\\\/schema.org\",\"@graph\":[{\"@type\":\"WebPage\",\"@id\":\"https:\\\/\\\/henergylab.com\\\/es\\\/productos\\\/hencoils\\\/\",\"url\":\"https:\\\/\\\/henergylab.com\\\/es\\\/productos\\\/hencoils\\\/\",\"name\":\"HENCoils - HEN\",\"isPartOf\":{\"@id\":\"https:\\\/\\\/henergylab.com\\\/es\\\/#website\"},\"primaryImageOfPage\":{\"@id\":\"https:\\\/\\\/henergylab.com\\\/es\\\/productos\\\/hencoils\\\/#primaryimage\"},\"image\":{\"@id\":\"https:\\\/\\\/henergylab.com\\\/es\\\/productos\\\/hencoils\\\/#primaryimage\"},\"thumbnailUrl\":\"https:\\\/\\\/henergylab.com\\\/wp-content\\\/uploads\\\/2025\\\/02\\\/cropped-3-coil-siteimage2-scaled-1.jpg\",\"datePublished\":\"2025-02-16T00:46:42+00:00\",\"dateModified\":\"2025-10-28T23:54:28+00:00\",\"breadcrumb\":{\"@id\":\"https:\\\/\\\/henergylab.com\\\/es\\\/productos\\\/hencoils\\\/#breadcrumb\"},\"inLanguage\":\"es\",\"potentialAction\":[{\"@type\":\"ReadAction\",\"target\":[\"https:\\\/\\\/henergylab.com\\\/es\\\/productos\\\/hencoils\\\/\"]}]},{\"@type\":\"ImageObject\",\"inLanguage\":\"es\",\"@id\":\"https:\\\/\\\/henergylab.com\\\/es\\\/productos\\\/hencoils\\\/#primaryimage\",\"url\":\"https:\\\/\\\/henergylab.com\\\/wp-content\\\/uploads\\\/2025\\\/02\\\/cropped-3-coil-siteimage2-scaled-1.jpg\",\"contentUrl\":\"https:\\\/\\\/henergylab.com\\\/wp-content\\\/uploads\\\/2025\\\/02\\\/cropped-3-coil-siteimage2-scaled-1.jpg\",\"width\":2000,\"height\":1198},{\"@type\":\"BreadcrumbList\",\"@id\":\"https:\\\/\\\/henergylab.com\\\/es\\\/productos\\\/hencoils\\\/#breadcrumb\",\"itemListElement\":[{\"@type\":\"ListItem\",\"position\":1,\"name\":\"Home\",\"item\":\"https:\\\/\\\/henergylab.com\\\/es\\\/\"},{\"@type\":\"ListItem\",\"position\":2,\"name\":\"Productos\",\"item\":\"https:\\\/\\\/henergylab.com\\\/es\\\/prodotti\\\/\"},{\"@type\":\"ListItem\",\"position\":3,\"name\":\"HENCoils\"}]},{\"@type\":\"WebSite\",\"@id\":\"https:\\\/\\\/henergylab.com\\\/es\\\/#website\",\"url\":\"https:\\\/\\\/henergylab.com\\\/es\\\/\",\"name\":\"henergylab\",\"description\":\"\",\"publisher\":{\"@id\":\"https:\\\/\\\/henergylab.com\\\/es\\\/#organization\"},\"potentialAction\":[{\"@type\":\"SearchAction\",\"target\":{\"@type\":\"EntryPoint\",\"urlTemplate\":\"https:\\\/\\\/henergylab.com\\\/es\\\/?s={search_term_string}\"},\"query-input\":{\"@type\":\"PropertyValueSpecification\",\"valueRequired\":true,\"valueName\":\"search_term_string\"}}],\"inLanguage\":\"es\"},{\"@type\":\"Organization\",\"@id\":\"https:\\\/\\\/henergylab.com\\\/es\\\/#organization\",\"name\":\"HEN\",\"url\":\"https:\\\/\\\/henergylab.com\\\/es\\\/\",\"logo\":{\"@type\":\"ImageObject\",\"inLanguage\":\"es\",\"@id\":\"https:\\\/\\\/henergylab.com\\\/es\\\/#\\\/schema\\\/logo\\\/image\\\/\",\"url\":\"https:\\\/\\\/henergylab.com\\\/wp-content\\\/uploads\\\/2025\\\/07\\\/Henergylab-logo-scritta-nera-1.png\",\"contentUrl\":\"https:\\\/\\\/henergylab.com\\\/wp-content\\\/uploads\\\/2025\\\/07\\\/Henergylab-logo-scritta-nera-1.png\",\"width\":128,\"height\":128,\"caption\":\"HEN\"},\"image\":{\"@id\":\"https:\\\/\\\/henergylab.com\\\/es\\\/#\\\/schema\\\/logo\\\/image\\\/\"}}]}<\/script>\n<!-- \/ Yoast SEO plugin. -->","yoast_head_json":{"title":"HENCoils - HEN","robots":{"index":"index","follow":"follow","max-snippet":"max-snippet:-1","max-image-preview":"max-image-preview:large","max-video-preview":"max-video-preview:-1"},"canonical":"https:\/\/henergylab.com\/es\/productos\/hencoils\/","og_locale":"es_ES","og_type":"article","og_title":"HENCoils - HEN","og_description":"Experiencia Toroidal HenCoil: El poder de las frecuencias para tu bienestar Las HenCoil son bobinas toroidales que desarrollan campos electromagn\u00e9ticos pulsados, combinados con campos energ\u00e9ticos sutiles y ondas escalares, capaces de interactuar con el cuerpo humano a un nivel energ\u00e9tico profundo. La configuraci\u00f3n particular de los devanados y la cuidadosa selecci\u00f3n de los materiales que [&hellip;]","og_url":"https:\/\/henergylab.com\/es\/productos\/hencoils\/","og_site_name":"HEN","article_modified_time":"2025-10-28T23:54:28+00:00","og_image":[{"width":2000,"height":1198,"url":"https:\/\/henergylab.com\/wp-content\/uploads\/2025\/02\/cropped-3-coil-siteimage2-scaled-1.jpg","type":"image\/jpeg"}],"twitter_card":"summary_large_image","twitter_misc":{"Tiempo de lectura":"4 minutos"},"schema":{"@context":"https:\/\/schema.org","@graph":[{"@type":"WebPage","@id":"https:\/\/henergylab.com\/es\/productos\/hencoils\/","url":"https:\/\/henergylab.com\/es\/productos\/hencoils\/","name":"HENCoils - HEN","isPartOf":{"@id":"https:\/\/henergylab.com\/es\/#website"},"primaryImageOfPage":{"@id":"https:\/\/henergylab.com\/es\/productos\/hencoils\/#primaryimage"},"image":{"@id":"https:\/\/henergylab.com\/es\/productos\/hencoils\/#primaryimage"},"thumbnailUrl":"https:\/\/henergylab.com\/wp-content\/uploads\/2025\/02\/cropped-3-coil-siteimage2-scaled-1.jpg","datePublished":"2025-02-16T00:46:42+00:00","dateModified":"2025-10-28T23:54:28+00:00","breadcrumb":{"@id":"https:\/\/henergylab.com\/es\/productos\/hencoils\/#breadcrumb"},"inLanguage":"es","potentialAction":[{"@type":"ReadAction","target":["https:\/\/henergylab.com\/es\/productos\/hencoils\/"]}]},{"@type":"ImageObject","inLanguage":"es","@id":"https:\/\/henergylab.com\/es\/productos\/hencoils\/#primaryimage","url":"https:\/\/henergylab.com\/wp-content\/uploads\/2025\/02\/cropped-3-coil-siteimage2-scaled-1.jpg","contentUrl":"https:\/\/henergylab.com\/wp-content\/uploads\/2025\/02\/cropped-3-coil-siteimage2-scaled-1.jpg","width":2000,"height":1198},{"@type":"BreadcrumbList","@id":"https:\/\/henergylab.com\/es\/productos\/hencoils\/#breadcrumb","itemListElement":[{"@type":"ListItem","position":1,"name":"Home","item":"https:\/\/henergylab.com\/es\/"},{"@type":"ListItem","position":2,"name":"Productos","item":"https:\/\/henergylab.com\/es\/prodotti\/"},{"@type":"ListItem","position":3,"name":"HENCoils"}]},{"@type":"WebSite","@id":"https:\/\/henergylab.com\/es\/#website","url":"https:\/\/henergylab.com\/es\/","name":"henergylab","description":"","publisher":{"@id":"https:\/\/henergylab.com\/es\/#organization"},"potentialAction":[{"@type":"SearchAction","target":{"@type":"EntryPoint","urlTemplate":"https:\/\/henergylab.com\/es\/?s={search_term_string}"},"query-input":{"@type":"PropertyValueSpecification","valueRequired":true,"valueName":"search_term_string"}}],"inLanguage":"es"},{"@type":"Organization","@id":"https:\/\/henergylab.com\/es\/#organization","name":"HEN","url":"https:\/\/henergylab.com\/es\/","logo":{"@type":"ImageObject","inLanguage":"es","@id":"https:\/\/henergylab.com\/es\/#\/schema\/logo\/image\/","url":"https:\/\/henergylab.com\/wp-content\/uploads\/2025\/07\/Henergylab-logo-scritta-nera-1.png","contentUrl":"https:\/\/henergylab.com\/wp-content\/uploads\/2025\/07\/Henergylab-logo-scritta-nera-1.png","width":128,"height":128,"caption":"HEN"},"image":{"@id":"https:\/\/henergylab.com\/es\/#\/schema\/logo\/image\/"}}]}},"_links":{"self":[{"href":"https:\/\/henergylab.com\/es\/wp-json\/wp\/v2\/pages\/3869","targetHints":{"allow":["GET"]}}],"collection":[{"href":"https:\/\/henergylab.com\/es\/wp-json\/wp\/v2\/pages"}],"about":[{"href":"https:\/\/henergylab.com\/es\/wp-json\/wp\/v2\/types\/page"}],"author":[{"embeddable":true,"href":"https:\/\/henergylab.com\/es\/wp-json\/wp\/v2\/users\/1"}],"replies":[{"embeddable":true,"href":"https:\/\/henergylab.com\/es\/wp-json\/wp\/v2\/comments?post=3869"}],"version-history":[{"count":1,"href":"https:\/\/henergylab.com\/es\/wp-json\/wp\/v2\/pages\/3869\/revisions"}],"predecessor-version":[{"id":3872,"href":"https:\/\/henergylab.com\/es\/wp-json\/wp\/v2\/pages\/3869\/revisions\/3872"}],"up":[{"embeddable":true,"href":"https:\/\/henergylab.com\/es\/wp-json\/wp\/v2\/pages\/4037"}],"wp:featuredmedia":[{"embeddable":true,"href":"https:\/\/henergylab.com\/es\/wp-json\/wp\/v2\/media\/3871"}],"wp:attachment":[{"href":"https:\/\/henergylab.com\/es\/wp-json\/wp\/v2\/media?parent=3869"}],"curies":[{"name":"wp","href":"https:\/\/api.w.org\/{rel}","templated":true}]}}