{"id":4439,"date":"2025-05-30T14:18:52","date_gmt":"2025-05-30T14:18:52","guid":{"rendered":"https:\/\/henergylab.com\/ondas-escalares\/"},"modified":"2025-10-30T22:31:46","modified_gmt":"2025-10-30T22:31:46","slug":"ondas-escalares","status":"publish","type":"page","link":"https:\/\/henergylab.com\/es\/ondas-escalares\/","title":{"rendered":"Ondas escalares"},"content":{"rendered":"\t\t<div data-elementor-type=\"wp-page\" data-elementor-id=\"4439\" class=\"elementor elementor-4439 elementor-2927\" data-elementor-post-type=\"page\">\n\t\t\t\t<div class=\"elementor-element elementor-element-2c72a32 e-con-full e-flex e-con e-parent\" data-id=\"2c72a32\" data-element_type=\"container\" data-e-type=\"container\">\n\t\t\t\t<div class=\"elementor-element elementor-element-354c621 elementor-widget elementor-widget-spacer\" data-id=\"354c621\" data-element_type=\"widget\" data-e-type=\"widget\" data-widget_type=\"spacer.default\">\n\t\t\t\t<div class=\"elementor-widget-container\">\n\t\t\t\t\t\t\t<div class=\"elementor-spacer\">\n\t\t\t<div class=\"elementor-spacer-inner\"><\/div>\n\t\t<\/div>\n\t\t\t\t\t\t<\/div>\n\t\t\t\t<\/div>\n\t\t\t\t<div class=\"elementor-element elementor-element-79a3766 elementor-widget elementor-widget-text-editor\" data-id=\"79a3766\" data-element_type=\"widget\" data-e-type=\"widget\" data-widget_type=\"text-editor.default\">\n\t\t\t\t<div class=\"elementor-widget-container\">\n\t\t\t\t\t\t\t\t\t<h1>Onde Scalari<\/h1>\n<p>Le onde scalari, conosciute anche come <strong>onde di Tesla<\/strong>, furono scoperte nel secolo scorso dal celebre inventore Nikola Tesla. Chiamate anche <strong>onde longitudinali<\/strong> o <strong>onde di pressione<\/strong>, si differenziano dalle comuni onde elettromagnetiche (come la luce visibile o le microonde) perch\u00e9 si muovono <strong>parallelamente alla loro direzione di propagazione<\/strong>.<\/p>\n<h3 class=\"western\">Onde Trasversali vs Longitudinali<\/h3>\n<p><img fetchpriority=\"high\" decoding=\"async\" class=\"size-medium wp-image-2936 alignright\" src=\"https:\/\/henergylab.com\/wp-content\/uploads\/2025\/05\/longitudinal-transverse-300x169.jpg\" alt=\"\" width=\"300\" height=\"169\" srcset=\"https:\/\/henergylab.com\/wp-content\/uploads\/2025\/05\/longitudinal-transverse-300x169.jpg 300w, https:\/\/henergylab.com\/wp-content\/uploads\/2025\/05\/longitudinal-transverse-504x284.jpg 504w, https:\/\/henergylab.com\/wp-content\/uploads\/2025\/05\/longitudinal-transverse.jpg 686w\" sizes=\"(max-width: 300px) 100vw, 300px\" \/><\/p>\n<p>Le <strong>onde trasversali<\/strong> (come le onde del mare o la vibrazione di una corda di chitarra) oscillano dall\u2019alto verso il basso mentre si propagano orizzontalmente.<br \/>Al contrario, le <strong>onde longitudinali<\/strong> oscillano nella stessa direzione di propagazione,\u00a0come quando si comprime e poi si rilascia una molla: le zone di compressione e rarefazione si muovono lungo la stessa direzione.<\/p>\n<p><strong>Come si formano le onde scalari?<\/strong><\/p>\n<p>Tecnicamente, le onde scalari <strong>non hanno direzione<\/strong>: sono create dall\u2019interferenza di <strong>due onde elettromagnetiche sfasate di 180\u00b0<\/strong>. Questa configurazione <strong>cancella i campi elettrici e magnetici<\/strong>, dando origine a una \u201c<strong>onda di pressione<\/strong>\u201d che va oltre il comportamento delle comuni onde EM.<\/p>\n<p>Il fisico matematico James Clerk Maxwell, nelle sue equazioni matematiche originali riguardanti l&#8217;elettromagnetismo, stabil\u00ec l&#8217;esistenza teorica delle onde di pressione. Dopo la sua morte, tuttavia, i fisici successivi ipotizzarono queste equazioni erano prive di significato perch\u00e9 le energie sottili non erano state osservate empiricamente e non erano state ripetutamente verificate dalla comunit\u00e0 scientifica in generale.<\/p>\n<p>Tuttavia le ricerche sulle onde scalari sono state approfondite da scienziati contemporanei come <strong><a href=\"https:\/\/it.wikipedia.org\/wiki\/Konstantin_Meyl\">Konstantin Meyl<\/a>, Thomas Imlauer e <a href=\"http:\/\/jnaudin.free.fr\/html\/sclxmtr.htm\">Jean-Louis Naudin<\/a><\/strong>, che ne hanno dimostrato sperimentalmente l\u2019esistenza e le loro capacit\u00e0 sorprendenti:<\/p>\n<p>Superare la velocit\u00e0 della luce<br \/>Attraversare schermature elettromagnetiche (come le <strong>gabbie di Faraday<\/strong>)<br \/>Generare effetti di <strong>overunity<\/strong> (pi\u00f9 energia in uscita che in entrata)<br \/>Propagarsi in una dimensione ancora poco conosciuta, chiamata iperspazio, pre-spazio o <strong>etere<\/strong>.<br \/>Non sono lineari e non diminuiscono con la distanza<br \/>Trasportano informazioni e aumentano l\u2019energia cellulare<br \/>Migliorano la funzione immunitaria e cancellano la memoria cellulare Permettono lo scioglimento di blocchi\/traumi emotivi<\/p>\n<p><strong>Causano un <\/strong><strong>R<\/strong><strong>iordino coerente<\/strong> della struttura molecolare dell\u2019acqua.<\/p>\n<p>In uno stato coerente, le molecole vibrano <strong>simultaneamente nella stessa direzione<\/strong>, come una compagnia militare durante una marcia. In uno stato incoerente, invece, si muovono in modo disordinato, come una folla. In questo modo, l\u2019acqua crea un \u201ccampo elettromagnetico intonato\u201d, come un <strong>suono puro<\/strong> e coerente, invece che un rumore stonato, ci\u00f2 permette di imprimere o strutturare efficacemente l\u2019acqua secondo frequenze magnetiche specifiche, ad esempio con il principio attivo di un farmaco specifico.<\/p>\n<h3 class=\"western\">Effetti sulle cellule e il DNA<\/h3>\n<p>Le onde scalari:<br \/>Ricaricano i <strong>mitocondri<\/strong> migliorando la produzione di <strong>ATP<\/strong>, la principale fonte di energia cellulare<br \/>Migliorano la comunicazione cellulare<\/p>\n<p>Bilanciano anche i <strong>due emisferi cerebrali<\/strong> (misurato tramite EEG) e sono fondamentali nella <strong>strutturazione delle forme in natura<\/strong>.<\/p>\n<p>Le onde scalari costituiscono il \u201c<strong>tessuto<\/strong>\u201d dei <strong>campi morfogenetici<\/strong>, guidando la crescita e la differenziazione delle cellule e dei tessuti.<img decoding=\"async\" class=\"size-medium wp-image-2943 alignright\" src=\"https:\/\/henergylab.com\/wp-content\/uploads\/2025\/05\/DNA-onderzoek-300x169.png\" alt=\"\" width=\"300\" height=\"169\" srcset=\"https:\/\/henergylab.com\/wp-content\/uploads\/2025\/05\/DNA-onderzoek-300x169.png 300w, https:\/\/henergylab.com\/wp-content\/uploads\/2025\/05\/DNA-onderzoek-504x284.png 504w, https:\/\/henergylab.com\/wp-content\/uploads\/2025\/05\/DNA-onderzoek.png 700w\" sizes=\"(max-width: 300px) 100vw, 300px\" \/><\/p>\n<p>La <strong>doppia elica del DNA<\/strong> funge da antenna, grazie alla sua struttura <strong>a spirale Phi<\/strong> (1,618 volte pi\u00f9 lunga che larga). Questo schema supporta la formazione e il mantenimento della doppia elica stessa.<\/p>\n<p>Il DNA forma <strong>superspirali<\/strong> (simili a bobine di M\u00f6bius) nei mitocondri, generando e ricevendo onde scalari in tutto il corpo.<\/p>\n<h3 class=\"western\">Il cuore e la geometria delle onde scalari<\/h3>\n<p>Anche il cuore segue lo stesso principio:<br \/>Il <strong>ventricolo<\/strong> ha una struttura tridimensionale chiamata <strong>banda miocardica ventricolare elicoidale (HVMB)<\/strong>, simile a una striscia di M\u00f6bius a tripla torsione. Da qui emergerebbe la capacit\u00e0 del cuore di di irradiare frequenze coerenti che promuovono la salute e la vitalit\u00e0 dell&#8217;intero sistema umano.<\/p>\n<p>La striscia di Moebius \u00e8 un modello geometrico adatta alla generazione di onde scalari, la sua configurazione a loop, applicata ad un contesto elettromagnetico, garantisce che quasi tutti i campi elettromagnetici e i campi di potenziale vengano annullati, generando di conseguenza onde scalari.<img decoding=\"async\" class=\"size-medium wp-image-2959 alignright\" src=\"https:\/\/henergylab.com\/wp-content\/uploads\/2025\/06\/mobius-strip-meta-300x170.jpg\" alt=\"\" width=\"300\" height=\"170\" srcset=\"https:\/\/henergylab.com\/wp-content\/uploads\/2025\/06\/mobius-strip-meta-300x170.jpg 300w, https:\/\/henergylab.com\/wp-content\/uploads\/2025\/06\/mobius-strip-meta-1024x580.jpg 1024w, https:\/\/henergylab.com\/wp-content\/uploads\/2025\/06\/mobius-strip-meta-768x435.jpg 768w, https:\/\/henergylab.com\/wp-content\/uploads\/2025\/06\/mobius-strip-meta-800x450.jpg 800w, https:\/\/henergylab.com\/wp-content\/uploads\/2025\/06\/mobius-strip-meta-504x286.jpg 504w, https:\/\/henergylab.com\/wp-content\/uploads\/2025\/06\/mobius-strip-meta.jpg 1200w\" sizes=\"(max-width: 300px) 100vw, 300px\" \/><\/p>\n<p align=\"left\">L\u2019essere umano \u00e8 concepito per emettere e ricevere onde scalari, questo vale sia per il funzionamento del corpo umano, ma anche per le energie sottili, come quelle <strong>emotive, mentali e spirituali<\/strong>, sono costituite ed influenzate da onde scalari. Persino <strong>la parola, le emozioni e i pensieri<\/strong> sono emissioni scalari.<\/p>\n<p align=\"left\">Hencoil \u00e8 concepita \u00e8 concepita secondo i principi del Phi e la Voretx Based Matemathics sviluppata da <a href=\"https:\/\/www.youtube.com\/watch?v=fI93jeaXGvs\">Marko Rodin<\/a>, che illustra la scienza dell&#8217;universo inter dimensionale attraverso l&#8217;uso di numeri interi, strutture toroidali e concetti spirituali. La VBM offre una chiave per comprendere la scienza interdimensionale attraverso numeri dinamici che danno vita a schemi geometrici. In particolare, i numeri disposti in cerchio con il 9 al vertice creano uno schema di raddoppio infinito: 1, 2, 4, 8, 7, 5. Questo schema rappresenta una bobina elettrica efficiente e dimostra come l&#8217;energia fluisca nell&#8217;universo in accordo con il sistema decimale a base dieci.<\/p>\n<p align=\"left\">HenCoil \u00e8 un dispositivo che integra i campi magnetici\/scalari con in campo energetico accumulato dal materiale di cui \u00e8 composto il toroide, questa<\/p>\n<p><img loading=\"lazy\" decoding=\"async\" class=\"size-medium wp-image-2465 alignright\" src=\"https:\/\/henergylab.com\/wp-content\/uploads\/2025\/01\/bobina-quarzo1-300x221.jpg\" alt=\"\" width=\"300\" height=\"221\" srcset=\"https:\/\/henergylab.com\/wp-content\/uploads\/2025\/01\/bobina-quarzo1-300x221.jpg 300w, https:\/\/henergylab.com\/wp-content\/uploads\/2025\/01\/bobina-quarzo1-1024x756.jpg 1024w, https:\/\/henergylab.com\/wp-content\/uploads\/2025\/01\/bobina-quarzo1-768x567.jpg 768w, https:\/\/henergylab.com\/wp-content\/uploads\/2025\/01\/bobina-quarzo1-1536x1134.jpg 1536w, https:\/\/henergylab.com\/wp-content\/uploads\/2025\/01\/bobina-quarzo1-2048x1512.jpg 2048w, https:\/\/henergylab.com\/wp-content\/uploads\/2025\/01\/bobina-quarzo1-504x372.jpg 504w\" sizes=\"(max-width: 300px) 100vw, 300px\" \/><\/p>\n<p align=\"left\">\u00a0interazione genera un campo espanso di energia modulata sulle propriet\u00e0 dei materiali impiegati e delle frequenze utilizzate.<\/p>\n<p>c<\/p>\n<hr \/>\n<hr \/>\n\t\t\t\t\t\t\t\t<\/div>\n\t\t\t\t<\/div>\n\t\t\t\t<\/div>\n\t\t<div class=\"elementor-element elementor-element-712faec e-flex e-con-boxed e-con e-parent\" data-id=\"712faec\" data-element_type=\"container\" data-e-type=\"container\">\n\t\t\t\t\t<div class=\"e-con-inner\">\n\t\t\t\t\t<\/div>\n\t\t\t\t<\/div>\n\t\t\t\t<\/div>\n\t\t","protected":false},"excerpt":{"rendered":"<p>Onde Scalari Le onde scalari, conosciute anche come onde di Tesla, furono scoperte nel secolo scorso dal celebre inventore Nikola Tesla. Chiamate anche onde longitudinali o onde di pressione, si differenziano dalle comuni onde elettromagnetiche (come la luce visibile o le microonde) perch\u00e9 si muovono parallelamente alla loro direzione di propagazione. Onde Trasversali vs Longitudinali [&hellip;]<\/p>\n","protected":false},"author":1,"featured_media":0,"parent":0,"menu_order":0,"comment_status":"closed","ping_status":"closed","template":"","meta":{"ocean_post_layout":"","ocean_both_sidebars_style":"","ocean_both_sidebars_content_width":0,"ocean_both_sidebars_sidebars_width":0,"ocean_sidebar":"","ocean_second_sidebar":"","ocean_disable_margins":"enable","ocean_add_body_class":"","ocean_shortcode_before_top_bar":"","ocean_shortcode_after_top_bar":"","ocean_shortcode_before_header":"","ocean_shortcode_after_header":"","ocean_has_shortcode":"","ocean_shortcode_after_title":"","ocean_shortcode_before_footer_widgets":"","ocean_shortcode_after_footer_widgets":"","ocean_shortcode_before_footer_bottom":"","ocean_shortcode_after_footer_bottom":"","ocean_display_top_bar":"default","ocean_display_header":"default","ocean_header_style":"","ocean_center_header_left_menu":"","ocean_custom_header_template":"","ocean_custom_logo":0,"ocean_custom_retina_logo":0,"ocean_custom_logo_max_width":0,"ocean_custom_logo_tablet_max_width":0,"ocean_custom_logo_mobile_max_width":0,"ocean_custom_logo_max_height":0,"ocean_custom_logo_tablet_max_height":0,"ocean_custom_logo_mobile_max_height":0,"ocean_header_custom_menu":"","ocean_menu_typo_font_family":"","ocean_menu_typo_font_subset":"","ocean_menu_typo_font_size":0,"ocean_menu_typo_font_size_tablet":0,"ocean_menu_typo_font_size_mobile":0,"ocean_menu_typo_font_size_unit":"px","ocean_menu_typo_font_weight":"","ocean_menu_typo_font_weight_tablet":"","ocean_menu_typo_font_weight_mobile":"","ocean_menu_typo_transform":"","ocean_menu_typo_transform_tablet":"","ocean_menu_typo_transform_mobile":"","ocean_menu_typo_line_height":0,"ocean_menu_typo_line_height_tablet":0,"ocean_menu_typo_line_height_mobile":0,"ocean_menu_typo_line_height_unit":"","ocean_menu_typo_spacing":0,"ocean_menu_typo_spacing_tablet":0,"ocean_menu_typo_spacing_mobile":0,"ocean_menu_typo_spacing_unit":"","ocean_menu_link_color":"","ocean_menu_link_color_hover":"","ocean_menu_link_color_active":"","ocean_menu_link_background":"","ocean_menu_link_hover_background":"","ocean_menu_link_active_background":"","ocean_menu_social_links_bg":"","ocean_menu_social_hover_links_bg":"","ocean_menu_social_links_color":"","ocean_menu_social_hover_links_color":"","ocean_disable_title":"default","ocean_disable_heading":"default","ocean_post_title":"","ocean_post_subheading":"","ocean_post_title_style":"","ocean_post_title_background_color":"","ocean_post_title_background":0,"ocean_post_title_bg_image_position":"","ocean_post_title_bg_image_attachment":"","ocean_post_title_bg_image_repeat":"","ocean_post_title_bg_image_size":"","ocean_post_title_height":0,"ocean_post_title_bg_overlay":0.5,"ocean_post_title_bg_overlay_color":"","ocean_disable_breadcrumbs":"default","ocean_breadcrumbs_color":"","ocean_breadcrumbs_separator_color":"","ocean_breadcrumbs_links_color":"","ocean_breadcrumbs_links_hover_color":"","ocean_display_footer_widgets":"default","ocean_display_footer_bottom":"default","ocean_custom_footer_template":"","_glsr_average":0,"_glsr_ranking":0,"_glsr_reviews":0,"footnotes":""},"class_list":["post-4439","page","type-page","status-publish","hentry","entry","owp-thumbs-layout-vertical","owp-btn-normal","owp-tabs-layout-horizontal","has-no-thumbnails","has-product-nav"],"yoast_head":"<!-- This site is optimized with the Yoast SEO plugin v27.4 - https:\/\/yoast.com\/product\/yoast-seo-wordpress\/ -->\n<title>Ondas escalares - HEN<\/title>\n<meta name=\"description\" content=\"Ondas escalares: c\u00f3mo se forman y c\u00f3mo influyen en la energ\u00eda, las c\u00e9lulas y las estructuras naturales; la relaci\u00f3n entre las ondas escalares, el ADN y la coherencia energ\u00e9tica.\" \/>\n<meta name=\"robots\" content=\"index, follow, max-snippet:-1, max-image-preview:large, max-video-preview:-1\" \/>\n<link rel=\"canonical\" href=\"https:\/\/henergylab.com\/es\/ondas-escalares\/\" \/>\n<meta property=\"og:locale\" content=\"es_ES\" \/>\n<meta property=\"og:type\" content=\"article\" \/>\n<meta property=\"og:title\" content=\"Ondas escalares - HEN\" \/>\n<meta property=\"og:description\" content=\"Ondas escalares: c\u00f3mo se forman y c\u00f3mo influyen en la energ\u00eda, las c\u00e9lulas y las estructuras naturales; la relaci\u00f3n entre las ondas escalares, el ADN y la coherencia energ\u00e9tica.\" \/>\n<meta property=\"og:url\" content=\"https:\/\/henergylab.com\/es\/ondas-escalares\/\" \/>\n<meta property=\"og:site_name\" content=\"HEN\" \/>\n<meta property=\"article:modified_time\" content=\"2025-10-30T22:31:46+00:00\" \/>\n<meta property=\"og:image\" content=\"https:\/\/henergylab.com\/wp-content\/uploads\/2025\/05\/longitudinal-transverse.jpg\" \/>\n\t<meta property=\"og:image:width\" content=\"686\" \/>\n\t<meta property=\"og:image:height\" content=\"386\" \/>\n\t<meta property=\"og:image:type\" content=\"image\/jpeg\" \/>\n<meta name=\"twitter:card\" content=\"summary_large_image\" \/>\n<meta name=\"twitter:label1\" content=\"Tiempo de lectura\" \/>\n\t<meta name=\"twitter:data1\" content=\"4 minutos\" \/>\n<script type=\"application\/ld+json\" class=\"yoast-schema-graph\">{\"@context\":\"https:\\\/\\\/schema.org\",\"@graph\":[{\"@type\":\"WebPage\",\"@id\":\"https:\\\/\\\/henergylab.com\\\/es\\\/ondas-escalares\\\/\",\"url\":\"https:\\\/\\\/henergylab.com\\\/es\\\/ondas-escalares\\\/\",\"name\":\"Ondas escalares - HEN\",\"isPartOf\":{\"@id\":\"https:\\\/\\\/henergylab.com\\\/es\\\/#website\"},\"primaryImageOfPage\":{\"@id\":\"https:\\\/\\\/henergylab.com\\\/es\\\/ondas-escalares\\\/#primaryimage\"},\"image\":{\"@id\":\"https:\\\/\\\/henergylab.com\\\/es\\\/ondas-escalares\\\/#primaryimage\"},\"thumbnailUrl\":\"https:\\\/\\\/henergylab.com\\\/wp-content\\\/uploads\\\/2025\\\/05\\\/longitudinal-transverse-300x169.jpg\",\"datePublished\":\"2025-05-30T14:18:52+00:00\",\"dateModified\":\"2025-10-30T22:31:46+00:00\",\"description\":\"Ondas escalares: c\u00f3mo se forman y c\u00f3mo influyen en la energ\u00eda, las c\u00e9lulas y las estructuras naturales; la relaci\u00f3n entre las ondas escalares, el ADN y la coherencia energ\u00e9tica.\",\"breadcrumb\":{\"@id\":\"https:\\\/\\\/henergylab.com\\\/es\\\/ondas-escalares\\\/#breadcrumb\"},\"inLanguage\":\"es\",\"potentialAction\":[{\"@type\":\"ReadAction\",\"target\":[\"https:\\\/\\\/henergylab.com\\\/es\\\/ondas-escalares\\\/\"]}]},{\"@type\":\"ImageObject\",\"inLanguage\":\"es\",\"@id\":\"https:\\\/\\\/henergylab.com\\\/es\\\/ondas-escalares\\\/#primaryimage\",\"url\":\"https:\\\/\\\/henergylab.com\\\/wp-content\\\/uploads\\\/2025\\\/05\\\/longitudinal-transverse-300x169.jpg\",\"contentUrl\":\"https:\\\/\\\/henergylab.com\\\/wp-content\\\/uploads\\\/2025\\\/05\\\/longitudinal-transverse-300x169.jpg\"},{\"@type\":\"BreadcrumbList\",\"@id\":\"https:\\\/\\\/henergylab.com\\\/es\\\/ondas-escalares\\\/#breadcrumb\",\"itemListElement\":[{\"@type\":\"ListItem\",\"position\":1,\"name\":\"Home\",\"item\":\"https:\\\/\\\/henergylab.com\\\/es\\\/\"},{\"@type\":\"ListItem\",\"position\":2,\"name\":\"Ondas escalares\"}]},{\"@type\":\"WebSite\",\"@id\":\"https:\\\/\\\/henergylab.com\\\/es\\\/#website\",\"url\":\"https:\\\/\\\/henergylab.com\\\/es\\\/\",\"name\":\"henergylab\",\"description\":\"\",\"publisher\":{\"@id\":\"https:\\\/\\\/henergylab.com\\\/es\\\/#organization\"},\"potentialAction\":[{\"@type\":\"SearchAction\",\"target\":{\"@type\":\"EntryPoint\",\"urlTemplate\":\"https:\\\/\\\/henergylab.com\\\/es\\\/?s={search_term_string}\"},\"query-input\":{\"@type\":\"PropertyValueSpecification\",\"valueRequired\":true,\"valueName\":\"search_term_string\"}}],\"inLanguage\":\"es\"},{\"@type\":\"Organization\",\"@id\":\"https:\\\/\\\/henergylab.com\\\/es\\\/#organization\",\"name\":\"HEN\",\"url\":\"https:\\\/\\\/henergylab.com\\\/es\\\/\",\"logo\":{\"@type\":\"ImageObject\",\"inLanguage\":\"es\",\"@id\":\"https:\\\/\\\/henergylab.com\\\/es\\\/#\\\/schema\\\/logo\\\/image\\\/\",\"url\":\"https:\\\/\\\/henergylab.com\\\/wp-content\\\/uploads\\\/2025\\\/07\\\/Henergylab-logo-scritta-nera-1.png\",\"contentUrl\":\"https:\\\/\\\/henergylab.com\\\/wp-content\\\/uploads\\\/2025\\\/07\\\/Henergylab-logo-scritta-nera-1.png\",\"width\":128,\"height\":128,\"caption\":\"HEN\"},\"image\":{\"@id\":\"https:\\\/\\\/henergylab.com\\\/es\\\/#\\\/schema\\\/logo\\\/image\\\/\"}}]}<\/script>\n<!-- \/ Yoast SEO plugin. -->","yoast_head_json":{"title":"Ondas escalares - HEN","description":"Ondas escalares: c\u00f3mo se forman y c\u00f3mo influyen en la energ\u00eda, las c\u00e9lulas y las estructuras naturales; la relaci\u00f3n entre las ondas escalares, el ADN y la coherencia energ\u00e9tica.","robots":{"index":"index","follow":"follow","max-snippet":"max-snippet:-1","max-image-preview":"max-image-preview:large","max-video-preview":"max-video-preview:-1"},"canonical":"https:\/\/henergylab.com\/es\/ondas-escalares\/","og_locale":"es_ES","og_type":"article","og_title":"Ondas escalares - HEN","og_description":"Ondas escalares: c\u00f3mo se forman y c\u00f3mo influyen en la energ\u00eda, las c\u00e9lulas y las estructuras naturales; la relaci\u00f3n entre las ondas escalares, el ADN y la coherencia energ\u00e9tica.","og_url":"https:\/\/henergylab.com\/es\/ondas-escalares\/","og_site_name":"HEN","article_modified_time":"2025-10-30T22:31:46+00:00","og_image":[{"width":686,"height":386,"url":"https:\/\/henergylab.com\/wp-content\/uploads\/2025\/05\/longitudinal-transverse.jpg","type":"image\/jpeg"}],"twitter_card":"summary_large_image","twitter_misc":{"Tiempo de lectura":"4 minutos"},"schema":{"@context":"https:\/\/schema.org","@graph":[{"@type":"WebPage","@id":"https:\/\/henergylab.com\/es\/ondas-escalares\/","url":"https:\/\/henergylab.com\/es\/ondas-escalares\/","name":"Ondas escalares - HEN","isPartOf":{"@id":"https:\/\/henergylab.com\/es\/#website"},"primaryImageOfPage":{"@id":"https:\/\/henergylab.com\/es\/ondas-escalares\/#primaryimage"},"image":{"@id":"https:\/\/henergylab.com\/es\/ondas-escalares\/#primaryimage"},"thumbnailUrl":"https:\/\/henergylab.com\/wp-content\/uploads\/2025\/05\/longitudinal-transverse-300x169.jpg","datePublished":"2025-05-30T14:18:52+00:00","dateModified":"2025-10-30T22:31:46+00:00","description":"Ondas escalares: c\u00f3mo se forman y c\u00f3mo influyen en la energ\u00eda, las c\u00e9lulas y las estructuras naturales; la relaci\u00f3n entre las ondas escalares, el ADN y la coherencia energ\u00e9tica.","breadcrumb":{"@id":"https:\/\/henergylab.com\/es\/ondas-escalares\/#breadcrumb"},"inLanguage":"es","potentialAction":[{"@type":"ReadAction","target":["https:\/\/henergylab.com\/es\/ondas-escalares\/"]}]},{"@type":"ImageObject","inLanguage":"es","@id":"https:\/\/henergylab.com\/es\/ondas-escalares\/#primaryimage","url":"https:\/\/henergylab.com\/wp-content\/uploads\/2025\/05\/longitudinal-transverse-300x169.jpg","contentUrl":"https:\/\/henergylab.com\/wp-content\/uploads\/2025\/05\/longitudinal-transverse-300x169.jpg"},{"@type":"BreadcrumbList","@id":"https:\/\/henergylab.com\/es\/ondas-escalares\/#breadcrumb","itemListElement":[{"@type":"ListItem","position":1,"name":"Home","item":"https:\/\/henergylab.com\/es\/"},{"@type":"ListItem","position":2,"name":"Ondas escalares"}]},{"@type":"WebSite","@id":"https:\/\/henergylab.com\/es\/#website","url":"https:\/\/henergylab.com\/es\/","name":"henergylab","description":"","publisher":{"@id":"https:\/\/henergylab.com\/es\/#organization"},"potentialAction":[{"@type":"SearchAction","target":{"@type":"EntryPoint","urlTemplate":"https:\/\/henergylab.com\/es\/?s={search_term_string}"},"query-input":{"@type":"PropertyValueSpecification","valueRequired":true,"valueName":"search_term_string"}}],"inLanguage":"es"},{"@type":"Organization","@id":"https:\/\/henergylab.com\/es\/#organization","name":"HEN","url":"https:\/\/henergylab.com\/es\/","logo":{"@type":"ImageObject","inLanguage":"es","@id":"https:\/\/henergylab.com\/es\/#\/schema\/logo\/image\/","url":"https:\/\/henergylab.com\/wp-content\/uploads\/2025\/07\/Henergylab-logo-scritta-nera-1.png","contentUrl":"https:\/\/henergylab.com\/wp-content\/uploads\/2025\/07\/Henergylab-logo-scritta-nera-1.png","width":128,"height":128,"caption":"HEN"},"image":{"@id":"https:\/\/henergylab.com\/es\/#\/schema\/logo\/image\/"}}]}},"_links":{"self":[{"href":"https:\/\/henergylab.com\/es\/wp-json\/wp\/v2\/pages\/4439","targetHints":{"allow":["GET"]}}],"collection":[{"href":"https:\/\/henergylab.com\/es\/wp-json\/wp\/v2\/pages"}],"about":[{"href":"https:\/\/henergylab.com\/es\/wp-json\/wp\/v2\/types\/page"}],"author":[{"embeddable":true,"href":"https:\/\/henergylab.com\/es\/wp-json\/wp\/v2\/users\/1"}],"replies":[{"embeddable":true,"href":"https:\/\/henergylab.com\/es\/wp-json\/wp\/v2\/comments?post=4439"}],"version-history":[{"count":1,"href":"https:\/\/henergylab.com\/es\/wp-json\/wp\/v2\/pages\/4439\/revisions"}],"predecessor-version":[{"id":4440,"href":"https:\/\/henergylab.com\/es\/wp-json\/wp\/v2\/pages\/4439\/revisions\/4440"}],"wp:attachment":[{"href":"https:\/\/henergylab.com\/es\/wp-json\/wp\/v2\/media?parent=4439"}],"curies":[{"name":"wp","href":"https:\/\/api.w.org\/{rel}","templated":true}]}}