{"id":5084,"date":"2025-08-01T00:31:50","date_gmt":"2025-08-01T00:31:50","guid":{"rendered":"https:\/\/henergylab.com\/therapie-pemf\/"},"modified":"2025-12-03T00:08:20","modified_gmt":"2025-12-03T00:08:20","slug":"therapie-pemf","status":"publish","type":"page","link":"https:\/\/henergylab.com\/es\/therapie-pemf\/","title":{"rendered":"Th\u00e9rapie PEMF"},"content":{"rendered":"\t\t<div data-elementor-type=\"wp-page\" data-elementor-id=\"5084\" class=\"elementor elementor-5084 elementor-3219\" data-elementor-post-type=\"page\">\n\t\t\t\t<div class=\"elementor-element elementor-element-677d4e9 e-flex e-con-boxed e-con e-parent\" data-id=\"677d4e9\" data-element_type=\"container\" data-e-type=\"container\">\n\t\t\t\t\t<div class=\"e-con-inner\">\n\t\t\t\t<div class=\"elementor-element elementor-element-e7b17bf elementor-widget elementor-widget-text-editor\" data-id=\"e7b17bf\" data-element_type=\"widget\" data-e-type=\"widget\" data-widget_type=\"text-editor.default\">\n\t\t\t\t<div class=\"elementor-widget-container\">\n\t\t\t\t\t\t\t\t\t<h2 class=\"western\">Che cos&#8217;\u00e8 la terapia PEMF?\u00a0 \u00a0<\/h2><h2 class=\"western\"><img fetchpriority=\"high\" decoding=\"async\" class=\"alignnone size-medium wp-image-3226 alignright\" src=\"https:\/\/henergylab.com\/wp-content\/uploads\/2025\/08\/13cm-quartz1-300x247.jpg\" alt=\"\" width=\"300\" height=\"247\" srcset=\"https:\/\/henergylab.com\/wp-content\/uploads\/2025\/08\/13cm-quartz1-300x247.jpg 300w, https:\/\/henergylab.com\/wp-content\/uploads\/2025\/08\/13cm-quartz1-1024x844.jpg 1024w, https:\/\/henergylab.com\/wp-content\/uploads\/2025\/08\/13cm-quartz1-768x633.jpg 768w, https:\/\/henergylab.com\/wp-content\/uploads\/2025\/08\/13cm-quartz1-1536x1266.jpg 1536w, https:\/\/henergylab.com\/wp-content\/uploads\/2025\/08\/13cm-quartz1-2048x1687.jpg 2048w, https:\/\/henergylab.com\/wp-content\/uploads\/2025\/08\/13cm-quartz1-504x415.jpg 504w\" sizes=\"(max-width: 300px) 100vw, 300px\" \/><\/h2><p style=\"text-align: left;\">La terapia PEMF utilizza <strong>campi elettromagnetici a bassa frequenza<\/strong> che\u00a0\u00a0vengono pulsati in modo controllato attraverso il corpo. L&#8217;obiettivo \u00e8 quello di <strong>stimolare i processi bioelettrici e biochimici<\/strong> delle cellule, promuovendo cos\u00ec la guarigione, riducendo il dolore e migliorando la funzionalit\u00e0 generale dei tessuti.<\/p><h2 class=\"western\">Come funziona?<\/h2><p>Ogni cellula del corpo umano possiede un <strong>potenziale elettrico<\/strong>. In presenza di danni, infiammazioni o malattie, questo equilibrio pu\u00f2 alterarsi. I campi PEMF agiscono come una sorta di \u00abricarica energetica\u00bb cellulare:<\/p><ul><li><p><strong>Stimolano la microcircolazione<\/strong><\/p><\/li><li><p><strong>Migliorano l&#8217;ossigenazione dei tessuti<\/strong><\/p><\/li><li><p><strong>Promuovono il metabolismo cellulare<\/strong><\/p><\/li><li><p><strong>Riducono l&#8217;infiammazione<\/strong><\/p><\/li><li><p><strong>Favoriscono la rigenerazione di ossa, muscoli e nervi<\/strong><\/p><\/li><\/ul><p>Studi clinici e ricerche preliminari hanno mostrato risultati promettenti in diverse condizioni, tra cui:<\/p><ul><li><p><strong>Dolori muscolo-scheletrici<\/strong> (artrite, fibromialgia, mal di schiena)<\/p><\/li><li><p><strong>Lesioni sportive<\/strong> e recupero post-operatorio<\/p><\/li><li><p><strong>Osteoporosi<\/strong> e guarigione di fratture<\/p><\/li><li><p><strong>Depressione e ansia<\/strong> (alcuni studi suggeriscono effetti positivi sul sistema nervoso centrale)<\/p><\/li><li><p><strong>Disturbi del sonno<\/strong> (grazie all\u2019azione rilassante su muscoli e sistema nervoso)<\/p><\/li><\/ul><p>In generale, la terapia PEMF \u00e8 considerata <strong>sicura e non invasiva<\/strong>. Tuttavia, \u00e8 controindicata per:<\/p><ul><li><p>Portatori di <strong>pacemaker o dispositivi elettronici impiantati<\/strong><\/p><\/li><li><p>Donne in <strong>gravidanza<\/strong><\/p><\/li><li><p>Persone con <strong>epilessia<\/strong> o gravi disturbi neurologici, a meno di supervisione medica<\/p><\/li><\/ul><p>L\u2019utilizzo di campi magnetici pulsati integrati in campi scalari permette di <strong>operare simultaneamente su pi\u00f9 livelli dell&#8217;essere umano<\/strong>: dal corpo fisico, permettendo una rigenerazione cellulare ed eliminazione dei patogeni, a quelli sottili (eterico, emozionale, mentale), aprendo la possibilit\u00e0 di trattare <strong>non solo disturbi fisiologici<\/strong>, ma anche <strong>squilibri psico-emotivi ed energetici<\/strong>.<\/p><p>I <strong>campi scalari<\/strong>, generati da configurazioni come la <a href=\"https:\/\/henergylab.com\/es\/productos\/hencoils\/\">HEN<strong>Coil<\/strong><\/a>, sono strumenti in grado di <strong>interagire con la matrice informazionale dell\u2019essere umano<\/strong>. I campi energetici informativi emessi da una Hencoil permettono di <strong>ristabilire coerenza e ordine nei campi <\/strong><strong>fisici e<\/strong><strong> sottili<\/strong>, operando come \u201ccampo di riorganizzazione\u201d per il corpo ed il suo corretto funzionamento, emozioni, pensieri e stati mentali e spirituali profondi.<\/p><p>La terapia PEMF rappresenta una frontiera interessante della medicina complementare, con applicazioni che spaziano dal benessere quotidiano alla gestione di patologie croniche. Pur non sostituendo le terapie convenzionali, pu\u00f2 rappresentare un utile <strong>strumento integrativo<\/strong>, soprattutto nei casi in cui il dolore o l\u2019infiammazione risultano difficili da controllare con i metodi tradizionali.<\/p><p>\u201cL\u2019integrazione di campi magnetici pulsati e campi scalari consente un\u2019azione terapeutica multidimensionale: mentre i PEMF agiscono sul piano fisiologico, le onde scalari permettono una ristrutturazione armonica dei corpi sottili. Questo duplice intervento consente non solo di affrontare problematiche fisiche (dolore, infiammazione, disfunzioni), ma anche di riequilibrare la dimensione psico-emotiva e mentale dell\u2019individuo, generando stati di coerenza e benessere globale.\u201d<\/p>\t\t\t\t\t\t\t\t<\/div>\n\t\t\t\t<\/div>\n\t\t\t\t\t<\/div>\n\t\t\t\t<\/div>\n\t\t\t\t<\/div>\n\t\t","protected":false},"excerpt":{"rendered":"<p>Che cos&#8217;\u00e8 la terapia PEMF?\u00a0 \u00a0 La terapia PEMF utilizza campi elettromagnetici a bassa frequenza che\u00a0\u00a0vengono pulsati in modo controllato attraverso il corpo. L&#8217;obiettivo \u00e8 quello di stimolare i processi bioelettrici e biochimici delle cellule, promuovendo cos\u00ec la guarigione, riducendo il dolore e migliorando la funzionalit\u00e0 generale dei tessuti. Come funziona? Ogni cellula del corpo [&hellip;]<\/p>\n","protected":false},"author":1,"featured_media":0,"parent":0,"menu_order":0,"comment_status":"closed","ping_status":"closed","template":"","meta":{"ocean_post_layout":"","ocean_both_sidebars_style":"","ocean_both_sidebars_content_width":0,"ocean_both_sidebars_sidebars_width":0,"ocean_sidebar":"","ocean_second_sidebar":"","ocean_disable_margins":"enable","ocean_add_body_class":"","ocean_shortcode_before_top_bar":"","ocean_shortcode_after_top_bar":"","ocean_shortcode_before_header":"","ocean_shortcode_after_header":"","ocean_has_shortcode":"","ocean_shortcode_after_title":"","ocean_shortcode_before_footer_widgets":"","ocean_shortcode_after_footer_widgets":"","ocean_shortcode_before_footer_bottom":"","ocean_shortcode_after_footer_bottom":"","ocean_display_top_bar":"default","ocean_display_header":"default","ocean_header_style":"","ocean_center_header_left_menu":"","ocean_custom_header_template":"","ocean_custom_logo":0,"ocean_custom_retina_logo":0,"ocean_custom_logo_max_width":0,"ocean_custom_logo_tablet_max_width":0,"ocean_custom_logo_mobile_max_width":0,"ocean_custom_logo_max_height":0,"ocean_custom_logo_tablet_max_height":0,"ocean_custom_logo_mobile_max_height":0,"ocean_header_custom_menu":"","ocean_menu_typo_font_family":"","ocean_menu_typo_font_subset":"","ocean_menu_typo_font_size":0,"ocean_menu_typo_font_size_tablet":0,"ocean_menu_typo_font_size_mobile":0,"ocean_menu_typo_font_size_unit":"px","ocean_menu_typo_font_weight":"","ocean_menu_typo_font_weight_tablet":"","ocean_menu_typo_font_weight_mobile":"","ocean_menu_typo_transform":"","ocean_menu_typo_transform_tablet":"","ocean_menu_typo_transform_mobile":"","ocean_menu_typo_line_height":0,"ocean_menu_typo_line_height_tablet":0,"ocean_menu_typo_line_height_mobile":0,"ocean_menu_typo_line_height_unit":"","ocean_menu_typo_spacing":0,"ocean_menu_typo_spacing_tablet":0,"ocean_menu_typo_spacing_mobile":0,"ocean_menu_typo_spacing_unit":"","ocean_menu_link_color":"","ocean_menu_link_color_hover":"","ocean_menu_link_color_active":"","ocean_menu_link_background":"","ocean_menu_link_hover_background":"","ocean_menu_link_active_background":"","ocean_menu_social_links_bg":"","ocean_menu_social_hover_links_bg":"","ocean_menu_social_links_color":"","ocean_menu_social_hover_links_color":"","ocean_disable_title":"default","ocean_disable_heading":"default","ocean_post_title":"","ocean_post_subheading":"","ocean_post_title_style":"","ocean_post_title_background_color":"","ocean_post_title_background":0,"ocean_post_title_bg_image_position":"","ocean_post_title_bg_image_attachment":"","ocean_post_title_bg_image_repeat":"","ocean_post_title_bg_image_size":"","ocean_post_title_height":0,"ocean_post_title_bg_overlay":0.5,"ocean_post_title_bg_overlay_color":"","ocean_disable_breadcrumbs":"default","ocean_breadcrumbs_color":"","ocean_breadcrumbs_separator_color":"","ocean_breadcrumbs_links_color":"","ocean_breadcrumbs_links_hover_color":"","ocean_display_footer_widgets":"default","ocean_display_footer_bottom":"default","ocean_custom_footer_template":"","_glsr_average":0,"_glsr_ranking":0,"_glsr_reviews":0,"footnotes":""},"class_list":["post-5084","page","type-page","status-publish","hentry","entry","owp-thumbs-layout-vertical","owp-btn-normal","owp-tabs-layout-horizontal","has-no-thumbnails","has-product-nav"],"yoast_head":"<!-- This site is optimized with the Yoast SEO plugin v27.4 - https:\/\/yoast.com\/product\/yoast-seo-wordpress\/ -->\n<title>Th\u00e9rapie PEMF - HEN<\/title>\n<meta name=\"description\" content=\"Las ondas escalares de Tesla: c\u00f3mo se crean y c\u00f3mo influyen en la energ\u00eda, las c\u00e9lulas, las estructuras naturales y nuestro bienestar.\" \/>\n<meta name=\"robots\" content=\"index, follow, max-snippet:-1, max-image-preview:large, max-video-preview:-1\" \/>\n<link rel=\"canonical\" href=\"https:\/\/henergylab.com\/es\/therapie-pemf\/\" \/>\n<meta property=\"og:locale\" content=\"es_ES\" \/>\n<meta property=\"og:type\" content=\"article\" \/>\n<meta property=\"og:title\" content=\"Th\u00e9rapie PEMF - HEN\" \/>\n<meta property=\"og:description\" content=\"Las ondas escalares de Tesla: c\u00f3mo se crean y c\u00f3mo influyen en la energ\u00eda, las c\u00e9lulas, las estructuras naturales y nuestro bienestar.\" \/>\n<meta property=\"og:url\" content=\"https:\/\/henergylab.com\/es\/therapie-pemf\/\" \/>\n<meta property=\"og:site_name\" content=\"HEN\" \/>\n<meta property=\"article:modified_time\" content=\"2025-12-03T00:08:20+00:00\" \/>\n<meta property=\"og:image\" content=\"https:\/\/henergylab.com\/wp-content\/uploads\/2025\/08\/13cm-quartz1.jpg\" \/>\n\t<meta property=\"og:image:width\" content=\"2544\" \/>\n\t<meta property=\"og:image:height\" content=\"2096\" \/>\n\t<meta property=\"og:image:type\" content=\"image\/jpeg\" \/>\n<meta name=\"twitter:card\" content=\"summary_large_image\" \/>\n<meta name=\"twitter:label1\" content=\"Tiempo de lectura\" \/>\n\t<meta name=\"twitter:data1\" content=\"2 minutos\" \/>\n<script type=\"application\/ld+json\" class=\"yoast-schema-graph\">{\"@context\":\"https:\\\/\\\/schema.org\",\"@graph\":[{\"@type\":\"WebPage\",\"@id\":\"https:\\\/\\\/henergylab.com\\\/es\\\/therapie-pemf\\\/\",\"url\":\"https:\\\/\\\/henergylab.com\\\/es\\\/therapie-pemf\\\/\",\"name\":\"Th\u00e9rapie PEMF - HEN\",\"isPartOf\":{\"@id\":\"https:\\\/\\\/henergylab.com\\\/es\\\/#website\"},\"primaryImageOfPage\":{\"@id\":\"https:\\\/\\\/henergylab.com\\\/es\\\/therapie-pemf\\\/#primaryimage\"},\"image\":{\"@id\":\"https:\\\/\\\/henergylab.com\\\/es\\\/therapie-pemf\\\/#primaryimage\"},\"thumbnailUrl\":\"https:\\\/\\\/henergylab.com\\\/wp-content\\\/uploads\\\/2025\\\/08\\\/13cm-quartz1-300x247.jpg\",\"datePublished\":\"2025-08-01T00:31:50+00:00\",\"dateModified\":\"2025-12-03T00:08:20+00:00\",\"description\":\"Las ondas escalares de Tesla: c\u00f3mo se crean y c\u00f3mo influyen en la energ\u00eda, las c\u00e9lulas, las estructuras naturales y nuestro bienestar.\",\"breadcrumb\":{\"@id\":\"https:\\\/\\\/henergylab.com\\\/es\\\/therapie-pemf\\\/#breadcrumb\"},\"inLanguage\":\"es\",\"potentialAction\":[{\"@type\":\"ReadAction\",\"target\":[\"https:\\\/\\\/henergylab.com\\\/es\\\/therapie-pemf\\\/\"]}]},{\"@type\":\"ImageObject\",\"inLanguage\":\"es\",\"@id\":\"https:\\\/\\\/henergylab.com\\\/es\\\/therapie-pemf\\\/#primaryimage\",\"url\":\"https:\\\/\\\/henergylab.com\\\/wp-content\\\/uploads\\\/2025\\\/08\\\/13cm-quartz1-300x247.jpg\",\"contentUrl\":\"https:\\\/\\\/henergylab.com\\\/wp-content\\\/uploads\\\/2025\\\/08\\\/13cm-quartz1-300x247.jpg\"},{\"@type\":\"BreadcrumbList\",\"@id\":\"https:\\\/\\\/henergylab.com\\\/es\\\/therapie-pemf\\\/#breadcrumb\",\"itemListElement\":[{\"@type\":\"ListItem\",\"position\":1,\"name\":\"Home\",\"item\":\"https:\\\/\\\/henergylab.com\\\/es\\\/\"},{\"@type\":\"ListItem\",\"position\":2,\"name\":\"Th\u00e9rapie PEMF\"}]},{\"@type\":\"WebSite\",\"@id\":\"https:\\\/\\\/henergylab.com\\\/es\\\/#website\",\"url\":\"https:\\\/\\\/henergylab.com\\\/es\\\/\",\"name\":\"henergylab\",\"description\":\"\",\"publisher\":{\"@id\":\"https:\\\/\\\/henergylab.com\\\/es\\\/#organization\"},\"potentialAction\":[{\"@type\":\"SearchAction\",\"target\":{\"@type\":\"EntryPoint\",\"urlTemplate\":\"https:\\\/\\\/henergylab.com\\\/es\\\/?s={search_term_string}\"},\"query-input\":{\"@type\":\"PropertyValueSpecification\",\"valueRequired\":true,\"valueName\":\"search_term_string\"}}],\"inLanguage\":\"es\"},{\"@type\":\"Organization\",\"@id\":\"https:\\\/\\\/henergylab.com\\\/es\\\/#organization\",\"name\":\"HEN\",\"url\":\"https:\\\/\\\/henergylab.com\\\/es\\\/\",\"logo\":{\"@type\":\"ImageObject\",\"inLanguage\":\"es\",\"@id\":\"https:\\\/\\\/henergylab.com\\\/es\\\/#\\\/schema\\\/logo\\\/image\\\/\",\"url\":\"https:\\\/\\\/henergylab.com\\\/wp-content\\\/uploads\\\/2025\\\/07\\\/Henergylab-logo-scritta-nera-1.png\",\"contentUrl\":\"https:\\\/\\\/henergylab.com\\\/wp-content\\\/uploads\\\/2025\\\/07\\\/Henergylab-logo-scritta-nera-1.png\",\"width\":128,\"height\":128,\"caption\":\"HEN\"},\"image\":{\"@id\":\"https:\\\/\\\/henergylab.com\\\/es\\\/#\\\/schema\\\/logo\\\/image\\\/\"}}]}<\/script>\n<!-- \/ Yoast SEO plugin. -->","yoast_head_json":{"title":"Th\u00e9rapie PEMF - HEN","description":"Las ondas escalares de Tesla: c\u00f3mo se crean y c\u00f3mo influyen en la energ\u00eda, las c\u00e9lulas, las estructuras naturales y nuestro bienestar.","robots":{"index":"index","follow":"follow","max-snippet":"max-snippet:-1","max-image-preview":"max-image-preview:large","max-video-preview":"max-video-preview:-1"},"canonical":"https:\/\/henergylab.com\/es\/therapie-pemf\/","og_locale":"es_ES","og_type":"article","og_title":"Th\u00e9rapie PEMF - HEN","og_description":"Las ondas escalares de Tesla: c\u00f3mo se crean y c\u00f3mo influyen en la energ\u00eda, las c\u00e9lulas, las estructuras naturales y nuestro bienestar.","og_url":"https:\/\/henergylab.com\/es\/therapie-pemf\/","og_site_name":"HEN","article_modified_time":"2025-12-03T00:08:20+00:00","og_image":[{"width":2544,"height":2096,"url":"https:\/\/henergylab.com\/wp-content\/uploads\/2025\/08\/13cm-quartz1.jpg","type":"image\/jpeg"}],"twitter_card":"summary_large_image","twitter_misc":{"Tiempo de lectura":"2 minutos"},"schema":{"@context":"https:\/\/schema.org","@graph":[{"@type":"WebPage","@id":"https:\/\/henergylab.com\/es\/therapie-pemf\/","url":"https:\/\/henergylab.com\/es\/therapie-pemf\/","name":"Th\u00e9rapie PEMF - HEN","isPartOf":{"@id":"https:\/\/henergylab.com\/es\/#website"},"primaryImageOfPage":{"@id":"https:\/\/henergylab.com\/es\/therapie-pemf\/#primaryimage"},"image":{"@id":"https:\/\/henergylab.com\/es\/therapie-pemf\/#primaryimage"},"thumbnailUrl":"https:\/\/henergylab.com\/wp-content\/uploads\/2025\/08\/13cm-quartz1-300x247.jpg","datePublished":"2025-08-01T00:31:50+00:00","dateModified":"2025-12-03T00:08:20+00:00","description":"Las ondas escalares de Tesla: c\u00f3mo se crean y c\u00f3mo influyen en la energ\u00eda, las c\u00e9lulas, las estructuras naturales y nuestro bienestar.","breadcrumb":{"@id":"https:\/\/henergylab.com\/es\/therapie-pemf\/#breadcrumb"},"inLanguage":"es","potentialAction":[{"@type":"ReadAction","target":["https:\/\/henergylab.com\/es\/therapie-pemf\/"]}]},{"@type":"ImageObject","inLanguage":"es","@id":"https:\/\/henergylab.com\/es\/therapie-pemf\/#primaryimage","url":"https:\/\/henergylab.com\/wp-content\/uploads\/2025\/08\/13cm-quartz1-300x247.jpg","contentUrl":"https:\/\/henergylab.com\/wp-content\/uploads\/2025\/08\/13cm-quartz1-300x247.jpg"},{"@type":"BreadcrumbList","@id":"https:\/\/henergylab.com\/es\/therapie-pemf\/#breadcrumb","itemListElement":[{"@type":"ListItem","position":1,"name":"Home","item":"https:\/\/henergylab.com\/es\/"},{"@type":"ListItem","position":2,"name":"Th\u00e9rapie PEMF"}]},{"@type":"WebSite","@id":"https:\/\/henergylab.com\/es\/#website","url":"https:\/\/henergylab.com\/es\/","name":"henergylab","description":"","publisher":{"@id":"https:\/\/henergylab.com\/es\/#organization"},"potentialAction":[{"@type":"SearchAction","target":{"@type":"EntryPoint","urlTemplate":"https:\/\/henergylab.com\/es\/?s={search_term_string}"},"query-input":{"@type":"PropertyValueSpecification","valueRequired":true,"valueName":"search_term_string"}}],"inLanguage":"es"},{"@type":"Organization","@id":"https:\/\/henergylab.com\/es\/#organization","name":"HEN","url":"https:\/\/henergylab.com\/es\/","logo":{"@type":"ImageObject","inLanguage":"es","@id":"https:\/\/henergylab.com\/es\/#\/schema\/logo\/image\/","url":"https:\/\/henergylab.com\/wp-content\/uploads\/2025\/07\/Henergylab-logo-scritta-nera-1.png","contentUrl":"https:\/\/henergylab.com\/wp-content\/uploads\/2025\/07\/Henergylab-logo-scritta-nera-1.png","width":128,"height":128,"caption":"HEN"},"image":{"@id":"https:\/\/henergylab.com\/es\/#\/schema\/logo\/image\/"}}]}},"_links":{"self":[{"href":"https:\/\/henergylab.com\/es\/wp-json\/wp\/v2\/pages\/5084","targetHints":{"allow":["GET"]}}],"collection":[{"href":"https:\/\/henergylab.com\/es\/wp-json\/wp\/v2\/pages"}],"about":[{"href":"https:\/\/henergylab.com\/es\/wp-json\/wp\/v2\/types\/page"}],"author":[{"embeddable":true,"href":"https:\/\/henergylab.com\/es\/wp-json\/wp\/v2\/users\/1"}],"replies":[{"embeddable":true,"href":"https:\/\/henergylab.com\/es\/wp-json\/wp\/v2\/comments?post=5084"}],"version-history":[{"count":1,"href":"https:\/\/henergylab.com\/es\/wp-json\/wp\/v2\/pages\/5084\/revisions"}],"predecessor-version":[{"id":5085,"href":"https:\/\/henergylab.com\/es\/wp-json\/wp\/v2\/pages\/5084\/revisions\/5085"}],"wp:attachment":[{"href":"https:\/\/henergylab.com\/es\/wp-json\/wp\/v2\/media?parent=5084"}],"curies":[{"name":"wp","href":"https:\/\/api.w.org\/{rel}","templated":true}]}}