{"id":4101,"date":"2025-02-11T23:56:45","date_gmt":"2025-02-11T23:56:45","guid":{"rendered":"https:\/\/henergylab.com\/product\/scalar-vortex-cone\/"},"modified":"2025-11-21T23:00:55","modified_gmt":"2025-11-21T23:00:55","slug":"scalar-vortex-cone","status":"publish","type":"product","link":"https:\/\/henergylab.com\/es\/producto\/scalar-vortex-cone\/","title":{"rendered":"Scalar Vortex Cone"},"content":{"rendered":"<p>Cono de V\u00f3rtice Escalar<\/p>\n<p>Un dispositivo que integra una bobina Rodin, orgonita y un anillo tensor, modulando armoniosamente los campos de energ\u00eda sutil en sus diversos componentes.<\/p>\n<p>Contiene amatista, cuarzo rosa, shungita, turmalina negra, bronce y cinco cristales de cuarzo: cuatro dispuestos horizontalmente en la base del dispositivo y uno envuelto en una bobina de cobre. En la base del cristal se encuentra una bobina Rodin hecha de resina y cuarzo.<\/p>\n<p>La bobina de cobre crea un campo magn\u00e9tico que genera ondas escalares. El efecto se amplifica mediante la interacci\u00f3n con el campo de energ\u00eda acumulado por el toroide de orgonita.<\/p>\n<p>La bobina Rodin se alimenta con un generador de frecuencias. Las m\u00e1s adecuadas son la secuencia Solfeggio, las frecuencias de los chakras, las frecuencias binaurales o las frecuencias identificadas por Royal Rife. Fabricado con resina y diversos metales, como hierro, acero y lat\u00f3n, presenta un anillo tensor y un cristal de cuarzo sobre la bobina Rodin, que termina en la parte superior del dispositivo. Tambi\u00e9n contiene cristales de amatista, cuarzo rosa y cuarzo blanco. Los Anillos Tensor, creados por Jim Spurling, son conocidos por sus propiedades para sanar el cuerpo f\u00edsico y mental\/emocional, energizar y reestructurar el agua, neutralizar campos electromagn\u00e9ticos, potenciar el crecimiento y la vitalidad de las plantas, entre otras aplicaciones.<\/p>\n<p>Tenga en cuenta que los efectos de este dispositivo son terapias alternativas\/et\u00e9ricas y no constituyen prescripciones ni informaci\u00f3n m\u00e9dica.<\/p>\n<p>Di\u00e1metro: 20 cm<\/p>\n<p>Altura: 15,5 cm<\/p>\n","protected":false},"excerpt":{"rendered":"<p>Cono de V\u00f3rtice Escalar Un dispositivo que integra una bobina Rodin, orgonita y un anillo tensor, modulando armoniosamente los campos de energ\u00eda sutil en sus diversos componentes. Contiene amatista, cuarzo rosa, shungita, turmalina negra, bronce y cinco cristales de cuarzo: cuatro dispuestos horizontalmente en la base del dispositivo y uno envuelto en una bobina de [&hellip;]<\/p>\n","protected":false},"featured_media":4956,"comment_status":"open","ping_status":"closed","template":"","meta":{"ocean_post_layout":"","ocean_both_sidebars_style":"","ocean_both_sidebars_content_width":0,"ocean_both_sidebars_sidebars_width":0,"ocean_sidebar":"0","ocean_second_sidebar":"0","ocean_disable_margins":"enable","ocean_add_body_class":"","ocean_shortcode_before_top_bar":"","ocean_shortcode_after_top_bar":"","ocean_shortcode_before_header":"","ocean_shortcode_after_header":"","ocean_has_shortcode":"","ocean_shortcode_after_title":"","ocean_shortcode_before_footer_widgets":"","ocean_shortcode_after_footer_widgets":"","ocean_shortcode_before_footer_bottom":"","ocean_shortcode_after_footer_bottom":"","ocean_display_top_bar":"default","ocean_display_header":"default","ocean_header_style":"","ocean_center_header_left_menu":"0","ocean_custom_header_template":"0","ocean_custom_logo":0,"ocean_custom_retina_logo":0,"ocean_custom_logo_max_width":0,"ocean_custom_logo_tablet_max_width":0,"ocean_custom_logo_mobile_max_width":0,"ocean_custom_logo_max_height":0,"ocean_custom_logo_tablet_max_height":0,"ocean_custom_logo_mobile_max_height":0,"ocean_header_custom_menu":"0","ocean_menu_typo_font_family":"0","ocean_menu_typo_font_subset":"","ocean_menu_typo_font_size":0,"ocean_menu_typo_font_size_tablet":0,"ocean_menu_typo_font_size_mobile":0,"ocean_menu_typo_font_size_unit":"px","ocean_menu_typo_font_weight":"","ocean_menu_typo_font_weight_tablet":"","ocean_menu_typo_font_weight_mobile":"","ocean_menu_typo_transform":"","ocean_menu_typo_transform_tablet":"","ocean_menu_typo_transform_mobile":"","ocean_menu_typo_line_height":0,"ocean_menu_typo_line_height_tablet":0,"ocean_menu_typo_line_height_mobile":0,"ocean_menu_typo_line_height_unit":"","ocean_menu_typo_spacing":0,"ocean_menu_typo_spacing_tablet":0,"ocean_menu_typo_spacing_mobile":0,"ocean_menu_typo_spacing_unit":"","ocean_menu_link_color":"","ocean_menu_link_color_hover":"","ocean_menu_link_color_active":"","ocean_menu_link_background":"","ocean_menu_link_hover_background":"","ocean_menu_link_active_background":"","ocean_menu_social_links_bg":"","ocean_menu_social_hover_links_bg":"","ocean_menu_social_links_color":"","ocean_menu_social_hover_links_color":"","ocean_disable_title":"default","ocean_disable_heading":"default","ocean_post_title":"","ocean_post_subheading":"","ocean_post_title_style":"","ocean_post_title_background_color":"","ocean_post_title_background":0,"ocean_post_title_bg_image_position":"","ocean_post_title_bg_image_attachment":"","ocean_post_title_bg_image_repeat":"","ocean_post_title_bg_image_size":"","ocean_post_title_height":0,"ocean_post_title_bg_overlay":0.5,"ocean_post_title_bg_overlay_color":"","ocean_disable_breadcrumbs":"default","ocean_breadcrumbs_color":"","ocean_breadcrumbs_separator_color":"","ocean_breadcrumbs_links_color":"","ocean_breadcrumbs_links_hover_color":"","ocean_display_footer_widgets":"default","ocean_display_footer_bottom":"default","ocean_custom_footer_template":"0","_glsr_average":0,"_glsr_ranking":0,"_glsr_reviews":0},"product_brand":[],"product_cat":[100],"product_tag":[],"class_list":{"0":"post-4101","1":"product","2":"type-product","3":"status-publish","4":"has-post-thumbnail","6":"product_cat-drived-orgonite","8":"entry","9":"has-media","11":"first","12":"instock","13":"taxable","14":"shipping-taxable","15":"purchasable","16":"product-type-simple","17":"add-to-wishlist-after_add_to_cart","18":"has-product-nav","19":"col","20":"span_1_of_3","21":"owp-content-center","22":"owp-thumbs-layout-vertical","23":"owp-btn-normal","24":"owp-tabs-layout-horizontal"},"yoast_head":"<!-- This site is optimized with the Yoast SEO plugin v27.4 - https:\/\/yoast.com\/product\/yoast-seo-wordpress\/ -->\n<title>Scalar Vortex Cone - HEN<\/title>\n<meta name=\"description\" content=\"Dispositivo que integra una bobina Rodin, orgonita y un anillo tensor\" \/>\n<meta name=\"robots\" content=\"index, follow, max-snippet:-1, max-image-preview:large, max-video-preview:-1\" \/>\n<link rel=\"canonical\" href=\"https:\/\/henergylab.com\/es\/producto\/scalar-vortex-cone\/\" \/>\n<meta property=\"og:locale\" content=\"es_ES\" \/>\n<meta property=\"og:type\" content=\"article\" \/>\n<meta property=\"og:title\" content=\"Scalar Vortex Cone - HEN\" \/>\n<meta property=\"og:description\" content=\"Dispositivo que integra una bobina Rodin, orgonita y un anillo tensor\" \/>\n<meta property=\"og:url\" content=\"https:\/\/henergylab.com\/es\/producto\/scalar-vortex-cone\/\" \/>\n<meta property=\"og:site_name\" content=\"HEN\" \/>\n<meta property=\"article:modified_time\" content=\"2025-11-21T23:00:55+00:00\" \/>\n<meta property=\"og:image\" content=\"https:\/\/henergylab.com\/wp-content\/uploads\/2025\/11\/IMG_20250126_165910-scaled-e1762220606662.jpg\" \/>\n\t<meta property=\"og:image:width\" content=\"1152\" \/>\n\t<meta property=\"og:image:height\" content=\"1152\" \/>\n\t<meta property=\"og:image:type\" content=\"image\/jpeg\" \/>\n<meta name=\"twitter:card\" content=\"summary_large_image\" \/>\n<meta name=\"twitter:label1\" content=\"Tiempo de lectura\" \/>\n\t<meta name=\"twitter:data1\" content=\"1 minuto\" \/>\n<script type=\"application\/ld+json\" class=\"yoast-schema-graph\">{\"@context\":\"https:\\\/\\\/schema.org\",\"@graph\":[{\"@type\":\"WebPage\",\"@id\":\"https:\\\/\\\/henergylab.com\\\/es\\\/producto\\\/scalar-vortex-cone\\\/\",\"url\":\"https:\\\/\\\/henergylab.com\\\/es\\\/producto\\\/scalar-vortex-cone\\\/\",\"name\":\"Scalar Vortex Cone - HEN\",\"isPartOf\":{\"@id\":\"https:\\\/\\\/henergylab.com\\\/es\\\/#website\"},\"primaryImageOfPage\":{\"@id\":\"https:\\\/\\\/henergylab.com\\\/es\\\/producto\\\/scalar-vortex-cone\\\/#primaryimage\"},\"image\":{\"@id\":\"https:\\\/\\\/henergylab.com\\\/es\\\/producto\\\/scalar-vortex-cone\\\/#primaryimage\"},\"thumbnailUrl\":\"https:\\\/\\\/henergylab.com\\\/wp-content\\\/uploads\\\/2025\\\/11\\\/IMG_20250126_165910-scaled-e1762220606662.jpg\",\"datePublished\":\"2025-02-11T23:56:45+00:00\",\"dateModified\":\"2025-11-21T23:00:55+00:00\",\"description\":\"Dispositivo que integra una bobina Rodin, orgonita y un anillo tensor\",\"breadcrumb\":{\"@id\":\"https:\\\/\\\/henergylab.com\\\/es\\\/producto\\\/scalar-vortex-cone\\\/#breadcrumb\"},\"inLanguage\":\"es\",\"potentialAction\":[{\"@type\":\"ReadAction\",\"target\":[\"https:\\\/\\\/henergylab.com\\\/es\\\/producto\\\/scalar-vortex-cone\\\/\"]}]},{\"@type\":\"ImageObject\",\"inLanguage\":\"es\",\"@id\":\"https:\\\/\\\/henergylab.com\\\/es\\\/producto\\\/scalar-vortex-cone\\\/#primaryimage\",\"url\":\"https:\\\/\\\/henergylab.com\\\/wp-content\\\/uploads\\\/2025\\\/11\\\/IMG_20250126_165910-scaled-e1762220606662.jpg\",\"contentUrl\":\"https:\\\/\\\/henergylab.com\\\/wp-content\\\/uploads\\\/2025\\\/11\\\/IMG_20250126_165910-scaled-e1762220606662.jpg\",\"width\":1152,\"height\":1152,\"caption\":\"Un dispositivo que integra una bobina Rodin, orgonita y un anillo tensor\"},{\"@type\":\"BreadcrumbList\",\"@id\":\"https:\\\/\\\/henergylab.com\\\/es\\\/producto\\\/scalar-vortex-cone\\\/#breadcrumb\",\"itemListElement\":[{\"@type\":\"ListItem\",\"position\":1,\"name\":\"Home\",\"item\":\"https:\\\/\\\/henergylab.com\\\/es\\\/\"},{\"@type\":\"ListItem\",\"position\":2,\"name\":\"Tienda\",\"item\":\"https:\\\/\\\/henergylab.com\\\/es\\\/tienda\\\/\"},{\"@type\":\"ListItem\",\"position\":3,\"name\":\"Scalar Vortex Cone\"}]},{\"@type\":\"WebSite\",\"@id\":\"https:\\\/\\\/henergylab.com\\\/es\\\/#website\",\"url\":\"https:\\\/\\\/henergylab.com\\\/es\\\/\",\"name\":\"henergylab\",\"description\":\"\",\"publisher\":{\"@id\":\"https:\\\/\\\/henergylab.com\\\/es\\\/#organization\"},\"potentialAction\":[{\"@type\":\"SearchAction\",\"target\":{\"@type\":\"EntryPoint\",\"urlTemplate\":\"https:\\\/\\\/henergylab.com\\\/es\\\/?s={search_term_string}\"},\"query-input\":{\"@type\":\"PropertyValueSpecification\",\"valueRequired\":true,\"valueName\":\"search_term_string\"}}],\"inLanguage\":\"es\"},{\"@type\":\"Organization\",\"@id\":\"https:\\\/\\\/henergylab.com\\\/es\\\/#organization\",\"name\":\"HEN\",\"url\":\"https:\\\/\\\/henergylab.com\\\/es\\\/\",\"logo\":{\"@type\":\"ImageObject\",\"inLanguage\":\"es\",\"@id\":\"https:\\\/\\\/henergylab.com\\\/es\\\/#\\\/schema\\\/logo\\\/image\\\/\",\"url\":\"https:\\\/\\\/henergylab.com\\\/wp-content\\\/uploads\\\/2025\\\/07\\\/Henergylab-logo-scritta-nera-1.png\",\"contentUrl\":\"https:\\\/\\\/henergylab.com\\\/wp-content\\\/uploads\\\/2025\\\/07\\\/Henergylab-logo-scritta-nera-1.png\",\"width\":128,\"height\":128,\"caption\":\"HEN\"},\"image\":{\"@id\":\"https:\\\/\\\/henergylab.com\\\/es\\\/#\\\/schema\\\/logo\\\/image\\\/\"}}]}<\/script>\n<!-- \/ Yoast SEO plugin. -->","yoast_head_json":{"title":"Scalar Vortex Cone - HEN","description":"Dispositivo que integra una bobina Rodin, orgonita y un anillo tensor","robots":{"index":"index","follow":"follow","max-snippet":"max-snippet:-1","max-image-preview":"max-image-preview:large","max-video-preview":"max-video-preview:-1"},"canonical":"https:\/\/henergylab.com\/es\/producto\/scalar-vortex-cone\/","og_locale":"es_ES","og_type":"article","og_title":"Scalar Vortex Cone - HEN","og_description":"Dispositivo que integra una bobina Rodin, orgonita y un anillo tensor","og_url":"https:\/\/henergylab.com\/es\/producto\/scalar-vortex-cone\/","og_site_name":"HEN","article_modified_time":"2025-11-21T23:00:55+00:00","og_image":[{"width":1152,"height":1152,"url":"https:\/\/henergylab.com\/wp-content\/uploads\/2025\/11\/IMG_20250126_165910-scaled-e1762220606662.jpg","type":"image\/jpeg"}],"twitter_card":"summary_large_image","twitter_misc":{"Tiempo de lectura":"1 minuto"},"schema":{"@context":"https:\/\/schema.org","@graph":[{"@type":"WebPage","@id":"https:\/\/henergylab.com\/es\/producto\/scalar-vortex-cone\/","url":"https:\/\/henergylab.com\/es\/producto\/scalar-vortex-cone\/","name":"Scalar Vortex Cone - HEN","isPartOf":{"@id":"https:\/\/henergylab.com\/es\/#website"},"primaryImageOfPage":{"@id":"https:\/\/henergylab.com\/es\/producto\/scalar-vortex-cone\/#primaryimage"},"image":{"@id":"https:\/\/henergylab.com\/es\/producto\/scalar-vortex-cone\/#primaryimage"},"thumbnailUrl":"https:\/\/henergylab.com\/wp-content\/uploads\/2025\/11\/IMG_20250126_165910-scaled-e1762220606662.jpg","datePublished":"2025-02-11T23:56:45+00:00","dateModified":"2025-11-21T23:00:55+00:00","description":"Dispositivo que integra una bobina Rodin, orgonita y un anillo tensor","breadcrumb":{"@id":"https:\/\/henergylab.com\/es\/producto\/scalar-vortex-cone\/#breadcrumb"},"inLanguage":"es","potentialAction":[{"@type":"ReadAction","target":["https:\/\/henergylab.com\/es\/producto\/scalar-vortex-cone\/"]}]},{"@type":"ImageObject","inLanguage":"es","@id":"https:\/\/henergylab.com\/es\/producto\/scalar-vortex-cone\/#primaryimage","url":"https:\/\/henergylab.com\/wp-content\/uploads\/2025\/11\/IMG_20250126_165910-scaled-e1762220606662.jpg","contentUrl":"https:\/\/henergylab.com\/wp-content\/uploads\/2025\/11\/IMG_20250126_165910-scaled-e1762220606662.jpg","width":1152,"height":1152,"caption":"Un dispositivo que integra una bobina Rodin, orgonita y un anillo tensor"},{"@type":"BreadcrumbList","@id":"https:\/\/henergylab.com\/es\/producto\/scalar-vortex-cone\/#breadcrumb","itemListElement":[{"@type":"ListItem","position":1,"name":"Home","item":"https:\/\/henergylab.com\/es\/"},{"@type":"ListItem","position":2,"name":"Tienda","item":"https:\/\/henergylab.com\/es\/tienda\/"},{"@type":"ListItem","position":3,"name":"Scalar Vortex Cone"}]},{"@type":"WebSite","@id":"https:\/\/henergylab.com\/es\/#website","url":"https:\/\/henergylab.com\/es\/","name":"henergylab","description":"","publisher":{"@id":"https:\/\/henergylab.com\/es\/#organization"},"potentialAction":[{"@type":"SearchAction","target":{"@type":"EntryPoint","urlTemplate":"https:\/\/henergylab.com\/es\/?s={search_term_string}"},"query-input":{"@type":"PropertyValueSpecification","valueRequired":true,"valueName":"search_term_string"}}],"inLanguage":"es"},{"@type":"Organization","@id":"https:\/\/henergylab.com\/es\/#organization","name":"HEN","url":"https:\/\/henergylab.com\/es\/","logo":{"@type":"ImageObject","inLanguage":"es","@id":"https:\/\/henergylab.com\/es\/#\/schema\/logo\/image\/","url":"https:\/\/henergylab.com\/wp-content\/uploads\/2025\/07\/Henergylab-logo-scritta-nera-1.png","contentUrl":"https:\/\/henergylab.com\/wp-content\/uploads\/2025\/07\/Henergylab-logo-scritta-nera-1.png","width":128,"height":128,"caption":"HEN"},"image":{"@id":"https:\/\/henergylab.com\/es\/#\/schema\/logo\/image\/"}}]}},"_links":{"self":[{"href":"https:\/\/henergylab.com\/es\/wp-json\/wp\/v2\/product\/4101","targetHints":{"allow":["GET"]}}],"collection":[{"href":"https:\/\/henergylab.com\/es\/wp-json\/wp\/v2\/product"}],"about":[{"href":"https:\/\/henergylab.com\/es\/wp-json\/wp\/v2\/types\/product"}],"replies":[{"embeddable":true,"href":"https:\/\/henergylab.com\/es\/wp-json\/wp\/v2\/comments?post=4101"}],"wp:featuredmedia":[{"embeddable":true,"href":"https:\/\/henergylab.com\/es\/wp-json\/wp\/v2\/media\/4956"}],"wp:attachment":[{"href":"https:\/\/henergylab.com\/es\/wp-json\/wp\/v2\/media?parent=4101"}],"wp:term":[{"taxonomy":"product_brand","embeddable":true,"href":"https:\/\/henergylab.com\/es\/wp-json\/wp\/v2\/product_brand?post=4101"},{"taxonomy":"product_cat","embeddable":true,"href":"https:\/\/henergylab.com\/es\/wp-json\/wp\/v2\/product_cat?post=4101"},{"taxonomy":"product_tag","embeddable":true,"href":"https:\/\/henergylab.com\/es\/wp-json\/wp\/v2\/product_tag?post=4101"}],"curies":[{"name":"wp","href":"https:\/\/api.w.org\/{rel}","templated":true}]}}