{"id":4110,"date":"2025-02-12T00:36:01","date_gmt":"2025-02-12T00:36:01","guid":{"rendered":"https:\/\/henergylab.com\/product\/colgante-de-orgonita-turquoise-dream\/"},"modified":"2025-11-02T01:07:30","modified_gmt":"2025-11-02T01:07:30","slug":"colgante-de-orgonita-turquoise-dream","status":"publish","type":"product","link":"https:\/\/henergylab.com\/es\/producto\/colgante-de-orgonita-turquoise-dream\/","title":{"rendered":"Colgante de orgonita Turquoise Dream"},"content":{"rendered":"<h3>Colgante de Orgonita Turquoise Dream<\/h3>\n<p>Colgante de orgonita en resina epoxi, con lat\u00f3n, turquesa, aventurina, amatista, cuarzo rosa y shungita. Estas piedras protegen contra los efectos nocivos de las ondas electromagn\u00e9ticas, generadas generalmente por tel\u00e9fonos m\u00f3viles, antenas de telefon\u00eda, tel\u00e9fonos inal\u00e1mbricos, sistemas inal\u00e1mbricos, monitores y otros equipos el\u00e9ctricos.<\/p>\n<p>La turquesa es una piedra de purificaci\u00f3n. Disipa la energ\u00eda negativa y puede usarse para protegerse de influencias externas o contaminantes atmosf\u00e9ricos. La turquesa equilibra y alinea todos los chakras, estabilizando los cambios de humor e infundiendo calma interior. Es excelente para la depresi\u00f3n y el agotamiento, y tambi\u00e9n tiene el poder de prevenir los ataques de p\u00e1nico. La turquesa promueve la autorrealizaci\u00f3n y ayuda a resolver problemas de forma creativa. Es un s\u00edmbolo de amistad y estimula el amor rom\u00e1ntico.<\/p>\n<p>Se dice que la aventurina beneficia todas las \u00e1reas de la creatividad y la imaginaci\u00f3n, as\u00ed como el intelecto y la claridad mental. La tradici\u00f3n afirma que aumenta la prosperidad y atrae el \u00e9xito profesional. Es una piedra delicada cuya energ\u00eda aporta calma y equilibrio, e incrementa la felicidad. Ayuda a ver alternativas y potencial en cualquier situaci\u00f3n, brindando una perspectiva positiva, valent\u00eda y fortaleza interior. Se dice que tambi\u00e9n atrae la buena suerte, especialmente en los juegos de azar. La aventurina verde es, adem\u00e1s, una piedra m\u00edstica de prosperidad. La aventurina fomenta la amistad y posee energ\u00edas protectoras. El folclore y la tradici\u00f3n metaf\u00edsica afirman que, f\u00edsicamente, es beneficiosa para la sangre, el sistema circulatorio, el equilibrio de la presi\u00f3n arterial, los problemas sinusales, las n\u00e1useas, los dolores de cabeza, la salud en general, las alergias, el eccema, la fiebre y los trastornos del sue\u00f1o.<\/p>\n<p>Se dice que la shungita calma y relaja a quien la usa o est\u00e1 cerca de ella. Esto puede deberse a sus energ\u00edas protectoras y a su capacidad para repeler la energ\u00eda negativa.<\/p>\n<p>La shungita se utiliza en la terapia con cristales y en la medicina popular local para fortalecer el sistema inmunol\u00f3gico, estimular el crecimiento del cabello, tratar enfermedades y deformidades de la piel, como antioxidante, neutralizador de radicales libres, para tratar el c\u00e1ncer, la artritis reumatoide, la osteoartritis, trastornos musculoesquel\u00e9ticos, enfermedades hep\u00e1ticas y renales, problemas gastrointestinales, dolores de cabeza, insomnio, dolor de espalda y problemas de columna, regular la presi\u00f3n arterial, aliviar problemas respiratorios, infecciones, purificar la sangre, aliviar dolores de cabeza leves, proteger contra la radiaci\u00f3n electromagn\u00e9tica, combatir la inflamaci\u00f3n y las bacterias, aliviar el dolor, acelerar la cicatrizaci\u00f3n y mucho m\u00e1s. Muchos la consideran una piedra curativa milagrosa.<\/p>\n<p>Contiene una espiral de lat\u00f3n, construida a lo largo del codo perdido, la antigua unidad de medida egipcia con una resonancia especial con las energ\u00edas biof\u00edsicas de nuestro ser. Combinada con cristales de amatista y cuarzo rosa, proporciona una excelente protecci\u00f3n para la zona del coraz\u00f3n y una fuerte protecci\u00f3n para el cuarto chakra. Esto es especialmente adecuado para quienes trabajan mucho tiempo con ordenadores, ya que esta zona del cuerpo est\u00e1 frecuentemente expuesta a este tipo de radiaci\u00f3n electromagn\u00e9tica.<\/p>\n<p>Tenga en cuenta que las propiedades curativas del org\u00f3n son apoyos espirituales\/et\u00e9ricos para la sanaci\u00f3n y no constituyen prescripciones ni informaci\u00f3n m\u00e9dica.<\/p>\n<p>Largo: 6,5 cm<br \/>\nAncho: 2,5 cm<\/p>\n","protected":false},"excerpt":{"rendered":"<p>Turquesa, aventurina, amatista, cuarzo rosa y shungita<\/p>\n","protected":false},"featured_media":4111,"comment_status":"open","ping_status":"closed","template":"","meta":{"ocean_post_layout":"","ocean_both_sidebars_style":"","ocean_both_sidebars_content_width":0,"ocean_both_sidebars_sidebars_width":0,"ocean_sidebar":"0","ocean_second_sidebar":"0","ocean_disable_margins":"enable","ocean_add_body_class":"","ocean_shortcode_before_top_bar":"","ocean_shortcode_after_top_bar":"","ocean_shortcode_before_header":"","ocean_shortcode_after_header":"","ocean_has_shortcode":"","ocean_shortcode_after_title":"","ocean_shortcode_before_footer_widgets":"","ocean_shortcode_after_footer_widgets":"","ocean_shortcode_before_footer_bottom":"","ocean_shortcode_after_footer_bottom":"","ocean_display_top_bar":"default","ocean_display_header":"default","ocean_header_style":"","ocean_center_header_left_menu":"0","ocean_custom_header_template":"0","ocean_custom_logo":0,"ocean_custom_retina_logo":0,"ocean_custom_logo_max_width":0,"ocean_custom_logo_tablet_max_width":0,"ocean_custom_logo_mobile_max_width":0,"ocean_custom_logo_max_height":0,"ocean_custom_logo_tablet_max_height":0,"ocean_custom_logo_mobile_max_height":0,"ocean_header_custom_menu":"0","ocean_menu_typo_font_family":"0","ocean_menu_typo_font_subset":"","ocean_menu_typo_font_size":0,"ocean_menu_typo_font_size_tablet":0,"ocean_menu_typo_font_size_mobile":0,"ocean_menu_typo_font_size_unit":"px","ocean_menu_typo_font_weight":"","ocean_menu_typo_font_weight_tablet":"","ocean_menu_typo_font_weight_mobile":"","ocean_menu_typo_transform":"","ocean_menu_typo_transform_tablet":"","ocean_menu_typo_transform_mobile":"","ocean_menu_typo_line_height":0,"ocean_menu_typo_line_height_tablet":0,"ocean_menu_typo_line_height_mobile":0,"ocean_menu_typo_line_height_unit":"","ocean_menu_typo_spacing":0,"ocean_menu_typo_spacing_tablet":0,"ocean_menu_typo_spacing_mobile":0,"ocean_menu_typo_spacing_unit":"","ocean_menu_link_color":"","ocean_menu_link_color_hover":"","ocean_menu_link_color_active":"","ocean_menu_link_background":"","ocean_menu_link_hover_background":"","ocean_menu_link_active_background":"","ocean_menu_social_links_bg":"","ocean_menu_social_hover_links_bg":"","ocean_menu_social_links_color":"","ocean_menu_social_hover_links_color":"","ocean_disable_title":"default","ocean_disable_heading":"default","ocean_post_title":"","ocean_post_subheading":"","ocean_post_title_style":"","ocean_post_title_background_color":"","ocean_post_title_background":0,"ocean_post_title_bg_image_position":"","ocean_post_title_bg_image_attachment":"","ocean_post_title_bg_image_repeat":"","ocean_post_title_bg_image_size":"","ocean_post_title_height":0,"ocean_post_title_bg_overlay":0.5,"ocean_post_title_bg_overlay_color":"","ocean_disable_breadcrumbs":"default","ocean_breadcrumbs_color":"","ocean_breadcrumbs_separator_color":"","ocean_breadcrumbs_links_color":"","ocean_breadcrumbs_links_hover_color":"","ocean_display_footer_widgets":"default","ocean_display_footer_bottom":"default","ocean_custom_footer_template":"0","_glsr_average":0,"_glsr_ranking":0,"_glsr_reviews":0},"product_brand":[],"product_cat":[103],"product_tag":[],"class_list":{"0":"post-4110","1":"product","2":"type-product","3":"status-publish","4":"has-post-thumbnail","6":"product_cat-colgantes-de-orgonita","8":"entry","9":"has-media","11":"first","12":"instock","13":"taxable","14":"shipping-taxable","15":"purchasable","16":"product-type-simple","17":"add-to-wishlist-after_add_to_cart","18":"has-product-nav","19":"col","20":"span_1_of_3","21":"owp-content-center","22":"owp-thumbs-layout-vertical","23":"owp-btn-normal","24":"owp-tabs-layout-horizontal","25":"has-no-thumbnails"},"yoast_head":"<!-- This site is optimized with the Yoast SEO plugin v27.4 - https:\/\/yoast.com\/product\/yoast-seo-wordpress\/ -->\n<title>Colgante de orgonita Turquoise Dream - HEN<\/title>\n<meta name=\"description\" content=\"Colgante de orgonita con turquesa, lat\u00f3n, aventurina, amatista, cuarzo rosa y shungita.\" \/>\n<meta name=\"robots\" content=\"index, follow, max-snippet:-1, max-image-preview:large, max-video-preview:-1\" \/>\n<link rel=\"canonical\" href=\"https:\/\/henergylab.com\/es\/producto\/colgante-de-orgonita-turquoise-dream\/\" \/>\n<meta property=\"og:locale\" content=\"es_ES\" \/>\n<meta property=\"og:type\" content=\"article\" \/>\n<meta property=\"og:title\" content=\"Colgante de orgonita Turquoise Dream - HEN\" \/>\n<meta property=\"og:description\" content=\"Colgante de orgonita con turquesa, lat\u00f3n, aventurina, amatista, cuarzo rosa y shungita.\" \/>\n<meta property=\"og:url\" content=\"https:\/\/henergylab.com\/es\/producto\/colgante-de-orgonita-turquoise-dream\/\" \/>\n<meta property=\"og:site_name\" content=\"HEN\" \/>\n<meta property=\"article:modified_time\" content=\"2025-11-02T01:07:30+00:00\" \/>\n<meta property=\"og:image\" content=\"https:\/\/henergylab.com\/wp-content\/uploads\/2025\/01\/Turquoise-Shungite-Aventurine-Orgone-Pendant1.jpg\" \/>\n\t<meta property=\"og:image:width\" content=\"1200\" \/>\n\t<meta property=\"og:image:height\" content=\"1173\" \/>\n\t<meta property=\"og:image:type\" content=\"image\/jpeg\" \/>\n<meta name=\"twitter:card\" content=\"summary_large_image\" \/>\n<meta name=\"twitter:label1\" content=\"Tiempo de lectura\" \/>\n\t<meta name=\"twitter:data1\" content=\"3 minutos\" \/>\n<script type=\"application\/ld+json\" class=\"yoast-schema-graph\">{\"@context\":\"https:\\\/\\\/schema.org\",\"@graph\":[{\"@type\":\"WebPage\",\"@id\":\"https:\\\/\\\/henergylab.com\\\/es\\\/producto\\\/colgante-de-orgonita-turquoise-dream\\\/\",\"url\":\"https:\\\/\\\/henergylab.com\\\/es\\\/producto\\\/colgante-de-orgonita-turquoise-dream\\\/\",\"name\":\"Colgante de orgonita Turquoise Dream - HEN\",\"isPartOf\":{\"@id\":\"https:\\\/\\\/henergylab.com\\\/es\\\/#website\"},\"primaryImageOfPage\":{\"@id\":\"https:\\\/\\\/henergylab.com\\\/es\\\/producto\\\/colgante-de-orgonita-turquoise-dream\\\/#primaryimage\"},\"image\":{\"@id\":\"https:\\\/\\\/henergylab.com\\\/es\\\/producto\\\/colgante-de-orgonita-turquoise-dream\\\/#primaryimage\"},\"thumbnailUrl\":\"https:\\\/\\\/henergylab.com\\\/wp-content\\\/uploads\\\/2025\\\/01\\\/Turquoise-Shungite-Aventurine-Orgone-Pendant1.jpg\",\"datePublished\":\"2025-02-12T00:36:01+00:00\",\"dateModified\":\"2025-11-02T01:07:30+00:00\",\"description\":\"Colgante de orgonita con turquesa, lat\u00f3n, aventurina, amatista, cuarzo rosa y shungita.\",\"breadcrumb\":{\"@id\":\"https:\\\/\\\/henergylab.com\\\/es\\\/producto\\\/colgante-de-orgonita-turquoise-dream\\\/#breadcrumb\"},\"inLanguage\":\"es\",\"potentialAction\":[{\"@type\":\"ReadAction\",\"target\":[\"https:\\\/\\\/henergylab.com\\\/es\\\/producto\\\/colgante-de-orgonita-turquoise-dream\\\/\"]}]},{\"@type\":\"ImageObject\",\"inLanguage\":\"es\",\"@id\":\"https:\\\/\\\/henergylab.com\\\/es\\\/producto\\\/colgante-de-orgonita-turquoise-dream\\\/#primaryimage\",\"url\":\"https:\\\/\\\/henergylab.com\\\/wp-content\\\/uploads\\\/2025\\\/01\\\/Turquoise-Shungite-Aventurine-Orgone-Pendant1.jpg\",\"contentUrl\":\"https:\\\/\\\/henergylab.com\\\/wp-content\\\/uploads\\\/2025\\\/01\\\/Turquoise-Shungite-Aventurine-Orgone-Pendant1.jpg\",\"width\":1200,\"height\":1173},{\"@type\":\"BreadcrumbList\",\"@id\":\"https:\\\/\\\/henergylab.com\\\/es\\\/producto\\\/colgante-de-orgonita-turquoise-dream\\\/#breadcrumb\",\"itemListElement\":[{\"@type\":\"ListItem\",\"position\":1,\"name\":\"Home\",\"item\":\"https:\\\/\\\/henergylab.com\\\/es\\\/\"},{\"@type\":\"ListItem\",\"position\":2,\"name\":\"Tienda\",\"item\":\"https:\\\/\\\/henergylab.com\\\/es\\\/tienda\\\/\"},{\"@type\":\"ListItem\",\"position\":3,\"name\":\"Colgante de orgonita Turquoise Dream\"}]},{\"@type\":\"WebSite\",\"@id\":\"https:\\\/\\\/henergylab.com\\\/es\\\/#website\",\"url\":\"https:\\\/\\\/henergylab.com\\\/es\\\/\",\"name\":\"henergylab\",\"description\":\"\",\"publisher\":{\"@id\":\"https:\\\/\\\/henergylab.com\\\/es\\\/#organization\"},\"potentialAction\":[{\"@type\":\"SearchAction\",\"target\":{\"@type\":\"EntryPoint\",\"urlTemplate\":\"https:\\\/\\\/henergylab.com\\\/es\\\/?s={search_term_string}\"},\"query-input\":{\"@type\":\"PropertyValueSpecification\",\"valueRequired\":true,\"valueName\":\"search_term_string\"}}],\"inLanguage\":\"es\"},{\"@type\":\"Organization\",\"@id\":\"https:\\\/\\\/henergylab.com\\\/es\\\/#organization\",\"name\":\"HEN\",\"url\":\"https:\\\/\\\/henergylab.com\\\/es\\\/\",\"logo\":{\"@type\":\"ImageObject\",\"inLanguage\":\"es\",\"@id\":\"https:\\\/\\\/henergylab.com\\\/es\\\/#\\\/schema\\\/logo\\\/image\\\/\",\"url\":\"https:\\\/\\\/henergylab.com\\\/wp-content\\\/uploads\\\/2025\\\/07\\\/Henergylab-logo-scritta-nera-1.png\",\"contentUrl\":\"https:\\\/\\\/henergylab.com\\\/wp-content\\\/uploads\\\/2025\\\/07\\\/Henergylab-logo-scritta-nera-1.png\",\"width\":128,\"height\":128,\"caption\":\"HEN\"},\"image\":{\"@id\":\"https:\\\/\\\/henergylab.com\\\/es\\\/#\\\/schema\\\/logo\\\/image\\\/\"}}]}<\/script>\n<!-- \/ Yoast SEO plugin. -->","yoast_head_json":{"title":"Colgante de orgonita Turquoise Dream - HEN","description":"Colgante de orgonita con turquesa, lat\u00f3n, aventurina, amatista, cuarzo rosa y shungita.","robots":{"index":"index","follow":"follow","max-snippet":"max-snippet:-1","max-image-preview":"max-image-preview:large","max-video-preview":"max-video-preview:-1"},"canonical":"https:\/\/henergylab.com\/es\/producto\/colgante-de-orgonita-turquoise-dream\/","og_locale":"es_ES","og_type":"article","og_title":"Colgante de orgonita Turquoise Dream - HEN","og_description":"Colgante de orgonita con turquesa, lat\u00f3n, aventurina, amatista, cuarzo rosa y shungita.","og_url":"https:\/\/henergylab.com\/es\/producto\/colgante-de-orgonita-turquoise-dream\/","og_site_name":"HEN","article_modified_time":"2025-11-02T01:07:30+00:00","og_image":[{"width":1200,"height":1173,"url":"https:\/\/henergylab.com\/wp-content\/uploads\/2025\/01\/Turquoise-Shungite-Aventurine-Orgone-Pendant1.jpg","type":"image\/jpeg"}],"twitter_card":"summary_large_image","twitter_misc":{"Tiempo de lectura":"3 minutos"},"schema":{"@context":"https:\/\/schema.org","@graph":[{"@type":"WebPage","@id":"https:\/\/henergylab.com\/es\/producto\/colgante-de-orgonita-turquoise-dream\/","url":"https:\/\/henergylab.com\/es\/producto\/colgante-de-orgonita-turquoise-dream\/","name":"Colgante de orgonita Turquoise Dream - HEN","isPartOf":{"@id":"https:\/\/henergylab.com\/es\/#website"},"primaryImageOfPage":{"@id":"https:\/\/henergylab.com\/es\/producto\/colgante-de-orgonita-turquoise-dream\/#primaryimage"},"image":{"@id":"https:\/\/henergylab.com\/es\/producto\/colgante-de-orgonita-turquoise-dream\/#primaryimage"},"thumbnailUrl":"https:\/\/henergylab.com\/wp-content\/uploads\/2025\/01\/Turquoise-Shungite-Aventurine-Orgone-Pendant1.jpg","datePublished":"2025-02-12T00:36:01+00:00","dateModified":"2025-11-02T01:07:30+00:00","description":"Colgante de orgonita con turquesa, lat\u00f3n, aventurina, amatista, cuarzo rosa y shungita.","breadcrumb":{"@id":"https:\/\/henergylab.com\/es\/producto\/colgante-de-orgonita-turquoise-dream\/#breadcrumb"},"inLanguage":"es","potentialAction":[{"@type":"ReadAction","target":["https:\/\/henergylab.com\/es\/producto\/colgante-de-orgonita-turquoise-dream\/"]}]},{"@type":"ImageObject","inLanguage":"es","@id":"https:\/\/henergylab.com\/es\/producto\/colgante-de-orgonita-turquoise-dream\/#primaryimage","url":"https:\/\/henergylab.com\/wp-content\/uploads\/2025\/01\/Turquoise-Shungite-Aventurine-Orgone-Pendant1.jpg","contentUrl":"https:\/\/henergylab.com\/wp-content\/uploads\/2025\/01\/Turquoise-Shungite-Aventurine-Orgone-Pendant1.jpg","width":1200,"height":1173},{"@type":"BreadcrumbList","@id":"https:\/\/henergylab.com\/es\/producto\/colgante-de-orgonita-turquoise-dream\/#breadcrumb","itemListElement":[{"@type":"ListItem","position":1,"name":"Home","item":"https:\/\/henergylab.com\/es\/"},{"@type":"ListItem","position":2,"name":"Tienda","item":"https:\/\/henergylab.com\/es\/tienda\/"},{"@type":"ListItem","position":3,"name":"Colgante de orgonita Turquoise Dream"}]},{"@type":"WebSite","@id":"https:\/\/henergylab.com\/es\/#website","url":"https:\/\/henergylab.com\/es\/","name":"henergylab","description":"","publisher":{"@id":"https:\/\/henergylab.com\/es\/#organization"},"potentialAction":[{"@type":"SearchAction","target":{"@type":"EntryPoint","urlTemplate":"https:\/\/henergylab.com\/es\/?s={search_term_string}"},"query-input":{"@type":"PropertyValueSpecification","valueRequired":true,"valueName":"search_term_string"}}],"inLanguage":"es"},{"@type":"Organization","@id":"https:\/\/henergylab.com\/es\/#organization","name":"HEN","url":"https:\/\/henergylab.com\/es\/","logo":{"@type":"ImageObject","inLanguage":"es","@id":"https:\/\/henergylab.com\/es\/#\/schema\/logo\/image\/","url":"https:\/\/henergylab.com\/wp-content\/uploads\/2025\/07\/Henergylab-logo-scritta-nera-1.png","contentUrl":"https:\/\/henergylab.com\/wp-content\/uploads\/2025\/07\/Henergylab-logo-scritta-nera-1.png","width":128,"height":128,"caption":"HEN"},"image":{"@id":"https:\/\/henergylab.com\/es\/#\/schema\/logo\/image\/"}}]}},"_links":{"self":[{"href":"https:\/\/henergylab.com\/es\/wp-json\/wp\/v2\/product\/4110","targetHints":{"allow":["GET"]}}],"collection":[{"href":"https:\/\/henergylab.com\/es\/wp-json\/wp\/v2\/product"}],"about":[{"href":"https:\/\/henergylab.com\/es\/wp-json\/wp\/v2\/types\/product"}],"replies":[{"embeddable":true,"href":"https:\/\/henergylab.com\/es\/wp-json\/wp\/v2\/comments?post=4110"}],"wp:featuredmedia":[{"embeddable":true,"href":"https:\/\/henergylab.com\/es\/wp-json\/wp\/v2\/media\/4111"}],"wp:attachment":[{"href":"https:\/\/henergylab.com\/es\/wp-json\/wp\/v2\/media?parent=4110"}],"wp:term":[{"taxonomy":"product_brand","embeddable":true,"href":"https:\/\/henergylab.com\/es\/wp-json\/wp\/v2\/product_brand?post=4110"},{"taxonomy":"product_cat","embeddable":true,"href":"https:\/\/henergylab.com\/es\/wp-json\/wp\/v2\/product_cat?post=4110"},{"taxonomy":"product_tag","embeddable":true,"href":"https:\/\/henergylab.com\/es\/wp-json\/wp\/v2\/product_tag?post=4110"}],"curies":[{"name":"wp","href":"https:\/\/api.w.org\/{rel}","templated":true}]}}