{"id":4191,"date":"2025-02-16T00:01:22","date_gmt":"2025-02-16T00:01:22","guid":{"rendered":"https:\/\/henergylab.com\/product\/colgante-de-orgonita-de-aventurina-om\/"},"modified":"2025-11-02T01:11:14","modified_gmt":"2025-11-02T01:11:14","slug":"colgante-de-orgonita-de-aventurina-om","status":"publish","type":"product","link":"https:\/\/henergylab.com\/es\/producto\/colgante-de-orgonita-de-aventurina-om\/","title":{"rendered":"Colgante de Orgonita de Aventurina Om"},"content":{"rendered":"<h3>Colgante de Orgonita de Aventurina Om<\/h3>\n<p>Este colgante de orgonita, hecho de resina epoxi, contiene diversos metales como hierro, cobre, lat\u00f3n y acero. Incluye aventurina, shungita, cuarzo rosa, amatista y turmalina negra, que transmiten vibraciones de alta frecuencia al org\u00f3n, elevando el estado interior a la misma frecuencia que los chakras superiores con los que resuenan estas piedras.<\/p>\n<p>Aventurina<\/p>\n<p>Se dice que la aventurina beneficia todas las \u00e1reas de la creatividad y la imaginaci\u00f3n, as\u00ed como el intelecto y la claridad mental. Tradicionalmente, se cree que aumenta la prosperidad y el \u00e9xito profesional. Es una piedra energ\u00e9ticamente suave que proporciona una sensaci\u00f3n de calma y equilibrio, e incrementa la felicidad. Tambi\u00e9n ayuda a ver alternativas y potencial en todas las situaciones, brindando una perspectiva positiva, valent\u00eda y fortaleza interior. Se dice que trae buena suerte, especialmente en los juegos de azar. La aventurina verde es tambi\u00e9n una piedra m\u00edstica de prosperidad. La aventurina fomenta la amistad y es una piedra de energ\u00edas protectoras. Seg\u00fan el folclore y la tradici\u00f3n metaf\u00edsica, la shungita es beneficiosa para la sangre, el sistema circulatorio, el equilibrio de la presi\u00f3n arterial, los problemas sinusales, las n\u00e1useas, los dolores de cabeza, la salud en general, las alergias, el eccema, la fiebre y los trastornos del sue\u00f1o.<\/p>\n<p>Shungita<\/p>\n<p>La shungita tiene un efecto calmante y relajante. Esto se debe a sus energ\u00edas protectoras y a su capacidad para repeler la energ\u00eda negativa. La shungita posee diversas propiedades f\u00edsicas, qu\u00edmicas y bioenerg\u00e9ticas sorprendentes.<\/p>\n<p>Una de sus propiedades es su poderosa capacidad para neutralizar cualquier tipo de radiaci\u00f3n; es extremadamente eficaz para contrarrestar los efectos de las ondas electromagn\u00e9ticas.<\/p>\n<p>Tiene una notable capacidad para fortalecer el cuerpo energ\u00e9tico, estimular la circulaci\u00f3n de la energ\u00eda vital y reparar el da\u00f1o causado por la radiaci\u00f3n negativa.<\/p>\n<p>Nunca se carga negativamente, gracias a sus caracter\u00edsticas moleculares especiales (fulerenos).<\/p>\n<p>La shungita estimula el sistema inmunol\u00f3gico y fortalece el cuerpo energ\u00e9tico.<\/p>\n<p>Neutraliza la inseguridad y el miedo al futuro, generando una sensaci\u00f3n de estabilidad y confianza.<\/p>\n<p>Amatista<\/p>\n<p>La amatista es una piedra meditativa y calmante que act\u00faa a nivel emocional, espiritual y f\u00edsico para brindar calma, equilibrio, paciencia y paz.<\/p>\n<p>La amatista se utiliza con beneficios para tratar asuntos legales y financieros, lo que puede conducir a la prosperidad y la abundancia, aunque no sea la piedra de la prosperidad m\u00e1s conocida.<\/p>\n<p>En los \u00e1mbitos ps\u00edquico y espiritual, la amatista es una excelente piedra multiusos que puede potenciar la espiritualidad, la intuici\u00f3n y las facultades ps\u00edquicas de todo tipo. Lo logra creando una conexi\u00f3n clara entre el plano terrenal y otros planos y mundos. La amatista tambi\u00e9n es excelente para la meditaci\u00f3n y los sue\u00f1os l\u00facidos. Se utiliza para abrir los canales de la telepat\u00eda, la regresi\u00f3n a vidas pasadas, la clariaudiencia, la clarividencia y la comunicaci\u00f3n con \u00e1ngeles. La amatista tambi\u00e9n protege contra ataques ps\u00edquicos, especialmente durante el trabajo espiritual.<\/p>\n<p>Nota: Este dispositivo no es un instrumento m\u00e9dico; puede ser una ayuda para la sanaci\u00f3n. Por razones de salud, consulte a su m\u00e9dico.<\/p>\n<p>Di\u00e1metro: 3,8 cm<\/p>\n","protected":false},"excerpt":{"rendered":"<p>Colgante de Orgonita de Aventurina Om<\/p>\n","protected":false},"featured_media":4192,"comment_status":"open","ping_status":"closed","template":"","meta":{"ocean_post_layout":"","ocean_both_sidebars_style":"","ocean_both_sidebars_content_width":0,"ocean_both_sidebars_sidebars_width":0,"ocean_sidebar":"0","ocean_second_sidebar":"0","ocean_disable_margins":"enable","ocean_add_body_class":"","ocean_shortcode_before_top_bar":"","ocean_shortcode_after_top_bar":"","ocean_shortcode_before_header":"","ocean_shortcode_after_header":"","ocean_has_shortcode":"","ocean_shortcode_after_title":"","ocean_shortcode_before_footer_widgets":"","ocean_shortcode_after_footer_widgets":"","ocean_shortcode_before_footer_bottom":"","ocean_shortcode_after_footer_bottom":"","ocean_display_top_bar":"default","ocean_display_header":"default","ocean_header_style":"","ocean_center_header_left_menu":"0","ocean_custom_header_template":"0","ocean_custom_logo":0,"ocean_custom_retina_logo":0,"ocean_custom_logo_max_width":0,"ocean_custom_logo_tablet_max_width":0,"ocean_custom_logo_mobile_max_width":0,"ocean_custom_logo_max_height":0,"ocean_custom_logo_tablet_max_height":0,"ocean_custom_logo_mobile_max_height":0,"ocean_header_custom_menu":"0","ocean_menu_typo_font_family":"0","ocean_menu_typo_font_subset":"","ocean_menu_typo_font_size":0,"ocean_menu_typo_font_size_tablet":0,"ocean_menu_typo_font_size_mobile":0,"ocean_menu_typo_font_size_unit":"px","ocean_menu_typo_font_weight":"","ocean_menu_typo_font_weight_tablet":"","ocean_menu_typo_font_weight_mobile":"","ocean_menu_typo_transform":"","ocean_menu_typo_transform_tablet":"","ocean_menu_typo_transform_mobile":"","ocean_menu_typo_line_height":0,"ocean_menu_typo_line_height_tablet":0,"ocean_menu_typo_line_height_mobile":0,"ocean_menu_typo_line_height_unit":"","ocean_menu_typo_spacing":0,"ocean_menu_typo_spacing_tablet":0,"ocean_menu_typo_spacing_mobile":0,"ocean_menu_typo_spacing_unit":"","ocean_menu_link_color":"","ocean_menu_link_color_hover":"","ocean_menu_link_color_active":"","ocean_menu_link_background":"","ocean_menu_link_hover_background":"","ocean_menu_link_active_background":"","ocean_menu_social_links_bg":"","ocean_menu_social_hover_links_bg":"","ocean_menu_social_links_color":"","ocean_menu_social_hover_links_color":"","ocean_disable_title":"default","ocean_disable_heading":"default","ocean_post_title":"","ocean_post_subheading":"","ocean_post_title_style":"","ocean_post_title_background_color":"","ocean_post_title_background":0,"ocean_post_title_bg_image_position":"","ocean_post_title_bg_image_attachment":"","ocean_post_title_bg_image_repeat":"","ocean_post_title_bg_image_size":"","ocean_post_title_height":0,"ocean_post_title_bg_overlay":0.5,"ocean_post_title_bg_overlay_color":"","ocean_disable_breadcrumbs":"default","ocean_breadcrumbs_color":"","ocean_breadcrumbs_separator_color":"","ocean_breadcrumbs_links_color":"","ocean_breadcrumbs_links_hover_color":"","ocean_display_footer_widgets":"default","ocean_display_footer_bottom":"default","ocean_custom_footer_template":"0","_glsr_average":0,"_glsr_ranking":0,"_glsr_reviews":0},"product_brand":[],"product_cat":[103],"product_tag":[],"class_list":{"0":"post-4191","1":"product","2":"type-product","3":"status-publish","4":"has-post-thumbnail","6":"product_cat-colgantes-de-orgonita","8":"entry","9":"has-media","11":"first","12":"instock","13":"taxable","14":"shipping-taxable","15":"purchasable","16":"product-type-simple","17":"add-to-wishlist-after_add_to_cart","18":"has-product-nav","19":"col","20":"span_1_of_3","21":"owp-content-center","22":"owp-thumbs-layout-vertical","23":"owp-btn-normal","24":"owp-tabs-layout-horizontal"},"yoast_head":"<!-- This site is optimized with the Yoast SEO plugin v27.4 - https:\/\/yoast.com\/product\/yoast-seo-wordpress\/ -->\n<title>Colgante de Orgonita de Aventurina Om - HEN<\/title>\n<meta name=\"description\" content=\"Colgante OM de orgonita con aventurina, que fomenta la imaginaci\u00f3n, el intelecto y la claridad mental.\" \/>\n<meta name=\"robots\" content=\"index, follow, max-snippet:-1, max-image-preview:large, max-video-preview:-1\" \/>\n<link rel=\"canonical\" href=\"https:\/\/henergylab.com\/es\/producto\/colgante-de-orgonita-de-aventurina-om\/\" \/>\n<meta property=\"og:locale\" content=\"es_ES\" \/>\n<meta property=\"og:type\" content=\"article\" \/>\n<meta property=\"og:title\" content=\"Colgante de Orgonita de Aventurina Om - HEN\" \/>\n<meta property=\"og:description\" content=\"Colgante OM de orgonita con aventurina, que fomenta la imaginaci\u00f3n, el intelecto y la claridad mental.\" \/>\n<meta property=\"og:url\" content=\"https:\/\/henergylab.com\/es\/producto\/colgante-de-orgonita-de-aventurina-om\/\" \/>\n<meta property=\"og:site_name\" content=\"HEN\" \/>\n<meta property=\"article:modified_time\" content=\"2025-11-02T01:11:14+00:00\" \/>\n<meta property=\"og:image\" content=\"https:\/\/henergylab.com\/wp-content\/uploads\/2025\/02\/OM-aventurine-1.jpg\" \/>\n\t<meta property=\"og:image:width\" content=\"2520\" \/>\n\t<meta property=\"og:image:height\" content=\"2520\" \/>\n\t<meta property=\"og:image:type\" content=\"image\/jpeg\" \/>\n<meta name=\"twitter:card\" content=\"summary_large_image\" \/>\n<meta name=\"twitter:label1\" content=\"Tiempo de lectura\" \/>\n\t<meta name=\"twitter:data1\" content=\"3 minutos\" \/>\n<script type=\"application\/ld+json\" class=\"yoast-schema-graph\">{\"@context\":\"https:\\\/\\\/schema.org\",\"@graph\":[{\"@type\":\"WebPage\",\"@id\":\"https:\\\/\\\/henergylab.com\\\/es\\\/producto\\\/colgante-de-orgonita-de-aventurina-om\\\/\",\"url\":\"https:\\\/\\\/henergylab.com\\\/es\\\/producto\\\/colgante-de-orgonita-de-aventurina-om\\\/\",\"name\":\"Colgante de Orgonita de Aventurina Om - HEN\",\"isPartOf\":{\"@id\":\"https:\\\/\\\/henergylab.com\\\/es\\\/#website\"},\"primaryImageOfPage\":{\"@id\":\"https:\\\/\\\/henergylab.com\\\/es\\\/producto\\\/colgante-de-orgonita-de-aventurina-om\\\/#primaryimage\"},\"image\":{\"@id\":\"https:\\\/\\\/henergylab.com\\\/es\\\/producto\\\/colgante-de-orgonita-de-aventurina-om\\\/#primaryimage\"},\"thumbnailUrl\":\"https:\\\/\\\/henergylab.com\\\/wp-content\\\/uploads\\\/2025\\\/02\\\/OM-aventurine-1.jpg\",\"datePublished\":\"2025-02-16T00:01:22+00:00\",\"dateModified\":\"2025-11-02T01:11:14+00:00\",\"description\":\"Colgante OM de orgonita con aventurina, que fomenta la imaginaci\u00f3n, el intelecto y la claridad mental.\",\"breadcrumb\":{\"@id\":\"https:\\\/\\\/henergylab.com\\\/es\\\/producto\\\/colgante-de-orgonita-de-aventurina-om\\\/#breadcrumb\"},\"inLanguage\":\"es\",\"potentialAction\":[{\"@type\":\"ReadAction\",\"target\":[\"https:\\\/\\\/henergylab.com\\\/es\\\/producto\\\/colgante-de-orgonita-de-aventurina-om\\\/\"]}]},{\"@type\":\"ImageObject\",\"inLanguage\":\"es\",\"@id\":\"https:\\\/\\\/henergylab.com\\\/es\\\/producto\\\/colgante-de-orgonita-de-aventurina-om\\\/#primaryimage\",\"url\":\"https:\\\/\\\/henergylab.com\\\/wp-content\\\/uploads\\\/2025\\\/02\\\/OM-aventurine-1.jpg\",\"contentUrl\":\"https:\\\/\\\/henergylab.com\\\/wp-content\\\/uploads\\\/2025\\\/02\\\/OM-aventurine-1.jpg\",\"width\":2520,\"height\":2520},{\"@type\":\"BreadcrumbList\",\"@id\":\"https:\\\/\\\/henergylab.com\\\/es\\\/producto\\\/colgante-de-orgonita-de-aventurina-om\\\/#breadcrumb\",\"itemListElement\":[{\"@type\":\"ListItem\",\"position\":1,\"name\":\"Home\",\"item\":\"https:\\\/\\\/henergylab.com\\\/es\\\/\"},{\"@type\":\"ListItem\",\"position\":2,\"name\":\"Tienda\",\"item\":\"https:\\\/\\\/henergylab.com\\\/es\\\/tienda\\\/\"},{\"@type\":\"ListItem\",\"position\":3,\"name\":\"Colgante de Orgonita de Aventurina Om\"}]},{\"@type\":\"WebSite\",\"@id\":\"https:\\\/\\\/henergylab.com\\\/es\\\/#website\",\"url\":\"https:\\\/\\\/henergylab.com\\\/es\\\/\",\"name\":\"henergylab\",\"description\":\"\",\"publisher\":{\"@id\":\"https:\\\/\\\/henergylab.com\\\/es\\\/#organization\"},\"potentialAction\":[{\"@type\":\"SearchAction\",\"target\":{\"@type\":\"EntryPoint\",\"urlTemplate\":\"https:\\\/\\\/henergylab.com\\\/es\\\/?s={search_term_string}\"},\"query-input\":{\"@type\":\"PropertyValueSpecification\",\"valueRequired\":true,\"valueName\":\"search_term_string\"}}],\"inLanguage\":\"es\"},{\"@type\":\"Organization\",\"@id\":\"https:\\\/\\\/henergylab.com\\\/es\\\/#organization\",\"name\":\"HEN\",\"url\":\"https:\\\/\\\/henergylab.com\\\/es\\\/\",\"logo\":{\"@type\":\"ImageObject\",\"inLanguage\":\"es\",\"@id\":\"https:\\\/\\\/henergylab.com\\\/es\\\/#\\\/schema\\\/logo\\\/image\\\/\",\"url\":\"https:\\\/\\\/henergylab.com\\\/wp-content\\\/uploads\\\/2025\\\/07\\\/Henergylab-logo-scritta-nera-1.png\",\"contentUrl\":\"https:\\\/\\\/henergylab.com\\\/wp-content\\\/uploads\\\/2025\\\/07\\\/Henergylab-logo-scritta-nera-1.png\",\"width\":128,\"height\":128,\"caption\":\"HEN\"},\"image\":{\"@id\":\"https:\\\/\\\/henergylab.com\\\/es\\\/#\\\/schema\\\/logo\\\/image\\\/\"}}]}<\/script>\n<!-- \/ Yoast SEO plugin. -->","yoast_head_json":{"title":"Colgante de Orgonita de Aventurina Om - HEN","description":"Colgante OM de orgonita con aventurina, que fomenta la imaginaci\u00f3n, el intelecto y la claridad mental.","robots":{"index":"index","follow":"follow","max-snippet":"max-snippet:-1","max-image-preview":"max-image-preview:large","max-video-preview":"max-video-preview:-1"},"canonical":"https:\/\/henergylab.com\/es\/producto\/colgante-de-orgonita-de-aventurina-om\/","og_locale":"es_ES","og_type":"article","og_title":"Colgante de Orgonita de Aventurina Om - HEN","og_description":"Colgante OM de orgonita con aventurina, que fomenta la imaginaci\u00f3n, el intelecto y la claridad mental.","og_url":"https:\/\/henergylab.com\/es\/producto\/colgante-de-orgonita-de-aventurina-om\/","og_site_name":"HEN","article_modified_time":"2025-11-02T01:11:14+00:00","og_image":[{"width":2520,"height":2520,"url":"https:\/\/henergylab.com\/wp-content\/uploads\/2025\/02\/OM-aventurine-1.jpg","type":"image\/jpeg"}],"twitter_card":"summary_large_image","twitter_misc":{"Tiempo de lectura":"3 minutos"},"schema":{"@context":"https:\/\/schema.org","@graph":[{"@type":"WebPage","@id":"https:\/\/henergylab.com\/es\/producto\/colgante-de-orgonita-de-aventurina-om\/","url":"https:\/\/henergylab.com\/es\/producto\/colgante-de-orgonita-de-aventurina-om\/","name":"Colgante de Orgonita de Aventurina Om - HEN","isPartOf":{"@id":"https:\/\/henergylab.com\/es\/#website"},"primaryImageOfPage":{"@id":"https:\/\/henergylab.com\/es\/producto\/colgante-de-orgonita-de-aventurina-om\/#primaryimage"},"image":{"@id":"https:\/\/henergylab.com\/es\/producto\/colgante-de-orgonita-de-aventurina-om\/#primaryimage"},"thumbnailUrl":"https:\/\/henergylab.com\/wp-content\/uploads\/2025\/02\/OM-aventurine-1.jpg","datePublished":"2025-02-16T00:01:22+00:00","dateModified":"2025-11-02T01:11:14+00:00","description":"Colgante OM de orgonita con aventurina, que fomenta la imaginaci\u00f3n, el intelecto y la claridad mental.","breadcrumb":{"@id":"https:\/\/henergylab.com\/es\/producto\/colgante-de-orgonita-de-aventurina-om\/#breadcrumb"},"inLanguage":"es","potentialAction":[{"@type":"ReadAction","target":["https:\/\/henergylab.com\/es\/producto\/colgante-de-orgonita-de-aventurina-om\/"]}]},{"@type":"ImageObject","inLanguage":"es","@id":"https:\/\/henergylab.com\/es\/producto\/colgante-de-orgonita-de-aventurina-om\/#primaryimage","url":"https:\/\/henergylab.com\/wp-content\/uploads\/2025\/02\/OM-aventurine-1.jpg","contentUrl":"https:\/\/henergylab.com\/wp-content\/uploads\/2025\/02\/OM-aventurine-1.jpg","width":2520,"height":2520},{"@type":"BreadcrumbList","@id":"https:\/\/henergylab.com\/es\/producto\/colgante-de-orgonita-de-aventurina-om\/#breadcrumb","itemListElement":[{"@type":"ListItem","position":1,"name":"Home","item":"https:\/\/henergylab.com\/es\/"},{"@type":"ListItem","position":2,"name":"Tienda","item":"https:\/\/henergylab.com\/es\/tienda\/"},{"@type":"ListItem","position":3,"name":"Colgante de Orgonita de Aventurina Om"}]},{"@type":"WebSite","@id":"https:\/\/henergylab.com\/es\/#website","url":"https:\/\/henergylab.com\/es\/","name":"henergylab","description":"","publisher":{"@id":"https:\/\/henergylab.com\/es\/#organization"},"potentialAction":[{"@type":"SearchAction","target":{"@type":"EntryPoint","urlTemplate":"https:\/\/henergylab.com\/es\/?s={search_term_string}"},"query-input":{"@type":"PropertyValueSpecification","valueRequired":true,"valueName":"search_term_string"}}],"inLanguage":"es"},{"@type":"Organization","@id":"https:\/\/henergylab.com\/es\/#organization","name":"HEN","url":"https:\/\/henergylab.com\/es\/","logo":{"@type":"ImageObject","inLanguage":"es","@id":"https:\/\/henergylab.com\/es\/#\/schema\/logo\/image\/","url":"https:\/\/henergylab.com\/wp-content\/uploads\/2025\/07\/Henergylab-logo-scritta-nera-1.png","contentUrl":"https:\/\/henergylab.com\/wp-content\/uploads\/2025\/07\/Henergylab-logo-scritta-nera-1.png","width":128,"height":128,"caption":"HEN"},"image":{"@id":"https:\/\/henergylab.com\/es\/#\/schema\/logo\/image\/"}}]}},"_links":{"self":[{"href":"https:\/\/henergylab.com\/es\/wp-json\/wp\/v2\/product\/4191","targetHints":{"allow":["GET"]}}],"collection":[{"href":"https:\/\/henergylab.com\/es\/wp-json\/wp\/v2\/product"}],"about":[{"href":"https:\/\/henergylab.com\/es\/wp-json\/wp\/v2\/types\/product"}],"replies":[{"embeddable":true,"href":"https:\/\/henergylab.com\/es\/wp-json\/wp\/v2\/comments?post=4191"}],"wp:featuredmedia":[{"embeddable":true,"href":"https:\/\/henergylab.com\/es\/wp-json\/wp\/v2\/media\/4192"}],"wp:attachment":[{"href":"https:\/\/henergylab.com\/es\/wp-json\/wp\/v2\/media?parent=4191"}],"wp:term":[{"taxonomy":"product_brand","embeddable":true,"href":"https:\/\/henergylab.com\/es\/wp-json\/wp\/v2\/product_brand?post=4191"},{"taxonomy":"product_cat","embeddable":true,"href":"https:\/\/henergylab.com\/es\/wp-json\/wp\/v2\/product_cat?post=4191"},{"taxonomy":"product_tag","embeddable":true,"href":"https:\/\/henergylab.com\/es\/wp-json\/wp\/v2\/product_tag?post=4191"}],"curies":[{"name":"wp","href":"https:\/\/api.w.org\/{rel}","templated":true}]}}