{"id":4201,"date":"2025-03-12T00:59:55","date_gmt":"2025-03-12T00:59:55","guid":{"rendered":"https:\/\/henergylab.com\/product\/colgante-semilla-de-la-vida-de-shungita-y-turmalina-negra\/"},"modified":"2025-11-02T01:12:15","modified_gmt":"2025-11-02T01:12:15","slug":"colgante-semilla-de-la-vida-de-shungita-y-turmalina-negra","status":"publish","type":"product","link":"https:\/\/henergylab.com\/es\/producto\/colgante-semilla-de-la-vida-de-shungita-y-turmalina-negra\/","title":{"rendered":"Colgante Semilla de la Vida de Shungita y Turmalina Negra"},"content":{"rendered":"<h3>Colgante Semilla de la Vida, Shungita y Turmalina Negra<\/h3>\n<p>Colgante de orgonita, elaborado con resina epoxi, que contiene lat\u00f3n, turmalina negra, amatista, cuarzo rosa y shungita. Las piedras utilizadas poseen propiedades protectoras contra las ondas electromagn\u00e9ticas generadas por los tel\u00e9fonos m\u00f3viles y la contaminaci\u00f3n electromagn\u00e9tica en general. La turmalina negra protege y armoniza el aura de las energ\u00edas negativas, infundiendo una sensaci\u00f3n de seguridad y estabilidad. Tiene una fuerte resonancia con el chakra Muladhara, ubicado en la base de la columna vertebral, centro de la vitalidad y la adaptabilidad a nivel f\u00edsico. Ejerce una influencia beneficiosa en toda la zona del coxis, tiene un efecto positivo en las afecciones genitales y se recomienda para trastornos circulatorios y card\u00edacos.<\/p>\n<p>El colgante contiene una espiral de lat\u00f3n, basada en la longitud del codo perdido, la antigua unidad de medida egipcia con una resonancia especial con las energ\u00edas biof\u00edsicas de nuestro ser. Combinado con cristales de amatista y cuarzo rosa, que tienen excelentes efectos en la zona del coraz\u00f3n, ofrece una fuerte protecci\u00f3n para el cuarto chakra, especialmente indicado para quienes trabajan mucho tiempo con ordenadores y se exponen con frecuencia a este tipo de emisiones electromagn\u00e9ticas.<\/p>\n<p>Nota: Este dispositivo no es un instrumento m\u00e9dico; puede utilizarse como complemento terap\u00e9utico por motivos de salud; consulte a su m\u00e9dico.<\/p>\n<p>Di\u00e1metro: 3,8 cm<\/p>\n","protected":false},"excerpt":{"rendered":"<p>Shungita y Turmalina Negra<\/p>\n","protected":false},"featured_media":4202,"comment_status":"open","ping_status":"closed","template":"","meta":{"ocean_post_layout":"","ocean_both_sidebars_style":"","ocean_both_sidebars_content_width":0,"ocean_both_sidebars_sidebars_width":0,"ocean_sidebar":"0","ocean_second_sidebar":"0","ocean_disable_margins":"enable","ocean_add_body_class":"","ocean_shortcode_before_top_bar":"","ocean_shortcode_after_top_bar":"","ocean_shortcode_before_header":"","ocean_shortcode_after_header":"","ocean_has_shortcode":"","ocean_shortcode_after_title":"","ocean_shortcode_before_footer_widgets":"","ocean_shortcode_after_footer_widgets":"","ocean_shortcode_before_footer_bottom":"","ocean_shortcode_after_footer_bottom":"","ocean_display_top_bar":"default","ocean_display_header":"default","ocean_header_style":"","ocean_center_header_left_menu":"0","ocean_custom_header_template":"0","ocean_custom_logo":0,"ocean_custom_retina_logo":0,"ocean_custom_logo_max_width":0,"ocean_custom_logo_tablet_max_width":0,"ocean_custom_logo_mobile_max_width":0,"ocean_custom_logo_max_height":0,"ocean_custom_logo_tablet_max_height":0,"ocean_custom_logo_mobile_max_height":0,"ocean_header_custom_menu":"0","ocean_menu_typo_font_family":"0","ocean_menu_typo_font_subset":"","ocean_menu_typo_font_size":0,"ocean_menu_typo_font_size_tablet":0,"ocean_menu_typo_font_size_mobile":0,"ocean_menu_typo_font_size_unit":"px","ocean_menu_typo_font_weight":"","ocean_menu_typo_font_weight_tablet":"","ocean_menu_typo_font_weight_mobile":"","ocean_menu_typo_transform":"","ocean_menu_typo_transform_tablet":"","ocean_menu_typo_transform_mobile":"","ocean_menu_typo_line_height":0,"ocean_menu_typo_line_height_tablet":0,"ocean_menu_typo_line_height_mobile":0,"ocean_menu_typo_line_height_unit":"","ocean_menu_typo_spacing":0,"ocean_menu_typo_spacing_tablet":0,"ocean_menu_typo_spacing_mobile":0,"ocean_menu_typo_spacing_unit":"","ocean_menu_link_color":"","ocean_menu_link_color_hover":"","ocean_menu_link_color_active":"","ocean_menu_link_background":"","ocean_menu_link_hover_background":"","ocean_menu_link_active_background":"","ocean_menu_social_links_bg":"","ocean_menu_social_hover_links_bg":"","ocean_menu_social_links_color":"","ocean_menu_social_hover_links_color":"","ocean_disable_title":"default","ocean_disable_heading":"default","ocean_post_title":"","ocean_post_subheading":"","ocean_post_title_style":"","ocean_post_title_background_color":"","ocean_post_title_background":0,"ocean_post_title_bg_image_position":"","ocean_post_title_bg_image_attachment":"","ocean_post_title_bg_image_repeat":"","ocean_post_title_bg_image_size":"","ocean_post_title_height":0,"ocean_post_title_bg_overlay":0.5,"ocean_post_title_bg_overlay_color":"","ocean_disable_breadcrumbs":"default","ocean_breadcrumbs_color":"","ocean_breadcrumbs_separator_color":"","ocean_breadcrumbs_links_color":"","ocean_breadcrumbs_links_hover_color":"","ocean_display_footer_widgets":"default","ocean_display_footer_bottom":"default","ocean_custom_footer_template":"0","_glsr_average":0,"_glsr_ranking":0,"_glsr_reviews":0},"product_brand":[],"product_cat":[103],"product_tag":[],"class_list":{"0":"post-4201","1":"product","2":"type-product","3":"status-publish","4":"has-post-thumbnail","6":"product_cat-colgantes-de-orgonita","8":"entry","9":"has-media","11":"first","12":"instock","13":"taxable","14":"shipping-taxable","15":"purchasable","16":"product-type-simple","17":"add-to-wishlist-after_add_to_cart","18":"has-product-nav","19":"col","20":"span_1_of_3","21":"owp-content-center","22":"owp-thumbs-layout-vertical","23":"owp-btn-normal","24":"owp-tabs-layout-horizontal"},"yoast_head":"<!-- This site is optimized with the Yoast SEO plugin v27.4 - https:\/\/yoast.com\/product\/yoast-seo-wordpress\/ -->\n<title>Colgante Semilla de la Vida de Shungita y Turmalina Negra - HEN<\/title>\n<meta name=\"description\" content=\"Colgante de orgonita Semilla de la Vida, shungita y turmalina negra\" \/>\n<meta name=\"robots\" content=\"index, follow, max-snippet:-1, max-image-preview:large, max-video-preview:-1\" \/>\n<link rel=\"canonical\" href=\"https:\/\/henergylab.com\/es\/producto\/colgante-semilla-de-la-vida-de-shungita-y-turmalina-negra\/\" \/>\n<meta property=\"og:locale\" content=\"es_ES\" \/>\n<meta property=\"og:type\" content=\"article\" \/>\n<meta property=\"og:title\" content=\"Colgante Semilla de la Vida de Shungita y Turmalina Negra - HEN\" \/>\n<meta property=\"og:description\" content=\"Colgante de orgonita Semilla de la Vida, shungita y turmalina negra\" \/>\n<meta property=\"og:url\" content=\"https:\/\/henergylab.com\/es\/producto\/colgante-semilla-de-la-vida-de-shungita-y-turmalina-negra\/\" \/>\n<meta property=\"og:site_name\" content=\"HEN\" \/>\n<meta property=\"article:modified_time\" content=\"2025-11-02T01:12:15+00:00\" \/>\n<meta property=\"og:image\" content=\"https:\/\/henergylab.com\/wp-content\/uploads\/2025\/03\/B-turmalinez-SEDS1.jpg\" \/>\n\t<meta property=\"og:image:width\" content=\"2500\" \/>\n\t<meta property=\"og:image:height\" content=\"2500\" \/>\n\t<meta property=\"og:image:type\" content=\"image\/jpeg\" \/>\n<meta name=\"twitter:card\" content=\"summary_large_image\" \/>\n<meta name=\"twitter:label1\" content=\"Tiempo de lectura\" \/>\n\t<meta name=\"twitter:data1\" content=\"1 minuto\" \/>\n<script type=\"application\/ld+json\" class=\"yoast-schema-graph\">{\"@context\":\"https:\\\/\\\/schema.org\",\"@graph\":[{\"@type\":\"WebPage\",\"@id\":\"https:\\\/\\\/henergylab.com\\\/es\\\/producto\\\/colgante-semilla-de-la-vida-de-shungita-y-turmalina-negra\\\/\",\"url\":\"https:\\\/\\\/henergylab.com\\\/es\\\/producto\\\/colgante-semilla-de-la-vida-de-shungita-y-turmalina-negra\\\/\",\"name\":\"Colgante Semilla de la Vida de Shungita y Turmalina Negra - HEN\",\"isPartOf\":{\"@id\":\"https:\\\/\\\/henergylab.com\\\/es\\\/#website\"},\"primaryImageOfPage\":{\"@id\":\"https:\\\/\\\/henergylab.com\\\/es\\\/producto\\\/colgante-semilla-de-la-vida-de-shungita-y-turmalina-negra\\\/#primaryimage\"},\"image\":{\"@id\":\"https:\\\/\\\/henergylab.com\\\/es\\\/producto\\\/colgante-semilla-de-la-vida-de-shungita-y-turmalina-negra\\\/#primaryimage\"},\"thumbnailUrl\":\"https:\\\/\\\/henergylab.com\\\/wp-content\\\/uploads\\\/2025\\\/03\\\/B-turmalinez-SEDS1.jpg\",\"datePublished\":\"2025-03-12T00:59:55+00:00\",\"dateModified\":\"2025-11-02T01:12:15+00:00\",\"description\":\"Colgante de orgonita Semilla de la Vida, shungita y turmalina negra\",\"breadcrumb\":{\"@id\":\"https:\\\/\\\/henergylab.com\\\/es\\\/producto\\\/colgante-semilla-de-la-vida-de-shungita-y-turmalina-negra\\\/#breadcrumb\"},\"inLanguage\":\"es\",\"potentialAction\":[{\"@type\":\"ReadAction\",\"target\":[\"https:\\\/\\\/henergylab.com\\\/es\\\/producto\\\/colgante-semilla-de-la-vida-de-shungita-y-turmalina-negra\\\/\"]}]},{\"@type\":\"ImageObject\",\"inLanguage\":\"es\",\"@id\":\"https:\\\/\\\/henergylab.com\\\/es\\\/producto\\\/colgante-semilla-de-la-vida-de-shungita-y-turmalina-negra\\\/#primaryimage\",\"url\":\"https:\\\/\\\/henergylab.com\\\/wp-content\\\/uploads\\\/2025\\\/03\\\/B-turmalinez-SEDS1.jpg\",\"contentUrl\":\"https:\\\/\\\/henergylab.com\\\/wp-content\\\/uploads\\\/2025\\\/03\\\/B-turmalinez-SEDS1.jpg\",\"width\":2500,\"height\":2500,\"caption\":\"Ciondolo orgonite tormalina nera e shungite\"},{\"@type\":\"BreadcrumbList\",\"@id\":\"https:\\\/\\\/henergylab.com\\\/es\\\/producto\\\/colgante-semilla-de-la-vida-de-shungita-y-turmalina-negra\\\/#breadcrumb\",\"itemListElement\":[{\"@type\":\"ListItem\",\"position\":1,\"name\":\"Home\",\"item\":\"https:\\\/\\\/henergylab.com\\\/es\\\/\"},{\"@type\":\"ListItem\",\"position\":2,\"name\":\"Tienda\",\"item\":\"https:\\\/\\\/henergylab.com\\\/es\\\/tienda\\\/\"},{\"@type\":\"ListItem\",\"position\":3,\"name\":\"Colgante Semilla de la Vida de Shungita y Turmalina Negra\"}]},{\"@type\":\"WebSite\",\"@id\":\"https:\\\/\\\/henergylab.com\\\/es\\\/#website\",\"url\":\"https:\\\/\\\/henergylab.com\\\/es\\\/\",\"name\":\"henergylab\",\"description\":\"\",\"publisher\":{\"@id\":\"https:\\\/\\\/henergylab.com\\\/es\\\/#organization\"},\"potentialAction\":[{\"@type\":\"SearchAction\",\"target\":{\"@type\":\"EntryPoint\",\"urlTemplate\":\"https:\\\/\\\/henergylab.com\\\/es\\\/?s={search_term_string}\"},\"query-input\":{\"@type\":\"PropertyValueSpecification\",\"valueRequired\":true,\"valueName\":\"search_term_string\"}}],\"inLanguage\":\"es\"},{\"@type\":\"Organization\",\"@id\":\"https:\\\/\\\/henergylab.com\\\/es\\\/#organization\",\"name\":\"HEN\",\"url\":\"https:\\\/\\\/henergylab.com\\\/es\\\/\",\"logo\":{\"@type\":\"ImageObject\",\"inLanguage\":\"es\",\"@id\":\"https:\\\/\\\/henergylab.com\\\/es\\\/#\\\/schema\\\/logo\\\/image\\\/\",\"url\":\"https:\\\/\\\/henergylab.com\\\/wp-content\\\/uploads\\\/2025\\\/07\\\/Henergylab-logo-scritta-nera-1.png\",\"contentUrl\":\"https:\\\/\\\/henergylab.com\\\/wp-content\\\/uploads\\\/2025\\\/07\\\/Henergylab-logo-scritta-nera-1.png\",\"width\":128,\"height\":128,\"caption\":\"HEN\"},\"image\":{\"@id\":\"https:\\\/\\\/henergylab.com\\\/es\\\/#\\\/schema\\\/logo\\\/image\\\/\"}}]}<\/script>\n<!-- \/ Yoast SEO plugin. -->","yoast_head_json":{"title":"Colgante Semilla de la Vida de Shungita y Turmalina Negra - HEN","description":"Colgante de orgonita Semilla de la Vida, shungita y turmalina negra","robots":{"index":"index","follow":"follow","max-snippet":"max-snippet:-1","max-image-preview":"max-image-preview:large","max-video-preview":"max-video-preview:-1"},"canonical":"https:\/\/henergylab.com\/es\/producto\/colgante-semilla-de-la-vida-de-shungita-y-turmalina-negra\/","og_locale":"es_ES","og_type":"article","og_title":"Colgante Semilla de la Vida de Shungita y Turmalina Negra - HEN","og_description":"Colgante de orgonita Semilla de la Vida, shungita y turmalina negra","og_url":"https:\/\/henergylab.com\/es\/producto\/colgante-semilla-de-la-vida-de-shungita-y-turmalina-negra\/","og_site_name":"HEN","article_modified_time":"2025-11-02T01:12:15+00:00","og_image":[{"width":2500,"height":2500,"url":"https:\/\/henergylab.com\/wp-content\/uploads\/2025\/03\/B-turmalinez-SEDS1.jpg","type":"image\/jpeg"}],"twitter_card":"summary_large_image","twitter_misc":{"Tiempo de lectura":"1 minuto"},"schema":{"@context":"https:\/\/schema.org","@graph":[{"@type":"WebPage","@id":"https:\/\/henergylab.com\/es\/producto\/colgante-semilla-de-la-vida-de-shungita-y-turmalina-negra\/","url":"https:\/\/henergylab.com\/es\/producto\/colgante-semilla-de-la-vida-de-shungita-y-turmalina-negra\/","name":"Colgante Semilla de la Vida de Shungita y Turmalina Negra - HEN","isPartOf":{"@id":"https:\/\/henergylab.com\/es\/#website"},"primaryImageOfPage":{"@id":"https:\/\/henergylab.com\/es\/producto\/colgante-semilla-de-la-vida-de-shungita-y-turmalina-negra\/#primaryimage"},"image":{"@id":"https:\/\/henergylab.com\/es\/producto\/colgante-semilla-de-la-vida-de-shungita-y-turmalina-negra\/#primaryimage"},"thumbnailUrl":"https:\/\/henergylab.com\/wp-content\/uploads\/2025\/03\/B-turmalinez-SEDS1.jpg","datePublished":"2025-03-12T00:59:55+00:00","dateModified":"2025-11-02T01:12:15+00:00","description":"Colgante de orgonita Semilla de la Vida, shungita y turmalina negra","breadcrumb":{"@id":"https:\/\/henergylab.com\/es\/producto\/colgante-semilla-de-la-vida-de-shungita-y-turmalina-negra\/#breadcrumb"},"inLanguage":"es","potentialAction":[{"@type":"ReadAction","target":["https:\/\/henergylab.com\/es\/producto\/colgante-semilla-de-la-vida-de-shungita-y-turmalina-negra\/"]}]},{"@type":"ImageObject","inLanguage":"es","@id":"https:\/\/henergylab.com\/es\/producto\/colgante-semilla-de-la-vida-de-shungita-y-turmalina-negra\/#primaryimage","url":"https:\/\/henergylab.com\/wp-content\/uploads\/2025\/03\/B-turmalinez-SEDS1.jpg","contentUrl":"https:\/\/henergylab.com\/wp-content\/uploads\/2025\/03\/B-turmalinez-SEDS1.jpg","width":2500,"height":2500,"caption":"Ciondolo orgonite tormalina nera e shungite"},{"@type":"BreadcrumbList","@id":"https:\/\/henergylab.com\/es\/producto\/colgante-semilla-de-la-vida-de-shungita-y-turmalina-negra\/#breadcrumb","itemListElement":[{"@type":"ListItem","position":1,"name":"Home","item":"https:\/\/henergylab.com\/es\/"},{"@type":"ListItem","position":2,"name":"Tienda","item":"https:\/\/henergylab.com\/es\/tienda\/"},{"@type":"ListItem","position":3,"name":"Colgante Semilla de la Vida de Shungita y Turmalina Negra"}]},{"@type":"WebSite","@id":"https:\/\/henergylab.com\/es\/#website","url":"https:\/\/henergylab.com\/es\/","name":"henergylab","description":"","publisher":{"@id":"https:\/\/henergylab.com\/es\/#organization"},"potentialAction":[{"@type":"SearchAction","target":{"@type":"EntryPoint","urlTemplate":"https:\/\/henergylab.com\/es\/?s={search_term_string}"},"query-input":{"@type":"PropertyValueSpecification","valueRequired":true,"valueName":"search_term_string"}}],"inLanguage":"es"},{"@type":"Organization","@id":"https:\/\/henergylab.com\/es\/#organization","name":"HEN","url":"https:\/\/henergylab.com\/es\/","logo":{"@type":"ImageObject","inLanguage":"es","@id":"https:\/\/henergylab.com\/es\/#\/schema\/logo\/image\/","url":"https:\/\/henergylab.com\/wp-content\/uploads\/2025\/07\/Henergylab-logo-scritta-nera-1.png","contentUrl":"https:\/\/henergylab.com\/wp-content\/uploads\/2025\/07\/Henergylab-logo-scritta-nera-1.png","width":128,"height":128,"caption":"HEN"},"image":{"@id":"https:\/\/henergylab.com\/es\/#\/schema\/logo\/image\/"}}]}},"_links":{"self":[{"href":"https:\/\/henergylab.com\/es\/wp-json\/wp\/v2\/product\/4201","targetHints":{"allow":["GET"]}}],"collection":[{"href":"https:\/\/henergylab.com\/es\/wp-json\/wp\/v2\/product"}],"about":[{"href":"https:\/\/henergylab.com\/es\/wp-json\/wp\/v2\/types\/product"}],"replies":[{"embeddable":true,"href":"https:\/\/henergylab.com\/es\/wp-json\/wp\/v2\/comments?post=4201"}],"wp:featuredmedia":[{"embeddable":true,"href":"https:\/\/henergylab.com\/es\/wp-json\/wp\/v2\/media\/4202"}],"wp:attachment":[{"href":"https:\/\/henergylab.com\/es\/wp-json\/wp\/v2\/media?parent=4201"}],"wp:term":[{"taxonomy":"product_brand","embeddable":true,"href":"https:\/\/henergylab.com\/es\/wp-json\/wp\/v2\/product_brand?post=4201"},{"taxonomy":"product_cat","embeddable":true,"href":"https:\/\/henergylab.com\/es\/wp-json\/wp\/v2\/product_cat?post=4201"},{"taxonomy":"product_tag","embeddable":true,"href":"https:\/\/henergylab.com\/es\/wp-json\/wp\/v2\/product_tag?post=4201"}],"curies":[{"name":"wp","href":"https:\/\/api.w.org\/{rel}","templated":true}]}}