{"id":4210,"date":"2025-03-12T23:03:58","date_gmt":"2025-03-12T23:03:58","guid":{"rendered":"https:\/\/henergylab.com\/product\/colgante-de-orgonita-turquesa-gaia\/"},"modified":"2025-11-02T01:12:54","modified_gmt":"2025-11-02T01:12:54","slug":"colgante-de-orgonita-turquesa-gaia","status":"publish","type":"product","link":"https:\/\/henergylab.com\/es\/producto\/colgante-de-orgonita-turquesa-gaia\/","title":{"rendered":"Colgante de Orgonita turquesa Gaia"},"content":{"rendered":"<h3>Colgante de orgonita turquesa Gaia<\/h3>\n<p>Contiene orgonita, lat\u00f3n, turquesa, cuarzo rosa, amatista, shungita y turmalina negra.<\/p>\n<p>Turquesa<\/p>\n<p>La turquesa es una piedra de purificaci\u00f3n. Disipa la energ\u00eda negativa y se puede usar para protegerse de influencias externas o contaminantes atmosf\u00e9ricos. La turquesa equilibra y alinea todos los chakras, estabilizando los cambios de humor e infundiendo calma interior. Es excelente para la depresi\u00f3n y el agotamiento, y tambi\u00e9n tiene el poder de prevenir los ataques de p\u00e1nico. La turquesa promueve la autorrealizaci\u00f3n y ayuda a resolver problemas de forma creativa. Es un s\u00edmbolo de amistad y estimula el amor rom\u00e1ntico.<\/p>\n<p>Cuarzo rosa<\/p>\n<p>El cuarzo rosa y la amatista tienen un fuerte efecto en el chakra del coraz\u00f3n, Anahata, lo que permite la apertura del coraz\u00f3n y la capacidad de dar y recibir amor. El cuarzo rosa ayuda a perdonar, eliminar la culpa y liberar las tensiones derivadas de la carencia emocional.<\/p>\n<p>A menudo se le llama la \u00abpiedra del amor\u00bb. Su caracter\u00edstica energ\u00e9tica distintiva es el amor incondicional, que abre el chakra del coraz\u00f3n. Al igual que otras variedades de cuarzo, el cuarzo rosa posee una alta energ\u00eda, la cual puede potenciar el amor en pr\u00e1cticamente cualquier situaci\u00f3n. Esta piedra del amor incondicional abre el chakra del coraz\u00f3n a todas las formas de amor: amor propio, amor familiar, amor plat\u00f3nico y amor rom\u00e1ntico. Se utiliza para equilibrar las emociones y brindar paz y calma. Este equilibrio emocional calma y alivia el estr\u00e9s y la ansiedad. Amplifica la claridad mental, energiza el quinto y sexto chakra y potencia la capacidad de la orgonita para captar energ\u00eda.<\/p>\n<p>Amatista<\/p>\n<p>La amatista es una excelente piedra multiusos que puede potenciar la espiritualidad, la intuici\u00f3n y las facultades ps\u00edquicas de todo tipo. Esto se logra al crear una conexi\u00f3n clara entre el plano terrenal y otros planos y mundos. La amatista tambi\u00e9n es excelente para la meditaci\u00f3n y los sue\u00f1os l\u00facidos. Se utiliza para abrir canales para la telepat\u00eda, la regresi\u00f3n a vidas pasadas, la clariaudiencia, la clarividencia y la comunicaci\u00f3n con los \u00e1ngeles. La amatista protege contra ataques ps\u00edquicos, especialmente durante el trabajo espiritual.<\/p>\n<p>Shungita<\/p>\n<p>Una piedra con propiedades conductoras de la electricidad. Se dice que esta es la raz\u00f3n de uno de los usos m\u00e1s notables de la shungita: proteger contra la radiaci\u00f3n electromagn\u00e9tica (CEM) de aparatos como televisores, computadoras, microondas, tel\u00e9fonos celulares y otros. Esta protecci\u00f3n conlleva muchas energ\u00edas curativas. Se utiliza para la purificaci\u00f3n, a menudo mediante la creaci\u00f3n de elixires o la purificaci\u00f3n del agua para beber o para ba\u00f1os de piel con fines curativos y energizantes. Los manantiales cercanos a la fuente de shungita se han utilizado al menos desde la \u00e9poca del zar Pedro el Grande por sus propiedades curativas.<\/p>\n<p>Tambi\u00e9n se utiliza para atraer Luz al campo energ\u00e9tico \u00e1urico, permitiendo que solo la energ\u00eda positiva llegue a \u00e9l. Esto proporciona protecci\u00f3n tanto f\u00edsica como ps\u00edquica. Se dice que protege contra el mal de ojo y las energ\u00edas negativas.<\/p>\n<p>Se dice que la shungita calma y relaja a quien la usa o est\u00e1 cerca de ella. Esto puede deberse a sus energ\u00edas protectoras y a la repulsi\u00f3n de la energ\u00eda negativa.<\/p>\n<p>El colgante de la imagen es solo una referencia; cada pieza es \u00fanica y se crea para que tenga una apariencia armoniosa como la que se muestra.<\/p>\n<p>Tenga en cuenta que las propiedades curativas del org\u00f3n son apoyos espirituales\/et\u00e9ricos para la sanaci\u00f3n y no constituyen prescripciones ni informaci\u00f3n m\u00e9dica.<\/p>\n<p>Di\u00e1metro: 3,8 cm<\/p>\n","protected":false},"excerpt":{"rendered":"<p>Turquesa, amatista, cuarzo rosa, shungita<\/p>\n","protected":false},"featured_media":4211,"comment_status":"open","ping_status":"closed","template":"","meta":{"ocean_post_layout":"","ocean_both_sidebars_style":"","ocean_both_sidebars_content_width":0,"ocean_both_sidebars_sidebars_width":0,"ocean_sidebar":"0","ocean_second_sidebar":"0","ocean_disable_margins":"enable","ocean_add_body_class":"","ocean_shortcode_before_top_bar":"","ocean_shortcode_after_top_bar":"","ocean_shortcode_before_header":"","ocean_shortcode_after_header":"","ocean_has_shortcode":"","ocean_shortcode_after_title":"","ocean_shortcode_before_footer_widgets":"","ocean_shortcode_after_footer_widgets":"","ocean_shortcode_before_footer_bottom":"","ocean_shortcode_after_footer_bottom":"","ocean_display_top_bar":"default","ocean_display_header":"default","ocean_header_style":"","ocean_center_header_left_menu":"0","ocean_custom_header_template":"0","ocean_custom_logo":0,"ocean_custom_retina_logo":0,"ocean_custom_logo_max_width":0,"ocean_custom_logo_tablet_max_width":0,"ocean_custom_logo_mobile_max_width":0,"ocean_custom_logo_max_height":0,"ocean_custom_logo_tablet_max_height":0,"ocean_custom_logo_mobile_max_height":0,"ocean_header_custom_menu":"0","ocean_menu_typo_font_family":"0","ocean_menu_typo_font_subset":"","ocean_menu_typo_font_size":0,"ocean_menu_typo_font_size_tablet":0,"ocean_menu_typo_font_size_mobile":0,"ocean_menu_typo_font_size_unit":"px","ocean_menu_typo_font_weight":"","ocean_menu_typo_font_weight_tablet":"","ocean_menu_typo_font_weight_mobile":"","ocean_menu_typo_transform":"","ocean_menu_typo_transform_tablet":"","ocean_menu_typo_transform_mobile":"","ocean_menu_typo_line_height":0,"ocean_menu_typo_line_height_tablet":0,"ocean_menu_typo_line_height_mobile":0,"ocean_menu_typo_line_height_unit":"","ocean_menu_typo_spacing":0,"ocean_menu_typo_spacing_tablet":0,"ocean_menu_typo_spacing_mobile":0,"ocean_menu_typo_spacing_unit":"","ocean_menu_link_color":"","ocean_menu_link_color_hover":"","ocean_menu_link_color_active":"","ocean_menu_link_background":"","ocean_menu_link_hover_background":"","ocean_menu_link_active_background":"","ocean_menu_social_links_bg":"","ocean_menu_social_hover_links_bg":"","ocean_menu_social_links_color":"","ocean_menu_social_hover_links_color":"","ocean_disable_title":"default","ocean_disable_heading":"default","ocean_post_title":"","ocean_post_subheading":"","ocean_post_title_style":"","ocean_post_title_background_color":"","ocean_post_title_background":0,"ocean_post_title_bg_image_position":"","ocean_post_title_bg_image_attachment":"","ocean_post_title_bg_image_repeat":"","ocean_post_title_bg_image_size":"","ocean_post_title_height":0,"ocean_post_title_bg_overlay":0.5,"ocean_post_title_bg_overlay_color":"","ocean_disable_breadcrumbs":"default","ocean_breadcrumbs_color":"","ocean_breadcrumbs_separator_color":"","ocean_breadcrumbs_links_color":"","ocean_breadcrumbs_links_hover_color":"","ocean_display_footer_widgets":"default","ocean_display_footer_bottom":"default","ocean_custom_footer_template":"0","_glsr_average":0,"_glsr_ranking":0,"_glsr_reviews":0},"product_brand":[],"product_cat":[103],"product_tag":[],"class_list":{"0":"post-4210","1":"product","2":"type-product","3":"status-publish","4":"has-post-thumbnail","6":"product_cat-colgantes-de-orgonita","8":"entry","9":"has-media","11":"first","12":"instock","13":"taxable","14":"shipping-taxable","15":"purchasable","16":"product-type-simple","17":"add-to-wishlist-after_add_to_cart","18":"has-product-nav","19":"col","20":"span_1_of_3","21":"owp-content-center","22":"owp-thumbs-layout-vertical","23":"owp-btn-normal","24":"owp-tabs-layout-horizontal"},"yoast_head":"<!-- This site is optimized with the Yoast SEO plugin v27.4 - https:\/\/yoast.com\/product\/yoast-seo-wordpress\/ -->\n<title>Colgante de Orgonita turquesa Gaia - HEN<\/title>\n<meta name=\"description\" content=\"Amuleto de orgonita turquesa Gaia, lat\u00f3n, turquesa, cuarzo rosa, amatista, shungita y turmalina negra para tu reequilibrio y centramiento interior.\" \/>\n<meta name=\"robots\" content=\"index, follow, max-snippet:-1, max-image-preview:large, max-video-preview:-1\" \/>\n<link rel=\"canonical\" href=\"https:\/\/henergylab.com\/es\/producto\/colgante-de-orgonita-turquesa-gaia\/\" \/>\n<meta property=\"og:locale\" content=\"es_ES\" \/>\n<meta property=\"og:type\" content=\"article\" \/>\n<meta property=\"og:title\" content=\"Colgante de Orgonita turquesa Gaia - HEN\" \/>\n<meta property=\"og:description\" content=\"Amuleto de orgonita turquesa Gaia, lat\u00f3n, turquesa, cuarzo rosa, amatista, shungita y turmalina negra para tu reequilibrio y centramiento interior.\" \/>\n<meta property=\"og:url\" content=\"https:\/\/henergylab.com\/es\/producto\/colgante-de-orgonita-turquesa-gaia\/\" \/>\n<meta property=\"og:site_name\" content=\"HEN\" \/>\n<meta property=\"article:modified_time\" content=\"2025-11-02T01:12:54+00:00\" \/>\n<meta property=\"og:image\" content=\"https:\/\/henergylab.com\/wp-content\/uploads\/2025\/03\/turquoise-spiral1.jpg\" \/>\n\t<meta property=\"og:image:width\" content=\"2500\" \/>\n\t<meta property=\"og:image:height\" content=\"2500\" \/>\n\t<meta property=\"og:image:type\" content=\"image\/jpeg\" \/>\n<meta name=\"twitter:card\" content=\"summary_large_image\" \/>\n<meta name=\"twitter:label1\" content=\"Tiempo de lectura\" \/>\n\t<meta name=\"twitter:data1\" content=\"3 minutos\" \/>\n<script type=\"application\/ld+json\" class=\"yoast-schema-graph\">{\"@context\":\"https:\\\/\\\/schema.org\",\"@graph\":[{\"@type\":\"WebPage\",\"@id\":\"https:\\\/\\\/henergylab.com\\\/es\\\/producto\\\/colgante-de-orgonita-turquesa-gaia\\\/\",\"url\":\"https:\\\/\\\/henergylab.com\\\/es\\\/producto\\\/colgante-de-orgonita-turquesa-gaia\\\/\",\"name\":\"Colgante de Orgonita turquesa Gaia - HEN\",\"isPartOf\":{\"@id\":\"https:\\\/\\\/henergylab.com\\\/es\\\/#website\"},\"primaryImageOfPage\":{\"@id\":\"https:\\\/\\\/henergylab.com\\\/es\\\/producto\\\/colgante-de-orgonita-turquesa-gaia\\\/#primaryimage\"},\"image\":{\"@id\":\"https:\\\/\\\/henergylab.com\\\/es\\\/producto\\\/colgante-de-orgonita-turquesa-gaia\\\/#primaryimage\"},\"thumbnailUrl\":\"https:\\\/\\\/henergylab.com\\\/wp-content\\\/uploads\\\/2025\\\/03\\\/turquoise-spiral1.jpg\",\"datePublished\":\"2025-03-12T23:03:58+00:00\",\"dateModified\":\"2025-11-02T01:12:54+00:00\",\"description\":\"Amuleto de orgonita turquesa Gaia, lat\u00f3n, turquesa, cuarzo rosa, amatista, shungita y turmalina negra para tu reequilibrio y centramiento interior.\",\"breadcrumb\":{\"@id\":\"https:\\\/\\\/henergylab.com\\\/es\\\/producto\\\/colgante-de-orgonita-turquesa-gaia\\\/#breadcrumb\"},\"inLanguage\":\"es\",\"potentialAction\":[{\"@type\":\"ReadAction\",\"target\":[\"https:\\\/\\\/henergylab.com\\\/es\\\/producto\\\/colgante-de-orgonita-turquesa-gaia\\\/\"]}]},{\"@type\":\"ImageObject\",\"inLanguage\":\"es\",\"@id\":\"https:\\\/\\\/henergylab.com\\\/es\\\/producto\\\/colgante-de-orgonita-turquesa-gaia\\\/#primaryimage\",\"url\":\"https:\\\/\\\/henergylab.com\\\/wp-content\\\/uploads\\\/2025\\\/03\\\/turquoise-spiral1.jpg\",\"contentUrl\":\"https:\\\/\\\/henergylab.com\\\/wp-content\\\/uploads\\\/2025\\\/03\\\/turquoise-spiral1.jpg\",\"width\":2500,\"height\":2500},{\"@type\":\"BreadcrumbList\",\"@id\":\"https:\\\/\\\/henergylab.com\\\/es\\\/producto\\\/colgante-de-orgonita-turquesa-gaia\\\/#breadcrumb\",\"itemListElement\":[{\"@type\":\"ListItem\",\"position\":1,\"name\":\"Home\",\"item\":\"https:\\\/\\\/henergylab.com\\\/es\\\/\"},{\"@type\":\"ListItem\",\"position\":2,\"name\":\"Tienda\",\"item\":\"https:\\\/\\\/henergylab.com\\\/es\\\/tienda\\\/\"},{\"@type\":\"ListItem\",\"position\":3,\"name\":\"Colgante de Orgonita turquesa Gaia\"}]},{\"@type\":\"WebSite\",\"@id\":\"https:\\\/\\\/henergylab.com\\\/es\\\/#website\",\"url\":\"https:\\\/\\\/henergylab.com\\\/es\\\/\",\"name\":\"henergylab\",\"description\":\"\",\"publisher\":{\"@id\":\"https:\\\/\\\/henergylab.com\\\/es\\\/#organization\"},\"potentialAction\":[{\"@type\":\"SearchAction\",\"target\":{\"@type\":\"EntryPoint\",\"urlTemplate\":\"https:\\\/\\\/henergylab.com\\\/es\\\/?s={search_term_string}\"},\"query-input\":{\"@type\":\"PropertyValueSpecification\",\"valueRequired\":true,\"valueName\":\"search_term_string\"}}],\"inLanguage\":\"es\"},{\"@type\":\"Organization\",\"@id\":\"https:\\\/\\\/henergylab.com\\\/es\\\/#organization\",\"name\":\"HEN\",\"url\":\"https:\\\/\\\/henergylab.com\\\/es\\\/\",\"logo\":{\"@type\":\"ImageObject\",\"inLanguage\":\"es\",\"@id\":\"https:\\\/\\\/henergylab.com\\\/es\\\/#\\\/schema\\\/logo\\\/image\\\/\",\"url\":\"https:\\\/\\\/henergylab.com\\\/wp-content\\\/uploads\\\/2025\\\/07\\\/Henergylab-logo-scritta-nera-1.png\",\"contentUrl\":\"https:\\\/\\\/henergylab.com\\\/wp-content\\\/uploads\\\/2025\\\/07\\\/Henergylab-logo-scritta-nera-1.png\",\"width\":128,\"height\":128,\"caption\":\"HEN\"},\"image\":{\"@id\":\"https:\\\/\\\/henergylab.com\\\/es\\\/#\\\/schema\\\/logo\\\/image\\\/\"}}]}<\/script>\n<!-- \/ Yoast SEO plugin. -->","yoast_head_json":{"title":"Colgante de Orgonita turquesa Gaia - HEN","description":"Amuleto de orgonita turquesa Gaia, lat\u00f3n, turquesa, cuarzo rosa, amatista, shungita y turmalina negra para tu reequilibrio y centramiento interior.","robots":{"index":"index","follow":"follow","max-snippet":"max-snippet:-1","max-image-preview":"max-image-preview:large","max-video-preview":"max-video-preview:-1"},"canonical":"https:\/\/henergylab.com\/es\/producto\/colgante-de-orgonita-turquesa-gaia\/","og_locale":"es_ES","og_type":"article","og_title":"Colgante de Orgonita turquesa Gaia - HEN","og_description":"Amuleto de orgonita turquesa Gaia, lat\u00f3n, turquesa, cuarzo rosa, amatista, shungita y turmalina negra para tu reequilibrio y centramiento interior.","og_url":"https:\/\/henergylab.com\/es\/producto\/colgante-de-orgonita-turquesa-gaia\/","og_site_name":"HEN","article_modified_time":"2025-11-02T01:12:54+00:00","og_image":[{"width":2500,"height":2500,"url":"https:\/\/henergylab.com\/wp-content\/uploads\/2025\/03\/turquoise-spiral1.jpg","type":"image\/jpeg"}],"twitter_card":"summary_large_image","twitter_misc":{"Tiempo de lectura":"3 minutos"},"schema":{"@context":"https:\/\/schema.org","@graph":[{"@type":"WebPage","@id":"https:\/\/henergylab.com\/es\/producto\/colgante-de-orgonita-turquesa-gaia\/","url":"https:\/\/henergylab.com\/es\/producto\/colgante-de-orgonita-turquesa-gaia\/","name":"Colgante de Orgonita turquesa Gaia - HEN","isPartOf":{"@id":"https:\/\/henergylab.com\/es\/#website"},"primaryImageOfPage":{"@id":"https:\/\/henergylab.com\/es\/producto\/colgante-de-orgonita-turquesa-gaia\/#primaryimage"},"image":{"@id":"https:\/\/henergylab.com\/es\/producto\/colgante-de-orgonita-turquesa-gaia\/#primaryimage"},"thumbnailUrl":"https:\/\/henergylab.com\/wp-content\/uploads\/2025\/03\/turquoise-spiral1.jpg","datePublished":"2025-03-12T23:03:58+00:00","dateModified":"2025-11-02T01:12:54+00:00","description":"Amuleto de orgonita turquesa Gaia, lat\u00f3n, turquesa, cuarzo rosa, amatista, shungita y turmalina negra para tu reequilibrio y centramiento interior.","breadcrumb":{"@id":"https:\/\/henergylab.com\/es\/producto\/colgante-de-orgonita-turquesa-gaia\/#breadcrumb"},"inLanguage":"es","potentialAction":[{"@type":"ReadAction","target":["https:\/\/henergylab.com\/es\/producto\/colgante-de-orgonita-turquesa-gaia\/"]}]},{"@type":"ImageObject","inLanguage":"es","@id":"https:\/\/henergylab.com\/es\/producto\/colgante-de-orgonita-turquesa-gaia\/#primaryimage","url":"https:\/\/henergylab.com\/wp-content\/uploads\/2025\/03\/turquoise-spiral1.jpg","contentUrl":"https:\/\/henergylab.com\/wp-content\/uploads\/2025\/03\/turquoise-spiral1.jpg","width":2500,"height":2500},{"@type":"BreadcrumbList","@id":"https:\/\/henergylab.com\/es\/producto\/colgante-de-orgonita-turquesa-gaia\/#breadcrumb","itemListElement":[{"@type":"ListItem","position":1,"name":"Home","item":"https:\/\/henergylab.com\/es\/"},{"@type":"ListItem","position":2,"name":"Tienda","item":"https:\/\/henergylab.com\/es\/tienda\/"},{"@type":"ListItem","position":3,"name":"Colgante de Orgonita turquesa Gaia"}]},{"@type":"WebSite","@id":"https:\/\/henergylab.com\/es\/#website","url":"https:\/\/henergylab.com\/es\/","name":"henergylab","description":"","publisher":{"@id":"https:\/\/henergylab.com\/es\/#organization"},"potentialAction":[{"@type":"SearchAction","target":{"@type":"EntryPoint","urlTemplate":"https:\/\/henergylab.com\/es\/?s={search_term_string}"},"query-input":{"@type":"PropertyValueSpecification","valueRequired":true,"valueName":"search_term_string"}}],"inLanguage":"es"},{"@type":"Organization","@id":"https:\/\/henergylab.com\/es\/#organization","name":"HEN","url":"https:\/\/henergylab.com\/es\/","logo":{"@type":"ImageObject","inLanguage":"es","@id":"https:\/\/henergylab.com\/es\/#\/schema\/logo\/image\/","url":"https:\/\/henergylab.com\/wp-content\/uploads\/2025\/07\/Henergylab-logo-scritta-nera-1.png","contentUrl":"https:\/\/henergylab.com\/wp-content\/uploads\/2025\/07\/Henergylab-logo-scritta-nera-1.png","width":128,"height":128,"caption":"HEN"},"image":{"@id":"https:\/\/henergylab.com\/es\/#\/schema\/logo\/image\/"}}]}},"_links":{"self":[{"href":"https:\/\/henergylab.com\/es\/wp-json\/wp\/v2\/product\/4210","targetHints":{"allow":["GET"]}}],"collection":[{"href":"https:\/\/henergylab.com\/es\/wp-json\/wp\/v2\/product"}],"about":[{"href":"https:\/\/henergylab.com\/es\/wp-json\/wp\/v2\/types\/product"}],"replies":[{"embeddable":true,"href":"https:\/\/henergylab.com\/es\/wp-json\/wp\/v2\/comments?post=4210"}],"wp:featuredmedia":[{"embeddable":true,"href":"https:\/\/henergylab.com\/es\/wp-json\/wp\/v2\/media\/4211"}],"wp:attachment":[{"href":"https:\/\/henergylab.com\/es\/wp-json\/wp\/v2\/media?parent=4210"}],"wp:term":[{"taxonomy":"product_brand","embeddable":true,"href":"https:\/\/henergylab.com\/es\/wp-json\/wp\/v2\/product_brand?post=4210"},{"taxonomy":"product_cat","embeddable":true,"href":"https:\/\/henergylab.com\/es\/wp-json\/wp\/v2\/product_cat?post=4210"},{"taxonomy":"product_tag","embeddable":true,"href":"https:\/\/henergylab.com\/es\/wp-json\/wp\/v2\/product_tag?post=4210"}],"curies":[{"name":"wp","href":"https:\/\/api.w.org\/{rel}","templated":true}]}}