{"id":4219,"date":"2025-03-12T23:22:26","date_gmt":"2025-03-12T23:22:26","guid":{"rendered":"https:\/\/henergylab.com\/product\/colgante-de-aventurina-semilla-de-la-vida\/"},"modified":"2025-11-02T01:13:38","modified_gmt":"2025-11-02T01:13:38","slug":"colgante-de-aventurina-semilla-de-la-vida","status":"publish","type":"product","link":"https:\/\/henergylab.com\/es\/producto\/colgante-de-aventurina-semilla-de-la-vida\/","title":{"rendered":"Colgante de aventurina Semilla de la Vida"},"content":{"rendered":"<h3>Colgante Semilla de Vida de Aventurina<\/h3>\n<p>Este colgante de org\u00f3n de resina epoxi contiene lat\u00f3n, aventurina y cristal de cuarzo. Se dice que la aventurina beneficia todas las \u00e1reas de la creatividad e imaginaci\u00f3n, as\u00ed como el intelecto y la claridad mental. La tradici\u00f3n sostiene que aumenta la prosperidad y el \u00e9xito profesional. Desde una perspectiva energ\u00e9tica, es una piedra delicada que proporciona una sensaci\u00f3n de calma y equilibrio, e incrementa la felicidad. Tambi\u00e9n ayuda a ver alternativas y potencial en todas las situaciones, brindando una perspectiva positiva, valent\u00eda y fortaleza interior. Se dice que trae buena suerte, especialmente en los juegos de azar. La aventurina verde es tambi\u00e9n una piedra m\u00edstica de prosperidad. La aventurina fomenta la amistad y es una piedra de energ\u00edas protectoras. El folclore y la tradici\u00f3n metaf\u00edsica afirman que es f\u00edsicamente beneficiosa para la sangre, el sistema circulatorio, el equilibrio de la presi\u00f3n arterial, problemas sinusales, n\u00e1useas, dolores de cabeza, la salud en general, alergias, eccema, fiebre y trastornos del sue\u00f1o.<\/p>\n<p>Este art\u00edculo no es un instrumento m\u00e9dico; puede ser una ayuda terap\u00e9utica por razones de salud; consulte a su m\u00e9dico. Tenga en cuenta que las propiedades curativas del org\u00f3n son apoyos espirituales\/et\u00e9ricos para la sanaci\u00f3n y no constituyen prescripciones ni informaci\u00f3n m\u00e9dica.<\/p>\n<p>El colgante de la imagen es un modelo de referencia; cada pieza es \u00fanica y se crea para lograr una apariencia armoniosa como la que se muestra.<\/p>\n<p>Di\u00e1metro: 3,7 cm<\/p>\n","protected":false},"excerpt":{"rendered":"<p>Colgante Semilla de la Vida de Aventurina y Cuarzo<\/p>\n","protected":false},"featured_media":4221,"comment_status":"open","ping_status":"closed","template":"","meta":{"ocean_post_layout":"","ocean_both_sidebars_style":"","ocean_both_sidebars_content_width":0,"ocean_both_sidebars_sidebars_width":0,"ocean_sidebar":"0","ocean_second_sidebar":"0","ocean_disable_margins":"enable","ocean_add_body_class":"","ocean_shortcode_before_top_bar":"","ocean_shortcode_after_top_bar":"","ocean_shortcode_before_header":"","ocean_shortcode_after_header":"","ocean_has_shortcode":"","ocean_shortcode_after_title":"","ocean_shortcode_before_footer_widgets":"","ocean_shortcode_after_footer_widgets":"","ocean_shortcode_before_footer_bottom":"","ocean_shortcode_after_footer_bottom":"","ocean_display_top_bar":"default","ocean_display_header":"default","ocean_header_style":"","ocean_center_header_left_menu":"0","ocean_custom_header_template":"0","ocean_custom_logo":0,"ocean_custom_retina_logo":0,"ocean_custom_logo_max_width":0,"ocean_custom_logo_tablet_max_width":0,"ocean_custom_logo_mobile_max_width":0,"ocean_custom_logo_max_height":0,"ocean_custom_logo_tablet_max_height":0,"ocean_custom_logo_mobile_max_height":0,"ocean_header_custom_menu":"0","ocean_menu_typo_font_family":"0","ocean_menu_typo_font_subset":"","ocean_menu_typo_font_size":0,"ocean_menu_typo_font_size_tablet":0,"ocean_menu_typo_font_size_mobile":0,"ocean_menu_typo_font_size_unit":"px","ocean_menu_typo_font_weight":"","ocean_menu_typo_font_weight_tablet":"","ocean_menu_typo_font_weight_mobile":"","ocean_menu_typo_transform":"","ocean_menu_typo_transform_tablet":"","ocean_menu_typo_transform_mobile":"","ocean_menu_typo_line_height":0,"ocean_menu_typo_line_height_tablet":0,"ocean_menu_typo_line_height_mobile":0,"ocean_menu_typo_line_height_unit":"","ocean_menu_typo_spacing":0,"ocean_menu_typo_spacing_tablet":0,"ocean_menu_typo_spacing_mobile":0,"ocean_menu_typo_spacing_unit":"","ocean_menu_link_color":"","ocean_menu_link_color_hover":"","ocean_menu_link_color_active":"","ocean_menu_link_background":"","ocean_menu_link_hover_background":"","ocean_menu_link_active_background":"","ocean_menu_social_links_bg":"","ocean_menu_social_hover_links_bg":"","ocean_menu_social_links_color":"","ocean_menu_social_hover_links_color":"","ocean_disable_title":"default","ocean_disable_heading":"default","ocean_post_title":"","ocean_post_subheading":"","ocean_post_title_style":"","ocean_post_title_background_color":"","ocean_post_title_background":0,"ocean_post_title_bg_image_position":"","ocean_post_title_bg_image_attachment":"","ocean_post_title_bg_image_repeat":"","ocean_post_title_bg_image_size":"","ocean_post_title_height":0,"ocean_post_title_bg_overlay":0.5,"ocean_post_title_bg_overlay_color":"","ocean_disable_breadcrumbs":"default","ocean_breadcrumbs_color":"","ocean_breadcrumbs_separator_color":"","ocean_breadcrumbs_links_color":"","ocean_breadcrumbs_links_hover_color":"","ocean_display_footer_widgets":"default","ocean_display_footer_bottom":"default","ocean_custom_footer_template":"0","_glsr_average":0,"_glsr_ranking":0,"_glsr_reviews":0},"product_brand":[],"product_cat":[103],"product_tag":[],"class_list":{"0":"post-4219","1":"product","2":"type-product","3":"status-publish","4":"has-post-thumbnail","6":"product_cat-colgantes-de-orgonita","8":"entry","9":"has-media","11":"first","12":"instock","13":"taxable","14":"shipping-taxable","15":"purchasable","16":"product-type-simple","17":"add-to-wishlist-after_add_to_cart","18":"has-product-nav","19":"col","20":"span_1_of_3","21":"owp-content-center","22":"owp-thumbs-layout-vertical","23":"owp-btn-normal","24":"owp-tabs-layout-horizontal"},"yoast_head":"<!-- This site is optimized with the Yoast SEO plugin v27.4 - https:\/\/yoast.com\/product\/yoast-seo-wordpress\/ -->\n<title>Colgante de aventurina Semilla de la Vida - HEN<\/title>\n<meta name=\"description\" content=\"Colgante Semilla de la Vida, orgonita, en resina epoxi, contiene lat\u00f3n, aventurina y cristal de cuarzo.\" \/>\n<meta name=\"robots\" content=\"index, follow, max-snippet:-1, max-image-preview:large, max-video-preview:-1\" \/>\n<link rel=\"canonical\" href=\"https:\/\/henergylab.com\/es\/producto\/colgante-de-aventurina-semilla-de-la-vida\/\" \/>\n<meta property=\"og:locale\" content=\"es_ES\" \/>\n<meta property=\"og:type\" content=\"article\" \/>\n<meta property=\"og:title\" content=\"Colgante de aventurina Semilla de la Vida - HEN\" \/>\n<meta property=\"og:description\" content=\"Colgante Semilla de la Vida, orgonita, en resina epoxi, contiene lat\u00f3n, aventurina y cristal de cuarzo.\" \/>\n<meta property=\"og:url\" content=\"https:\/\/henergylab.com\/es\/producto\/colgante-de-aventurina-semilla-de-la-vida\/\" \/>\n<meta property=\"og:site_name\" content=\"HEN\" \/>\n<meta property=\"article:modified_time\" content=\"2025-11-02T01:13:38+00:00\" \/>\n<meta property=\"og:image\" content=\"https:\/\/henergylab.com\/wp-content\/uploads\/2025\/03\/2SED-G-aventurine1.jpg\" \/>\n\t<meta property=\"og:image:width\" content=\"2488\" \/>\n\t<meta property=\"og:image:height\" content=\"2500\" \/>\n\t<meta property=\"og:image:type\" content=\"image\/jpeg\" \/>\n<meta name=\"twitter:card\" content=\"summary_large_image\" \/>\n<meta name=\"twitter:label1\" content=\"Tiempo de lectura\" \/>\n\t<meta name=\"twitter:data1\" content=\"1 minuto\" \/>\n<script type=\"application\/ld+json\" class=\"yoast-schema-graph\">{\"@context\":\"https:\\\/\\\/schema.org\",\"@graph\":[{\"@type\":\"WebPage\",\"@id\":\"https:\\\/\\\/henergylab.com\\\/es\\\/producto\\\/colgante-de-aventurina-semilla-de-la-vida\\\/\",\"url\":\"https:\\\/\\\/henergylab.com\\\/es\\\/producto\\\/colgante-de-aventurina-semilla-de-la-vida\\\/\",\"name\":\"Colgante de aventurina Semilla de la Vida - HEN\",\"isPartOf\":{\"@id\":\"https:\\\/\\\/henergylab.com\\\/es\\\/#website\"},\"primaryImageOfPage\":{\"@id\":\"https:\\\/\\\/henergylab.com\\\/es\\\/producto\\\/colgante-de-aventurina-semilla-de-la-vida\\\/#primaryimage\"},\"image\":{\"@id\":\"https:\\\/\\\/henergylab.com\\\/es\\\/producto\\\/colgante-de-aventurina-semilla-de-la-vida\\\/#primaryimage\"},\"thumbnailUrl\":\"https:\\\/\\\/henergylab.com\\\/wp-content\\\/uploads\\\/2025\\\/03\\\/2SED-G-aventurine1.jpg\",\"datePublished\":\"2025-03-12T23:22:26+00:00\",\"dateModified\":\"2025-11-02T01:13:38+00:00\",\"description\":\"Colgante Semilla de la Vida, orgonita, en resina epoxi, contiene lat\u00f3n, aventurina y cristal de cuarzo.\",\"breadcrumb\":{\"@id\":\"https:\\\/\\\/henergylab.com\\\/es\\\/producto\\\/colgante-de-aventurina-semilla-de-la-vida\\\/#breadcrumb\"},\"inLanguage\":\"es\",\"potentialAction\":[{\"@type\":\"ReadAction\",\"target\":[\"https:\\\/\\\/henergylab.com\\\/es\\\/producto\\\/colgante-de-aventurina-semilla-de-la-vida\\\/\"]}]},{\"@type\":\"ImageObject\",\"inLanguage\":\"es\",\"@id\":\"https:\\\/\\\/henergylab.com\\\/es\\\/producto\\\/colgante-de-aventurina-semilla-de-la-vida\\\/#primaryimage\",\"url\":\"https:\\\/\\\/henergylab.com\\\/wp-content\\\/uploads\\\/2025\\\/03\\\/2SED-G-aventurine1.jpg\",\"contentUrl\":\"https:\\\/\\\/henergylab.com\\\/wp-content\\\/uploads\\\/2025\\\/03\\\/2SED-G-aventurine1.jpg\",\"width\":2488,\"height\":2500},{\"@type\":\"BreadcrumbList\",\"@id\":\"https:\\\/\\\/henergylab.com\\\/es\\\/producto\\\/colgante-de-aventurina-semilla-de-la-vida\\\/#breadcrumb\",\"itemListElement\":[{\"@type\":\"ListItem\",\"position\":1,\"name\":\"Home\",\"item\":\"https:\\\/\\\/henergylab.com\\\/es\\\/\"},{\"@type\":\"ListItem\",\"position\":2,\"name\":\"Tienda\",\"item\":\"https:\\\/\\\/henergylab.com\\\/es\\\/tienda\\\/\"},{\"@type\":\"ListItem\",\"position\":3,\"name\":\"Colgante de aventurina Semilla de la Vida\"}]},{\"@type\":\"WebSite\",\"@id\":\"https:\\\/\\\/henergylab.com\\\/es\\\/#website\",\"url\":\"https:\\\/\\\/henergylab.com\\\/es\\\/\",\"name\":\"henergylab\",\"description\":\"\",\"publisher\":{\"@id\":\"https:\\\/\\\/henergylab.com\\\/es\\\/#organization\"},\"potentialAction\":[{\"@type\":\"SearchAction\",\"target\":{\"@type\":\"EntryPoint\",\"urlTemplate\":\"https:\\\/\\\/henergylab.com\\\/es\\\/?s={search_term_string}\"},\"query-input\":{\"@type\":\"PropertyValueSpecification\",\"valueRequired\":true,\"valueName\":\"search_term_string\"}}],\"inLanguage\":\"es\"},{\"@type\":\"Organization\",\"@id\":\"https:\\\/\\\/henergylab.com\\\/es\\\/#organization\",\"name\":\"HEN\",\"url\":\"https:\\\/\\\/henergylab.com\\\/es\\\/\",\"logo\":{\"@type\":\"ImageObject\",\"inLanguage\":\"es\",\"@id\":\"https:\\\/\\\/henergylab.com\\\/es\\\/#\\\/schema\\\/logo\\\/image\\\/\",\"url\":\"https:\\\/\\\/henergylab.com\\\/wp-content\\\/uploads\\\/2025\\\/07\\\/Henergylab-logo-scritta-nera-1.png\",\"contentUrl\":\"https:\\\/\\\/henergylab.com\\\/wp-content\\\/uploads\\\/2025\\\/07\\\/Henergylab-logo-scritta-nera-1.png\",\"width\":128,\"height\":128,\"caption\":\"HEN\"},\"image\":{\"@id\":\"https:\\\/\\\/henergylab.com\\\/es\\\/#\\\/schema\\\/logo\\\/image\\\/\"}}]}<\/script>\n<!-- \/ Yoast SEO plugin. -->","yoast_head_json":{"title":"Colgante de aventurina Semilla de la Vida - HEN","description":"Colgante Semilla de la Vida, orgonita, en resina epoxi, contiene lat\u00f3n, aventurina y cristal de cuarzo.","robots":{"index":"index","follow":"follow","max-snippet":"max-snippet:-1","max-image-preview":"max-image-preview:large","max-video-preview":"max-video-preview:-1"},"canonical":"https:\/\/henergylab.com\/es\/producto\/colgante-de-aventurina-semilla-de-la-vida\/","og_locale":"es_ES","og_type":"article","og_title":"Colgante de aventurina Semilla de la Vida - HEN","og_description":"Colgante Semilla de la Vida, orgonita, en resina epoxi, contiene lat\u00f3n, aventurina y cristal de cuarzo.","og_url":"https:\/\/henergylab.com\/es\/producto\/colgante-de-aventurina-semilla-de-la-vida\/","og_site_name":"HEN","article_modified_time":"2025-11-02T01:13:38+00:00","og_image":[{"width":2488,"height":2500,"url":"https:\/\/henergylab.com\/wp-content\/uploads\/2025\/03\/2SED-G-aventurine1.jpg","type":"image\/jpeg"}],"twitter_card":"summary_large_image","twitter_misc":{"Tiempo de lectura":"1 minuto"},"schema":{"@context":"https:\/\/schema.org","@graph":[{"@type":"WebPage","@id":"https:\/\/henergylab.com\/es\/producto\/colgante-de-aventurina-semilla-de-la-vida\/","url":"https:\/\/henergylab.com\/es\/producto\/colgante-de-aventurina-semilla-de-la-vida\/","name":"Colgante de aventurina Semilla de la Vida - HEN","isPartOf":{"@id":"https:\/\/henergylab.com\/es\/#website"},"primaryImageOfPage":{"@id":"https:\/\/henergylab.com\/es\/producto\/colgante-de-aventurina-semilla-de-la-vida\/#primaryimage"},"image":{"@id":"https:\/\/henergylab.com\/es\/producto\/colgante-de-aventurina-semilla-de-la-vida\/#primaryimage"},"thumbnailUrl":"https:\/\/henergylab.com\/wp-content\/uploads\/2025\/03\/2SED-G-aventurine1.jpg","datePublished":"2025-03-12T23:22:26+00:00","dateModified":"2025-11-02T01:13:38+00:00","description":"Colgante Semilla de la Vida, orgonita, en resina epoxi, contiene lat\u00f3n, aventurina y cristal de cuarzo.","breadcrumb":{"@id":"https:\/\/henergylab.com\/es\/producto\/colgante-de-aventurina-semilla-de-la-vida\/#breadcrumb"},"inLanguage":"es","potentialAction":[{"@type":"ReadAction","target":["https:\/\/henergylab.com\/es\/producto\/colgante-de-aventurina-semilla-de-la-vida\/"]}]},{"@type":"ImageObject","inLanguage":"es","@id":"https:\/\/henergylab.com\/es\/producto\/colgante-de-aventurina-semilla-de-la-vida\/#primaryimage","url":"https:\/\/henergylab.com\/wp-content\/uploads\/2025\/03\/2SED-G-aventurine1.jpg","contentUrl":"https:\/\/henergylab.com\/wp-content\/uploads\/2025\/03\/2SED-G-aventurine1.jpg","width":2488,"height":2500},{"@type":"BreadcrumbList","@id":"https:\/\/henergylab.com\/es\/producto\/colgante-de-aventurina-semilla-de-la-vida\/#breadcrumb","itemListElement":[{"@type":"ListItem","position":1,"name":"Home","item":"https:\/\/henergylab.com\/es\/"},{"@type":"ListItem","position":2,"name":"Tienda","item":"https:\/\/henergylab.com\/es\/tienda\/"},{"@type":"ListItem","position":3,"name":"Colgante de aventurina Semilla de la Vida"}]},{"@type":"WebSite","@id":"https:\/\/henergylab.com\/es\/#website","url":"https:\/\/henergylab.com\/es\/","name":"henergylab","description":"","publisher":{"@id":"https:\/\/henergylab.com\/es\/#organization"},"potentialAction":[{"@type":"SearchAction","target":{"@type":"EntryPoint","urlTemplate":"https:\/\/henergylab.com\/es\/?s={search_term_string}"},"query-input":{"@type":"PropertyValueSpecification","valueRequired":true,"valueName":"search_term_string"}}],"inLanguage":"es"},{"@type":"Organization","@id":"https:\/\/henergylab.com\/es\/#organization","name":"HEN","url":"https:\/\/henergylab.com\/es\/","logo":{"@type":"ImageObject","inLanguage":"es","@id":"https:\/\/henergylab.com\/es\/#\/schema\/logo\/image\/","url":"https:\/\/henergylab.com\/wp-content\/uploads\/2025\/07\/Henergylab-logo-scritta-nera-1.png","contentUrl":"https:\/\/henergylab.com\/wp-content\/uploads\/2025\/07\/Henergylab-logo-scritta-nera-1.png","width":128,"height":128,"caption":"HEN"},"image":{"@id":"https:\/\/henergylab.com\/es\/#\/schema\/logo\/image\/"}}]}},"_links":{"self":[{"href":"https:\/\/henergylab.com\/es\/wp-json\/wp\/v2\/product\/4219","targetHints":{"allow":["GET"]}}],"collection":[{"href":"https:\/\/henergylab.com\/es\/wp-json\/wp\/v2\/product"}],"about":[{"href":"https:\/\/henergylab.com\/es\/wp-json\/wp\/v2\/types\/product"}],"replies":[{"embeddable":true,"href":"https:\/\/henergylab.com\/es\/wp-json\/wp\/v2\/comments?post=4219"}],"wp:featuredmedia":[{"embeddable":true,"href":"https:\/\/henergylab.com\/es\/wp-json\/wp\/v2\/media\/4221"}],"wp:attachment":[{"href":"https:\/\/henergylab.com\/es\/wp-json\/wp\/v2\/media?parent=4219"}],"wp:term":[{"taxonomy":"product_brand","embeddable":true,"href":"https:\/\/henergylab.com\/es\/wp-json\/wp\/v2\/product_brand?post=4219"},{"taxonomy":"product_cat","embeddable":true,"href":"https:\/\/henergylab.com\/es\/wp-json\/wp\/v2\/product_cat?post=4219"},{"taxonomy":"product_tag","embeddable":true,"href":"https:\/\/henergylab.com\/es\/wp-json\/wp\/v2\/product_tag?post=4219"}],"curies":[{"name":"wp","href":"https:\/\/api.w.org\/{rel}","templated":true}]}}