{"id":4246,"date":"2025-03-18T22:45:38","date_gmt":"2025-03-18T22:45:38","guid":{"rendered":"https:\/\/henergylab.com\/product\/torus7-coil\/"},"modified":"2025-11-02T01:15:13","modified_gmt":"2025-11-02T01:15:13","slug":"torus7-coil","status":"publish","type":"product","link":"https:\/\/henergylab.com\/es\/producto\/torus7-coil\/","title":{"rendered":"Torus7 coil"},"content":{"rendered":"<h3 data-start=\"113\" data-end=\"187\"><strong data-start=\"117\" data-end=\"187\">Torus7 Coil \u2014 Bobina port\u00e1til de ondas escalares para terapia PEMF<\/strong><\/h3>\n<p data-start=\"189\" data-end=\"419\"><strong data-start=\"189\" data-end=\"204\">Bobina PEMF<\/strong> elaborada seg\u00fan los principios de la matem\u00e1tica basada en el v\u00f3rtice. El particular enrollado, inspirado en la forma de nuestro Universo, permite la creaci\u00f3n de <strong data-start=\"366\" data-end=\"385\">ondas escalares<\/strong> o <strong data-start=\"388\" data-end=\"418\">campos energ\u00e9ticos sutiles<\/strong>.<\/p>\n<p data-start=\"421\" data-end=\"753\">El <strong data-start=\"424\" data-end=\"443\">campo magn\u00e9tico<\/strong> generado se integra con el <strong data-start=\"471\" data-end=\"486\">campo sutil<\/strong> acumulado por el toroide gracias a los materiales empleados: una <strong data-start=\"552\" data-end=\"574\">matriz de orgonita<\/strong> que genera ondas escalares. Esta energ\u00eda se amplifica y modula mediante el campo magn\u00e9tico, mejorando la capacidad del dispositivo para <strong data-start=\"711\" data-end=\"752\">transmitir y conducir las frecuencias<\/strong>.<\/p>\n<p data-start=\"755\" data-end=\"1063\">Esta <strong data-start=\"760\" data-end=\"808\">sinergia entre campo magn\u00e9tico y campo sutil<\/strong> permite al dispositivo interactuar con los <strong data-start=\"852\" data-end=\"900\">campos energ\u00e9ticos sutiles del cuerpo humano<\/strong>, estimulando la <strong data-start=\"917\" data-end=\"938\">actividad celular<\/strong> y mejorando el <strong data-start=\"954\" data-end=\"975\">bienestar general<\/strong> a trav\u00e9s del uso de <strong data-start=\"996\" data-end=\"1036\">frecuencias terap\u00e9uticas espec\u00edficas<\/strong>, como la <strong data-start=\"1046\" data-end=\"1062\">terapia Rife<\/strong>.<\/p>\n<p data-start=\"1065\" data-end=\"1393\">Esta sinergia entre campo magn\u00e9tico y campo sutil permite <strong data-start=\"1123\" data-end=\"1174\">vehicular frecuencias m\u00e1s all\u00e1 del plano f\u00edsico<\/strong>, actuando a nivel del <strong data-start=\"1197\" data-end=\"1215\">cuerpo et\u00e9rico<\/strong>. Este campo energ\u00e9tico interact\u00faa con las din\u00e1micas vitales, estimulando los campos energ\u00e9ticos sutiles del cuerpo humano, la actividad celular y mejorando el bienestar general.<\/p>\n<hr data-start=\"1395\" data-end=\"1398\" \/>\n<h3 data-start=\"1400\" data-end=\"1444\"><strong data-start=\"1404\" data-end=\"1444\">Beneficios de la terapia Rife o PEMF<\/strong><\/h3>\n<p data-start=\"1446\" data-end=\"1532\">Cuando se aplica mediante campos electromagn\u00e9ticos, sus beneficios son bien conocidos:<\/p>\n<ul data-start=\"1534\" data-end=\"2190\">\n<li data-start=\"1534\" data-end=\"1621\">\n<p data-start=\"1536\" data-end=\"1621\"><strong data-start=\"1536\" data-end=\"1561\">Estimulaci\u00f3n Celular:<\/strong> Mejora la salud celular y la regeneraci\u00f3n de los tejidos.<\/p>\n<\/li>\n<li data-start=\"1622\" data-end=\"1693\">\n<p data-start=\"1624\" data-end=\"1693\"><strong data-start=\"1624\" data-end=\"1648\">Mejora Circulatoria:<\/strong> Favorece una circulaci\u00f3n sangu\u00ednea \u00f3ptima.<\/p>\n<\/li>\n<li data-start=\"1694\" data-end=\"1790\">\n<p data-start=\"1696\" data-end=\"1790\"><strong data-start=\"1696\" data-end=\"1730\">Relajaci\u00f3n y Alivio del Dolor:<\/strong> Reduce las tensiones musculares y promueve la relajaci\u00f3n.<\/p>\n<\/li>\n<li data-start=\"1791\" data-end=\"1940\">\n<p data-start=\"1793\" data-end=\"1940\"><strong data-start=\"1793\" data-end=\"1815\">Bienestar General:<\/strong> Promueve el equilibrio energ\u00e9tico y el bienestar psicof\u00edsico a trav\u00e9s de la interacci\u00f3n con los campos sutiles del cuerpo.<\/p>\n<\/li>\n<li data-start=\"1941\" data-end=\"2190\">\n<p data-start=\"1943\" data-end=\"2190\"><strong data-start=\"1943\" data-end=\"1972\">Eliminaci\u00f3n de Pat\u00f3genos:<\/strong> El uso de frecuencias espec\u00edficas, resultado de d\u00e9cadas de investigaci\u00f3n y experimentaci\u00f3n, permite la eliminaci\u00f3n selectiva de virus, bacterias y otros pat\u00f3genos mediante la <strong data-start=\"2148\" data-end=\"2189\">resonancia de ondas electromagn\u00e9ticas<\/strong>.<\/p>\n<\/li>\n<\/ul>\n<hr data-start=\"2192\" data-end=\"2195\" \/>\n<h3 data-start=\"2197\" data-end=\"2226\"><strong data-start=\"2201\" data-end=\"2226\">Caracter\u00edsticas y uso<\/strong><\/h3>\n<p data-start=\"2228\" data-end=\"2510\">Dise\u00f1ada como un <strong data-start=\"2245\" data-end=\"2269\">dispositivo port\u00e1til<\/strong>, se conecta a un <strong data-start=\"2287\" data-end=\"2301\">smartphone<\/strong> y se controla mediante una <strong data-start=\"2329\" data-end=\"2369\">aplicaci\u00f3n generadora de frecuencias<\/strong> (como <strong data-start=\"2376\" data-end=\"2385\">Z-app<\/strong> u otras), o mediante un <strong data-start=\"2410\" data-end=\"2429\">reproductor MP3<\/strong> con frecuencias precargadas, conectado a trav\u00e9s de la <strong data-start=\"2484\" data-end=\"2509\">entrada de audio jack<\/strong>.<\/p>\n<p data-start=\"2512\" data-end=\"2552\">La bobina tiene un <strong data-start=\"2531\" data-end=\"2551\">di\u00e1metro de 7 cm<\/strong>.<\/p>\n","protected":false},"excerpt":{"rendered":"<p>Bobina toroidal PEMF, dise\u00f1ada como un dispositivo port\u00e1til para usar con tel\u00e9fonos inteligentes.<\/p>\n","protected":false},"featured_media":4251,"comment_status":"open","ping_status":"closed","template":"","meta":{"ocean_post_layout":"","ocean_both_sidebars_style":"","ocean_both_sidebars_content_width":0,"ocean_both_sidebars_sidebars_width":0,"ocean_sidebar":"0","ocean_second_sidebar":"0","ocean_disable_margins":"enable","ocean_add_body_class":"","ocean_shortcode_before_top_bar":"","ocean_shortcode_after_top_bar":"","ocean_shortcode_before_header":"","ocean_shortcode_after_header":"","ocean_has_shortcode":"","ocean_shortcode_after_title":"","ocean_shortcode_before_footer_widgets":"","ocean_shortcode_after_footer_widgets":"","ocean_shortcode_before_footer_bottom":"","ocean_shortcode_after_footer_bottom":"","ocean_display_top_bar":"default","ocean_display_header":"default","ocean_header_style":"","ocean_center_header_left_menu":"0","ocean_custom_header_template":"0","ocean_custom_logo":0,"ocean_custom_retina_logo":0,"ocean_custom_logo_max_width":0,"ocean_custom_logo_tablet_max_width":0,"ocean_custom_logo_mobile_max_width":0,"ocean_custom_logo_max_height":0,"ocean_custom_logo_tablet_max_height":0,"ocean_custom_logo_mobile_max_height":0,"ocean_header_custom_menu":"0","ocean_menu_typo_font_family":"0","ocean_menu_typo_font_subset":"","ocean_menu_typo_font_size":0,"ocean_menu_typo_font_size_tablet":0,"ocean_menu_typo_font_size_mobile":0,"ocean_menu_typo_font_size_unit":"px","ocean_menu_typo_font_weight":"","ocean_menu_typo_font_weight_tablet":"","ocean_menu_typo_font_weight_mobile":"","ocean_menu_typo_transform":"","ocean_menu_typo_transform_tablet":"","ocean_menu_typo_transform_mobile":"","ocean_menu_typo_line_height":0,"ocean_menu_typo_line_height_tablet":0,"ocean_menu_typo_line_height_mobile":0,"ocean_menu_typo_line_height_unit":"","ocean_menu_typo_spacing":0,"ocean_menu_typo_spacing_tablet":0,"ocean_menu_typo_spacing_mobile":0,"ocean_menu_typo_spacing_unit":"","ocean_menu_link_color":"","ocean_menu_link_color_hover":"","ocean_menu_link_color_active":"","ocean_menu_link_background":"","ocean_menu_link_hover_background":"","ocean_menu_link_active_background":"","ocean_menu_social_links_bg":"","ocean_menu_social_hover_links_bg":"","ocean_menu_social_links_color":"","ocean_menu_social_hover_links_color":"","ocean_disable_title":"default","ocean_disable_heading":"default","ocean_post_title":"","ocean_post_subheading":"","ocean_post_title_style":"","ocean_post_title_background_color":"","ocean_post_title_background":0,"ocean_post_title_bg_image_position":"","ocean_post_title_bg_image_attachment":"","ocean_post_title_bg_image_repeat":"","ocean_post_title_bg_image_size":"","ocean_post_title_height":0,"ocean_post_title_bg_overlay":0.5,"ocean_post_title_bg_overlay_color":"","ocean_disable_breadcrumbs":"default","ocean_breadcrumbs_color":"","ocean_breadcrumbs_separator_color":"","ocean_breadcrumbs_links_color":"","ocean_breadcrumbs_links_hover_color":"","ocean_display_footer_widgets":"default","ocean_display_footer_bottom":"default","ocean_custom_footer_template":"0","_glsr_average":0,"_glsr_ranking":0,"_glsr_reviews":0},"product_brand":[],"product_cat":[109],"product_tag":[],"class_list":{"0":"post-4246","1":"product","2":"type-product","3":"status-publish","4":"has-post-thumbnail","6":"product_cat-hencoils","8":"entry","9":"has-media","11":"first","12":"instock","13":"taxable","14":"shipping-taxable","15":"purchasable","16":"product-type-simple","17":"add-to-wishlist-after_add_to_cart","18":"has-product-nav","19":"col","20":"span_1_of_3","21":"owp-content-center","22":"owp-thumbs-layout-vertical","23":"owp-btn-normal","24":"owp-tabs-layout-horizontal"},"yoast_head":"<!-- This site is optimized with the Yoast SEO plugin v27.4 - https:\/\/yoast.com\/product\/yoast-seo-wordpress\/ -->\n<title>Torus7 coil - HEN<\/title>\n<meta name=\"description\" content=\"Bobina Torus7: dispositivo de orgonita, PEMF y ondas escalares que se conecta directamente a tu smartphone o reproductor MP3 y puedes llevar contigo a cualquier parte.\" \/>\n<meta name=\"robots\" content=\"index, follow, max-snippet:-1, max-image-preview:large, max-video-preview:-1\" \/>\n<link rel=\"canonical\" href=\"https:\/\/henergylab.com\/es\/producto\/torus7-coil\/\" \/>\n<meta property=\"og:locale\" content=\"es_ES\" \/>\n<meta property=\"og:type\" content=\"article\" \/>\n<meta property=\"og:title\" content=\"Torus7 coil - HEN\" \/>\n<meta property=\"og:description\" content=\"Bobina Torus7: dispositivo de orgonita, PEMF y ondas escalares que se conecta directamente a tu smartphone o reproductor MP3 y puedes llevar contigo a cualquier parte.\" \/>\n<meta property=\"og:url\" content=\"https:\/\/henergylab.com\/es\/producto\/torus7-coil\/\" \/>\n<meta property=\"og:site_name\" content=\"HEN\" \/>\n<meta property=\"article:modified_time\" content=\"2025-11-02T01:15:13+00:00\" \/>\n<meta property=\"og:image\" content=\"https:\/\/henergylab.com\/wp-content\/uploads\/2025\/03\/coil7ET4.jpg\" \/>\n\t<meta property=\"og:image:width\" content=\"1140\" \/>\n\t<meta property=\"og:image:height\" content=\"939\" \/>\n\t<meta property=\"og:image:type\" content=\"image\/jpeg\" \/>\n<meta name=\"twitter:card\" content=\"summary_large_image\" \/>\n<meta name=\"twitter:label1\" content=\"Tiempo de lectura\" \/>\n\t<meta name=\"twitter:data1\" content=\"2 minutos\" \/>\n<script type=\"application\/ld+json\" class=\"yoast-schema-graph\">{\"@context\":\"https:\\\/\\\/schema.org\",\"@graph\":[{\"@type\":\"WebPage\",\"@id\":\"https:\\\/\\\/henergylab.com\\\/es\\\/producto\\\/torus7-coil\\\/\",\"url\":\"https:\\\/\\\/henergylab.com\\\/es\\\/producto\\\/torus7-coil\\\/\",\"name\":\"Torus7 coil - HEN\",\"isPartOf\":{\"@id\":\"https:\\\/\\\/henergylab.com\\\/es\\\/#website\"},\"primaryImageOfPage\":{\"@id\":\"https:\\\/\\\/henergylab.com\\\/es\\\/producto\\\/torus7-coil\\\/#primaryimage\"},\"image\":{\"@id\":\"https:\\\/\\\/henergylab.com\\\/es\\\/producto\\\/torus7-coil\\\/#primaryimage\"},\"thumbnailUrl\":\"https:\\\/\\\/henergylab.com\\\/wp-content\\\/uploads\\\/2025\\\/03\\\/coil7ET4.jpg\",\"datePublished\":\"2025-03-18T22:45:38+00:00\",\"dateModified\":\"2025-11-02T01:15:13+00:00\",\"description\":\"Bobina Torus7: dispositivo de orgonita, PEMF y ondas escalares que se conecta directamente a tu smartphone o reproductor MP3 y puedes llevar contigo a cualquier parte.\",\"breadcrumb\":{\"@id\":\"https:\\\/\\\/henergylab.com\\\/es\\\/producto\\\/torus7-coil\\\/#breadcrumb\"},\"inLanguage\":\"es\",\"potentialAction\":[{\"@type\":\"ReadAction\",\"target\":[\"https:\\\/\\\/henergylab.com\\\/es\\\/producto\\\/torus7-coil\\\/\"]}]},{\"@type\":\"ImageObject\",\"inLanguage\":\"es\",\"@id\":\"https:\\\/\\\/henergylab.com\\\/es\\\/producto\\\/torus7-coil\\\/#primaryimage\",\"url\":\"https:\\\/\\\/henergylab.com\\\/wp-content\\\/uploads\\\/2025\\\/03\\\/coil7ET4.jpg\",\"contentUrl\":\"https:\\\/\\\/henergylab.com\\\/wp-content\\\/uploads\\\/2025\\\/03\\\/coil7ET4.jpg\",\"width\":1140,\"height\":939},{\"@type\":\"BreadcrumbList\",\"@id\":\"https:\\\/\\\/henergylab.com\\\/es\\\/producto\\\/torus7-coil\\\/#breadcrumb\",\"itemListElement\":[{\"@type\":\"ListItem\",\"position\":1,\"name\":\"Home\",\"item\":\"https:\\\/\\\/henergylab.com\\\/es\\\/\"},{\"@type\":\"ListItem\",\"position\":2,\"name\":\"Tienda\",\"item\":\"https:\\\/\\\/henergylab.com\\\/es\\\/tienda\\\/\"},{\"@type\":\"ListItem\",\"position\":3,\"name\":\"Torus7 coil\"}]},{\"@type\":\"WebSite\",\"@id\":\"https:\\\/\\\/henergylab.com\\\/es\\\/#website\",\"url\":\"https:\\\/\\\/henergylab.com\\\/es\\\/\",\"name\":\"henergylab\",\"description\":\"\",\"publisher\":{\"@id\":\"https:\\\/\\\/henergylab.com\\\/es\\\/#organization\"},\"potentialAction\":[{\"@type\":\"SearchAction\",\"target\":{\"@type\":\"EntryPoint\",\"urlTemplate\":\"https:\\\/\\\/henergylab.com\\\/es\\\/?s={search_term_string}\"},\"query-input\":{\"@type\":\"PropertyValueSpecification\",\"valueRequired\":true,\"valueName\":\"search_term_string\"}}],\"inLanguage\":\"es\"},{\"@type\":\"Organization\",\"@id\":\"https:\\\/\\\/henergylab.com\\\/es\\\/#organization\",\"name\":\"HEN\",\"url\":\"https:\\\/\\\/henergylab.com\\\/es\\\/\",\"logo\":{\"@type\":\"ImageObject\",\"inLanguage\":\"es\",\"@id\":\"https:\\\/\\\/henergylab.com\\\/es\\\/#\\\/schema\\\/logo\\\/image\\\/\",\"url\":\"https:\\\/\\\/henergylab.com\\\/wp-content\\\/uploads\\\/2025\\\/07\\\/Henergylab-logo-scritta-nera-1.png\",\"contentUrl\":\"https:\\\/\\\/henergylab.com\\\/wp-content\\\/uploads\\\/2025\\\/07\\\/Henergylab-logo-scritta-nera-1.png\",\"width\":128,\"height\":128,\"caption\":\"HEN\"},\"image\":{\"@id\":\"https:\\\/\\\/henergylab.com\\\/es\\\/#\\\/schema\\\/logo\\\/image\\\/\"}}]}<\/script>\n<!-- \/ Yoast SEO plugin. -->","yoast_head_json":{"title":"Torus7 coil - HEN","description":"Bobina Torus7: dispositivo de orgonita, PEMF y ondas escalares que se conecta directamente a tu smartphone o reproductor MP3 y puedes llevar contigo a cualquier parte.","robots":{"index":"index","follow":"follow","max-snippet":"max-snippet:-1","max-image-preview":"max-image-preview:large","max-video-preview":"max-video-preview:-1"},"canonical":"https:\/\/henergylab.com\/es\/producto\/torus7-coil\/","og_locale":"es_ES","og_type":"article","og_title":"Torus7 coil - HEN","og_description":"Bobina Torus7: dispositivo de orgonita, PEMF y ondas escalares que se conecta directamente a tu smartphone o reproductor MP3 y puedes llevar contigo a cualquier parte.","og_url":"https:\/\/henergylab.com\/es\/producto\/torus7-coil\/","og_site_name":"HEN","article_modified_time":"2025-11-02T01:15:13+00:00","og_image":[{"width":1140,"height":939,"url":"https:\/\/henergylab.com\/wp-content\/uploads\/2025\/03\/coil7ET4.jpg","type":"image\/jpeg"}],"twitter_card":"summary_large_image","twitter_misc":{"Tiempo de lectura":"2 minutos"},"schema":{"@context":"https:\/\/schema.org","@graph":[{"@type":"WebPage","@id":"https:\/\/henergylab.com\/es\/producto\/torus7-coil\/","url":"https:\/\/henergylab.com\/es\/producto\/torus7-coil\/","name":"Torus7 coil - HEN","isPartOf":{"@id":"https:\/\/henergylab.com\/es\/#website"},"primaryImageOfPage":{"@id":"https:\/\/henergylab.com\/es\/producto\/torus7-coil\/#primaryimage"},"image":{"@id":"https:\/\/henergylab.com\/es\/producto\/torus7-coil\/#primaryimage"},"thumbnailUrl":"https:\/\/henergylab.com\/wp-content\/uploads\/2025\/03\/coil7ET4.jpg","datePublished":"2025-03-18T22:45:38+00:00","dateModified":"2025-11-02T01:15:13+00:00","description":"Bobina Torus7: dispositivo de orgonita, PEMF y ondas escalares que se conecta directamente a tu smartphone o reproductor MP3 y puedes llevar contigo a cualquier parte.","breadcrumb":{"@id":"https:\/\/henergylab.com\/es\/producto\/torus7-coil\/#breadcrumb"},"inLanguage":"es","potentialAction":[{"@type":"ReadAction","target":["https:\/\/henergylab.com\/es\/producto\/torus7-coil\/"]}]},{"@type":"ImageObject","inLanguage":"es","@id":"https:\/\/henergylab.com\/es\/producto\/torus7-coil\/#primaryimage","url":"https:\/\/henergylab.com\/wp-content\/uploads\/2025\/03\/coil7ET4.jpg","contentUrl":"https:\/\/henergylab.com\/wp-content\/uploads\/2025\/03\/coil7ET4.jpg","width":1140,"height":939},{"@type":"BreadcrumbList","@id":"https:\/\/henergylab.com\/es\/producto\/torus7-coil\/#breadcrumb","itemListElement":[{"@type":"ListItem","position":1,"name":"Home","item":"https:\/\/henergylab.com\/es\/"},{"@type":"ListItem","position":2,"name":"Tienda","item":"https:\/\/henergylab.com\/es\/tienda\/"},{"@type":"ListItem","position":3,"name":"Torus7 coil"}]},{"@type":"WebSite","@id":"https:\/\/henergylab.com\/es\/#website","url":"https:\/\/henergylab.com\/es\/","name":"henergylab","description":"","publisher":{"@id":"https:\/\/henergylab.com\/es\/#organization"},"potentialAction":[{"@type":"SearchAction","target":{"@type":"EntryPoint","urlTemplate":"https:\/\/henergylab.com\/es\/?s={search_term_string}"},"query-input":{"@type":"PropertyValueSpecification","valueRequired":true,"valueName":"search_term_string"}}],"inLanguage":"es"},{"@type":"Organization","@id":"https:\/\/henergylab.com\/es\/#organization","name":"HEN","url":"https:\/\/henergylab.com\/es\/","logo":{"@type":"ImageObject","inLanguage":"es","@id":"https:\/\/henergylab.com\/es\/#\/schema\/logo\/image\/","url":"https:\/\/henergylab.com\/wp-content\/uploads\/2025\/07\/Henergylab-logo-scritta-nera-1.png","contentUrl":"https:\/\/henergylab.com\/wp-content\/uploads\/2025\/07\/Henergylab-logo-scritta-nera-1.png","width":128,"height":128,"caption":"HEN"},"image":{"@id":"https:\/\/henergylab.com\/es\/#\/schema\/logo\/image\/"}}]}},"_links":{"self":[{"href":"https:\/\/henergylab.com\/es\/wp-json\/wp\/v2\/product\/4246","targetHints":{"allow":["GET"]}}],"collection":[{"href":"https:\/\/henergylab.com\/es\/wp-json\/wp\/v2\/product"}],"about":[{"href":"https:\/\/henergylab.com\/es\/wp-json\/wp\/v2\/types\/product"}],"replies":[{"embeddable":true,"href":"https:\/\/henergylab.com\/es\/wp-json\/wp\/v2\/comments?post=4246"}],"wp:featuredmedia":[{"embeddable":true,"href":"https:\/\/henergylab.com\/es\/wp-json\/wp\/v2\/media\/4251"}],"wp:attachment":[{"href":"https:\/\/henergylab.com\/es\/wp-json\/wp\/v2\/media?parent=4246"}],"wp:term":[{"taxonomy":"product_brand","embeddable":true,"href":"https:\/\/henergylab.com\/es\/wp-json\/wp\/v2\/product_brand?post=4246"},{"taxonomy":"product_cat","embeddable":true,"href":"https:\/\/henergylab.com\/es\/wp-json\/wp\/v2\/product_cat?post=4246"},{"taxonomy":"product_tag","embeddable":true,"href":"https:\/\/henergylab.com\/es\/wp-json\/wp\/v2\/product_tag?post=4246"}],"curies":[{"name":"wp","href":"https:\/\/api.w.org\/{rel}","templated":true}]}}