{"id":4267,"date":"2025-03-20T00:36:22","date_gmt":"2025-03-20T00:36:22","guid":{"rendered":"https:\/\/henergylab.com\/product\/torus7-coil-quartz\/"},"modified":"2025-11-02T01:15:55","modified_gmt":"2025-11-02T01:15:55","slug":"torus7-coil-quartz","status":"publish","type":"product","link":"https:\/\/henergylab.com\/es\/producto\/torus7-coil-quartz\/","title":{"rendered":"Torus7 coil Quartz"},"content":{"rendered":"<h3 data-start=\"123\" data-end=\"144\"><strong data-start=\"127\" data-end=\"142\">Descripci\u00f3n<\/strong><\/h3>\n<p data-start=\"145\" data-end=\"238\"><strong data-start=\"145\" data-end=\"238\">HEN Coil 2 \u2013 Bobina PEMF de V\u00f3rtice, Bienestar Energ\u00e9tico a trav\u00e9s de Frecuencias Sutiles<\/strong><\/p>\n<hr data-start=\"240\" data-end=\"243\" \/>\n<h3 data-start=\"245\" data-end=\"281\"><strong data-start=\"249\" data-end=\"281\">Caracter\u00edsticas principales:<\/strong><\/h3>\n<ul data-start=\"283\" data-end=\"672\">\n<li data-start=\"283\" data-end=\"344\">\n<p data-start=\"285\" data-end=\"344\"><strong data-start=\"285\" data-end=\"309\">Bobina PEMF Toroidal<\/strong> con dos canales, entrada <strong data-start=\"335\" data-end=\"342\">BNC<\/strong><\/p>\n<\/li>\n<li data-start=\"345\" data-end=\"420\">\n<p data-start=\"347\" data-end=\"420\"><strong data-start=\"347\" data-end=\"368\">Dise\u00f1o en v\u00f3rtice<\/strong> para ondas escalares y campos energ\u00e9ticos sutiles<\/p>\n<\/li>\n<li data-start=\"421\" data-end=\"490\">\n<p data-start=\"423\" data-end=\"490\"><strong data-start=\"423\" data-end=\"467\">Compatible con generadores de frecuencia<\/strong> (p. ej. <strong data-start=\"476\" data-end=\"487\">Spooky2<\/strong>)<\/p>\n<\/li>\n<li data-start=\"491\" data-end=\"568\">\n<p data-start=\"493\" data-end=\"568\"><strong data-start=\"493\" data-end=\"506\">Di\u00e1metro:<\/strong> 18 cm \u2013 <strong data-start=\"515\" data-end=\"524\">Peso:<\/strong> 1.75 kg \u2013 <strong data-start=\"535\" data-end=\"551\">Resistencia:<\/strong> ~\u00b130 ohm\/canal<\/p>\n<\/li>\n<li data-start=\"569\" data-end=\"672\">\n<p data-start=\"571\" data-end=\"672\">Funciona tambi\u00e9n con <strong data-start=\"592\" data-end=\"619\">amplificadores de audio<\/strong> de al menos <strong data-start=\"632\" data-end=\"639\">50W<\/strong> (v\u00eda <strong data-start=\"645\" data-end=\"658\">Bluetooth<\/strong> o <strong data-start=\"661\" data-end=\"671\">Aux In<\/strong>)<\/p>\n<\/li>\n<\/ul>\n<hr data-start=\"674\" data-end=\"677\" \/>\n<h3 data-start=\"679\" data-end=\"698\"><strong data-start=\"683\" data-end=\"698\">Descripci\u00f3n<\/strong><\/h3>\n<p data-start=\"700\" data-end=\"1141\"><strong data-start=\"700\" data-end=\"714\">HEN Coil 2<\/strong> es una <strong data-start=\"722\" data-end=\"770\">bobina PEMF (Campo Electromagn\u00e9tico Pulsado)<\/strong> fabricada seg\u00fan los principios de la <strong data-start=\"808\" data-end=\"834\">matem\u00e1tica del v\u00f3rtice<\/strong>, una geometr\u00eda que refleja la estructura misma del universo.<br data-start=\"895\" data-end=\"898\" \/>Gracias a este particular enrollado toroidal, es capaz de generar <strong data-start=\"964\" data-end=\"983\">ondas escalares<\/strong> y <strong data-start=\"986\" data-end=\"1016\">campos energ\u00e9ticos sutiles<\/strong>, que pueden interactuar con los niveles m\u00e1s profundos del cuerpo humano: el <strong data-start=\"1093\" data-end=\"1104\">et\u00e9rico<\/strong>, el <strong data-start=\"1109\" data-end=\"1123\">energ\u00e9tico<\/strong> y el <strong data-start=\"1129\" data-end=\"1140\">celular<\/strong>.<\/p>\n<p data-start=\"1143\" data-end=\"1473\">El <strong data-start=\"1146\" data-end=\"1165\">campo magn\u00e9tico<\/strong> producido se sincroniza con el <strong data-start=\"1197\" data-end=\"1212\">campo sutil<\/strong> acumulado por la <strong data-start=\"1230\" data-end=\"1251\">orgonita toroidal<\/strong>, generando una <strong data-start=\"1267\" data-end=\"1328\">sinergia \u00fanica entre la energ\u00eda f\u00edsica y la energ\u00eda sutil<\/strong>.<br data-start=\"1329\" data-end=\"1332\" \/>Esto convierte a <strong data-start=\"1349\" data-end=\"1363\">HEN Coil 3<\/strong> en una herramienta poderosa para <strong data-start=\"1397\" data-end=\"1438\">transmitir frecuencias en profundidad<\/strong>, m\u00e1s all\u00e1 del simple plano f\u00edsico.<\/p>\n<hr data-start=\"1475\" data-end=\"1478\" \/>\n<h3 data-start=\"1480\" data-end=\"1508\"><strong data-start=\"1484\" data-end=\"1508\">Efectos Beneficiosos<\/strong><\/h3>\n<p data-start=\"1510\" data-end=\"1632\">Los beneficios de la <strong data-start=\"1531\" data-end=\"1547\">terapia Rife<\/strong> o <strong data-start=\"1550\" data-end=\"1558\">PEMF<\/strong>, cuando se aplican mediante campos electromagn\u00e9ticos, son bien conocidos:<\/p>\n<ul data-start=\"1634\" data-end=\"2295\">\n<li data-start=\"1634\" data-end=\"1721\">\n<p data-start=\"1636\" data-end=\"1721\"><strong data-start=\"1636\" data-end=\"1661\">Estimulaci\u00f3n Celular:<\/strong> Mejora la salud celular y la regeneraci\u00f3n de los tejidos.<\/p>\n<\/li>\n<li data-start=\"1722\" data-end=\"1793\">\n<p data-start=\"1724\" data-end=\"1793\"><strong data-start=\"1724\" data-end=\"1748\">Mejora Circulatoria:<\/strong> Favorece una circulaci\u00f3n sangu\u00ednea \u00f3ptima.<\/p>\n<\/li>\n<li data-start=\"1794\" data-end=\"1890\">\n<p data-start=\"1796\" data-end=\"1890\"><strong data-start=\"1796\" data-end=\"1830\">Relajaci\u00f3n y Alivio del Dolor:<\/strong> Reduce las tensiones musculares y promueve la relajaci\u00f3n.<\/p>\n<\/li>\n<li data-start=\"1891\" data-end=\"2037\">\n<p data-start=\"1893\" data-end=\"2037\"><strong data-start=\"1893\" data-end=\"1915\">Bienestar General:<\/strong> Promueve el equilibrio energ\u00e9tico y el bienestar psicof\u00edsico mediante la interacci\u00f3n con los campos sutiles del cuerpo.<\/p>\n<\/li>\n<li data-start=\"2038\" data-end=\"2295\">\n<p data-start=\"2040\" data-end=\"2295\"><strong data-start=\"2040\" data-end=\"2069\">Eliminaci\u00f3n de Pat\u00f3genos:<\/strong> El uso de <strong data-start=\"2080\" data-end=\"2107\">frecuencias espec\u00edficas<\/strong>, resultado de d\u00e9cadas de investigaci\u00f3n y experimentaci\u00f3n, permite la <strong data-start=\"2177\" data-end=\"2240\">eliminaci\u00f3n selectiva de virus, bacterias y otros pat\u00f3genos<\/strong> mediante la <strong data-start=\"2253\" data-end=\"2294\">resonancia de ondas electromagn\u00e9ticas<\/strong>.<\/p>\n<\/li>\n<\/ul>\n<p data-start=\"2297\" data-end=\"2671\">Para utilizar <strong data-start=\"2311\" data-end=\"2325\">HEN Coil 3<\/strong> de manera \u00f3ptima, se recomienda emplear un <strong data-start=\"2369\" data-end=\"2394\">amplificador de audio<\/strong> con <strong data-start=\"2399\" data-end=\"2433\">al menos 50 vatios de potencia<\/strong> o m\u00e1s, preferiblemente con <strong data-start=\"2461\" data-end=\"2474\">Bluetooth<\/strong> o <strong data-start=\"2477\" data-end=\"2497\">entrada auxiliar<\/strong>, lo que permite controlarlo desde un <strong data-start=\"2535\" data-end=\"2549\">smartphone<\/strong> mediante una <strong data-start=\"2563\" data-end=\"2603\">aplicaci\u00f3n generadora de frecuencias<\/strong>, compatible tambi\u00e9n con generadores de frecuencia tipo <strong data-start=\"2659\" data-end=\"2670\">Spooky2<\/strong>.<\/p>\n<hr data-start=\"2673\" data-end=\"2676\" \/>\n<h3 data-start=\"2678\" data-end=\"2698\"><strong data-start=\"2682\" data-end=\"2698\">Advertencias<\/strong><\/h3>\n<ul data-start=\"2700\" data-end=\"2998\">\n<li data-start=\"2700\" data-end=\"2834\">\n<p data-start=\"2702\" data-end=\"2834\">No utilizar en presencia de <strong data-start=\"2730\" data-end=\"2744\">marcapasos<\/strong> u otros <strong data-start=\"2753\" data-end=\"2790\">dispositivos m\u00e9dicos implantables<\/strong> sensibles a los campos electromagn\u00e9ticos.<\/p>\n<\/li>\n<li data-start=\"2835\" data-end=\"2998\">\n<p data-start=\"2837\" data-end=\"2998\">Este dispositivo est\u00e1 destinado al <strong data-start=\"2872\" data-end=\"2916\">uso experimental y de bienestar personal<\/strong>.<br data-start=\"2917\" data-end=\"2920\" \/>No es un dispositivo m\u00e9dico y <strong data-start=\"2952\" data-end=\"2997\">no sustituye diagn\u00f3sticos ni tratamientos<\/strong>.<\/p>\n<\/li>\n<\/ul>\n","protected":false},"excerpt":{"rendered":"<p>Bobina toroidal PEMF, dise\u00f1ada como un dispositivo port\u00e1til para usar con tel\u00e9fonos inteligentes.<\/p>\n","protected":false},"featured_media":4269,"comment_status":"open","ping_status":"closed","template":"","meta":{"ocean_post_layout":"","ocean_both_sidebars_style":"","ocean_both_sidebars_content_width":0,"ocean_both_sidebars_sidebars_width":0,"ocean_sidebar":"0","ocean_second_sidebar":"0","ocean_disable_margins":"enable","ocean_add_body_class":"","ocean_shortcode_before_top_bar":"","ocean_shortcode_after_top_bar":"","ocean_shortcode_before_header":"","ocean_shortcode_after_header":"","ocean_has_shortcode":"","ocean_shortcode_after_title":"","ocean_shortcode_before_footer_widgets":"","ocean_shortcode_after_footer_widgets":"","ocean_shortcode_before_footer_bottom":"","ocean_shortcode_after_footer_bottom":"","ocean_display_top_bar":"default","ocean_display_header":"default","ocean_header_style":"","ocean_center_header_left_menu":"0","ocean_custom_header_template":"0","ocean_custom_logo":0,"ocean_custom_retina_logo":0,"ocean_custom_logo_max_width":0,"ocean_custom_logo_tablet_max_width":0,"ocean_custom_logo_mobile_max_width":0,"ocean_custom_logo_max_height":0,"ocean_custom_logo_tablet_max_height":0,"ocean_custom_logo_mobile_max_height":0,"ocean_header_custom_menu":"0","ocean_menu_typo_font_family":"0","ocean_menu_typo_font_subset":"","ocean_menu_typo_font_size":0,"ocean_menu_typo_font_size_tablet":0,"ocean_menu_typo_font_size_mobile":0,"ocean_menu_typo_font_size_unit":"px","ocean_menu_typo_font_weight":"","ocean_menu_typo_font_weight_tablet":"","ocean_menu_typo_font_weight_mobile":"","ocean_menu_typo_transform":"","ocean_menu_typo_transform_tablet":"","ocean_menu_typo_transform_mobile":"","ocean_menu_typo_line_height":0,"ocean_menu_typo_line_height_tablet":0,"ocean_menu_typo_line_height_mobile":0,"ocean_menu_typo_line_height_unit":"","ocean_menu_typo_spacing":0,"ocean_menu_typo_spacing_tablet":0,"ocean_menu_typo_spacing_mobile":0,"ocean_menu_typo_spacing_unit":"","ocean_menu_link_color":"","ocean_menu_link_color_hover":"","ocean_menu_link_color_active":"","ocean_menu_link_background":"","ocean_menu_link_hover_background":"","ocean_menu_link_active_background":"","ocean_menu_social_links_bg":"","ocean_menu_social_hover_links_bg":"","ocean_menu_social_links_color":"","ocean_menu_social_hover_links_color":"","ocean_disable_title":"default","ocean_disable_heading":"default","ocean_post_title":"","ocean_post_subheading":"","ocean_post_title_style":"","ocean_post_title_background_color":"","ocean_post_title_background":0,"ocean_post_title_bg_image_position":"","ocean_post_title_bg_image_attachment":"","ocean_post_title_bg_image_repeat":"","ocean_post_title_bg_image_size":"","ocean_post_title_height":0,"ocean_post_title_bg_overlay":0.5,"ocean_post_title_bg_overlay_color":"","ocean_disable_breadcrumbs":"default","ocean_breadcrumbs_color":"","ocean_breadcrumbs_separator_color":"","ocean_breadcrumbs_links_color":"","ocean_breadcrumbs_links_hover_color":"","ocean_display_footer_widgets":"default","ocean_display_footer_bottom":"default","ocean_custom_footer_template":"0","_glsr_average":0,"_glsr_ranking":0,"_glsr_reviews":0},"product_brand":[],"product_cat":[109],"product_tag":[],"class_list":{"0":"post-4267","1":"product","2":"type-product","3":"status-publish","4":"has-post-thumbnail","6":"product_cat-hencoils","8":"entry","9":"has-media","11":"first","12":"instock","13":"taxable","14":"shipping-taxable","15":"purchasable","16":"product-type-simple","17":"add-to-wishlist-after_add_to_cart","18":"has-product-nav","19":"col","20":"span_1_of_3","21":"owp-content-center","22":"owp-thumbs-layout-vertical","23":"owp-btn-normal","24":"owp-tabs-layout-horizontal"},"yoast_head":"<!-- This site is optimized with the Yoast SEO plugin v27.4 - https:\/\/yoast.com\/product\/yoast-seo-wordpress\/ -->\n<title>Torus7 coil Quartz - HEN<\/title>\n<meta name=\"description\" content=\"Dispositivo Torus7 con bobina de cuarzo, PEMF y ondas escalares para conectar directamente a tu smartphone o reproductor MP3 y llevarlo contigo a donde quieras.\" \/>\n<meta name=\"robots\" content=\"index, follow, max-snippet:-1, max-image-preview:large, max-video-preview:-1\" \/>\n<link rel=\"canonical\" href=\"https:\/\/henergylab.com\/es\/producto\/torus7-coil-quartz\/\" \/>\n<meta property=\"og:locale\" content=\"es_ES\" \/>\n<meta property=\"og:type\" content=\"article\" \/>\n<meta property=\"og:title\" content=\"Torus7 coil Quartz - HEN\" \/>\n<meta property=\"og:description\" content=\"Dispositivo Torus7 con bobina de cuarzo, PEMF y ondas escalares para conectar directamente a tu smartphone o reproductor MP3 y llevarlo contigo a donde quieras.\" \/>\n<meta property=\"og:url\" content=\"https:\/\/henergylab.com\/es\/producto\/torus7-coil-quartz\/\" \/>\n<meta property=\"og:site_name\" content=\"HEN\" \/>\n<meta property=\"article:modified_time\" content=\"2025-11-02T01:15:55+00:00\" \/>\n<meta property=\"og:image\" content=\"https:\/\/henergylab.com\/wp-content\/uploads\/2025\/03\/coil7-quartz3.jpg\" \/>\n\t<meta property=\"og:image:width\" content=\"1818\" \/>\n\t<meta property=\"og:image:height\" content=\"1818\" \/>\n\t<meta property=\"og:image:type\" content=\"image\/jpeg\" \/>\n<meta name=\"twitter:card\" content=\"summary_large_image\" \/>\n<meta name=\"twitter:label1\" content=\"Tiempo de lectura\" \/>\n\t<meta name=\"twitter:data1\" content=\"2 minutos\" \/>\n<script type=\"application\/ld+json\" class=\"yoast-schema-graph\">{\"@context\":\"https:\\\/\\\/schema.org\",\"@graph\":[{\"@type\":\"WebPage\",\"@id\":\"https:\\\/\\\/henergylab.com\\\/es\\\/producto\\\/torus7-coil-quartz\\\/\",\"url\":\"https:\\\/\\\/henergylab.com\\\/es\\\/producto\\\/torus7-coil-quartz\\\/\",\"name\":\"Torus7 coil Quartz - HEN\",\"isPartOf\":{\"@id\":\"https:\\\/\\\/henergylab.com\\\/es\\\/#website\"},\"primaryImageOfPage\":{\"@id\":\"https:\\\/\\\/henergylab.com\\\/es\\\/producto\\\/torus7-coil-quartz\\\/#primaryimage\"},\"image\":{\"@id\":\"https:\\\/\\\/henergylab.com\\\/es\\\/producto\\\/torus7-coil-quartz\\\/#primaryimage\"},\"thumbnailUrl\":\"https:\\\/\\\/henergylab.com\\\/wp-content\\\/uploads\\\/2025\\\/03\\\/coil7-quartz3.jpg\",\"datePublished\":\"2025-03-20T00:36:22+00:00\",\"dateModified\":\"2025-11-02T01:15:55+00:00\",\"description\":\"Dispositivo Torus7 con bobina de cuarzo, PEMF y ondas escalares para conectar directamente a tu smartphone o reproductor MP3 y llevarlo contigo a donde quieras.\",\"breadcrumb\":{\"@id\":\"https:\\\/\\\/henergylab.com\\\/es\\\/producto\\\/torus7-coil-quartz\\\/#breadcrumb\"},\"inLanguage\":\"es\",\"potentialAction\":[{\"@type\":\"ReadAction\",\"target\":[\"https:\\\/\\\/henergylab.com\\\/es\\\/producto\\\/torus7-coil-quartz\\\/\"]}]},{\"@type\":\"ImageObject\",\"inLanguage\":\"es\",\"@id\":\"https:\\\/\\\/henergylab.com\\\/es\\\/producto\\\/torus7-coil-quartz\\\/#primaryimage\",\"url\":\"https:\\\/\\\/henergylab.com\\\/wp-content\\\/uploads\\\/2025\\\/03\\\/coil7-quartz3.jpg\",\"contentUrl\":\"https:\\\/\\\/henergylab.com\\\/wp-content\\\/uploads\\\/2025\\\/03\\\/coil7-quartz3.jpg\",\"width\":1818,\"height\":1818},{\"@type\":\"BreadcrumbList\",\"@id\":\"https:\\\/\\\/henergylab.com\\\/es\\\/producto\\\/torus7-coil-quartz\\\/#breadcrumb\",\"itemListElement\":[{\"@type\":\"ListItem\",\"position\":1,\"name\":\"Home\",\"item\":\"https:\\\/\\\/henergylab.com\\\/es\\\/\"},{\"@type\":\"ListItem\",\"position\":2,\"name\":\"Tienda\",\"item\":\"https:\\\/\\\/henergylab.com\\\/es\\\/tienda\\\/\"},{\"@type\":\"ListItem\",\"position\":3,\"name\":\"Torus7 coil Quartz\"}]},{\"@type\":\"WebSite\",\"@id\":\"https:\\\/\\\/henergylab.com\\\/es\\\/#website\",\"url\":\"https:\\\/\\\/henergylab.com\\\/es\\\/\",\"name\":\"henergylab\",\"description\":\"\",\"publisher\":{\"@id\":\"https:\\\/\\\/henergylab.com\\\/es\\\/#organization\"},\"potentialAction\":[{\"@type\":\"SearchAction\",\"target\":{\"@type\":\"EntryPoint\",\"urlTemplate\":\"https:\\\/\\\/henergylab.com\\\/es\\\/?s={search_term_string}\"},\"query-input\":{\"@type\":\"PropertyValueSpecification\",\"valueRequired\":true,\"valueName\":\"search_term_string\"}}],\"inLanguage\":\"es\"},{\"@type\":\"Organization\",\"@id\":\"https:\\\/\\\/henergylab.com\\\/es\\\/#organization\",\"name\":\"HEN\",\"url\":\"https:\\\/\\\/henergylab.com\\\/es\\\/\",\"logo\":{\"@type\":\"ImageObject\",\"inLanguage\":\"es\",\"@id\":\"https:\\\/\\\/henergylab.com\\\/es\\\/#\\\/schema\\\/logo\\\/image\\\/\",\"url\":\"https:\\\/\\\/henergylab.com\\\/wp-content\\\/uploads\\\/2025\\\/07\\\/Henergylab-logo-scritta-nera-1.png\",\"contentUrl\":\"https:\\\/\\\/henergylab.com\\\/wp-content\\\/uploads\\\/2025\\\/07\\\/Henergylab-logo-scritta-nera-1.png\",\"width\":128,\"height\":128,\"caption\":\"HEN\"},\"image\":{\"@id\":\"https:\\\/\\\/henergylab.com\\\/es\\\/#\\\/schema\\\/logo\\\/image\\\/\"}}]}<\/script>\n<!-- \/ Yoast SEO plugin. -->","yoast_head_json":{"title":"Torus7 coil Quartz - HEN","description":"Dispositivo Torus7 con bobina de cuarzo, PEMF y ondas escalares para conectar directamente a tu smartphone o reproductor MP3 y llevarlo contigo a donde quieras.","robots":{"index":"index","follow":"follow","max-snippet":"max-snippet:-1","max-image-preview":"max-image-preview:large","max-video-preview":"max-video-preview:-1"},"canonical":"https:\/\/henergylab.com\/es\/producto\/torus7-coil-quartz\/","og_locale":"es_ES","og_type":"article","og_title":"Torus7 coil Quartz - HEN","og_description":"Dispositivo Torus7 con bobina de cuarzo, PEMF y ondas escalares para conectar directamente a tu smartphone o reproductor MP3 y llevarlo contigo a donde quieras.","og_url":"https:\/\/henergylab.com\/es\/producto\/torus7-coil-quartz\/","og_site_name":"HEN","article_modified_time":"2025-11-02T01:15:55+00:00","og_image":[{"width":1818,"height":1818,"url":"https:\/\/henergylab.com\/wp-content\/uploads\/2025\/03\/coil7-quartz3.jpg","type":"image\/jpeg"}],"twitter_card":"summary_large_image","twitter_misc":{"Tiempo de lectura":"2 minutos"},"schema":{"@context":"https:\/\/schema.org","@graph":[{"@type":"WebPage","@id":"https:\/\/henergylab.com\/es\/producto\/torus7-coil-quartz\/","url":"https:\/\/henergylab.com\/es\/producto\/torus7-coil-quartz\/","name":"Torus7 coil Quartz - HEN","isPartOf":{"@id":"https:\/\/henergylab.com\/es\/#website"},"primaryImageOfPage":{"@id":"https:\/\/henergylab.com\/es\/producto\/torus7-coil-quartz\/#primaryimage"},"image":{"@id":"https:\/\/henergylab.com\/es\/producto\/torus7-coil-quartz\/#primaryimage"},"thumbnailUrl":"https:\/\/henergylab.com\/wp-content\/uploads\/2025\/03\/coil7-quartz3.jpg","datePublished":"2025-03-20T00:36:22+00:00","dateModified":"2025-11-02T01:15:55+00:00","description":"Dispositivo Torus7 con bobina de cuarzo, PEMF y ondas escalares para conectar directamente a tu smartphone o reproductor MP3 y llevarlo contigo a donde quieras.","breadcrumb":{"@id":"https:\/\/henergylab.com\/es\/producto\/torus7-coil-quartz\/#breadcrumb"},"inLanguage":"es","potentialAction":[{"@type":"ReadAction","target":["https:\/\/henergylab.com\/es\/producto\/torus7-coil-quartz\/"]}]},{"@type":"ImageObject","inLanguage":"es","@id":"https:\/\/henergylab.com\/es\/producto\/torus7-coil-quartz\/#primaryimage","url":"https:\/\/henergylab.com\/wp-content\/uploads\/2025\/03\/coil7-quartz3.jpg","contentUrl":"https:\/\/henergylab.com\/wp-content\/uploads\/2025\/03\/coil7-quartz3.jpg","width":1818,"height":1818},{"@type":"BreadcrumbList","@id":"https:\/\/henergylab.com\/es\/producto\/torus7-coil-quartz\/#breadcrumb","itemListElement":[{"@type":"ListItem","position":1,"name":"Home","item":"https:\/\/henergylab.com\/es\/"},{"@type":"ListItem","position":2,"name":"Tienda","item":"https:\/\/henergylab.com\/es\/tienda\/"},{"@type":"ListItem","position":3,"name":"Torus7 coil Quartz"}]},{"@type":"WebSite","@id":"https:\/\/henergylab.com\/es\/#website","url":"https:\/\/henergylab.com\/es\/","name":"henergylab","description":"","publisher":{"@id":"https:\/\/henergylab.com\/es\/#organization"},"potentialAction":[{"@type":"SearchAction","target":{"@type":"EntryPoint","urlTemplate":"https:\/\/henergylab.com\/es\/?s={search_term_string}"},"query-input":{"@type":"PropertyValueSpecification","valueRequired":true,"valueName":"search_term_string"}}],"inLanguage":"es"},{"@type":"Organization","@id":"https:\/\/henergylab.com\/es\/#organization","name":"HEN","url":"https:\/\/henergylab.com\/es\/","logo":{"@type":"ImageObject","inLanguage":"es","@id":"https:\/\/henergylab.com\/es\/#\/schema\/logo\/image\/","url":"https:\/\/henergylab.com\/wp-content\/uploads\/2025\/07\/Henergylab-logo-scritta-nera-1.png","contentUrl":"https:\/\/henergylab.com\/wp-content\/uploads\/2025\/07\/Henergylab-logo-scritta-nera-1.png","width":128,"height":128,"caption":"HEN"},"image":{"@id":"https:\/\/henergylab.com\/es\/#\/schema\/logo\/image\/"}}]}},"_links":{"self":[{"href":"https:\/\/henergylab.com\/es\/wp-json\/wp\/v2\/product\/4267","targetHints":{"allow":["GET"]}}],"collection":[{"href":"https:\/\/henergylab.com\/es\/wp-json\/wp\/v2\/product"}],"about":[{"href":"https:\/\/henergylab.com\/es\/wp-json\/wp\/v2\/types\/product"}],"replies":[{"embeddable":true,"href":"https:\/\/henergylab.com\/es\/wp-json\/wp\/v2\/comments?post=4267"}],"wp:featuredmedia":[{"embeddable":true,"href":"https:\/\/henergylab.com\/es\/wp-json\/wp\/v2\/media\/4269"}],"wp:attachment":[{"href":"https:\/\/henergylab.com\/es\/wp-json\/wp\/v2\/media?parent=4267"}],"wp:term":[{"taxonomy":"product_brand","embeddable":true,"href":"https:\/\/henergylab.com\/es\/wp-json\/wp\/v2\/product_brand?post=4267"},{"taxonomy":"product_cat","embeddable":true,"href":"https:\/\/henergylab.com\/es\/wp-json\/wp\/v2\/product_cat?post=4267"},{"taxonomy":"product_tag","embeddable":true,"href":"https:\/\/henergylab.com\/es\/wp-json\/wp\/v2\/product_tag?post=4267"}],"curies":[{"name":"wp","href":"https:\/\/api.w.org\/{rel}","templated":true}]}}