{"id":4285,"date":"2025-03-20T01:34:32","date_gmt":"2025-03-20T01:34:32","guid":{"rendered":"https:\/\/henergylab.com\/product\/4285\/"},"modified":"2025-11-02T01:16:48","modified_gmt":"2025-11-02T01:16:48","slug":"4285","status":"publish","type":"product","link":"https:\/\/henergylab.com\/es\/producto\/4285\/","title":{"rendered":"HenCoil 1 Quartz"},"content":{"rendered":"<h3 data-start=\"116\" data-end=\"186\"><strong data-start=\"120\" data-end=\"186\">HenCoil 1 Quartz \u2013 Bobina de ondas escalares para terapia PEMF<\/strong><\/h3>\n<hr data-start=\"188\" data-end=\"191\" \/>\n<p data-start=\"193\" data-end=\"454\"><strong data-start=\"193\" data-end=\"213\">HenCoil 1 Quartz<\/strong> es una <strong data-start=\"221\" data-end=\"236\">bobina PEMF<\/strong> dise\u00f1ada seg\u00fan los principios de la <strong data-start=\"273\" data-end=\"308\">matem\u00e1tica basada en el v\u00f3rtice<\/strong>. Su particular enrollado, inspirado en la forma de nuestro Universo, permite la creaci\u00f3n de <strong data-start=\"401\" data-end=\"420\">ondas escalares<\/strong> o <strong data-start=\"423\" data-end=\"453\">campos energ\u00e9ticos sutiles<\/strong>.<\/p>\n<p data-start=\"456\" data-end=\"685\">El <strong data-start=\"459\" data-end=\"478\">campo magn\u00e9tico<\/strong> generado se integra con el <strong data-start=\"506\" data-end=\"521\">campo sutil<\/strong> acumulado por el toroide gracias a los <strong data-start=\"561\" data-end=\"596\">cristales de amatista presentes<\/strong>, mejorando la capacidad del dispositivo para <strong data-start=\"642\" data-end=\"684\">transmitir y canalizar las frecuencias<\/strong>.<\/p>\n<p data-start=\"687\" data-end=\"879\">El <strong data-start=\"690\" data-end=\"700\">cuarzo<\/strong> proporciona <strong data-start=\"713\" data-end=\"752\">protecci\u00f3n contra las negatividades<\/strong> y <strong data-start=\"755\" data-end=\"775\">refuerza el aura<\/strong>, facilita la <strong data-start=\"789\" data-end=\"812\">centraci\u00f3n interior<\/strong> y resuena con el <strong data-start=\"830\" data-end=\"855\">chakra del tercer ojo<\/strong> y el <strong data-start=\"861\" data-end=\"878\">chakra corona<\/strong>.<\/p>\n<hr data-start=\"881\" data-end=\"884\" \/>\n<h3 data-start=\"886\" data-end=\"913\"><strong data-start=\"890\" data-end=\"913\">Sinergia Energ\u00e9tica<\/strong><\/h3>\n<p data-start=\"915\" data-end=\"1266\">Esta sinergia entre el <strong data-start=\"938\" data-end=\"957\">campo magn\u00e9tico<\/strong> y el <strong data-start=\"963\" data-end=\"978\">campo sutil<\/strong> permite <strong data-start=\"987\" data-end=\"1038\">canalizar frecuencias m\u00e1s all\u00e1 del plano f\u00edsico<\/strong>, a nivel del <strong data-start=\"1052\" data-end=\"1070\">cuerpo et\u00e9rico<\/strong>.<br data-start=\"1071\" data-end=\"1074\" \/>Este campo energ\u00e9tico <strong data-start=\"1096\" data-end=\"1136\">interact\u00faa con las din\u00e1micas vitales<\/strong>, estimulando los <strong data-start=\"1154\" data-end=\"1184\">campos energ\u00e9ticos sutiles<\/strong> del cuerpo humano, la <strong data-start=\"1207\" data-end=\"1228\">actividad celular<\/strong> y mejorando el <strong data-start=\"1244\" data-end=\"1265\">bienestar general<\/strong>.<\/p>\n<hr data-start=\"1268\" data-end=\"1271\" \/>\n<h3 data-start=\"1273\" data-end=\"1291\"><strong data-start=\"1277\" data-end=\"1291\">Beneficios<\/strong><\/h3>\n<p data-start=\"1293\" data-end=\"1423\">Los beneficios de la <strong data-start=\"1314\" data-end=\"1330\">terapia Rife<\/strong> o del <strong data-start=\"1337\" data-end=\"1345\">PEMF<\/strong>, cuando se aplican mediante <strong data-start=\"1374\" data-end=\"1402\">campos electromagn\u00e9ticos<\/strong>, son bien conocidos:<\/p>\n<ul data-start=\"1425\" data-end=\"2075\">\n<li data-start=\"1425\" data-end=\"1508\">\n<p data-start=\"1427\" data-end=\"1508\"><strong data-start=\"1427\" data-end=\"1452\">Estimulaci\u00f3n Celular:<\/strong> Mejora la salud celular y la regeneraci\u00f3n de tejidos.<\/p>\n<\/li>\n<li data-start=\"1509\" data-end=\"1580\">\n<p data-start=\"1511\" data-end=\"1580\"><strong data-start=\"1511\" data-end=\"1535\">Mejora Circulatoria:<\/strong> Favorece una circulaci\u00f3n sangu\u00ednea \u00f3ptima.<\/p>\n<\/li>\n<li data-start=\"1581\" data-end=\"1673\">\n<p data-start=\"1583\" data-end=\"1673\"><strong data-start=\"1583\" data-end=\"1617\">Relajaci\u00f3n y Alivio del Dolor:<\/strong> Reduce tensiones musculares y promueve la relajaci\u00f3n.<\/p>\n<\/li>\n<li data-start=\"1674\" data-end=\"1820\">\n<p data-start=\"1676\" data-end=\"1820\"><strong data-start=\"1676\" data-end=\"1698\">Bienestar General:<\/strong> Promueve el equilibrio energ\u00e9tico y el bienestar psicof\u00edsico mediante la interacci\u00f3n con los campos sutiles del cuerpo.<\/p>\n<\/li>\n<li data-start=\"1821\" data-end=\"2075\">\n<p data-start=\"1823\" data-end=\"2075\"><strong data-start=\"1823\" data-end=\"1852\">Eliminaci\u00f3n de Pat\u00f3genos:<\/strong> El uso de <strong data-start=\"1863\" data-end=\"1890\">frecuencias espec\u00edficas<\/strong>, resultado de d\u00e9cadas de investigaci\u00f3n y experimentaci\u00f3n, permite la <strong data-start=\"1960\" data-end=\"2023\">eliminaci\u00f3n selectiva de virus, bacterias y otros pat\u00f3genos<\/strong> mediante <strong data-start=\"2033\" data-end=\"2074\">resonancia de ondas electromagn\u00e9ticas<\/strong>.<\/p>\n<\/li>\n<\/ul>\n<hr data-start=\"2077\" data-end=\"2080\" \/>\n<h3 data-start=\"2082\" data-end=\"2110\"><strong data-start=\"2086\" data-end=\"2110\">Uso y Compatibilidad<\/strong><\/h3>\n<p data-start=\"2112\" data-end=\"2462\"><strong data-start=\"2112\" data-end=\"2132\">HenCoil 1 Quartz<\/strong> est\u00e1 dise\u00f1ada principalmente para <strong data-start=\"2167\" data-end=\"2209\">generadores de frecuencia tipo Spooky2<\/strong>, aprovechando al m\u00e1ximo las funcionalidades de <strong data-start=\"2257\" data-end=\"2272\">Spooky Coil<\/strong>.<br data-start=\"2273\" data-end=\"2276\" \/>Como alternativa, tambi\u00e9n se puede utilizar con <strong data-start=\"2324\" data-end=\"2345\">sistemas de audio<\/strong>, como amplificadores para smartphone, reproduciendo las distintas frecuencias mediante las aplicaciones disponibles.<\/p>\n<p data-start=\"2464\" data-end=\"2578\">Debido a su <strong data-start=\"2476\" data-end=\"2495\">tama\u00f1o compacto<\/strong>, <strong data-start=\"2497\" data-end=\"2517\">HenCoil 1 Quartz<\/strong> permite un uso pr\u00e1ctico en <strong data-start=\"2545\" data-end=\"2577\">diferentes partes del cuerpo<\/strong>.<\/p>\n<ul data-start=\"2580\" data-end=\"2615\">\n<li data-start=\"2580\" data-end=\"2615\">\n<p data-start=\"2582\" data-end=\"2615\"><strong data-start=\"2582\" data-end=\"2608\">Di\u00e1metro de la bobina:<\/strong> 13 cm.<\/p>\n<\/li>\n<\/ul>\n","protected":false},"excerpt":{"rendered":"<p>Bobina toroidal PEMF, dise\u00f1ada para su uso pr\u00e1ctico en diversas partes del cuerpo<\/p>\n","protected":false},"featured_media":4286,"comment_status":"open","ping_status":"closed","template":"","meta":{"ocean_post_layout":"","ocean_both_sidebars_style":"","ocean_both_sidebars_content_width":0,"ocean_both_sidebars_sidebars_width":0,"ocean_sidebar":"0","ocean_second_sidebar":"0","ocean_disable_margins":"enable","ocean_add_body_class":"","ocean_shortcode_before_top_bar":"","ocean_shortcode_after_top_bar":"","ocean_shortcode_before_header":"","ocean_shortcode_after_header":"","ocean_has_shortcode":"","ocean_shortcode_after_title":"","ocean_shortcode_before_footer_widgets":"","ocean_shortcode_after_footer_widgets":"","ocean_shortcode_before_footer_bottom":"","ocean_shortcode_after_footer_bottom":"","ocean_display_top_bar":"default","ocean_display_header":"default","ocean_header_style":"","ocean_center_header_left_menu":"0","ocean_custom_header_template":"0","ocean_custom_logo":0,"ocean_custom_retina_logo":0,"ocean_custom_logo_max_width":0,"ocean_custom_logo_tablet_max_width":0,"ocean_custom_logo_mobile_max_width":0,"ocean_custom_logo_max_height":0,"ocean_custom_logo_tablet_max_height":0,"ocean_custom_logo_mobile_max_height":0,"ocean_header_custom_menu":"0","ocean_menu_typo_font_family":"0","ocean_menu_typo_font_subset":"","ocean_menu_typo_font_size":0,"ocean_menu_typo_font_size_tablet":0,"ocean_menu_typo_font_size_mobile":0,"ocean_menu_typo_font_size_unit":"px","ocean_menu_typo_font_weight":"","ocean_menu_typo_font_weight_tablet":"","ocean_menu_typo_font_weight_mobile":"","ocean_menu_typo_transform":"","ocean_menu_typo_transform_tablet":"","ocean_menu_typo_transform_mobile":"","ocean_menu_typo_line_height":0,"ocean_menu_typo_line_height_tablet":0,"ocean_menu_typo_line_height_mobile":0,"ocean_menu_typo_line_height_unit":"","ocean_menu_typo_spacing":0,"ocean_menu_typo_spacing_tablet":0,"ocean_menu_typo_spacing_mobile":0,"ocean_menu_typo_spacing_unit":"","ocean_menu_link_color":"","ocean_menu_link_color_hover":"","ocean_menu_link_color_active":"","ocean_menu_link_background":"","ocean_menu_link_hover_background":"","ocean_menu_link_active_background":"","ocean_menu_social_links_bg":"","ocean_menu_social_hover_links_bg":"","ocean_menu_social_links_color":"","ocean_menu_social_hover_links_color":"","ocean_disable_title":"default","ocean_disable_heading":"default","ocean_post_title":"","ocean_post_subheading":"","ocean_post_title_style":"","ocean_post_title_background_color":"","ocean_post_title_background":0,"ocean_post_title_bg_image_position":"","ocean_post_title_bg_image_attachment":"","ocean_post_title_bg_image_repeat":"","ocean_post_title_bg_image_size":"","ocean_post_title_height":0,"ocean_post_title_bg_overlay":0.5,"ocean_post_title_bg_overlay_color":"","ocean_disable_breadcrumbs":"default","ocean_breadcrumbs_color":"","ocean_breadcrumbs_separator_color":"","ocean_breadcrumbs_links_color":"","ocean_breadcrumbs_links_hover_color":"","ocean_display_footer_widgets":"default","ocean_display_footer_bottom":"default","ocean_custom_footer_template":"0","_glsr_average":0,"_glsr_ranking":0,"_glsr_reviews":0},"product_brand":[],"product_cat":[109],"product_tag":[],"class_list":{"0":"post-4285","1":"product","2":"type-product","3":"status-publish","4":"has-post-thumbnail","6":"product_cat-hencoils","8":"entry","9":"has-media","11":"first","12":"instock","13":"taxable","14":"shipping-taxable","15":"purchasable","16":"product-type-simple","17":"add-to-wishlist-after_add_to_cart","18":"has-product-nav","19":"col","20":"span_1_of_3","21":"owp-content-center","22":"owp-thumbs-layout-vertical","23":"owp-btn-normal","24":"owp-tabs-layout-horizontal"},"yoast_head":"<!-- This site is optimized with the Yoast SEO plugin v27.4 - https:\/\/yoast.com\/product\/yoast-seo-wordpress\/ -->\n<title>HenCoil 1 Quartz - HEN<\/title>\n<meta name=\"description\" content=\"HenCoil 1 Quartz, ondas electromagn\u00e9ticas combinadas con campos energ\u00e9ticos sutiles, terapia PEMF y ondas escalares con frecuencias beneficiosas a su disposici\u00f3n.\" \/>\n<meta name=\"robots\" content=\"index, follow, max-snippet:-1, max-image-preview:large, max-video-preview:-1\" \/>\n<link rel=\"canonical\" href=\"https:\/\/henergylab.com\/es\/producto\/4285\/\" \/>\n<meta property=\"og:locale\" content=\"es_ES\" \/>\n<meta property=\"og:type\" content=\"article\" \/>\n<meta property=\"og:title\" content=\"HenCoil 1 Quartz - HEN\" \/>\n<meta property=\"og:description\" content=\"HenCoil 1 Quartz, ondas electromagn\u00e9ticas combinadas con campos energ\u00e9ticos sutiles, terapia PEMF y ondas escalares con frecuencias beneficiosas a su disposici\u00f3n.\" \/>\n<meta property=\"og:url\" content=\"https:\/\/henergylab.com\/es\/producto\/4285\/\" \/>\n<meta property=\"og:site_name\" content=\"HEN\" \/>\n<meta property=\"article:modified_time\" content=\"2025-11-02T01:16:48+00:00\" \/>\n<meta property=\"og:image\" content=\"https:\/\/henergylab.com\/wp-content\/uploads\/2025\/03\/Coil-12-quartz-1-1024x1024.jpg\" \/>\n\t<meta property=\"og:image:width\" content=\"1024\" \/>\n\t<meta property=\"og:image:height\" content=\"1024\" \/>\n\t<meta property=\"og:image:type\" content=\"image\/jpeg\" \/>\n<meta name=\"twitter:card\" content=\"summary_large_image\" \/>\n<meta name=\"twitter:label1\" content=\"Tiempo de lectura\" \/>\n\t<meta name=\"twitter:data1\" content=\"2 minutos\" \/>\n<script type=\"application\/ld+json\" class=\"yoast-schema-graph\">{\"@context\":\"https:\\\/\\\/schema.org\",\"@graph\":[{\"@type\":\"WebPage\",\"@id\":\"https:\\\/\\\/henergylab.com\\\/es\\\/producto\\\/4285\\\/\",\"url\":\"https:\\\/\\\/henergylab.com\\\/es\\\/producto\\\/4285\\\/\",\"name\":\"HenCoil 1 Quartz - HEN\",\"isPartOf\":{\"@id\":\"https:\\\/\\\/henergylab.com\\\/es\\\/#website\"},\"primaryImageOfPage\":{\"@id\":\"https:\\\/\\\/henergylab.com\\\/es\\\/producto\\\/4285\\\/#primaryimage\"},\"image\":{\"@id\":\"https:\\\/\\\/henergylab.com\\\/es\\\/producto\\\/4285\\\/#primaryimage\"},\"thumbnailUrl\":\"https:\\\/\\\/henergylab.com\\\/wp-content\\\/uploads\\\/2025\\\/03\\\/Coil-12-quartz-1.jpg\",\"datePublished\":\"2025-03-20T01:34:32+00:00\",\"dateModified\":\"2025-11-02T01:16:48+00:00\",\"description\":\"HenCoil 1 Quartz, ondas electromagn\u00e9ticas combinadas con campos energ\u00e9ticos sutiles, terapia PEMF y ondas escalares con frecuencias beneficiosas a su disposici\u00f3n.\",\"breadcrumb\":{\"@id\":\"https:\\\/\\\/henergylab.com\\\/es\\\/producto\\\/4285\\\/#breadcrumb\"},\"inLanguage\":\"es\",\"potentialAction\":[{\"@type\":\"ReadAction\",\"target\":[\"https:\\\/\\\/henergylab.com\\\/es\\\/producto\\\/4285\\\/\"]}]},{\"@type\":\"ImageObject\",\"inLanguage\":\"es\",\"@id\":\"https:\\\/\\\/henergylab.com\\\/es\\\/producto\\\/4285\\\/#primaryimage\",\"url\":\"https:\\\/\\\/henergylab.com\\\/wp-content\\\/uploads\\\/2025\\\/03\\\/Coil-12-quartz-1.jpg\",\"contentUrl\":\"https:\\\/\\\/henergylab.com\\\/wp-content\\\/uploads\\\/2025\\\/03\\\/Coil-12-quartz-1.jpg\",\"width\":1964,\"height\":1964,\"caption\":\"Terapia escalar HENcoil Rife\"},{\"@type\":\"BreadcrumbList\",\"@id\":\"https:\\\/\\\/henergylab.com\\\/es\\\/producto\\\/4285\\\/#breadcrumb\",\"itemListElement\":[{\"@type\":\"ListItem\",\"position\":1,\"name\":\"Home\",\"item\":\"https:\\\/\\\/henergylab.com\\\/es\\\/\"},{\"@type\":\"ListItem\",\"position\":2,\"name\":\"Tienda\",\"item\":\"https:\\\/\\\/henergylab.com\\\/es\\\/tienda\\\/\"},{\"@type\":\"ListItem\",\"position\":3,\"name\":\"HenCoil 1 Quartz\"}]},{\"@type\":\"WebSite\",\"@id\":\"https:\\\/\\\/henergylab.com\\\/es\\\/#website\",\"url\":\"https:\\\/\\\/henergylab.com\\\/es\\\/\",\"name\":\"henergylab\",\"description\":\"\",\"publisher\":{\"@id\":\"https:\\\/\\\/henergylab.com\\\/es\\\/#organization\"},\"potentialAction\":[{\"@type\":\"SearchAction\",\"target\":{\"@type\":\"EntryPoint\",\"urlTemplate\":\"https:\\\/\\\/henergylab.com\\\/es\\\/?s={search_term_string}\"},\"query-input\":{\"@type\":\"PropertyValueSpecification\",\"valueRequired\":true,\"valueName\":\"search_term_string\"}}],\"inLanguage\":\"es\"},{\"@type\":\"Organization\",\"@id\":\"https:\\\/\\\/henergylab.com\\\/es\\\/#organization\",\"name\":\"HEN\",\"url\":\"https:\\\/\\\/henergylab.com\\\/es\\\/\",\"logo\":{\"@type\":\"ImageObject\",\"inLanguage\":\"es\",\"@id\":\"https:\\\/\\\/henergylab.com\\\/es\\\/#\\\/schema\\\/logo\\\/image\\\/\",\"url\":\"https:\\\/\\\/henergylab.com\\\/wp-content\\\/uploads\\\/2025\\\/07\\\/Henergylab-logo-scritta-nera-1.png\",\"contentUrl\":\"https:\\\/\\\/henergylab.com\\\/wp-content\\\/uploads\\\/2025\\\/07\\\/Henergylab-logo-scritta-nera-1.png\",\"width\":128,\"height\":128,\"caption\":\"HEN\"},\"image\":{\"@id\":\"https:\\\/\\\/henergylab.com\\\/es\\\/#\\\/schema\\\/logo\\\/image\\\/\"}}]}<\/script>\n<!-- \/ Yoast SEO plugin. -->","yoast_head_json":{"title":"HenCoil 1 Quartz - HEN","description":"HenCoil 1 Quartz, ondas electromagn\u00e9ticas combinadas con campos energ\u00e9ticos sutiles, terapia PEMF y ondas escalares con frecuencias beneficiosas a su disposici\u00f3n.","robots":{"index":"index","follow":"follow","max-snippet":"max-snippet:-1","max-image-preview":"max-image-preview:large","max-video-preview":"max-video-preview:-1"},"canonical":"https:\/\/henergylab.com\/es\/producto\/4285\/","og_locale":"es_ES","og_type":"article","og_title":"HenCoil 1 Quartz - HEN","og_description":"HenCoil 1 Quartz, ondas electromagn\u00e9ticas combinadas con campos energ\u00e9ticos sutiles, terapia PEMF y ondas escalares con frecuencias beneficiosas a su disposici\u00f3n.","og_url":"https:\/\/henergylab.com\/es\/producto\/4285\/","og_site_name":"HEN","article_modified_time":"2025-11-02T01:16:48+00:00","og_image":[{"width":1024,"height":1024,"url":"https:\/\/henergylab.com\/wp-content\/uploads\/2025\/03\/Coil-12-quartz-1-1024x1024.jpg","type":"image\/jpeg"}],"twitter_card":"summary_large_image","twitter_misc":{"Tiempo de lectura":"2 minutos"},"schema":{"@context":"https:\/\/schema.org","@graph":[{"@type":"WebPage","@id":"https:\/\/henergylab.com\/es\/producto\/4285\/","url":"https:\/\/henergylab.com\/es\/producto\/4285\/","name":"HenCoil 1 Quartz - HEN","isPartOf":{"@id":"https:\/\/henergylab.com\/es\/#website"},"primaryImageOfPage":{"@id":"https:\/\/henergylab.com\/es\/producto\/4285\/#primaryimage"},"image":{"@id":"https:\/\/henergylab.com\/es\/producto\/4285\/#primaryimage"},"thumbnailUrl":"https:\/\/henergylab.com\/wp-content\/uploads\/2025\/03\/Coil-12-quartz-1.jpg","datePublished":"2025-03-20T01:34:32+00:00","dateModified":"2025-11-02T01:16:48+00:00","description":"HenCoil 1 Quartz, ondas electromagn\u00e9ticas combinadas con campos energ\u00e9ticos sutiles, terapia PEMF y ondas escalares con frecuencias beneficiosas a su disposici\u00f3n.","breadcrumb":{"@id":"https:\/\/henergylab.com\/es\/producto\/4285\/#breadcrumb"},"inLanguage":"es","potentialAction":[{"@type":"ReadAction","target":["https:\/\/henergylab.com\/es\/producto\/4285\/"]}]},{"@type":"ImageObject","inLanguage":"es","@id":"https:\/\/henergylab.com\/es\/producto\/4285\/#primaryimage","url":"https:\/\/henergylab.com\/wp-content\/uploads\/2025\/03\/Coil-12-quartz-1.jpg","contentUrl":"https:\/\/henergylab.com\/wp-content\/uploads\/2025\/03\/Coil-12-quartz-1.jpg","width":1964,"height":1964,"caption":"Terapia escalar HENcoil Rife"},{"@type":"BreadcrumbList","@id":"https:\/\/henergylab.com\/es\/producto\/4285\/#breadcrumb","itemListElement":[{"@type":"ListItem","position":1,"name":"Home","item":"https:\/\/henergylab.com\/es\/"},{"@type":"ListItem","position":2,"name":"Tienda","item":"https:\/\/henergylab.com\/es\/tienda\/"},{"@type":"ListItem","position":3,"name":"HenCoil 1 Quartz"}]},{"@type":"WebSite","@id":"https:\/\/henergylab.com\/es\/#website","url":"https:\/\/henergylab.com\/es\/","name":"henergylab","description":"","publisher":{"@id":"https:\/\/henergylab.com\/es\/#organization"},"potentialAction":[{"@type":"SearchAction","target":{"@type":"EntryPoint","urlTemplate":"https:\/\/henergylab.com\/es\/?s={search_term_string}"},"query-input":{"@type":"PropertyValueSpecification","valueRequired":true,"valueName":"search_term_string"}}],"inLanguage":"es"},{"@type":"Organization","@id":"https:\/\/henergylab.com\/es\/#organization","name":"HEN","url":"https:\/\/henergylab.com\/es\/","logo":{"@type":"ImageObject","inLanguage":"es","@id":"https:\/\/henergylab.com\/es\/#\/schema\/logo\/image\/","url":"https:\/\/henergylab.com\/wp-content\/uploads\/2025\/07\/Henergylab-logo-scritta-nera-1.png","contentUrl":"https:\/\/henergylab.com\/wp-content\/uploads\/2025\/07\/Henergylab-logo-scritta-nera-1.png","width":128,"height":128,"caption":"HEN"},"image":{"@id":"https:\/\/henergylab.com\/es\/#\/schema\/logo\/image\/"}}]}},"_links":{"self":[{"href":"https:\/\/henergylab.com\/es\/wp-json\/wp\/v2\/product\/4285","targetHints":{"allow":["GET"]}}],"collection":[{"href":"https:\/\/henergylab.com\/es\/wp-json\/wp\/v2\/product"}],"about":[{"href":"https:\/\/henergylab.com\/es\/wp-json\/wp\/v2\/types\/product"}],"replies":[{"embeddable":true,"href":"https:\/\/henergylab.com\/es\/wp-json\/wp\/v2\/comments?post=4285"}],"wp:featuredmedia":[{"embeddable":true,"href":"https:\/\/henergylab.com\/es\/wp-json\/wp\/v2\/media\/4286"}],"wp:attachment":[{"href":"https:\/\/henergylab.com\/es\/wp-json\/wp\/v2\/media?parent=4285"}],"wp:term":[{"taxonomy":"product_brand","embeddable":true,"href":"https:\/\/henergylab.com\/es\/wp-json\/wp\/v2\/product_brand?post=4285"},{"taxonomy":"product_cat","embeddable":true,"href":"https:\/\/henergylab.com\/es\/wp-json\/wp\/v2\/product_cat?post=4285"},{"taxonomy":"product_tag","embeddable":true,"href":"https:\/\/henergylab.com\/es\/wp-json\/wp\/v2\/product_tag?post=4285"}],"curies":[{"name":"wp","href":"https:\/\/api.w.org\/{rel}","templated":true}]}}