{"id":4297,"date":"2025-03-20T01:38:27","date_gmt":"2025-03-20T01:38:27","guid":{"rendered":"https:\/\/henergylab.com\/product\/4297\/"},"modified":"2025-11-02T16:30:22","modified_gmt":"2025-11-02T16:30:22","slug":"4297","status":"publish","type":"product","link":"https:\/\/henergylab.com\/es\/producto\/4297\/","title":{"rendered":"HenCoil 1"},"content":{"rendered":"<h3 data-start=\"118\" data-end=\"188\"><strong data-start=\"122\" data-end=\"188\">HenCoil 1 Quartz \u2013 Bobina de ondas escalares para terapia PEMF<\/strong><\/h3>\n<hr data-start=\"190\" data-end=\"193\" \/>\n<p data-start=\"195\" data-end=\"456\"><strong data-start=\"195\" data-end=\"215\">HenCoil 1 Quartz<\/strong> es una <strong data-start=\"223\" data-end=\"238\">bobina PEMF<\/strong> dise\u00f1ada seg\u00fan los principios de la <strong data-start=\"275\" data-end=\"310\">matem\u00e1tica basada en el v\u00f3rtice<\/strong>. Su particular enrollado, inspirado en la forma de nuestro Universo, permite la creaci\u00f3n de <strong data-start=\"403\" data-end=\"422\">ondas escalares<\/strong> o <strong data-start=\"425\" data-end=\"455\">campos energ\u00e9ticos sutiles<\/strong>.<\/p>\n<p data-start=\"458\" data-end=\"683\">El <strong data-start=\"461\" data-end=\"480\">campo magn\u00e9tico<\/strong> generado se integra con el <strong data-start=\"508\" data-end=\"523\">campo sutil<\/strong> acumulado por el toroide gracias a los <strong data-start=\"563\" data-end=\"598\">cristales de amatista presentes<\/strong>, mejorando la capacidad del dispositivo para <strong data-start=\"644\" data-end=\"682\">transmitir y canalizar frecuencias<\/strong>.<\/p>\n<p data-start=\"685\" data-end=\"882\">El <strong data-start=\"688\" data-end=\"698\">cuarzo<\/strong> proporciona <strong data-start=\"711\" data-end=\"755\">protecci\u00f3n contra las energ\u00edas negativas<\/strong> y <strong data-start=\"758\" data-end=\"778\">refuerza el aura<\/strong>, facilita la <strong data-start=\"792\" data-end=\"815\">centraci\u00f3n interior<\/strong> y resuena con el <strong data-start=\"833\" data-end=\"858\">chakra del tercer ojo<\/strong> y el <strong data-start=\"864\" data-end=\"881\">chakra corona<\/strong>.<\/p>\n<hr data-start=\"884\" data-end=\"887\" \/>\n<h3 data-start=\"889\" data-end=\"916\"><strong data-start=\"893\" data-end=\"916\">Sinergia energ\u00e9tica<\/strong><\/h3>\n<p data-start=\"918\" data-end=\"1269\">Esta sinergia entre el <strong data-start=\"941\" data-end=\"960\">campo magn\u00e9tico<\/strong> y el <strong data-start=\"966\" data-end=\"981\">campo sutil<\/strong> permite <strong data-start=\"990\" data-end=\"1041\">canalizar frecuencias m\u00e1s all\u00e1 del plano f\u00edsico<\/strong>, a nivel del <strong data-start=\"1055\" data-end=\"1073\">cuerpo et\u00e9rico<\/strong>.<br data-start=\"1074\" data-end=\"1077\" \/>Este campo energ\u00e9tico <strong data-start=\"1099\" data-end=\"1139\">interact\u00faa con las din\u00e1micas vitales<\/strong>, estimulando los <strong data-start=\"1157\" data-end=\"1187\">campos energ\u00e9ticos sutiles<\/strong> del cuerpo humano, la <strong data-start=\"1210\" data-end=\"1231\">actividad celular<\/strong> y mejorando el <strong data-start=\"1247\" data-end=\"1268\">bienestar general<\/strong>.<\/p>\n<hr data-start=\"1271\" data-end=\"1274\" \/>\n<h3 data-start=\"1276\" data-end=\"1294\"><strong data-start=\"1280\" data-end=\"1294\">Beneficios<\/strong><\/h3>\n<p data-start=\"1296\" data-end=\"1426\">Los beneficios de la <strong data-start=\"1317\" data-end=\"1333\">terapia Rife<\/strong> o del <strong data-start=\"1340\" data-end=\"1348\">PEMF<\/strong>, cuando se aplican mediante <strong data-start=\"1377\" data-end=\"1405\">campos electromagn\u00e9ticos<\/strong>, son bien conocidos:<\/p>\n<ul data-start=\"1428\" data-end=\"2078\">\n<li data-start=\"1428\" data-end=\"1511\">\n<p data-start=\"1430\" data-end=\"1511\"><strong data-start=\"1430\" data-end=\"1455\">Estimulaci\u00f3n celular:<\/strong> Mejora la salud celular y la regeneraci\u00f3n de tejidos.<\/p>\n<\/li>\n<li data-start=\"1512\" data-end=\"1583\">\n<p data-start=\"1514\" data-end=\"1583\"><strong data-start=\"1514\" data-end=\"1538\">Mejora circulatoria:<\/strong> Favorece una circulaci\u00f3n sangu\u00ednea \u00f3ptima.<\/p>\n<\/li>\n<li data-start=\"1584\" data-end=\"1676\">\n<p data-start=\"1586\" data-end=\"1676\"><strong data-start=\"1586\" data-end=\"1620\">Relajaci\u00f3n y alivio del dolor:<\/strong> Reduce tensiones musculares y promueve la relajaci\u00f3n.<\/p>\n<\/li>\n<li data-start=\"1677\" data-end=\"1823\">\n<p data-start=\"1679\" data-end=\"1823\"><strong data-start=\"1679\" data-end=\"1701\">Bienestar general:<\/strong> Favorece el equilibrio energ\u00e9tico y el bienestar psicof\u00edsico mediante la interacci\u00f3n con los campos sutiles del cuerpo.<\/p>\n<\/li>\n<li data-start=\"1824\" data-end=\"2078\">\n<p data-start=\"1826\" data-end=\"2078\"><strong data-start=\"1826\" data-end=\"1855\">Eliminaci\u00f3n de pat\u00f3genos:<\/strong> El uso de <strong data-start=\"1866\" data-end=\"1893\">frecuencias espec\u00edficas<\/strong>, resultado de d\u00e9cadas de investigaci\u00f3n y experimentaci\u00f3n, permite la <strong data-start=\"1963\" data-end=\"2026\">eliminaci\u00f3n selectiva de virus, bacterias y otros pat\u00f3genos<\/strong> mediante <strong data-start=\"2036\" data-end=\"2077\">resonancia de ondas electromagn\u00e9ticas<\/strong>.<\/p>\n<\/li>\n<\/ul>\n<hr data-start=\"2080\" data-end=\"2083\" \/>\n<h3 data-start=\"2085\" data-end=\"2113\"><strong data-start=\"2089\" data-end=\"2113\">Uso y compatibilidad<\/strong><\/h3>\n<p data-start=\"2115\" data-end=\"2464\"><strong data-start=\"2115\" data-end=\"2135\">HenCoil 1 Quartz<\/strong> est\u00e1 dise\u00f1ada principalmente para <strong data-start=\"2170\" data-end=\"2212\">generadores de frecuencia tipo Spooky2<\/strong>, aprovechando al m\u00e1ximo las funcionalidades de la <strong data-start=\"2263\" data-end=\"2278\">Spooky Coil<\/strong>.<br data-start=\"2279\" data-end=\"2282\" \/>Como alternativa, tambi\u00e9n se puede usar con <strong data-start=\"2326\" data-end=\"2347\">sistemas de audio<\/strong>, como amplificadores para smartphone, reproduciendo las distintas frecuencias mediante las aplicaciones disponibles.<\/p>\n<p data-start=\"2466\" data-end=\"2581\">Gracias a su <strong data-start=\"2479\" data-end=\"2498\">tama\u00f1o compacto<\/strong>, <strong data-start=\"2500\" data-end=\"2520\">HenCoil 1 Quartz<\/strong> permite un <strong data-start=\"2532\" data-end=\"2580\">uso pr\u00e1ctico en diferentes partes del cuerpo<\/strong>.<\/p>\n<ul data-start=\"2583\" data-end=\"2617\">\n<li data-start=\"2583\" data-end=\"2617\">\n<p data-start=\"2585\" data-end=\"2617\"><strong data-start=\"2585\" data-end=\"2611\">Di\u00e1metro de la bobina:<\/strong> 13 cm<\/p>\n<\/li>\n<\/ul>\n","protected":false},"excerpt":{"rendered":"<p>Bobina toroidal PEMF, dise\u00f1ada para su uso pr\u00e1ctico en diversas partes del cuerpo<\/p>\n","protected":false},"featured_media":4298,"comment_status":"open","ping_status":"closed","template":"","meta":{"ocean_post_layout":"","ocean_both_sidebars_style":"","ocean_both_sidebars_content_width":0,"ocean_both_sidebars_sidebars_width":0,"ocean_sidebar":"0","ocean_second_sidebar":"0","ocean_disable_margins":"enable","ocean_add_body_class":"","ocean_shortcode_before_top_bar":"","ocean_shortcode_after_top_bar":"","ocean_shortcode_before_header":"","ocean_shortcode_after_header":"","ocean_has_shortcode":"","ocean_shortcode_after_title":"","ocean_shortcode_before_footer_widgets":"","ocean_shortcode_after_footer_widgets":"","ocean_shortcode_before_footer_bottom":"","ocean_shortcode_after_footer_bottom":"","ocean_display_top_bar":"default","ocean_display_header":"default","ocean_header_style":"","ocean_center_header_left_menu":"0","ocean_custom_header_template":"0","ocean_custom_logo":0,"ocean_custom_retina_logo":0,"ocean_custom_logo_max_width":0,"ocean_custom_logo_tablet_max_width":0,"ocean_custom_logo_mobile_max_width":0,"ocean_custom_logo_max_height":0,"ocean_custom_logo_tablet_max_height":0,"ocean_custom_logo_mobile_max_height":0,"ocean_header_custom_menu":"0","ocean_menu_typo_font_family":"0","ocean_menu_typo_font_subset":"","ocean_menu_typo_font_size":0,"ocean_menu_typo_font_size_tablet":0,"ocean_menu_typo_font_size_mobile":0,"ocean_menu_typo_font_size_unit":"px","ocean_menu_typo_font_weight":"","ocean_menu_typo_font_weight_tablet":"","ocean_menu_typo_font_weight_mobile":"","ocean_menu_typo_transform":"","ocean_menu_typo_transform_tablet":"","ocean_menu_typo_transform_mobile":"","ocean_menu_typo_line_height":0,"ocean_menu_typo_line_height_tablet":0,"ocean_menu_typo_line_height_mobile":0,"ocean_menu_typo_line_height_unit":"","ocean_menu_typo_spacing":0,"ocean_menu_typo_spacing_tablet":0,"ocean_menu_typo_spacing_mobile":0,"ocean_menu_typo_spacing_unit":"","ocean_menu_link_color":"","ocean_menu_link_color_hover":"","ocean_menu_link_color_active":"","ocean_menu_link_background":"","ocean_menu_link_hover_background":"","ocean_menu_link_active_background":"","ocean_menu_social_links_bg":"","ocean_menu_social_hover_links_bg":"","ocean_menu_social_links_color":"","ocean_menu_social_hover_links_color":"","ocean_disable_title":"default","ocean_disable_heading":"default","ocean_post_title":"","ocean_post_subheading":"","ocean_post_title_style":"","ocean_post_title_background_color":"","ocean_post_title_background":0,"ocean_post_title_bg_image_position":"","ocean_post_title_bg_image_attachment":"","ocean_post_title_bg_image_repeat":"","ocean_post_title_bg_image_size":"","ocean_post_title_height":0,"ocean_post_title_bg_overlay":0.5,"ocean_post_title_bg_overlay_color":"","ocean_disable_breadcrumbs":"default","ocean_breadcrumbs_color":"","ocean_breadcrumbs_separator_color":"","ocean_breadcrumbs_links_color":"","ocean_breadcrumbs_links_hover_color":"","ocean_display_footer_widgets":"default","ocean_display_footer_bottom":"default","ocean_custom_footer_template":"0","_glsr_average":0,"_glsr_ranking":0,"_glsr_reviews":0},"product_brand":[],"product_cat":[109],"product_tag":[],"class_list":{"0":"post-4297","1":"product","2":"type-product","3":"status-publish","4":"has-post-thumbnail","6":"product_cat-hencoils","8":"entry","9":"has-media","11":"first","12":"instock","13":"taxable","14":"shipping-taxable","15":"purchasable","16":"product-type-simple","17":"add-to-wishlist-after_add_to_cart","18":"has-product-nav","19":"col","20":"span_1_of_3","21":"owp-content-center","22":"owp-thumbs-layout-vertical","23":"owp-btn-normal","24":"owp-tabs-layout-horizontal"},"yoast_head":"<!-- This site is optimized with the Yoast SEO plugin v27.4 - https:\/\/yoast.com\/product\/yoast-seo-wordpress\/ -->\n<title>HenCoil 1 - HEN<\/title>\n<meta name=\"description\" content=\"HenCoil 1, bobina de onda escalar, los beneficios de las ondas electromagn\u00e9ticas combinados con campos de energ\u00eda sutiles a trav\u00e9s de la terapia Rife y PEMF.\" \/>\n<meta name=\"robots\" content=\"index, follow, max-snippet:-1, max-image-preview:large, max-video-preview:-1\" \/>\n<link rel=\"canonical\" href=\"https:\/\/henergylab.com\/es\/producto\/4297\/\" \/>\n<meta property=\"og:locale\" content=\"es_ES\" \/>\n<meta property=\"og:type\" content=\"article\" \/>\n<meta property=\"og:title\" content=\"HenCoil 1 - HEN\" \/>\n<meta property=\"og:description\" content=\"HenCoil 1, bobina de onda escalar, los beneficios de las ondas electromagn\u00e9ticas combinados con campos de energ\u00eda sutiles a trav\u00e9s de la terapia Rife y PEMF.\" \/>\n<meta property=\"og:url\" content=\"https:\/\/henergylab.com\/es\/producto\/4297\/\" \/>\n<meta property=\"og:site_name\" content=\"HEN\" \/>\n<meta property=\"article:modified_time\" content=\"2025-11-02T16:30:22+00:00\" \/>\n<meta property=\"og:image\" content=\"https:\/\/henergylab.com\/wp-content\/uploads\/2025\/03\/hen-coil1-2.jpg\" \/>\n\t<meta property=\"og:image:width\" content=\"1836\" \/>\n\t<meta property=\"og:image:height\" content=\"1836\" \/>\n\t<meta property=\"og:image:type\" content=\"image\/jpeg\" \/>\n<meta name=\"twitter:card\" content=\"summary_large_image\" \/>\n<meta name=\"twitter:label1\" content=\"Tiempo de lectura\" \/>\n\t<meta name=\"twitter:data1\" content=\"2 minutos\" \/>\n<script type=\"application\/ld+json\" class=\"yoast-schema-graph\">{\"@context\":\"https:\\\/\\\/schema.org\",\"@graph\":[{\"@type\":\"WebPage\",\"@id\":\"https:\\\/\\\/henergylab.com\\\/es\\\/producto\\\/4297\\\/\",\"url\":\"https:\\\/\\\/henergylab.com\\\/es\\\/producto\\\/4297\\\/\",\"name\":\"HenCoil 1 - HEN\",\"isPartOf\":{\"@id\":\"https:\\\/\\\/henergylab.com\\\/es\\\/#website\"},\"primaryImageOfPage\":{\"@id\":\"https:\\\/\\\/henergylab.com\\\/es\\\/producto\\\/4297\\\/#primaryimage\"},\"image\":{\"@id\":\"https:\\\/\\\/henergylab.com\\\/es\\\/producto\\\/4297\\\/#primaryimage\"},\"thumbnailUrl\":\"https:\\\/\\\/henergylab.com\\\/wp-content\\\/uploads\\\/2025\\\/03\\\/hen-coil1-2.jpg\",\"datePublished\":\"2025-03-20T01:38:27+00:00\",\"dateModified\":\"2025-11-02T16:30:22+00:00\",\"description\":\"HenCoil 1, bobina de onda escalar, los beneficios de las ondas electromagn\u00e9ticas combinados con campos de energ\u00eda sutiles a trav\u00e9s de la terapia Rife y PEMF.\",\"breadcrumb\":{\"@id\":\"https:\\\/\\\/henergylab.com\\\/es\\\/producto\\\/4297\\\/#breadcrumb\"},\"inLanguage\":\"es\",\"potentialAction\":[{\"@type\":\"ReadAction\",\"target\":[\"https:\\\/\\\/henergylab.com\\\/es\\\/producto\\\/4297\\\/\"]}]},{\"@type\":\"ImageObject\",\"inLanguage\":\"es\",\"@id\":\"https:\\\/\\\/henergylab.com\\\/es\\\/producto\\\/4297\\\/#primaryimage\",\"url\":\"https:\\\/\\\/henergylab.com\\\/wp-content\\\/uploads\\\/2025\\\/03\\\/hen-coil1-2.jpg\",\"contentUrl\":\"https:\\\/\\\/henergylab.com\\\/wp-content\\\/uploads\\\/2025\\\/03\\\/hen-coil1-2.jpg\",\"width\":1836,\"height\":1836,\"caption\":\"Ondas escalares de orgonita Hencoil2\"},{\"@type\":\"BreadcrumbList\",\"@id\":\"https:\\\/\\\/henergylab.com\\\/es\\\/producto\\\/4297\\\/#breadcrumb\",\"itemListElement\":[{\"@type\":\"ListItem\",\"position\":1,\"name\":\"Home\",\"item\":\"https:\\\/\\\/henergylab.com\\\/es\\\/\"},{\"@type\":\"ListItem\",\"position\":2,\"name\":\"Tienda\",\"item\":\"https:\\\/\\\/henergylab.com\\\/es\\\/tienda\\\/\"},{\"@type\":\"ListItem\",\"position\":3,\"name\":\"HenCoil 1\"}]},{\"@type\":\"WebSite\",\"@id\":\"https:\\\/\\\/henergylab.com\\\/es\\\/#website\",\"url\":\"https:\\\/\\\/henergylab.com\\\/es\\\/\",\"name\":\"henergylab\",\"description\":\"\",\"publisher\":{\"@id\":\"https:\\\/\\\/henergylab.com\\\/es\\\/#organization\"},\"potentialAction\":[{\"@type\":\"SearchAction\",\"target\":{\"@type\":\"EntryPoint\",\"urlTemplate\":\"https:\\\/\\\/henergylab.com\\\/es\\\/?s={search_term_string}\"},\"query-input\":{\"@type\":\"PropertyValueSpecification\",\"valueRequired\":true,\"valueName\":\"search_term_string\"}}],\"inLanguage\":\"es\"},{\"@type\":\"Organization\",\"@id\":\"https:\\\/\\\/henergylab.com\\\/es\\\/#organization\",\"name\":\"HEN\",\"url\":\"https:\\\/\\\/henergylab.com\\\/es\\\/\",\"logo\":{\"@type\":\"ImageObject\",\"inLanguage\":\"es\",\"@id\":\"https:\\\/\\\/henergylab.com\\\/es\\\/#\\\/schema\\\/logo\\\/image\\\/\",\"url\":\"https:\\\/\\\/henergylab.com\\\/wp-content\\\/uploads\\\/2025\\\/07\\\/Henergylab-logo-scritta-nera-1.png\",\"contentUrl\":\"https:\\\/\\\/henergylab.com\\\/wp-content\\\/uploads\\\/2025\\\/07\\\/Henergylab-logo-scritta-nera-1.png\",\"width\":128,\"height\":128,\"caption\":\"HEN\"},\"image\":{\"@id\":\"https:\\\/\\\/henergylab.com\\\/es\\\/#\\\/schema\\\/logo\\\/image\\\/\"}}]}<\/script>\n<!-- \/ Yoast SEO plugin. -->","yoast_head_json":{"title":"HenCoil 1 - HEN","description":"HenCoil 1, bobina de onda escalar, los beneficios de las ondas electromagn\u00e9ticas combinados con campos de energ\u00eda sutiles a trav\u00e9s de la terapia Rife y PEMF.","robots":{"index":"index","follow":"follow","max-snippet":"max-snippet:-1","max-image-preview":"max-image-preview:large","max-video-preview":"max-video-preview:-1"},"canonical":"https:\/\/henergylab.com\/es\/producto\/4297\/","og_locale":"es_ES","og_type":"article","og_title":"HenCoil 1 - HEN","og_description":"HenCoil 1, bobina de onda escalar, los beneficios de las ondas electromagn\u00e9ticas combinados con campos de energ\u00eda sutiles a trav\u00e9s de la terapia Rife y PEMF.","og_url":"https:\/\/henergylab.com\/es\/producto\/4297\/","og_site_name":"HEN","article_modified_time":"2025-11-02T16:30:22+00:00","og_image":[{"width":1836,"height":1836,"url":"https:\/\/henergylab.com\/wp-content\/uploads\/2025\/03\/hen-coil1-2.jpg","type":"image\/jpeg"}],"twitter_card":"summary_large_image","twitter_misc":{"Tiempo de lectura":"2 minutos"},"schema":{"@context":"https:\/\/schema.org","@graph":[{"@type":"WebPage","@id":"https:\/\/henergylab.com\/es\/producto\/4297\/","url":"https:\/\/henergylab.com\/es\/producto\/4297\/","name":"HenCoil 1 - HEN","isPartOf":{"@id":"https:\/\/henergylab.com\/es\/#website"},"primaryImageOfPage":{"@id":"https:\/\/henergylab.com\/es\/producto\/4297\/#primaryimage"},"image":{"@id":"https:\/\/henergylab.com\/es\/producto\/4297\/#primaryimage"},"thumbnailUrl":"https:\/\/henergylab.com\/wp-content\/uploads\/2025\/03\/hen-coil1-2.jpg","datePublished":"2025-03-20T01:38:27+00:00","dateModified":"2025-11-02T16:30:22+00:00","description":"HenCoil 1, bobina de onda escalar, los beneficios de las ondas electromagn\u00e9ticas combinados con campos de energ\u00eda sutiles a trav\u00e9s de la terapia Rife y PEMF.","breadcrumb":{"@id":"https:\/\/henergylab.com\/es\/producto\/4297\/#breadcrumb"},"inLanguage":"es","potentialAction":[{"@type":"ReadAction","target":["https:\/\/henergylab.com\/es\/producto\/4297\/"]}]},{"@type":"ImageObject","inLanguage":"es","@id":"https:\/\/henergylab.com\/es\/producto\/4297\/#primaryimage","url":"https:\/\/henergylab.com\/wp-content\/uploads\/2025\/03\/hen-coil1-2.jpg","contentUrl":"https:\/\/henergylab.com\/wp-content\/uploads\/2025\/03\/hen-coil1-2.jpg","width":1836,"height":1836,"caption":"Ondas escalares de orgonita Hencoil2"},{"@type":"BreadcrumbList","@id":"https:\/\/henergylab.com\/es\/producto\/4297\/#breadcrumb","itemListElement":[{"@type":"ListItem","position":1,"name":"Home","item":"https:\/\/henergylab.com\/es\/"},{"@type":"ListItem","position":2,"name":"Tienda","item":"https:\/\/henergylab.com\/es\/tienda\/"},{"@type":"ListItem","position":3,"name":"HenCoil 1"}]},{"@type":"WebSite","@id":"https:\/\/henergylab.com\/es\/#website","url":"https:\/\/henergylab.com\/es\/","name":"henergylab","description":"","publisher":{"@id":"https:\/\/henergylab.com\/es\/#organization"},"potentialAction":[{"@type":"SearchAction","target":{"@type":"EntryPoint","urlTemplate":"https:\/\/henergylab.com\/es\/?s={search_term_string}"},"query-input":{"@type":"PropertyValueSpecification","valueRequired":true,"valueName":"search_term_string"}}],"inLanguage":"es"},{"@type":"Organization","@id":"https:\/\/henergylab.com\/es\/#organization","name":"HEN","url":"https:\/\/henergylab.com\/es\/","logo":{"@type":"ImageObject","inLanguage":"es","@id":"https:\/\/henergylab.com\/es\/#\/schema\/logo\/image\/","url":"https:\/\/henergylab.com\/wp-content\/uploads\/2025\/07\/Henergylab-logo-scritta-nera-1.png","contentUrl":"https:\/\/henergylab.com\/wp-content\/uploads\/2025\/07\/Henergylab-logo-scritta-nera-1.png","width":128,"height":128,"caption":"HEN"},"image":{"@id":"https:\/\/henergylab.com\/es\/#\/schema\/logo\/image\/"}}]}},"_links":{"self":[{"href":"https:\/\/henergylab.com\/es\/wp-json\/wp\/v2\/product\/4297","targetHints":{"allow":["GET"]}}],"collection":[{"href":"https:\/\/henergylab.com\/es\/wp-json\/wp\/v2\/product"}],"about":[{"href":"https:\/\/henergylab.com\/es\/wp-json\/wp\/v2\/types\/product"}],"replies":[{"embeddable":true,"href":"https:\/\/henergylab.com\/es\/wp-json\/wp\/v2\/comments?post=4297"}],"wp:featuredmedia":[{"embeddable":true,"href":"https:\/\/henergylab.com\/es\/wp-json\/wp\/v2\/media\/4298"}],"wp:attachment":[{"href":"https:\/\/henergylab.com\/es\/wp-json\/wp\/v2\/media?parent=4297"}],"wp:term":[{"taxonomy":"product_brand","embeddable":true,"href":"https:\/\/henergylab.com\/es\/wp-json\/wp\/v2\/product_brand?post=4297"},{"taxonomy":"product_cat","embeddable":true,"href":"https:\/\/henergylab.com\/es\/wp-json\/wp\/v2\/product_cat?post=4297"},{"taxonomy":"product_tag","embeddable":true,"href":"https:\/\/henergylab.com\/es\/wp-json\/wp\/v2\/product_tag?post=4297"}],"curies":[{"name":"wp","href":"https:\/\/api.w.org\/{rel}","templated":true}]}}