{"id":4309,"date":"2025-04-06T00:37:26","date_gmt":"2025-04-06T00:37:26","guid":{"rendered":"https:\/\/henergylab.com\/product\/4309\/"},"modified":"2025-11-02T16:30:00","modified_gmt":"2025-11-02T16:30:00","slug":"4309","status":"publish","type":"product","link":"https:\/\/henergylab.com\/es\/producto\/4309\/","title":{"rendered":"HEN Coil 3 Quartz"},"content":{"rendered":"<h3 data-start=\"101\" data-end=\"202\"><strong data-start=\"105\" data-end=\"202\">HEN Coil 3 Quartz \u2013 Bobina PEMF en V\u00f3rtice, Bienestar Energ\u00e9tico mediante Frecuencias Sutiles<\/strong><\/h3>\n<hr data-start=\"204\" data-end=\"207\" \/>\n<p data-start=\"209\" data-end=\"241\"><strong data-start=\"209\" data-end=\"241\">Caracter\u00edsticas principales:<\/strong><\/p>\n<ul data-start=\"243\" data-end=\"605\">\n<li data-start=\"243\" data-end=\"300\">\n<p data-start=\"245\" data-end=\"300\"><strong data-start=\"245\" data-end=\"269\">Bobina PEMF Toroidal<\/strong> con dos canales, entrada BNC<\/p>\n<\/li>\n<li data-start=\"301\" data-end=\"376\">\n<p data-start=\"303\" data-end=\"376\"><strong data-start=\"303\" data-end=\"324\">Dise\u00f1o en v\u00f3rtice<\/strong> para ondas escalares y campos energ\u00e9ticos sutiles<\/p>\n<\/li>\n<li data-start=\"377\" data-end=\"440\">\n<p data-start=\"379\" data-end=\"440\"><strong data-start=\"379\" data-end=\"424\">Compatible con generadores de frecuencias<\/strong> (ej. Spooky2)<\/p>\n<\/li>\n<li data-start=\"441\" data-end=\"514\">\n<p data-start=\"443\" data-end=\"514\"><strong data-start=\"443\" data-end=\"456\">Di\u00e1metro:<\/strong> 26 cm \u2013 <strong data-start=\"465\" data-end=\"474\">Peso:<\/strong> 6 kg \u2013 <strong data-start=\"482\" data-end=\"498\">Resistencia:<\/strong> ~23 ohm\/canal<\/p>\n<\/li>\n<li data-start=\"515\" data-end=\"605\">\n<p data-start=\"517\" data-end=\"605\">Funciona tambi\u00e9n con <strong data-start=\"538\" data-end=\"581\">amplificadores de audio de al menos 50W<\/strong> (v\u00eda Bluetooth o aux)<\/p>\n<\/li>\n<\/ul>\n<hr data-start=\"607\" data-end=\"610\" \/>\n<h3 data-start=\"612\" data-end=\"631\"><strong data-start=\"616\" data-end=\"631\">Descripci\u00f3n<\/strong><\/h3>\n<p data-start=\"633\" data-end=\"1062\"><strong data-start=\"633\" data-end=\"647\">HEN Coil 3<\/strong> es una <strong data-start=\"655\" data-end=\"670\">bobina PEMF<\/strong> (Campo Electromagn\u00e9tico Pulsado) dise\u00f1ada seg\u00fan los principios de la <strong data-start=\"740\" data-end=\"766\">matem\u00e1tica del v\u00f3rtice<\/strong>, una geometr\u00eda que refleja la estructura misma del universo. Gracias a este particular <strong data-start=\"854\" data-end=\"880\">enrollamiento toroidal<\/strong>, es capaz de generar <strong data-start=\"902\" data-end=\"921\">ondas escalares<\/strong> y <strong data-start=\"924\" data-end=\"954\">campos energ\u00e9ticos sutiles<\/strong>, capaces de interactuar con los niveles m\u00e1s profundos del cuerpo humano: <strong data-start=\"1028\" data-end=\"1061\">\u00e9terico, energ\u00e9tico y celular<\/strong>.<\/p>\n<p data-start=\"1064\" data-end=\"1381\">El <strong data-start=\"1067\" data-end=\"1086\">campo magn\u00e9tico<\/strong> producido se sincroniza con el <strong data-start=\"1118\" data-end=\"1133\">campo sutil<\/strong> acumulado por los <strong data-start=\"1152\" data-end=\"1175\">cristales de cuarzo<\/strong>, generando una <strong data-start=\"1191\" data-end=\"1238\">sinergia \u00fanica entre energ\u00eda f\u00edsica y sutil<\/strong>. Esto convierte a <strong data-start=\"1257\" data-end=\"1271\">HEN Coil 3<\/strong> en una herramienta poderosa para <strong data-start=\"1305\" data-end=\"1346\">transmitir frecuencias en profundidad<\/strong>, m\u00e1s all\u00e1 del simple plano f\u00edsico.<\/p>\n<hr data-start=\"1383\" data-end=\"1386\" \/>\n<h3 data-start=\"1388\" data-end=\"1416\"><strong data-start=\"1392\" data-end=\"1416\">Efectos y Beneficios<\/strong><\/h3>\n<p data-start=\"1418\" data-end=\"1543\">Los beneficios de la <strong data-start=\"1439\" data-end=\"1455\">terapia Rife<\/strong> o <strong data-start=\"1458\" data-end=\"1466\">PEMF<\/strong>, cuando se aplica mediante <strong data-start=\"1494\" data-end=\"1522\">campos electromagn\u00e9ticos<\/strong>, son bien conocidos:<\/p>\n<ul data-start=\"1545\" data-end=\"2213\">\n<li data-start=\"1545\" data-end=\"1632\">\n<p data-start=\"1547\" data-end=\"1632\"><strong data-start=\"1547\" data-end=\"1572\">Estimulaci\u00f3n celular:<\/strong> Mejora la salud celular y la regeneraci\u00f3n de los tejidos.<\/p>\n<\/li>\n<li data-start=\"1633\" data-end=\"1704\">\n<p data-start=\"1635\" data-end=\"1704\"><strong data-start=\"1635\" data-end=\"1659\">Mejora circulatoria:<\/strong> Favorece una circulaci\u00f3n sangu\u00ednea \u00f3ptima.<\/p>\n<\/li>\n<li data-start=\"1705\" data-end=\"1797\">\n<p data-start=\"1707\" data-end=\"1797\"><strong data-start=\"1707\" data-end=\"1741\">Relajaci\u00f3n y alivio del dolor:<\/strong> Reduce tensiones musculares y promueve la relajaci\u00f3n.<\/p>\n<\/li>\n<li data-start=\"1798\" data-end=\"1944\">\n<p data-start=\"1800\" data-end=\"1944\"><strong data-start=\"1800\" data-end=\"1822\">Bienestar general:<\/strong> Promueve el equilibrio energ\u00e9tico y el bienestar psicof\u00edsico mediante la interacci\u00f3n con los campos sutiles del cuerpo.<\/p>\n<\/li>\n<li data-start=\"1945\" data-end=\"2213\">\n<p data-start=\"1947\" data-end=\"2213\"><strong data-start=\"1947\" data-end=\"1976\">Eliminaci\u00f3n de pat\u00f3genos:<\/strong> La utilizaci\u00f3n de <strong data-start=\"1995\" data-end=\"2022\">frecuencias espec\u00edficas<\/strong>, resultado de d\u00e9cadas de investigaci\u00f3n y experimentaci\u00f3n, permite la <strong data-start=\"2092\" data-end=\"2155\">eliminaci\u00f3n selectiva de virus, bacterias y otros pat\u00f3genos<\/strong> a trav\u00e9s de la <strong data-start=\"2171\" data-end=\"2212\">resonancia de ondas electromagn\u00e9ticas<\/strong>.<\/p>\n<\/li>\n<\/ul>\n<hr data-start=\"2215\" data-end=\"2218\" \/>\n<h3 data-start=\"2220\" data-end=\"2248\"><strong data-start=\"2224\" data-end=\"2248\">Uso y compatibilidad<\/strong><\/h3>\n<p data-start=\"2250\" data-end=\"2592\">Para utilizar <strong data-start=\"2264\" data-end=\"2278\">HEN Coil 3<\/strong> de manera \u00f3ptima, se recomienda un <strong data-start=\"2314\" data-end=\"2362\">amplificador de audio de al menos 50 W o m\u00e1s<\/strong>, preferiblemente con <strong data-start=\"2384\" data-end=\"2397\">Bluetooth<\/strong> o entrada <strong data-start=\"2408\" data-end=\"2415\">aux<\/strong>, de modo que se pueda controlar todo desde un <strong data-start=\"2462\" data-end=\"2476\">smartphone<\/strong>, mediante una <strong data-start=\"2491\" data-end=\"2524\">app generadora de frecuencias<\/strong>, compatible tambi\u00e9n con generadores de frecuencia tipo <strong data-start=\"2580\" data-end=\"2591\">Spooky2<\/strong>.<\/p>\n<hr data-start=\"2594\" data-end=\"2597\" \/>\n<h3 data-start=\"2599\" data-end=\"2619\"><strong data-start=\"2603\" data-end=\"2619\">Advertencias<\/strong><\/h3>\n<ul data-start=\"2621\" data-end=\"2906\">\n<li data-start=\"2621\" data-end=\"2745\">\n<p data-start=\"2623\" data-end=\"2745\">No utilizar en presencia de <strong data-start=\"2651\" data-end=\"2665\">marcapasos<\/strong> o dispositivos m\u00e9dicos implantables sensibles a <strong data-start=\"2714\" data-end=\"2742\">campos electromagn\u00e9ticos<\/strong>.<\/p>\n<\/li>\n<li data-start=\"2746\" data-end=\"2906\">\n<p data-start=\"2748\" data-end=\"2906\">Este dispositivo est\u00e1 destinado a <strong data-start=\"2782\" data-end=\"2826\">uso experimental y de bienestar personal<\/strong>. No es un dispositivo m\u00e9dico y <strong data-start=\"2858\" data-end=\"2903\">no sustituye diagn\u00f3sticos ni tratamientos<\/strong>.<\/p>\n<\/li>\n<\/ul>\n","protected":false},"excerpt":{"rendered":"<p>PEMF toroidal con dos entradas BNC, di\u00e1metro 26 cm, peso 6 kg.<\/p>\n","protected":false},"featured_media":4311,"comment_status":"open","ping_status":"closed","template":"","meta":{"ocean_post_layout":"","ocean_both_sidebars_style":"","ocean_both_sidebars_content_width":0,"ocean_both_sidebars_sidebars_width":0,"ocean_sidebar":"0","ocean_second_sidebar":"0","ocean_disable_margins":"enable","ocean_add_body_class":"","ocean_shortcode_before_top_bar":"","ocean_shortcode_after_top_bar":"","ocean_shortcode_before_header":"","ocean_shortcode_after_header":"","ocean_has_shortcode":"","ocean_shortcode_after_title":"","ocean_shortcode_before_footer_widgets":"","ocean_shortcode_after_footer_widgets":"","ocean_shortcode_before_footer_bottom":"","ocean_shortcode_after_footer_bottom":"","ocean_display_top_bar":"default","ocean_display_header":"default","ocean_header_style":"","ocean_center_header_left_menu":"0","ocean_custom_header_template":"0","ocean_custom_logo":0,"ocean_custom_retina_logo":0,"ocean_custom_logo_max_width":0,"ocean_custom_logo_tablet_max_width":0,"ocean_custom_logo_mobile_max_width":0,"ocean_custom_logo_max_height":0,"ocean_custom_logo_tablet_max_height":0,"ocean_custom_logo_mobile_max_height":0,"ocean_header_custom_menu":"0","ocean_menu_typo_font_family":"0","ocean_menu_typo_font_subset":"","ocean_menu_typo_font_size":0,"ocean_menu_typo_font_size_tablet":0,"ocean_menu_typo_font_size_mobile":0,"ocean_menu_typo_font_size_unit":"px","ocean_menu_typo_font_weight":"","ocean_menu_typo_font_weight_tablet":"","ocean_menu_typo_font_weight_mobile":"","ocean_menu_typo_transform":"","ocean_menu_typo_transform_tablet":"","ocean_menu_typo_transform_mobile":"","ocean_menu_typo_line_height":0,"ocean_menu_typo_line_height_tablet":0,"ocean_menu_typo_line_height_mobile":0,"ocean_menu_typo_line_height_unit":"","ocean_menu_typo_spacing":0,"ocean_menu_typo_spacing_tablet":0,"ocean_menu_typo_spacing_mobile":0,"ocean_menu_typo_spacing_unit":"","ocean_menu_link_color":"","ocean_menu_link_color_hover":"","ocean_menu_link_color_active":"","ocean_menu_link_background":"","ocean_menu_link_hover_background":"","ocean_menu_link_active_background":"","ocean_menu_social_links_bg":"","ocean_menu_social_hover_links_bg":"","ocean_menu_social_links_color":"","ocean_menu_social_hover_links_color":"","ocean_disable_title":"default","ocean_disable_heading":"default","ocean_post_title":"","ocean_post_subheading":"","ocean_post_title_style":"","ocean_post_title_background_color":"","ocean_post_title_background":0,"ocean_post_title_bg_image_position":"","ocean_post_title_bg_image_attachment":"","ocean_post_title_bg_image_repeat":"","ocean_post_title_bg_image_size":"","ocean_post_title_height":0,"ocean_post_title_bg_overlay":0.5,"ocean_post_title_bg_overlay_color":"","ocean_disable_breadcrumbs":"default","ocean_breadcrumbs_color":"","ocean_breadcrumbs_separator_color":"","ocean_breadcrumbs_links_color":"","ocean_breadcrumbs_links_hover_color":"","ocean_display_footer_widgets":"default","ocean_display_footer_bottom":"default","ocean_custom_footer_template":"0","_glsr_average":0,"_glsr_ranking":0,"_glsr_reviews":0},"product_brand":[],"product_cat":[109],"product_tag":[],"class_list":{"0":"post-4309","1":"product","2":"type-product","3":"status-publish","4":"has-post-thumbnail","6":"product_cat-hencoils","8":"entry","9":"has-media","11":"first","12":"instock","13":"taxable","14":"shipping-taxable","15":"purchasable","16":"product-type-simple","17":"add-to-wishlist-after_add_to_cart","18":"has-product-nav","19":"col","20":"span_1_of_3","21":"owp-content-center","22":"owp-thumbs-layout-vertical","23":"owp-btn-normal","24":"owp-tabs-layout-horizontal"},"yoast_head":"<!-- This site is optimized with the Yoast SEO plugin v27.4 - https:\/\/yoast.com\/product\/yoast-seo-wordpress\/ -->\n<title>HEN Coil 3 Quartz - HEN Bobina HEN 3 Ondas escalares PEMF de cuarzo<\/title>\n<meta name=\"description\" content=\"HEN Coil 3 \u2013 Bobina de v\u00f3rtice PEMF para el bienestar energ\u00e9tico, descubra los beneficios reequilibrantes de las ondas electromagn\u00e9ticas combinadas con campos de energ\u00eda sutiles.\" \/>\n<meta name=\"robots\" content=\"index, follow, max-snippet:-1, max-image-preview:large, max-video-preview:-1\" \/>\n<link rel=\"canonical\" href=\"https:\/\/henergylab.com\/es\/producto\/4309\/\" \/>\n<meta property=\"og:locale\" content=\"es_ES\" \/>\n<meta property=\"og:type\" content=\"article\" \/>\n<meta property=\"og:title\" content=\"HEN Coil 3 Quartz - HEN Bobina HEN 3 Ondas escalares PEMF de cuarzo\" \/>\n<meta property=\"og:description\" content=\"HEN Coil 3 \u2013 Bobina de v\u00f3rtice PEMF para el bienestar energ\u00e9tico, descubra los beneficios reequilibrantes de las ondas electromagn\u00e9ticas combinadas con campos de energ\u00eda sutiles.\" \/>\n<meta property=\"og:url\" content=\"https:\/\/henergylab.com\/es\/producto\/4309\/\" \/>\n<meta property=\"og:site_name\" content=\"HEN\" \/>\n<meta property=\"article:modified_time\" content=\"2025-11-02T16:30:00+00:00\" \/>\n<meta property=\"og:image\" content=\"https:\/\/henergylab.com\/wp-content\/uploads\/2025\/04\/Coil-Quartz26_3.jpg\" \/>\n\t<meta property=\"og:image:width\" content=\"2550\" \/>\n\t<meta property=\"og:image:height\" content=\"2550\" \/>\n\t<meta property=\"og:image:type\" content=\"image\/jpeg\" \/>\n<meta name=\"twitter:card\" content=\"summary_large_image\" \/>\n<meta name=\"twitter:label1\" content=\"Tiempo de lectura\" \/>\n\t<meta name=\"twitter:data1\" content=\"2 minutos\" \/>\n<script type=\"application\/ld+json\" class=\"yoast-schema-graph\">{\"@context\":\"https:\\\/\\\/schema.org\",\"@graph\":[{\"@type\":\"WebPage\",\"@id\":\"https:\\\/\\\/henergylab.com\\\/es\\\/producto\\\/4309\\\/\",\"url\":\"https:\\\/\\\/henergylab.com\\\/es\\\/producto\\\/4309\\\/\",\"name\":\"HEN Coil 3 Quartz - HEN Bobina HEN 3 Ondas escalares PEMF de cuarzo\",\"isPartOf\":{\"@id\":\"https:\\\/\\\/henergylab.com\\\/es\\\/#website\"},\"primaryImageOfPage\":{\"@id\":\"https:\\\/\\\/henergylab.com\\\/es\\\/producto\\\/4309\\\/#primaryimage\"},\"image\":{\"@id\":\"https:\\\/\\\/henergylab.com\\\/es\\\/producto\\\/4309\\\/#primaryimage\"},\"thumbnailUrl\":\"https:\\\/\\\/henergylab.com\\\/wp-content\\\/uploads\\\/2025\\\/04\\\/Coil-Quartz26_1.jpg\",\"datePublished\":\"2025-04-06T00:37:26+00:00\",\"dateModified\":\"2025-11-02T16:30:00+00:00\",\"description\":\"HEN Coil 3 \u2013 Bobina de v\u00f3rtice PEMF para el bienestar energ\u00e9tico, descubra los beneficios reequilibrantes de las ondas electromagn\u00e9ticas combinadas con campos de energ\u00eda sutiles.\",\"breadcrumb\":{\"@id\":\"https:\\\/\\\/henergylab.com\\\/es\\\/producto\\\/4309\\\/#breadcrumb\"},\"inLanguage\":\"es\",\"potentialAction\":[{\"@type\":\"ReadAction\",\"target\":[\"https:\\\/\\\/henergylab.com\\\/es\\\/producto\\\/4309\\\/\"]}]},{\"@type\":\"ImageObject\",\"inLanguage\":\"es\",\"@id\":\"https:\\\/\\\/henergylab.com\\\/es\\\/producto\\\/4309\\\/#primaryimage\",\"url\":\"https:\\\/\\\/henergylab.com\\\/wp-content\\\/uploads\\\/2025\\\/04\\\/Coil-Quartz26_1.jpg\",\"contentUrl\":\"https:\\\/\\\/henergylab.com\\\/wp-content\\\/uploads\\\/2025\\\/04\\\/Coil-Quartz26_1.jpg\",\"width\":1860,\"height\":1865,\"caption\":\"filter: 0; jpegRotation: 0; fileterIntensity: 0.000000; filterMask: 0; module:1facing:0; hw-remosaic: 0; touch: (-1.0, -1.0); modeInfo: ; sceneMode: Night; cct_value: 0; AI_Scene: (-1, -1); aec_lux: 0.0; hist255: 0.0; hist252~255: 0.0; hist0~15: 0.0;\"},{\"@type\":\"BreadcrumbList\",\"@id\":\"https:\\\/\\\/henergylab.com\\\/es\\\/producto\\\/4309\\\/#breadcrumb\",\"itemListElement\":[{\"@type\":\"ListItem\",\"position\":1,\"name\":\"Home\",\"item\":\"https:\\\/\\\/henergylab.com\\\/es\\\/\"},{\"@type\":\"ListItem\",\"position\":2,\"name\":\"Tienda\",\"item\":\"https:\\\/\\\/henergylab.com\\\/es\\\/tienda\\\/\"},{\"@type\":\"ListItem\",\"position\":3,\"name\":\"HEN Coil 3 Quartz\"}]},{\"@type\":\"WebSite\",\"@id\":\"https:\\\/\\\/henergylab.com\\\/es\\\/#website\",\"url\":\"https:\\\/\\\/henergylab.com\\\/es\\\/\",\"name\":\"henergylab\",\"description\":\"\",\"publisher\":{\"@id\":\"https:\\\/\\\/henergylab.com\\\/es\\\/#organization\"},\"potentialAction\":[{\"@type\":\"SearchAction\",\"target\":{\"@type\":\"EntryPoint\",\"urlTemplate\":\"https:\\\/\\\/henergylab.com\\\/es\\\/?s={search_term_string}\"},\"query-input\":{\"@type\":\"PropertyValueSpecification\",\"valueRequired\":true,\"valueName\":\"search_term_string\"}}],\"inLanguage\":\"es\"},{\"@type\":\"Organization\",\"@id\":\"https:\\\/\\\/henergylab.com\\\/es\\\/#organization\",\"name\":\"HEN\",\"url\":\"https:\\\/\\\/henergylab.com\\\/es\\\/\",\"logo\":{\"@type\":\"ImageObject\",\"inLanguage\":\"es\",\"@id\":\"https:\\\/\\\/henergylab.com\\\/es\\\/#\\\/schema\\\/logo\\\/image\\\/\",\"url\":\"https:\\\/\\\/henergylab.com\\\/wp-content\\\/uploads\\\/2025\\\/07\\\/Henergylab-logo-scritta-nera-1.png\",\"contentUrl\":\"https:\\\/\\\/henergylab.com\\\/wp-content\\\/uploads\\\/2025\\\/07\\\/Henergylab-logo-scritta-nera-1.png\",\"width\":128,\"height\":128,\"caption\":\"HEN\"},\"image\":{\"@id\":\"https:\\\/\\\/henergylab.com\\\/es\\\/#\\\/schema\\\/logo\\\/image\\\/\"}}]}<\/script>\n<!-- \/ Yoast SEO plugin. -->","yoast_head_json":{"title":"HEN Coil 3 Quartz - HEN Bobina HEN 3 Ondas escalares PEMF de cuarzo","description":"HEN Coil 3 \u2013 Bobina de v\u00f3rtice PEMF para el bienestar energ\u00e9tico, descubra los beneficios reequilibrantes de las ondas electromagn\u00e9ticas combinadas con campos de energ\u00eda sutiles.","robots":{"index":"index","follow":"follow","max-snippet":"max-snippet:-1","max-image-preview":"max-image-preview:large","max-video-preview":"max-video-preview:-1"},"canonical":"https:\/\/henergylab.com\/es\/producto\/4309\/","og_locale":"es_ES","og_type":"article","og_title":"HEN Coil 3 Quartz - HEN Bobina HEN 3 Ondas escalares PEMF de cuarzo","og_description":"HEN Coil 3 \u2013 Bobina de v\u00f3rtice PEMF para el bienestar energ\u00e9tico, descubra los beneficios reequilibrantes de las ondas electromagn\u00e9ticas combinadas con campos de energ\u00eda sutiles.","og_url":"https:\/\/henergylab.com\/es\/producto\/4309\/","og_site_name":"HEN","article_modified_time":"2025-11-02T16:30:00+00:00","og_image":[{"width":2550,"height":2550,"url":"https:\/\/henergylab.com\/wp-content\/uploads\/2025\/04\/Coil-Quartz26_3.jpg","type":"image\/jpeg"}],"twitter_card":"summary_large_image","twitter_misc":{"Tiempo de lectura":"2 minutos"},"schema":{"@context":"https:\/\/schema.org","@graph":[{"@type":"WebPage","@id":"https:\/\/henergylab.com\/es\/producto\/4309\/","url":"https:\/\/henergylab.com\/es\/producto\/4309\/","name":"HEN Coil 3 Quartz - HEN Bobina HEN 3 Ondas escalares PEMF de cuarzo","isPartOf":{"@id":"https:\/\/henergylab.com\/es\/#website"},"primaryImageOfPage":{"@id":"https:\/\/henergylab.com\/es\/producto\/4309\/#primaryimage"},"image":{"@id":"https:\/\/henergylab.com\/es\/producto\/4309\/#primaryimage"},"thumbnailUrl":"https:\/\/henergylab.com\/wp-content\/uploads\/2025\/04\/Coil-Quartz26_1.jpg","datePublished":"2025-04-06T00:37:26+00:00","dateModified":"2025-11-02T16:30:00+00:00","description":"HEN Coil 3 \u2013 Bobina de v\u00f3rtice PEMF para el bienestar energ\u00e9tico, descubra los beneficios reequilibrantes de las ondas electromagn\u00e9ticas combinadas con campos de energ\u00eda sutiles.","breadcrumb":{"@id":"https:\/\/henergylab.com\/es\/producto\/4309\/#breadcrumb"},"inLanguage":"es","potentialAction":[{"@type":"ReadAction","target":["https:\/\/henergylab.com\/es\/producto\/4309\/"]}]},{"@type":"ImageObject","inLanguage":"es","@id":"https:\/\/henergylab.com\/es\/producto\/4309\/#primaryimage","url":"https:\/\/henergylab.com\/wp-content\/uploads\/2025\/04\/Coil-Quartz26_1.jpg","contentUrl":"https:\/\/henergylab.com\/wp-content\/uploads\/2025\/04\/Coil-Quartz26_1.jpg","width":1860,"height":1865,"caption":"filter: 0; jpegRotation: 0; fileterIntensity: 0.000000; filterMask: 0; module:1facing:0; hw-remosaic: 0; touch: (-1.0, -1.0); modeInfo: ; sceneMode: Night; cct_value: 0; AI_Scene: (-1, -1); aec_lux: 0.0; hist255: 0.0; hist252~255: 0.0; hist0~15: 0.0;"},{"@type":"BreadcrumbList","@id":"https:\/\/henergylab.com\/es\/producto\/4309\/#breadcrumb","itemListElement":[{"@type":"ListItem","position":1,"name":"Home","item":"https:\/\/henergylab.com\/es\/"},{"@type":"ListItem","position":2,"name":"Tienda","item":"https:\/\/henergylab.com\/es\/tienda\/"},{"@type":"ListItem","position":3,"name":"HEN Coil 3 Quartz"}]},{"@type":"WebSite","@id":"https:\/\/henergylab.com\/es\/#website","url":"https:\/\/henergylab.com\/es\/","name":"henergylab","description":"","publisher":{"@id":"https:\/\/henergylab.com\/es\/#organization"},"potentialAction":[{"@type":"SearchAction","target":{"@type":"EntryPoint","urlTemplate":"https:\/\/henergylab.com\/es\/?s={search_term_string}"},"query-input":{"@type":"PropertyValueSpecification","valueRequired":true,"valueName":"search_term_string"}}],"inLanguage":"es"},{"@type":"Organization","@id":"https:\/\/henergylab.com\/es\/#organization","name":"HEN","url":"https:\/\/henergylab.com\/es\/","logo":{"@type":"ImageObject","inLanguage":"es","@id":"https:\/\/henergylab.com\/es\/#\/schema\/logo\/image\/","url":"https:\/\/henergylab.com\/wp-content\/uploads\/2025\/07\/Henergylab-logo-scritta-nera-1.png","contentUrl":"https:\/\/henergylab.com\/wp-content\/uploads\/2025\/07\/Henergylab-logo-scritta-nera-1.png","width":128,"height":128,"caption":"HEN"},"image":{"@id":"https:\/\/henergylab.com\/es\/#\/schema\/logo\/image\/"}}]}},"_links":{"self":[{"href":"https:\/\/henergylab.com\/es\/wp-json\/wp\/v2\/product\/4309","targetHints":{"allow":["GET"]}}],"collection":[{"href":"https:\/\/henergylab.com\/es\/wp-json\/wp\/v2\/product"}],"about":[{"href":"https:\/\/henergylab.com\/es\/wp-json\/wp\/v2\/types\/product"}],"replies":[{"embeddable":true,"href":"https:\/\/henergylab.com\/es\/wp-json\/wp\/v2\/comments?post=4309"}],"wp:featuredmedia":[{"embeddable":true,"href":"https:\/\/henergylab.com\/es\/wp-json\/wp\/v2\/media\/4311"}],"wp:attachment":[{"href":"https:\/\/henergylab.com\/es\/wp-json\/wp\/v2\/media?parent=4309"}],"wp:term":[{"taxonomy":"product_brand","embeddable":true,"href":"https:\/\/henergylab.com\/es\/wp-json\/wp\/v2\/product_brand?post=4309"},{"taxonomy":"product_cat","embeddable":true,"href":"https:\/\/henergylab.com\/es\/wp-json\/wp\/v2\/product_cat?post=4309"},{"taxonomy":"product_tag","embeddable":true,"href":"https:\/\/henergylab.com\/es\/wp-json\/wp\/v2\/product_tag?post=4309"}],"curies":[{"name":"wp","href":"https:\/\/api.w.org\/{rel}","templated":true}]}}