{"id":4380,"date":"2025-10-09T13:50:40","date_gmt":"2025-10-09T13:50:40","guid":{"rendered":"https:\/\/henergylab.com\/product\/kit-hencoil-3-quartz\/"},"modified":"2025-11-01T23:56:38","modified_gmt":"2025-11-01T23:56:38","slug":"kit-hencoil-3-quartz","status":"publish","type":"product","link":"https:\/\/henergylab.com\/es\/producto\/kit-hencoil-3-quartz\/","title":{"rendered":"Kit HENcoil 3 Quartz"},"content":{"rendered":"<h3 data-start=\"76\" data-end=\"158\"><strong data-start=\"80\" data-end=\"158\">Kit Hencoil\u20113 \u2013 Bobina PEMF de ondas escalares con amplificador y app Rife<\/strong><\/h3>\n<hr data-start=\"160\" data-end=\"163\" \/>\n<p data-start=\"165\" data-end=\"182\"><strong data-start=\"165\" data-end=\"180\">Descripci\u00f3n<\/strong><\/p>\n<p data-start=\"184\" data-end=\"390\">El <strong data-start=\"187\" data-end=\"204\">Kit HENcoil\u20113<\/strong> es un dispositivo avanzado para <strong data-start=\"237\" data-end=\"282\">estimulaci\u00f3n electromagn\u00e9tica no invasiva<\/strong>, basado en <strong data-start=\"294\" data-end=\"338\">campos electromagn\u00e9ticos pulsados (PEMF)<\/strong> combinados con <strong data-start=\"354\" data-end=\"387\">tecnolog\u00eda de ondas escalares<\/strong>.<\/p>\n<p data-start=\"392\" data-end=\"606\">Ideal para <strong data-start=\"403\" data-end=\"448\">uso dom\u00e9stico, profesional o experimental<\/strong>, permite utilizar <strong data-start=\"467\" data-end=\"487\">frecuencias Rife<\/strong> mediante <strong data-start=\"497\" data-end=\"544\">apps controlables desde smartphone o tablet<\/strong>, o a trav\u00e9s de <strong data-start=\"560\" data-end=\"603\">archivos precargados en una memoria USB<\/strong>.<\/p>\n<hr data-start=\"608\" data-end=\"611\" \/>\n<h3 data-start=\"613\" data-end=\"648\"><strong data-start=\"617\" data-end=\"648\">Contenido del Kit Hencoil\u20113<\/strong><\/h3>\n<ul data-start=\"650\" data-end=\"842\">\n<li data-start=\"650\" data-end=\"707\">\n<p data-start=\"652\" data-end=\"707\"><strong data-start=\"652\" data-end=\"686\">Bobina PEMF de ondas escalares<\/strong> (modelo HENcoil\u20113)<\/p>\n<\/li>\n<li data-start=\"708\" data-end=\"754\">\n<p data-start=\"710\" data-end=\"754\"><strong data-start=\"710\" data-end=\"752\">Amplificador de se\u00f1al de audio clase D<\/strong><\/p>\n<\/li>\n<li data-start=\"755\" data-end=\"794\">\n<p data-start=\"757\" data-end=\"794\"><strong data-start=\"757\" data-end=\"792\">Cables de conexi\u00f3n y accesorios<\/strong><\/p>\n<\/li>\n<li data-start=\"795\" data-end=\"842\">\n<p data-start=\"797\" data-end=\"842\"><strong data-start=\"797\" data-end=\"840\">Memoria USB con frecuencias precargadas<\/strong><\/p>\n<\/li>\n<\/ul>\n<hr data-start=\"844\" data-end=\"847\" \/>\n<h3 data-start=\"849\" data-end=\"882\"><strong data-start=\"853\" data-end=\"882\">Especificaciones t\u00e9cnicas<\/strong><\/h3>\n<ul data-start=\"884\" data-end=\"1158\">\n<li data-start=\"884\" data-end=\"920\">\n<p data-start=\"886\" data-end=\"920\"><strong data-start=\"886\" data-end=\"912\">Di\u00e1metro de la bobina:<\/strong> 26 cm<\/p>\n<\/li>\n<li data-start=\"921\" data-end=\"939\">\n<p data-start=\"923\" data-end=\"939\"><strong data-start=\"923\" data-end=\"932\">Peso:<\/strong> 6 kg<\/p>\n<\/li>\n<li data-start=\"940\" data-end=\"978\">\n<p data-start=\"942\" data-end=\"978\"><strong data-start=\"942\" data-end=\"958\">Resistencia:<\/strong> ~23 ohm por canal<\/p>\n<\/li>\n<li data-start=\"979\" data-end=\"1018\">\n<p data-start=\"981\" data-end=\"1018\"><strong data-start=\"981\" data-end=\"998\">Amplificador:<\/strong> TPA3255 (Clase D)<\/p>\n<\/li>\n<li data-start=\"1019\" data-end=\"1077\">\n<p data-start=\"1021\" data-end=\"1077\"><strong data-start=\"1021\" data-end=\"1046\">Entradas disponibles:<\/strong> Bluetooth, AUX, U-Disk (USB)<\/p>\n<\/li>\n<li data-start=\"1078\" data-end=\"1158\">\n<p data-start=\"1080\" data-end=\"1158\"><strong data-start=\"1080\" data-end=\"1092\">Control:<\/strong> mediante smartphone, tablet o directamente desde la memoria USB<\/p>\n<\/li>\n<\/ul>\n<hr data-start=\"1160\" data-end=\"1163\" \/>\n<h3 data-start=\"1165\" data-end=\"1206\"><strong data-start=\"1169\" data-end=\"1206\">Tecnolog\u00eda PEMF + Ondas Escalares<\/strong><\/h3>\n<p data-start=\"1208\" data-end=\"1415\">La bobina <strong data-start=\"1218\" data-end=\"1231\">HENcoil\u20113<\/strong> est\u00e1 dise\u00f1ada seg\u00fan los <strong data-start=\"1256\" data-end=\"1299\">principios de la matem\u00e1tica del v\u00f3rtice<\/strong>, lo que permite generar <strong data-start=\"1324\" data-end=\"1372\">ondas escalares (campos energ\u00e9ticos sutiles)<\/strong> adem\u00e1s de los tradicionales campos PEMF.<\/p>\n<p data-start=\"1417\" data-end=\"1594\">El toroide est\u00e1 hecho de <strong data-start=\"1442\" data-end=\"1452\">cuarzo<\/strong>. La integraci\u00f3n entre <strong data-start=\"1475\" data-end=\"1513\">energ\u00eda org\u00f3nica y ondas escalares<\/strong> permite transmitir las frecuencias m\u00e1s all\u00e1 del plano f\u00edsico, a nivel et\u00e9rico.<\/p>\n<hr data-start=\"1596\" data-end=\"1599\" \/>\n<h3 data-start=\"1601\" data-end=\"1659\"><strong data-start=\"1605\" data-end=\"1659\">Beneficios de la tecnolog\u00eda PEMF y la terapia Rife<\/strong><\/h3>\n<p data-start=\"1661\" data-end=\"1767\">El uso combinado de <strong data-start=\"1681\" data-end=\"1701\">frecuencias Rife<\/strong> y <strong data-start=\"1704\" data-end=\"1729\">campos PEMF\/escalares<\/strong> puede aportar numerosos beneficios:<\/p>\n<ul data-start=\"1769\" data-end=\"2221\">\n<li data-start=\"1769\" data-end=\"1851\">\n<p data-start=\"1771\" data-end=\"1851\"><strong data-start=\"1771\" data-end=\"1797\">Estimulaci\u00f3n celular \u2192<\/strong> favorece la regeneraci\u00f3n y vitalidad de los tejidos<\/p>\n<\/li>\n<li data-start=\"1852\" data-end=\"1917\">\n<p data-start=\"1854\" data-end=\"1917\"><strong data-start=\"1854\" data-end=\"1884\">Mejora de la circulaci\u00f3n \u2192<\/strong> promueve una mejor oxigenaci\u00f3n<\/p>\n<\/li>\n<li data-start=\"1918\" data-end=\"1964\">\n<p data-start=\"1920\" data-end=\"1964\"><strong data-start=\"1920\" data-end=\"1962\">Alivio del dolor y relajaci\u00f3n muscular<\/strong><\/p>\n<\/li>\n<li data-start=\"1965\" data-end=\"2074\">\n<p data-start=\"1967\" data-end=\"2074\"><strong data-start=\"1967\" data-end=\"1993\">Bienestar energ\u00e9tico \u2192<\/strong> apoya el equilibrio psicof\u00edsico mediante la interacci\u00f3n con los campos sutiles<\/p>\n<\/li>\n<li data-start=\"2075\" data-end=\"2221\">\n<p data-start=\"2077\" data-end=\"2221\"><strong data-start=\"2077\" data-end=\"2107\">Eliminaci\u00f3n de pat\u00f3genos \u2192<\/strong> gracias a la resonancia selectiva con virus, bacterias y otros agentes, seg\u00fan los principios de la terapia Rife<\/p>\n<\/li>\n<\/ul>\n<hr data-start=\"2223\" data-end=\"2226\" \/>\n<h3 data-start=\"2228\" data-end=\"2247\"><strong data-start=\"2232\" data-end=\"2247\">Modo de uso<\/strong><\/h3>\n<ol data-start=\"2249\" data-end=\"2556\">\n<li data-start=\"2249\" data-end=\"2289\">\n<p data-start=\"2252\" data-end=\"2289\">Conectar la bobina al amplificador.<\/p>\n<\/li>\n<li data-start=\"2290\" data-end=\"2417\">\n<p data-start=\"2293\" data-end=\"2417\">Abrir la app <strong data-start=\"2306\" data-end=\"2314\">Rife<\/strong> o generador de frecuencias (p. ej., Z-app) o insertar la <strong data-start=\"2372\" data-end=\"2387\">memoria USB<\/strong> con los archivos incluidos.<\/p>\n<\/li>\n<li data-start=\"2418\" data-end=\"2472\">\n<p data-start=\"2421\" data-end=\"2472\">Seleccionar la <strong data-start=\"2436\" data-end=\"2469\">frecuencia o programa deseado<\/strong>.<\/p>\n<\/li>\n<li data-start=\"2473\" data-end=\"2520\">\n<p data-start=\"2476\" data-end=\"2520\">Colocar la bobina cerca del \u00e1rea a tratar.<\/p>\n<\/li>\n<li data-start=\"2521\" data-end=\"2556\">\n<p data-start=\"2524\" data-end=\"2556\">Iniciar la sesi\u00f3n y relajarse.<\/p>\n<\/li>\n<\/ol>\n<p data-start=\"2558\" data-end=\"2664\"><strong data-start=\"2558\" data-end=\"2591\">Duraci\u00f3n inicial recomendada:<\/strong> 20\u201330 minutos, aumentando progresivamente seg\u00fan la respuesta personal.<\/p>\n<hr data-start=\"2666\" data-end=\"2669\" \/>\n<h3 data-start=\"2671\" data-end=\"2691\"><strong data-start=\"2675\" data-end=\"2691\">Advertencias<\/strong><\/h3>\n<ul data-start=\"2693\" data-end=\"2986\">\n<li data-start=\"2693\" data-end=\"2813\">\n<p data-start=\"2695\" data-end=\"2813\">No utilizar si se tiene <strong data-start=\"2719\" data-end=\"2733\">marcapasos<\/strong> o <strong data-start=\"2736\" data-end=\"2810\">dispositivos m\u00e9dicos implantables sensibles a campos electromagn\u00e9ticos<\/strong>.<\/p>\n<\/li>\n<li data-start=\"2814\" data-end=\"2986\">\n<p data-start=\"2816\" data-end=\"2986\">Este dispositivo est\u00e1 destinado a <strong data-start=\"2850\" data-end=\"2894\">uso experimental y de bienestar personal<\/strong>. <strong data-start=\"2896\" data-end=\"2927\">No es un dispositivo m\u00e9dico<\/strong> y <strong data-start=\"2930\" data-end=\"2983\">no reemplaza diagn\u00f3sticos ni tratamientos m\u00e9dicos<\/strong>.<\/p>\n<\/li>\n<\/ul>\n","protected":false},"excerpt":{"rendered":"<p>Kit HENcoil-3: Sistema PEMF de onda escalar con bobina y amplificador. Controlado mediante la aplicaci\u00f3n para smartphone Rife o unidad flash USB.<\/p>\n","protected":false},"featured_media":4381,"comment_status":"open","ping_status":"closed","template":"","meta":{"ocean_post_layout":"","ocean_both_sidebars_style":"","ocean_both_sidebars_content_width":0,"ocean_both_sidebars_sidebars_width":0,"ocean_sidebar":"0","ocean_second_sidebar":"0","ocean_disable_margins":"enable","ocean_add_body_class":"","ocean_shortcode_before_top_bar":"","ocean_shortcode_after_top_bar":"","ocean_shortcode_before_header":"","ocean_shortcode_after_header":"","ocean_has_shortcode":"","ocean_shortcode_after_title":"","ocean_shortcode_before_footer_widgets":"","ocean_shortcode_after_footer_widgets":"","ocean_shortcode_before_footer_bottom":"","ocean_shortcode_after_footer_bottom":"","ocean_display_top_bar":"default","ocean_display_header":"default","ocean_header_style":"","ocean_center_header_left_menu":"0","ocean_custom_header_template":"0","ocean_custom_logo":0,"ocean_custom_retina_logo":0,"ocean_custom_logo_max_width":0,"ocean_custom_logo_tablet_max_width":0,"ocean_custom_logo_mobile_max_width":0,"ocean_custom_logo_max_height":0,"ocean_custom_logo_tablet_max_height":0,"ocean_custom_logo_mobile_max_height":0,"ocean_header_custom_menu":"0","ocean_menu_typo_font_family":"0","ocean_menu_typo_font_subset":"","ocean_menu_typo_font_size":0,"ocean_menu_typo_font_size_tablet":0,"ocean_menu_typo_font_size_mobile":0,"ocean_menu_typo_font_size_unit":"px","ocean_menu_typo_font_weight":"","ocean_menu_typo_font_weight_tablet":"","ocean_menu_typo_font_weight_mobile":"","ocean_menu_typo_transform":"","ocean_menu_typo_transform_tablet":"","ocean_menu_typo_transform_mobile":"","ocean_menu_typo_line_height":0,"ocean_menu_typo_line_height_tablet":0,"ocean_menu_typo_line_height_mobile":0,"ocean_menu_typo_line_height_unit":"","ocean_menu_typo_spacing":0,"ocean_menu_typo_spacing_tablet":0,"ocean_menu_typo_spacing_mobile":0,"ocean_menu_typo_spacing_unit":"","ocean_menu_link_color":"","ocean_menu_link_color_hover":"","ocean_menu_link_color_active":"","ocean_menu_link_background":"","ocean_menu_link_hover_background":"","ocean_menu_link_active_background":"","ocean_menu_social_links_bg":"","ocean_menu_social_hover_links_bg":"","ocean_menu_social_links_color":"","ocean_menu_social_hover_links_color":"","ocean_disable_title":"default","ocean_disable_heading":"default","ocean_post_title":"","ocean_post_subheading":"","ocean_post_title_style":"","ocean_post_title_background_color":"","ocean_post_title_background":0,"ocean_post_title_bg_image_position":"","ocean_post_title_bg_image_attachment":"","ocean_post_title_bg_image_repeat":"","ocean_post_title_bg_image_size":"","ocean_post_title_height":0,"ocean_post_title_bg_overlay":0.5,"ocean_post_title_bg_overlay_color":"","ocean_disable_breadcrumbs":"default","ocean_breadcrumbs_color":"","ocean_breadcrumbs_separator_color":"","ocean_breadcrumbs_links_color":"","ocean_breadcrumbs_links_hover_color":"","ocean_display_footer_widgets":"default","ocean_display_footer_bottom":"default","ocean_custom_footer_template":"0","_glsr_average":0,"_glsr_ranking":0,"_glsr_reviews":0},"product_brand":[],"product_cat":[111],"product_tag":[],"class_list":{"0":"post-4380","1":"product","2":"type-product","3":"status-publish","4":"has-post-thumbnail","6":"product_cat-kit-hencoil","8":"entry","9":"has-media","11":"first","12":"instock","13":"taxable","14":"shipping-taxable","15":"purchasable","16":"product-type-simple","17":"add-to-wishlist-after_add_to_cart","18":"has-product-nav","19":"col","20":"span_1_of_3","21":"owp-content-center","22":"owp-thumbs-layout-vertical","23":"owp-btn-normal","24":"owp-tabs-layout-horizontal"},"yoast_head":"<!-- This site is optimized with the Yoast SEO plugin v27.4 - https:\/\/yoast.com\/product\/yoast-seo-wordpress\/ -->\n<title>Kit HENcoil 3 Quartz Kit de bobina de onda escalar HENcoil3 con amplificador<\/title>\n<meta name=\"description\" content=\"Descubre el kit HENcoil3: bobina PEMF con ondas escalares y amplificador. Se controla mediante la app de Rife o USB. Ideal para el bienestar f\u00edsico y mental.\" \/>\n<meta name=\"robots\" content=\"index, follow, max-snippet:-1, max-image-preview:large, max-video-preview:-1\" \/>\n<link rel=\"canonical\" href=\"https:\/\/henergylab.com\/es\/producto\/kit-hencoil-3-quartz\/\" \/>\n<meta property=\"og:locale\" content=\"es_ES\" \/>\n<meta property=\"og:type\" content=\"article\" \/>\n<meta property=\"og:title\" content=\"Kit HENcoil 3 Quartz Kit de bobina de onda escalar HENcoil3 con amplificador\" \/>\n<meta property=\"og:description\" content=\"Descubre el kit HENcoil3: bobina PEMF con ondas escalares y amplificador. Se controla mediante la app de Rife o USB. Ideal para el bienestar f\u00edsico y mental.\" \/>\n<meta property=\"og:url\" content=\"https:\/\/henergylab.com\/es\/producto\/kit-hencoil-3-quartz\/\" \/>\n<meta property=\"og:site_name\" content=\"HEN\" \/>\n<meta property=\"article:modified_time\" content=\"2025-11-01T23:56:38+00:00\" \/>\n<meta property=\"og:image\" content=\"https:\/\/henergylab.com\/wp-content\/uploads\/2025\/10\/Coil-Quartz26AMP-1.jpg\" \/>\n\t<meta property=\"og:image:width\" content=\"1844\" \/>\n\t<meta property=\"og:image:height\" content=\"1844\" \/>\n\t<meta property=\"og:image:type\" content=\"image\/jpeg\" \/>\n<meta name=\"twitter:card\" content=\"summary_large_image\" \/>\n<meta name=\"twitter:label1\" content=\"Tiempo de lectura\" \/>\n\t<meta name=\"twitter:data1\" content=\"2 minutos\" \/>\n<script type=\"application\/ld+json\" class=\"yoast-schema-graph\">{\"@context\":\"https:\\\/\\\/schema.org\",\"@graph\":[{\"@type\":\"WebPage\",\"@id\":\"https:\\\/\\\/henergylab.com\\\/es\\\/producto\\\/kit-hencoil-3-quartz\\\/\",\"url\":\"https:\\\/\\\/henergylab.com\\\/es\\\/producto\\\/kit-hencoil-3-quartz\\\/\",\"name\":\"Kit HENcoil 3 Quartz Kit de bobina de onda escalar HENcoil3 con amplificador\",\"isPartOf\":{\"@id\":\"https:\\\/\\\/henergylab.com\\\/es\\\/#website\"},\"primaryImageOfPage\":{\"@id\":\"https:\\\/\\\/henergylab.com\\\/es\\\/producto\\\/kit-hencoil-3-quartz\\\/#primaryimage\"},\"image\":{\"@id\":\"https:\\\/\\\/henergylab.com\\\/es\\\/producto\\\/kit-hencoil-3-quartz\\\/#primaryimage\"},\"thumbnailUrl\":\"https:\\\/\\\/henergylab.com\\\/wp-content\\\/uploads\\\/2025\\\/10\\\/Coil-Quartz26AMP-1.jpg\",\"datePublished\":\"2025-10-09T13:50:40+00:00\",\"dateModified\":\"2025-11-01T23:56:38+00:00\",\"description\":\"Descubre el kit HENcoil3: bobina PEMF con ondas escalares y amplificador. Se controla mediante la app de Rife o USB. Ideal para el bienestar f\u00edsico y mental.\",\"breadcrumb\":{\"@id\":\"https:\\\/\\\/henergylab.com\\\/es\\\/producto\\\/kit-hencoil-3-quartz\\\/#breadcrumb\"},\"inLanguage\":\"es\",\"potentialAction\":[{\"@type\":\"ReadAction\",\"target\":[\"https:\\\/\\\/henergylab.com\\\/es\\\/producto\\\/kit-hencoil-3-quartz\\\/\"]}]},{\"@type\":\"ImageObject\",\"inLanguage\":\"es\",\"@id\":\"https:\\\/\\\/henergylab.com\\\/es\\\/producto\\\/kit-hencoil-3-quartz\\\/#primaryimage\",\"url\":\"https:\\\/\\\/henergylab.com\\\/wp-content\\\/uploads\\\/2025\\\/10\\\/Coil-Quartz26AMP-1.jpg\",\"contentUrl\":\"https:\\\/\\\/henergylab.com\\\/wp-content\\\/uploads\\\/2025\\\/10\\\/Coil-Quartz26AMP-1.jpg\",\"width\":1844,\"height\":1844,\"caption\":\"Dispositivo PEMF para uso dom\u00e9stico\"},{\"@type\":\"BreadcrumbList\",\"@id\":\"https:\\\/\\\/henergylab.com\\\/es\\\/producto\\\/kit-hencoil-3-quartz\\\/#breadcrumb\",\"itemListElement\":[{\"@type\":\"ListItem\",\"position\":1,\"name\":\"Home\",\"item\":\"https:\\\/\\\/henergylab.com\\\/es\\\/\"},{\"@type\":\"ListItem\",\"position\":2,\"name\":\"Tienda\",\"item\":\"https:\\\/\\\/henergylab.com\\\/es\\\/tienda\\\/\"},{\"@type\":\"ListItem\",\"position\":3,\"name\":\"Kit HENcoil 3 Quartz\"}]},{\"@type\":\"WebSite\",\"@id\":\"https:\\\/\\\/henergylab.com\\\/es\\\/#website\",\"url\":\"https:\\\/\\\/henergylab.com\\\/es\\\/\",\"name\":\"henergylab\",\"description\":\"\",\"publisher\":{\"@id\":\"https:\\\/\\\/henergylab.com\\\/es\\\/#organization\"},\"potentialAction\":[{\"@type\":\"SearchAction\",\"target\":{\"@type\":\"EntryPoint\",\"urlTemplate\":\"https:\\\/\\\/henergylab.com\\\/es\\\/?s={search_term_string}\"},\"query-input\":{\"@type\":\"PropertyValueSpecification\",\"valueRequired\":true,\"valueName\":\"search_term_string\"}}],\"inLanguage\":\"es\"},{\"@type\":\"Organization\",\"@id\":\"https:\\\/\\\/henergylab.com\\\/es\\\/#organization\",\"name\":\"HEN\",\"url\":\"https:\\\/\\\/henergylab.com\\\/es\\\/\",\"logo\":{\"@type\":\"ImageObject\",\"inLanguage\":\"es\",\"@id\":\"https:\\\/\\\/henergylab.com\\\/es\\\/#\\\/schema\\\/logo\\\/image\\\/\",\"url\":\"https:\\\/\\\/henergylab.com\\\/wp-content\\\/uploads\\\/2025\\\/07\\\/Henergylab-logo-scritta-nera-1.png\",\"contentUrl\":\"https:\\\/\\\/henergylab.com\\\/wp-content\\\/uploads\\\/2025\\\/07\\\/Henergylab-logo-scritta-nera-1.png\",\"width\":128,\"height\":128,\"caption\":\"HEN\"},\"image\":{\"@id\":\"https:\\\/\\\/henergylab.com\\\/es\\\/#\\\/schema\\\/logo\\\/image\\\/\"}}]}<\/script>\n<!-- \/ Yoast SEO plugin. -->","yoast_head_json":{"title":"Kit HENcoil 3 Quartz Kit de bobina de onda escalar HENcoil3 con amplificador","description":"Descubre el kit HENcoil3: bobina PEMF con ondas escalares y amplificador. Se controla mediante la app de Rife o USB. Ideal para el bienestar f\u00edsico y mental.","robots":{"index":"index","follow":"follow","max-snippet":"max-snippet:-1","max-image-preview":"max-image-preview:large","max-video-preview":"max-video-preview:-1"},"canonical":"https:\/\/henergylab.com\/es\/producto\/kit-hencoil-3-quartz\/","og_locale":"es_ES","og_type":"article","og_title":"Kit HENcoil 3 Quartz Kit de bobina de onda escalar HENcoil3 con amplificador","og_description":"Descubre el kit HENcoil3: bobina PEMF con ondas escalares y amplificador. Se controla mediante la app de Rife o USB. Ideal para el bienestar f\u00edsico y mental.","og_url":"https:\/\/henergylab.com\/es\/producto\/kit-hencoil-3-quartz\/","og_site_name":"HEN","article_modified_time":"2025-11-01T23:56:38+00:00","og_image":[{"width":1844,"height":1844,"url":"https:\/\/henergylab.com\/wp-content\/uploads\/2025\/10\/Coil-Quartz26AMP-1.jpg","type":"image\/jpeg"}],"twitter_card":"summary_large_image","twitter_misc":{"Tiempo de lectura":"2 minutos"},"schema":{"@context":"https:\/\/schema.org","@graph":[{"@type":"WebPage","@id":"https:\/\/henergylab.com\/es\/producto\/kit-hencoil-3-quartz\/","url":"https:\/\/henergylab.com\/es\/producto\/kit-hencoil-3-quartz\/","name":"Kit HENcoil 3 Quartz Kit de bobina de onda escalar HENcoil3 con amplificador","isPartOf":{"@id":"https:\/\/henergylab.com\/es\/#website"},"primaryImageOfPage":{"@id":"https:\/\/henergylab.com\/es\/producto\/kit-hencoil-3-quartz\/#primaryimage"},"image":{"@id":"https:\/\/henergylab.com\/es\/producto\/kit-hencoil-3-quartz\/#primaryimage"},"thumbnailUrl":"https:\/\/henergylab.com\/wp-content\/uploads\/2025\/10\/Coil-Quartz26AMP-1.jpg","datePublished":"2025-10-09T13:50:40+00:00","dateModified":"2025-11-01T23:56:38+00:00","description":"Descubre el kit HENcoil3: bobina PEMF con ondas escalares y amplificador. Se controla mediante la app de Rife o USB. Ideal para el bienestar f\u00edsico y mental.","breadcrumb":{"@id":"https:\/\/henergylab.com\/es\/producto\/kit-hencoil-3-quartz\/#breadcrumb"},"inLanguage":"es","potentialAction":[{"@type":"ReadAction","target":["https:\/\/henergylab.com\/es\/producto\/kit-hencoil-3-quartz\/"]}]},{"@type":"ImageObject","inLanguage":"es","@id":"https:\/\/henergylab.com\/es\/producto\/kit-hencoil-3-quartz\/#primaryimage","url":"https:\/\/henergylab.com\/wp-content\/uploads\/2025\/10\/Coil-Quartz26AMP-1.jpg","contentUrl":"https:\/\/henergylab.com\/wp-content\/uploads\/2025\/10\/Coil-Quartz26AMP-1.jpg","width":1844,"height":1844,"caption":"Dispositivo PEMF para uso dom\u00e9stico"},{"@type":"BreadcrumbList","@id":"https:\/\/henergylab.com\/es\/producto\/kit-hencoil-3-quartz\/#breadcrumb","itemListElement":[{"@type":"ListItem","position":1,"name":"Home","item":"https:\/\/henergylab.com\/es\/"},{"@type":"ListItem","position":2,"name":"Tienda","item":"https:\/\/henergylab.com\/es\/tienda\/"},{"@type":"ListItem","position":3,"name":"Kit HENcoil 3 Quartz"}]},{"@type":"WebSite","@id":"https:\/\/henergylab.com\/es\/#website","url":"https:\/\/henergylab.com\/es\/","name":"henergylab","description":"","publisher":{"@id":"https:\/\/henergylab.com\/es\/#organization"},"potentialAction":[{"@type":"SearchAction","target":{"@type":"EntryPoint","urlTemplate":"https:\/\/henergylab.com\/es\/?s={search_term_string}"},"query-input":{"@type":"PropertyValueSpecification","valueRequired":true,"valueName":"search_term_string"}}],"inLanguage":"es"},{"@type":"Organization","@id":"https:\/\/henergylab.com\/es\/#organization","name":"HEN","url":"https:\/\/henergylab.com\/es\/","logo":{"@type":"ImageObject","inLanguage":"es","@id":"https:\/\/henergylab.com\/es\/#\/schema\/logo\/image\/","url":"https:\/\/henergylab.com\/wp-content\/uploads\/2025\/07\/Henergylab-logo-scritta-nera-1.png","contentUrl":"https:\/\/henergylab.com\/wp-content\/uploads\/2025\/07\/Henergylab-logo-scritta-nera-1.png","width":128,"height":128,"caption":"HEN"},"image":{"@id":"https:\/\/henergylab.com\/es\/#\/schema\/logo\/image\/"}}]}},"_links":{"self":[{"href":"https:\/\/henergylab.com\/es\/wp-json\/wp\/v2\/product\/4380","targetHints":{"allow":["GET"]}}],"collection":[{"href":"https:\/\/henergylab.com\/es\/wp-json\/wp\/v2\/product"}],"about":[{"href":"https:\/\/henergylab.com\/es\/wp-json\/wp\/v2\/types\/product"}],"replies":[{"embeddable":true,"href":"https:\/\/henergylab.com\/es\/wp-json\/wp\/v2\/comments?post=4380"}],"wp:featuredmedia":[{"embeddable":true,"href":"https:\/\/henergylab.com\/es\/wp-json\/wp\/v2\/media\/4381"}],"wp:attachment":[{"href":"https:\/\/henergylab.com\/es\/wp-json\/wp\/v2\/media?parent=4380"}],"wp:term":[{"taxonomy":"product_brand","embeddable":true,"href":"https:\/\/henergylab.com\/es\/wp-json\/wp\/v2\/product_brand?post=4380"},{"taxonomy":"product_cat","embeddable":true,"href":"https:\/\/henergylab.com\/es\/wp-json\/wp\/v2\/product_cat?post=4380"},{"taxonomy":"product_tag","embeddable":true,"href":"https:\/\/henergylab.com\/es\/wp-json\/wp\/v2\/product_tag?post=4380"}],"curies":[{"name":"wp","href":"https:\/\/api.w.org\/{rel}","templated":true}]}}