{"id":4486,"date":"2025-01-30T01:15:02","date_gmt":"2025-01-30T01:15:02","guid":{"rendered":"https:\/\/henergylab.com\/product\/toruscoil7-amethyst\/"},"modified":"2025-11-02T16:36:11","modified_gmt":"2025-11-02T16:36:11","slug":"toruscoil7-amethyst","status":"publish","type":"product","link":"https:\/\/henergylab.com\/es\/producto\/toruscoil7-amethyst\/","title":{"rendered":"TorusCoil7 Amethyst"},"content":{"rendered":"<h2 data-start=\"146\" data-end=\"210\"><strong data-start=\"149\" data-end=\"210\">Torus7 Coil Amatista \u2013 Bobina de Ondas Escalares Port\u00e1til<\/strong><\/h2>\n<p data-start=\"212\" data-end=\"441\"><strong data-start=\"212\" data-end=\"227\">Bobina PEMF<\/strong> dise\u00f1ada seg\u00fan los principios de las matem\u00e1ticas del v\u00f3rtice.<br data-start=\"289\" data-end=\"292\" \/>El patr\u00f3n de enrollado \u00fanico, inspirado en la forma de nuestro Universo, permite la creaci\u00f3n de <strong data-start=\"388\" data-end=\"407\">ondas escalares<\/strong> o <strong data-start=\"410\" data-end=\"440\">campos energ\u00e9ticos sutiles<\/strong>.<\/p>\n<p data-start=\"443\" data-end=\"752\">El <strong data-start=\"446\" data-end=\"465\">campo magn\u00e9tico<\/strong> generado se integra con el <strong data-start=\"493\" data-end=\"508\">campo sutil<\/strong> acumulado por el toroide.<br data-start=\"534\" data-end=\"537\" \/>Gracias a los <strong data-start=\"551\" data-end=\"576\">cristales de amatista<\/strong> presentes, la energ\u00eda se modula de acuerdo con las propiedades de la amatista y la frecuencia utilizada, mejorando la capacidad del dispositivo para canalizar las frecuencias.<\/p>\n<p data-start=\"754\" data-end=\"1718\">La <strong data-start=\"757\" data-end=\"769\">amatista<\/strong> es una piedra que ayuda a reducir el estr\u00e9s y la ansiedad, as\u00ed como las tensiones f\u00edsicas y psicol\u00f3gicas, favoreciendo la relajaci\u00f3n y la serenidad.<br data-start=\"918\" data-end=\"921\" \/>Es \u00fatil en el tratamiento de trastornos relacionados con el sistema nervioso \u2014como el insomnio y los dolores de cabeza\u2014 y en la promoci\u00f3n de un sue\u00f1o tranquilo.<br data-start=\"1081\" data-end=\"1084\" \/>Tiene el poder de <strong data-start=\"1102\" data-end=\"1138\">purificar la energ\u00eda circundante<\/strong>, limpiando tanto el entorno como la energ\u00eda personal de las negatividades.<br data-start=\"1213\" data-end=\"1216\" \/>La amatista <strong data-start=\"1228\" data-end=\"1270\">estimula la mente y la claridad mental<\/strong>, mejorando la concentraci\u00f3n y la lucidez.<br data-start=\"1312\" data-end=\"1315\" \/>A menudo se utiliza para ayudar a liberar emociones negativas como la ira y el miedo, fomentando el <strong data-start=\"1415\" data-end=\"1439\">equilibrio emocional<\/strong>, la paz y la armon\u00eda.<br data-start=\"1461\" data-end=\"1464\" \/>La amatista est\u00e1 asociada con el <strong data-start=\"1497\" data-end=\"1514\">chakra corona<\/strong> (ubicado en la parte superior de la cabeza), que est\u00e1 relacionado con la espiritualidad, la conexi\u00f3n con el universo, el crecimiento espiritual, la expansi\u00f3n de la conciencia y el contacto con lo divino.<\/p>\n<p data-start=\"1720\" data-end=\"2077\">Esta sinergia entre el <strong data-start=\"1743\" data-end=\"1762\">campo magn\u00e9tico<\/strong> y el <strong data-start=\"1768\" data-end=\"1783\">campo sutil<\/strong> permite que la <strong data-start=\"1799\" data-end=\"1823\">Torus7 Coil Amatista<\/strong> interact\u00fae con los campos energ\u00e9ticos sutiles del cuerpo humano.<br data-start=\"1888\" data-end=\"1891\" \/>Favorece la <strong data-start=\"1903\" data-end=\"1943\">estimulaci\u00f3n de la actividad celular<\/strong> y mejora el bienestar general mediante el uso de <strong data-start=\"1993\" data-end=\"2033\">frecuencias terap\u00e9uticas espec\u00edficas<\/strong>, como las empleadas en la <strong data-start=\"2060\" data-end=\"2076\">terapia Rife<\/strong>.<\/p>\n<hr data-start=\"2079\" data-end=\"2082\" \/>\n<h3 data-start=\"2084\" data-end=\"2172\"><strong data-start=\"2088\" data-end=\"2172\">Beneficios de la Terapia Rife o PEMF (Terapia de Campo Electromagn\u00e9tico Pulsado)<\/strong><\/h3>\n<p data-start=\"2174\" data-end=\"2259\"><strong data-start=\"2174\" data-end=\"2199\">Estimulaci\u00f3n Celular:<\/strong> Mejora la salud celular y la regeneraci\u00f3n de los tejidos.<\/p>\n<p data-start=\"2261\" data-end=\"2335\"><strong data-start=\"2261\" data-end=\"2290\">Mejora de la Circulaci\u00f3n:<\/strong> Favorece una circulaci\u00f3n sangu\u00ednea \u00f3ptima.<\/p>\n<p data-start=\"2337\" data-end=\"2431\"><strong data-start=\"2337\" data-end=\"2371\">Relajaci\u00f3n y Alivio del Dolor:<\/strong> Reduce las tensiones musculares y promueve la relajaci\u00f3n.<\/p>\n<p data-start=\"2433\" data-end=\"2577\"><strong data-start=\"2433\" data-end=\"2455\">Bienestar General:<\/strong> Promueve el equilibrio energ\u00e9tico y el bienestar psicof\u00edsico mediante la interacci\u00f3n con los campos sutiles del cuerpo.<\/p>\n<p data-start=\"2579\" data-end=\"2830\"><strong data-start=\"2579\" data-end=\"2608\">Eliminaci\u00f3n de Pat\u00f3genos:<\/strong><br data-start=\"2608\" data-end=\"2611\" \/>El uso de frecuencias espec\u00edficas \u2014resultado de d\u00e9cadas de investigaciones y experimentaci\u00f3n\u2014 permite la <strong data-start=\"2716\" data-end=\"2779\">eliminaci\u00f3n selectiva de virus, bacterias y otros pat\u00f3genos<\/strong> mediante la resonancia de ondas electromagn\u00e9ticas.<\/p>\n<hr data-start=\"2832\" data-end=\"2835\" \/>\n<h3 data-start=\"2837\" data-end=\"2860\"><strong data-start=\"2841\" data-end=\"2860\">Dise\u00f1o Port\u00e1til<\/strong><\/h3>\n<p data-start=\"2862\" data-end=\"3011\">Dise\u00f1ada como un <strong data-start=\"2879\" data-end=\"2903\">dispositivo port\u00e1til<\/strong>, puede conectarse a un <strong data-start=\"2927\" data-end=\"2959\">smartphone o reproductor MP3<\/strong> a trav\u00e9s de una <strong data-start=\"2976\" data-end=\"3010\">entrada de audio jack est\u00e1ndar<\/strong>.<\/p>\n<p data-start=\"3013\" data-end=\"3045\"><strong data-start=\"3013\" data-end=\"3039\">Di\u00e1metro de la bobina:<\/strong> 7 cm.<\/p>\n","protected":false},"excerpt":{"rendered":"<p>Bobina toroidal PEMF, dise\u00f1ada como un dispositivo port\u00e1til para usar con tel\u00e9fonos inteligentes.<\/p>\n","protected":false},"featured_media":4358,"comment_status":"open","ping_status":"closed","template":"","meta":{"ocean_post_layout":"","ocean_both_sidebars_style":"","ocean_both_sidebars_content_width":0,"ocean_both_sidebars_sidebars_width":0,"ocean_sidebar":"0","ocean_second_sidebar":"0","ocean_disable_margins":"enable","ocean_add_body_class":"","ocean_shortcode_before_top_bar":"","ocean_shortcode_after_top_bar":"","ocean_shortcode_before_header":"","ocean_shortcode_after_header":"","ocean_has_shortcode":"","ocean_shortcode_after_title":"","ocean_shortcode_before_footer_widgets":"","ocean_shortcode_after_footer_widgets":"","ocean_shortcode_before_footer_bottom":"","ocean_shortcode_after_footer_bottom":"","ocean_display_top_bar":"default","ocean_display_header":"default","ocean_header_style":"","ocean_center_header_left_menu":"0","ocean_custom_header_template":"0","ocean_custom_logo":0,"ocean_custom_retina_logo":0,"ocean_custom_logo_max_width":0,"ocean_custom_logo_tablet_max_width":0,"ocean_custom_logo_mobile_max_width":0,"ocean_custom_logo_max_height":0,"ocean_custom_logo_tablet_max_height":0,"ocean_custom_logo_mobile_max_height":0,"ocean_header_custom_menu":"0","ocean_menu_typo_font_family":"0","ocean_menu_typo_font_subset":"","ocean_menu_typo_font_size":0,"ocean_menu_typo_font_size_tablet":0,"ocean_menu_typo_font_size_mobile":0,"ocean_menu_typo_font_size_unit":"px","ocean_menu_typo_font_weight":"","ocean_menu_typo_font_weight_tablet":"","ocean_menu_typo_font_weight_mobile":"","ocean_menu_typo_transform":"","ocean_menu_typo_transform_tablet":"","ocean_menu_typo_transform_mobile":"","ocean_menu_typo_line_height":0,"ocean_menu_typo_line_height_tablet":0,"ocean_menu_typo_line_height_mobile":0,"ocean_menu_typo_line_height_unit":"","ocean_menu_typo_spacing":0,"ocean_menu_typo_spacing_tablet":0,"ocean_menu_typo_spacing_mobile":0,"ocean_menu_typo_spacing_unit":"","ocean_menu_link_color":"","ocean_menu_link_color_hover":"","ocean_menu_link_color_active":"","ocean_menu_link_background":"","ocean_menu_link_hover_background":"","ocean_menu_link_active_background":"","ocean_menu_social_links_bg":"","ocean_menu_social_hover_links_bg":"","ocean_menu_social_links_color":"","ocean_menu_social_hover_links_color":"","ocean_disable_title":"default","ocean_disable_heading":"default","ocean_post_title":"","ocean_post_subheading":"","ocean_post_title_style":"","ocean_post_title_background_color":"","ocean_post_title_background":0,"ocean_post_title_bg_image_position":"","ocean_post_title_bg_image_attachment":"","ocean_post_title_bg_image_repeat":"","ocean_post_title_bg_image_size":"","ocean_post_title_height":0,"ocean_post_title_bg_overlay":0.5,"ocean_post_title_bg_overlay_color":"","ocean_disable_breadcrumbs":"default","ocean_breadcrumbs_color":"","ocean_breadcrumbs_separator_color":"","ocean_breadcrumbs_links_color":"","ocean_breadcrumbs_links_hover_color":"","ocean_display_footer_widgets":"default","ocean_display_footer_bottom":"default","ocean_custom_footer_template":"0","_glsr_average":0,"_glsr_ranking":0,"_glsr_reviews":0},"product_brand":[],"product_cat":[109],"product_tag":[],"class_list":{"0":"post-4486","1":"product","2":"type-product","3":"status-publish","4":"has-post-thumbnail","6":"product_cat-hencoils","8":"entry","9":"has-media","11":"first","12":"instock","13":"taxable","14":"shipping-taxable","15":"purchasable","16":"product-type-simple","17":"add-to-wishlist-after_add_to_cart","18":"has-product-nav","19":"col","20":"span_1_of_3","21":"owp-content-center","22":"owp-thumbs-layout-vertical","23":"owp-btn-normal","24":"owp-tabs-layout-horizontal"},"yoast_head":"<!-- This site is optimized with the Yoast SEO plugin v27.4 - https:\/\/yoast.com\/product\/yoast-seo-wordpress\/ -->\n<title>TorusCoil7 Amethyst - HEN<\/title>\n<meta name=\"description\" content=\"Bobina PEMF construida seg\u00fan los principios de la matem\u00e1tica de v\u00f3rtices. Permite la creaci\u00f3n de ondas escalares integradas en el campo magn\u00e9tico.\" \/>\n<meta name=\"robots\" content=\"index, follow, max-snippet:-1, max-image-preview:large, max-video-preview:-1\" \/>\n<link rel=\"canonical\" href=\"https:\/\/henergylab.com\/es\/producto\/toruscoil7-amethyst\/\" \/>\n<meta property=\"og:locale\" content=\"es_ES\" \/>\n<meta property=\"og:type\" content=\"article\" \/>\n<meta property=\"og:title\" content=\"TorusCoil7 Amethyst - HEN\" \/>\n<meta property=\"og:description\" content=\"Bobina PEMF construida seg\u00fan los principios de la matem\u00e1tica de v\u00f3rtices. Permite la creaci\u00f3n de ondas escalares integradas en el campo magn\u00e9tico.\" \/>\n<meta property=\"og:url\" content=\"https:\/\/henergylab.com\/es\/producto\/toruscoil7-amethyst\/\" \/>\n<meta property=\"og:site_name\" content=\"HEN\" \/>\n<meta property=\"article:modified_time\" content=\"2025-11-02T16:36:11+00:00\" \/>\n<meta property=\"og:image\" content=\"https:\/\/henergylab.com\/wp-content\/uploads\/2025\/01\/Coil7-AmetistET1.jpg\" \/>\n\t<meta property=\"og:image:width\" content=\"1759\" \/>\n\t<meta property=\"og:image:height\" content=\"1316\" \/>\n\t<meta property=\"og:image:type\" content=\"image\/jpeg\" \/>\n<meta name=\"twitter:card\" content=\"summary_large_image\" \/>\n<meta name=\"twitter:label1\" content=\"Tiempo de lectura\" \/>\n\t<meta name=\"twitter:data1\" content=\"2 minutos\" \/>\n<script type=\"application\/ld+json\" class=\"yoast-schema-graph\">{\"@context\":\"https:\\\/\\\/schema.org\",\"@graph\":[{\"@type\":\"WebPage\",\"@id\":\"https:\\\/\\\/henergylab.com\\\/es\\\/producto\\\/toruscoil7-amethyst\\\/\",\"url\":\"https:\\\/\\\/henergylab.com\\\/es\\\/producto\\\/toruscoil7-amethyst\\\/\",\"name\":\"TorusCoil7 Amethyst - HEN\",\"isPartOf\":{\"@id\":\"https:\\\/\\\/henergylab.com\\\/es\\\/#website\"},\"primaryImageOfPage\":{\"@id\":\"https:\\\/\\\/henergylab.com\\\/es\\\/producto\\\/toruscoil7-amethyst\\\/#primaryimage\"},\"image\":{\"@id\":\"https:\\\/\\\/henergylab.com\\\/es\\\/producto\\\/toruscoil7-amethyst\\\/#primaryimage\"},\"thumbnailUrl\":\"https:\\\/\\\/henergylab.com\\\/wp-content\\\/uploads\\\/2025\\\/01\\\/Coil7-AmetistET1.jpg\",\"datePublished\":\"2025-01-30T01:15:02+00:00\",\"dateModified\":\"2025-11-02T16:36:11+00:00\",\"description\":\"Bobina PEMF construida seg\u00fan los principios de la matem\u00e1tica de v\u00f3rtices. Permite la creaci\u00f3n de ondas escalares integradas en el campo magn\u00e9tico.\",\"breadcrumb\":{\"@id\":\"https:\\\/\\\/henergylab.com\\\/es\\\/producto\\\/toruscoil7-amethyst\\\/#breadcrumb\"},\"inLanguage\":\"es\",\"potentialAction\":[{\"@type\":\"ReadAction\",\"target\":[\"https:\\\/\\\/henergylab.com\\\/es\\\/producto\\\/toruscoil7-amethyst\\\/\"]}]},{\"@type\":\"ImageObject\",\"inLanguage\":\"es\",\"@id\":\"https:\\\/\\\/henergylab.com\\\/es\\\/producto\\\/toruscoil7-amethyst\\\/#primaryimage\",\"url\":\"https:\\\/\\\/henergylab.com\\\/wp-content\\\/uploads\\\/2025\\\/01\\\/Coil7-AmetistET1.jpg\",\"contentUrl\":\"https:\\\/\\\/henergylab.com\\\/wp-content\\\/uploads\\\/2025\\\/01\\\/Coil7-AmetistET1.jpg\",\"width\":1759,\"height\":1316},{\"@type\":\"BreadcrumbList\",\"@id\":\"https:\\\/\\\/henergylab.com\\\/es\\\/producto\\\/toruscoil7-amethyst\\\/#breadcrumb\",\"itemListElement\":[{\"@type\":\"ListItem\",\"position\":1,\"name\":\"Home\",\"item\":\"https:\\\/\\\/henergylab.com\\\/es\\\/\"},{\"@type\":\"ListItem\",\"position\":2,\"name\":\"Tienda\",\"item\":\"https:\\\/\\\/henergylab.com\\\/es\\\/tienda\\\/\"},{\"@type\":\"ListItem\",\"position\":3,\"name\":\"TorusCoil7 Amethyst\"}]},{\"@type\":\"WebSite\",\"@id\":\"https:\\\/\\\/henergylab.com\\\/es\\\/#website\",\"url\":\"https:\\\/\\\/henergylab.com\\\/es\\\/\",\"name\":\"henergylab\",\"description\":\"\",\"publisher\":{\"@id\":\"https:\\\/\\\/henergylab.com\\\/es\\\/#organization\"},\"potentialAction\":[{\"@type\":\"SearchAction\",\"target\":{\"@type\":\"EntryPoint\",\"urlTemplate\":\"https:\\\/\\\/henergylab.com\\\/es\\\/?s={search_term_string}\"},\"query-input\":{\"@type\":\"PropertyValueSpecification\",\"valueRequired\":true,\"valueName\":\"search_term_string\"}}],\"inLanguage\":\"es\"},{\"@type\":\"Organization\",\"@id\":\"https:\\\/\\\/henergylab.com\\\/es\\\/#organization\",\"name\":\"HEN\",\"url\":\"https:\\\/\\\/henergylab.com\\\/es\\\/\",\"logo\":{\"@type\":\"ImageObject\",\"inLanguage\":\"es\",\"@id\":\"https:\\\/\\\/henergylab.com\\\/es\\\/#\\\/schema\\\/logo\\\/image\\\/\",\"url\":\"https:\\\/\\\/henergylab.com\\\/wp-content\\\/uploads\\\/2025\\\/07\\\/Henergylab-logo-scritta-nera-1.png\",\"contentUrl\":\"https:\\\/\\\/henergylab.com\\\/wp-content\\\/uploads\\\/2025\\\/07\\\/Henergylab-logo-scritta-nera-1.png\",\"width\":128,\"height\":128,\"caption\":\"HEN\"},\"image\":{\"@id\":\"https:\\\/\\\/henergylab.com\\\/es\\\/#\\\/schema\\\/logo\\\/image\\\/\"}}]}<\/script>\n<!-- \/ Yoast SEO plugin. -->","yoast_head_json":{"title":"TorusCoil7 Amethyst - HEN","description":"Bobina PEMF construida seg\u00fan los principios de la matem\u00e1tica de v\u00f3rtices. Permite la creaci\u00f3n de ondas escalares integradas en el campo magn\u00e9tico.","robots":{"index":"index","follow":"follow","max-snippet":"max-snippet:-1","max-image-preview":"max-image-preview:large","max-video-preview":"max-video-preview:-1"},"canonical":"https:\/\/henergylab.com\/es\/producto\/toruscoil7-amethyst\/","og_locale":"es_ES","og_type":"article","og_title":"TorusCoil7 Amethyst - HEN","og_description":"Bobina PEMF construida seg\u00fan los principios de la matem\u00e1tica de v\u00f3rtices. Permite la creaci\u00f3n de ondas escalares integradas en el campo magn\u00e9tico.","og_url":"https:\/\/henergylab.com\/es\/producto\/toruscoil7-amethyst\/","og_site_name":"HEN","article_modified_time":"2025-11-02T16:36:11+00:00","og_image":[{"width":1759,"height":1316,"url":"https:\/\/henergylab.com\/wp-content\/uploads\/2025\/01\/Coil7-AmetistET1.jpg","type":"image\/jpeg"}],"twitter_card":"summary_large_image","twitter_misc":{"Tiempo de lectura":"2 minutos"},"schema":{"@context":"https:\/\/schema.org","@graph":[{"@type":"WebPage","@id":"https:\/\/henergylab.com\/es\/producto\/toruscoil7-amethyst\/","url":"https:\/\/henergylab.com\/es\/producto\/toruscoil7-amethyst\/","name":"TorusCoil7 Amethyst - HEN","isPartOf":{"@id":"https:\/\/henergylab.com\/es\/#website"},"primaryImageOfPage":{"@id":"https:\/\/henergylab.com\/es\/producto\/toruscoil7-amethyst\/#primaryimage"},"image":{"@id":"https:\/\/henergylab.com\/es\/producto\/toruscoil7-amethyst\/#primaryimage"},"thumbnailUrl":"https:\/\/henergylab.com\/wp-content\/uploads\/2025\/01\/Coil7-AmetistET1.jpg","datePublished":"2025-01-30T01:15:02+00:00","dateModified":"2025-11-02T16:36:11+00:00","description":"Bobina PEMF construida seg\u00fan los principios de la matem\u00e1tica de v\u00f3rtices. Permite la creaci\u00f3n de ondas escalares integradas en el campo magn\u00e9tico.","breadcrumb":{"@id":"https:\/\/henergylab.com\/es\/producto\/toruscoil7-amethyst\/#breadcrumb"},"inLanguage":"es","potentialAction":[{"@type":"ReadAction","target":["https:\/\/henergylab.com\/es\/producto\/toruscoil7-amethyst\/"]}]},{"@type":"ImageObject","inLanguage":"es","@id":"https:\/\/henergylab.com\/es\/producto\/toruscoil7-amethyst\/#primaryimage","url":"https:\/\/henergylab.com\/wp-content\/uploads\/2025\/01\/Coil7-AmetistET1.jpg","contentUrl":"https:\/\/henergylab.com\/wp-content\/uploads\/2025\/01\/Coil7-AmetistET1.jpg","width":1759,"height":1316},{"@type":"BreadcrumbList","@id":"https:\/\/henergylab.com\/es\/producto\/toruscoil7-amethyst\/#breadcrumb","itemListElement":[{"@type":"ListItem","position":1,"name":"Home","item":"https:\/\/henergylab.com\/es\/"},{"@type":"ListItem","position":2,"name":"Tienda","item":"https:\/\/henergylab.com\/es\/tienda\/"},{"@type":"ListItem","position":3,"name":"TorusCoil7 Amethyst"}]},{"@type":"WebSite","@id":"https:\/\/henergylab.com\/es\/#website","url":"https:\/\/henergylab.com\/es\/","name":"henergylab","description":"","publisher":{"@id":"https:\/\/henergylab.com\/es\/#organization"},"potentialAction":[{"@type":"SearchAction","target":{"@type":"EntryPoint","urlTemplate":"https:\/\/henergylab.com\/es\/?s={search_term_string}"},"query-input":{"@type":"PropertyValueSpecification","valueRequired":true,"valueName":"search_term_string"}}],"inLanguage":"es"},{"@type":"Organization","@id":"https:\/\/henergylab.com\/es\/#organization","name":"HEN","url":"https:\/\/henergylab.com\/es\/","logo":{"@type":"ImageObject","inLanguage":"es","@id":"https:\/\/henergylab.com\/es\/#\/schema\/logo\/image\/","url":"https:\/\/henergylab.com\/wp-content\/uploads\/2025\/07\/Henergylab-logo-scritta-nera-1.png","contentUrl":"https:\/\/henergylab.com\/wp-content\/uploads\/2025\/07\/Henergylab-logo-scritta-nera-1.png","width":128,"height":128,"caption":"HEN"},"image":{"@id":"https:\/\/henergylab.com\/es\/#\/schema\/logo\/image\/"}}]}},"_links":{"self":[{"href":"https:\/\/henergylab.com\/es\/wp-json\/wp\/v2\/product\/4486","targetHints":{"allow":["GET"]}}],"collection":[{"href":"https:\/\/henergylab.com\/es\/wp-json\/wp\/v2\/product"}],"about":[{"href":"https:\/\/henergylab.com\/es\/wp-json\/wp\/v2\/types\/product"}],"replies":[{"embeddable":true,"href":"https:\/\/henergylab.com\/es\/wp-json\/wp\/v2\/comments?post=4486"}],"wp:featuredmedia":[{"embeddable":true,"href":"https:\/\/henergylab.com\/es\/wp-json\/wp\/v2\/media\/4358"}],"wp:attachment":[{"href":"https:\/\/henergylab.com\/es\/wp-json\/wp\/v2\/media?parent=4486"}],"wp:term":[{"taxonomy":"product_brand","embeddable":true,"href":"https:\/\/henergylab.com\/es\/wp-json\/wp\/v2\/product_brand?post=4486"},{"taxonomy":"product_cat","embeddable":true,"href":"https:\/\/henergylab.com\/es\/wp-json\/wp\/v2\/product_cat?post=4486"},{"taxonomy":"product_tag","embeddable":true,"href":"https:\/\/henergylab.com\/es\/wp-json\/wp\/v2\/product_tag?post=4486"}],"curies":[{"name":"wp","href":"https:\/\/api.w.org\/{rel}","templated":true}]}}