{"id":4505,"date":"2025-01-30T00:44:53","date_gmt":"2025-01-30T00:44:53","guid":{"rendered":"https:\/\/henergylab.com\/product\/hencoil-1-amethyst\/"},"modified":"2025-10-31T15:52:41","modified_gmt":"2025-10-31T15:52:41","slug":"hencoil-1-amethyst","status":"publish","type":"product","link":"https:\/\/henergylab.com\/es\/producto\/hencoil-1-amethyst\/","title":{"rendered":"HenCoil 1 Amethyst"},"content":{"rendered":"<h2 data-start=\"181\" data-end=\"239\"><strong data-start=\"184\" data-end=\"239\">HenCoil 1 Amatista \u2013 Bobina de Ondas Escalares PEMF<\/strong><\/h2>\n<p data-start=\"241\" data-end=\"470\"><strong data-start=\"241\" data-end=\"256\">Bobina PEMF<\/strong> dise\u00f1ada seg\u00fan los principios de las matem\u00e1ticas del v\u00f3rtice.<br data-start=\"318\" data-end=\"321\" \/>El patr\u00f3n de enrollado \u00fanico, inspirado en la forma de nuestro Universo, permite la creaci\u00f3n de <strong data-start=\"417\" data-end=\"436\">ondas escalares<\/strong> o <strong data-start=\"439\" data-end=\"469\">campos energ\u00e9ticos sutiles<\/strong>.<\/p>\n<p data-start=\"472\" data-end=\"801\">El <strong data-start=\"475\" data-end=\"494\">campo magn\u00e9tico<\/strong> generado se integra con el <strong data-start=\"522\" data-end=\"537\">campo sutil<\/strong> acumulado por el toroide.<br data-start=\"563\" data-end=\"566\" \/>Gracias a los <strong data-start=\"580\" data-end=\"605\">cristales de amatista<\/strong> incorporados, la energ\u00eda se modula de acuerdo con las propiedades de la amatista y la frecuencia utilizada, mejorando la capacidad del dispositivo para canalizar las frecuencias de manera \u00f3ptima.<\/p>\n<p data-start=\"803\" data-end=\"1757\">La <strong data-start=\"806\" data-end=\"818\">amatista<\/strong> es una piedra que ayuda a reducir el estr\u00e9s y la ansiedad, as\u00ed como las tensiones f\u00edsicas y psicol\u00f3gicas, favoreciendo la relajaci\u00f3n y la serenidad.<br data-start=\"967\" data-end=\"970\" \/>Es \u00fatil en el tratamiento de trastornos relacionados con el sistema nervioso \u2014como el insomnio y los dolores de cabeza\u2014 y promueve un sue\u00f1o tranquilo.<br data-start=\"1120\" data-end=\"1123\" \/>Tiene el poder de <strong data-start=\"1141\" data-end=\"1177\">purificar la energ\u00eda circundante<\/strong>, limpiando tanto el entorno como la energ\u00eda personal de las negatividades.<br data-start=\"1252\" data-end=\"1255\" \/>La amatista <strong data-start=\"1267\" data-end=\"1309\">estimula la mente y la claridad mental<\/strong>, mejorando la concentraci\u00f3n y la lucidez.<br data-start=\"1351\" data-end=\"1354\" \/>A menudo se utiliza para ayudar a liberar emociones negativas como la ira y el miedo, fomentando el <strong data-start=\"1454\" data-end=\"1478\">equilibrio emocional<\/strong>, la paz y la armon\u00eda.<br data-start=\"1500\" data-end=\"1503\" \/>La amatista est\u00e1 asociada con el <strong data-start=\"1536\" data-end=\"1553\">chakra corona<\/strong> (ubicado en la parte superior de la cabeza), que est\u00e1 relacionado con la espiritualidad, la conexi\u00f3n con el universo, el crecimiento espiritual, la expansi\u00f3n de la conciencia y el contacto con lo divino.<\/p>\n<p data-start=\"1759\" data-end=\"2093\">Esta sinergia entre el <strong data-start=\"1782\" data-end=\"1801\">campo magn\u00e9tico<\/strong> y el <strong data-start=\"1807\" data-end=\"1822\">campo sutil<\/strong> permite que el dispositivo interact\u00fae con los campos energ\u00e9ticos sutiles del cuerpo humano, <strong data-start=\"1915\" data-end=\"1951\">estimulando la actividad celular<\/strong> y <strong data-start=\"1954\" data-end=\"1988\">mejorando el bienestar general<\/strong> mediante el uso de <strong data-start=\"2008\" data-end=\"2048\">frecuencias terap\u00e9uticas espec\u00edficas<\/strong>, como las utilizadas en la <strong data-start=\"2076\" data-end=\"2092\">terapia Rife<\/strong>.<\/p>\n<hr data-start=\"2095\" data-end=\"2098\" \/>\n<h3 data-start=\"2100\" data-end=\"2128\"><strong data-start=\"2104\" data-end=\"2128\">Compatibilidad y Uso<\/strong><\/h3>\n<p data-start=\"2130\" data-end=\"2497\">Dise\u00f1ada principalmente para <strong data-start=\"2159\" data-end=\"2188\">generadores de frecuencia<\/strong> como <strong data-start=\"2194\" data-end=\"2205\">Spooky2<\/strong>, para aprovechar al m\u00e1ximo las funciones de la <strong data-start=\"2253\" data-end=\"2268\">Spooky Coil<\/strong>.<br data-start=\"2269\" data-end=\"2272\" \/>Tambi\u00e9n puede utilizarse con otros <strong data-start=\"2307\" data-end=\"2336\">generadores de frecuencia<\/strong> o <strong data-start=\"2339\" data-end=\"2360\">sistemas de audio<\/strong>, como un <strong data-start=\"2370\" data-end=\"2402\">amplificador para smartphone<\/strong>, que permite reproducir diferentes frecuencias mediante las diversas aplicaciones disponibles.<\/p>\n<p data-start=\"2499\" data-end=\"2595\"><strong data-start=\"2499\" data-end=\"2512\">HenCoil 1<\/strong>, gracias a su tama\u00f1o, permite un <strong data-start=\"2546\" data-end=\"2595\">uso pr\u00e1ctico en diferentes partes del cuerpo.<\/strong><\/p>\n<p data-start=\"2597\" data-end=\"2630\"><strong data-start=\"2597\" data-end=\"2623\">Di\u00e1metro de la bobina:<\/strong> 13 cm.<\/p>\n","protected":false},"excerpt":{"rendered":"<p>Bobina toroidal PEMF, dise\u00f1ada para su uso pr\u00e1ctico en diversas partes del cuerpo<\/p>\n","protected":false},"featured_media":4496,"comment_status":"open","ping_status":"closed","template":"","meta":{"ocean_post_layout":"","ocean_both_sidebars_style":"","ocean_both_sidebars_content_width":0,"ocean_both_sidebars_sidebars_width":0,"ocean_sidebar":"0","ocean_second_sidebar":"0","ocean_disable_margins":"enable","ocean_add_body_class":"","ocean_shortcode_before_top_bar":"","ocean_shortcode_after_top_bar":"","ocean_shortcode_before_header":"","ocean_shortcode_after_header":"","ocean_has_shortcode":"","ocean_shortcode_after_title":"","ocean_shortcode_before_footer_widgets":"","ocean_shortcode_after_footer_widgets":"","ocean_shortcode_before_footer_bottom":"","ocean_shortcode_after_footer_bottom":"","ocean_display_top_bar":"default","ocean_display_header":"default","ocean_header_style":"","ocean_center_header_left_menu":"0","ocean_custom_header_template":"0","ocean_custom_logo":0,"ocean_custom_retina_logo":0,"ocean_custom_logo_max_width":0,"ocean_custom_logo_tablet_max_width":0,"ocean_custom_logo_mobile_max_width":0,"ocean_custom_logo_max_height":0,"ocean_custom_logo_tablet_max_height":0,"ocean_custom_logo_mobile_max_height":0,"ocean_header_custom_menu":"0","ocean_menu_typo_font_family":"0","ocean_menu_typo_font_subset":"","ocean_menu_typo_font_size":0,"ocean_menu_typo_font_size_tablet":0,"ocean_menu_typo_font_size_mobile":0,"ocean_menu_typo_font_size_unit":"px","ocean_menu_typo_font_weight":"","ocean_menu_typo_font_weight_tablet":"","ocean_menu_typo_font_weight_mobile":"","ocean_menu_typo_transform":"","ocean_menu_typo_transform_tablet":"","ocean_menu_typo_transform_mobile":"","ocean_menu_typo_line_height":0,"ocean_menu_typo_line_height_tablet":0,"ocean_menu_typo_line_height_mobile":0,"ocean_menu_typo_line_height_unit":"","ocean_menu_typo_spacing":0,"ocean_menu_typo_spacing_tablet":0,"ocean_menu_typo_spacing_mobile":0,"ocean_menu_typo_spacing_unit":"","ocean_menu_link_color":"","ocean_menu_link_color_hover":"","ocean_menu_link_color_active":"","ocean_menu_link_background":"","ocean_menu_link_hover_background":"","ocean_menu_link_active_background":"","ocean_menu_social_links_bg":"","ocean_menu_social_hover_links_bg":"","ocean_menu_social_links_color":"","ocean_menu_social_hover_links_color":"","ocean_disable_title":"default","ocean_disable_heading":"default","ocean_post_title":"","ocean_post_subheading":"","ocean_post_title_style":"","ocean_post_title_background_color":"","ocean_post_title_background":0,"ocean_post_title_bg_image_position":"","ocean_post_title_bg_image_attachment":"","ocean_post_title_bg_image_repeat":"","ocean_post_title_bg_image_size":"","ocean_post_title_height":0,"ocean_post_title_bg_overlay":0.5,"ocean_post_title_bg_overlay_color":"","ocean_disable_breadcrumbs":"default","ocean_breadcrumbs_color":"","ocean_breadcrumbs_separator_color":"","ocean_breadcrumbs_links_color":"","ocean_breadcrumbs_links_hover_color":"","ocean_display_footer_widgets":"default","ocean_display_footer_bottom":"default","ocean_custom_footer_template":"0","_glsr_average":0,"_glsr_ranking":0,"_glsr_reviews":0},"product_brand":[],"product_cat":[109],"product_tag":[],"class_list":{"0":"post-4505","1":"product","2":"type-product","3":"status-publish","4":"has-post-thumbnail","6":"product_cat-hencoils","8":"entry","9":"has-media","11":"first","12":"instock","13":"taxable","14":"shipping-taxable","15":"purchasable","16":"product-type-simple","17":"add-to-wishlist-after_add_to_cart","18":"has-rating","19":"has-product-nav","20":"col","21":"span_1_of_3","22":"owp-content-center","23":"owp-thumbs-layout-vertical","24":"owp-btn-normal","25":"owp-tabs-layout-horizontal"},"yoast_head":"<!-- This site is optimized with the Yoast SEO plugin v27.4 - https:\/\/yoast.com\/product\/yoast-seo-wordpress\/ -->\n<title>HenCoil 1 Amethyst - HEN<\/title>\n<meta name=\"description\" content=\"HenCoil 1 Amethyst, bobina de onda escalar PEMF, los beneficios de las ondas electromagn\u00e9ticas combinados con campos de energ\u00eda escalar\" \/>\n<meta name=\"robots\" content=\"index, follow, max-snippet:-1, max-image-preview:large, max-video-preview:-1\" \/>\n<link rel=\"canonical\" href=\"https:\/\/henergylab.com\/es\/producto\/hencoil-1-amethyst\/\" \/>\n<meta property=\"og:locale\" content=\"es_ES\" \/>\n<meta property=\"og:type\" content=\"article\" \/>\n<meta property=\"og:title\" content=\"HenCoil 1 Amethyst - HEN\" \/>\n<meta property=\"og:description\" content=\"HenCoil 1 Amethyst, bobina de onda escalar PEMF, los beneficios de las ondas electromagn\u00e9ticas combinados con campos de energ\u00eda escalar\" \/>\n<meta property=\"og:url\" content=\"https:\/\/henergylab.com\/es\/producto\/hencoil-1-amethyst\/\" \/>\n<meta property=\"og:site_name\" content=\"HEN\" \/>\n<meta property=\"article:modified_time\" content=\"2025-10-31T15:52:41+00:00\" \/>\n<meta property=\"og:image\" content=\"https:\/\/henergylab.com\/wp-content\/uploads\/2025\/01\/hen-coil1amethyst-3.jpg\" \/>\n\t<meta property=\"og:image:width\" content=\"2460\" \/>\n\t<meta property=\"og:image:height\" content=\"2460\" \/>\n\t<meta property=\"og:image:type\" content=\"image\/jpeg\" \/>\n<meta name=\"twitter:card\" content=\"summary_large_image\" \/>\n<meta name=\"twitter:label1\" content=\"Tiempo de lectura\" \/>\n\t<meta name=\"twitter:data1\" content=\"2 minutos\" \/>\n<script type=\"application\/ld+json\" class=\"yoast-schema-graph\">{\"@context\":\"https:\\\/\\\/schema.org\",\"@graph\":[{\"@type\":\"WebPage\",\"@id\":\"https:\\\/\\\/henergylab.com\\\/es\\\/producto\\\/hencoil-1-amethyst\\\/\",\"url\":\"https:\\\/\\\/henergylab.com\\\/es\\\/producto\\\/hencoil-1-amethyst\\\/\",\"name\":\"HenCoil 1 Amethyst - HEN\",\"isPartOf\":{\"@id\":\"https:\\\/\\\/henergylab.com\\\/es\\\/#website\"},\"primaryImageOfPage\":{\"@id\":\"https:\\\/\\\/henergylab.com\\\/es\\\/producto\\\/hencoil-1-amethyst\\\/#primaryimage\"},\"image\":{\"@id\":\"https:\\\/\\\/henergylab.com\\\/es\\\/producto\\\/hencoil-1-amethyst\\\/#primaryimage\"},\"thumbnailUrl\":\"https:\\\/\\\/henergylab.com\\\/wp-content\\\/uploads\\\/2025\\\/01\\\/hen-coil1amethyst-3.jpg\",\"datePublished\":\"2025-01-30T00:44:53+00:00\",\"dateModified\":\"2025-10-31T15:52:41+00:00\",\"description\":\"HenCoil 1 Amethyst, bobina de onda escalar PEMF, los beneficios de las ondas electromagn\u00e9ticas combinados con campos de energ\u00eda escalar\",\"breadcrumb\":{\"@id\":\"https:\\\/\\\/henergylab.com\\\/es\\\/producto\\\/hencoil-1-amethyst\\\/#breadcrumb\"},\"inLanguage\":\"es\",\"potentialAction\":[{\"@type\":\"ReadAction\",\"target\":[\"https:\\\/\\\/henergylab.com\\\/es\\\/producto\\\/hencoil-1-amethyst\\\/\"]}]},{\"@type\":\"ImageObject\",\"inLanguage\":\"es\",\"@id\":\"https:\\\/\\\/henergylab.com\\\/es\\\/producto\\\/hencoil-1-amethyst\\\/#primaryimage\",\"url\":\"https:\\\/\\\/henergylab.com\\\/wp-content\\\/uploads\\\/2025\\\/01\\\/hen-coil1amethyst-3.jpg\",\"contentUrl\":\"https:\\\/\\\/henergylab.com\\\/wp-content\\\/uploads\\\/2025\\\/01\\\/hen-coil1amethyst-3.jpg\",\"width\":2460,\"height\":2460,\"caption\":\"onda escalar\"},{\"@type\":\"BreadcrumbList\",\"@id\":\"https:\\\/\\\/henergylab.com\\\/es\\\/producto\\\/hencoil-1-amethyst\\\/#breadcrumb\",\"itemListElement\":[{\"@type\":\"ListItem\",\"position\":1,\"name\":\"Home\",\"item\":\"https:\\\/\\\/henergylab.com\\\/es\\\/\"},{\"@type\":\"ListItem\",\"position\":2,\"name\":\"Tienda\",\"item\":\"https:\\\/\\\/henergylab.com\\\/es\\\/tienda\\\/\"},{\"@type\":\"ListItem\",\"position\":3,\"name\":\"HenCoil 1 Amethyst\"}]},{\"@type\":\"WebSite\",\"@id\":\"https:\\\/\\\/henergylab.com\\\/es\\\/#website\",\"url\":\"https:\\\/\\\/henergylab.com\\\/es\\\/\",\"name\":\"henergylab\",\"description\":\"\",\"publisher\":{\"@id\":\"https:\\\/\\\/henergylab.com\\\/es\\\/#organization\"},\"potentialAction\":[{\"@type\":\"SearchAction\",\"target\":{\"@type\":\"EntryPoint\",\"urlTemplate\":\"https:\\\/\\\/henergylab.com\\\/es\\\/?s={search_term_string}\"},\"query-input\":{\"@type\":\"PropertyValueSpecification\",\"valueRequired\":true,\"valueName\":\"search_term_string\"}}],\"inLanguage\":\"es\"},{\"@type\":\"Organization\",\"@id\":\"https:\\\/\\\/henergylab.com\\\/es\\\/#organization\",\"name\":\"HEN\",\"url\":\"https:\\\/\\\/henergylab.com\\\/es\\\/\",\"logo\":{\"@type\":\"ImageObject\",\"inLanguage\":\"es\",\"@id\":\"https:\\\/\\\/henergylab.com\\\/es\\\/#\\\/schema\\\/logo\\\/image\\\/\",\"url\":\"https:\\\/\\\/henergylab.com\\\/wp-content\\\/uploads\\\/2025\\\/07\\\/Henergylab-logo-scritta-nera-1.png\",\"contentUrl\":\"https:\\\/\\\/henergylab.com\\\/wp-content\\\/uploads\\\/2025\\\/07\\\/Henergylab-logo-scritta-nera-1.png\",\"width\":128,\"height\":128,\"caption\":\"HEN\"},\"image\":{\"@id\":\"https:\\\/\\\/henergylab.com\\\/es\\\/#\\\/schema\\\/logo\\\/image\\\/\"}}]}<\/script>\n<!-- \/ Yoast SEO plugin. -->","yoast_head_json":{"title":"HenCoil 1 Amethyst - HEN","description":"HenCoil 1 Amethyst, bobina de onda escalar PEMF, los beneficios de las ondas electromagn\u00e9ticas combinados con campos de energ\u00eda escalar","robots":{"index":"index","follow":"follow","max-snippet":"max-snippet:-1","max-image-preview":"max-image-preview:large","max-video-preview":"max-video-preview:-1"},"canonical":"https:\/\/henergylab.com\/es\/producto\/hencoil-1-amethyst\/","og_locale":"es_ES","og_type":"article","og_title":"HenCoil 1 Amethyst - HEN","og_description":"HenCoil 1 Amethyst, bobina de onda escalar PEMF, los beneficios de las ondas electromagn\u00e9ticas combinados con campos de energ\u00eda escalar","og_url":"https:\/\/henergylab.com\/es\/producto\/hencoil-1-amethyst\/","og_site_name":"HEN","article_modified_time":"2025-10-31T15:52:41+00:00","og_image":[{"width":2460,"height":2460,"url":"https:\/\/henergylab.com\/wp-content\/uploads\/2025\/01\/hen-coil1amethyst-3.jpg","type":"image\/jpeg"}],"twitter_card":"summary_large_image","twitter_misc":{"Tiempo de lectura":"2 minutos"},"schema":{"@context":"https:\/\/schema.org","@graph":[{"@type":"WebPage","@id":"https:\/\/henergylab.com\/es\/producto\/hencoil-1-amethyst\/","url":"https:\/\/henergylab.com\/es\/producto\/hencoil-1-amethyst\/","name":"HenCoil 1 Amethyst - HEN","isPartOf":{"@id":"https:\/\/henergylab.com\/es\/#website"},"primaryImageOfPage":{"@id":"https:\/\/henergylab.com\/es\/producto\/hencoil-1-amethyst\/#primaryimage"},"image":{"@id":"https:\/\/henergylab.com\/es\/producto\/hencoil-1-amethyst\/#primaryimage"},"thumbnailUrl":"https:\/\/henergylab.com\/wp-content\/uploads\/2025\/01\/hen-coil1amethyst-3.jpg","datePublished":"2025-01-30T00:44:53+00:00","dateModified":"2025-10-31T15:52:41+00:00","description":"HenCoil 1 Amethyst, bobina de onda escalar PEMF, los beneficios de las ondas electromagn\u00e9ticas combinados con campos de energ\u00eda escalar","breadcrumb":{"@id":"https:\/\/henergylab.com\/es\/producto\/hencoil-1-amethyst\/#breadcrumb"},"inLanguage":"es","potentialAction":[{"@type":"ReadAction","target":["https:\/\/henergylab.com\/es\/producto\/hencoil-1-amethyst\/"]}]},{"@type":"ImageObject","inLanguage":"es","@id":"https:\/\/henergylab.com\/es\/producto\/hencoil-1-amethyst\/#primaryimage","url":"https:\/\/henergylab.com\/wp-content\/uploads\/2025\/01\/hen-coil1amethyst-3.jpg","contentUrl":"https:\/\/henergylab.com\/wp-content\/uploads\/2025\/01\/hen-coil1amethyst-3.jpg","width":2460,"height":2460,"caption":"onda escalar"},{"@type":"BreadcrumbList","@id":"https:\/\/henergylab.com\/es\/producto\/hencoil-1-amethyst\/#breadcrumb","itemListElement":[{"@type":"ListItem","position":1,"name":"Home","item":"https:\/\/henergylab.com\/es\/"},{"@type":"ListItem","position":2,"name":"Tienda","item":"https:\/\/henergylab.com\/es\/tienda\/"},{"@type":"ListItem","position":3,"name":"HenCoil 1 Amethyst"}]},{"@type":"WebSite","@id":"https:\/\/henergylab.com\/es\/#website","url":"https:\/\/henergylab.com\/es\/","name":"henergylab","description":"","publisher":{"@id":"https:\/\/henergylab.com\/es\/#organization"},"potentialAction":[{"@type":"SearchAction","target":{"@type":"EntryPoint","urlTemplate":"https:\/\/henergylab.com\/es\/?s={search_term_string}"},"query-input":{"@type":"PropertyValueSpecification","valueRequired":true,"valueName":"search_term_string"}}],"inLanguage":"es"},{"@type":"Organization","@id":"https:\/\/henergylab.com\/es\/#organization","name":"HEN","url":"https:\/\/henergylab.com\/es\/","logo":{"@type":"ImageObject","inLanguage":"es","@id":"https:\/\/henergylab.com\/es\/#\/schema\/logo\/image\/","url":"https:\/\/henergylab.com\/wp-content\/uploads\/2025\/07\/Henergylab-logo-scritta-nera-1.png","contentUrl":"https:\/\/henergylab.com\/wp-content\/uploads\/2025\/07\/Henergylab-logo-scritta-nera-1.png","width":128,"height":128,"caption":"HEN"},"image":{"@id":"https:\/\/henergylab.com\/es\/#\/schema\/logo\/image\/"}}]}},"_links":{"self":[{"href":"https:\/\/henergylab.com\/es\/wp-json\/wp\/v2\/product\/4505","targetHints":{"allow":["GET"]}}],"collection":[{"href":"https:\/\/henergylab.com\/es\/wp-json\/wp\/v2\/product"}],"about":[{"href":"https:\/\/henergylab.com\/es\/wp-json\/wp\/v2\/types\/product"}],"replies":[{"embeddable":true,"href":"https:\/\/henergylab.com\/es\/wp-json\/wp\/v2\/comments?post=4505"}],"wp:featuredmedia":[{"embeddable":true,"href":"https:\/\/henergylab.com\/es\/wp-json\/wp\/v2\/media\/4496"}],"wp:attachment":[{"href":"https:\/\/henergylab.com\/es\/wp-json\/wp\/v2\/media?parent=4505"}],"wp:term":[{"taxonomy":"product_brand","embeddable":true,"href":"https:\/\/henergylab.com\/es\/wp-json\/wp\/v2\/product_brand?post=4505"},{"taxonomy":"product_cat","embeddable":true,"href":"https:\/\/henergylab.com\/es\/wp-json\/wp\/v2\/product_cat?post=4505"},{"taxonomy":"product_tag","embeddable":true,"href":"https:\/\/henergylab.com\/es\/wp-json\/wp\/v2\/product_tag?post=4505"}],"curies":[{"name":"wp","href":"https:\/\/api.w.org\/{rel}","templated":true}]}}