{"id":4580,"date":"2025-01-20T23:16:11","date_gmt":"2025-01-20T23:16:11","guid":{"rendered":"https:\/\/henergylab.com\/product\/4580\/"},"modified":"2025-11-27T09:52:24","modified_gmt":"2025-11-27T09:52:24","slug":"4580","status":"publish","type":"product","link":"https:\/\/henergylab.com\/es\/producto\/4580\/","title":{"rendered":"HenCoil 2"},"content":{"rendered":"<p>Bobina HEN 2 \u2013 Bobina de v\u00f3rtice PEMF, Bienestar energ\u00e9tico mediante frecuencias sutiles<\/p>\n<p>Caracter\u00edsticas principales: Bobina toroidal PEMF de dos canales, entrada BNC<\/p>\n<p>Dise\u00f1o de v\u00f3rtice para ondas escalares y campos de energ\u00eda sutiles<\/p>\n<p>Compatible con generadores de frecuencia (p. ej., Spooky2)<\/p>\n<p>Di\u00e1metro: 18 cm \u2013 Peso: 1,75 kg \u2013 Resistencia: ~\u00b130 ohmios\/canal<\/p>\n<p>Tambi\u00e9n funciona con amplificadores de audio de al menos 50 W (v\u00eda Bluetooth o entrada auxiliar)<\/p>\n<p>Descripci\u00f3n<br \/>\nLa bobina HEN 2 es una bobina PEMF (Campo Electromagn\u00e9tico Pulsado) dise\u00f1ada seg\u00fan los principios de la matem\u00e1tica del v\u00f3rtice, una geometr\u00eda que refleja la estructura misma del universo. Gracias a esta bobina toroidal \u00fanica, es capaz de generar ondas escalares y campos de energ\u00eda sutiles, capaces de interactuar con los niveles m\u00e1s profundos del cuerpo humano: los niveles et\u00e9rico, energ\u00e9tico y celular.<\/p>\n<p>El campo magn\u00e9tico producido se sincroniza con el campo sutil acumulado por el orgonito toroidal, generando una sinergia \u00fanica entre la energ\u00eda f\u00edsica y la sutil. Esto convierte a la bobina HEN 3 en una poderosa herramienta para transmitir frecuencias a niveles profundos, m\u00e1s all\u00e1 del plano puramente f\u00edsico.<\/p>\n<p>Efectos beneficiosos<br \/>\nLos beneficios de la terapia Rife, o PEMF, cuando se aplica mediante campos electromagn\u00e9ticos, son bien conocidos:<\/p>\n<p>Estimulaci\u00f3n celular: Mejora la salud celular y la regeneraci\u00f3n de los tejidos.<\/p>\n<p>Mejora de la circulaci\u00f3n: Favorece una circulaci\u00f3n sangu\u00ednea \u00f3ptima.<\/p>\n<p>Relajaci\u00f3n y alivio del dolor: Reduce la tensi\u00f3n muscular y promueve la relajaci\u00f3n.<\/p>\n<p>Bienestar general: Promueve el equilibrio energ\u00e9tico y el bienestar psicof\u00edsico mediante la interacci\u00f3n con los campos sutiles del cuerpo.<\/p>\n<p>Eliminaci\u00f3n de pat\u00f3genos: El uso de la terapia Rife, o el uso de frecuencias espec\u00edficas, resultado de d\u00e9cadas de investigaci\u00f3n y experimentaci\u00f3n, permite la eliminaci\u00f3n selectiva de virus, bacterias y otros pat\u00f3genos mediante resonancia con ondas electromagn\u00e9ticas. Para un uso \u00f3ptimo de HENcoil3, se recomienda utilizar un amplificador de audio con una potencia m\u00ednima de 50 vatios, idealmente con Bluetooth o entrada AUX para poder controlarlo todo desde el smartphone mediante una aplicaci\u00f3n generadora de frecuencias, compatible tambi\u00e9n con generadores como SPooky2.<\/p>\n<p>Advertencias<br \/>\nNo lo utilice si tiene un marcapasos o dispositivos m\u00e9dicos implantados sensibles a los campos electromagn\u00e9ticos.<\/p>\n<p>Este dispositivo est\u00e1 destinado a fines experimentales y de bienestar personal. No es un dispositivo m\u00e9dico y no sustituye un diagn\u00f3stico ni un tratamiento.<\/p>\n","protected":false},"excerpt":{"rendered":"<p>Bobina toroidal PEMF, con dos entradas BNC, utilizable con un amplificador de audio de al menos 50 vatios por canal o m\u00e1s, o un generador de frecuencia como SPooky2, di\u00e1metro 18 cm.<\/p>\n","protected":false},"featured_media":4551,"comment_status":"open","ping_status":"closed","template":"","meta":{"ocean_post_layout":"","ocean_both_sidebars_style":"","ocean_both_sidebars_content_width":0,"ocean_both_sidebars_sidebars_width":0,"ocean_sidebar":"0","ocean_second_sidebar":"0","ocean_disable_margins":"enable","ocean_add_body_class":"","ocean_shortcode_before_top_bar":"","ocean_shortcode_after_top_bar":"","ocean_shortcode_before_header":"","ocean_shortcode_after_header":"","ocean_has_shortcode":"","ocean_shortcode_after_title":"","ocean_shortcode_before_footer_widgets":"","ocean_shortcode_after_footer_widgets":"","ocean_shortcode_before_footer_bottom":"","ocean_shortcode_after_footer_bottom":"","ocean_display_top_bar":"default","ocean_display_header":"default","ocean_header_style":"","ocean_center_header_left_menu":"0","ocean_custom_header_template":"0","ocean_custom_logo":0,"ocean_custom_retina_logo":0,"ocean_custom_logo_max_width":0,"ocean_custom_logo_tablet_max_width":0,"ocean_custom_logo_mobile_max_width":0,"ocean_custom_logo_max_height":0,"ocean_custom_logo_tablet_max_height":0,"ocean_custom_logo_mobile_max_height":0,"ocean_header_custom_menu":"0","ocean_menu_typo_font_family":"0","ocean_menu_typo_font_subset":"","ocean_menu_typo_font_size":0,"ocean_menu_typo_font_size_tablet":0,"ocean_menu_typo_font_size_mobile":0,"ocean_menu_typo_font_size_unit":"px","ocean_menu_typo_font_weight":"","ocean_menu_typo_font_weight_tablet":"","ocean_menu_typo_font_weight_mobile":"","ocean_menu_typo_transform":"","ocean_menu_typo_transform_tablet":"","ocean_menu_typo_transform_mobile":"","ocean_menu_typo_line_height":0,"ocean_menu_typo_line_height_tablet":0,"ocean_menu_typo_line_height_mobile":0,"ocean_menu_typo_line_height_unit":"","ocean_menu_typo_spacing":0,"ocean_menu_typo_spacing_tablet":0,"ocean_menu_typo_spacing_mobile":0,"ocean_menu_typo_spacing_unit":"","ocean_menu_link_color":"","ocean_menu_link_color_hover":"","ocean_menu_link_color_active":"","ocean_menu_link_background":"","ocean_menu_link_hover_background":"","ocean_menu_link_active_background":"","ocean_menu_social_links_bg":"","ocean_menu_social_hover_links_bg":"","ocean_menu_social_links_color":"","ocean_menu_social_hover_links_color":"","ocean_disable_title":"default","ocean_disable_heading":"default","ocean_post_title":"","ocean_post_subheading":"","ocean_post_title_style":"","ocean_post_title_background_color":"","ocean_post_title_background":0,"ocean_post_title_bg_image_position":"","ocean_post_title_bg_image_attachment":"","ocean_post_title_bg_image_repeat":"","ocean_post_title_bg_image_size":"","ocean_post_title_height":0,"ocean_post_title_bg_overlay":0.5,"ocean_post_title_bg_overlay_color":"","ocean_disable_breadcrumbs":"default","ocean_breadcrumbs_color":"","ocean_breadcrumbs_separator_color":"","ocean_breadcrumbs_links_color":"","ocean_breadcrumbs_links_hover_color":"","ocean_display_footer_widgets":"default","ocean_display_footer_bottom":"default","ocean_custom_footer_template":"0","_glsr_average":0,"_glsr_ranking":0,"_glsr_reviews":0},"product_brand":[],"product_cat":[109],"product_tag":[],"class_list":{"0":"post-4580","1":"product","2":"type-product","3":"status-publish","4":"has-post-thumbnail","6":"product_cat-hencoils","8":"entry","9":"has-media","11":"first","12":"instock","13":"taxable","14":"shipping-taxable","15":"purchasable","16":"product-type-simple","17":"add-to-wishlist-after_add_to_cart","18":"has-rating","19":"has-product-nav","20":"col","21":"span_1_of_3","22":"owp-content-center","23":"owp-thumbs-layout-vertical","24":"owp-btn-normal","25":"owp-tabs-layout-horizontal"},"yoast_head":"<!-- This site is optimized with the Yoast SEO plugin v27.4 - https:\/\/yoast.com\/product\/yoast-seo-wordpress\/ -->\n<title>HenCoil 2 - HEN<\/title>\n<meta name=\"description\" content=\"Dispositivo de onda escalar HenCoil 2 para terapia PEMF\" \/>\n<meta name=\"robots\" content=\"index, follow, max-snippet:-1, max-image-preview:large, max-video-preview:-1\" \/>\n<link rel=\"canonical\" href=\"https:\/\/henergylab.com\/es\/producto\/4580\/\" \/>\n<meta property=\"og:locale\" content=\"es_ES\" \/>\n<meta property=\"og:type\" content=\"article\" \/>\n<meta property=\"og:title\" content=\"HenCoil 2 - HEN\" \/>\n<meta property=\"og:description\" content=\"Dispositivo de onda escalar HenCoil 2 para terapia PEMF\" \/>\n<meta property=\"og:url\" content=\"https:\/\/henergylab.com\/es\/producto\/4580\/\" \/>\n<meta property=\"og:site_name\" content=\"HEN\" \/>\n<meta property=\"article:modified_time\" content=\"2025-11-27T09:52:24+00:00\" \/>\n<meta property=\"og:image\" content=\"https:\/\/henergylab.com\/wp-content\/uploads\/2025\/01\/NCoil18-black-3.jpg\" \/>\n\t<meta property=\"og:image:width\" content=\"1536\" \/>\n\t<meta property=\"og:image:height\" content=\"1536\" \/>\n\t<meta property=\"og:image:type\" content=\"image\/jpeg\" \/>\n<meta name=\"twitter:card\" content=\"summary_large_image\" \/>\n<meta name=\"twitter:label1\" content=\"Tiempo de lectura\" \/>\n\t<meta name=\"twitter:data1\" content=\"2 minutos\" \/>\n<script type=\"application\/ld+json\" class=\"yoast-schema-graph\">{\"@context\":\"https:\\\/\\\/schema.org\",\"@graph\":[{\"@type\":\"WebPage\",\"@id\":\"https:\\\/\\\/henergylab.com\\\/es\\\/producto\\\/4580\\\/\",\"url\":\"https:\\\/\\\/henergylab.com\\\/es\\\/producto\\\/4580\\\/\",\"name\":\"HenCoil 2 - HEN\",\"isPartOf\":{\"@id\":\"https:\\\/\\\/henergylab.com\\\/es\\\/#website\"},\"primaryImageOfPage\":{\"@id\":\"https:\\\/\\\/henergylab.com\\\/es\\\/producto\\\/4580\\\/#primaryimage\"},\"image\":{\"@id\":\"https:\\\/\\\/henergylab.com\\\/es\\\/producto\\\/4580\\\/#primaryimage\"},\"thumbnailUrl\":\"https:\\\/\\\/henergylab.com\\\/wp-content\\\/uploads\\\/2025\\\/01\\\/NCoil18-black-3.jpg\",\"datePublished\":\"2025-01-20T23:16:11+00:00\",\"dateModified\":\"2025-11-27T09:52:24+00:00\",\"description\":\"Dispositivo de onda escalar HenCoil 2 para terapia PEMF\",\"breadcrumb\":{\"@id\":\"https:\\\/\\\/henergylab.com\\\/es\\\/producto\\\/4580\\\/#breadcrumb\"},\"inLanguage\":\"es\",\"potentialAction\":[{\"@type\":\"ReadAction\",\"target\":[\"https:\\\/\\\/henergylab.com\\\/es\\\/producto\\\/4580\\\/\"]}]},{\"@type\":\"ImageObject\",\"inLanguage\":\"es\",\"@id\":\"https:\\\/\\\/henergylab.com\\\/es\\\/producto\\\/4580\\\/#primaryimage\",\"url\":\"https:\\\/\\\/henergylab.com\\\/wp-content\\\/uploads\\\/2025\\\/01\\\/NCoil18-black-3.jpg\",\"contentUrl\":\"https:\\\/\\\/henergylab.com\\\/wp-content\\\/uploads\\\/2025\\\/01\\\/NCoil18-black-3.jpg\",\"width\":1536,\"height\":1536,\"caption\":\"filter: 0; jpegRotation: 0; fileterIntensity: 0.000000; filterMask: 0; module:1facing:0; hw-remosaic: 0; touch: (-1.0, -1.0); modeInfo: ; sceneMode: Night; cct_value: 0; AI_Scene: (-1, -1); aec_lux: 0.0; hist255: 0.0; hist252~255: 0.0; hist0~15: 0.0;\"},{\"@type\":\"BreadcrumbList\",\"@id\":\"https:\\\/\\\/henergylab.com\\\/es\\\/producto\\\/4580\\\/#breadcrumb\",\"itemListElement\":[{\"@type\":\"ListItem\",\"position\":1,\"name\":\"Home\",\"item\":\"https:\\\/\\\/henergylab.com\\\/es\\\/\"},{\"@type\":\"ListItem\",\"position\":2,\"name\":\"Tienda\",\"item\":\"https:\\\/\\\/henergylab.com\\\/es\\\/tienda\\\/\"},{\"@type\":\"ListItem\",\"position\":3,\"name\":\"HenCoil 2\"}]},{\"@type\":\"WebSite\",\"@id\":\"https:\\\/\\\/henergylab.com\\\/es\\\/#website\",\"url\":\"https:\\\/\\\/henergylab.com\\\/es\\\/\",\"name\":\"henergylab\",\"description\":\"\",\"publisher\":{\"@id\":\"https:\\\/\\\/henergylab.com\\\/es\\\/#organization\"},\"potentialAction\":[{\"@type\":\"SearchAction\",\"target\":{\"@type\":\"EntryPoint\",\"urlTemplate\":\"https:\\\/\\\/henergylab.com\\\/es\\\/?s={search_term_string}\"},\"query-input\":{\"@type\":\"PropertyValueSpecification\",\"valueRequired\":true,\"valueName\":\"search_term_string\"}}],\"inLanguage\":\"es\"},{\"@type\":\"Organization\",\"@id\":\"https:\\\/\\\/henergylab.com\\\/es\\\/#organization\",\"name\":\"HEN\",\"url\":\"https:\\\/\\\/henergylab.com\\\/es\\\/\",\"logo\":{\"@type\":\"ImageObject\",\"inLanguage\":\"es\",\"@id\":\"https:\\\/\\\/henergylab.com\\\/es\\\/#\\\/schema\\\/logo\\\/image\\\/\",\"url\":\"https:\\\/\\\/henergylab.com\\\/wp-content\\\/uploads\\\/2025\\\/07\\\/Henergylab-logo-scritta-nera-1.png\",\"contentUrl\":\"https:\\\/\\\/henergylab.com\\\/wp-content\\\/uploads\\\/2025\\\/07\\\/Henergylab-logo-scritta-nera-1.png\",\"width\":128,\"height\":128,\"caption\":\"HEN\"},\"image\":{\"@id\":\"https:\\\/\\\/henergylab.com\\\/es\\\/#\\\/schema\\\/logo\\\/image\\\/\"}}]}<\/script>\n<!-- \/ Yoast SEO plugin. -->","yoast_head_json":{"title":"HenCoil 2 - HEN","description":"Dispositivo de onda escalar HenCoil 2 para terapia PEMF","robots":{"index":"index","follow":"follow","max-snippet":"max-snippet:-1","max-image-preview":"max-image-preview:large","max-video-preview":"max-video-preview:-1"},"canonical":"https:\/\/henergylab.com\/es\/producto\/4580\/","og_locale":"es_ES","og_type":"article","og_title":"HenCoil 2 - HEN","og_description":"Dispositivo de onda escalar HenCoil 2 para terapia PEMF","og_url":"https:\/\/henergylab.com\/es\/producto\/4580\/","og_site_name":"HEN","article_modified_time":"2025-11-27T09:52:24+00:00","og_image":[{"width":1536,"height":1536,"url":"https:\/\/henergylab.com\/wp-content\/uploads\/2025\/01\/NCoil18-black-3.jpg","type":"image\/jpeg"}],"twitter_card":"summary_large_image","twitter_misc":{"Tiempo de lectura":"2 minutos"},"schema":{"@context":"https:\/\/schema.org","@graph":[{"@type":"WebPage","@id":"https:\/\/henergylab.com\/es\/producto\/4580\/","url":"https:\/\/henergylab.com\/es\/producto\/4580\/","name":"HenCoil 2 - HEN","isPartOf":{"@id":"https:\/\/henergylab.com\/es\/#website"},"primaryImageOfPage":{"@id":"https:\/\/henergylab.com\/es\/producto\/4580\/#primaryimage"},"image":{"@id":"https:\/\/henergylab.com\/es\/producto\/4580\/#primaryimage"},"thumbnailUrl":"https:\/\/henergylab.com\/wp-content\/uploads\/2025\/01\/NCoil18-black-3.jpg","datePublished":"2025-01-20T23:16:11+00:00","dateModified":"2025-11-27T09:52:24+00:00","description":"Dispositivo de onda escalar HenCoil 2 para terapia PEMF","breadcrumb":{"@id":"https:\/\/henergylab.com\/es\/producto\/4580\/#breadcrumb"},"inLanguage":"es","potentialAction":[{"@type":"ReadAction","target":["https:\/\/henergylab.com\/es\/producto\/4580\/"]}]},{"@type":"ImageObject","inLanguage":"es","@id":"https:\/\/henergylab.com\/es\/producto\/4580\/#primaryimage","url":"https:\/\/henergylab.com\/wp-content\/uploads\/2025\/01\/NCoil18-black-3.jpg","contentUrl":"https:\/\/henergylab.com\/wp-content\/uploads\/2025\/01\/NCoil18-black-3.jpg","width":1536,"height":1536,"caption":"filter: 0; jpegRotation: 0; fileterIntensity: 0.000000; filterMask: 0; module:1facing:0; hw-remosaic: 0; touch: (-1.0, -1.0); modeInfo: ; sceneMode: Night; cct_value: 0; AI_Scene: (-1, -1); aec_lux: 0.0; hist255: 0.0; hist252~255: 0.0; hist0~15: 0.0;"},{"@type":"BreadcrumbList","@id":"https:\/\/henergylab.com\/es\/producto\/4580\/#breadcrumb","itemListElement":[{"@type":"ListItem","position":1,"name":"Home","item":"https:\/\/henergylab.com\/es\/"},{"@type":"ListItem","position":2,"name":"Tienda","item":"https:\/\/henergylab.com\/es\/tienda\/"},{"@type":"ListItem","position":3,"name":"HenCoil 2"}]},{"@type":"WebSite","@id":"https:\/\/henergylab.com\/es\/#website","url":"https:\/\/henergylab.com\/es\/","name":"henergylab","description":"","publisher":{"@id":"https:\/\/henergylab.com\/es\/#organization"},"potentialAction":[{"@type":"SearchAction","target":{"@type":"EntryPoint","urlTemplate":"https:\/\/henergylab.com\/es\/?s={search_term_string}"},"query-input":{"@type":"PropertyValueSpecification","valueRequired":true,"valueName":"search_term_string"}}],"inLanguage":"es"},{"@type":"Organization","@id":"https:\/\/henergylab.com\/es\/#organization","name":"HEN","url":"https:\/\/henergylab.com\/es\/","logo":{"@type":"ImageObject","inLanguage":"es","@id":"https:\/\/henergylab.com\/es\/#\/schema\/logo\/image\/","url":"https:\/\/henergylab.com\/wp-content\/uploads\/2025\/07\/Henergylab-logo-scritta-nera-1.png","contentUrl":"https:\/\/henergylab.com\/wp-content\/uploads\/2025\/07\/Henergylab-logo-scritta-nera-1.png","width":128,"height":128,"caption":"HEN"},"image":{"@id":"https:\/\/henergylab.com\/es\/#\/schema\/logo\/image\/"}}]}},"_links":{"self":[{"href":"https:\/\/henergylab.com\/es\/wp-json\/wp\/v2\/product\/4580","targetHints":{"allow":["GET"]}}],"collection":[{"href":"https:\/\/henergylab.com\/es\/wp-json\/wp\/v2\/product"}],"about":[{"href":"https:\/\/henergylab.com\/es\/wp-json\/wp\/v2\/types\/product"}],"replies":[{"embeddable":true,"href":"https:\/\/henergylab.com\/es\/wp-json\/wp\/v2\/comments?post=4580"}],"wp:featuredmedia":[{"embeddable":true,"href":"https:\/\/henergylab.com\/es\/wp-json\/wp\/v2\/media\/4551"}],"wp:attachment":[{"href":"https:\/\/henergylab.com\/es\/wp-json\/wp\/v2\/media?parent=4580"}],"wp:term":[{"taxonomy":"product_brand","embeddable":true,"href":"https:\/\/henergylab.com\/es\/wp-json\/wp\/v2\/product_brand?post=4580"},{"taxonomy":"product_cat","embeddable":true,"href":"https:\/\/henergylab.com\/es\/wp-json\/wp\/v2\/product_cat?post=4580"},{"taxonomy":"product_tag","embeddable":true,"href":"https:\/\/henergylab.com\/es\/wp-json\/wp\/v2\/product_tag?post=4580"}],"curies":[{"name":"wp","href":"https:\/\/api.w.org\/{rel}","templated":true}]}}