{"id":5073,"date":"2025-12-02T16:50:58","date_gmt":"2025-12-02T16:50:58","guid":{"rendered":"https:\/\/henergylab.com\/product\/colgante-de-orgonita-primer-pentaculo-de-jupiter\/"},"modified":"2025-12-02T16:50:58","modified_gmt":"2025-12-02T16:50:58","slug":"colgante-de-orgonita-primer-pentaculo-de-jupiter","status":"publish","type":"product","link":"https:\/\/henergylab.com\/es\/producto\/colgante-de-orgonita-primer-pentaculo-de-jupiter\/","title":{"rendered":"Colgante de orgonita Primer Pent\u00e1culo de J\u00fapiter"},"content":{"rendered":"<h1>Colgante de orgonita Primer Pent\u00e1culo de J\u00fapiter<\/h1>\n<h2 class=\"western\"><strong>Colgante de orgonita Primer Pent\u00e1culo de J\u00fapiter<\/strong><\/h2>\n<p><strong>S\u00edmbolo de Riqueza y Bendici\u00f3n Celestial<\/strong><br \/>\nEste pent\u00e1culo se utiliza para atraer riqueza material y prosperidad espiritual. Lleva los Nombres Divinos en caracteres m\u00edsticos y promueve abundancia y buena fortuna a quien lo porta con fe. Es especialmente indicado para quienes emprenden nuevos proyectos o buscan estabilidad econ\u00f3mica.  <\/p>\n<p>El colgante est\u00e1 hecho de resina epoxi, contiene lat\u00f3n y acero, y contiene cuarzo rosa, amatista, shungita y turmalina negra. Estas piedras le otorgan al org\u00f3n vibraciones de alta frecuencia, lo que permite elevar el estado interior a la misma frecuencia que los chakras superiores, con los que resuenan. <\/p>\n<p>Durante la fase de catalizaci\u00f3n\/endurecimiento, la <a href=\"https:\/\/henergylab.com\/es\/que-es-la-orgonita\/\">orgonita <\/a>se expone a campos de energ\u00eda escalares para conferirle una impronta beneficiosa.<\/p>\n<p data-start=\"293\" data-end=\"309\">Di\u00e1metro: 3,7 cm<\/p>\n<p data-start=\"311\" data-end=\"453\">La foto mostrada es meramente orientativa, ya que cada pieza est\u00e1 hecha a mano por lo que ligeras variaciones hacen que cada colgante sea \u00fanico.<\/p>\n<hr data-start=\"455\" data-end=\"458\">\n<h1 data-start=\"460\" data-end=\"479\"><strong data-start=\"460\" data-end=\"479\">Nota importante<\/strong><\/h1>\n<p data-start=\"481\" data-end=\"742\">Este colgante no es un dispositivo m\u00e9dico.<br data-start=\"525\" data-end=\"528\">Las propiedades de la orgonita y los cristales se consideran herramientas energ\u00e9ticas o espirituales y no deben sustituir el consejo m\u00e9dico.<\/p>\n","protected":false},"excerpt":{"rendered":"<p>Colgante de Orgonita Primer Pent\u00e1culo de J\u00fapiter, S\u00edmbolo de Riqueza y Bendici\u00f3n Celestial, atrae riqueza material y prosperidad espiritual, promueve la abundancia y la buena fortuna.<\/p>\n","protected":false},"featured_media":5070,"comment_status":"open","ping_status":"closed","template":"","meta":{"ocean_post_layout":"","ocean_both_sidebars_style":"","ocean_both_sidebars_content_width":0,"ocean_both_sidebars_sidebars_width":0,"ocean_sidebar":"0","ocean_second_sidebar":"0","ocean_disable_margins":"enable","ocean_add_body_class":"","ocean_shortcode_before_top_bar":"","ocean_shortcode_after_top_bar":"","ocean_shortcode_before_header":"","ocean_shortcode_after_header":"","ocean_has_shortcode":"","ocean_shortcode_after_title":"","ocean_shortcode_before_footer_widgets":"","ocean_shortcode_after_footer_widgets":"","ocean_shortcode_before_footer_bottom":"","ocean_shortcode_after_footer_bottom":"","ocean_display_top_bar":"default","ocean_display_header":"default","ocean_header_style":"","ocean_center_header_left_menu":"0","ocean_custom_header_template":"0","ocean_custom_logo":0,"ocean_custom_retina_logo":0,"ocean_custom_logo_max_width":0,"ocean_custom_logo_tablet_max_width":0,"ocean_custom_logo_mobile_max_width":0,"ocean_custom_logo_max_height":0,"ocean_custom_logo_tablet_max_height":0,"ocean_custom_logo_mobile_max_height":0,"ocean_header_custom_menu":"0","ocean_menu_typo_font_family":"0","ocean_menu_typo_font_subset":"","ocean_menu_typo_font_size":0,"ocean_menu_typo_font_size_tablet":0,"ocean_menu_typo_font_size_mobile":0,"ocean_menu_typo_font_size_unit":"px","ocean_menu_typo_font_weight":"","ocean_menu_typo_font_weight_tablet":"","ocean_menu_typo_font_weight_mobile":"","ocean_menu_typo_transform":"","ocean_menu_typo_transform_tablet":"","ocean_menu_typo_transform_mobile":"","ocean_menu_typo_line_height":0,"ocean_menu_typo_line_height_tablet":0,"ocean_menu_typo_line_height_mobile":0,"ocean_menu_typo_line_height_unit":"","ocean_menu_typo_spacing":0,"ocean_menu_typo_spacing_tablet":0,"ocean_menu_typo_spacing_mobile":0,"ocean_menu_typo_spacing_unit":"","ocean_menu_link_color":"","ocean_menu_link_color_hover":"","ocean_menu_link_color_active":"","ocean_menu_link_background":"","ocean_menu_link_hover_background":"","ocean_menu_link_active_background":"","ocean_menu_social_links_bg":"","ocean_menu_social_hover_links_bg":"","ocean_menu_social_links_color":"","ocean_menu_social_hover_links_color":"","ocean_disable_title":"default","ocean_disable_heading":"default","ocean_post_title":"","ocean_post_subheading":"","ocean_post_title_style":"","ocean_post_title_background_color":"","ocean_post_title_background":0,"ocean_post_title_bg_image_position":"","ocean_post_title_bg_image_attachment":"","ocean_post_title_bg_image_repeat":"","ocean_post_title_bg_image_size":"","ocean_post_title_height":0,"ocean_post_title_bg_overlay":0.5,"ocean_post_title_bg_overlay_color":"","ocean_disable_breadcrumbs":"default","ocean_breadcrumbs_color":"","ocean_breadcrumbs_separator_color":"","ocean_breadcrumbs_links_color":"","ocean_breadcrumbs_links_hover_color":"","ocean_display_footer_widgets":"default","ocean_display_footer_bottom":"default","ocean_custom_footer_template":"0","_glsr_average":0,"_glsr_ranking":0,"_glsr_reviews":0},"product_brand":[],"product_cat":[103],"product_tag":[],"class_list":{"0":"post-5073","1":"product","2":"type-product","3":"status-publish","4":"has-post-thumbnail","6":"product_cat-colgantes-de-orgonita","8":"entry","9":"has-media","11":"first","12":"instock","13":"sale","14":"taxable","15":"shipping-taxable","16":"purchasable","17":"product-type-simple","18":"add-to-wishlist-after_add_to_cart","19":"has-product-nav","20":"col","21":"span_1_of_3","22":"owp-content-center","23":"owp-thumbs-layout-vertical","24":"owp-btn-normal","25":"owp-tabs-layout-horizontal"},"yoast_head":"<!-- This site is optimized with the Yoast SEO plugin v27.4 - https:\/\/yoast.com\/product\/yoast-seo-wordpress\/ -->\n<title>Colgante de orgonita Primer Pent\u00e1culo de J\u00fapiter - HEN<\/title>\n<meta name=\"description\" content=\"Colgante de Orgonita Primer Pent\u00e1culo de J\u00fapiter, S\u00edmbolo de Riqueza y Bendici\u00f3n Celestial, atrae riqueza material y prosperidad espiritual, promueve la abundancia y la buena fortuna.\" \/>\n<meta name=\"robots\" content=\"index, follow, max-snippet:-1, max-image-preview:large, max-video-preview:-1\" \/>\n<link rel=\"canonical\" href=\"https:\/\/henergylab.com\/es\/producto\/colgante-de-orgonita-primer-pentaculo-de-jupiter\/\" \/>\n<meta property=\"og:locale\" content=\"es_ES\" \/>\n<meta property=\"og:type\" content=\"article\" \/>\n<meta property=\"og:title\" content=\"Colgante de orgonita Primer Pent\u00e1culo de J\u00fapiter - HEN\" \/>\n<meta property=\"og:description\" content=\"Colgante de Orgonita Primer Pent\u00e1culo de J\u00fapiter, S\u00edmbolo de Riqueza y Bendici\u00f3n Celestial, atrae riqueza material y prosperidad espiritual, promueve la abundancia y la buena fortuna.\" \/>\n<meta property=\"og:url\" content=\"https:\/\/henergylab.com\/es\/producto\/colgante-de-orgonita-primer-pentaculo-de-jupiter\/\" \/>\n<meta property=\"og:site_name\" content=\"HEN\" \/>\n<meta property=\"og:image\" content=\"https:\/\/henergylab.com\/wp-content\/uploads\/2025\/12\/Jupiter-P1.jpeg\" \/>\n\t<meta property=\"og:image:width\" content=\"1245\" \/>\n\t<meta property=\"og:image:height\" content=\"1245\" \/>\n\t<meta property=\"og:image:type\" content=\"image\/jpeg\" \/>\n<meta name=\"twitter:card\" content=\"summary_large_image\" \/>\n<meta name=\"twitter:label1\" content=\"Tiempo de lectura\" \/>\n\t<meta name=\"twitter:data1\" content=\"1 minuto\" \/>\n<script type=\"application\/ld+json\" class=\"yoast-schema-graph\">{\"@context\":\"https:\\\/\\\/schema.org\",\"@graph\":[{\"@type\":\"WebPage\",\"@id\":\"https:\\\/\\\/henergylab.com\\\/es\\\/producto\\\/colgante-de-orgonita-primer-pentaculo-de-jupiter\\\/\",\"url\":\"https:\\\/\\\/henergylab.com\\\/es\\\/producto\\\/colgante-de-orgonita-primer-pentaculo-de-jupiter\\\/\",\"name\":\"Colgante de orgonita Primer Pent\u00e1culo de J\u00fapiter - HEN\",\"isPartOf\":{\"@id\":\"https:\\\/\\\/henergylab.com\\\/es\\\/#website\"},\"primaryImageOfPage\":{\"@id\":\"https:\\\/\\\/henergylab.com\\\/es\\\/producto\\\/colgante-de-orgonita-primer-pentaculo-de-jupiter\\\/#primaryimage\"},\"image\":{\"@id\":\"https:\\\/\\\/henergylab.com\\\/es\\\/producto\\\/colgante-de-orgonita-primer-pentaculo-de-jupiter\\\/#primaryimage\"},\"thumbnailUrl\":\"https:\\\/\\\/henergylab.com\\\/wp-content\\\/uploads\\\/2025\\\/12\\\/Jupiter-P1.jpeg\",\"datePublished\":\"2025-12-02T16:50:58+00:00\",\"description\":\"Colgante de Orgonita Primer Pent\u00e1culo de J\u00fapiter, S\u00edmbolo de Riqueza y Bendici\u00f3n Celestial, atrae riqueza material y prosperidad espiritual, promueve la abundancia y la buena fortuna.\",\"breadcrumb\":{\"@id\":\"https:\\\/\\\/henergylab.com\\\/es\\\/producto\\\/colgante-de-orgonita-primer-pentaculo-de-jupiter\\\/#breadcrumb\"},\"inLanguage\":\"es\",\"potentialAction\":[{\"@type\":\"ReadAction\",\"target\":[\"https:\\\/\\\/henergylab.com\\\/es\\\/producto\\\/colgante-de-orgonita-primer-pentaculo-de-jupiter\\\/\"]}]},{\"@type\":\"ImageObject\",\"inLanguage\":\"es\",\"@id\":\"https:\\\/\\\/henergylab.com\\\/es\\\/producto\\\/colgante-de-orgonita-primer-pentaculo-de-jupiter\\\/#primaryimage\",\"url\":\"https:\\\/\\\/henergylab.com\\\/wp-content\\\/uploads\\\/2025\\\/12\\\/Jupiter-P1.jpeg\",\"contentUrl\":\"https:\\\/\\\/henergylab.com\\\/wp-content\\\/uploads\\\/2025\\\/12\\\/Jupiter-P1.jpeg\",\"width\":1245,\"height\":1245,\"caption\":\"Colgante de orgonita Primer Pent\u00e1culo de J\u00fapiter\"},{\"@type\":\"BreadcrumbList\",\"@id\":\"https:\\\/\\\/henergylab.com\\\/es\\\/producto\\\/colgante-de-orgonita-primer-pentaculo-de-jupiter\\\/#breadcrumb\",\"itemListElement\":[{\"@type\":\"ListItem\",\"position\":1,\"name\":\"Home\",\"item\":\"https:\\\/\\\/henergylab.com\\\/es\\\/\"},{\"@type\":\"ListItem\",\"position\":2,\"name\":\"Tienda\",\"item\":\"https:\\\/\\\/henergylab.com\\\/es\\\/tienda\\\/\"},{\"@type\":\"ListItem\",\"position\":3,\"name\":\"Colgante de orgonita Primer Pent\u00e1culo de J\u00fapiter\"}]},{\"@type\":\"WebSite\",\"@id\":\"https:\\\/\\\/henergylab.com\\\/es\\\/#website\",\"url\":\"https:\\\/\\\/henergylab.com\\\/es\\\/\",\"name\":\"henergylab\",\"description\":\"\",\"publisher\":{\"@id\":\"https:\\\/\\\/henergylab.com\\\/es\\\/#organization\"},\"potentialAction\":[{\"@type\":\"SearchAction\",\"target\":{\"@type\":\"EntryPoint\",\"urlTemplate\":\"https:\\\/\\\/henergylab.com\\\/es\\\/?s={search_term_string}\"},\"query-input\":{\"@type\":\"PropertyValueSpecification\",\"valueRequired\":true,\"valueName\":\"search_term_string\"}}],\"inLanguage\":\"es\"},{\"@type\":\"Organization\",\"@id\":\"https:\\\/\\\/henergylab.com\\\/es\\\/#organization\",\"name\":\"HEN\",\"url\":\"https:\\\/\\\/henergylab.com\\\/es\\\/\",\"logo\":{\"@type\":\"ImageObject\",\"inLanguage\":\"es\",\"@id\":\"https:\\\/\\\/henergylab.com\\\/es\\\/#\\\/schema\\\/logo\\\/image\\\/\",\"url\":\"https:\\\/\\\/henergylab.com\\\/wp-content\\\/uploads\\\/2025\\\/07\\\/Henergylab-logo-scritta-nera-1.png\",\"contentUrl\":\"https:\\\/\\\/henergylab.com\\\/wp-content\\\/uploads\\\/2025\\\/07\\\/Henergylab-logo-scritta-nera-1.png\",\"width\":128,\"height\":128,\"caption\":\"HEN\"},\"image\":{\"@id\":\"https:\\\/\\\/henergylab.com\\\/es\\\/#\\\/schema\\\/logo\\\/image\\\/\"}}]}<\/script>\n<!-- \/ Yoast SEO plugin. -->","yoast_head_json":{"title":"Colgante de orgonita Primer Pent\u00e1culo de J\u00fapiter - HEN","description":"Colgante de Orgonita Primer Pent\u00e1culo de J\u00fapiter, S\u00edmbolo de Riqueza y Bendici\u00f3n Celestial, atrae riqueza material y prosperidad espiritual, promueve la abundancia y la buena fortuna.","robots":{"index":"index","follow":"follow","max-snippet":"max-snippet:-1","max-image-preview":"max-image-preview:large","max-video-preview":"max-video-preview:-1"},"canonical":"https:\/\/henergylab.com\/es\/producto\/colgante-de-orgonita-primer-pentaculo-de-jupiter\/","og_locale":"es_ES","og_type":"article","og_title":"Colgante de orgonita Primer Pent\u00e1culo de J\u00fapiter - HEN","og_description":"Colgante de Orgonita Primer Pent\u00e1culo de J\u00fapiter, S\u00edmbolo de Riqueza y Bendici\u00f3n Celestial, atrae riqueza material y prosperidad espiritual, promueve la abundancia y la buena fortuna.","og_url":"https:\/\/henergylab.com\/es\/producto\/colgante-de-orgonita-primer-pentaculo-de-jupiter\/","og_site_name":"HEN","og_image":[{"width":1245,"height":1245,"url":"https:\/\/henergylab.com\/wp-content\/uploads\/2025\/12\/Jupiter-P1.jpeg","type":"image\/jpeg"}],"twitter_card":"summary_large_image","twitter_misc":{"Tiempo de lectura":"1 minuto"},"schema":{"@context":"https:\/\/schema.org","@graph":[{"@type":"WebPage","@id":"https:\/\/henergylab.com\/es\/producto\/colgante-de-orgonita-primer-pentaculo-de-jupiter\/","url":"https:\/\/henergylab.com\/es\/producto\/colgante-de-orgonita-primer-pentaculo-de-jupiter\/","name":"Colgante de orgonita Primer Pent\u00e1culo de J\u00fapiter - HEN","isPartOf":{"@id":"https:\/\/henergylab.com\/es\/#website"},"primaryImageOfPage":{"@id":"https:\/\/henergylab.com\/es\/producto\/colgante-de-orgonita-primer-pentaculo-de-jupiter\/#primaryimage"},"image":{"@id":"https:\/\/henergylab.com\/es\/producto\/colgante-de-orgonita-primer-pentaculo-de-jupiter\/#primaryimage"},"thumbnailUrl":"https:\/\/henergylab.com\/wp-content\/uploads\/2025\/12\/Jupiter-P1.jpeg","datePublished":"2025-12-02T16:50:58+00:00","description":"Colgante de Orgonita Primer Pent\u00e1culo de J\u00fapiter, S\u00edmbolo de Riqueza y Bendici\u00f3n Celestial, atrae riqueza material y prosperidad espiritual, promueve la abundancia y la buena fortuna.","breadcrumb":{"@id":"https:\/\/henergylab.com\/es\/producto\/colgante-de-orgonita-primer-pentaculo-de-jupiter\/#breadcrumb"},"inLanguage":"es","potentialAction":[{"@type":"ReadAction","target":["https:\/\/henergylab.com\/es\/producto\/colgante-de-orgonita-primer-pentaculo-de-jupiter\/"]}]},{"@type":"ImageObject","inLanguage":"es","@id":"https:\/\/henergylab.com\/es\/producto\/colgante-de-orgonita-primer-pentaculo-de-jupiter\/#primaryimage","url":"https:\/\/henergylab.com\/wp-content\/uploads\/2025\/12\/Jupiter-P1.jpeg","contentUrl":"https:\/\/henergylab.com\/wp-content\/uploads\/2025\/12\/Jupiter-P1.jpeg","width":1245,"height":1245,"caption":"Colgante de orgonita Primer Pent\u00e1culo de J\u00fapiter"},{"@type":"BreadcrumbList","@id":"https:\/\/henergylab.com\/es\/producto\/colgante-de-orgonita-primer-pentaculo-de-jupiter\/#breadcrumb","itemListElement":[{"@type":"ListItem","position":1,"name":"Home","item":"https:\/\/henergylab.com\/es\/"},{"@type":"ListItem","position":2,"name":"Tienda","item":"https:\/\/henergylab.com\/es\/tienda\/"},{"@type":"ListItem","position":3,"name":"Colgante de orgonita Primer Pent\u00e1culo de J\u00fapiter"}]},{"@type":"WebSite","@id":"https:\/\/henergylab.com\/es\/#website","url":"https:\/\/henergylab.com\/es\/","name":"henergylab","description":"","publisher":{"@id":"https:\/\/henergylab.com\/es\/#organization"},"potentialAction":[{"@type":"SearchAction","target":{"@type":"EntryPoint","urlTemplate":"https:\/\/henergylab.com\/es\/?s={search_term_string}"},"query-input":{"@type":"PropertyValueSpecification","valueRequired":true,"valueName":"search_term_string"}}],"inLanguage":"es"},{"@type":"Organization","@id":"https:\/\/henergylab.com\/es\/#organization","name":"HEN","url":"https:\/\/henergylab.com\/es\/","logo":{"@type":"ImageObject","inLanguage":"es","@id":"https:\/\/henergylab.com\/es\/#\/schema\/logo\/image\/","url":"https:\/\/henergylab.com\/wp-content\/uploads\/2025\/07\/Henergylab-logo-scritta-nera-1.png","contentUrl":"https:\/\/henergylab.com\/wp-content\/uploads\/2025\/07\/Henergylab-logo-scritta-nera-1.png","width":128,"height":128,"caption":"HEN"},"image":{"@id":"https:\/\/henergylab.com\/es\/#\/schema\/logo\/image\/"}}]}},"_links":{"self":[{"href":"https:\/\/henergylab.com\/es\/wp-json\/wp\/v2\/product\/5073","targetHints":{"allow":["GET"]}}],"collection":[{"href":"https:\/\/henergylab.com\/es\/wp-json\/wp\/v2\/product"}],"about":[{"href":"https:\/\/henergylab.com\/es\/wp-json\/wp\/v2\/types\/product"}],"replies":[{"embeddable":true,"href":"https:\/\/henergylab.com\/es\/wp-json\/wp\/v2\/comments?post=5073"}],"wp:featuredmedia":[{"embeddable":true,"href":"https:\/\/henergylab.com\/es\/wp-json\/wp\/v2\/media\/5070"}],"wp:attachment":[{"href":"https:\/\/henergylab.com\/es\/wp-json\/wp\/v2\/media?parent=5073"}],"wp:term":[{"taxonomy":"product_brand","embeddable":true,"href":"https:\/\/henergylab.com\/es\/wp-json\/wp\/v2\/product_brand?post=5073"},{"taxonomy":"product_cat","embeddable":true,"href":"https:\/\/henergylab.com\/es\/wp-json\/wp\/v2\/product_cat?post=5073"},{"taxonomy":"product_tag","embeddable":true,"href":"https:\/\/henergylab.com\/es\/wp-json\/wp\/v2\/product_tag?post=5073"}],"curies":[{"name":"wp","href":"https:\/\/api.w.org\/{rel}","templated":true}]}}