{"id":3568,"date":"2025-01-15T22:46:43","date_gmt":"2025-01-15T22:46:43","guid":{"rendered":"https:\/\/henergylab.com\/a-propos-de-nous\/"},"modified":"2025-10-28T23:47:09","modified_gmt":"2025-10-28T23:47:09","slug":"a-propos-de-nous","status":"publish","type":"page","link":"https:\/\/henergylab.com\/fr\/a-propos-de-nous\/","title":{"rendered":"\u00c0 propos de nous"},"content":{"rendered":"\t\t<div data-elementor-type=\"wp-page\" data-elementor-id=\"3568\" class=\"elementor elementor-3568 elementor-1188\" data-elementor-post-type=\"page\">\n\t\t\t\t<div class=\"elementor-element elementor-element-2aaaf1d e-flex e-con-boxed e-con e-parent\" data-id=\"2aaaf1d\" data-element_type=\"container\" data-e-type=\"container\">\n\t\t\t\t\t<div class=\"e-con-inner\">\n\t\t\t\t<div class=\"elementor-element elementor-element-28b542c elementor-widget elementor-widget-spacer\" data-id=\"28b542c\" data-element_type=\"widget\" data-e-type=\"widget\" data-widget_type=\"spacer.default\">\n\t\t\t\t<div class=\"elementor-widget-container\">\n\t\t\t\t\t\t\t<div class=\"elementor-spacer\">\n\t\t\t<div class=\"elementor-spacer-inner\"><\/div>\n\t\t<\/div>\n\t\t\t\t\t\t<\/div>\n\t\t\t\t<\/div>\n\t\t\t\t\t<\/div>\n\t\t\t\t<\/div>\n\t\t<div class=\"elementor-element elementor-element-ae02aa7 e-flex e-con-boxed e-con e-parent\" data-id=\"ae02aa7\" data-element_type=\"container\" data-e-type=\"container\">\n\t\t\t\t\t<div class=\"e-con-inner\">\n\t\t\t\t<div class=\"elementor-element elementor-element-c6fff4e elementor-widget elementor-widget-text-editor\" data-id=\"c6fff4e\" data-element_type=\"widget\" data-e-type=\"widget\" data-widget_type=\"text-editor.default\">\n\t\t\t\t<div class=\"elementor-widget-container\">\n\t\t\t\t\t\t\t\t\t<p>Bienvenue sur HenergyLab, un lieu o\u00f9 la science et la spiritualit\u00e9 se rencontrent pour offrir des solutions innovantes et puissantes pour l&rsquo;am\u00e9lioration de la qualit\u00e9 de vie, <strong>orgonite<\/strong> et articles bio\u00e9nerg\u00e9tiques, con\u00e7us pour harmoniser l&rsquo;environnement et soutenir le bien-\u00eatre physique, mental et \u00e9motionnel.<\/p><p>Nos cr\u00e9ations prennent vie de la rencontre entre science, spiritualit\u00e9 et g\u00e9om\u00e9trie sacr\u00e9e, et aussi comme hommage aux grands esprits qui ont offert \u00e0 l&rsquo;humanit\u00e9 des concepts r\u00e9volutionnaires, des personnages comme <strong>Wilhelm Reich<\/strong>, <strong>Nikola Tesla<\/strong>, <strong>Royal Rife<\/strong>, \u00e0 qui l&rsquo;histoire n&rsquo;a pas su rendre la juste reconnaissance, et beaucoup d&rsquo;autres qui ont contribu\u00e9 \u00e0 \u00e9largir le domaine de connaissances sur les \u00e9nergies subtiles.<\/p><p>Chaque objet que nous r\u00e9alisons est pens\u00e9 pour \u00eatre un catalyseur d&rsquo;\u00e9nergie positive. Avec l&rsquo;utilisation de g\u00e9om\u00e9tries sacr\u00e9es et de formes g\u00e9om\u00e9triques sp\u00e9cifiques, nos cr\u00e9ations favorisent l&rsquo;\u00e9coulement d&rsquo;\u00e9nergies subtiles b\u00e9n\u00e9fiques qui agissent sur le corps, l&rsquo;esprit et l&rsquo;environnement, offrant une am\u00e9lioration concr\u00e8te de la qualit\u00e9 de vie.<\/p><p>Nous nous engageons \u00e0 produire des dispositifs qui ne soient pas seulement fonctionnels, mais qui poss\u00e8dent aussi une valeur \u00e9nerg\u00e9tique et symbolique profonde. Chaque cr\u00e9ation est r\u00e9alis\u00e9e avec soin, passion et une forte connexion avec la nature et l&rsquo;univers. Nous voulons offrir \u00e0 nos clients des outils qui les aident \u00e0 red\u00e9couvrir leur \u00e9quilibre int\u00e9rieur et \u00e0 vivre en harmonie avec l&rsquo;\u00e9nergie qui nous entoure.<\/p>\t\t\t\t\t\t\t\t<\/div>\n\t\t\t\t<\/div>\n\t\t\t\t\t<\/div>\n\t\t\t\t<\/div>\n\t\t\t\t<\/div>\n\t\t","protected":false},"excerpt":{"rendered":"<p>Bienvenue sur HenergyLab, un lieu o\u00f9 la science et la spiritualit\u00e9 se rencontrent pour offrir des solutions innovantes et puissantes pour l&rsquo;am\u00e9lioration de la qualit\u00e9 de vie, orgonite et articles bio\u00e9nerg\u00e9tiques, con\u00e7us pour harmoniser l&rsquo;environnement et soutenir le bien-\u00eatre physique, mental et \u00e9motionnel. Nos cr\u00e9ations prennent vie de la rencontre entre science, spiritualit\u00e9 et g\u00e9om\u00e9trie [&hellip;]<\/p>\n","protected":false},"author":1,"featured_media":0,"parent":0,"menu_order":0,"comment_status":"closed","ping_status":"closed","template":"","meta":{"ocean_post_layout":"","ocean_both_sidebars_style":"","ocean_both_sidebars_content_width":0,"ocean_both_sidebars_sidebars_width":0,"ocean_sidebar":"","ocean_second_sidebar":"","ocean_disable_margins":"enable","ocean_add_body_class":"","ocean_shortcode_before_top_bar":"","ocean_shortcode_after_top_bar":"","ocean_shortcode_before_header":"","ocean_shortcode_after_header":"","ocean_has_shortcode":"","ocean_shortcode_after_title":"","ocean_shortcode_before_footer_widgets":"","ocean_shortcode_after_footer_widgets":"","ocean_shortcode_before_footer_bottom":"","ocean_shortcode_after_footer_bottom":"","ocean_display_top_bar":"default","ocean_display_header":"default","ocean_header_style":"","ocean_center_header_left_menu":"","ocean_custom_header_template":"","ocean_custom_logo":0,"ocean_custom_retina_logo":0,"ocean_custom_logo_max_width":0,"ocean_custom_logo_tablet_max_width":0,"ocean_custom_logo_mobile_max_width":0,"ocean_custom_logo_max_height":0,"ocean_custom_logo_tablet_max_height":0,"ocean_custom_logo_mobile_max_height":0,"ocean_header_custom_menu":"","ocean_menu_typo_font_family":"","ocean_menu_typo_font_subset":"","ocean_menu_typo_font_size":0,"ocean_menu_typo_font_size_tablet":0,"ocean_menu_typo_font_size_mobile":0,"ocean_menu_typo_font_size_unit":"px","ocean_menu_typo_font_weight":"","ocean_menu_typo_font_weight_tablet":"","ocean_menu_typo_font_weight_mobile":"","ocean_menu_typo_transform":"","ocean_menu_typo_transform_tablet":"","ocean_menu_typo_transform_mobile":"","ocean_menu_typo_line_height":0,"ocean_menu_typo_line_height_tablet":0,"ocean_menu_typo_line_height_mobile":0,"ocean_menu_typo_line_height_unit":"","ocean_menu_typo_spacing":0,"ocean_menu_typo_spacing_tablet":0,"ocean_menu_typo_spacing_mobile":0,"ocean_menu_typo_spacing_unit":"","ocean_menu_link_color":"","ocean_menu_link_color_hover":"","ocean_menu_link_color_active":"","ocean_menu_link_background":"","ocean_menu_link_hover_background":"","ocean_menu_link_active_background":"","ocean_menu_social_links_bg":"","ocean_menu_social_hover_links_bg":"","ocean_menu_social_links_color":"","ocean_menu_social_hover_links_color":"","ocean_disable_title":"default","ocean_disable_heading":"default","ocean_post_title":"","ocean_post_subheading":"","ocean_post_title_style":"","ocean_post_title_background_color":"","ocean_post_title_background":0,"ocean_post_title_bg_image_position":"","ocean_post_title_bg_image_attachment":"","ocean_post_title_bg_image_repeat":"","ocean_post_title_bg_image_size":"","ocean_post_title_height":0,"ocean_post_title_bg_overlay":0.5,"ocean_post_title_bg_overlay_color":"","ocean_disable_breadcrumbs":"default","ocean_breadcrumbs_color":"","ocean_breadcrumbs_separator_color":"","ocean_breadcrumbs_links_color":"","ocean_breadcrumbs_links_hover_color":"","ocean_display_footer_widgets":"default","ocean_display_footer_bottom":"default","ocean_custom_footer_template":"","_glsr_average":0,"_glsr_ranking":0,"_glsr_reviews":0,"footnotes":""},"class_list":["post-3568","page","type-page","status-publish","hentry","entry","owp-thumbs-layout-vertical","owp-btn-normal","owp-tabs-layout-horizontal","has-no-thumbnails","has-product-nav"],"yoast_head":"<!-- This site is optimized with the Yoast SEO plugin v27.4 - https:\/\/yoast.com\/product\/yoast-seo-wordpress\/ -->\n<title>\u00c0 propos de nous - HEN<\/title>\n<meta name=\"robots\" content=\"index, follow, max-snippet:-1, max-image-preview:large, max-video-preview:-1\" \/>\n<link rel=\"canonical\" href=\"https:\/\/henergylab.com\/fr\/a-propos-de-nous\/\" \/>\n<meta property=\"og:locale\" content=\"fr_FR\" \/>\n<meta property=\"og:type\" content=\"article\" \/>\n<meta property=\"og:title\" content=\"\u00c0 propos de nous - HEN\" \/>\n<meta property=\"og:description\" content=\"Bienvenue sur HenergyLab, un lieu o\u00f9 la science et la spiritualit\u00e9 se rencontrent pour offrir des solutions innovantes et puissantes pour l&rsquo;am\u00e9lioration de la qualit\u00e9 de vie, orgonite et articles bio\u00e9nerg\u00e9tiques, con\u00e7us pour harmoniser l&rsquo;environnement et soutenir le bien-\u00eatre physique, mental et \u00e9motionnel. Nos cr\u00e9ations prennent vie de la rencontre entre science, spiritualit\u00e9 et g\u00e9om\u00e9trie [&hellip;]\" \/>\n<meta property=\"og:url\" content=\"https:\/\/henergylab.com\/fr\/a-propos-de-nous\/\" \/>\n<meta property=\"og:site_name\" content=\"HEN\" \/>\n<meta property=\"article:modified_time\" content=\"2025-10-28T23:47:09+00:00\" \/>\n<meta name=\"twitter:card\" content=\"summary_large_image\" \/>\n<meta name=\"twitter:label1\" content=\"Dur\u00e9e de lecture estim\u00e9e\" \/>\n\t<meta name=\"twitter:data1\" content=\"1 minute\" \/>\n<script type=\"application\/ld+json\" class=\"yoast-schema-graph\">{\"@context\":\"https:\\\/\\\/schema.org\",\"@graph\":[{\"@type\":\"WebPage\",\"@id\":\"https:\\\/\\\/henergylab.com\\\/fr\\\/a-propos-de-nous\\\/\",\"url\":\"https:\\\/\\\/henergylab.com\\\/fr\\\/a-propos-de-nous\\\/\",\"name\":\"\u00c0 propos de nous - HEN\",\"isPartOf\":{\"@id\":\"https:\\\/\\\/henergylab.com\\\/fr\\\/#website\"},\"datePublished\":\"2025-01-15T22:46:43+00:00\",\"dateModified\":\"2025-10-28T23:47:09+00:00\",\"breadcrumb\":{\"@id\":\"https:\\\/\\\/henergylab.com\\\/fr\\\/a-propos-de-nous\\\/#breadcrumb\"},\"inLanguage\":\"fr-FR\",\"potentialAction\":[{\"@type\":\"ReadAction\",\"target\":[\"https:\\\/\\\/henergylab.com\\\/fr\\\/a-propos-de-nous\\\/\"]}]},{\"@type\":\"BreadcrumbList\",\"@id\":\"https:\\\/\\\/henergylab.com\\\/fr\\\/a-propos-de-nous\\\/#breadcrumb\",\"itemListElement\":[{\"@type\":\"ListItem\",\"position\":1,\"name\":\"Home\",\"item\":\"https:\\\/\\\/henergylab.com\\\/fr\\\/\"},{\"@type\":\"ListItem\",\"position\":2,\"name\":\"\u00c0 propos de nous\"}]},{\"@type\":\"WebSite\",\"@id\":\"https:\\\/\\\/henergylab.com\\\/fr\\\/#website\",\"url\":\"https:\\\/\\\/henergylab.com\\\/fr\\\/\",\"name\":\"henergylab\",\"description\":\"\",\"publisher\":{\"@id\":\"https:\\\/\\\/henergylab.com\\\/fr\\\/#organization\"},\"potentialAction\":[{\"@type\":\"SearchAction\",\"target\":{\"@type\":\"EntryPoint\",\"urlTemplate\":\"https:\\\/\\\/henergylab.com\\\/fr\\\/?s={search_term_string}\"},\"query-input\":{\"@type\":\"PropertyValueSpecification\",\"valueRequired\":true,\"valueName\":\"search_term_string\"}}],\"inLanguage\":\"fr-FR\"},{\"@type\":\"Organization\",\"@id\":\"https:\\\/\\\/henergylab.com\\\/fr\\\/#organization\",\"name\":\"HEN\",\"url\":\"https:\\\/\\\/henergylab.com\\\/fr\\\/\",\"logo\":{\"@type\":\"ImageObject\",\"inLanguage\":\"fr-FR\",\"@id\":\"https:\\\/\\\/henergylab.com\\\/fr\\\/#\\\/schema\\\/logo\\\/image\\\/\",\"url\":\"https:\\\/\\\/henergylab.com\\\/wp-content\\\/uploads\\\/2025\\\/07\\\/Henergylab-logo-scritta-nera-1.png\",\"contentUrl\":\"https:\\\/\\\/henergylab.com\\\/wp-content\\\/uploads\\\/2025\\\/07\\\/Henergylab-logo-scritta-nera-1.png\",\"width\":128,\"height\":128,\"caption\":\"HEN\"},\"image\":{\"@id\":\"https:\\\/\\\/henergylab.com\\\/fr\\\/#\\\/schema\\\/logo\\\/image\\\/\"}}]}<\/script>\n<!-- \/ Yoast SEO plugin. -->","yoast_head_json":{"title":"\u00c0 propos de nous - HEN","robots":{"index":"index","follow":"follow","max-snippet":"max-snippet:-1","max-image-preview":"max-image-preview:large","max-video-preview":"max-video-preview:-1"},"canonical":"https:\/\/henergylab.com\/fr\/a-propos-de-nous\/","og_locale":"fr_FR","og_type":"article","og_title":"\u00c0 propos de nous - HEN","og_description":"Bienvenue sur HenergyLab, un lieu o\u00f9 la science et la spiritualit\u00e9 se rencontrent pour offrir des solutions innovantes et puissantes pour l&rsquo;am\u00e9lioration de la qualit\u00e9 de vie, orgonite et articles bio\u00e9nerg\u00e9tiques, con\u00e7us pour harmoniser l&rsquo;environnement et soutenir le bien-\u00eatre physique, mental et \u00e9motionnel. Nos cr\u00e9ations prennent vie de la rencontre entre science, spiritualit\u00e9 et g\u00e9om\u00e9trie [&hellip;]","og_url":"https:\/\/henergylab.com\/fr\/a-propos-de-nous\/","og_site_name":"HEN","article_modified_time":"2025-10-28T23:47:09+00:00","twitter_card":"summary_large_image","twitter_misc":{"Dur\u00e9e de lecture estim\u00e9e":"1 minute"},"schema":{"@context":"https:\/\/schema.org","@graph":[{"@type":"WebPage","@id":"https:\/\/henergylab.com\/fr\/a-propos-de-nous\/","url":"https:\/\/henergylab.com\/fr\/a-propos-de-nous\/","name":"\u00c0 propos de nous - HEN","isPartOf":{"@id":"https:\/\/henergylab.com\/fr\/#website"},"datePublished":"2025-01-15T22:46:43+00:00","dateModified":"2025-10-28T23:47:09+00:00","breadcrumb":{"@id":"https:\/\/henergylab.com\/fr\/a-propos-de-nous\/#breadcrumb"},"inLanguage":"fr-FR","potentialAction":[{"@type":"ReadAction","target":["https:\/\/henergylab.com\/fr\/a-propos-de-nous\/"]}]},{"@type":"BreadcrumbList","@id":"https:\/\/henergylab.com\/fr\/a-propos-de-nous\/#breadcrumb","itemListElement":[{"@type":"ListItem","position":1,"name":"Home","item":"https:\/\/henergylab.com\/fr\/"},{"@type":"ListItem","position":2,"name":"\u00c0 propos de nous"}]},{"@type":"WebSite","@id":"https:\/\/henergylab.com\/fr\/#website","url":"https:\/\/henergylab.com\/fr\/","name":"henergylab","description":"","publisher":{"@id":"https:\/\/henergylab.com\/fr\/#organization"},"potentialAction":[{"@type":"SearchAction","target":{"@type":"EntryPoint","urlTemplate":"https:\/\/henergylab.com\/fr\/?s={search_term_string}"},"query-input":{"@type":"PropertyValueSpecification","valueRequired":true,"valueName":"search_term_string"}}],"inLanguage":"fr-FR"},{"@type":"Organization","@id":"https:\/\/henergylab.com\/fr\/#organization","name":"HEN","url":"https:\/\/henergylab.com\/fr\/","logo":{"@type":"ImageObject","inLanguage":"fr-FR","@id":"https:\/\/henergylab.com\/fr\/#\/schema\/logo\/image\/","url":"https:\/\/henergylab.com\/wp-content\/uploads\/2025\/07\/Henergylab-logo-scritta-nera-1.png","contentUrl":"https:\/\/henergylab.com\/wp-content\/uploads\/2025\/07\/Henergylab-logo-scritta-nera-1.png","width":128,"height":128,"caption":"HEN"},"image":{"@id":"https:\/\/henergylab.com\/fr\/#\/schema\/logo\/image\/"}}]}},"_links":{"self":[{"href":"https:\/\/henergylab.com\/fr\/wp-json\/wp\/v2\/pages\/3568","targetHints":{"allow":["GET"]}}],"collection":[{"href":"https:\/\/henergylab.com\/fr\/wp-json\/wp\/v2\/pages"}],"about":[{"href":"https:\/\/henergylab.com\/fr\/wp-json\/wp\/v2\/types\/page"}],"author":[{"embeddable":true,"href":"https:\/\/henergylab.com\/fr\/wp-json\/wp\/v2\/users\/1"}],"replies":[{"embeddable":true,"href":"https:\/\/henergylab.com\/fr\/wp-json\/wp\/v2\/comments?post=3568"}],"version-history":[{"count":1,"href":"https:\/\/henergylab.com\/fr\/wp-json\/wp\/v2\/pages\/3568\/revisions"}],"predecessor-version":[{"id":3573,"href":"https:\/\/henergylab.com\/fr\/wp-json\/wp\/v2\/pages\/3568\/revisions\/3573"}],"wp:attachment":[{"href":"https:\/\/henergylab.com\/fr\/wp-json\/wp\/v2\/media?parent=3568"}],"curies":[{"name":"wp","href":"https:\/\/api.w.org\/{rel}","templated":true}]}}