{"id":3688,"date":"2025-01-14T23:31:33","date_gmt":"2025-01-14T23:31:33","guid":{"rendered":"https:\/\/henergylab.com\/utilisation-de-la-bobine\/"},"modified":"2025-10-28T23:47:33","modified_gmt":"2025-10-28T23:47:33","slug":"utilisation-de-la-bobine","status":"publish","type":"page","link":"https:\/\/henergylab.com\/fr\/utilisation-de-la-bobine\/","title":{"rendered":"Utilisation de la Bobine"},"content":{"rendered":"\t\t<div data-elementor-type=\"wp-page\" data-elementor-id=\"3688\" class=\"elementor elementor-3688 elementor-1175\" data-elementor-post-type=\"page\">\n\t\t\t\t<div class=\"elementor-element elementor-element-7fe20beb e-flex e-con-boxed e-con e-parent\" data-id=\"7fe20beb\" data-element_type=\"container\" data-e-type=\"container\">\n\t\t\t\t\t<div class=\"e-con-inner\">\n\t\t\t\t<div class=\"elementor-element elementor-element-4c00f23 elementor-widget elementor-widget-image\" data-id=\"4c00f23\" data-element_type=\"widget\" data-e-type=\"widget\" data-widget_type=\"image.default\">\n\t\t\t\t<div class=\"elementor-widget-container\">\n\t\t\t\t\t\t\t\t\t\t\t\t\t\t\t<img fetchpriority=\"high\" decoding=\"async\" width=\"1024\" height=\"281\" src=\"https:\/\/henergylab.com\/wp-content\/uploads\/2025\/02\/3-coil-siteimage2-1024x281.jpg\" class=\"attachment-large size-large wp-image-1451\" alt=\"\" srcset=\"https:\/\/henergylab.com\/wp-content\/uploads\/2025\/02\/3-coil-siteimage2-1024x281.jpg 1024w, https:\/\/henergylab.com\/wp-content\/uploads\/2025\/02\/3-coil-siteimage2-scaled-504x138.jpg 504w, https:\/\/henergylab.com\/wp-content\/uploads\/2025\/02\/3-coil-siteimage2-300x82.jpg 300w, https:\/\/henergylab.com\/wp-content\/uploads\/2025\/02\/3-coil-siteimage2-768x211.jpg 768w, https:\/\/henergylab.com\/wp-content\/uploads\/2025\/02\/3-coil-siteimage2-1536x422.jpg 1536w, https:\/\/henergylab.com\/wp-content\/uploads\/2025\/02\/3-coil-siteimage2-2048x562.jpg 2048w\" sizes=\"(max-width: 1024px) 100vw, 1024px\" \/>\t\t\t\t\t\t\t\t\t\t\t\t\t\t\t<\/div>\n\t\t\t\t<\/div>\n\t\t\t\t\t<\/div>\n\t\t\t\t<\/div>\n\t\t<div class=\"elementor-element elementor-element-00080c3 e-flex e-con-boxed e-con e-parent\" data-id=\"00080c3\" data-element_type=\"container\" data-e-type=\"container\">\n\t\t\t\t\t<div class=\"e-con-inner\">\n\t\t\t\t<div class=\"elementor-element elementor-element-2809cec elementor-widget elementor-widget-heading\" data-id=\"2809cec\" data-element_type=\"widget\" data-e-type=\"widget\" data-widget_type=\"heading.default\">\n\t\t\t\t<div class=\"elementor-widget-container\">\n\t\t\t\t\t<h2 class=\"elementor-heading-title elementor-size-default\">Comment utiliser les HenCoil<\/h2>\t\t\t\t<\/div>\n\t\t\t\t<\/div>\n\t\t\t\t\t<\/div>\n\t\t\t\t<\/div>\n\t\t<div class=\"elementor-element elementor-element-b04fac3 e-con-full e-flex e-con e-parent\" data-id=\"b04fac3\" data-element_type=\"container\" data-e-type=\"container\">\n\t\t<div class=\"elementor-element elementor-element-338f8ba e-flex e-con-boxed e-con e-child\" data-id=\"338f8ba\" data-element_type=\"container\" data-e-type=\"container\">\n\t\t\t\t\t<div class=\"e-con-inner\">\n\t\t\t\t<div class=\"elementor-element elementor-element-a09f49d elementor-widget elementor-widget-text-editor\" data-id=\"a09f49d\" data-element_type=\"widget\" data-e-type=\"widget\" data-widget_type=\"text-editor.default\">\n\t\t\t\t<div class=\"elementor-widget-container\">\n\t\t\t\t\t\t\t\t\t<p align=\"left\"><span style=\"font-size: medium;\"><img decoding=\"async\" class=\"size-full wp-image-3057 alignleft\" src=\"https:\/\/henergylab.com\/wp-content\/uploads\/2025\/06\/hencoil-Ametyst-Spooky2-300x244-1.webp\" alt=\"\" width=\"300\" height=\"244\"><\/span><\/p><h1 align=\"left\"> <\/h1><p align=\"left\"><span style=\"font-size: medium;\">Les bobines HenCoil sont principalement des dispositifs PEMF qui g\u00e9n\u00e8rent des champs magn\u00e9tiques puls\u00e9s \u00e0 l&rsquo;aide d&rsquo;un g\u00e9n\u00e9rateur de fr\u00e9quences ou d&rsquo;un amplificateur audio reproduisant des fr\u00e9quences. La gamme de fr\u00e9quences pouvant \u00eatre reproduite d\u00e9pend du syst\u00e8me utilis\u00e9 : avec un g\u00e9n\u00e9rateur de fr\u00e9quences comme SPooky2, tu peux atteindre 50 MHz ; si tu utilises un amplificateur audio, la limite est de 20 kHz, soit la limite des syst\u00e8mes audio correspondant \u00e0 la gamme des fr\u00e9quences audibles, ce qui reste tr\u00e8s valable et suffisant. De plus, si tu utilises une onde carr\u00e9e, celle-ci \u00e9met des harmoniques qui vont bien au-del\u00e0 de 20 kHz. Parmi les syst\u00e8mes audio, les amplificateurs pour smartphone sont recommand\u00e9s, connect\u00e9s via Bluetooth ou c\u00e2ble, avec une application d\u00e9di\u00e9e (il en existe plusieurs valables). Il est g\u00e9n\u00e9ralement conseill\u00e9 d&rsquo;utiliser un ampli d&rsquo;environ 100 watts de puissance en classe D, pour un co\u00fbt d&rsquo;environ 80 dollars, ou plus si tu souhaites une meilleure qualit\u00e9.  <img decoding=\"async\" class=\"wp-image-2979 alignleft\" src=\"https:\/\/henergylab.com\/wp-content\/uploads\/2025\/06\/fosi-amp-300x300.webp\" alt=\"\" width=\"234\" height=\"234\" srcset=\"https:\/\/henergylab.com\/wp-content\/uploads\/2025\/06\/fosi-amp-300x300.webp 300w, https:\/\/henergylab.com\/wp-content\/uploads\/2025\/06\/fosi-amp-150x150.webp 150w, https:\/\/henergylab.com\/wp-content\/uploads\/2025\/06\/fosi-amp-768x768.webp 768w, https:\/\/henergylab.com\/wp-content\/uploads\/2025\/06\/fosi-amp-600x600.webp 600w, https:\/\/henergylab.com\/wp-content\/uploads\/2025\/06\/fosi-amp-265x265.webp 265w, https:\/\/henergylab.com\/wp-content\/uploads\/2025\/06\/fosi-amp-504x504.webp 504w, https:\/\/henergylab.com\/wp-content\/uploads\/2025\/06\/fosi-amp-100x100.webp 100w, https:\/\/henergylab.com\/wp-content\/uploads\/2025\/06\/fosi-amp.webp 960w\" sizes=\"(max-width: 234px) 100vw, 234px\" \/><\/span><\/p><p><span style=\"font-size: medium;\">Pour une utilisation avec le g\u00e9n\u00e9rateur Spooky2, deux c\u00e2bles BNC m\u00e2les sont n\u00e9cessaires, tandis que pour la connexion \u00e0 un amplificateur audio, des adaptateurs BNC vers banane ou fil nu sont n\u00e9cessaires. La bobine peut \u00eatre configur\u00e9e, sur demande, avec des connecteurs sp\u00e9cifiques. <\/span><\/p><p><span style=\"font-size: medium;\">Hencoil se pr\u00eate \u00e0 des utilisations th\u00e9rapeutiques comme les applications PEMF en utilisant les fr\u00e9quences de la th\u00e9rapie Rife. Elle peut \u00eatre utilis\u00e9e pour structurer l&rsquo;eau,<img loading=\"lazy\" decoding=\"async\" class=\"size-medium wp-image-3032 alignright\" src=\"https:\/\/henergylab.com\/wp-content\/uploads\/2025\/06\/Coil-water-structure-300x174.jpeg\" alt=\"\" width=\"300\" height=\"174\" srcset=\"https:\/\/henergylab.com\/wp-content\/uploads\/2025\/06\/Coil-water-structure-300x174.jpeg 300w, https:\/\/henergylab.com\/wp-content\/uploads\/2025\/06\/Coil-water-structure-1024x593.jpeg 1024w, https:\/\/henergylab.com\/wp-content\/uploads\/2025\/06\/Coil-water-structure-768x445.jpeg 768w, https:\/\/henergylab.com\/wp-content\/uploads\/2025\/06\/Coil-water-structure-1200x700.jpeg 1200w, https:\/\/henergylab.com\/wp-content\/uploads\/2025\/06\/Coil-water-structure-504x292.jpeg 504w, https:\/\/henergylab.com\/wp-content\/uploads\/2025\/06\/Coil-water-structure.jpeg 1384w\" sizes=\"(max-width: 300px) 100vw, 300px\" \/> en imprimant ainsi des fr\u00e9quences sp\u00e9cifiques dans l&rsquo;eau, pour imprimer des autocollants holographiques,<img loading=\"lazy\" decoding=\"async\" class=\" wp-image-3028 alignleft\" src=\"https:\/\/henergylab.com\/wp-content\/uploads\/2025\/06\/stickers-olografici-199x300.jpeg\" alt=\"\" width=\"119\" height=\"180\" srcset=\"https:\/\/henergylab.com\/wp-content\/uploads\/2025\/06\/stickers-olografici-199x300.jpeg 199w, https:\/\/henergylab.com\/wp-content\/uploads\/2025\/06\/stickers-olografici-680x1024.jpeg 680w, https:\/\/henergylab.com\/wp-content\/uploads\/2025\/06\/stickers-olografici-504x759.jpeg 504w, https:\/\/henergylab.com\/wp-content\/uploads\/2025\/06\/stickers-olografici.jpeg 765w\" sizes=\"(max-width: 119px) 100vw, 119px\" \/> capables de retenir l&rsquo;information vibratoire et de la diffuser dans le corps \u00e9nerg\u00e9tique. Le champ \u00e9nerg\u00e9tique subtil \u00e9mis en fait un excellent dispositif \u00e0 utiliser pour la m\u00e9ditation ou comme harmonisateur \u00e9nerg\u00e9tique environnemental. <\/span><\/p>\t\t\t\t\t\t\t\t<\/div>\n\t\t\t\t<\/div>\n\t\t\t\t\t<\/div>\n\t\t\t\t<\/div>\n\t\t\t\t<\/div>\n\t\t<div class=\"elementor-element elementor-element-ec86b68 e-flex e-con-boxed e-con e-parent\" data-id=\"ec86b68\" data-element_type=\"container\" data-e-type=\"container\">\n\t\t\t\t\t<div class=\"e-con-inner\">\n\t\t\t\t\t<\/div>\n\t\t\t\t<\/div>\n\t\t\t\t<\/div>\n\t\t","protected":false},"excerpt":{"rendered":"<p>Comment utiliser les HenCoil Les bobines HenCoil sont principalement des dispositifs PEMF qui g\u00e9n\u00e8rent des champs magn\u00e9tiques puls\u00e9s \u00e0 l&rsquo;aide d&rsquo;un g\u00e9n\u00e9rateur de fr\u00e9quences ou d&rsquo;un amplificateur audio reproduisant des fr\u00e9quences. La gamme de fr\u00e9quences pouvant \u00eatre reproduite d\u00e9pend du syst\u00e8me utilis\u00e9 : avec un g\u00e9n\u00e9rateur de fr\u00e9quences comme SPooky2, tu peux atteindre 50 MHz [&hellip;]<\/p>\n","protected":false},"author":1,"featured_media":0,"parent":0,"menu_order":0,"comment_status":"closed","ping_status":"closed","template":"","meta":{"ocean_post_layout":"","ocean_both_sidebars_style":"","ocean_both_sidebars_content_width":0,"ocean_both_sidebars_sidebars_width":0,"ocean_sidebar":"","ocean_second_sidebar":"","ocean_disable_margins":"enable","ocean_add_body_class":"","ocean_shortcode_before_top_bar":"","ocean_shortcode_after_top_bar":"","ocean_shortcode_before_header":"","ocean_shortcode_after_header":"","ocean_has_shortcode":"","ocean_shortcode_after_title":"","ocean_shortcode_before_footer_widgets":"","ocean_shortcode_after_footer_widgets":"","ocean_shortcode_before_footer_bottom":"","ocean_shortcode_after_footer_bottom":"","ocean_display_top_bar":"default","ocean_display_header":"default","ocean_header_style":"","ocean_center_header_left_menu":"","ocean_custom_header_template":"","ocean_custom_logo":0,"ocean_custom_retina_logo":0,"ocean_custom_logo_max_width":0,"ocean_custom_logo_tablet_max_width":0,"ocean_custom_logo_mobile_max_width":0,"ocean_custom_logo_max_height":0,"ocean_custom_logo_tablet_max_height":0,"ocean_custom_logo_mobile_max_height":0,"ocean_header_custom_menu":"","ocean_menu_typo_font_family":"","ocean_menu_typo_font_subset":"","ocean_menu_typo_font_size":0,"ocean_menu_typo_font_size_tablet":0,"ocean_menu_typo_font_size_mobile":0,"ocean_menu_typo_font_size_unit":"px","ocean_menu_typo_font_weight":"","ocean_menu_typo_font_weight_tablet":"","ocean_menu_typo_font_weight_mobile":"","ocean_menu_typo_transform":"","ocean_menu_typo_transform_tablet":"","ocean_menu_typo_transform_mobile":"","ocean_menu_typo_line_height":0,"ocean_menu_typo_line_height_tablet":0,"ocean_menu_typo_line_height_mobile":0,"ocean_menu_typo_line_height_unit":"","ocean_menu_typo_spacing":0,"ocean_menu_typo_spacing_tablet":0,"ocean_menu_typo_spacing_mobile":0,"ocean_menu_typo_spacing_unit":"","ocean_menu_link_color":"","ocean_menu_link_color_hover":"","ocean_menu_link_color_active":"","ocean_menu_link_background":"","ocean_menu_link_hover_background":"","ocean_menu_link_active_background":"","ocean_menu_social_links_bg":"","ocean_menu_social_hover_links_bg":"","ocean_menu_social_links_color":"","ocean_menu_social_hover_links_color":"","ocean_disable_title":"default","ocean_disable_heading":"default","ocean_post_title":"","ocean_post_subheading":"","ocean_post_title_style":"","ocean_post_title_background_color":"","ocean_post_title_background":0,"ocean_post_title_bg_image_position":"","ocean_post_title_bg_image_attachment":"","ocean_post_title_bg_image_repeat":"","ocean_post_title_bg_image_size":"","ocean_post_title_height":0,"ocean_post_title_bg_overlay":0.5,"ocean_post_title_bg_overlay_color":"","ocean_disable_breadcrumbs":"default","ocean_breadcrumbs_color":"","ocean_breadcrumbs_separator_color":"","ocean_breadcrumbs_links_color":"","ocean_breadcrumbs_links_hover_color":"","ocean_display_footer_widgets":"default","ocean_display_footer_bottom":"default","ocean_custom_footer_template":"","_glsr_average":0,"_glsr_ranking":0,"_glsr_reviews":0,"footnotes":""},"class_list":["post-3688","page","type-page","status-publish","hentry","entry","owp-thumbs-layout-vertical","owp-btn-normal","owp-tabs-layout-horizontal","has-no-thumbnails","has-product-nav"],"yoast_head":"<!-- This site is optimized with the Yoast SEO plugin v27.4 - https:\/\/yoast.com\/product\/yoast-seo-wordpress\/ -->\n<title>Utilisation de la Bobine - HEN<\/title>\n<meta name=\"robots\" content=\"index, follow, max-snippet:-1, max-image-preview:large, max-video-preview:-1\" \/>\n<link rel=\"canonical\" href=\"https:\/\/henergylab.com\/fr\/utilisation-de-la-bobine\/\" \/>\n<meta property=\"og:locale\" content=\"fr_FR\" \/>\n<meta property=\"og:type\" content=\"article\" \/>\n<meta property=\"og:title\" content=\"Utilisation de la Bobine - HEN\" \/>\n<meta property=\"og:description\" content=\"Comment utiliser les HenCoil Les bobines HenCoil sont principalement des dispositifs PEMF qui g\u00e9n\u00e8rent des champs magn\u00e9tiques puls\u00e9s \u00e0 l&rsquo;aide d&rsquo;un g\u00e9n\u00e9rateur de fr\u00e9quences ou d&rsquo;un amplificateur audio reproduisant des fr\u00e9quences. La gamme de fr\u00e9quences pouvant \u00eatre reproduite d\u00e9pend du syst\u00e8me utilis\u00e9 : avec un g\u00e9n\u00e9rateur de fr\u00e9quences comme SPooky2, tu peux atteindre 50 MHz [&hellip;]\" \/>\n<meta property=\"og:url\" content=\"https:\/\/henergylab.com\/fr\/utilisation-de-la-bobine\/\" \/>\n<meta property=\"og:site_name\" content=\"HEN\" \/>\n<meta property=\"article:modified_time\" content=\"2025-10-28T23:47:33+00:00\" \/>\n<meta property=\"og:image\" content=\"https:\/\/henergylab.com\/wp-content\/uploads\/2025\/02\/3-coil-siteimage2-scaled.jpg\" \/>\n\t<meta property=\"og:image:width\" content=\"2560\" \/>\n\t<meta property=\"og:image:height\" content=\"703\" \/>\n\t<meta property=\"og:image:type\" content=\"image\/jpeg\" \/>\n<meta name=\"twitter:card\" content=\"summary_large_image\" \/>\n<meta name=\"twitter:label1\" content=\"Dur\u00e9e de lecture estim\u00e9e\" \/>\n\t<meta name=\"twitter:data1\" content=\"2 minutes\" \/>\n<script type=\"application\/ld+json\" class=\"yoast-schema-graph\">{\"@context\":\"https:\\\/\\\/schema.org\",\"@graph\":[{\"@type\":\"WebPage\",\"@id\":\"https:\\\/\\\/henergylab.com\\\/fr\\\/utilisation-de-la-bobine\\\/\",\"url\":\"https:\\\/\\\/henergylab.com\\\/fr\\\/utilisation-de-la-bobine\\\/\",\"name\":\"Utilisation de la Bobine - HEN\",\"isPartOf\":{\"@id\":\"https:\\\/\\\/henergylab.com\\\/fr\\\/#website\"},\"primaryImageOfPage\":{\"@id\":\"https:\\\/\\\/henergylab.com\\\/fr\\\/utilisation-de-la-bobine\\\/#primaryimage\"},\"image\":{\"@id\":\"https:\\\/\\\/henergylab.com\\\/fr\\\/utilisation-de-la-bobine\\\/#primaryimage\"},\"thumbnailUrl\":\"https:\\\/\\\/henergylab.com\\\/wp-content\\\/uploads\\\/2025\\\/02\\\/3-coil-siteimage2-1024x281.jpg\",\"datePublished\":\"2025-01-14T23:31:33+00:00\",\"dateModified\":\"2025-10-28T23:47:33+00:00\",\"breadcrumb\":{\"@id\":\"https:\\\/\\\/henergylab.com\\\/fr\\\/utilisation-de-la-bobine\\\/#breadcrumb\"},\"inLanguage\":\"fr-FR\",\"potentialAction\":[{\"@type\":\"ReadAction\",\"target\":[\"https:\\\/\\\/henergylab.com\\\/fr\\\/utilisation-de-la-bobine\\\/\"]}]},{\"@type\":\"ImageObject\",\"inLanguage\":\"fr-FR\",\"@id\":\"https:\\\/\\\/henergylab.com\\\/fr\\\/utilisation-de-la-bobine\\\/#primaryimage\",\"url\":\"https:\\\/\\\/henergylab.com\\\/wp-content\\\/uploads\\\/2025\\\/02\\\/3-coil-siteimage2-1024x281.jpg\",\"contentUrl\":\"https:\\\/\\\/henergylab.com\\\/wp-content\\\/uploads\\\/2025\\\/02\\\/3-coil-siteimage2-1024x281.jpg\"},{\"@type\":\"BreadcrumbList\",\"@id\":\"https:\\\/\\\/henergylab.com\\\/fr\\\/utilisation-de-la-bobine\\\/#breadcrumb\",\"itemListElement\":[{\"@type\":\"ListItem\",\"position\":1,\"name\":\"Home\",\"item\":\"https:\\\/\\\/henergylab.com\\\/fr\\\/\"},{\"@type\":\"ListItem\",\"position\":2,\"name\":\"Utilisation de la Bobine\"}]},{\"@type\":\"WebSite\",\"@id\":\"https:\\\/\\\/henergylab.com\\\/fr\\\/#website\",\"url\":\"https:\\\/\\\/henergylab.com\\\/fr\\\/\",\"name\":\"henergylab\",\"description\":\"\",\"publisher\":{\"@id\":\"https:\\\/\\\/henergylab.com\\\/fr\\\/#organization\"},\"potentialAction\":[{\"@type\":\"SearchAction\",\"target\":{\"@type\":\"EntryPoint\",\"urlTemplate\":\"https:\\\/\\\/henergylab.com\\\/fr\\\/?s={search_term_string}\"},\"query-input\":{\"@type\":\"PropertyValueSpecification\",\"valueRequired\":true,\"valueName\":\"search_term_string\"}}],\"inLanguage\":\"fr-FR\"},{\"@type\":\"Organization\",\"@id\":\"https:\\\/\\\/henergylab.com\\\/fr\\\/#organization\",\"name\":\"HEN\",\"url\":\"https:\\\/\\\/henergylab.com\\\/fr\\\/\",\"logo\":{\"@type\":\"ImageObject\",\"inLanguage\":\"fr-FR\",\"@id\":\"https:\\\/\\\/henergylab.com\\\/fr\\\/#\\\/schema\\\/logo\\\/image\\\/\",\"url\":\"https:\\\/\\\/henergylab.com\\\/wp-content\\\/uploads\\\/2025\\\/07\\\/Henergylab-logo-scritta-nera-1.png\",\"contentUrl\":\"https:\\\/\\\/henergylab.com\\\/wp-content\\\/uploads\\\/2025\\\/07\\\/Henergylab-logo-scritta-nera-1.png\",\"width\":128,\"height\":128,\"caption\":\"HEN\"},\"image\":{\"@id\":\"https:\\\/\\\/henergylab.com\\\/fr\\\/#\\\/schema\\\/logo\\\/image\\\/\"}}]}<\/script>\n<!-- \/ Yoast SEO plugin. -->","yoast_head_json":{"title":"Utilisation de la Bobine - HEN","robots":{"index":"index","follow":"follow","max-snippet":"max-snippet:-1","max-image-preview":"max-image-preview:large","max-video-preview":"max-video-preview:-1"},"canonical":"https:\/\/henergylab.com\/fr\/utilisation-de-la-bobine\/","og_locale":"fr_FR","og_type":"article","og_title":"Utilisation de la Bobine - HEN","og_description":"Comment utiliser les HenCoil Les bobines HenCoil sont principalement des dispositifs PEMF qui g\u00e9n\u00e8rent des champs magn\u00e9tiques puls\u00e9s \u00e0 l&rsquo;aide d&rsquo;un g\u00e9n\u00e9rateur de fr\u00e9quences ou d&rsquo;un amplificateur audio reproduisant des fr\u00e9quences. La gamme de fr\u00e9quences pouvant \u00eatre reproduite d\u00e9pend du syst\u00e8me utilis\u00e9 : avec un g\u00e9n\u00e9rateur de fr\u00e9quences comme SPooky2, tu peux atteindre 50 MHz [&hellip;]","og_url":"https:\/\/henergylab.com\/fr\/utilisation-de-la-bobine\/","og_site_name":"HEN","article_modified_time":"2025-10-28T23:47:33+00:00","og_image":[{"width":2560,"height":703,"url":"https:\/\/henergylab.com\/wp-content\/uploads\/2025\/02\/3-coil-siteimage2-scaled.jpg","type":"image\/jpeg"}],"twitter_card":"summary_large_image","twitter_misc":{"Dur\u00e9e de lecture estim\u00e9e":"2 minutes"},"schema":{"@context":"https:\/\/schema.org","@graph":[{"@type":"WebPage","@id":"https:\/\/henergylab.com\/fr\/utilisation-de-la-bobine\/","url":"https:\/\/henergylab.com\/fr\/utilisation-de-la-bobine\/","name":"Utilisation de la Bobine - HEN","isPartOf":{"@id":"https:\/\/henergylab.com\/fr\/#website"},"primaryImageOfPage":{"@id":"https:\/\/henergylab.com\/fr\/utilisation-de-la-bobine\/#primaryimage"},"image":{"@id":"https:\/\/henergylab.com\/fr\/utilisation-de-la-bobine\/#primaryimage"},"thumbnailUrl":"https:\/\/henergylab.com\/wp-content\/uploads\/2025\/02\/3-coil-siteimage2-1024x281.jpg","datePublished":"2025-01-14T23:31:33+00:00","dateModified":"2025-10-28T23:47:33+00:00","breadcrumb":{"@id":"https:\/\/henergylab.com\/fr\/utilisation-de-la-bobine\/#breadcrumb"},"inLanguage":"fr-FR","potentialAction":[{"@type":"ReadAction","target":["https:\/\/henergylab.com\/fr\/utilisation-de-la-bobine\/"]}]},{"@type":"ImageObject","inLanguage":"fr-FR","@id":"https:\/\/henergylab.com\/fr\/utilisation-de-la-bobine\/#primaryimage","url":"https:\/\/henergylab.com\/wp-content\/uploads\/2025\/02\/3-coil-siteimage2-1024x281.jpg","contentUrl":"https:\/\/henergylab.com\/wp-content\/uploads\/2025\/02\/3-coil-siteimage2-1024x281.jpg"},{"@type":"BreadcrumbList","@id":"https:\/\/henergylab.com\/fr\/utilisation-de-la-bobine\/#breadcrumb","itemListElement":[{"@type":"ListItem","position":1,"name":"Home","item":"https:\/\/henergylab.com\/fr\/"},{"@type":"ListItem","position":2,"name":"Utilisation de la Bobine"}]},{"@type":"WebSite","@id":"https:\/\/henergylab.com\/fr\/#website","url":"https:\/\/henergylab.com\/fr\/","name":"henergylab","description":"","publisher":{"@id":"https:\/\/henergylab.com\/fr\/#organization"},"potentialAction":[{"@type":"SearchAction","target":{"@type":"EntryPoint","urlTemplate":"https:\/\/henergylab.com\/fr\/?s={search_term_string}"},"query-input":{"@type":"PropertyValueSpecification","valueRequired":true,"valueName":"search_term_string"}}],"inLanguage":"fr-FR"},{"@type":"Organization","@id":"https:\/\/henergylab.com\/fr\/#organization","name":"HEN","url":"https:\/\/henergylab.com\/fr\/","logo":{"@type":"ImageObject","inLanguage":"fr-FR","@id":"https:\/\/henergylab.com\/fr\/#\/schema\/logo\/image\/","url":"https:\/\/henergylab.com\/wp-content\/uploads\/2025\/07\/Henergylab-logo-scritta-nera-1.png","contentUrl":"https:\/\/henergylab.com\/wp-content\/uploads\/2025\/07\/Henergylab-logo-scritta-nera-1.png","width":128,"height":128,"caption":"HEN"},"image":{"@id":"https:\/\/henergylab.com\/fr\/#\/schema\/logo\/image\/"}}]}},"_links":{"self":[{"href":"https:\/\/henergylab.com\/fr\/wp-json\/wp\/v2\/pages\/3688","targetHints":{"allow":["GET"]}}],"collection":[{"href":"https:\/\/henergylab.com\/fr\/wp-json\/wp\/v2\/pages"}],"about":[{"href":"https:\/\/henergylab.com\/fr\/wp-json\/wp\/v2\/types\/page"}],"author":[{"embeddable":true,"href":"https:\/\/henergylab.com\/fr\/wp-json\/wp\/v2\/users\/1"}],"replies":[{"embeddable":true,"href":"https:\/\/henergylab.com\/fr\/wp-json\/wp\/v2\/comments?post=3688"}],"version-history":[{"count":1,"href":"https:\/\/henergylab.com\/fr\/wp-json\/wp\/v2\/pages\/3688\/revisions"}],"predecessor-version":[{"id":3691,"href":"https:\/\/henergylab.com\/fr\/wp-json\/wp\/v2\/pages\/3688\/revisions\/3691"}],"wp:attachment":[{"href":"https:\/\/henergylab.com\/fr\/wp-json\/wp\/v2\/media?parent=3688"}],"curies":[{"name":"wp","href":"https:\/\/api.w.org\/{rel}","templated":true}]}}