{"id":3750,"date":"2025-01-15T23:08:52","date_gmt":"2025-01-15T23:08:52","guid":{"rendered":"https:\/\/henergylab.com\/pyramides\/"},"modified":"2025-10-28T23:54:26","modified_gmt":"2025-10-28T23:54:26","slug":"pyramides","status":"publish","type":"page","link":"https:\/\/henergylab.com\/fr\/produits\/pyramides\/","title":{"rendered":"Pyramides"},"content":{"rendered":"\t\t<div data-elementor-type=\"wp-page\" data-elementor-id=\"3750\" class=\"elementor elementor-3750 elementor-1192\" data-elementor-post-type=\"page\">\n\t\t\t\t<div class=\"elementor-element elementor-element-9719ab2 e-flex e-con-boxed e-con e-parent\" data-id=\"9719ab2\" data-element_type=\"container\" data-e-type=\"container\">\n\t\t\t\t\t<div class=\"e-con-inner\">\n\t\t\t\t<div class=\"elementor-element elementor-element-3674c9f elementor-widget elementor-widget-text-editor\" data-id=\"3674c9f\" data-element_type=\"widget\" data-e-type=\"widget\" data-widget_type=\"text-editor.default\">\n\t\t\t\t<div class=\"elementor-widget-container\">\n\t\t\t\t\t\t\t\t\t<h3 data-start=\"154\" data-end=\"248\">Pyramides en orgonite avec torus coil int\u00e9gr\u00e9e : bienfaits des ondes scalaires et de l&rsquo;orgonite<\/h3><p data-start=\"250\" data-end=\"622\">Les <strong data-start=\"253\" data-end=\"302\">pyramides en orgonite avec torus coil int\u00e9gr\u00e9e<\/strong> repr\u00e9sentent une technologie \u00e9nerg\u00e9tique avanc\u00e9e qui unit les propri\u00e9t\u00e9s b\u00e9n\u00e9fiques de l&rsquo;<strong data-start=\"391\" data-end=\"403\">orgonite<\/strong> avec le pouvoir des <strong data-start=\"424\" data-end=\"440\">ondes scalaires<\/strong> g\u00e9n\u00e9r\u00e9es par la bobine toro\u00efdale (torus coil). Cette combinaison synergique cr\u00e9e un dispositif capable d&rsquo;influencer positivement l&rsquo;environnement et le bien-\u00eatre \u00e9nerg\u00e9tique personnel. <\/p><p data-start=\"624\" data-end=\"999\">L&rsquo;<strong data-start=\"624\" data-end=\"636\">orgonite<\/strong> est un compos\u00e9 form\u00e9 de r\u00e9sine, m\u00e9taux et cristaux, connu pour sa capacit\u00e9 \u00e0 absorber et transformer les \u00e9nergies n\u00e9gatives en \u00e9nergies positives et harmoniques. Les pyramides en orgonite, gr\u00e2ce \u00e0 leur forme g\u00e9om\u00e9trique sacr\u00e9e, amplifient cet effet \u00e9nerg\u00e9tique, facilitant la purification des espaces et la protection contre les interf\u00e9rences \u00e9lectromagn\u00e9tiques. <\/p><p data-start=\"1001\" data-end=\"1348\">La <strong data-start=\"1004\" data-end=\"1028\">torus coil int\u00e9gr\u00e9e<\/strong> g\u00e9n\u00e8re des champs \u00e9nerg\u00e9tiques scalaires puls\u00e9s, une forme d&rsquo;\u00e9nergie subtile capable de r\u00e9\u00e9quilibrer et r\u00e9g\u00e9n\u00e9rer le champ \u00e9nerg\u00e9tique de l&rsquo;environnement et des personnes. Les ondes scalaires, diff\u00e9rentes des ondes \u00e9lectromagn\u00e9tiques normales, agissent sur les plans subtils de l&rsquo;\u00e9nergie vitale, favorisant harmonie, protection et bien-\u00eatre profond. <\/p><p data-start=\"1350\" data-end=\"1478\">L&rsquo;union de ces deux \u00e9l\u00e9ments, orgonite et torus coil, dans la structure pyramidale cr\u00e9e un puissant outil \u00e9nerg\u00e9tique qui peut :<\/p><ul data-start=\"1479\" data-end=\"1777\"><li data-start=\"1479\" data-end=\"1538\"><p data-start=\"1481\" data-end=\"1538\">Purifier et harmoniser les espaces d&rsquo;habitation ou de travail<\/p><\/li><li data-start=\"1539\" data-end=\"1606\"><p data-start=\"1541\" data-end=\"1606\">R\u00e9duire l&rsquo;impact des champs \u00e9lectromagn\u00e9tiques nocifs (\u00e9lectrosmog)<\/p><\/li><li data-start=\"1607\" data-end=\"1650\"><p data-start=\"1609\" data-end=\"1650\">Favoriser la relaxation mentale et physique<\/p><\/li><li data-start=\"1651\" data-end=\"1718\"><p data-start=\"1653\" data-end=\"1718\">Stimuler la r\u00e9g\u00e9n\u00e9ration \u00e9nerg\u00e9tique et le r\u00e9\u00e9quilibrage personnel<\/p><\/li><li data-start=\"1719\" data-end=\"1777\"><p data-start=\"1721\" data-end=\"1777\">Soutenir les pratiques de m\u00e9ditation et de croissance spirituelle<\/p><\/li><\/ul><p data-start=\"1779\" data-end=\"2046\">Les pyramides en orgonite avec torus coil int\u00e9gr\u00e9e sont id\u00e9ales pour ceux qui cherchent une approche naturelle et innovante pour am\u00e9liorer la qualit\u00e9 de l&rsquo;\u00e9nergie personnelle et environnementale, exploitant les propri\u00e9t\u00e9s des ondes scalaires et de l&rsquo;orgonite dans un design \u00e9l\u00e9gant et fonctionnel.<\/p>\t\t\t\t\t\t\t\t<\/div>\n\t\t\t\t<\/div>\n\t\t\t\t\t<\/div>\n\t\t\t\t<\/div>\n\t\t<div class=\"elementor-element elementor-element-b9d790b e-flex e-con-boxed e-con e-parent\" data-id=\"b9d790b\" data-element_type=\"container\" data-e-type=\"container\">\n\t\t\t\t\t<div class=\"e-con-inner\">\n\t\t\t\t\t<\/div>\n\t\t\t\t<\/div>\n\t\t\t\t<\/div>\n\t\t","protected":false},"excerpt":{"rendered":"<p>Pyramides en orgonite avec torus coil int\u00e9gr\u00e9e : bienfaits des ondes scalaires et de l&rsquo;orgonite Les pyramides en orgonite avec torus coil int\u00e9gr\u00e9e repr\u00e9sentent une technologie \u00e9nerg\u00e9tique avanc\u00e9e qui unit les propri\u00e9t\u00e9s b\u00e9n\u00e9fiques de l&rsquo;orgonite avec le pouvoir des ondes scalaires g\u00e9n\u00e9r\u00e9es par la bobine toro\u00efdale (torus coil). Cette combinaison synergique cr\u00e9e un dispositif capable [&hellip;]<\/p>\n","protected":false},"author":1,"featured_media":0,"parent":4029,"menu_order":0,"comment_status":"closed","ping_status":"closed","template":"","meta":{"ocean_post_layout":"","ocean_both_sidebars_style":"","ocean_both_sidebars_content_width":0,"ocean_both_sidebars_sidebars_width":0,"ocean_sidebar":"","ocean_second_sidebar":"","ocean_disable_margins":"enable","ocean_add_body_class":"","ocean_shortcode_before_top_bar":"","ocean_shortcode_after_top_bar":"","ocean_shortcode_before_header":"","ocean_shortcode_after_header":"","ocean_has_shortcode":"","ocean_shortcode_after_title":"","ocean_shortcode_before_footer_widgets":"","ocean_shortcode_after_footer_widgets":"","ocean_shortcode_before_footer_bottom":"","ocean_shortcode_after_footer_bottom":"","ocean_display_top_bar":"default","ocean_display_header":"default","ocean_header_style":"","ocean_center_header_left_menu":"","ocean_custom_header_template":"","ocean_custom_logo":0,"ocean_custom_retina_logo":0,"ocean_custom_logo_max_width":0,"ocean_custom_logo_tablet_max_width":0,"ocean_custom_logo_mobile_max_width":0,"ocean_custom_logo_max_height":0,"ocean_custom_logo_tablet_max_height":0,"ocean_custom_logo_mobile_max_height":0,"ocean_header_custom_menu":"","ocean_menu_typo_font_family":"","ocean_menu_typo_font_subset":"","ocean_menu_typo_font_size":0,"ocean_menu_typo_font_size_tablet":0,"ocean_menu_typo_font_size_mobile":0,"ocean_menu_typo_font_size_unit":"px","ocean_menu_typo_font_weight":"","ocean_menu_typo_font_weight_tablet":"","ocean_menu_typo_font_weight_mobile":"","ocean_menu_typo_transform":"","ocean_menu_typo_transform_tablet":"","ocean_menu_typo_transform_mobile":"","ocean_menu_typo_line_height":0,"ocean_menu_typo_line_height_tablet":0,"ocean_menu_typo_line_height_mobile":0,"ocean_menu_typo_line_height_unit":"","ocean_menu_typo_spacing":0,"ocean_menu_typo_spacing_tablet":0,"ocean_menu_typo_spacing_mobile":0,"ocean_menu_typo_spacing_unit":"","ocean_menu_link_color":"","ocean_menu_link_color_hover":"","ocean_menu_link_color_active":"","ocean_menu_link_background":"","ocean_menu_link_hover_background":"","ocean_menu_link_active_background":"","ocean_menu_social_links_bg":"","ocean_menu_social_hover_links_bg":"","ocean_menu_social_links_color":"","ocean_menu_social_hover_links_color":"","ocean_disable_title":"default","ocean_disable_heading":"default","ocean_post_title":"","ocean_post_subheading":"","ocean_post_title_style":"","ocean_post_title_background_color":"","ocean_post_title_background":0,"ocean_post_title_bg_image_position":"","ocean_post_title_bg_image_attachment":"","ocean_post_title_bg_image_repeat":"","ocean_post_title_bg_image_size":"","ocean_post_title_height":0,"ocean_post_title_bg_overlay":0.5,"ocean_post_title_bg_overlay_color":"","ocean_disable_breadcrumbs":"default","ocean_breadcrumbs_color":"","ocean_breadcrumbs_separator_color":"","ocean_breadcrumbs_links_color":"","ocean_breadcrumbs_links_hover_color":"","ocean_display_footer_widgets":"default","ocean_display_footer_bottom":"default","ocean_custom_footer_template":"","_glsr_average":0,"_glsr_ranking":0,"_glsr_reviews":0,"footnotes":""},"class_list":["post-3750","page","type-page","status-publish","hentry","entry","owp-thumbs-layout-vertical","owp-btn-normal","owp-tabs-layout-horizontal","has-no-thumbnails","has-product-nav"],"yoast_head":"<!-- This site is optimized with the Yoast SEO plugin v27.4 - https:\/\/yoast.com\/product\/yoast-seo-wordpress\/ -->\n<title>Pyramides - HEN<\/title>\n<meta name=\"robots\" content=\"index, follow, max-snippet:-1, max-image-preview:large, max-video-preview:-1\" \/>\n<link rel=\"canonical\" href=\"https:\/\/henergylab.com\/fr\/produits\/pyramides\/\" \/>\n<meta property=\"og:locale\" content=\"fr_FR\" \/>\n<meta property=\"og:type\" content=\"article\" \/>\n<meta property=\"og:title\" content=\"Pyramides - HEN\" \/>\n<meta property=\"og:description\" content=\"Pyramides en orgonite avec torus coil int\u00e9gr\u00e9e : bienfaits des ondes scalaires et de l&rsquo;orgonite Les pyramides en orgonite avec torus coil int\u00e9gr\u00e9e repr\u00e9sentent une technologie \u00e9nerg\u00e9tique avanc\u00e9e qui unit les propri\u00e9t\u00e9s b\u00e9n\u00e9fiques de l&rsquo;orgonite avec le pouvoir des ondes scalaires g\u00e9n\u00e9r\u00e9es par la bobine toro\u00efdale (torus coil). Cette combinaison synergique cr\u00e9e un dispositif capable [&hellip;]\" \/>\n<meta property=\"og:url\" content=\"https:\/\/henergylab.com\/fr\/produits\/pyramides\/\" \/>\n<meta property=\"og:site_name\" content=\"HEN\" \/>\n<meta property=\"article:modified_time\" content=\"2025-10-28T23:54:26+00:00\" \/>\n<meta name=\"twitter:card\" content=\"summary_large_image\" \/>\n<meta name=\"twitter:label1\" content=\"Dur\u00e9e de lecture estim\u00e9e\" \/>\n\t<meta name=\"twitter:data1\" content=\"2 minutes\" \/>\n<script type=\"application\/ld+json\" class=\"yoast-schema-graph\">{\"@context\":\"https:\\\/\\\/schema.org\",\"@graph\":[{\"@type\":\"WebPage\",\"@id\":\"https:\\\/\\\/henergylab.com\\\/fr\\\/produits\\\/pyramides\\\/\",\"url\":\"https:\\\/\\\/henergylab.com\\\/fr\\\/produits\\\/pyramides\\\/\",\"name\":\"Pyramides - HEN\",\"isPartOf\":{\"@id\":\"https:\\\/\\\/henergylab.com\\\/fr\\\/#website\"},\"datePublished\":\"2025-01-15T23:08:52+00:00\",\"dateModified\":\"2025-10-28T23:54:26+00:00\",\"breadcrumb\":{\"@id\":\"https:\\\/\\\/henergylab.com\\\/fr\\\/produits\\\/pyramides\\\/#breadcrumb\"},\"inLanguage\":\"fr-FR\",\"potentialAction\":[{\"@type\":\"ReadAction\",\"target\":[\"https:\\\/\\\/henergylab.com\\\/fr\\\/produits\\\/pyramides\\\/\"]}]},{\"@type\":\"BreadcrumbList\",\"@id\":\"https:\\\/\\\/henergylab.com\\\/fr\\\/produits\\\/pyramides\\\/#breadcrumb\",\"itemListElement\":[{\"@type\":\"ListItem\",\"position\":1,\"name\":\"Home\",\"item\":\"https:\\\/\\\/henergylab.com\\\/fr\\\/\"},{\"@type\":\"ListItem\",\"position\":2,\"name\":\"Produits\",\"item\":\"https:\\\/\\\/henergylab.com\\\/fr\\\/prodotti\\\/\"},{\"@type\":\"ListItem\",\"position\":3,\"name\":\"Pyramides\"}]},{\"@type\":\"WebSite\",\"@id\":\"https:\\\/\\\/henergylab.com\\\/fr\\\/#website\",\"url\":\"https:\\\/\\\/henergylab.com\\\/fr\\\/\",\"name\":\"henergylab\",\"description\":\"\",\"publisher\":{\"@id\":\"https:\\\/\\\/henergylab.com\\\/fr\\\/#organization\"},\"potentialAction\":[{\"@type\":\"SearchAction\",\"target\":{\"@type\":\"EntryPoint\",\"urlTemplate\":\"https:\\\/\\\/henergylab.com\\\/fr\\\/?s={search_term_string}\"},\"query-input\":{\"@type\":\"PropertyValueSpecification\",\"valueRequired\":true,\"valueName\":\"search_term_string\"}}],\"inLanguage\":\"fr-FR\"},{\"@type\":\"Organization\",\"@id\":\"https:\\\/\\\/henergylab.com\\\/fr\\\/#organization\",\"name\":\"HEN\",\"url\":\"https:\\\/\\\/henergylab.com\\\/fr\\\/\",\"logo\":{\"@type\":\"ImageObject\",\"inLanguage\":\"fr-FR\",\"@id\":\"https:\\\/\\\/henergylab.com\\\/fr\\\/#\\\/schema\\\/logo\\\/image\\\/\",\"url\":\"https:\\\/\\\/henergylab.com\\\/wp-content\\\/uploads\\\/2025\\\/07\\\/Henergylab-logo-scritta-nera-1.png\",\"contentUrl\":\"https:\\\/\\\/henergylab.com\\\/wp-content\\\/uploads\\\/2025\\\/07\\\/Henergylab-logo-scritta-nera-1.png\",\"width\":128,\"height\":128,\"caption\":\"HEN\"},\"image\":{\"@id\":\"https:\\\/\\\/henergylab.com\\\/fr\\\/#\\\/schema\\\/logo\\\/image\\\/\"}}]}<\/script>\n<!-- \/ Yoast SEO plugin. -->","yoast_head_json":{"title":"Pyramides - HEN","robots":{"index":"index","follow":"follow","max-snippet":"max-snippet:-1","max-image-preview":"max-image-preview:large","max-video-preview":"max-video-preview:-1"},"canonical":"https:\/\/henergylab.com\/fr\/produits\/pyramides\/","og_locale":"fr_FR","og_type":"article","og_title":"Pyramides - HEN","og_description":"Pyramides en orgonite avec torus coil int\u00e9gr\u00e9e : bienfaits des ondes scalaires et de l&rsquo;orgonite Les pyramides en orgonite avec torus coil int\u00e9gr\u00e9e repr\u00e9sentent une technologie \u00e9nerg\u00e9tique avanc\u00e9e qui unit les propri\u00e9t\u00e9s b\u00e9n\u00e9fiques de l&rsquo;orgonite avec le pouvoir des ondes scalaires g\u00e9n\u00e9r\u00e9es par la bobine toro\u00efdale (torus coil). Cette combinaison synergique cr\u00e9e un dispositif capable [&hellip;]","og_url":"https:\/\/henergylab.com\/fr\/produits\/pyramides\/","og_site_name":"HEN","article_modified_time":"2025-10-28T23:54:26+00:00","twitter_card":"summary_large_image","twitter_misc":{"Dur\u00e9e de lecture estim\u00e9e":"2 minutes"},"schema":{"@context":"https:\/\/schema.org","@graph":[{"@type":"WebPage","@id":"https:\/\/henergylab.com\/fr\/produits\/pyramides\/","url":"https:\/\/henergylab.com\/fr\/produits\/pyramides\/","name":"Pyramides - HEN","isPartOf":{"@id":"https:\/\/henergylab.com\/fr\/#website"},"datePublished":"2025-01-15T23:08:52+00:00","dateModified":"2025-10-28T23:54:26+00:00","breadcrumb":{"@id":"https:\/\/henergylab.com\/fr\/produits\/pyramides\/#breadcrumb"},"inLanguage":"fr-FR","potentialAction":[{"@type":"ReadAction","target":["https:\/\/henergylab.com\/fr\/produits\/pyramides\/"]}]},{"@type":"BreadcrumbList","@id":"https:\/\/henergylab.com\/fr\/produits\/pyramides\/#breadcrumb","itemListElement":[{"@type":"ListItem","position":1,"name":"Home","item":"https:\/\/henergylab.com\/fr\/"},{"@type":"ListItem","position":2,"name":"Produits","item":"https:\/\/henergylab.com\/fr\/prodotti\/"},{"@type":"ListItem","position":3,"name":"Pyramides"}]},{"@type":"WebSite","@id":"https:\/\/henergylab.com\/fr\/#website","url":"https:\/\/henergylab.com\/fr\/","name":"henergylab","description":"","publisher":{"@id":"https:\/\/henergylab.com\/fr\/#organization"},"potentialAction":[{"@type":"SearchAction","target":{"@type":"EntryPoint","urlTemplate":"https:\/\/henergylab.com\/fr\/?s={search_term_string}"},"query-input":{"@type":"PropertyValueSpecification","valueRequired":true,"valueName":"search_term_string"}}],"inLanguage":"fr-FR"},{"@type":"Organization","@id":"https:\/\/henergylab.com\/fr\/#organization","name":"HEN","url":"https:\/\/henergylab.com\/fr\/","logo":{"@type":"ImageObject","inLanguage":"fr-FR","@id":"https:\/\/henergylab.com\/fr\/#\/schema\/logo\/image\/","url":"https:\/\/henergylab.com\/wp-content\/uploads\/2025\/07\/Henergylab-logo-scritta-nera-1.png","contentUrl":"https:\/\/henergylab.com\/wp-content\/uploads\/2025\/07\/Henergylab-logo-scritta-nera-1.png","width":128,"height":128,"caption":"HEN"},"image":{"@id":"https:\/\/henergylab.com\/fr\/#\/schema\/logo\/image\/"}}]}},"_links":{"self":[{"href":"https:\/\/henergylab.com\/fr\/wp-json\/wp\/v2\/pages\/3750","targetHints":{"allow":["GET"]}}],"collection":[{"href":"https:\/\/henergylab.com\/fr\/wp-json\/wp\/v2\/pages"}],"about":[{"href":"https:\/\/henergylab.com\/fr\/wp-json\/wp\/v2\/types\/page"}],"author":[{"embeddable":true,"href":"https:\/\/henergylab.com\/fr\/wp-json\/wp\/v2\/users\/1"}],"replies":[{"embeddable":true,"href":"https:\/\/henergylab.com\/fr\/wp-json\/wp\/v2\/comments?post=3750"}],"version-history":[{"count":1,"href":"https:\/\/henergylab.com\/fr\/wp-json\/wp\/v2\/pages\/3750\/revisions"}],"predecessor-version":[{"id":3752,"href":"https:\/\/henergylab.com\/fr\/wp-json\/wp\/v2\/pages\/3750\/revisions\/3752"}],"up":[{"embeddable":true,"href":"https:\/\/henergylab.com\/fr\/wp-json\/wp\/v2\/pages\/4029"}],"wp:attachment":[{"href":"https:\/\/henergylab.com\/fr\/wp-json\/wp\/v2\/media?parent=3750"}],"curies":[{"name":"wp","href":"https:\/\/api.w.org\/{rel}","templated":true}]}}