{"id":3827,"date":"2025-02-11T23:45:16","date_gmt":"2025-02-11T23:45:16","guid":{"rendered":"https:\/\/henergylab.com\/orgonite-activee\/"},"modified":"2025-10-28T23:54:26","modified_gmt":"2025-10-28T23:54:26","slug":"orgonite-activee","status":"publish","type":"page","link":"https:\/\/henergylab.com\/fr\/produits\/orgonite-activee\/","title":{"rendered":"Orgonite Activ\u00e9e"},"content":{"rendered":"\t\t<div data-elementor-type=\"wp-page\" data-elementor-id=\"3827\" class=\"elementor elementor-3827 elementor-1526\" data-elementor-post-type=\"page\">\n\t\t\t\t<div class=\"elementor-element elementor-element-38e79b9 e-con-full e-flex e-con e-parent\" data-id=\"38e79b9\" data-element_type=\"container\" data-e-type=\"container\">\n\t\t\t\t<div class=\"elementor-element elementor-element-82ba3bf elementor-widget__width-initial elementor-widget elementor-widget-text-editor\" data-id=\"82ba3bf\" data-element_type=\"widget\" data-e-type=\"widget\" data-widget_type=\"text-editor.default\">\n\t\t\t\t<div class=\"elementor-widget-container\">\n\t\t\t\t\t\t\t\t\t<h1 style=\"text-align: left;\">Dispositifs en Orgonite Active<\/h1><h3 style=\"text-align: left;\">Orgonite Activ\u00e9e <\/h3><p>Les dispositifs d&rsquo;Orgonite Activ\u00e9e sont con\u00e7us pour accumuler, conserver et lib\u00e9rer l&rsquo;\u00e9nergie \u00e9th\u00e9rique, une \u00e9nergie subtile et invisible, principalement connue sous le nom de Qi ou Prana, ou \u00e9nergie du point z\u00e9ro, \u00e9nergie tachyonique ou ondes scalaires. L&rsquo;orgone, selon la vision du chercheur Wilhelm Reich, est un aspect de l&rsquo;\u00e9nergie qui impr\u00e8gne tout l&rsquo;univers, c&rsquo;est une forme d&rsquo;\u00e9nergie vitale qui impr\u00e8gne tout l&rsquo;univers. Les dispositifs orgoniques actifs, gr\u00e2ce \u00e0 des caract\u00e9ristiques et mat\u00e9riaux sp\u00e9cifiques, visent \u00e0 \u00e9quilibrer et harmoniser cette \u00e9nergie, contribuant \u00e0 am\u00e9liorer l&rsquo;environnement environnant. <\/p><p><img fetchpriority=\"high\" decoding=\"async\" class=\"size-medium wp-image-1531 alignleft\" src=\"https:\/\/henergylab.com\/wp-content\/uploads\/2025\/02\/Ufo5-249x300.jpg\" alt=\"\" width=\"249\" height=\"300\" srcset=\"https:\/\/henergylab.com\/wp-content\/uploads\/2025\/02\/Ufo5-249x300.jpg 249w, https:\/\/henergylab.com\/wp-content\/uploads\/2025\/02\/Ufo5-504x606.jpg 504w, https:\/\/henergylab.com\/wp-content\/uploads\/2025\/02\/Ufo5-851x1024.jpg 851w, https:\/\/henergylab.com\/wp-content\/uploads\/2025\/02\/Ufo5-768x924.jpg 768w, https:\/\/henergylab.com\/wp-content\/uploads\/2025\/02\/Ufo5-1277x1536.jpg 1277w, https:\/\/henergylab.com\/wp-content\/uploads\/2025\/02\/Ufo5-1703x2048.jpg 1703w, https:\/\/henergylab.com\/wp-content\/uploads\/2025\/02\/Ufo5.jpg 1836w\" sizes=\"(max-width: 249px) 100vw, 249px\" \/>Un dispositif d&rsquo;Orgonite Activ\u00e9e fonctionne comme un accumulateur d&rsquo;\u00e9nergie orgonique. \u00c0 l&rsquo;int\u00e9rieur, des mat\u00e9riaux comme les cristaux de quartz, la r\u00e9sine et les m\u00e9taux cr\u00e9ent les conditions pour attirer et lib\u00e9rer l&rsquo;\u00e9nergie \u00e9th\u00e9rique dans un mouvement continu. Ces dispositifs sont con\u00e7us pour maintenir un flux continu d&rsquo;\u00e9nergie, \u00e9vitant la stagnation qui congestionnerait ce flux d&rsquo;\u00e9nergies en les rendant nocives ou non align\u00e9es avec le flux naturel. <\/p><p>Un des aspects distinctifs des dispositifs d&rsquo;Orgonite Activ\u00e9e est la pr\u00e9sence d&rsquo;un champ \u00e9lectromagn\u00e9tique puls\u00e9, gr\u00e2ce \u00e0 une bobine, donc un champ \u00e9lectromagn\u00e9tique puls\u00e9. Il se cr\u00e9e une interaction entre le champ \u00e9lectromagn\u00e9tique et le champ \u00e9nerg\u00e9tique subtil, cette interaction amplifie l&rsquo;action d&rsquo;accumulation et de lib\u00e9ration de l&rsquo;\u00e9nergie en la modulant sur la fr\u00e9quence utilis\u00e9e.<\/p><p>La capacit\u00e9 de moduler l&rsquo;\u00e9nergie accumul\u00e9e, gr\u00e2ce \u00e0 la bobine et \u00e0 la g\u00e9om\u00e9trie sp\u00e9cifique de la structure, permet d&rsquo;adapter le dispositif \u00e0 divers besoins. Selon la fr\u00e9quence utilis\u00e9e, l&rsquo;\u00e9nergie lib\u00e9r\u00e9e peut \u00eatre orient\u00e9e vers diff\u00e9rentes formes de bien-\u00eatre, comme l&rsquo;am\u00e9lioration de l&rsquo;humeur, la protection contre les radiations \u00e9lectromagn\u00e9tiques, ou le renforcement de l&rsquo;\u00e9nergie vitale. <\/p><hr><h3> <\/h3><h3 class=\"western\" style=\"text-align: left;\"><strong>G\u00e9om\u00e9trie Sacr\u00e9e et Mat\u00e9riaux <\/strong><\/h3><p>Un principe fondamental du design de ces dispositifs est leur construction selon les principes de g\u00e9om\u00e9trie sacr\u00e9e, un syst\u00e8me qui se base sur des formes g\u00e9om\u00e9triques et des proportions que l&rsquo;on trouve dans la nature selon lesquelles les \u00e9nergies se d\u00e9placent. L&rsquo;utilisation de ces formes permet \u00e0 l&rsquo;\u00e9nergie de circuler de mani\u00e8re harmonieuse, c&rsquo;est-\u00e0-dire selon les principes de la nature, celle de l&rsquo;efficacit\u00e9 maximale et de l&rsquo;effort minimum, selon les principes du PHI et la s\u00e9quence de Fibonacci, \u00e9vitant que se cr\u00e9ent des \u00ab blocages \u00bb \u00e9nerg\u00e9tiques. La combinaison de mat\u00e9riaux comme les cristaux de quartz et les r\u00e9sines sp\u00e9ciales aide \u00e0 collecter et lib\u00e9rer l&rsquo;\u00e9nergie \u00e9th\u00e9rique de mani\u00e8re plus efficace.  <\/p><p>La capacit\u00e9 de moduler l&rsquo;\u00e9nergie accumul\u00e9e, gr\u00e2ce \u00e0 la bobine et \u00e0 la g\u00e9om\u00e9trie sp\u00e9cifique de la structure, permet d&rsquo;adapter le dispositif \u00e0 divers besoins. Selon la fr\u00e9quence utilis\u00e9e, l&rsquo;\u00e9nergie lib\u00e9r\u00e9e peut \u00eatre orient\u00e9e vers diff\u00e9rentes formes de bien-\u00eatre, comme l&rsquo;am\u00e9lioration de l&rsquo;humeur, la protection contre les radiations \u00e9lectromagn\u00e9tiques, ou le renforcement de l&rsquo;\u00e9nergie vitale. <\/p><p>En r\u00e9sum\u00e9, les dispositifs d&rsquo;Orgonite Activ\u00e9e sont indiqu\u00e9s pour divers objectifs, principalement comme harmonisateurs environnementaux pour contrer l&rsquo;effet des <strong>radiations \u00e9lectromagn\u00e9tiques<\/strong> <strong>et <\/strong><strong>aide \u00e0 \u00e9quilibrer l&rsquo;\u00e9nergie environnante, am\u00e9liorant la qualit\u00e9 de l&rsquo;environnement et favorisant un sentiment de bien-\u00eatre.<\/strong><\/p>\t\t\t\t\t\t\t\t<\/div>\n\t\t\t\t<\/div>\n\t\t\t\t<\/div>\n\t\t<div class=\"elementor-element elementor-element-e8c4472 e-flex e-con-boxed e-con e-parent\" data-id=\"e8c4472\" data-element_type=\"container\" data-e-type=\"container\">\n\t\t\t\t\t<div class=\"e-con-inner\">\n\t\t\t\t\t<\/div>\n\t\t\t\t<\/div>\n\t\t\t\t<\/div>\n\t\t","protected":false},"excerpt":{"rendered":"<p>Dispositifs en Orgonite Active Orgonite Activ\u00e9e Les dispositifs d&rsquo;Orgonite Activ\u00e9e sont con\u00e7us pour accumuler, conserver et lib\u00e9rer l&rsquo;\u00e9nergie \u00e9th\u00e9rique, une \u00e9nergie subtile et invisible, principalement connue sous le nom de Qi ou Prana, ou \u00e9nergie du point z\u00e9ro, \u00e9nergie tachyonique ou ondes scalaires. L&rsquo;orgone, selon la vision du chercheur Wilhelm Reich, est un aspect de [&hellip;]<\/p>\n","protected":false},"author":1,"featured_media":0,"parent":4029,"menu_order":0,"comment_status":"closed","ping_status":"closed","template":"","meta":{"ocean_post_layout":"","ocean_both_sidebars_style":"","ocean_both_sidebars_content_width":0,"ocean_both_sidebars_sidebars_width":0,"ocean_sidebar":"","ocean_second_sidebar":"","ocean_disable_margins":"enable","ocean_add_body_class":"","ocean_shortcode_before_top_bar":"","ocean_shortcode_after_top_bar":"","ocean_shortcode_before_header":"","ocean_shortcode_after_header":"","ocean_has_shortcode":"","ocean_shortcode_after_title":"","ocean_shortcode_before_footer_widgets":"","ocean_shortcode_after_footer_widgets":"","ocean_shortcode_before_footer_bottom":"","ocean_shortcode_after_footer_bottom":"","ocean_display_top_bar":"default","ocean_display_header":"default","ocean_header_style":"","ocean_center_header_left_menu":"","ocean_custom_header_template":"","ocean_custom_logo":0,"ocean_custom_retina_logo":0,"ocean_custom_logo_max_width":0,"ocean_custom_logo_tablet_max_width":0,"ocean_custom_logo_mobile_max_width":0,"ocean_custom_logo_max_height":0,"ocean_custom_logo_tablet_max_height":0,"ocean_custom_logo_mobile_max_height":0,"ocean_header_custom_menu":"","ocean_menu_typo_font_family":"","ocean_menu_typo_font_subset":"","ocean_menu_typo_font_size":0,"ocean_menu_typo_font_size_tablet":0,"ocean_menu_typo_font_size_mobile":0,"ocean_menu_typo_font_size_unit":"px","ocean_menu_typo_font_weight":"","ocean_menu_typo_font_weight_tablet":"","ocean_menu_typo_font_weight_mobile":"","ocean_menu_typo_transform":"","ocean_menu_typo_transform_tablet":"","ocean_menu_typo_transform_mobile":"","ocean_menu_typo_line_height":0,"ocean_menu_typo_line_height_tablet":0,"ocean_menu_typo_line_height_mobile":0,"ocean_menu_typo_line_height_unit":"","ocean_menu_typo_spacing":0,"ocean_menu_typo_spacing_tablet":0,"ocean_menu_typo_spacing_mobile":0,"ocean_menu_typo_spacing_unit":"","ocean_menu_link_color":"","ocean_menu_link_color_hover":"","ocean_menu_link_color_active":"","ocean_menu_link_background":"","ocean_menu_link_hover_background":"","ocean_menu_link_active_background":"","ocean_menu_social_links_bg":"","ocean_menu_social_hover_links_bg":"","ocean_menu_social_links_color":"","ocean_menu_social_hover_links_color":"","ocean_disable_title":"default","ocean_disable_heading":"default","ocean_post_title":"","ocean_post_subheading":"","ocean_post_title_style":"","ocean_post_title_background_color":"","ocean_post_title_background":0,"ocean_post_title_bg_image_position":"","ocean_post_title_bg_image_attachment":"","ocean_post_title_bg_image_repeat":"","ocean_post_title_bg_image_size":"","ocean_post_title_height":0,"ocean_post_title_bg_overlay":0.5,"ocean_post_title_bg_overlay_color":"","ocean_disable_breadcrumbs":"default","ocean_breadcrumbs_color":"","ocean_breadcrumbs_separator_color":"","ocean_breadcrumbs_links_color":"","ocean_breadcrumbs_links_hover_color":"","ocean_display_footer_widgets":"default","ocean_display_footer_bottom":"default","ocean_custom_footer_template":"","_glsr_average":0,"_glsr_ranking":0,"_glsr_reviews":0,"footnotes":""},"class_list":["post-3827","page","type-page","status-publish","hentry","entry","owp-thumbs-layout-vertical","owp-btn-normal","owp-tabs-layout-horizontal","has-no-thumbnails","has-product-nav"],"yoast_head":"<!-- This site is optimized with the Yoast SEO plugin v27.4 - https:\/\/yoast.com\/product\/yoast-seo-wordpress\/ -->\n<title>Orgonite Activ\u00e9e - HEN<\/title>\n<meta name=\"description\" content=\"Orgonite Activ\u00e9e ou Orgonites Actives stimul\u00e9es par des bobines scalaires avec des fr\u00e9quences \u00e9lectromagn\u00e9tiques et lumineuses\" \/>\n<meta name=\"robots\" content=\"index, follow, max-snippet:-1, max-image-preview:large, max-video-preview:-1\" \/>\n<link rel=\"canonical\" href=\"https:\/\/henergylab.com\/fr\/produits\/orgonite-activee\/\" \/>\n<meta property=\"og:locale\" content=\"fr_FR\" \/>\n<meta property=\"og:type\" content=\"article\" \/>\n<meta property=\"og:title\" content=\"Orgonite Activ\u00e9e - HEN\" \/>\n<meta property=\"og:description\" content=\"Orgonite Activ\u00e9e ou Orgonites Actives stimul\u00e9es par des bobines scalaires avec des fr\u00e9quences \u00e9lectromagn\u00e9tiques et lumineuses\" \/>\n<meta property=\"og:url\" content=\"https:\/\/henergylab.com\/fr\/produits\/orgonite-activee\/\" \/>\n<meta property=\"og:site_name\" content=\"HEN\" \/>\n<meta property=\"article:modified_time\" content=\"2025-10-28T23:54:26+00:00\" \/>\n<meta property=\"og:image\" content=\"https:\/\/henergylab.com\/wp-content\/uploads\/2025\/02\/Ufo5.jpg\" \/>\n\t<meta property=\"og:image:width\" content=\"1836\" \/>\n\t<meta property=\"og:image:height\" content=\"2208\" \/>\n\t<meta property=\"og:image:type\" content=\"image\/jpeg\" \/>\n<meta name=\"twitter:card\" content=\"summary_large_image\" \/>\n<meta name=\"twitter:label1\" content=\"Dur\u00e9e de lecture estim\u00e9e\" \/>\n\t<meta name=\"twitter:data1\" content=\"3 minutes\" \/>\n<script type=\"application\/ld+json\" class=\"yoast-schema-graph\">{\"@context\":\"https:\\\/\\\/schema.org\",\"@graph\":[{\"@type\":\"WebPage\",\"@id\":\"https:\\\/\\\/henergylab.com\\\/fr\\\/produits\\\/orgonite-activee\\\/\",\"url\":\"https:\\\/\\\/henergylab.com\\\/fr\\\/produits\\\/orgonite-activee\\\/\",\"name\":\"Orgonite Activ\u00e9e - HEN\",\"isPartOf\":{\"@id\":\"https:\\\/\\\/henergylab.com\\\/fr\\\/#website\"},\"primaryImageOfPage\":{\"@id\":\"https:\\\/\\\/henergylab.com\\\/fr\\\/produits\\\/orgonite-activee\\\/#primaryimage\"},\"image\":{\"@id\":\"https:\\\/\\\/henergylab.com\\\/fr\\\/produits\\\/orgonite-activee\\\/#primaryimage\"},\"thumbnailUrl\":\"https:\\\/\\\/henergylab.com\\\/wp-content\\\/uploads\\\/2025\\\/02\\\/Ufo5-249x300.jpg\",\"datePublished\":\"2025-02-11T23:45:16+00:00\",\"dateModified\":\"2025-10-28T23:54:26+00:00\",\"description\":\"Orgonite Activ\u00e9e ou Orgonites Actives stimul\u00e9es par des bobines scalaires avec des fr\u00e9quences \u00e9lectromagn\u00e9tiques et lumineuses\",\"breadcrumb\":{\"@id\":\"https:\\\/\\\/henergylab.com\\\/fr\\\/produits\\\/orgonite-activee\\\/#breadcrumb\"},\"inLanguage\":\"fr-FR\",\"potentialAction\":[{\"@type\":\"ReadAction\",\"target\":[\"https:\\\/\\\/henergylab.com\\\/fr\\\/produits\\\/orgonite-activee\\\/\"]}]},{\"@type\":\"ImageObject\",\"inLanguage\":\"fr-FR\",\"@id\":\"https:\\\/\\\/henergylab.com\\\/fr\\\/produits\\\/orgonite-activee\\\/#primaryimage\",\"url\":\"https:\\\/\\\/henergylab.com\\\/wp-content\\\/uploads\\\/2025\\\/02\\\/Ufo5-249x300.jpg\",\"contentUrl\":\"https:\\\/\\\/henergylab.com\\\/wp-content\\\/uploads\\\/2025\\\/02\\\/Ufo5-249x300.jpg\"},{\"@type\":\"BreadcrumbList\",\"@id\":\"https:\\\/\\\/henergylab.com\\\/fr\\\/produits\\\/orgonite-activee\\\/#breadcrumb\",\"itemListElement\":[{\"@type\":\"ListItem\",\"position\":1,\"name\":\"Home\",\"item\":\"https:\\\/\\\/henergylab.com\\\/fr\\\/\"},{\"@type\":\"ListItem\",\"position\":2,\"name\":\"Produits\",\"item\":\"https:\\\/\\\/henergylab.com\\\/fr\\\/prodotti\\\/\"},{\"@type\":\"ListItem\",\"position\":3,\"name\":\"Orgonite Activ\u00e9e\"}]},{\"@type\":\"WebSite\",\"@id\":\"https:\\\/\\\/henergylab.com\\\/fr\\\/#website\",\"url\":\"https:\\\/\\\/henergylab.com\\\/fr\\\/\",\"name\":\"henergylab\",\"description\":\"\",\"publisher\":{\"@id\":\"https:\\\/\\\/henergylab.com\\\/fr\\\/#organization\"},\"potentialAction\":[{\"@type\":\"SearchAction\",\"target\":{\"@type\":\"EntryPoint\",\"urlTemplate\":\"https:\\\/\\\/henergylab.com\\\/fr\\\/?s={search_term_string}\"},\"query-input\":{\"@type\":\"PropertyValueSpecification\",\"valueRequired\":true,\"valueName\":\"search_term_string\"}}],\"inLanguage\":\"fr-FR\"},{\"@type\":\"Organization\",\"@id\":\"https:\\\/\\\/henergylab.com\\\/fr\\\/#organization\",\"name\":\"HEN\",\"url\":\"https:\\\/\\\/henergylab.com\\\/fr\\\/\",\"logo\":{\"@type\":\"ImageObject\",\"inLanguage\":\"fr-FR\",\"@id\":\"https:\\\/\\\/henergylab.com\\\/fr\\\/#\\\/schema\\\/logo\\\/image\\\/\",\"url\":\"https:\\\/\\\/henergylab.com\\\/wp-content\\\/uploads\\\/2025\\\/07\\\/Henergylab-logo-scritta-nera-1.png\",\"contentUrl\":\"https:\\\/\\\/henergylab.com\\\/wp-content\\\/uploads\\\/2025\\\/07\\\/Henergylab-logo-scritta-nera-1.png\",\"width\":128,\"height\":128,\"caption\":\"HEN\"},\"image\":{\"@id\":\"https:\\\/\\\/henergylab.com\\\/fr\\\/#\\\/schema\\\/logo\\\/image\\\/\"}}]}<\/script>\n<!-- \/ Yoast SEO plugin. -->","yoast_head_json":{"title":"Orgonite Activ\u00e9e - HEN","description":"Orgonite Activ\u00e9e ou Orgonites Actives stimul\u00e9es par des bobines scalaires avec des fr\u00e9quences \u00e9lectromagn\u00e9tiques et lumineuses","robots":{"index":"index","follow":"follow","max-snippet":"max-snippet:-1","max-image-preview":"max-image-preview:large","max-video-preview":"max-video-preview:-1"},"canonical":"https:\/\/henergylab.com\/fr\/produits\/orgonite-activee\/","og_locale":"fr_FR","og_type":"article","og_title":"Orgonite Activ\u00e9e - HEN","og_description":"Orgonite Activ\u00e9e ou Orgonites Actives stimul\u00e9es par des bobines scalaires avec des fr\u00e9quences \u00e9lectromagn\u00e9tiques et lumineuses","og_url":"https:\/\/henergylab.com\/fr\/produits\/orgonite-activee\/","og_site_name":"HEN","article_modified_time":"2025-10-28T23:54:26+00:00","og_image":[{"width":1836,"height":2208,"url":"https:\/\/henergylab.com\/wp-content\/uploads\/2025\/02\/Ufo5.jpg","type":"image\/jpeg"}],"twitter_card":"summary_large_image","twitter_misc":{"Dur\u00e9e de lecture estim\u00e9e":"3 minutes"},"schema":{"@context":"https:\/\/schema.org","@graph":[{"@type":"WebPage","@id":"https:\/\/henergylab.com\/fr\/produits\/orgonite-activee\/","url":"https:\/\/henergylab.com\/fr\/produits\/orgonite-activee\/","name":"Orgonite Activ\u00e9e - HEN","isPartOf":{"@id":"https:\/\/henergylab.com\/fr\/#website"},"primaryImageOfPage":{"@id":"https:\/\/henergylab.com\/fr\/produits\/orgonite-activee\/#primaryimage"},"image":{"@id":"https:\/\/henergylab.com\/fr\/produits\/orgonite-activee\/#primaryimage"},"thumbnailUrl":"https:\/\/henergylab.com\/wp-content\/uploads\/2025\/02\/Ufo5-249x300.jpg","datePublished":"2025-02-11T23:45:16+00:00","dateModified":"2025-10-28T23:54:26+00:00","description":"Orgonite Activ\u00e9e ou Orgonites Actives stimul\u00e9es par des bobines scalaires avec des fr\u00e9quences \u00e9lectromagn\u00e9tiques et lumineuses","breadcrumb":{"@id":"https:\/\/henergylab.com\/fr\/produits\/orgonite-activee\/#breadcrumb"},"inLanguage":"fr-FR","potentialAction":[{"@type":"ReadAction","target":["https:\/\/henergylab.com\/fr\/produits\/orgonite-activee\/"]}]},{"@type":"ImageObject","inLanguage":"fr-FR","@id":"https:\/\/henergylab.com\/fr\/produits\/orgonite-activee\/#primaryimage","url":"https:\/\/henergylab.com\/wp-content\/uploads\/2025\/02\/Ufo5-249x300.jpg","contentUrl":"https:\/\/henergylab.com\/wp-content\/uploads\/2025\/02\/Ufo5-249x300.jpg"},{"@type":"BreadcrumbList","@id":"https:\/\/henergylab.com\/fr\/produits\/orgonite-activee\/#breadcrumb","itemListElement":[{"@type":"ListItem","position":1,"name":"Home","item":"https:\/\/henergylab.com\/fr\/"},{"@type":"ListItem","position":2,"name":"Produits","item":"https:\/\/henergylab.com\/fr\/prodotti\/"},{"@type":"ListItem","position":3,"name":"Orgonite Activ\u00e9e"}]},{"@type":"WebSite","@id":"https:\/\/henergylab.com\/fr\/#website","url":"https:\/\/henergylab.com\/fr\/","name":"henergylab","description":"","publisher":{"@id":"https:\/\/henergylab.com\/fr\/#organization"},"potentialAction":[{"@type":"SearchAction","target":{"@type":"EntryPoint","urlTemplate":"https:\/\/henergylab.com\/fr\/?s={search_term_string}"},"query-input":{"@type":"PropertyValueSpecification","valueRequired":true,"valueName":"search_term_string"}}],"inLanguage":"fr-FR"},{"@type":"Organization","@id":"https:\/\/henergylab.com\/fr\/#organization","name":"HEN","url":"https:\/\/henergylab.com\/fr\/","logo":{"@type":"ImageObject","inLanguage":"fr-FR","@id":"https:\/\/henergylab.com\/fr\/#\/schema\/logo\/image\/","url":"https:\/\/henergylab.com\/wp-content\/uploads\/2025\/07\/Henergylab-logo-scritta-nera-1.png","contentUrl":"https:\/\/henergylab.com\/wp-content\/uploads\/2025\/07\/Henergylab-logo-scritta-nera-1.png","width":128,"height":128,"caption":"HEN"},"image":{"@id":"https:\/\/henergylab.com\/fr\/#\/schema\/logo\/image\/"}}]}},"_links":{"self":[{"href":"https:\/\/henergylab.com\/fr\/wp-json\/wp\/v2\/pages\/3827","targetHints":{"allow":["GET"]}}],"collection":[{"href":"https:\/\/henergylab.com\/fr\/wp-json\/wp\/v2\/pages"}],"about":[{"href":"https:\/\/henergylab.com\/fr\/wp-json\/wp\/v2\/types\/page"}],"author":[{"embeddable":true,"href":"https:\/\/henergylab.com\/fr\/wp-json\/wp\/v2\/users\/1"}],"replies":[{"embeddable":true,"href":"https:\/\/henergylab.com\/fr\/wp-json\/wp\/v2\/comments?post=3827"}],"version-history":[{"count":1,"href":"https:\/\/henergylab.com\/fr\/wp-json\/wp\/v2\/pages\/3827\/revisions"}],"predecessor-version":[{"id":3829,"href":"https:\/\/henergylab.com\/fr\/wp-json\/wp\/v2\/pages\/3827\/revisions\/3829"}],"up":[{"embeddable":true,"href":"https:\/\/henergylab.com\/fr\/wp-json\/wp\/v2\/pages\/4029"}],"wp:attachment":[{"href":"https:\/\/henergylab.com\/fr\/wp-json\/wp\/v2\/media?parent=3827"}],"curies":[{"name":"wp","href":"https:\/\/api.w.org\/{rel}","templated":true}]}}