{"id":3830,"date":"2025-02-24T23:53:07","date_gmt":"2025-02-24T23:53:07","guid":{"rendered":"https:\/\/henergylab.com\/bobine-vortex\/"},"modified":"2025-10-28T23:49:33","modified_gmt":"2025-10-28T23:49:33","slug":"bobine-vortex","status":"publish","type":"page","link":"https:\/\/henergylab.com\/fr\/bobine-vortex\/","title":{"rendered":"Bobine vortex"},"content":{"rendered":"\t\t<div data-elementor-type=\"wp-page\" data-elementor-id=\"3830\" class=\"elementor elementor-3830 elementor-2073\" data-elementor-post-type=\"page\">\n\t\t\t\t<div class=\"elementor-element elementor-element-4f8b471 e-flex e-con-boxed e-con e-parent\" data-id=\"4f8b471\" data-element_type=\"container\" data-e-type=\"container\">\n\t\t\t\t\t<div class=\"e-con-inner\">\n\t\t\t\t<div class=\"elementor-element elementor-element-0c6d4ce elementor-widget elementor-widget-heading\" data-id=\"0c6d4ce\" data-element_type=\"widget\" data-e-type=\"widget\" data-widget_type=\"heading.default\">\n\t\t\t\t<div class=\"elementor-widget-container\">\n\t\t\t\t\t<h2 class=\"elementor-heading-title elementor-size-default\">HenCoil<\/h2>\t\t\t\t<\/div>\n\t\t\t\t<\/div>\n\t\t\t\t\t<\/div>\n\t\t\t\t<\/div>\n\t\t<div class=\"elementor-element elementor-element-61cc879 e-flex e-con-boxed e-con e-parent\" data-id=\"61cc879\" data-element_type=\"container\" data-e-type=\"container\">\n\t\t\t\t\t<div class=\"e-con-inner\">\n\t\t<div class=\"elementor-element elementor-element-58dacd2 e-grid e-con-full e-con e-child\" data-id=\"58dacd2\" data-element_type=\"container\" data-e-type=\"container\">\n\t\t\t\t<div class=\"elementor-element elementor-element-01bd0de elementor-widget elementor-widget-image\" data-id=\"01bd0de\" data-element_type=\"widget\" data-e-type=\"widget\" data-widget_type=\"image.default\">\n\t\t\t\t<div class=\"elementor-widget-container\">\n\t\t\t\t\t\t\t\t\t\t\t\t\t\t\t<img fetchpriority=\"high\" decoding=\"async\" width=\"300\" height=\"300\" src=\"https:\/\/henergylab.com\/wp-content\/uploads\/2025\/02\/multiple-coil-300x300.jpg\" class=\"attachment-medium size-medium wp-image-3724\" alt=\"\" srcset=\"https:\/\/henergylab.com\/wp-content\/uploads\/2025\/02\/multiple-coil-300x300.jpg 300w, https:\/\/henergylab.com\/wp-content\/uploads\/2025\/02\/multiple-coil-265x265.jpg 265w, https:\/\/henergylab.com\/wp-content\/uploads\/2025\/02\/multiple-coil-100x100.jpg 100w, https:\/\/henergylab.com\/wp-content\/uploads\/2025\/02\/multiple-coil-504x504.jpg 504w, https:\/\/henergylab.com\/wp-content\/uploads\/2025\/02\/multiple-coil-1024x1024.jpg 1024w, https:\/\/henergylab.com\/wp-content\/uploads\/2025\/02\/multiple-coil-150x150.jpg 150w, https:\/\/henergylab.com\/wp-content\/uploads\/2025\/02\/multiple-coil-768x768.jpg 768w, https:\/\/henergylab.com\/wp-content\/uploads\/2025\/02\/multiple-coil-1536x1536.jpg 1536w, https:\/\/henergylab.com\/wp-content\/uploads\/2025\/02\/multiple-coil-600x600.jpg 600w, https:\/\/henergylab.com\/wp-content\/uploads\/2025\/02\/multiple-coil.jpg 1632w\" sizes=\"(max-width: 300px) 100vw, 300px\" \/>\t\t\t\t\t\t\t\t\t\t\t\t\t\t\t<\/div>\n\t\t\t\t<\/div>\n\t\t\t\t<div class=\"elementor-element elementor-element-b5102c0 elementor-widget elementor-widget-image\" data-id=\"b5102c0\" data-element_type=\"widget\" data-e-type=\"widget\" data-widget_type=\"image.default\">\n\t\t\t\t<div class=\"elementor-widget-container\">\n\t\t\t\t\t\t\t\t\t\t\t\t\t\t\t<img decoding=\"async\" width=\"249\" height=\"300\" src=\"https:\/\/henergylab.com\/wp-content\/uploads\/2025\/02\/1_18cm-249x300.jpeg\" class=\"attachment-medium size-medium wp-image-3722\" alt=\"\" srcset=\"https:\/\/henergylab.com\/wp-content\/uploads\/2025\/02\/1_18cm-249x300.jpeg 249w, https:\/\/henergylab.com\/wp-content\/uploads\/2025\/02\/1_18cm-504x607.jpeg 504w, https:\/\/henergylab.com\/wp-content\/uploads\/2025\/02\/1_18cm-850x1024.jpeg 850w, https:\/\/henergylab.com\/wp-content\/uploads\/2025\/02\/1_18cm-768x925.jpeg 768w, https:\/\/henergylab.com\/wp-content\/uploads\/2025\/02\/1_18cm-1276x1536.jpeg 1276w, https:\/\/henergylab.com\/wp-content\/uploads\/2025\/02\/1_18cm-1701x2048.jpeg 1701w, https:\/\/henergylab.com\/wp-content\/uploads\/2025\/02\/1_18cm.jpeg 2000w\" sizes=\"(max-width: 249px) 100vw, 249px\" \/>\t\t\t\t\t\t\t\t\t\t\t\t\t\t\t<\/div>\n\t\t\t\t<\/div>\n\t\t\t\t<div class=\"elementor-element elementor-element-16ff62c elementor-widget elementor-widget-image\" data-id=\"16ff62c\" data-element_type=\"widget\" data-e-type=\"widget\" data-widget_type=\"image.default\">\n\t\t\t\t<div class=\"elementor-widget-container\">\n\t\t\t\t\t\t\t\t\t\t\t\t\t\t\t<img decoding=\"async\" width=\"300\" height=\"300\" src=\"https:\/\/henergylab.com\/wp-content\/uploads\/2025\/02\/4-quartz-26cm-e1740440711606-300x300.jpeg\" class=\"attachment-medium size-medium wp-image-3832\" alt=\"\" srcset=\"https:\/\/henergylab.com\/wp-content\/uploads\/2025\/02\/4-quartz-26cm-e1740440711606-300x300.jpeg 300w, https:\/\/henergylab.com\/wp-content\/uploads\/2025\/02\/4-quartz-26cm-e1740440711606-265x265.jpeg 265w, https:\/\/henergylab.com\/wp-content\/uploads\/2025\/02\/4-quartz-26cm-e1740440711606-100x100.jpeg 100w, https:\/\/henergylab.com\/wp-content\/uploads\/2025\/02\/4-quartz-26cm-e1740440711606-504x504.jpeg 504w, https:\/\/henergylab.com\/wp-content\/uploads\/2025\/02\/4-quartz-26cm-e1740440711606-1024x1024.jpeg 1024w, https:\/\/henergylab.com\/wp-content\/uploads\/2025\/02\/4-quartz-26cm-e1740440711606-150x150.jpeg 150w, https:\/\/henergylab.com\/wp-content\/uploads\/2025\/02\/4-quartz-26cm-e1740440711606-768x768.jpeg 768w, https:\/\/henergylab.com\/wp-content\/uploads\/2025\/02\/4-quartz-26cm-e1740440711606-1536x1536.jpeg 1536w, https:\/\/henergylab.com\/wp-content\/uploads\/2025\/02\/4-quartz-26cm-e1740440711606-600x600.jpeg 600w, https:\/\/henergylab.com\/wp-content\/uploads\/2025\/02\/4-quartz-26cm-e1740440711606.jpeg 1875w\" sizes=\"(max-width: 300px) 100vw, 300px\" \/>\t\t\t\t\t\t\t\t\t\t\t\t\t\t\t<\/div>\n\t\t\t\t<\/div>\n\t\t\t\t<\/div>\n\t\t\t\t\t<\/div>\n\t\t\t\t<\/div>\n\t\t<div class=\"elementor-element elementor-element-7da4869 e-con-full e-flex e-con e-parent\" data-id=\"7da4869\" data-element_type=\"container\" data-e-type=\"container\">\n\t\t\t\t<div class=\"elementor-element elementor-element-050ec85 elementor-widget__width-initial elementor-widget elementor-widget-text-editor\" data-id=\"050ec85\" data-element_type=\"widget\" data-e-type=\"widget\" data-widget_type=\"text-editor.default\">\n\t\t\t\t<div class=\"elementor-widget-container\">\n\t\t\t\t\t\t\t\t\t<p>HenCoil est principalement un dispositif PEMF, via un g\u00e9n\u00e9rateur de fr\u00e9quences ou un amplificateur audio, ils g\u00e9n\u00e8rent un champ \u00e9lectromagn\u00e9tique puls\u00e9, la forme particuli\u00e8re des enroulements, les principes de <a href=\"https:\/\/www.youtube.com\/watch?v=fI93jeaXGvs\">Vortex Based Mathematics<\/a> utilis\u00e9s, et les mat\u00e9riaux sp\u00e9cifiques employ\u00e9s pour la r\u00e9alisation du toro\u00efde, cr\u00e9ent un champ \u00e9nerg\u00e9tique subtil, qui v\u00e9hicule le message des diverses fr\u00e9quences \u00e0 un niveau plus profond.<\/p><p>Les fr\u00e9quences de r\u00e9f\u00e9rence sont celles relatives \u00e0 la <a href=\"https:\/\/www.youtube.com\/watch?v=1QI_M03gBjU&amp;t=3249s\">th\u00e9rapie Rife<\/a> et les diverses bases de donn\u00e9es de fr\u00e9quences d\u00e9velopp\u00e9es en presque 100 ans de recherches.<img loading=\"lazy\" decoding=\"async\" class=\"alignnone size-medium wp-image-2076 alignright\" src=\"https:\/\/henergylab.com\/wp-content\/uploads\/2025\/02\/Dr-Royal-Raymond-Rife-223x300.jpg\" alt=\"\" width=\"223\" height=\"300\" srcset=\"https:\/\/henergylab.com\/wp-content\/uploads\/2025\/02\/Dr-Royal-Raymond-Rife-223x300.jpg 223w, https:\/\/henergylab.com\/wp-content\/uploads\/2025\/02\/Dr-Royal-Raymond-Rife.jpg 495w\" sizes=\"(max-width: 223px) 100vw, 223px\" \/><\/p><p>La th\u00e9rapie Rife base son fonctionnement sur le principe de la R\u00e9sonance, la cellule humaine est techniquement un oscillateur, qui fonctionne sur base \u00e9lectrique, ainsi que les divers organismes pathog\u00e8nes pour l&rsquo;\u00eatre humain, comme certaines bact\u00e9ries, parasites, virus etc, tous ceux-ci ont une fr\u00e9quence de r\u00e9sonance, qui comme dans le cas du soprano qui brise un verre avec un aigu, implosent suite \u00e0 la fr\u00e9quence sp\u00e9cifique \u00e9mise, dans ce cas l&rsquo;action est celle de Killing c&rsquo;est-\u00e0-dire \u00e9limination de pathog\u00e8nes, quand les fr\u00e9quences sont utilis\u00e9es pour stimuler les fonctions de l&rsquo;organisme, des cellules etc, l&rsquo;action est celle de Healing, simultan\u00e9ment \u00e0 celles-ci s&rsquo;ajoute une action de Detox, destin\u00e9e \u00e0 d\u00e9sintoxiquer l&rsquo;organisme de toute une s\u00e9rie de contaminants comme m\u00e9taux lourds, pesticides, substances chimiques et bien d&rsquo;autres, souvent cette action, Detox, est r\u00e9solutive pour de nombreuses pathologies.<\/p><p>HenCoil exerce en outre une excellente action de r\u00e9\u00e9quilibrage \u00e9nerg\u00e9tique environnemental, r\u00e9pandant son champ subtil sur plusieurs m\u00e8tres, excellent outil pour des s\u00e9ances de m\u00e9ditation, relaxation ou pendant des traitements th\u00e9rapeutiques.<\/p><p>Pour les utiliser il est n\u00e9cessaire de les connecter \u00e0 une source, comme un g\u00e9n\u00e9rateur de fr\u00e9quences avec une certaine puissance de sortie, comme par exemple Spooky2, ou \u00e0 une source audio, comme un amplificateur contr\u00f4lable depuis smartphone ou tablette, avec une des diverses apps G\u00e9n\u00e9rateur de fr\u00e9quence ou Rife App, comme par exemple Z-app<\/p>\t\t\t\t\t\t\t\t<\/div>\n\t\t\t\t<\/div>\n\t\t\t\t<\/div>\n\t\t<div class=\"elementor-element elementor-element-a51f47d e-flex e-con-boxed e-con e-parent\" data-id=\"a51f47d\" data-element_type=\"container\" data-e-type=\"container\">\n\t\t\t\t\t<div class=\"e-con-inner\">\n\t\t\t\t\t<\/div>\n\t\t\t\t<\/div>\n\t\t\t\t<\/div>\n\t\t","protected":false},"excerpt":{"rendered":"<p>HenCoil HenCoil est principalement un dispositif PEMF, via un g\u00e9n\u00e9rateur de fr\u00e9quences ou un amplificateur audio, ils g\u00e9n\u00e8rent un champ \u00e9lectromagn\u00e9tique puls\u00e9, la forme particuli\u00e8re des enroulements, les principes de Vortex Based Mathematics utilis\u00e9s, et les mat\u00e9riaux sp\u00e9cifiques employ\u00e9s pour la r\u00e9alisation du toro\u00efde, cr\u00e9ent un champ \u00e9nerg\u00e9tique subtil, qui v\u00e9hicule le message des diverses [&hellip;]<\/p>\n","protected":false},"author":1,"featured_media":0,"parent":0,"menu_order":0,"comment_status":"closed","ping_status":"closed","template":"","meta":{"ocean_post_layout":"","ocean_both_sidebars_style":"","ocean_both_sidebars_content_width":0,"ocean_both_sidebars_sidebars_width":0,"ocean_sidebar":"","ocean_second_sidebar":"","ocean_disable_margins":"enable","ocean_add_body_class":"","ocean_shortcode_before_top_bar":"","ocean_shortcode_after_top_bar":"","ocean_shortcode_before_header":"","ocean_shortcode_after_header":"","ocean_has_shortcode":"","ocean_shortcode_after_title":"","ocean_shortcode_before_footer_widgets":"","ocean_shortcode_after_footer_widgets":"","ocean_shortcode_before_footer_bottom":"","ocean_shortcode_after_footer_bottom":"","ocean_display_top_bar":"default","ocean_display_header":"default","ocean_header_style":"","ocean_center_header_left_menu":"","ocean_custom_header_template":"","ocean_custom_logo":0,"ocean_custom_retina_logo":0,"ocean_custom_logo_max_width":0,"ocean_custom_logo_tablet_max_width":0,"ocean_custom_logo_mobile_max_width":0,"ocean_custom_logo_max_height":0,"ocean_custom_logo_tablet_max_height":0,"ocean_custom_logo_mobile_max_height":0,"ocean_header_custom_menu":"","ocean_menu_typo_font_family":"","ocean_menu_typo_font_subset":"","ocean_menu_typo_font_size":0,"ocean_menu_typo_font_size_tablet":0,"ocean_menu_typo_font_size_mobile":0,"ocean_menu_typo_font_size_unit":"px","ocean_menu_typo_font_weight":"","ocean_menu_typo_font_weight_tablet":"","ocean_menu_typo_font_weight_mobile":"","ocean_menu_typo_transform":"","ocean_menu_typo_transform_tablet":"","ocean_menu_typo_transform_mobile":"","ocean_menu_typo_line_height":0,"ocean_menu_typo_line_height_tablet":0,"ocean_menu_typo_line_height_mobile":0,"ocean_menu_typo_line_height_unit":"","ocean_menu_typo_spacing":0,"ocean_menu_typo_spacing_tablet":0,"ocean_menu_typo_spacing_mobile":0,"ocean_menu_typo_spacing_unit":"","ocean_menu_link_color":"","ocean_menu_link_color_hover":"","ocean_menu_link_color_active":"","ocean_menu_link_background":"","ocean_menu_link_hover_background":"","ocean_menu_link_active_background":"","ocean_menu_social_links_bg":"","ocean_menu_social_hover_links_bg":"","ocean_menu_social_links_color":"","ocean_menu_social_hover_links_color":"","ocean_disable_title":"default","ocean_disable_heading":"default","ocean_post_title":"","ocean_post_subheading":"","ocean_post_title_style":"","ocean_post_title_background_color":"","ocean_post_title_background":0,"ocean_post_title_bg_image_position":"","ocean_post_title_bg_image_attachment":"","ocean_post_title_bg_image_repeat":"","ocean_post_title_bg_image_size":"","ocean_post_title_height":0,"ocean_post_title_bg_overlay":0.5,"ocean_post_title_bg_overlay_color":"","ocean_disable_breadcrumbs":"default","ocean_breadcrumbs_color":"","ocean_breadcrumbs_separator_color":"","ocean_breadcrumbs_links_color":"","ocean_breadcrumbs_links_hover_color":"","ocean_display_footer_widgets":"default","ocean_display_footer_bottom":"default","ocean_custom_footer_template":"","_glsr_average":0,"_glsr_ranking":0,"_glsr_reviews":0,"footnotes":""},"class_list":["post-3830","page","type-page","status-publish","hentry","entry","owp-thumbs-layout-vertical","owp-btn-normal","owp-tabs-layout-horizontal","has-no-thumbnails","has-product-nav"],"yoast_head":"<!-- This site is optimized with the Yoast SEO plugin v27.4 - https:\/\/yoast.com\/product\/yoast-seo-wordpress\/ -->\n<title>Bobine vortex - HEN<\/title>\n<meta name=\"description\" content=\"Hencoil \u00e9nergie toro\u00efdale d\u00e9couvre les bienfaits de la th\u00e9rapie PEMF combin\u00e9e avec les bienfaits des ondes scalaires\" \/>\n<meta name=\"robots\" content=\"index, follow, max-snippet:-1, max-image-preview:large, max-video-preview:-1\" \/>\n<link rel=\"canonical\" href=\"https:\/\/henergylab.com\/fr\/bobine-vortex\/\" \/>\n<meta property=\"og:locale\" content=\"fr_FR\" \/>\n<meta property=\"og:type\" content=\"article\" \/>\n<meta property=\"og:title\" content=\"Bobine vortex - HEN\" \/>\n<meta property=\"og:description\" content=\"Hencoil \u00e9nergie toro\u00efdale d\u00e9couvre les bienfaits de la th\u00e9rapie PEMF combin\u00e9e avec les bienfaits des ondes scalaires\" \/>\n<meta property=\"og:url\" content=\"https:\/\/henergylab.com\/fr\/bobine-vortex\/\" \/>\n<meta property=\"og:site_name\" content=\"HEN\" \/>\n<meta property=\"article:modified_time\" content=\"2025-10-28T23:49:33+00:00\" \/>\n<meta property=\"og:image\" content=\"https:\/\/henergylab.com\/wp-content\/uploads\/2025\/02\/multiple-coil.jpg\" \/>\n\t<meta property=\"og:image:width\" content=\"1632\" \/>\n\t<meta property=\"og:image:height\" content=\"1632\" \/>\n\t<meta property=\"og:image:type\" content=\"image\/jpeg\" \/>\n<meta name=\"twitter:card\" content=\"summary_large_image\" \/>\n<meta name=\"twitter:label1\" content=\"Dur\u00e9e de lecture estim\u00e9e\" \/>\n\t<meta name=\"twitter:data1\" content=\"2 minutes\" \/>\n<script type=\"application\/ld+json\" class=\"yoast-schema-graph\">{\"@context\":\"https:\\\/\\\/schema.org\",\"@graph\":[{\"@type\":\"WebPage\",\"@id\":\"https:\\\/\\\/henergylab.com\\\/fr\\\/bobine-vortex\\\/\",\"url\":\"https:\\\/\\\/henergylab.com\\\/fr\\\/bobine-vortex\\\/\",\"name\":\"Bobine vortex - HEN\",\"isPartOf\":{\"@id\":\"https:\\\/\\\/henergylab.com\\\/fr\\\/#website\"},\"primaryImageOfPage\":{\"@id\":\"https:\\\/\\\/henergylab.com\\\/fr\\\/bobine-vortex\\\/#primaryimage\"},\"image\":{\"@id\":\"https:\\\/\\\/henergylab.com\\\/fr\\\/bobine-vortex\\\/#primaryimage\"},\"thumbnailUrl\":\"https:\\\/\\\/henergylab.com\\\/wp-content\\\/uploads\\\/2025\\\/02\\\/multiple-coil-300x300.jpg\",\"datePublished\":\"2025-02-24T23:53:07+00:00\",\"dateModified\":\"2025-10-28T23:49:33+00:00\",\"description\":\"Hencoil \u00e9nergie toro\u00efdale d\u00e9couvre les bienfaits de la th\u00e9rapie PEMF combin\u00e9e avec les bienfaits des ondes scalaires\",\"breadcrumb\":{\"@id\":\"https:\\\/\\\/henergylab.com\\\/fr\\\/bobine-vortex\\\/#breadcrumb\"},\"inLanguage\":\"fr-FR\",\"potentialAction\":[{\"@type\":\"ReadAction\",\"target\":[\"https:\\\/\\\/henergylab.com\\\/fr\\\/bobine-vortex\\\/\"]}]},{\"@type\":\"ImageObject\",\"inLanguage\":\"fr-FR\",\"@id\":\"https:\\\/\\\/henergylab.com\\\/fr\\\/bobine-vortex\\\/#primaryimage\",\"url\":\"https:\\\/\\\/henergylab.com\\\/wp-content\\\/uploads\\\/2025\\\/02\\\/multiple-coil-300x300.jpg\",\"contentUrl\":\"https:\\\/\\\/henergylab.com\\\/wp-content\\\/uploads\\\/2025\\\/02\\\/multiple-coil-300x300.jpg\"},{\"@type\":\"BreadcrumbList\",\"@id\":\"https:\\\/\\\/henergylab.com\\\/fr\\\/bobine-vortex\\\/#breadcrumb\",\"itemListElement\":[{\"@type\":\"ListItem\",\"position\":1,\"name\":\"Home\",\"item\":\"https:\\\/\\\/henergylab.com\\\/fr\\\/\"},{\"@type\":\"ListItem\",\"position\":2,\"name\":\"Bobine vortex\"}]},{\"@type\":\"WebSite\",\"@id\":\"https:\\\/\\\/henergylab.com\\\/fr\\\/#website\",\"url\":\"https:\\\/\\\/henergylab.com\\\/fr\\\/\",\"name\":\"henergylab\",\"description\":\"\",\"publisher\":{\"@id\":\"https:\\\/\\\/henergylab.com\\\/fr\\\/#organization\"},\"potentialAction\":[{\"@type\":\"SearchAction\",\"target\":{\"@type\":\"EntryPoint\",\"urlTemplate\":\"https:\\\/\\\/henergylab.com\\\/fr\\\/?s={search_term_string}\"},\"query-input\":{\"@type\":\"PropertyValueSpecification\",\"valueRequired\":true,\"valueName\":\"search_term_string\"}}],\"inLanguage\":\"fr-FR\"},{\"@type\":\"Organization\",\"@id\":\"https:\\\/\\\/henergylab.com\\\/fr\\\/#organization\",\"name\":\"HEN\",\"url\":\"https:\\\/\\\/henergylab.com\\\/fr\\\/\",\"logo\":{\"@type\":\"ImageObject\",\"inLanguage\":\"fr-FR\",\"@id\":\"https:\\\/\\\/henergylab.com\\\/fr\\\/#\\\/schema\\\/logo\\\/image\\\/\",\"url\":\"https:\\\/\\\/henergylab.com\\\/wp-content\\\/uploads\\\/2025\\\/07\\\/Henergylab-logo-scritta-nera-1.png\",\"contentUrl\":\"https:\\\/\\\/henergylab.com\\\/wp-content\\\/uploads\\\/2025\\\/07\\\/Henergylab-logo-scritta-nera-1.png\",\"width\":128,\"height\":128,\"caption\":\"HEN\"},\"image\":{\"@id\":\"https:\\\/\\\/henergylab.com\\\/fr\\\/#\\\/schema\\\/logo\\\/image\\\/\"}}]}<\/script>\n<!-- \/ Yoast SEO plugin. -->","yoast_head_json":{"title":"Bobine vortex - HEN","description":"Hencoil \u00e9nergie toro\u00efdale d\u00e9couvre les bienfaits de la th\u00e9rapie PEMF combin\u00e9e avec les bienfaits des ondes scalaires","robots":{"index":"index","follow":"follow","max-snippet":"max-snippet:-1","max-image-preview":"max-image-preview:large","max-video-preview":"max-video-preview:-1"},"canonical":"https:\/\/henergylab.com\/fr\/bobine-vortex\/","og_locale":"fr_FR","og_type":"article","og_title":"Bobine vortex - HEN","og_description":"Hencoil \u00e9nergie toro\u00efdale d\u00e9couvre les bienfaits de la th\u00e9rapie PEMF combin\u00e9e avec les bienfaits des ondes scalaires","og_url":"https:\/\/henergylab.com\/fr\/bobine-vortex\/","og_site_name":"HEN","article_modified_time":"2025-10-28T23:49:33+00:00","og_image":[{"width":1632,"height":1632,"url":"https:\/\/henergylab.com\/wp-content\/uploads\/2025\/02\/multiple-coil.jpg","type":"image\/jpeg"}],"twitter_card":"summary_large_image","twitter_misc":{"Dur\u00e9e de lecture estim\u00e9e":"2 minutes"},"schema":{"@context":"https:\/\/schema.org","@graph":[{"@type":"WebPage","@id":"https:\/\/henergylab.com\/fr\/bobine-vortex\/","url":"https:\/\/henergylab.com\/fr\/bobine-vortex\/","name":"Bobine vortex - HEN","isPartOf":{"@id":"https:\/\/henergylab.com\/fr\/#website"},"primaryImageOfPage":{"@id":"https:\/\/henergylab.com\/fr\/bobine-vortex\/#primaryimage"},"image":{"@id":"https:\/\/henergylab.com\/fr\/bobine-vortex\/#primaryimage"},"thumbnailUrl":"https:\/\/henergylab.com\/wp-content\/uploads\/2025\/02\/multiple-coil-300x300.jpg","datePublished":"2025-02-24T23:53:07+00:00","dateModified":"2025-10-28T23:49:33+00:00","description":"Hencoil \u00e9nergie toro\u00efdale d\u00e9couvre les bienfaits de la th\u00e9rapie PEMF combin\u00e9e avec les bienfaits des ondes scalaires","breadcrumb":{"@id":"https:\/\/henergylab.com\/fr\/bobine-vortex\/#breadcrumb"},"inLanguage":"fr-FR","potentialAction":[{"@type":"ReadAction","target":["https:\/\/henergylab.com\/fr\/bobine-vortex\/"]}]},{"@type":"ImageObject","inLanguage":"fr-FR","@id":"https:\/\/henergylab.com\/fr\/bobine-vortex\/#primaryimage","url":"https:\/\/henergylab.com\/wp-content\/uploads\/2025\/02\/multiple-coil-300x300.jpg","contentUrl":"https:\/\/henergylab.com\/wp-content\/uploads\/2025\/02\/multiple-coil-300x300.jpg"},{"@type":"BreadcrumbList","@id":"https:\/\/henergylab.com\/fr\/bobine-vortex\/#breadcrumb","itemListElement":[{"@type":"ListItem","position":1,"name":"Home","item":"https:\/\/henergylab.com\/fr\/"},{"@type":"ListItem","position":2,"name":"Bobine vortex"}]},{"@type":"WebSite","@id":"https:\/\/henergylab.com\/fr\/#website","url":"https:\/\/henergylab.com\/fr\/","name":"henergylab","description":"","publisher":{"@id":"https:\/\/henergylab.com\/fr\/#organization"},"potentialAction":[{"@type":"SearchAction","target":{"@type":"EntryPoint","urlTemplate":"https:\/\/henergylab.com\/fr\/?s={search_term_string}"},"query-input":{"@type":"PropertyValueSpecification","valueRequired":true,"valueName":"search_term_string"}}],"inLanguage":"fr-FR"},{"@type":"Organization","@id":"https:\/\/henergylab.com\/fr\/#organization","name":"HEN","url":"https:\/\/henergylab.com\/fr\/","logo":{"@type":"ImageObject","inLanguage":"fr-FR","@id":"https:\/\/henergylab.com\/fr\/#\/schema\/logo\/image\/","url":"https:\/\/henergylab.com\/wp-content\/uploads\/2025\/07\/Henergylab-logo-scritta-nera-1.png","contentUrl":"https:\/\/henergylab.com\/wp-content\/uploads\/2025\/07\/Henergylab-logo-scritta-nera-1.png","width":128,"height":128,"caption":"HEN"},"image":{"@id":"https:\/\/henergylab.com\/fr\/#\/schema\/logo\/image\/"}}]}},"_links":{"self":[{"href":"https:\/\/henergylab.com\/fr\/wp-json\/wp\/v2\/pages\/3830","targetHints":{"allow":["GET"]}}],"collection":[{"href":"https:\/\/henergylab.com\/fr\/wp-json\/wp\/v2\/pages"}],"about":[{"href":"https:\/\/henergylab.com\/fr\/wp-json\/wp\/v2\/types\/page"}],"author":[{"embeddable":true,"href":"https:\/\/henergylab.com\/fr\/wp-json\/wp\/v2\/users\/1"}],"replies":[{"embeddable":true,"href":"https:\/\/henergylab.com\/fr\/wp-json\/wp\/v2\/comments?post=3830"}],"version-history":[{"count":1,"href":"https:\/\/henergylab.com\/fr\/wp-json\/wp\/v2\/pages\/3830\/revisions"}],"predecessor-version":[{"id":3833,"href":"https:\/\/henergylab.com\/fr\/wp-json\/wp\/v2\/pages\/3830\/revisions\/3833"}],"wp:attachment":[{"href":"https:\/\/henergylab.com\/fr\/wp-json\/wp\/v2\/media?parent=3830"}],"curies":[{"name":"wp","href":"https:\/\/api.w.org\/{rel}","templated":true}]}}