{"id":3894,"date":"2025-02-16T00:46:42","date_gmt":"2025-02-16T00:46:42","guid":{"rendered":"https:\/\/henergylab.com\/hencoils\/"},"modified":"2025-10-28T23:54:26","modified_gmt":"2025-10-28T23:54:26","slug":"hencoils","status":"publish","type":"page","link":"https:\/\/henergylab.com\/fr\/produits\/hencoils\/","title":{"rendered":"HENCoils"},"content":{"rendered":"\t\t<div data-elementor-type=\"wp-page\" data-elementor-id=\"3894\" class=\"elementor elementor-3894 elementor-1750\" data-elementor-post-type=\"page\">\n\t\t\t\t<div class=\"elementor-element elementor-element-2abba16 e-con-full e-flex e-con e-parent\" data-id=\"2abba16\" data-element_type=\"container\" data-e-type=\"container\">\n\t\t<div class=\"elementor-element elementor-element-f702f0b e-grid e-con-boxed e-con e-child\" data-id=\"f702f0b\" data-element_type=\"container\" data-e-type=\"container\">\n\t\t\t\t\t<div class=\"e-con-inner\">\n\t\t\t\t\t<\/div>\n\t\t\t\t<\/div>\n\t\t\t\t<div class=\"elementor-element elementor-element-5aae5a9 elementor-widget elementor-widget-text-editor\" data-id=\"5aae5a9\" data-element_type=\"widget\" data-e-type=\"widget\" data-widget_type=\"text-editor.default\">\n\t\t\t\t<div class=\"elementor-widget-container\">\n\t\t\t\t\t\t\t\t\t<h1 class=\"western\"><span style=\"color: #000000;\">Exp\u00e9rience Toro\u00efdale<\/span><\/h1><p><strong>HenCoil : La Puissance des Fr\u00e9quences pour ton Bien-\u00eatre<\/strong><\/p><p align=\"left\">Les HenCoil sont des bobines toro\u00efdales qui d\u00e9veloppent des champs \u00e9lectromagn\u00e9tiques puls\u00e9s, combin\u00e9s \u00e0 des champs \u00e9nerg\u00e9tiques subtils et des ondes scalaires, capables d&rsquo;interagir avec le corps humain \u00e0 un niveau \u00e9nerg\u00e9tique profond. La configuration particuli\u00e8re des enroulements et le choix minutieux des mat\u00e9riaux qui composent le toro\u00efde g\u00e9n\u00e8rent un champ \u00e9nerg\u00e9tique scalaire capable d&rsquo;influencer non seulement le corps physique, mais aussi les syst\u00e8mes \u00e9nerg\u00e9tiques subtils.<\/p><hr><h3 class=\"western\"> <\/h3><h3 class=\"western\">Comment fonctionnent les HenCoil<\/h3><p>La caract\u00e9ristique principale des HenCoil est leur capacit\u00e9 \u00e0 g\u00e9n\u00e9rer un champ magn\u00e9tique qui r\u00e9ussit \u00e0 v\u00e9hiculer le message des diff\u00e9rentes fr\u00e9quences. La r\u00e9f\u00e9rence principale pour comprendre comment les fr\u00e9quences v\u00e9hicul\u00e9es par les champs magn\u00e9tiques, ou d&rsquo;autres syst\u00e8mes, influencent notre m\u00e9tabolisme est la <strong>Th\u00e9rapie par Fr\u00e9quences de Rife<\/strong>, qui utilise les principes de la r\u00e9sonance \u00e0 des fins th\u00e9rapeutiques depuis plus de 100 ans.<\/p><p>Selon la th\u00e9orie de la r\u00e9sonance, chaque organisme, cellule ou pathog\u00e8ne a une fr\u00e9quence de r\u00e9sonance sp\u00e9cifique. La cellule humaine elle-m\u00eame est un oscillateur \u00e9lectrique. Cela signifie qu&rsquo;elle r\u00e9agit \u00e0 certaines fr\u00e9quences, tout comme un objet peut vibrer \u00e0 une fr\u00e9quence qui correspond \u00e0 sa r\u00e9sonance, comme dans le cas d&rsquo;une soprano qui brise un verre en cristal avec une note aigu\u00eb. Dans le cas des organismes pathog\u00e8nes, l&rsquo;utilisation d&rsquo;une fr\u00e9quence sp\u00e9cifique permet leur destruction par r\u00e9sonance.<\/p><p>Dans le cas de la <strong>th\u00e9rapie Rife<\/strong>, l&rsquo;utilisation de fr\u00e9quences cibl\u00e9es peut avoir deux effets principaux :<\/p><ul><li><p><strong>Killing (\u00c9limination des Pathog\u00e8nes) :<\/strong> Des fr\u00e9quences sp\u00e9cifiques peuvent \u00e9liminer les pathog\u00e8nes tels que les bact\u00e9ries, les virus, les parasites et autres organismes nocifs. Cet effet est similaire au ph\u00e9nom\u00e8ne o\u00f9 une soprano r\u00e9ussit \u00e0 briser un verre en cristal avec sa voix, gr\u00e2ce \u00e0 la r\u00e9sonance. La forme d&rsquo;onde utilis\u00e9e est carr\u00e9e ou en dents de scie.<\/p><\/li><li><p><strong>Healing (Gu\u00e9rison) :<\/strong> Lorsque les fr\u00e9quences sont utilis\u00e9es pour stimuler les cellules et les fonctions de l&rsquo;organisme, un processus de gu\u00e9rison est activ\u00e9. Les fr\u00e9quences aident le corps \u00e0 se r\u00e9accorder et favorisent la r\u00e9cup\u00e9ration. La forme d&rsquo;onde utilis\u00e9e est sinuso\u00efdale.<\/p><\/li><\/ul><hr><h3> <\/h3><h3 class=\"western\">Impr\u00e9gnation de fr\u00e9quences<\/h3><p>Une autre possibilit\u00e9 offerte par les HenCoil est l&rsquo;utilisation par impr\u00e9gnation de fr\u00e9quences, c&rsquo;est-\u00e0-dire l&rsquo;enregistrement des diff\u00e9rentes fr\u00e9quences sur divers supports, comme l&rsquo;eau (dans ce cas, on parle d&rsquo;eau structur\u00e9e), des cristaux de quartz ou des autocollants holographiques. Ces derniers s&rsquo;av\u00e8rent tr\u00e8s efficaces pour v\u00e9hiculer un grand nombre de fr\u00e9quences au niveau quantique.<\/p><hr><h3> <\/h3><h3 class=\"western\">D\u00e9tox et R\u00e9\u00e9quilibrage \u00c9nerg\u00e9tique<\/h3><p>En plus de ces bienfaits th\u00e9rapeutiques, les HenCoil, par l&rsquo;utilisation de fr\u00e9quences sp\u00e9cifiques, effectuent une action de <strong>D\u00e9tox<\/strong>, favorisant la d\u00e9sintoxication de l&rsquo;organisme. Cela inclut l&rsquo;\u00e9limination des m\u00e9taux lourds, des pesticides, des substances chimiques et d&rsquo;autres toxines qui peuvent s&rsquo;accumuler dans le corps et contribuer \u00e0 divers troubles et maladies. Souvent, l&rsquo;action d\u00e9tox s&rsquo;av\u00e8re r\u00e9solutive dans de nombreux probl\u00e8mes de sant\u00e9, am\u00e9liorant le bien-\u00eatre g\u00e9n\u00e9ral.<\/p><p>Un autre avantage des HenCoil est leur capacit\u00e9 \u00e0 <strong>r\u00e9\u00e9quilibrer l&rsquo;\u00e9nergie environnementale<\/strong>. Le champ subtil g\u00e9n\u00e9r\u00e9 par les bobines peut s&rsquo;\u00e9tendre sur plusieurs m\u00e8tres, cr\u00e9ant un environnement \u00e9nerg\u00e9tiquement plus harmonieux. Cela les rend id\u00e9ales pour des s\u00e9ances de <strong>m\u00e9ditation<\/strong>, de <strong>relaxation<\/strong> ou pendant des traitements th\u00e9rapeutiques, contribuant \u00e0 am\u00e9liorer la qualit\u00e9 de l&rsquo;environnement et \u00e0 favoriser le bien-\u00eatre mental et physique.<\/p><hr><h3> <\/h3><h3 class=\"western\">Comment utiliser les HenCoil<\/h3><p style=\"text-align: left;\">Pour profiter pleinement des avantages des Vortex Coil, il est n\u00e9cessaire de les connecter \u00e0 une source de fr\u00e9quences. Il existe diff\u00e9rentes options pour le faire, comme par exemple un <strong>g\u00e9n\u00e9rateur de fr\u00e9quences<\/strong> avec une puissance de sortie suffisante, comme <strong>Spooky2<\/strong>,<\/p><p><img fetchpriority=\"high\" decoding=\"async\" class=\"wp-image-2285 aligncenter\" src=\"https:\/\/henergylab.com\/wp-content\/uploads\/2025\/03\/spooky-gen-300x152.jpg\" alt=\"\" width=\"486\" height=\"247\" srcset=\"https:\/\/henergylab.com\/wp-content\/uploads\/2025\/03\/spooky-gen-300x152.jpg 300w, https:\/\/henergylab.com\/wp-content\/uploads\/2025\/03\/spooky-gen-504x256.jpg 504w, https:\/\/henergylab.com\/wp-content\/uploads\/2025\/03\/spooky-gen.jpg 686w\" sizes=\"(max-width: 486px) 100vw, 486px\" \/><\/p><p style=\"text-align: left;\">ou via un <strong>amplificateur<\/strong><strong> audio<\/strong>, qui peut \u00eatre contr\u00f4l\u00e9 via Bluetooth par une application sur smartphone ou tablette, comme la <strong>Z-app<\/strong> ou d&rsquo;autres applications similaires.<img decoding=\"async\" class=\"wp-image-2239 alignright\" src=\"https:\/\/henergylab.com\/wp-content\/uploads\/2025\/03\/Douk-Audio-HiFi-Bluetooth-300x300.jpg\" alt=\"\" width=\"249\" height=\"249\" srcset=\"https:\/\/henergylab.com\/wp-content\/uploads\/2025\/03\/Douk-Audio-HiFi-Bluetooth-300x300.jpg 300w, https:\/\/henergylab.com\/wp-content\/uploads\/2025\/03\/Douk-Audio-HiFi-Bluetooth-1024x1024.jpg 1024w, https:\/\/henergylab.com\/wp-content\/uploads\/2025\/03\/Douk-Audio-HiFi-Bluetooth-150x150.jpg 150w, https:\/\/henergylab.com\/wp-content\/uploads\/2025\/03\/Douk-Audio-HiFi-Bluetooth-768x768.jpg 768w, https:\/\/henergylab.com\/wp-content\/uploads\/2025\/03\/Douk-Audio-HiFi-Bluetooth-600x600.jpg 600w, https:\/\/henergylab.com\/wp-content\/uploads\/2025\/03\/Douk-Audio-HiFi-Bluetooth-265x265.jpg 265w, https:\/\/henergylab.com\/wp-content\/uploads\/2025\/03\/Douk-Audio-HiFi-Bluetooth-504x504.jpg 504w, https:\/\/henergylab.com\/wp-content\/uploads\/2025\/03\/Douk-Audio-HiFi-Bluetooth-100x100.jpg 100w, https:\/\/henergylab.com\/wp-content\/uploads\/2025\/03\/Douk-Audio-HiFi-Bluetooth.jpg 1500w\" sizes=\"(max-width: 249px) 100vw, 249px\" \/><img decoding=\"async\" class=\"wp-image-2243 alignright\" src=\"https:\/\/henergylab.com\/wp-content\/uploads\/2025\/03\/fosi-amp-300x300.webp\" alt=\"\" width=\"249\" height=\"249\" srcset=\"https:\/\/henergylab.com\/wp-content\/uploads\/2025\/03\/fosi-amp-300x300.webp 300w, https:\/\/henergylab.com\/wp-content\/uploads\/2025\/03\/fosi-amp-150x150.webp 150w, https:\/\/henergylab.com\/wp-content\/uploads\/2025\/03\/fosi-amp-768x768.webp 768w, https:\/\/henergylab.com\/wp-content\/uploads\/2025\/03\/fosi-amp-600x600.webp 600w, https:\/\/henergylab.com\/wp-content\/uploads\/2025\/03\/fosi-amp-265x265.webp 265w, https:\/\/henergylab.com\/wp-content\/uploads\/2025\/03\/fosi-amp-504x504.webp 504w, https:\/\/henergylab.com\/wp-content\/uploads\/2025\/03\/fosi-amp-100x100.webp 100w, https:\/\/henergylab.com\/wp-content\/uploads\/2025\/03\/fosi-amp.webp 960w\" sizes=\"(max-width: 249px) 100vw, 249px\" \/><\/p><p style=\"text-align: left;\">De cette fa\u00e7on, les fr\u00e9quences peuvent \u00eatre ajust\u00e9es et personnalis\u00e9es en fonction des besoins th\u00e9rapeutiques, que ce soit pour stimuler la gu\u00e9rison, purifier le corps ou am\u00e9liorer l&rsquo;\u00e9quilibre \u00e9nerg\u00e9tique.<\/p><hr><h3> <\/h3><h3 class=\"western\">Conclusions<\/h3><p>Les HenCoil repr\u00e9sentent un outil puissant dans la th\u00e9rapie \u00e9nerg\u00e9tique, combinant les champs magn\u00e9tiques puls\u00e9s avec les g\u00e9om\u00e9tries particuli\u00e8res des math\u00e9matiques en base 9 et les propri\u00e9t\u00e9s de mat\u00e9riaux sp\u00e9cifiques utilis\u00e9s. Qu&rsquo;il s&rsquo;agisse d&rsquo;am\u00e9liorer la sant\u00e9 physique, de stimuler la gu\u00e9rison ou simplement de r\u00e9\u00e9quilibrer l&rsquo;\u00e9nergie dans un environnement, ces bobines offrent une large gamme de bienfaits. La possibilit\u00e9 de combiner les fr\u00e9quences de la th\u00e9rapie Rife avec une action de d\u00e9sintoxication et de r\u00e9\u00e9quilibrage \u00e9nerg\u00e9tique en fait un outil polyvalent et valable pour des applications dans le domaine du bien-\u00eatre \u00e0 tous les niveaux.<\/p>\t\t\t\t\t\t\t\t<\/div>\n\t\t\t\t<\/div>\n\t\t\t\t<\/div>\n\t\t<div class=\"elementor-element elementor-element-4a11db5 e-con-full e-flex e-con e-parent\" data-id=\"4a11db5\" data-element_type=\"container\" data-e-type=\"container\">\n\t\t\t\t<\/div>\n\t\t\t\t<\/div>\n\t\t","protected":false},"excerpt":{"rendered":"<p>Exp\u00e9rience Toro\u00efdale HenCoil : La Puissance des Fr\u00e9quences pour ton Bien-\u00eatre Les HenCoil sont des bobines toro\u00efdales qui d\u00e9veloppent des champs \u00e9lectromagn\u00e9tiques puls\u00e9s, combin\u00e9s \u00e0 des champs \u00e9nerg\u00e9tiques subtils et des ondes scalaires, capables d&rsquo;interagir avec le corps humain \u00e0 un niveau \u00e9nerg\u00e9tique profond. La configuration particuli\u00e8re des enroulements et le choix minutieux des mat\u00e9riaux [&hellip;]<\/p>\n","protected":false},"author":1,"featured_media":3896,"parent":4029,"menu_order":0,"comment_status":"closed","ping_status":"closed","template":"","meta":{"ocean_post_layout":"","ocean_both_sidebars_style":"","ocean_both_sidebars_content_width":0,"ocean_both_sidebars_sidebars_width":0,"ocean_sidebar":"","ocean_second_sidebar":"","ocean_disable_margins":"enable","ocean_add_body_class":"","ocean_shortcode_before_top_bar":"","ocean_shortcode_after_top_bar":"","ocean_shortcode_before_header":"","ocean_shortcode_after_header":"","ocean_has_shortcode":"","ocean_shortcode_after_title":"","ocean_shortcode_before_footer_widgets":"","ocean_shortcode_after_footer_widgets":"","ocean_shortcode_before_footer_bottom":"","ocean_shortcode_after_footer_bottom":"","ocean_display_top_bar":"default","ocean_display_header":"default","ocean_header_style":"","ocean_center_header_left_menu":"","ocean_custom_header_template":"","ocean_custom_logo":0,"ocean_custom_retina_logo":0,"ocean_custom_logo_max_width":0,"ocean_custom_logo_tablet_max_width":0,"ocean_custom_logo_mobile_max_width":0,"ocean_custom_logo_max_height":0,"ocean_custom_logo_tablet_max_height":0,"ocean_custom_logo_mobile_max_height":0,"ocean_header_custom_menu":"","ocean_menu_typo_font_family":"","ocean_menu_typo_font_subset":"","ocean_menu_typo_font_size":0,"ocean_menu_typo_font_size_tablet":0,"ocean_menu_typo_font_size_mobile":0,"ocean_menu_typo_font_size_unit":"px","ocean_menu_typo_font_weight":"","ocean_menu_typo_font_weight_tablet":"","ocean_menu_typo_font_weight_mobile":"","ocean_menu_typo_transform":"","ocean_menu_typo_transform_tablet":"","ocean_menu_typo_transform_mobile":"","ocean_menu_typo_line_height":0,"ocean_menu_typo_line_height_tablet":0,"ocean_menu_typo_line_height_mobile":0,"ocean_menu_typo_line_height_unit":"","ocean_menu_typo_spacing":0,"ocean_menu_typo_spacing_tablet":0,"ocean_menu_typo_spacing_mobile":0,"ocean_menu_typo_spacing_unit":"","ocean_menu_link_color":"","ocean_menu_link_color_hover":"","ocean_menu_link_color_active":"","ocean_menu_link_background":"","ocean_menu_link_hover_background":"","ocean_menu_link_active_background":"","ocean_menu_social_links_bg":"","ocean_menu_social_hover_links_bg":"","ocean_menu_social_links_color":"","ocean_menu_social_hover_links_color":"","ocean_disable_title":"default","ocean_disable_heading":"default","ocean_post_title":"","ocean_post_subheading":"","ocean_post_title_style":"","ocean_post_title_background_color":"","ocean_post_title_background":0,"ocean_post_title_bg_image_position":"","ocean_post_title_bg_image_attachment":"","ocean_post_title_bg_image_repeat":"","ocean_post_title_bg_image_size":"","ocean_post_title_height":0,"ocean_post_title_bg_overlay":0.5,"ocean_post_title_bg_overlay_color":"","ocean_disable_breadcrumbs":"default","ocean_breadcrumbs_color":"","ocean_breadcrumbs_separator_color":"","ocean_breadcrumbs_links_color":"","ocean_breadcrumbs_links_hover_color":"","ocean_display_footer_widgets":"default","ocean_display_footer_bottom":"default","ocean_custom_footer_template":"","_glsr_average":0,"_glsr_ranking":0,"_glsr_reviews":0,"footnotes":""},"class_list":["post-3894","page","type-page","status-publish","has-post-thumbnail","hentry","entry","has-media","owp-thumbs-layout-vertical","owp-btn-normal","owp-tabs-layout-horizontal","has-no-thumbnails","has-product-nav"],"yoast_head":"<!-- This site is optimized with the Yoast SEO plugin v27.4 - https:\/\/yoast.com\/product\/yoast-seo-wordpress\/ -->\n<title>HENCoils - HEN<\/title>\n<meta name=\"robots\" content=\"index, follow, max-snippet:-1, max-image-preview:large, max-video-preview:-1\" \/>\n<link rel=\"canonical\" href=\"https:\/\/henergylab.com\/fr\/produits\/hencoils\/\" \/>\n<meta property=\"og:locale\" content=\"fr_FR\" \/>\n<meta property=\"og:type\" content=\"article\" \/>\n<meta property=\"og:title\" content=\"HENCoils - HEN\" \/>\n<meta property=\"og:description\" content=\"Exp\u00e9rience Toro\u00efdale HenCoil : La Puissance des Fr\u00e9quences pour ton Bien-\u00eatre Les HenCoil sont des bobines toro\u00efdales qui d\u00e9veloppent des champs \u00e9lectromagn\u00e9tiques puls\u00e9s, combin\u00e9s \u00e0 des champs \u00e9nerg\u00e9tiques subtils et des ondes scalaires, capables d&rsquo;interagir avec le corps humain \u00e0 un niveau \u00e9nerg\u00e9tique profond. La configuration particuli\u00e8re des enroulements et le choix minutieux des mat\u00e9riaux [&hellip;]\" \/>\n<meta property=\"og:url\" content=\"https:\/\/henergylab.com\/fr\/produits\/hencoils\/\" \/>\n<meta property=\"og:site_name\" content=\"HEN\" \/>\n<meta property=\"article:modified_time\" content=\"2025-10-28T23:54:26+00:00\" \/>\n<meta property=\"og:image\" content=\"https:\/\/henergylab.com\/wp-content\/uploads\/2025\/02\/cropped-3-coil-siteimage2-scaled-1.jpg\" \/>\n\t<meta property=\"og:image:width\" content=\"2000\" \/>\n\t<meta property=\"og:image:height\" content=\"1198\" \/>\n\t<meta property=\"og:image:type\" content=\"image\/jpeg\" \/>\n<meta name=\"twitter:card\" content=\"summary_large_image\" \/>\n<meta name=\"twitter:label1\" content=\"Dur\u00e9e de lecture estim\u00e9e\" \/>\n\t<meta name=\"twitter:data1\" content=\"4 minutes\" \/>\n<script type=\"application\/ld+json\" class=\"yoast-schema-graph\">{\"@context\":\"https:\\\/\\\/schema.org\",\"@graph\":[{\"@type\":\"WebPage\",\"@id\":\"https:\\\/\\\/henergylab.com\\\/fr\\\/produits\\\/hencoils\\\/\",\"url\":\"https:\\\/\\\/henergylab.com\\\/fr\\\/produits\\\/hencoils\\\/\",\"name\":\"HENCoils - HEN\",\"isPartOf\":{\"@id\":\"https:\\\/\\\/henergylab.com\\\/fr\\\/#website\"},\"primaryImageOfPage\":{\"@id\":\"https:\\\/\\\/henergylab.com\\\/fr\\\/produits\\\/hencoils\\\/#primaryimage\"},\"image\":{\"@id\":\"https:\\\/\\\/henergylab.com\\\/fr\\\/produits\\\/hencoils\\\/#primaryimage\"},\"thumbnailUrl\":\"https:\\\/\\\/henergylab.com\\\/wp-content\\\/uploads\\\/2025\\\/02\\\/cropped-3-coil-siteimage2-scaled-1.jpg\",\"datePublished\":\"2025-02-16T00:46:42+00:00\",\"dateModified\":\"2025-10-28T23:54:26+00:00\",\"breadcrumb\":{\"@id\":\"https:\\\/\\\/henergylab.com\\\/fr\\\/produits\\\/hencoils\\\/#breadcrumb\"},\"inLanguage\":\"fr-FR\",\"potentialAction\":[{\"@type\":\"ReadAction\",\"target\":[\"https:\\\/\\\/henergylab.com\\\/fr\\\/produits\\\/hencoils\\\/\"]}]},{\"@type\":\"ImageObject\",\"inLanguage\":\"fr-FR\",\"@id\":\"https:\\\/\\\/henergylab.com\\\/fr\\\/produits\\\/hencoils\\\/#primaryimage\",\"url\":\"https:\\\/\\\/henergylab.com\\\/wp-content\\\/uploads\\\/2025\\\/02\\\/cropped-3-coil-siteimage2-scaled-1.jpg\",\"contentUrl\":\"https:\\\/\\\/henergylab.com\\\/wp-content\\\/uploads\\\/2025\\\/02\\\/cropped-3-coil-siteimage2-scaled-1.jpg\",\"width\":2000,\"height\":1198},{\"@type\":\"BreadcrumbList\",\"@id\":\"https:\\\/\\\/henergylab.com\\\/fr\\\/produits\\\/hencoils\\\/#breadcrumb\",\"itemListElement\":[{\"@type\":\"ListItem\",\"position\":1,\"name\":\"Home\",\"item\":\"https:\\\/\\\/henergylab.com\\\/fr\\\/\"},{\"@type\":\"ListItem\",\"position\":2,\"name\":\"Produits\",\"item\":\"https:\\\/\\\/henergylab.com\\\/fr\\\/prodotti\\\/\"},{\"@type\":\"ListItem\",\"position\":3,\"name\":\"HENCoils\"}]},{\"@type\":\"WebSite\",\"@id\":\"https:\\\/\\\/henergylab.com\\\/fr\\\/#website\",\"url\":\"https:\\\/\\\/henergylab.com\\\/fr\\\/\",\"name\":\"henergylab\",\"description\":\"\",\"publisher\":{\"@id\":\"https:\\\/\\\/henergylab.com\\\/fr\\\/#organization\"},\"potentialAction\":[{\"@type\":\"SearchAction\",\"target\":{\"@type\":\"EntryPoint\",\"urlTemplate\":\"https:\\\/\\\/henergylab.com\\\/fr\\\/?s={search_term_string}\"},\"query-input\":{\"@type\":\"PropertyValueSpecification\",\"valueRequired\":true,\"valueName\":\"search_term_string\"}}],\"inLanguage\":\"fr-FR\"},{\"@type\":\"Organization\",\"@id\":\"https:\\\/\\\/henergylab.com\\\/fr\\\/#organization\",\"name\":\"HEN\",\"url\":\"https:\\\/\\\/henergylab.com\\\/fr\\\/\",\"logo\":{\"@type\":\"ImageObject\",\"inLanguage\":\"fr-FR\",\"@id\":\"https:\\\/\\\/henergylab.com\\\/fr\\\/#\\\/schema\\\/logo\\\/image\\\/\",\"url\":\"https:\\\/\\\/henergylab.com\\\/wp-content\\\/uploads\\\/2025\\\/07\\\/Henergylab-logo-scritta-nera-1.png\",\"contentUrl\":\"https:\\\/\\\/henergylab.com\\\/wp-content\\\/uploads\\\/2025\\\/07\\\/Henergylab-logo-scritta-nera-1.png\",\"width\":128,\"height\":128,\"caption\":\"HEN\"},\"image\":{\"@id\":\"https:\\\/\\\/henergylab.com\\\/fr\\\/#\\\/schema\\\/logo\\\/image\\\/\"}}]}<\/script>\n<!-- \/ Yoast SEO plugin. -->","yoast_head_json":{"title":"HENCoils - HEN","robots":{"index":"index","follow":"follow","max-snippet":"max-snippet:-1","max-image-preview":"max-image-preview:large","max-video-preview":"max-video-preview:-1"},"canonical":"https:\/\/henergylab.com\/fr\/produits\/hencoils\/","og_locale":"fr_FR","og_type":"article","og_title":"HENCoils - HEN","og_description":"Exp\u00e9rience Toro\u00efdale HenCoil : La Puissance des Fr\u00e9quences pour ton Bien-\u00eatre Les HenCoil sont des bobines toro\u00efdales qui d\u00e9veloppent des champs \u00e9lectromagn\u00e9tiques puls\u00e9s, combin\u00e9s \u00e0 des champs \u00e9nerg\u00e9tiques subtils et des ondes scalaires, capables d&rsquo;interagir avec le corps humain \u00e0 un niveau \u00e9nerg\u00e9tique profond. La configuration particuli\u00e8re des enroulements et le choix minutieux des mat\u00e9riaux [&hellip;]","og_url":"https:\/\/henergylab.com\/fr\/produits\/hencoils\/","og_site_name":"HEN","article_modified_time":"2025-10-28T23:54:26+00:00","og_image":[{"width":2000,"height":1198,"url":"https:\/\/henergylab.com\/wp-content\/uploads\/2025\/02\/cropped-3-coil-siteimage2-scaled-1.jpg","type":"image\/jpeg"}],"twitter_card":"summary_large_image","twitter_misc":{"Dur\u00e9e de lecture estim\u00e9e":"4 minutes"},"schema":{"@context":"https:\/\/schema.org","@graph":[{"@type":"WebPage","@id":"https:\/\/henergylab.com\/fr\/produits\/hencoils\/","url":"https:\/\/henergylab.com\/fr\/produits\/hencoils\/","name":"HENCoils - HEN","isPartOf":{"@id":"https:\/\/henergylab.com\/fr\/#website"},"primaryImageOfPage":{"@id":"https:\/\/henergylab.com\/fr\/produits\/hencoils\/#primaryimage"},"image":{"@id":"https:\/\/henergylab.com\/fr\/produits\/hencoils\/#primaryimage"},"thumbnailUrl":"https:\/\/henergylab.com\/wp-content\/uploads\/2025\/02\/cropped-3-coil-siteimage2-scaled-1.jpg","datePublished":"2025-02-16T00:46:42+00:00","dateModified":"2025-10-28T23:54:26+00:00","breadcrumb":{"@id":"https:\/\/henergylab.com\/fr\/produits\/hencoils\/#breadcrumb"},"inLanguage":"fr-FR","potentialAction":[{"@type":"ReadAction","target":["https:\/\/henergylab.com\/fr\/produits\/hencoils\/"]}]},{"@type":"ImageObject","inLanguage":"fr-FR","@id":"https:\/\/henergylab.com\/fr\/produits\/hencoils\/#primaryimage","url":"https:\/\/henergylab.com\/wp-content\/uploads\/2025\/02\/cropped-3-coil-siteimage2-scaled-1.jpg","contentUrl":"https:\/\/henergylab.com\/wp-content\/uploads\/2025\/02\/cropped-3-coil-siteimage2-scaled-1.jpg","width":2000,"height":1198},{"@type":"BreadcrumbList","@id":"https:\/\/henergylab.com\/fr\/produits\/hencoils\/#breadcrumb","itemListElement":[{"@type":"ListItem","position":1,"name":"Home","item":"https:\/\/henergylab.com\/fr\/"},{"@type":"ListItem","position":2,"name":"Produits","item":"https:\/\/henergylab.com\/fr\/prodotti\/"},{"@type":"ListItem","position":3,"name":"HENCoils"}]},{"@type":"WebSite","@id":"https:\/\/henergylab.com\/fr\/#website","url":"https:\/\/henergylab.com\/fr\/","name":"henergylab","description":"","publisher":{"@id":"https:\/\/henergylab.com\/fr\/#organization"},"potentialAction":[{"@type":"SearchAction","target":{"@type":"EntryPoint","urlTemplate":"https:\/\/henergylab.com\/fr\/?s={search_term_string}"},"query-input":{"@type":"PropertyValueSpecification","valueRequired":true,"valueName":"search_term_string"}}],"inLanguage":"fr-FR"},{"@type":"Organization","@id":"https:\/\/henergylab.com\/fr\/#organization","name":"HEN","url":"https:\/\/henergylab.com\/fr\/","logo":{"@type":"ImageObject","inLanguage":"fr-FR","@id":"https:\/\/henergylab.com\/fr\/#\/schema\/logo\/image\/","url":"https:\/\/henergylab.com\/wp-content\/uploads\/2025\/07\/Henergylab-logo-scritta-nera-1.png","contentUrl":"https:\/\/henergylab.com\/wp-content\/uploads\/2025\/07\/Henergylab-logo-scritta-nera-1.png","width":128,"height":128,"caption":"HEN"},"image":{"@id":"https:\/\/henergylab.com\/fr\/#\/schema\/logo\/image\/"}}]}},"_links":{"self":[{"href":"https:\/\/henergylab.com\/fr\/wp-json\/wp\/v2\/pages\/3894","targetHints":{"allow":["GET"]}}],"collection":[{"href":"https:\/\/henergylab.com\/fr\/wp-json\/wp\/v2\/pages"}],"about":[{"href":"https:\/\/henergylab.com\/fr\/wp-json\/wp\/v2\/types\/page"}],"author":[{"embeddable":true,"href":"https:\/\/henergylab.com\/fr\/wp-json\/wp\/v2\/users\/1"}],"replies":[{"embeddable":true,"href":"https:\/\/henergylab.com\/fr\/wp-json\/wp\/v2\/comments?post=3894"}],"version-history":[{"count":1,"href":"https:\/\/henergylab.com\/fr\/wp-json\/wp\/v2\/pages\/3894\/revisions"}],"predecessor-version":[{"id":3897,"href":"https:\/\/henergylab.com\/fr\/wp-json\/wp\/v2\/pages\/3894\/revisions\/3897"}],"up":[{"embeddable":true,"href":"https:\/\/henergylab.com\/fr\/wp-json\/wp\/v2\/pages\/4029"}],"wp:featuredmedia":[{"embeddable":true,"href":"https:\/\/henergylab.com\/fr\/wp-json\/wp\/v2\/media\/3896"}],"wp:attachment":[{"href":"https:\/\/henergylab.com\/fr\/wp-json\/wp\/v2\/media?parent=3894"}],"curies":[{"name":"wp","href":"https:\/\/api.w.org\/{rel}","templated":true}]}}