{"id":3982,"date":"2025-01-15T23:17:34","date_gmt":"2025-01-15T23:17:34","guid":{"rendered":"https:\/\/henergylab.com\/pendentifs\/"},"modified":"2025-10-28T23:53:04","modified_gmt":"2025-10-28T23:53:04","slug":"pendentifs","status":"publish","type":"page","link":"https:\/\/henergylab.com\/fr\/pendentifs\/","title":{"rendered":"Pendentifs"},"content":{"rendered":"\t\t<div data-elementor-type=\"wp-page\" data-elementor-id=\"3982\" class=\"elementor elementor-3982 elementor-1197\" data-elementor-post-type=\"page\">\n\t\t\t\t<div class=\"elementor-element elementor-element-c4f51cf e-flex e-con-boxed e-con e-parent\" data-id=\"c4f51cf\" data-element_type=\"container\" data-e-type=\"container\">\n\t\t\t\t\t<div class=\"e-con-inner\">\n\t\t\t\t<div class=\"elementor-element elementor-element-2d95af6 elementor-widget elementor-widget-text-editor\" data-id=\"2d95af6\" data-element_type=\"widget\" data-e-type=\"widget\" data-widget_type=\"text-editor.default\">\n\t\t\t\t<div class=\"elementor-widget-container\">\n\t\t\t\t\t\t\t\t\t<h3 class=\"western\">Pendentifs Orgonite<\/h3><p>Ces pendentifs sont des accumulateurs \u00e9nerg\u00e9tiques qui modulent les \u00e9nergies accumul\u00e9es selon les caract\u00e9ristiques des mat\u00e9riaux et des diff\u00e9rentes g\u00e9om\u00e9tries utilis\u00e9es.<\/p><p>La charge \u00e9nerg\u00e9tique d\u00e9velopp\u00e9e par ces pendentifs s&rsquo;int\u00e8gre au champ \u00e9nerg\u00e9tique, augmentant sa vitalit\u00e9 et amplifiant des caract\u00e9ristiques sp\u00e9cifiques selon les solutions employ\u00e9es, permettant de se prot\u00e9ger des influences externes n\u00e9gatives pour promouvoir un \u00e9quilibre dynamique entre le corps, l&rsquo;esprit et l&rsquo;\u00e2me.<\/p>\t\t\t\t\t\t\t\t<\/div>\n\t\t\t\t<\/div>\n\t\t\t\t\t<\/div>\n\t\t\t\t<\/div>\n\t\t<div class=\"elementor-element elementor-element-1476c8b e-flex e-con-boxed e-con e-parent\" data-id=\"1476c8b\" data-element_type=\"container\" data-e-type=\"container\">\n\t\t\t\t\t<div class=\"e-con-inner\">\n\t\t\t\t\t<\/div>\n\t\t\t\t<\/div>\n\t\t<div class=\"elementor-element elementor-element-4cfc0394 e-flex e-con-boxed e-con e-parent\" data-id=\"4cfc0394\" data-element_type=\"container\" data-e-type=\"container\">\n\t\t\t\t\t<div class=\"e-con-inner\">\n\t\t\t\t\t<\/div>\n\t\t\t\t<\/div>\n\t\t<div class=\"elementor-element elementor-element-562dc3dc e-flex e-con-boxed e-con e-parent\" data-id=\"562dc3dc\" data-element_type=\"container\" data-e-type=\"container\">\n\t\t\t\t\t<div class=\"e-con-inner\">\n\t\t\t\t<div class=\"elementor-element elementor-element-247a8ec2 elementor-widget elementor-widget-shortcode\" data-id=\"247a8ec2\" data-element_type=\"widget\" data-e-type=\"widget\" data-widget_type=\"shortcode.default\">\n\t\t\t\t<div class=\"elementor-widget-container\">\n\t\t\t\t\t\t\t<div class=\"elementor-shortcode\"><div class=\"woocommerce columns-3 \"><\/div>\n\n<\/div>\n\t\t\t\t\t\t<\/div>\n\t\t\t\t<\/div>\n\t\t\t\t\t<\/div>\n\t\t\t\t<\/div>\n\t\t\t\t<\/div>\n\t\t","protected":false},"excerpt":{"rendered":"<p>Pendentifs Orgonite Ces pendentifs sont des accumulateurs \u00e9nerg\u00e9tiques qui modulent les \u00e9nergies accumul\u00e9es selon les caract\u00e9ristiques des mat\u00e9riaux et des diff\u00e9rentes g\u00e9om\u00e9tries utilis\u00e9es. La charge \u00e9nerg\u00e9tique d\u00e9velopp\u00e9e par ces pendentifs s&rsquo;int\u00e8gre au champ \u00e9nerg\u00e9tique, augmentant sa vitalit\u00e9 et amplifiant des caract\u00e9ristiques sp\u00e9cifiques selon les solutions employ\u00e9es, permettant de se prot\u00e9ger des influences externes n\u00e9gatives pour [&hellip;]<\/p>\n","protected":false},"author":1,"featured_media":0,"parent":0,"menu_order":0,"comment_status":"closed","ping_status":"closed","template":"","meta":{"ocean_post_layout":"","ocean_both_sidebars_style":"","ocean_both_sidebars_content_width":0,"ocean_both_sidebars_sidebars_width":0,"ocean_sidebar":"","ocean_second_sidebar":"","ocean_disable_margins":"enable","ocean_add_body_class":"","ocean_shortcode_before_top_bar":"","ocean_shortcode_after_top_bar":"","ocean_shortcode_before_header":"","ocean_shortcode_after_header":"","ocean_has_shortcode":"","ocean_shortcode_after_title":"","ocean_shortcode_before_footer_widgets":"","ocean_shortcode_after_footer_widgets":"","ocean_shortcode_before_footer_bottom":"","ocean_shortcode_after_footer_bottom":"","ocean_display_top_bar":"default","ocean_display_header":"default","ocean_header_style":"","ocean_center_header_left_menu":"","ocean_custom_header_template":"","ocean_custom_logo":0,"ocean_custom_retina_logo":0,"ocean_custom_logo_max_width":0,"ocean_custom_logo_tablet_max_width":0,"ocean_custom_logo_mobile_max_width":0,"ocean_custom_logo_max_height":0,"ocean_custom_logo_tablet_max_height":0,"ocean_custom_logo_mobile_max_height":0,"ocean_header_custom_menu":"","ocean_menu_typo_font_family":"","ocean_menu_typo_font_subset":"","ocean_menu_typo_font_size":0,"ocean_menu_typo_font_size_tablet":0,"ocean_menu_typo_font_size_mobile":0,"ocean_menu_typo_font_size_unit":"px","ocean_menu_typo_font_weight":"","ocean_menu_typo_font_weight_tablet":"","ocean_menu_typo_font_weight_mobile":"","ocean_menu_typo_transform":"","ocean_menu_typo_transform_tablet":"","ocean_menu_typo_transform_mobile":"","ocean_menu_typo_line_height":0,"ocean_menu_typo_line_height_tablet":0,"ocean_menu_typo_line_height_mobile":0,"ocean_menu_typo_line_height_unit":"","ocean_menu_typo_spacing":0,"ocean_menu_typo_spacing_tablet":0,"ocean_menu_typo_spacing_mobile":0,"ocean_menu_typo_spacing_unit":"","ocean_menu_link_color":"","ocean_menu_link_color_hover":"","ocean_menu_link_color_active":"","ocean_menu_link_background":"","ocean_menu_link_hover_background":"","ocean_menu_link_active_background":"","ocean_menu_social_links_bg":"","ocean_menu_social_hover_links_bg":"","ocean_menu_social_links_color":"","ocean_menu_social_hover_links_color":"","ocean_disable_title":"default","ocean_disable_heading":"default","ocean_post_title":"","ocean_post_subheading":"","ocean_post_title_style":"","ocean_post_title_background_color":"","ocean_post_title_background":0,"ocean_post_title_bg_image_position":"","ocean_post_title_bg_image_attachment":"","ocean_post_title_bg_image_repeat":"","ocean_post_title_bg_image_size":"","ocean_post_title_height":0,"ocean_post_title_bg_overlay":0.5,"ocean_post_title_bg_overlay_color":"","ocean_disable_breadcrumbs":"default","ocean_breadcrumbs_color":"","ocean_breadcrumbs_separator_color":"","ocean_breadcrumbs_links_color":"","ocean_breadcrumbs_links_hover_color":"","ocean_display_footer_widgets":"default","ocean_display_footer_bottom":"default","ocean_custom_footer_template":"","_glsr_average":0,"_glsr_ranking":0,"_glsr_reviews":0,"footnotes":""},"class_list":["post-3982","page","type-page","status-publish","hentry","entry","owp-thumbs-layout-vertical","owp-btn-normal","owp-tabs-layout-horizontal","has-no-thumbnails","has-product-nav"],"yoast_head":"<!-- This site is optimized with the Yoast SEO plugin v27.4 - https:\/\/yoast.com\/product\/yoast-seo-wordpress\/ -->\n<title>Pendentifs - HEN<\/title>\n<meta name=\"robots\" content=\"index, follow, max-snippet:-1, max-image-preview:large, max-video-preview:-1\" \/>\n<link rel=\"canonical\" href=\"https:\/\/henergylab.com\/fr\/pendentifs\/\" \/>\n<meta property=\"og:locale\" content=\"fr_FR\" \/>\n<meta property=\"og:type\" content=\"article\" \/>\n<meta property=\"og:title\" content=\"Pendentifs - HEN\" \/>\n<meta property=\"og:description\" content=\"Pendentifs Orgonite Ces pendentifs sont des accumulateurs \u00e9nerg\u00e9tiques qui modulent les \u00e9nergies accumul\u00e9es selon les caract\u00e9ristiques des mat\u00e9riaux et des diff\u00e9rentes g\u00e9om\u00e9tries utilis\u00e9es. La charge \u00e9nerg\u00e9tique d\u00e9velopp\u00e9e par ces pendentifs s&rsquo;int\u00e8gre au champ \u00e9nerg\u00e9tique, augmentant sa vitalit\u00e9 et amplifiant des caract\u00e9ristiques sp\u00e9cifiques selon les solutions employ\u00e9es, permettant de se prot\u00e9ger des influences externes n\u00e9gatives pour [&hellip;]\" \/>\n<meta property=\"og:url\" content=\"https:\/\/henergylab.com\/fr\/pendentifs\/\" \/>\n<meta property=\"og:site_name\" content=\"HEN\" \/>\n<meta property=\"article:modified_time\" content=\"2025-10-28T23:53:04+00:00\" \/>\n<meta name=\"twitter:card\" content=\"summary_large_image\" \/>\n<script type=\"application\/ld+json\" class=\"yoast-schema-graph\">{\"@context\":\"https:\\\/\\\/schema.org\",\"@graph\":[{\"@type\":\"WebPage\",\"@id\":\"https:\\\/\\\/henergylab.com\\\/fr\\\/pendentifs\\\/\",\"url\":\"https:\\\/\\\/henergylab.com\\\/fr\\\/pendentifs\\\/\",\"name\":\"Pendentifs - HEN\",\"isPartOf\":{\"@id\":\"https:\\\/\\\/henergylab.com\\\/fr\\\/#website\"},\"datePublished\":\"2025-01-15T23:17:34+00:00\",\"dateModified\":\"2025-10-28T23:53:04+00:00\",\"breadcrumb\":{\"@id\":\"https:\\\/\\\/henergylab.com\\\/fr\\\/pendentifs\\\/#breadcrumb\"},\"inLanguage\":\"fr-FR\",\"potentialAction\":[{\"@type\":\"ReadAction\",\"target\":[\"https:\\\/\\\/henergylab.com\\\/fr\\\/pendentifs\\\/\"]}]},{\"@type\":\"BreadcrumbList\",\"@id\":\"https:\\\/\\\/henergylab.com\\\/fr\\\/pendentifs\\\/#breadcrumb\",\"itemListElement\":[{\"@type\":\"ListItem\",\"position\":1,\"name\":\"Home\",\"item\":\"https:\\\/\\\/henergylab.com\\\/fr\\\/\"},{\"@type\":\"ListItem\",\"position\":2,\"name\":\"Pendentifs\"}]},{\"@type\":\"WebSite\",\"@id\":\"https:\\\/\\\/henergylab.com\\\/fr\\\/#website\",\"url\":\"https:\\\/\\\/henergylab.com\\\/fr\\\/\",\"name\":\"henergylab\",\"description\":\"\",\"publisher\":{\"@id\":\"https:\\\/\\\/henergylab.com\\\/fr\\\/#organization\"},\"potentialAction\":[{\"@type\":\"SearchAction\",\"target\":{\"@type\":\"EntryPoint\",\"urlTemplate\":\"https:\\\/\\\/henergylab.com\\\/fr\\\/?s={search_term_string}\"},\"query-input\":{\"@type\":\"PropertyValueSpecification\",\"valueRequired\":true,\"valueName\":\"search_term_string\"}}],\"inLanguage\":\"fr-FR\"},{\"@type\":\"Organization\",\"@id\":\"https:\\\/\\\/henergylab.com\\\/fr\\\/#organization\",\"name\":\"HEN\",\"url\":\"https:\\\/\\\/henergylab.com\\\/fr\\\/\",\"logo\":{\"@type\":\"ImageObject\",\"inLanguage\":\"fr-FR\",\"@id\":\"https:\\\/\\\/henergylab.com\\\/fr\\\/#\\\/schema\\\/logo\\\/image\\\/\",\"url\":\"https:\\\/\\\/henergylab.com\\\/wp-content\\\/uploads\\\/2025\\\/07\\\/Henergylab-logo-scritta-nera-1.png\",\"contentUrl\":\"https:\\\/\\\/henergylab.com\\\/wp-content\\\/uploads\\\/2025\\\/07\\\/Henergylab-logo-scritta-nera-1.png\",\"width\":128,\"height\":128,\"caption\":\"HEN\"},\"image\":{\"@id\":\"https:\\\/\\\/henergylab.com\\\/fr\\\/#\\\/schema\\\/logo\\\/image\\\/\"}}]}<\/script>\n<!-- \/ Yoast SEO plugin. -->","yoast_head_json":{"title":"Pendentifs - HEN","robots":{"index":"index","follow":"follow","max-snippet":"max-snippet:-1","max-image-preview":"max-image-preview:large","max-video-preview":"max-video-preview:-1"},"canonical":"https:\/\/henergylab.com\/fr\/pendentifs\/","og_locale":"fr_FR","og_type":"article","og_title":"Pendentifs - HEN","og_description":"Pendentifs Orgonite Ces pendentifs sont des accumulateurs \u00e9nerg\u00e9tiques qui modulent les \u00e9nergies accumul\u00e9es selon les caract\u00e9ristiques des mat\u00e9riaux et des diff\u00e9rentes g\u00e9om\u00e9tries utilis\u00e9es. La charge \u00e9nerg\u00e9tique d\u00e9velopp\u00e9e par ces pendentifs s&rsquo;int\u00e8gre au champ \u00e9nerg\u00e9tique, augmentant sa vitalit\u00e9 et amplifiant des caract\u00e9ristiques sp\u00e9cifiques selon les solutions employ\u00e9es, permettant de se prot\u00e9ger des influences externes n\u00e9gatives pour [&hellip;]","og_url":"https:\/\/henergylab.com\/fr\/pendentifs\/","og_site_name":"HEN","article_modified_time":"2025-10-28T23:53:04+00:00","twitter_card":"summary_large_image","schema":{"@context":"https:\/\/schema.org","@graph":[{"@type":"WebPage","@id":"https:\/\/henergylab.com\/fr\/pendentifs\/","url":"https:\/\/henergylab.com\/fr\/pendentifs\/","name":"Pendentifs - HEN","isPartOf":{"@id":"https:\/\/henergylab.com\/fr\/#website"},"datePublished":"2025-01-15T23:17:34+00:00","dateModified":"2025-10-28T23:53:04+00:00","breadcrumb":{"@id":"https:\/\/henergylab.com\/fr\/pendentifs\/#breadcrumb"},"inLanguage":"fr-FR","potentialAction":[{"@type":"ReadAction","target":["https:\/\/henergylab.com\/fr\/pendentifs\/"]}]},{"@type":"BreadcrumbList","@id":"https:\/\/henergylab.com\/fr\/pendentifs\/#breadcrumb","itemListElement":[{"@type":"ListItem","position":1,"name":"Home","item":"https:\/\/henergylab.com\/fr\/"},{"@type":"ListItem","position":2,"name":"Pendentifs"}]},{"@type":"WebSite","@id":"https:\/\/henergylab.com\/fr\/#website","url":"https:\/\/henergylab.com\/fr\/","name":"henergylab","description":"","publisher":{"@id":"https:\/\/henergylab.com\/fr\/#organization"},"potentialAction":[{"@type":"SearchAction","target":{"@type":"EntryPoint","urlTemplate":"https:\/\/henergylab.com\/fr\/?s={search_term_string}"},"query-input":{"@type":"PropertyValueSpecification","valueRequired":true,"valueName":"search_term_string"}}],"inLanguage":"fr-FR"},{"@type":"Organization","@id":"https:\/\/henergylab.com\/fr\/#organization","name":"HEN","url":"https:\/\/henergylab.com\/fr\/","logo":{"@type":"ImageObject","inLanguage":"fr-FR","@id":"https:\/\/henergylab.com\/fr\/#\/schema\/logo\/image\/","url":"https:\/\/henergylab.com\/wp-content\/uploads\/2025\/07\/Henergylab-logo-scritta-nera-1.png","contentUrl":"https:\/\/henergylab.com\/wp-content\/uploads\/2025\/07\/Henergylab-logo-scritta-nera-1.png","width":128,"height":128,"caption":"HEN"},"image":{"@id":"https:\/\/henergylab.com\/fr\/#\/schema\/logo\/image\/"}}]}},"_links":{"self":[{"href":"https:\/\/henergylab.com\/fr\/wp-json\/wp\/v2\/pages\/3982","targetHints":{"allow":["GET"]}}],"collection":[{"href":"https:\/\/henergylab.com\/fr\/wp-json\/wp\/v2\/pages"}],"about":[{"href":"https:\/\/henergylab.com\/fr\/wp-json\/wp\/v2\/types\/page"}],"author":[{"embeddable":true,"href":"https:\/\/henergylab.com\/fr\/wp-json\/wp\/v2\/users\/1"}],"replies":[{"embeddable":true,"href":"https:\/\/henergylab.com\/fr\/wp-json\/wp\/v2\/comments?post=3982"}],"version-history":[{"count":1,"href":"https:\/\/henergylab.com\/fr\/wp-json\/wp\/v2\/pages\/3982\/revisions"}],"predecessor-version":[{"id":3984,"href":"https:\/\/henergylab.com\/fr\/wp-json\/wp\/v2\/pages\/3982\/revisions\/3984"}],"wp:attachment":[{"href":"https:\/\/henergylab.com\/fr\/wp-json\/wp\/v2\/media?parent=3982"}],"curies":[{"name":"wp","href":"https:\/\/api.w.org\/{rel}","templated":true}]}}