{"id":3985,"date":"2025-01-17T01:00:56","date_gmt":"2025-01-17T01:00:56","guid":{"rendered":"https:\/\/henergylab.com\/orgonite-de-geometrie-sacree\/"},"modified":"2025-10-28T23:53:17","modified_gmt":"2025-10-28T23:53:17","slug":"orgonite-de-geometrie-sacree","status":"publish","type":"page","link":"https:\/\/henergylab.com\/fr\/orgonite-de-geometrie-sacree\/","title":{"rendered":"Orgonite de G\u00e9om\u00e9trie Sacr\u00e9e"},"content":{"rendered":"\t\t<div data-elementor-type=\"wp-page\" data-elementor-id=\"3985\" class=\"elementor elementor-3985 elementor-1247\" data-elementor-post-type=\"page\">\n\t\t\t\t<div class=\"elementor-element elementor-element-5bd758f e-flex e-con-boxed e-con e-parent\" data-id=\"5bd758f\" data-element_type=\"container\" data-e-type=\"container\">\n\t\t\t\t\t<div class=\"e-con-inner\">\n\t\t\t\t\t<\/div>\n\t\t\t\t<\/div>\n\t\t<div class=\"elementor-element elementor-element-f6f7b46 e-flex e-con-boxed e-con e-parent\" data-id=\"f6f7b46\" data-element_type=\"container\" data-e-type=\"container\">\n\t\t\t\t\t<div class=\"e-con-inner\">\n\t\t\t\t<div class=\"elementor-element elementor-element-aa63489 elementor-widget elementor-widget-heading\" data-id=\"aa63489\" data-element_type=\"widget\" data-e-type=\"widget\" data-widget_type=\"heading.default\">\n\t\t\t\t<div class=\"elementor-widget-container\">\n\t\t\t\t\t<h2 class=\"elementor-heading-title elementor-size-default\">G\u00e9om\u00e9trie Sacr\u00e9e et Orgonite fa\u00e7onner l'\u00e9ther avec les proportions dor\u00e9es<\/h2>\t\t\t\t<\/div>\n\t\t\t\t<\/div>\n\t\t\t\t\t<\/div>\n\t\t\t\t<\/div>\n\t\t<div class=\"elementor-element elementor-element-1c5f80f e-flex e-con-boxed e-con e-parent\" data-id=\"1c5f80f\" data-element_type=\"container\" data-e-type=\"container\">\n\t\t\t\t\t<div class=\"e-con-inner\">\n\t\t\t\t<div class=\"elementor-element elementor-element-269d49e elementor-widget elementor-widget-text-editor\" data-id=\"269d49e\" data-element_type=\"widget\" data-e-type=\"widget\" data-widget_type=\"text-editor.default\">\n\t\t\t\t<div class=\"elementor-widget-container\">\n\t\t\t\t\t\t\t\t\t<p> <\/p><p>Le <strong>nombre d&rsquo;or<\/strong> (phi \u2248 1,618) est une proportion g\u00e9om\u00e9trique que l&rsquo;on retrouve dans la nature (spirales des coquillages, proportions du corps humain, disposition des graines dans les fleurs) et dans l&rsquo;art. <img decoding=\"async\" class=\"size-medium wp-image-3096 alignright\" src=\"https:\/\/henergylab.com\/wp-content\/uploads\/2025\/06\/sezione-aurea-300x164.jpeg\" alt=\"\" width=\"300\" height=\"164\" srcset=\"https:\/\/henergylab.com\/wp-content\/uploads\/2025\/06\/sezione-aurea-300x164.jpeg 300w, https:\/\/henergylab.com\/wp-content\/uploads\/2025\/06\/sezione-aurea.jpeg 303w\" sizes=\"(max-width: 300px) 100vw, 300px\" \/>Il est souvent associ\u00e9 \u00e0 une <strong>harmonie intrins\u00e8que<\/strong> des formes.<img decoding=\"async\" class=\"wp-image-3085 alignleft\" src=\"https:\/\/henergylab.com\/wp-content\/uploads\/2025\/06\/Cheope-piramide-300x259.jpg\" alt=\"\" width=\"205\" height=\"177\" srcset=\"https:\/\/henergylab.com\/wp-content\/uploads\/2025\/06\/Cheope-piramide-300x259.jpg 300w, https:\/\/henergylab.com\/wp-content\/uploads\/2025\/06\/Cheope-piramide.jpg 363w\" sizes=\"(max-width: 205px) 100vw, 205px\" \/><\/p><p>La combinaison entre orgonite et formes aux proportions dor\u00e9es permet de cr\u00e9er des champs \u00e9nerg\u00e9tiques harmonisants.<\/p><p>La propri\u00e9t\u00e9 de l&rsquo;orgonite d&rsquo;accumuler et de modifier l&rsquo;\u00e9nergie orgonique, combin\u00e9e \u00e0 des formes au nombre d&rsquo;or permet de mouvoir l&rsquo;\u00e9ther selon les m\u00eames patterns que la nature utilise dans le jeu de l&rsquo;existence.<\/p><p>La forme du Nautile, les mouvements en spirale des bact\u00e9ries, le mouvement dans lequel les fronts de haute pression et de basse pression atmosph\u00e9rique ainsi que la phyllotaxie d&rsquo;une pomme de pin expriment la voie de moindre d\u00e9pense d&rsquo;\u00e9nergie, c&rsquo;est-\u00e0-dire la mani\u00e8re la plus efficiente par laquelle la vie peut se perp\u00e9tuer.<\/p><p>Dan A. Davidson, dans son livre Shape Power, explore en profondeur comment les formes g\u00e9om\u00e9triques, y compris les rapports dor\u00e9s, sont capables d&rsquo;influencer l&rsquo;\u00e9ther, compris comme un champ \u00e9nerg\u00e9tique subtil qui impr\u00e8gne l&rsquo;univers.<\/p><p>le professeur anatoli akimov chercheur de l&rsquo;Institut de physique de l&rsquo;Acad\u00e9mie Ukrainienne des sciences a prouv\u00e9 que les formes g\u00e9om\u00e9triques au rapport dor\u00e9 sont des g\u00e9n\u00e9rateurs d&rsquo;ondes torsionnelles, avec Gennady Shipov, il a d\u00e9velopp\u00e9 la th\u00e9orie des champs de torsion dans les ann\u00e9es 80 en Union Sovi\u00e9tique. Selon cette th\u00e9orie, les champs de torsion sont g\u00e9n\u00e9r\u00e9s par le moment angulaire intrins\u00e8que (spin) des particules et peuvent se propager \u00e0 travers l&rsquo;espace, transportant des informations sans transmettre d&rsquo;\u00e9nergie au sens <\/p><p><img decoding=\"async\" class=\"wp-image-1336 alignleft\" src=\"https:\/\/henergylab.com\/wp-content\/uploads\/2025\/01\/IMG_20250126_165910-300x300.jpg\" alt=\"\" width=\"215\" height=\"215\" srcset=\"https:\/\/henergylab.com\/wp-content\/uploads\/2025\/01\/IMG_20250126_165910-300x300.jpg 300w, https:\/\/henergylab.com\/wp-content\/uploads\/2025\/01\/IMG_20250126_165910-265x265.jpg 265w, https:\/\/henergylab.com\/wp-content\/uploads\/2025\/01\/IMG_20250126_165910-100x100.jpg 100w, https:\/\/henergylab.com\/wp-content\/uploads\/2025\/01\/IMG_20250126_165910-504x504.jpg 504w, https:\/\/henergylab.com\/wp-content\/uploads\/2025\/01\/IMG_20250126_165910-1024x1024.jpg 1024w, https:\/\/henergylab.com\/wp-content\/uploads\/2025\/01\/IMG_20250126_165910-150x150.jpg 150w, https:\/\/henergylab.com\/wp-content\/uploads\/2025\/01\/IMG_20250126_165910-768x768.jpg 768w, https:\/\/henergylab.com\/wp-content\/uploads\/2025\/01\/IMG_20250126_165910-1536x1536.jpg 1536w, https:\/\/henergylab.com\/wp-content\/uploads\/2025\/01\/IMG_20250126_165910-600x600.jpg 600w, https:\/\/henergylab.com\/wp-content\/uploads\/2025\/01\/elementor\/thumbs\/IMG_20250126_165910-r0lrjjlfbwzba932s7490tcp6wzm43aec64a1hxh3k.jpg 200w, https:\/\/henergylab.com\/wp-content\/uploads\/2025\/01\/IMG_20250126_165910.jpg 1734w\" sizes=\"(max-width: 215px) 100vw, 215px\" \/><\/p><p><img loading=\"lazy\" decoding=\"async\" class=\"wp-image-2869 alignright\" src=\"https:\/\/henergylab.com\/wp-content\/uploads\/2025\/05\/Cheope-calcite2-300x273.jpg\" alt=\"\" width=\"197\" height=\"179\" srcset=\"https:\/\/henergylab.com\/wp-content\/uploads\/2025\/05\/Cheope-calcite2-300x273.jpg 300w, https:\/\/henergylab.com\/wp-content\/uploads\/2025\/05\/Cheope-calcite2-1024x932.jpg 1024w, https:\/\/henergylab.com\/wp-content\/uploads\/2025\/05\/Cheope-calcite2-768x699.jpg 768w, https:\/\/henergylab.com\/wp-content\/uploads\/2025\/05\/Cheope-calcite2-1536x1398.jpg 1536w, https:\/\/henergylab.com\/wp-content\/uploads\/2025\/05\/Cheope-calcite2-2048x1864.jpg 2048w, https:\/\/henergylab.com\/wp-content\/uploads\/2025\/05\/Cheope-calcite2-504x459.jpg 504w\" sizes=\"(max-width: 197px) 100vw, 197px\" \/><\/p><p>  traditionnel. Ces champs auraient la capacit\u00e9 d&rsquo;influencer les processus biologiques et physiques, et d&rsquo;\u00eatre modul\u00e9s par des structures g\u00e9om\u00e9triques aux proportions dor\u00e9es. <\/p><p>Nos dispositifs en orgonite sont r\u00e9alis\u00e9s en incluant des rapports dor\u00e9s, de mani\u00e8re \u00e0 cr\u00e9er une coh\u00e9rence de champ dans les flux \u00e9nerg\u00e9tiques selon des patterns harmoniques et vitaux capables de purifier les environnements en r\u00e9duisant l&rsquo;\u00e9lectrosmog, diffusant des \u00e9nergies harmonieuses et r\u00e9\u00e9quilibrantes.<\/p>\t\t\t\t\t\t\t\t<\/div>\n\t\t\t\t<\/div>\n\t\t\t\t\t<\/div>\n\t\t\t\t<\/div>\n\t\t<div class=\"elementor-element elementor-element-50882c7 e-flex e-con-boxed e-con e-parent\" data-id=\"50882c7\" data-element_type=\"container\" data-e-type=\"container\">\n\t\t\t\t\t<div class=\"e-con-inner\">\n\t\t\t\t\t<\/div>\n\t\t\t\t<\/div>\n\t\t\t\t<\/div>\n\t\t","protected":false},"excerpt":{"rendered":"<p>G\u00e9om\u00e9trie Sacr\u00e9e et Orgonite fa\u00e7onner l&rsquo;\u00e9ther avec les proportions dor\u00e9es Le nombre d&rsquo;or (phi \u2248 1,618) est une proportion g\u00e9om\u00e9trique que l&rsquo;on retrouve dans la nature (spirales des coquillages, proportions du corps humain, disposition des graines dans les fleurs) et dans l&rsquo;art. Il est souvent associ\u00e9 \u00e0 une harmonie intrins\u00e8que des formes. La combinaison entre [&hellip;]<\/p>\n","protected":false},"author":1,"featured_media":0,"parent":0,"menu_order":0,"comment_status":"closed","ping_status":"closed","template":"","meta":{"ocean_post_layout":"","ocean_both_sidebars_style":"","ocean_both_sidebars_content_width":0,"ocean_both_sidebars_sidebars_width":0,"ocean_sidebar":"","ocean_second_sidebar":"","ocean_disable_margins":"enable","ocean_add_body_class":"","ocean_shortcode_before_top_bar":"","ocean_shortcode_after_top_bar":"","ocean_shortcode_before_header":"","ocean_shortcode_after_header":"","ocean_has_shortcode":"","ocean_shortcode_after_title":"","ocean_shortcode_before_footer_widgets":"","ocean_shortcode_after_footer_widgets":"","ocean_shortcode_before_footer_bottom":"","ocean_shortcode_after_footer_bottom":"","ocean_display_top_bar":"default","ocean_display_header":"default","ocean_header_style":"","ocean_center_header_left_menu":"","ocean_custom_header_template":"","ocean_custom_logo":0,"ocean_custom_retina_logo":0,"ocean_custom_logo_max_width":0,"ocean_custom_logo_tablet_max_width":0,"ocean_custom_logo_mobile_max_width":0,"ocean_custom_logo_max_height":0,"ocean_custom_logo_tablet_max_height":0,"ocean_custom_logo_mobile_max_height":0,"ocean_header_custom_menu":"","ocean_menu_typo_font_family":"","ocean_menu_typo_font_subset":"","ocean_menu_typo_font_size":0,"ocean_menu_typo_font_size_tablet":0,"ocean_menu_typo_font_size_mobile":0,"ocean_menu_typo_font_size_unit":"px","ocean_menu_typo_font_weight":"","ocean_menu_typo_font_weight_tablet":"","ocean_menu_typo_font_weight_mobile":"","ocean_menu_typo_transform":"","ocean_menu_typo_transform_tablet":"","ocean_menu_typo_transform_mobile":"","ocean_menu_typo_line_height":0,"ocean_menu_typo_line_height_tablet":0,"ocean_menu_typo_line_height_mobile":0,"ocean_menu_typo_line_height_unit":"","ocean_menu_typo_spacing":0,"ocean_menu_typo_spacing_tablet":0,"ocean_menu_typo_spacing_mobile":0,"ocean_menu_typo_spacing_unit":"","ocean_menu_link_color":"","ocean_menu_link_color_hover":"","ocean_menu_link_color_active":"","ocean_menu_link_background":"","ocean_menu_link_hover_background":"","ocean_menu_link_active_background":"","ocean_menu_social_links_bg":"","ocean_menu_social_hover_links_bg":"","ocean_menu_social_links_color":"","ocean_menu_social_hover_links_color":"","ocean_disable_title":"default","ocean_disable_heading":"default","ocean_post_title":"","ocean_post_subheading":"","ocean_post_title_style":"","ocean_post_title_background_color":"","ocean_post_title_background":0,"ocean_post_title_bg_image_position":"","ocean_post_title_bg_image_attachment":"","ocean_post_title_bg_image_repeat":"","ocean_post_title_bg_image_size":"","ocean_post_title_height":0,"ocean_post_title_bg_overlay":0.5,"ocean_post_title_bg_overlay_color":"","ocean_disable_breadcrumbs":"default","ocean_breadcrumbs_color":"","ocean_breadcrumbs_separator_color":"","ocean_breadcrumbs_links_color":"","ocean_breadcrumbs_links_hover_color":"","ocean_display_footer_widgets":"default","ocean_display_footer_bottom":"default","ocean_custom_footer_template":"","_glsr_average":0,"_glsr_ranking":0,"_glsr_reviews":0,"footnotes":""},"class_list":["post-3985","page","type-page","status-publish","hentry","entry","owp-thumbs-layout-vertical","owp-btn-normal","owp-tabs-layout-horizontal","has-no-thumbnails","has-product-nav"],"yoast_head":"<!-- This site is optimized with the Yoast SEO plugin v27.4 - https:\/\/yoast.com\/product\/yoast-seo-wordpress\/ -->\n<title>Orgonite de G\u00e9om\u00e9trie Sacr\u00e9e - HEN<\/title>\n<meta name=\"robots\" content=\"index, follow, max-snippet:-1, max-image-preview:large, max-video-preview:-1\" \/>\n<link rel=\"canonical\" href=\"https:\/\/henergylab.com\/fr\/orgonite-de-geometrie-sacree\/\" \/>\n<meta property=\"og:locale\" content=\"fr_FR\" \/>\n<meta property=\"og:type\" content=\"article\" \/>\n<meta property=\"og:title\" content=\"Orgonite de G\u00e9om\u00e9trie Sacr\u00e9e - HEN\" \/>\n<meta property=\"og:description\" content=\"G\u00e9om\u00e9trie Sacr\u00e9e et Orgonite fa\u00e7onner l&rsquo;\u00e9ther avec les proportions dor\u00e9es Le nombre d&rsquo;or (phi \u2248 1,618) est une proportion g\u00e9om\u00e9trique que l&rsquo;on retrouve dans la nature (spirales des coquillages, proportions du corps humain, disposition des graines dans les fleurs) et dans l&rsquo;art. Il est souvent associ\u00e9 \u00e0 une harmonie intrins\u00e8que des formes. La combinaison entre [&hellip;]\" \/>\n<meta property=\"og:url\" content=\"https:\/\/henergylab.com\/fr\/orgonite-de-geometrie-sacree\/\" \/>\n<meta property=\"og:site_name\" content=\"HEN\" \/>\n<meta property=\"article:modified_time\" content=\"2025-10-28T23:53:17+00:00\" \/>\n<meta property=\"og:image\" content=\"https:\/\/henergylab.com\/wp-content\/uploads\/2025\/06\/sezione-aurea.jpeg\" \/>\n\t<meta property=\"og:image:width\" content=\"303\" \/>\n\t<meta property=\"og:image:height\" content=\"166\" \/>\n\t<meta property=\"og:image:type\" content=\"image\/jpeg\" \/>\n<meta name=\"twitter:card\" content=\"summary_large_image\" \/>\n<meta name=\"twitter:label1\" content=\"Dur\u00e9e de lecture estim\u00e9e\" \/>\n\t<meta name=\"twitter:data1\" content=\"2 minutes\" \/>\n<script type=\"application\/ld+json\" class=\"yoast-schema-graph\">{\"@context\":\"https:\\\/\\\/schema.org\",\"@graph\":[{\"@type\":\"WebPage\",\"@id\":\"https:\\\/\\\/henergylab.com\\\/fr\\\/orgonite-de-geometrie-sacree\\\/\",\"url\":\"https:\\\/\\\/henergylab.com\\\/fr\\\/orgonite-de-geometrie-sacree\\\/\",\"name\":\"Orgonite de G\u00e9om\u00e9trie Sacr\u00e9e - HEN\",\"isPartOf\":{\"@id\":\"https:\\\/\\\/henergylab.com\\\/fr\\\/#website\"},\"primaryImageOfPage\":{\"@id\":\"https:\\\/\\\/henergylab.com\\\/fr\\\/orgonite-de-geometrie-sacree\\\/#primaryimage\"},\"image\":{\"@id\":\"https:\\\/\\\/henergylab.com\\\/fr\\\/orgonite-de-geometrie-sacree\\\/#primaryimage\"},\"thumbnailUrl\":\"https:\\\/\\\/henergylab.com\\\/wp-content\\\/uploads\\\/2025\\\/06\\\/sezione-aurea-300x164.jpeg\",\"datePublished\":\"2025-01-17T01:00:56+00:00\",\"dateModified\":\"2025-10-28T23:53:17+00:00\",\"breadcrumb\":{\"@id\":\"https:\\\/\\\/henergylab.com\\\/fr\\\/orgonite-de-geometrie-sacree\\\/#breadcrumb\"},\"inLanguage\":\"fr-FR\",\"potentialAction\":[{\"@type\":\"ReadAction\",\"target\":[\"https:\\\/\\\/henergylab.com\\\/fr\\\/orgonite-de-geometrie-sacree\\\/\"]}]},{\"@type\":\"ImageObject\",\"inLanguage\":\"fr-FR\",\"@id\":\"https:\\\/\\\/henergylab.com\\\/fr\\\/orgonite-de-geometrie-sacree\\\/#primaryimage\",\"url\":\"https:\\\/\\\/henergylab.com\\\/wp-content\\\/uploads\\\/2025\\\/06\\\/sezione-aurea-300x164.jpeg\",\"contentUrl\":\"https:\\\/\\\/henergylab.com\\\/wp-content\\\/uploads\\\/2025\\\/06\\\/sezione-aurea-300x164.jpeg\"},{\"@type\":\"BreadcrumbList\",\"@id\":\"https:\\\/\\\/henergylab.com\\\/fr\\\/orgonite-de-geometrie-sacree\\\/#breadcrumb\",\"itemListElement\":[{\"@type\":\"ListItem\",\"position\":1,\"name\":\"Home\",\"item\":\"https:\\\/\\\/henergylab.com\\\/fr\\\/\"},{\"@type\":\"ListItem\",\"position\":2,\"name\":\"Orgonite de G\u00e9om\u00e9trie Sacr\u00e9e\"}]},{\"@type\":\"WebSite\",\"@id\":\"https:\\\/\\\/henergylab.com\\\/fr\\\/#website\",\"url\":\"https:\\\/\\\/henergylab.com\\\/fr\\\/\",\"name\":\"henergylab\",\"description\":\"\",\"publisher\":{\"@id\":\"https:\\\/\\\/henergylab.com\\\/fr\\\/#organization\"},\"potentialAction\":[{\"@type\":\"SearchAction\",\"target\":{\"@type\":\"EntryPoint\",\"urlTemplate\":\"https:\\\/\\\/henergylab.com\\\/fr\\\/?s={search_term_string}\"},\"query-input\":{\"@type\":\"PropertyValueSpecification\",\"valueRequired\":true,\"valueName\":\"search_term_string\"}}],\"inLanguage\":\"fr-FR\"},{\"@type\":\"Organization\",\"@id\":\"https:\\\/\\\/henergylab.com\\\/fr\\\/#organization\",\"name\":\"HEN\",\"url\":\"https:\\\/\\\/henergylab.com\\\/fr\\\/\",\"logo\":{\"@type\":\"ImageObject\",\"inLanguage\":\"fr-FR\",\"@id\":\"https:\\\/\\\/henergylab.com\\\/fr\\\/#\\\/schema\\\/logo\\\/image\\\/\",\"url\":\"https:\\\/\\\/henergylab.com\\\/wp-content\\\/uploads\\\/2025\\\/07\\\/Henergylab-logo-scritta-nera-1.png\",\"contentUrl\":\"https:\\\/\\\/henergylab.com\\\/wp-content\\\/uploads\\\/2025\\\/07\\\/Henergylab-logo-scritta-nera-1.png\",\"width\":128,\"height\":128,\"caption\":\"HEN\"},\"image\":{\"@id\":\"https:\\\/\\\/henergylab.com\\\/fr\\\/#\\\/schema\\\/logo\\\/image\\\/\"}}]}<\/script>\n<!-- \/ Yoast SEO plugin. -->","yoast_head_json":{"title":"Orgonite de G\u00e9om\u00e9trie Sacr\u00e9e - HEN","robots":{"index":"index","follow":"follow","max-snippet":"max-snippet:-1","max-image-preview":"max-image-preview:large","max-video-preview":"max-video-preview:-1"},"canonical":"https:\/\/henergylab.com\/fr\/orgonite-de-geometrie-sacree\/","og_locale":"fr_FR","og_type":"article","og_title":"Orgonite de G\u00e9om\u00e9trie Sacr\u00e9e - HEN","og_description":"G\u00e9om\u00e9trie Sacr\u00e9e et Orgonite fa\u00e7onner l&rsquo;\u00e9ther avec les proportions dor\u00e9es Le nombre d&rsquo;or (phi \u2248 1,618) est une proportion g\u00e9om\u00e9trique que l&rsquo;on retrouve dans la nature (spirales des coquillages, proportions du corps humain, disposition des graines dans les fleurs) et dans l&rsquo;art. Il est souvent associ\u00e9 \u00e0 une harmonie intrins\u00e8que des formes. La combinaison entre [&hellip;]","og_url":"https:\/\/henergylab.com\/fr\/orgonite-de-geometrie-sacree\/","og_site_name":"HEN","article_modified_time":"2025-10-28T23:53:17+00:00","og_image":[{"width":303,"height":166,"url":"https:\/\/henergylab.com\/wp-content\/uploads\/2025\/06\/sezione-aurea.jpeg","type":"image\/jpeg"}],"twitter_card":"summary_large_image","twitter_misc":{"Dur\u00e9e de lecture estim\u00e9e":"2 minutes"},"schema":{"@context":"https:\/\/schema.org","@graph":[{"@type":"WebPage","@id":"https:\/\/henergylab.com\/fr\/orgonite-de-geometrie-sacree\/","url":"https:\/\/henergylab.com\/fr\/orgonite-de-geometrie-sacree\/","name":"Orgonite de G\u00e9om\u00e9trie Sacr\u00e9e - HEN","isPartOf":{"@id":"https:\/\/henergylab.com\/fr\/#website"},"primaryImageOfPage":{"@id":"https:\/\/henergylab.com\/fr\/orgonite-de-geometrie-sacree\/#primaryimage"},"image":{"@id":"https:\/\/henergylab.com\/fr\/orgonite-de-geometrie-sacree\/#primaryimage"},"thumbnailUrl":"https:\/\/henergylab.com\/wp-content\/uploads\/2025\/06\/sezione-aurea-300x164.jpeg","datePublished":"2025-01-17T01:00:56+00:00","dateModified":"2025-10-28T23:53:17+00:00","breadcrumb":{"@id":"https:\/\/henergylab.com\/fr\/orgonite-de-geometrie-sacree\/#breadcrumb"},"inLanguage":"fr-FR","potentialAction":[{"@type":"ReadAction","target":["https:\/\/henergylab.com\/fr\/orgonite-de-geometrie-sacree\/"]}]},{"@type":"ImageObject","inLanguage":"fr-FR","@id":"https:\/\/henergylab.com\/fr\/orgonite-de-geometrie-sacree\/#primaryimage","url":"https:\/\/henergylab.com\/wp-content\/uploads\/2025\/06\/sezione-aurea-300x164.jpeg","contentUrl":"https:\/\/henergylab.com\/wp-content\/uploads\/2025\/06\/sezione-aurea-300x164.jpeg"},{"@type":"BreadcrumbList","@id":"https:\/\/henergylab.com\/fr\/orgonite-de-geometrie-sacree\/#breadcrumb","itemListElement":[{"@type":"ListItem","position":1,"name":"Home","item":"https:\/\/henergylab.com\/fr\/"},{"@type":"ListItem","position":2,"name":"Orgonite de G\u00e9om\u00e9trie Sacr\u00e9e"}]},{"@type":"WebSite","@id":"https:\/\/henergylab.com\/fr\/#website","url":"https:\/\/henergylab.com\/fr\/","name":"henergylab","description":"","publisher":{"@id":"https:\/\/henergylab.com\/fr\/#organization"},"potentialAction":[{"@type":"SearchAction","target":{"@type":"EntryPoint","urlTemplate":"https:\/\/henergylab.com\/fr\/?s={search_term_string}"},"query-input":{"@type":"PropertyValueSpecification","valueRequired":true,"valueName":"search_term_string"}}],"inLanguage":"fr-FR"},{"@type":"Organization","@id":"https:\/\/henergylab.com\/fr\/#organization","name":"HEN","url":"https:\/\/henergylab.com\/fr\/","logo":{"@type":"ImageObject","inLanguage":"fr-FR","@id":"https:\/\/henergylab.com\/fr\/#\/schema\/logo\/image\/","url":"https:\/\/henergylab.com\/wp-content\/uploads\/2025\/07\/Henergylab-logo-scritta-nera-1.png","contentUrl":"https:\/\/henergylab.com\/wp-content\/uploads\/2025\/07\/Henergylab-logo-scritta-nera-1.png","width":128,"height":128,"caption":"HEN"},"image":{"@id":"https:\/\/henergylab.com\/fr\/#\/schema\/logo\/image\/"}}]}},"_links":{"self":[{"href":"https:\/\/henergylab.com\/fr\/wp-json\/wp\/v2\/pages\/3985","targetHints":{"allow":["GET"]}}],"collection":[{"href":"https:\/\/henergylab.com\/fr\/wp-json\/wp\/v2\/pages"}],"about":[{"href":"https:\/\/henergylab.com\/fr\/wp-json\/wp\/v2\/types\/page"}],"author":[{"embeddable":true,"href":"https:\/\/henergylab.com\/fr\/wp-json\/wp\/v2\/users\/1"}],"replies":[{"embeddable":true,"href":"https:\/\/henergylab.com\/fr\/wp-json\/wp\/v2\/comments?post=3985"}],"version-history":[{"count":1,"href":"https:\/\/henergylab.com\/fr\/wp-json\/wp\/v2\/pages\/3985\/revisions"}],"predecessor-version":[{"id":3987,"href":"https:\/\/henergylab.com\/fr\/wp-json\/wp\/v2\/pages\/3985\/revisions\/3987"}],"wp:attachment":[{"href":"https:\/\/henergylab.com\/fr\/wp-json\/wp\/v2\/media?parent=3985"}],"curies":[{"name":"wp","href":"https:\/\/api.w.org\/{rel}","templated":true}]}}