{"id":4816,"date":"2025-10-08T10:21:25","date_gmt":"2025-10-08T10:21:25","guid":{"rendered":"https:\/\/henergylab.com\/kit-hencoil\/"},"modified":"2025-11-02T11:03:20","modified_gmt":"2025-11-02T11:03:20","slug":"kit-hencoil","status":"publish","type":"page","link":"https:\/\/henergylab.com\/fr\/kit-hencoil\/","title":{"rendered":"Kit HENcoil"},"content":{"rendered":"\t\t<div data-elementor-type=\"wp-page\" data-elementor-id=\"4816\" class=\"elementor elementor-4816 elementor-3440\" data-elementor-post-type=\"page\">\n\t\t\t\t<div class=\"elementor-element elementor-element-a053bb0 e-flex e-con-boxed e-con e-parent\" data-id=\"a053bb0\" data-element_type=\"container\" data-e-type=\"container\">\n\t\t\t\t\t<div class=\"e-con-inner\">\n\t\t\t\t\t<\/div>\n\t\t\t\t<\/div>\n\t\t<div class=\"elementor-element elementor-element-811b064 e-flex e-con-boxed e-con e-parent\" data-id=\"811b064\" data-element_type=\"container\" data-e-type=\"container\">\n\t\t\t\t\t<div class=\"e-con-inner\">\n\t\t\t\t<div class=\"elementor-element elementor-element-3b49cf7 elementor-grid-2 elementor-widget__width-initial elementor-grid-tablet-3 elementor-grid-mobile-2 elementor-products-grid elementor-wc-products elementor-show-pagination-border-yes elementor-widget elementor-widget-woocommerce-products\" data-id=\"3b49cf7\" data-element_type=\"widget\" data-e-type=\"widget\" data-widget_type=\"woocommerce-products.default\">\n\t\t\t\t<div class=\"elementor-widget-container\">\n\t\t\t\t\t<div class=\"woocommerce columns-2 \"><div class=\"woocommerce-notices-wrapper\"><\/div><div class=\"oceanwp-toolbar clr\"><\/div>\r\n<ul class=\"products elementor-grid oceanwp-row clr grid tablet-col tablet-2-col\">\r\n<li class=\"entry has-media add-to-wishlist-after_add_to_cart has-product-nav col span_1_of_2 owp-content-center owp-thumbs-layout-vertical owp-btn-normal owp-tabs-layout-horizontal product type-product post-5117 status-publish first instock product_cat-pendentif-orgonite product_cat-senza-categoria has-post-thumbnail sale taxable shipping-taxable purchasable product-type-simple\">\n\t<div class=\"product-inner clr\">\r\n\t<div class=\"woo-entry-image clr\">\r\n\t\t<a href=\"https:\/\/henergylab.com\/fr\/produit\/pendentif-en-orgonite-deuxieme-pentacle-de-jupiter\/\" class=\"woocommerce-LoopProduct-link\"><img fetchpriority=\"high\" decoding=\"async\" width=\"265\" height=\"265\" src=\"https:\/\/henergylab.com\/wp-content\/uploads\/2025\/12\/Jupiter-P2-2-265x265.jpeg\" class=\"woo-entry-image-main\" alt=\"Pendentif en orgonite Deuxi\u00e8me pentacle de Jupiter\" itemprop=\"image\" srcset=\"https:\/\/henergylab.com\/wp-content\/uploads\/2025\/12\/Jupiter-P2-2-265x265.jpeg 265w, https:\/\/henergylab.com\/wp-content\/uploads\/2025\/12\/Jupiter-P2-2-150x150.jpeg 150w, https:\/\/henergylab.com\/wp-content\/uploads\/2025\/12\/Jupiter-P2-2-600x600.jpeg 600w, https:\/\/henergylab.com\/wp-content\/uploads\/2025\/12\/Jupiter-P2-2-100x100.jpeg 100w\" sizes=\"(max-width: 265px) 100vw, 265px\" \/><\/a><a href=\"#\" id=\"product_id_5117\" class=\"owp-quick-view\" data-product_id=\"5117\" aria-label=\"Quickly preview product Pendentif en orgonite Deuxi\u00e8me pentacle de Jupiter\"><i class=\" icon-eye\" aria-hidden=\"true\" role=\"img\"><\/i> Quick View<\/a>\t<\/div><!-- .woo-entry-image -->\r\n\r\n<ul class=\"woo-entry-inner clr\"><li class=\"image-wrap\">\n\t<span class=\"onsale\">Promo\u00a0!<\/span>\n\t\r\n\t<div class=\"woo-entry-image clr\">\r\n\t\t<a href=\"https:\/\/henergylab.com\/fr\/produit\/pendentif-en-orgonite-deuxieme-pentacle-de-jupiter\/\" class=\"woocommerce-LoopProduct-link\"><img fetchpriority=\"high\" decoding=\"async\" width=\"265\" height=\"265\" src=\"https:\/\/henergylab.com\/wp-content\/uploads\/2025\/12\/Jupiter-P2-2-265x265.jpeg\" class=\"woo-entry-image-main\" alt=\"Pendentif en orgonite Deuxi\u00e8me pentacle de Jupiter\" itemprop=\"image\" srcset=\"https:\/\/henergylab.com\/wp-content\/uploads\/2025\/12\/Jupiter-P2-2-265x265.jpeg 265w, https:\/\/henergylab.com\/wp-content\/uploads\/2025\/12\/Jupiter-P2-2-150x150.jpeg 150w, https:\/\/henergylab.com\/wp-content\/uploads\/2025\/12\/Jupiter-P2-2-600x600.jpeg 600w, https:\/\/henergylab.com\/wp-content\/uploads\/2025\/12\/Jupiter-P2-2-100x100.jpeg 100w\" sizes=\"(max-width: 265px) 100vw, 265px\" \/><\/a><a href=\"#\" id=\"product_id_5117\" class=\"owp-quick-view\" data-product_id=\"5117\" aria-label=\"Quickly preview product Pendentif en orgonite Deuxi\u00e8me pentacle de Jupiter\"><i class=\" icon-eye\" aria-hidden=\"true\" role=\"img\"><\/i> Quick View<\/a>\t<\/div><!-- .woo-entry-image -->\r\n\r\n<\/li><li class=\"category\"><a href=\"https:\/\/henergylab.com\/fr\/product-category\/pendentif-orgonite\/\" rel=\"tag\">Pendentif Orgonite<\/a>, <a href=\"https:\/\/henergylab.com\/es\/categoria-producto\/senza-categoria\/\" rel=\"tag\">Senza categoria<\/a><\/li><li class=\"title\"><h2><a href=\"https:\/\/henergylab.com\/fr\/produit\/pendentif-en-orgonite-deuxieme-pentacle-de-jupiter\/\">Pendentif en orgonite Deuxi\u00e8me pentacle de Jupiter<\/a><\/h2><\/li><li class=\"price-wrap\">\n\t<span class=\"price\"><del aria-hidden=\"true\"><span class=\"woocommerce-Price-amount amount\"><bdi><span class=\"woocommerce-Price-currencySymbol\">&euro;<\/span>25.00<\/bdi><\/span><\/del> <span class=\"screen-reader-text\">Le prix initial \u00e9tait\u00a0: &euro;25.00.<\/span><ins aria-hidden=\"true\"><span class=\"woocommerce-Price-amount amount\"><bdi><span class=\"woocommerce-Price-currencySymbol\">&euro;<\/span>20.00<\/bdi><\/span><\/ins><span class=\"screen-reader-text\">Le prix actuel est\u00a0: &euro;20.00.<\/span><\/span>\n<\/li><li class=\"rating\"><\/li><li class=\"btn-wrap clr\"><a href=\"\/fr\/wp-json\/wp\/v2\/pages\/4816?add-to-cart=5117\" aria-describedby=\"woocommerce_loop_add_to_cart_link_describedby_5117\" data-quantity=\"1\" class=\"button product_type_simple add_to_cart_button ajax_add_to_cart\" data-product_id=\"5117\" data-product_sku=\"\" aria-label=\"Ajouter au panier\u00a0: &ldquo;Pendentif en orgonite Deuxi\u00e8me pentacle de Jupiter&rdquo;\" rel=\"nofollow\" data-success_message=\"\u00ab\u00a0Pendentif en orgonite Deuxi\u00e8me pentacle de Jupiter\u00a0\u00bb a \u00e9t\u00e9 ajout\u00e9 \u00e0 votre panier\" role=\"button\">Ajouter au panier<\/a>\t<span id=\"woocommerce_loop_add_to_cart_link_describedby_5117\" class=\"screen-reader-text\">\n\t\t\t<\/span>\n<\/li><\/ul><\/div><!-- .product-inner .clr --><div class=\"yith-add-to-wishlist-button-block\" data-product-id=\"5117\" data-attributes=\"{&quot;kind&quot;:&quot;button&quot;}\"><\/div><\/li>\n<li class=\"entry has-media add-to-wishlist-after_add_to_cart has-product-nav col span_1_of_2 owp-content-center owp-thumbs-layout-vertical owp-btn-normal owp-tabs-layout-horizontal product type-product post-5069 status-publish last instock product_cat-pendentif-orgonite has-post-thumbnail sale taxable shipping-taxable purchasable product-type-simple\">\n\t<div class=\"product-inner clr\">\r\n\t<div class=\"woo-entry-image clr\">\r\n\t\t<a href=\"https:\/\/henergylab.com\/fr\/produit\/pendentif-en-orgonite-premier-pentacle-de-jupiter\/\" class=\"woocommerce-LoopProduct-link\"><img decoding=\"async\" width=\"265\" height=\"265\" src=\"https:\/\/henergylab.com\/wp-content\/uploads\/2025\/12\/Jupiter-P1-265x265.jpeg\" class=\"woo-entry-image-main\" alt=\"Pendentif en orgonite Premier pentacle de Jupiter\" itemprop=\"image\" srcset=\"https:\/\/henergylab.com\/wp-content\/uploads\/2025\/12\/Jupiter-P1-265x265.jpeg 265w, https:\/\/henergylab.com\/wp-content\/uploads\/2025\/12\/Jupiter-P1-300x300.jpeg 300w, https:\/\/henergylab.com\/wp-content\/uploads\/2025\/12\/Jupiter-P1-1024x1024.jpeg 1024w, https:\/\/henergylab.com\/wp-content\/uploads\/2025\/12\/Jupiter-P1-150x150.jpeg 150w, https:\/\/henergylab.com\/wp-content\/uploads\/2025\/12\/Jupiter-P1-768x768.jpeg 768w, https:\/\/henergylab.com\/wp-content\/uploads\/2025\/12\/Jupiter-P1-600x600.jpeg 600w, https:\/\/henergylab.com\/wp-content\/uploads\/2025\/12\/Jupiter-P1-504x504.jpeg 504w, https:\/\/henergylab.com\/wp-content\/uploads\/2025\/12\/Jupiter-P1-100x100.jpeg 100w, https:\/\/henergylab.com\/wp-content\/uploads\/2025\/12\/Jupiter-P1.jpeg 1245w\" sizes=\"(max-width: 265px) 100vw, 265px\" \/><\/a><a href=\"#\" id=\"product_id_5069\" class=\"owp-quick-view\" data-product_id=\"5069\" aria-label=\"Quickly preview product Pendentif en orgonite Premier pentacle de Jupiter\"><i class=\" icon-eye\" aria-hidden=\"true\" role=\"img\"><\/i> Quick View<\/a>\t<\/div><!-- .woo-entry-image -->\r\n\r\n<ul class=\"woo-entry-inner clr\"><li class=\"image-wrap\">\n\t<span class=\"onsale\">Promo\u00a0!<\/span>\n\t\r\n\t<div class=\"woo-entry-image clr\">\r\n\t\t<a href=\"https:\/\/henergylab.com\/fr\/produit\/pendentif-en-orgonite-premier-pentacle-de-jupiter\/\" class=\"woocommerce-LoopProduct-link\"><img decoding=\"async\" width=\"265\" height=\"265\" src=\"https:\/\/henergylab.com\/wp-content\/uploads\/2025\/12\/Jupiter-P1-265x265.jpeg\" class=\"woo-entry-image-main\" alt=\"Pendentif en orgonite Premier pentacle de Jupiter\" itemprop=\"image\" srcset=\"https:\/\/henergylab.com\/wp-content\/uploads\/2025\/12\/Jupiter-P1-265x265.jpeg 265w, https:\/\/henergylab.com\/wp-content\/uploads\/2025\/12\/Jupiter-P1-300x300.jpeg 300w, https:\/\/henergylab.com\/wp-content\/uploads\/2025\/12\/Jupiter-P1-1024x1024.jpeg 1024w, https:\/\/henergylab.com\/wp-content\/uploads\/2025\/12\/Jupiter-P1-150x150.jpeg 150w, https:\/\/henergylab.com\/wp-content\/uploads\/2025\/12\/Jupiter-P1-768x768.jpeg 768w, https:\/\/henergylab.com\/wp-content\/uploads\/2025\/12\/Jupiter-P1-600x600.jpeg 600w, https:\/\/henergylab.com\/wp-content\/uploads\/2025\/12\/Jupiter-P1-504x504.jpeg 504w, https:\/\/henergylab.com\/wp-content\/uploads\/2025\/12\/Jupiter-P1-100x100.jpeg 100w, https:\/\/henergylab.com\/wp-content\/uploads\/2025\/12\/Jupiter-P1.jpeg 1245w\" sizes=\"(max-width: 265px) 100vw, 265px\" \/><\/a><a href=\"#\" id=\"product_id_5069\" class=\"owp-quick-view\" data-product_id=\"5069\" aria-label=\"Quickly preview product Pendentif en orgonite Premier pentacle de Jupiter\"><i class=\" icon-eye\" aria-hidden=\"true\" role=\"img\"><\/i> Quick View<\/a>\t<\/div><!-- .woo-entry-image -->\r\n\r\n<\/li><li class=\"category\"><a href=\"https:\/\/henergylab.com\/fr\/product-category\/pendentif-orgonite\/\" rel=\"tag\">Pendentif Orgonite<\/a><\/li><li class=\"title\"><h2><a href=\"https:\/\/henergylab.com\/fr\/produit\/pendentif-en-orgonite-premier-pentacle-de-jupiter\/\">Pendentif en orgonite Premier pentacle de Jupiter<\/a><\/h2><\/li><li class=\"price-wrap\">\n\t<span class=\"price\"><del aria-hidden=\"true\"><span class=\"woocommerce-Price-amount amount\"><bdi><span class=\"woocommerce-Price-currencySymbol\">&euro;<\/span>25.00<\/bdi><\/span><\/del> <span class=\"screen-reader-text\">Le prix initial \u00e9tait\u00a0: &euro;25.00.<\/span><ins aria-hidden=\"true\"><span class=\"woocommerce-Price-amount amount\"><bdi><span class=\"woocommerce-Price-currencySymbol\">&euro;<\/span>20.00<\/bdi><\/span><\/ins><span class=\"screen-reader-text\">Le prix actuel est\u00a0: &euro;20.00.<\/span><\/span>\n<\/li><li class=\"rating\"><\/li><li class=\"btn-wrap clr\"><a href=\"\/fr\/wp-json\/wp\/v2\/pages\/4816?add-to-cart=5069\" aria-describedby=\"woocommerce_loop_add_to_cart_link_describedby_5069\" data-quantity=\"1\" class=\"button product_type_simple add_to_cart_button ajax_add_to_cart\" data-product_id=\"5069\" data-product_sku=\"\" aria-label=\"Ajouter au panier\u00a0: &ldquo;Pendentif en orgonite Premier pentacle de Jupiter&rdquo;\" rel=\"nofollow\" data-success_message=\"\u00ab\u00a0Pendentif en orgonite Premier pentacle de Jupiter\u00a0\u00bb a \u00e9t\u00e9 ajout\u00e9 \u00e0 votre panier\" role=\"button\">Ajouter au panier<\/a>\t<span id=\"woocommerce_loop_add_to_cart_link_describedby_5069\" class=\"screen-reader-text\">\n\t\t\t<\/span>\n<\/li><\/ul><\/div><!-- .product-inner .clr --><div class=\"yith-add-to-wishlist-button-block\" data-product-id=\"5069\" data-attributes=\"{&quot;kind&quot;:&quot;button&quot;}\"><\/div><\/li>\n<\/ul>\n<nav class=\"woocommerce-pagination\" aria-label=\"Pagination des produits\">\n\t<ul class='page-numbers'>\n\t<li><span aria-label=\"Page 1\" aria-current=\"page\" class=\"page-numbers current\">1<\/span><\/li>\n\t<li><a aria-label=\"Page 2\" class=\"page-numbers\" href=\"\/fr\/wp-json\/wp\/v2\/pages\/4816?product-page=2\">2<\/a><\/li>\n\t<li><a aria-label=\"Page 3\" class=\"page-numbers\" href=\"\/fr\/wp-json\/wp\/v2\/pages\/4816?product-page=3\">3<\/a><\/li>\n\t<li><a aria-label=\"Page 4\" class=\"page-numbers\" href=\"\/fr\/wp-json\/wp\/v2\/pages\/4816?product-page=4\">4<\/a><\/li>\n\t<li><span class=\"page-numbers dots\">\u2026<\/span><\/li>\n\t<li><a aria-label=\"Page 12\" class=\"page-numbers\" href=\"\/fr\/wp-json\/wp\/v2\/pages\/4816?product-page=12\">12<\/a><\/li>\n\t<li><a aria-label=\"Page 13\" class=\"page-numbers\" href=\"\/fr\/wp-json\/wp\/v2\/pages\/4816?product-page=13\">13<\/a><\/li>\n\t<li><a aria-label=\"Page 14\" class=\"page-numbers\" href=\"\/fr\/wp-json\/wp\/v2\/pages\/4816?product-page=14\">14<\/a><\/li>\n\t<li><a class=\"next page-numbers\" href=\"\/fr\/wp-json\/wp\/v2\/pages\/4816?product-page=2\"><i class=\" fa fa-angle-right\" aria-hidden=\"true\" role=\"img\"><\/i><\/a><\/li>\n<\/ul>\n<\/nav>\n<\/div>\t\t\t\t<\/div>\n\t\t\t\t<\/div>\n\t\t\t\t\t<\/div>\n\t\t\t\t<\/div>\n\t\t\t\t<\/div>\n\t\t","protected":false},"excerpt":{"rendered":"","protected":false},"author":1,"featured_media":0,"parent":0,"menu_order":0,"comment_status":"closed","ping_status":"closed","template":"","meta":{"ocean_post_layout":"","ocean_both_sidebars_style":"","ocean_both_sidebars_content_width":0,"ocean_both_sidebars_sidebars_width":0,"ocean_sidebar":"","ocean_second_sidebar":"","ocean_disable_margins":"enable","ocean_add_body_class":"","ocean_shortcode_before_top_bar":"","ocean_shortcode_after_top_bar":"","ocean_shortcode_before_header":"","ocean_shortcode_after_header":"","ocean_has_shortcode":"","ocean_shortcode_after_title":"","ocean_shortcode_before_footer_widgets":"","ocean_shortcode_after_footer_widgets":"","ocean_shortcode_before_footer_bottom":"","ocean_shortcode_after_footer_bottom":"","ocean_display_top_bar":"default","ocean_display_header":"default","ocean_header_style":"","ocean_center_header_left_menu":"","ocean_custom_header_template":"","ocean_custom_logo":0,"ocean_custom_retina_logo":0,"ocean_custom_logo_max_width":0,"ocean_custom_logo_tablet_max_width":0,"ocean_custom_logo_mobile_max_width":0,"ocean_custom_logo_max_height":0,"ocean_custom_logo_tablet_max_height":0,"ocean_custom_logo_mobile_max_height":0,"ocean_header_custom_menu":"","ocean_menu_typo_font_family":"","ocean_menu_typo_font_subset":"","ocean_menu_typo_font_size":0,"ocean_menu_typo_font_size_tablet":0,"ocean_menu_typo_font_size_mobile":0,"ocean_menu_typo_font_size_unit":"px","ocean_menu_typo_font_weight":"","ocean_menu_typo_font_weight_tablet":"","ocean_menu_typo_font_weight_mobile":"","ocean_menu_typo_transform":"","ocean_menu_typo_transform_tablet":"","ocean_menu_typo_transform_mobile":"","ocean_menu_typo_line_height":0,"ocean_menu_typo_line_height_tablet":0,"ocean_menu_typo_line_height_mobile":0,"ocean_menu_typo_line_height_unit":"","ocean_menu_typo_spacing":0,"ocean_menu_typo_spacing_tablet":0,"ocean_menu_typo_spacing_mobile":0,"ocean_menu_typo_spacing_unit":"","ocean_menu_link_color":"","ocean_menu_link_color_hover":"","ocean_menu_link_color_active":"","ocean_menu_link_background":"","ocean_menu_link_hover_background":"","ocean_menu_link_active_background":"","ocean_menu_social_links_bg":"","ocean_menu_social_hover_links_bg":"","ocean_menu_social_links_color":"","ocean_menu_social_hover_links_color":"","ocean_disable_title":"default","ocean_disable_heading":"default","ocean_post_title":"","ocean_post_subheading":"","ocean_post_title_style":"","ocean_post_title_background_color":"","ocean_post_title_background":0,"ocean_post_title_bg_image_position":"","ocean_post_title_bg_image_attachment":"","ocean_post_title_bg_image_repeat":"","ocean_post_title_bg_image_size":"","ocean_post_title_height":0,"ocean_post_title_bg_overlay":0.5,"ocean_post_title_bg_overlay_color":"","ocean_disable_breadcrumbs":"default","ocean_breadcrumbs_color":"","ocean_breadcrumbs_separator_color":"","ocean_breadcrumbs_links_color":"","ocean_breadcrumbs_links_hover_color":"","ocean_display_footer_widgets":"default","ocean_display_footer_bottom":"default","ocean_custom_footer_template":"","_glsr_average":0,"_glsr_ranking":0,"_glsr_reviews":0,"footnotes":""},"class_list":["post-4816","page","type-page","status-publish","hentry","entry","owp-thumbs-layout-vertical","owp-btn-normal","owp-tabs-layout-horizontal","has-no-thumbnails","has-product-nav"],"yoast_head":"<!-- This site is optimized with the Yoast SEO plugin v27.4 - https:\/\/yoast.com\/product\/yoast-seo-wordpress\/ -->\n<title>Kit HENcoil - HEN<\/title>\n<meta name=\"robots\" content=\"index, follow, max-snippet:-1, max-image-preview:large, max-video-preview:-1\" \/>\n<link rel=\"canonical\" href=\"https:\/\/henergylab.com\/fr\/kit-hencoil\/\" \/>\n<meta property=\"og:locale\" content=\"fr_FR\" \/>\n<meta property=\"og:type\" content=\"article\" \/>\n<meta property=\"og:title\" content=\"Kit HENcoil - HEN\" \/>\n<meta property=\"og:url\" content=\"https:\/\/henergylab.com\/fr\/kit-hencoil\/\" \/>\n<meta property=\"og:site_name\" content=\"HEN\" \/>\n<meta property=\"article:modified_time\" content=\"2025-11-02T11:03:20+00:00\" \/>\n<meta name=\"twitter:card\" content=\"summary_large_image\" \/>\n<script type=\"application\/ld+json\" class=\"yoast-schema-graph\">{\"@context\":\"https:\\\/\\\/schema.org\",\"@graph\":[{\"@type\":\"WebPage\",\"@id\":\"https:\\\/\\\/henergylab.com\\\/fr\\\/kit-hencoil\\\/\",\"url\":\"https:\\\/\\\/henergylab.com\\\/fr\\\/kit-hencoil\\\/\",\"name\":\"Kit HENcoil - HEN\",\"isPartOf\":{\"@id\":\"https:\\\/\\\/henergylab.com\\\/fr\\\/#website\"},\"datePublished\":\"2025-10-08T10:21:25+00:00\",\"dateModified\":\"2025-11-02T11:03:20+00:00\",\"breadcrumb\":{\"@id\":\"https:\\\/\\\/henergylab.com\\\/fr\\\/kit-hencoil\\\/#breadcrumb\"},\"inLanguage\":\"fr-FR\",\"potentialAction\":[{\"@type\":\"ReadAction\",\"target\":[\"https:\\\/\\\/henergylab.com\\\/fr\\\/kit-hencoil\\\/\"]}]},{\"@type\":\"BreadcrumbList\",\"@id\":\"https:\\\/\\\/henergylab.com\\\/fr\\\/kit-hencoil\\\/#breadcrumb\",\"itemListElement\":[{\"@type\":\"ListItem\",\"position\":1,\"name\":\"Home\",\"item\":\"https:\\\/\\\/henergylab.com\\\/fr\\\/\"},{\"@type\":\"ListItem\",\"position\":2,\"name\":\"Kit HENcoil\"}]},{\"@type\":\"WebSite\",\"@id\":\"https:\\\/\\\/henergylab.com\\\/fr\\\/#website\",\"url\":\"https:\\\/\\\/henergylab.com\\\/fr\\\/\",\"name\":\"henergylab\",\"description\":\"\",\"publisher\":{\"@id\":\"https:\\\/\\\/henergylab.com\\\/fr\\\/#organization\"},\"potentialAction\":[{\"@type\":\"SearchAction\",\"target\":{\"@type\":\"EntryPoint\",\"urlTemplate\":\"https:\\\/\\\/henergylab.com\\\/fr\\\/?s={search_term_string}\"},\"query-input\":{\"@type\":\"PropertyValueSpecification\",\"valueRequired\":true,\"valueName\":\"search_term_string\"}}],\"inLanguage\":\"fr-FR\"},{\"@type\":\"Organization\",\"@id\":\"https:\\\/\\\/henergylab.com\\\/fr\\\/#organization\",\"name\":\"HEN\",\"url\":\"https:\\\/\\\/henergylab.com\\\/fr\\\/\",\"logo\":{\"@type\":\"ImageObject\",\"inLanguage\":\"fr-FR\",\"@id\":\"https:\\\/\\\/henergylab.com\\\/fr\\\/#\\\/schema\\\/logo\\\/image\\\/\",\"url\":\"https:\\\/\\\/henergylab.com\\\/wp-content\\\/uploads\\\/2025\\\/07\\\/Henergylab-logo-scritta-nera-1.png\",\"contentUrl\":\"https:\\\/\\\/henergylab.com\\\/wp-content\\\/uploads\\\/2025\\\/07\\\/Henergylab-logo-scritta-nera-1.png\",\"width\":128,\"height\":128,\"caption\":\"HEN\"},\"image\":{\"@id\":\"https:\\\/\\\/henergylab.com\\\/fr\\\/#\\\/schema\\\/logo\\\/image\\\/\"}}]}<\/script>\n<!-- \/ Yoast SEO plugin. -->","yoast_head_json":{"title":"Kit HENcoil - HEN","robots":{"index":"index","follow":"follow","max-snippet":"max-snippet:-1","max-image-preview":"max-image-preview:large","max-video-preview":"max-video-preview:-1"},"canonical":"https:\/\/henergylab.com\/fr\/kit-hencoil\/","og_locale":"fr_FR","og_type":"article","og_title":"Kit HENcoil - HEN","og_url":"https:\/\/henergylab.com\/fr\/kit-hencoil\/","og_site_name":"HEN","article_modified_time":"2025-11-02T11:03:20+00:00","twitter_card":"summary_large_image","schema":{"@context":"https:\/\/schema.org","@graph":[{"@type":"WebPage","@id":"https:\/\/henergylab.com\/fr\/kit-hencoil\/","url":"https:\/\/henergylab.com\/fr\/kit-hencoil\/","name":"Kit HENcoil - HEN","isPartOf":{"@id":"https:\/\/henergylab.com\/fr\/#website"},"datePublished":"2025-10-08T10:21:25+00:00","dateModified":"2025-11-02T11:03:20+00:00","breadcrumb":{"@id":"https:\/\/henergylab.com\/fr\/kit-hencoil\/#breadcrumb"},"inLanguage":"fr-FR","potentialAction":[{"@type":"ReadAction","target":["https:\/\/henergylab.com\/fr\/kit-hencoil\/"]}]},{"@type":"BreadcrumbList","@id":"https:\/\/henergylab.com\/fr\/kit-hencoil\/#breadcrumb","itemListElement":[{"@type":"ListItem","position":1,"name":"Home","item":"https:\/\/henergylab.com\/fr\/"},{"@type":"ListItem","position":2,"name":"Kit HENcoil"}]},{"@type":"WebSite","@id":"https:\/\/henergylab.com\/fr\/#website","url":"https:\/\/henergylab.com\/fr\/","name":"henergylab","description":"","publisher":{"@id":"https:\/\/henergylab.com\/fr\/#organization"},"potentialAction":[{"@type":"SearchAction","target":{"@type":"EntryPoint","urlTemplate":"https:\/\/henergylab.com\/fr\/?s={search_term_string}"},"query-input":{"@type":"PropertyValueSpecification","valueRequired":true,"valueName":"search_term_string"}}],"inLanguage":"fr-FR"},{"@type":"Organization","@id":"https:\/\/henergylab.com\/fr\/#organization","name":"HEN","url":"https:\/\/henergylab.com\/fr\/","logo":{"@type":"ImageObject","inLanguage":"fr-FR","@id":"https:\/\/henergylab.com\/fr\/#\/schema\/logo\/image\/","url":"https:\/\/henergylab.com\/wp-content\/uploads\/2025\/07\/Henergylab-logo-scritta-nera-1.png","contentUrl":"https:\/\/henergylab.com\/wp-content\/uploads\/2025\/07\/Henergylab-logo-scritta-nera-1.png","width":128,"height":128,"caption":"HEN"},"image":{"@id":"https:\/\/henergylab.com\/fr\/#\/schema\/logo\/image\/"}}]}},"_links":{"self":[{"href":"https:\/\/henergylab.com\/fr\/wp-json\/wp\/v2\/pages\/4816","targetHints":{"allow":["GET"]}}],"collection":[{"href":"https:\/\/henergylab.com\/fr\/wp-json\/wp\/v2\/pages"}],"about":[{"href":"https:\/\/henergylab.com\/fr\/wp-json\/wp\/v2\/types\/page"}],"author":[{"embeddable":true,"href":"https:\/\/henergylab.com\/fr\/wp-json\/wp\/v2\/users\/1"}],"replies":[{"embeddable":true,"href":"https:\/\/henergylab.com\/fr\/wp-json\/wp\/v2\/comments?post=4816"}],"version-history":[{"count":1,"href":"https:\/\/henergylab.com\/fr\/wp-json\/wp\/v2\/pages\/4816\/revisions"}],"predecessor-version":[{"id":4817,"href":"https:\/\/henergylab.com\/fr\/wp-json\/wp\/v2\/pages\/4816\/revisions\/4817"}],"wp:attachment":[{"href":"https:\/\/henergylab.com\/fr\/wp-json\/wp\/v2\/media?parent=4816"}],"curies":[{"name":"wp","href":"https:\/\/api.w.org\/{rel}","templated":true}]}}