{"id":5082,"date":"2025-08-01T00:31:50","date_gmt":"2025-08-01T00:31:50","guid":{"rendered":"https:\/\/henergylab.com\/therapie-pemf\/"},"modified":"2025-12-03T00:07:21","modified_gmt":"2025-12-03T00:07:21","slug":"therapie-pemf","status":"publish","type":"page","link":"https:\/\/henergylab.com\/fr\/therapie-pemf\/","title":{"rendered":"th\u00e9rapie PEMF"},"content":{"rendered":"\t\t<div data-elementor-type=\"wp-page\" data-elementor-id=\"5082\" class=\"elementor elementor-5082 elementor-3219\" data-elementor-post-type=\"page\">\n\t\t\t\t<div class=\"elementor-element elementor-element-677d4e9 e-flex e-con-boxed e-con e-parent\" data-id=\"677d4e9\" data-element_type=\"container\" data-e-type=\"container\">\n\t\t\t\t\t<div class=\"e-con-inner\">\n\t\t\t\t<div class=\"elementor-element elementor-element-e7b17bf elementor-widget elementor-widget-text-editor\" data-id=\"e7b17bf\" data-element_type=\"widget\" data-e-type=\"widget\" data-widget_type=\"text-editor.default\">\n\t\t\t\t<div class=\"elementor-widget-container\">\n\t\t\t\t\t\t\t\t\t<h2 class=\"western\">Qu\u2019est-ce que la th\u00e9rapie PEMF\u00a0?<\/h2><br><h2 class=\"western\"><img fetchpriority=\"high\" decoding=\"async\" class=\"alignnone size-medium wp-image-3226 alignright\" src=\"https:\/\/henergylab.com\/wp-content\/uploads\/2025\/08\/13cm-quartz1-300x247.jpg\" alt=\"\" width=\"300\" height=\"247\" srcset=\"https:\/\/henergylab.com\/wp-content\/uploads\/2025\/08\/13cm-quartz1-300x247.jpg 300w, https:\/\/henergylab.com\/wp-content\/uploads\/2025\/08\/13cm-quartz1-1024x844.jpg 1024w, https:\/\/henergylab.com\/wp-content\/uploads\/2025\/08\/13cm-quartz1-768x633.jpg 768w, https:\/\/henergylab.com\/wp-content\/uploads\/2025\/08\/13cm-quartz1-1536x1266.jpg 1536w, https:\/\/henergylab.com\/wp-content\/uploads\/2025\/08\/13cm-quartz1-2048x1687.jpg 2048w, https:\/\/henergylab.com\/wp-content\/uploads\/2025\/08\/13cm-quartz1-504x415.jpg 504w\" sizes=\"(max-width: 300px) 100vw, 300px\" \/><\/h2><br><p data-start=\"391\" data-end=\"725\"><strong data-start=\"391\" data-end=\"533\">La th\u00e9rapie PEMF utilise des champs \u00e9lectromagn\u00e9tiques de basse fr\u00e9quence qui sont \u00e9mis de mani\u00e8re puls\u00e9e et contr\u00f4l\u00e9e \u00e0 travers le corps.<\/strong><br data-start=\"533\" data-end=\"536\" \/>L\u2019objectif est de stimuler les processus bio\u00e9lectriques et biochimiques des cellules, favorisant ainsi la gu\u00e9rison, r\u00e9duisant la douleur et am\u00e9liorant la fonctionnalit\u00e9 g\u00e9n\u00e9rale des tissus.<\/p><br><p data-start=\"727\" data-end=\"761\"><strong data-start=\"727\" data-end=\"761\">Comment cela fonctionne-t-il ?<\/strong><\/p><br><p data-start=\"763\" data-end=\"994\">Chaque cellule du corps humain poss\u00e8de un potentiel \u00e9lectrique. En cas de l\u00e9sions, d\u2019inflammations ou de maladies, cet \u00e9quilibre peut \u00eatre alt\u00e9r\u00e9.<br data-start=\"909\" data-end=\"912\" \/>Les champs PEMF agiraient comme une sorte de \u00ab recharge \u00e9nerg\u00e9tique \u00bb cellulaire :<\/p><br><br><ul data-start=\"996\" data-end=\"1204\">\r\n \t<li data-start=\"996\" data-end=\"1029\">\r\n<p data-start=\"998\" data-end=\"1029\">Stimulent la microcirculation<\/p>\r\n<\/li>\r\n \t<li data-start=\"1030\" data-end=\"1069\">\r\n<p data-start=\"1032\" data-end=\"1069\">Am\u00e9liorent l\u2019oxyg\u00e9nation des tissus<\/p>\r\n<\/li>\r\n \t<li data-start=\"1070\" data-end=\"1110\">\r\n<p data-start=\"1072\" data-end=\"1110\">Favorisent le m\u00e9tabolisme cellulaire<\/p>\r\n<\/li>\r\n \t<li data-start=\"1111\" data-end=\"1139\">\r\n<p data-start=\"1113\" data-end=\"1139\">R\u00e9duisent l\u2019inflammation<\/p>\r\n<\/li>\r\n \t<li data-start=\"1140\" data-end=\"1204\">\r\n<p data-start=\"1142\" data-end=\"1204\">Soutiennent la r\u00e9g\u00e9n\u00e9ration des os, des muscles et des nerfs<\/p>\r\n<\/li>\r\n<\/ul><br><p data-start=\"1206\" data-end=\"1339\">Des \u00e9tudes cliniques et recherches pr\u00e9liminaires ont montr\u00e9 des r\u00e9sultats prometteurs dans diff\u00e9rentes conditions, parmi lesquelles :<\/p><br><br><ul data-start=\"1341\" data-end=\"1706\">\r\n \t<li data-start=\"1341\" data-end=\"1412\">\r\n<p data-start=\"1343\" data-end=\"1412\">Douleurs musculo-squelettiques (arthrite, fibromyalgie, lombalgies)<\/p>\r\n<\/li>\r\n \t<li data-start=\"1413\" data-end=\"1466\">\r\n<p data-start=\"1415\" data-end=\"1466\">L\u00e9sions sportives et r\u00e9cup\u00e9ration post-op\u00e9ratoire<\/p>\r\n<\/li>\r\n \t<li data-start=\"1467\" data-end=\"1513\">\r\n<p data-start=\"1469\" data-end=\"1513\">Ost\u00e9oporose et consolidation des fractures<\/p>\r\n<\/li>\r\n \t<li data-start=\"1514\" data-end=\"1619\">\r\n<p data-start=\"1516\" data-end=\"1619\">D\u00e9pression et anxi\u00e9t\u00e9 (certains travaux sugg\u00e8rent des effets positifs sur le syst\u00e8me nerveux central)<\/p>\r\n<\/li>\r\n \t<li data-start=\"1620\" data-end=\"1706\">\r\n<p data-start=\"1622\" data-end=\"1706\">Troubles du sommeil (gr\u00e2ce \u00e0 l\u2019effet relaxant sur les muscles et le syst\u00e8me nerveux)<\/p>\r\n<\/li>\r\n<\/ul><br><p data-start=\"1708\" data-end=\"1822\">En g\u00e9n\u00e9ral, la th\u00e9rapie PEMF est consid\u00e9r\u00e9e comme s\u00fbre et non invasive. Cependant, elle est contre-indiqu\u00e9e pour :<\/p><br><br><ul data-start=\"1824\" data-end=\"2014\">\r\n \t<li data-start=\"1824\" data-end=\"1888\">\r\n<p data-start=\"1826\" data-end=\"1888\">Porteurs de pacemaker ou dispositifs \u00e9lectroniques implant\u00e9s<\/p>\r\n<\/li>\r\n \t<li data-start=\"1889\" data-end=\"1909\">\r\n<p data-start=\"1891\" data-end=\"1909\">Femmes enceintes<\/p>\r\n<\/li>\r\n \t<li data-start=\"1910\" data-end=\"2014\">\r\n<p data-start=\"1912\" data-end=\"2014\">Personnes souffrant d\u2019\u00e9pilepsie ou de troubles neurologiques s\u00e9v\u00e8res, sauf sous supervision m\u00e9dicale<\/p>\r\n<\/li>\r\n<\/ul><br><p data-start=\"2016\" data-end=\"2436\"><strong data-start=\"2016\" data-end=\"2187\">L\u2019utilisation de champs magn\u00e9tiques puls\u00e9s int\u00e9gr\u00e9s \u00e0 des champs scalaires est pr\u00e9sent\u00e9e comme permettant d\u2019agir simultan\u00e9ment sur plusieurs niveaux de l\u2019\u00eatre humain :<\/strong><br data-start=\"2187\" data-end=\"2190\" \/>du corps physique \u2014 en soutenant la r\u00e9g\u00e9n\u00e9ration cellulaire \u2014 jusqu\u2019aux plans subtils (\u00e9th\u00e9rique, \u00e9motionnel, mental), ouvrant la possibilit\u00e9 d\u2019aborder non seulement des d\u00e9s\u00e9quilibres physiologiques, mais aussi psycho-\u00e9motionnels et \u00e9nerg\u00e9tiques.<\/p><br><p data-start=\"2438\" data-end=\"2943\">Les <strong data-start=\"2442\" data-end=\"2462\">champs scalaires<\/strong>, g\u00e9n\u00e9r\u00e9s par des configurations telles que la <em data-start=\"2509\" data-end=\"2518\">HENCoil<\/em>, sont d\u00e9crits comme des outils capables d\u2019interagir avec la matrice informationnelle de l\u2019\u00eatre humain.<br data-start=\"2621\" data-end=\"2624\" \/>Les champs \u00e9nerg\u00e9tiques informationnels \u00e9mis par une HENCoil seraient cens\u00e9s r\u00e9tablir coh\u00e9rence et ordre dans les champs physiques et subtils, agissant comme un \u00ab champ de r\u00e9organisation \u00bb pour le corps et son fonctionnement correct, ainsi que pour les \u00e9motions, les pens\u00e9es et les \u00e9tats mentaux et spirituels profonds.<\/p><br><p data-start=\"2945\" data-end=\"3339\">La th\u00e9rapie PEMF repr\u00e9sente un domaine d\u2019int\u00e9r\u00eat dans la m\u00e9decine compl\u00e9mentaire, avec des applications allant du bien-\u00eatre quotidien \u00e0 la gestion de pathologies chroniques. Sans remplacer les th\u00e9rapies conventionnelles, elle peut \u00eatre consid\u00e9r\u00e9e comme un outil compl\u00e9mentaire, notamment dans les cas o\u00f9 la douleur ou l\u2019inflammation sont difficiles \u00e0 contr\u00f4ler par des m\u00e9thodes traditionnelles.<\/p><br><p data-start=\"3341\" data-end=\"3885\"><strong data-start=\"3341\" data-end=\"3885\">\u00ab L\u2019int\u00e9gration de champs magn\u00e9tiques puls\u00e9s et de champs scalaires permettrait une action th\u00e9rapeutique multidimensionnelle : tandis que les PEMF agissent sur le plan physiologique, les ondes scalaires favoriseraient une restructuration harmonieuse des corps subtils. Cette double action permettrait non seulement de traiter les probl\u00e9matiques physiques (douleur, inflammation, dysfonctionnements), mais aussi d\u2019\u00e9quilibrer la dimension psycho-\u00e9motionnelle et mentale de l\u2019individu, g\u00e9n\u00e9rant des \u00e9tats de coh\u00e9rence et de bien-\u00eatre global. \u00bb<\/strong><\/p>\t\t\t\t\t\t\t\t<\/div>\n\t\t\t\t<\/div>\n\t\t\t\t\t<\/div>\n\t\t\t\t<\/div>\n\t\t\t\t<\/div>\n\t\t","protected":false},"excerpt":{"rendered":"<p>Qu\u2019est-ce que la th\u00e9rapie PEMF\u00a0? La th\u00e9rapie PEMF utilise des champs \u00e9lectromagn\u00e9tiques de basse fr\u00e9quence qui sont \u00e9mis de mani\u00e8re puls\u00e9e et contr\u00f4l\u00e9e \u00e0 travers le corps.L\u2019objectif est de stimuler les processus bio\u00e9lectriques et biochimiques des cellules, favorisant ainsi la gu\u00e9rison, r\u00e9duisant la douleur et am\u00e9liorant la fonctionnalit\u00e9 g\u00e9n\u00e9rale des tissus. Comment cela fonctionne-t-il ? [&hellip;]<\/p>\n","protected":false},"author":1,"featured_media":0,"parent":0,"menu_order":0,"comment_status":"closed","ping_status":"closed","template":"","meta":{"ocean_post_layout":"","ocean_both_sidebars_style":"","ocean_both_sidebars_content_width":0,"ocean_both_sidebars_sidebars_width":0,"ocean_sidebar":"","ocean_second_sidebar":"","ocean_disable_margins":"enable","ocean_add_body_class":"","ocean_shortcode_before_top_bar":"","ocean_shortcode_after_top_bar":"","ocean_shortcode_before_header":"","ocean_shortcode_after_header":"","ocean_has_shortcode":"","ocean_shortcode_after_title":"","ocean_shortcode_before_footer_widgets":"","ocean_shortcode_after_footer_widgets":"","ocean_shortcode_before_footer_bottom":"","ocean_shortcode_after_footer_bottom":"","ocean_display_top_bar":"default","ocean_display_header":"default","ocean_header_style":"","ocean_center_header_left_menu":"","ocean_custom_header_template":"","ocean_custom_logo":0,"ocean_custom_retina_logo":0,"ocean_custom_logo_max_width":0,"ocean_custom_logo_tablet_max_width":0,"ocean_custom_logo_mobile_max_width":0,"ocean_custom_logo_max_height":0,"ocean_custom_logo_tablet_max_height":0,"ocean_custom_logo_mobile_max_height":0,"ocean_header_custom_menu":"","ocean_menu_typo_font_family":"","ocean_menu_typo_font_subset":"","ocean_menu_typo_font_size":0,"ocean_menu_typo_font_size_tablet":0,"ocean_menu_typo_font_size_mobile":0,"ocean_menu_typo_font_size_unit":"px","ocean_menu_typo_font_weight":"","ocean_menu_typo_font_weight_tablet":"","ocean_menu_typo_font_weight_mobile":"","ocean_menu_typo_transform":"","ocean_menu_typo_transform_tablet":"","ocean_menu_typo_transform_mobile":"","ocean_menu_typo_line_height":0,"ocean_menu_typo_line_height_tablet":0,"ocean_menu_typo_line_height_mobile":0,"ocean_menu_typo_line_height_unit":"","ocean_menu_typo_spacing":0,"ocean_menu_typo_spacing_tablet":0,"ocean_menu_typo_spacing_mobile":0,"ocean_menu_typo_spacing_unit":"","ocean_menu_link_color":"","ocean_menu_link_color_hover":"","ocean_menu_link_color_active":"","ocean_menu_link_background":"","ocean_menu_link_hover_background":"","ocean_menu_link_active_background":"","ocean_menu_social_links_bg":"","ocean_menu_social_hover_links_bg":"","ocean_menu_social_links_color":"","ocean_menu_social_hover_links_color":"","ocean_disable_title":"default","ocean_disable_heading":"default","ocean_post_title":"","ocean_post_subheading":"","ocean_post_title_style":"","ocean_post_title_background_color":"","ocean_post_title_background":0,"ocean_post_title_bg_image_position":"","ocean_post_title_bg_image_attachment":"","ocean_post_title_bg_image_repeat":"","ocean_post_title_bg_image_size":"","ocean_post_title_height":0,"ocean_post_title_bg_overlay":0.5,"ocean_post_title_bg_overlay_color":"","ocean_disable_breadcrumbs":"default","ocean_breadcrumbs_color":"","ocean_breadcrumbs_separator_color":"","ocean_breadcrumbs_links_color":"","ocean_breadcrumbs_links_hover_color":"","ocean_display_footer_widgets":"default","ocean_display_footer_bottom":"default","ocean_custom_footer_template":"","_glsr_average":0,"_glsr_ranking":0,"_glsr_reviews":0,"footnotes":""},"class_list":["post-5082","page","type-page","status-publish","hentry","entry","owp-thumbs-layout-vertical","owp-btn-normal","owp-tabs-layout-horizontal","has-no-thumbnails","has-product-nav"],"yoast_head":"<!-- This site is optimized with the Yoast SEO plugin v27.4 - https:\/\/yoast.com\/product\/yoast-seo-wordpress\/ -->\n<title>th\u00e9rapie PEMF - HEN<\/title>\n<meta name=\"description\" content=\"Les ondes scalaires de Tesla : comment elles sont cr\u00e9\u00e9es et comment elles influencent l&#039;\u00e9nergie, les cellules, les structures naturelles et notre bien-\u00eatre.\" \/>\n<meta name=\"robots\" content=\"index, follow, max-snippet:-1, max-image-preview:large, max-video-preview:-1\" \/>\n<link rel=\"canonical\" href=\"https:\/\/henergylab.com\/fr\/therapie-pemf\/\" \/>\n<meta property=\"og:locale\" content=\"fr_FR\" \/>\n<meta property=\"og:type\" content=\"article\" \/>\n<meta property=\"og:title\" content=\"th\u00e9rapie PEMF - HEN\" \/>\n<meta property=\"og:description\" content=\"Les ondes scalaires de Tesla : comment elles sont cr\u00e9\u00e9es et comment elles influencent l&#039;\u00e9nergie, les cellules, les structures naturelles et notre bien-\u00eatre.\" \/>\n<meta property=\"og:url\" content=\"https:\/\/henergylab.com\/fr\/therapie-pemf\/\" \/>\n<meta property=\"og:site_name\" content=\"HEN\" \/>\n<meta property=\"article:modified_time\" content=\"2025-12-03T00:07:21+00:00\" \/>\n<meta property=\"og:image\" content=\"https:\/\/henergylab.com\/wp-content\/uploads\/2025\/08\/13cm-quartz1.jpg\" \/>\n\t<meta property=\"og:image:width\" content=\"2544\" \/>\n\t<meta property=\"og:image:height\" content=\"2096\" \/>\n\t<meta property=\"og:image:type\" content=\"image\/jpeg\" \/>\n<meta name=\"twitter:card\" content=\"summary_large_image\" \/>\n<meta name=\"twitter:label1\" content=\"Dur\u00e9e de lecture estim\u00e9e\" \/>\n\t<meta name=\"twitter:data1\" content=\"3 minutes\" \/>\n<script type=\"application\/ld+json\" class=\"yoast-schema-graph\">{\"@context\":\"https:\\\/\\\/schema.org\",\"@graph\":[{\"@type\":\"WebPage\",\"@id\":\"https:\\\/\\\/henergylab.com\\\/fr\\\/therapie-pemf\\\/\",\"url\":\"https:\\\/\\\/henergylab.com\\\/fr\\\/therapie-pemf\\\/\",\"name\":\"th\u00e9rapie PEMF - HEN\",\"isPartOf\":{\"@id\":\"https:\\\/\\\/henergylab.com\\\/fr\\\/#website\"},\"primaryImageOfPage\":{\"@id\":\"https:\\\/\\\/henergylab.com\\\/fr\\\/therapie-pemf\\\/#primaryimage\"},\"image\":{\"@id\":\"https:\\\/\\\/henergylab.com\\\/fr\\\/therapie-pemf\\\/#primaryimage\"},\"thumbnailUrl\":\"https:\\\/\\\/henergylab.com\\\/wp-content\\\/uploads\\\/2025\\\/08\\\/13cm-quartz1-300x247.jpg\",\"datePublished\":\"2025-08-01T00:31:50+00:00\",\"dateModified\":\"2025-12-03T00:07:21+00:00\",\"description\":\"Les ondes scalaires de Tesla : comment elles sont cr\u00e9\u00e9es et comment elles influencent l'\u00e9nergie, les cellules, les structures naturelles et notre bien-\u00eatre.\",\"breadcrumb\":{\"@id\":\"https:\\\/\\\/henergylab.com\\\/fr\\\/therapie-pemf\\\/#breadcrumb\"},\"inLanguage\":\"fr-FR\",\"potentialAction\":[{\"@type\":\"ReadAction\",\"target\":[\"https:\\\/\\\/henergylab.com\\\/fr\\\/therapie-pemf\\\/\"]}]},{\"@type\":\"ImageObject\",\"inLanguage\":\"fr-FR\",\"@id\":\"https:\\\/\\\/henergylab.com\\\/fr\\\/therapie-pemf\\\/#primaryimage\",\"url\":\"https:\\\/\\\/henergylab.com\\\/wp-content\\\/uploads\\\/2025\\\/08\\\/13cm-quartz1-300x247.jpg\",\"contentUrl\":\"https:\\\/\\\/henergylab.com\\\/wp-content\\\/uploads\\\/2025\\\/08\\\/13cm-quartz1-300x247.jpg\"},{\"@type\":\"BreadcrumbList\",\"@id\":\"https:\\\/\\\/henergylab.com\\\/fr\\\/therapie-pemf\\\/#breadcrumb\",\"itemListElement\":[{\"@type\":\"ListItem\",\"position\":1,\"name\":\"Home\",\"item\":\"https:\\\/\\\/henergylab.com\\\/fr\\\/\"},{\"@type\":\"ListItem\",\"position\":2,\"name\":\"th\u00e9rapie PEMF\"}]},{\"@type\":\"WebSite\",\"@id\":\"https:\\\/\\\/henergylab.com\\\/fr\\\/#website\",\"url\":\"https:\\\/\\\/henergylab.com\\\/fr\\\/\",\"name\":\"henergylab\",\"description\":\"\",\"publisher\":{\"@id\":\"https:\\\/\\\/henergylab.com\\\/fr\\\/#organization\"},\"potentialAction\":[{\"@type\":\"SearchAction\",\"target\":{\"@type\":\"EntryPoint\",\"urlTemplate\":\"https:\\\/\\\/henergylab.com\\\/fr\\\/?s={search_term_string}\"},\"query-input\":{\"@type\":\"PropertyValueSpecification\",\"valueRequired\":true,\"valueName\":\"search_term_string\"}}],\"inLanguage\":\"fr-FR\"},{\"@type\":\"Organization\",\"@id\":\"https:\\\/\\\/henergylab.com\\\/fr\\\/#organization\",\"name\":\"HEN\",\"url\":\"https:\\\/\\\/henergylab.com\\\/fr\\\/\",\"logo\":{\"@type\":\"ImageObject\",\"inLanguage\":\"fr-FR\",\"@id\":\"https:\\\/\\\/henergylab.com\\\/fr\\\/#\\\/schema\\\/logo\\\/image\\\/\",\"url\":\"https:\\\/\\\/henergylab.com\\\/wp-content\\\/uploads\\\/2025\\\/07\\\/Henergylab-logo-scritta-nera-1.png\",\"contentUrl\":\"https:\\\/\\\/henergylab.com\\\/wp-content\\\/uploads\\\/2025\\\/07\\\/Henergylab-logo-scritta-nera-1.png\",\"width\":128,\"height\":128,\"caption\":\"HEN\"},\"image\":{\"@id\":\"https:\\\/\\\/henergylab.com\\\/fr\\\/#\\\/schema\\\/logo\\\/image\\\/\"}}]}<\/script>\n<!-- \/ Yoast SEO plugin. -->","yoast_head_json":{"title":"th\u00e9rapie PEMF - HEN","description":"Les ondes scalaires de Tesla : comment elles sont cr\u00e9\u00e9es et comment elles influencent l'\u00e9nergie, les cellules, les structures naturelles et notre bien-\u00eatre.","robots":{"index":"index","follow":"follow","max-snippet":"max-snippet:-1","max-image-preview":"max-image-preview:large","max-video-preview":"max-video-preview:-1"},"canonical":"https:\/\/henergylab.com\/fr\/therapie-pemf\/","og_locale":"fr_FR","og_type":"article","og_title":"th\u00e9rapie PEMF - HEN","og_description":"Les ondes scalaires de Tesla : comment elles sont cr\u00e9\u00e9es et comment elles influencent l'\u00e9nergie, les cellules, les structures naturelles et notre bien-\u00eatre.","og_url":"https:\/\/henergylab.com\/fr\/therapie-pemf\/","og_site_name":"HEN","article_modified_time":"2025-12-03T00:07:21+00:00","og_image":[{"width":2544,"height":2096,"url":"https:\/\/henergylab.com\/wp-content\/uploads\/2025\/08\/13cm-quartz1.jpg","type":"image\/jpeg"}],"twitter_card":"summary_large_image","twitter_misc":{"Dur\u00e9e de lecture estim\u00e9e":"3 minutes"},"schema":{"@context":"https:\/\/schema.org","@graph":[{"@type":"WebPage","@id":"https:\/\/henergylab.com\/fr\/therapie-pemf\/","url":"https:\/\/henergylab.com\/fr\/therapie-pemf\/","name":"th\u00e9rapie PEMF - HEN","isPartOf":{"@id":"https:\/\/henergylab.com\/fr\/#website"},"primaryImageOfPage":{"@id":"https:\/\/henergylab.com\/fr\/therapie-pemf\/#primaryimage"},"image":{"@id":"https:\/\/henergylab.com\/fr\/therapie-pemf\/#primaryimage"},"thumbnailUrl":"https:\/\/henergylab.com\/wp-content\/uploads\/2025\/08\/13cm-quartz1-300x247.jpg","datePublished":"2025-08-01T00:31:50+00:00","dateModified":"2025-12-03T00:07:21+00:00","description":"Les ondes scalaires de Tesla : comment elles sont cr\u00e9\u00e9es et comment elles influencent l'\u00e9nergie, les cellules, les structures naturelles et notre bien-\u00eatre.","breadcrumb":{"@id":"https:\/\/henergylab.com\/fr\/therapie-pemf\/#breadcrumb"},"inLanguage":"fr-FR","potentialAction":[{"@type":"ReadAction","target":["https:\/\/henergylab.com\/fr\/therapie-pemf\/"]}]},{"@type":"ImageObject","inLanguage":"fr-FR","@id":"https:\/\/henergylab.com\/fr\/therapie-pemf\/#primaryimage","url":"https:\/\/henergylab.com\/wp-content\/uploads\/2025\/08\/13cm-quartz1-300x247.jpg","contentUrl":"https:\/\/henergylab.com\/wp-content\/uploads\/2025\/08\/13cm-quartz1-300x247.jpg"},{"@type":"BreadcrumbList","@id":"https:\/\/henergylab.com\/fr\/therapie-pemf\/#breadcrumb","itemListElement":[{"@type":"ListItem","position":1,"name":"Home","item":"https:\/\/henergylab.com\/fr\/"},{"@type":"ListItem","position":2,"name":"th\u00e9rapie PEMF"}]},{"@type":"WebSite","@id":"https:\/\/henergylab.com\/fr\/#website","url":"https:\/\/henergylab.com\/fr\/","name":"henergylab","description":"","publisher":{"@id":"https:\/\/henergylab.com\/fr\/#organization"},"potentialAction":[{"@type":"SearchAction","target":{"@type":"EntryPoint","urlTemplate":"https:\/\/henergylab.com\/fr\/?s={search_term_string}"},"query-input":{"@type":"PropertyValueSpecification","valueRequired":true,"valueName":"search_term_string"}}],"inLanguage":"fr-FR"},{"@type":"Organization","@id":"https:\/\/henergylab.com\/fr\/#organization","name":"HEN","url":"https:\/\/henergylab.com\/fr\/","logo":{"@type":"ImageObject","inLanguage":"fr-FR","@id":"https:\/\/henergylab.com\/fr\/#\/schema\/logo\/image\/","url":"https:\/\/henergylab.com\/wp-content\/uploads\/2025\/07\/Henergylab-logo-scritta-nera-1.png","contentUrl":"https:\/\/henergylab.com\/wp-content\/uploads\/2025\/07\/Henergylab-logo-scritta-nera-1.png","width":128,"height":128,"caption":"HEN"},"image":{"@id":"https:\/\/henergylab.com\/fr\/#\/schema\/logo\/image\/"}}]}},"_links":{"self":[{"href":"https:\/\/henergylab.com\/fr\/wp-json\/wp\/v2\/pages\/5082","targetHints":{"allow":["GET"]}}],"collection":[{"href":"https:\/\/henergylab.com\/fr\/wp-json\/wp\/v2\/pages"}],"about":[{"href":"https:\/\/henergylab.com\/fr\/wp-json\/wp\/v2\/types\/page"}],"author":[{"embeddable":true,"href":"https:\/\/henergylab.com\/fr\/wp-json\/wp\/v2\/users\/1"}],"replies":[{"embeddable":true,"href":"https:\/\/henergylab.com\/fr\/wp-json\/wp\/v2\/comments?post=5082"}],"version-history":[{"count":1,"href":"https:\/\/henergylab.com\/fr\/wp-json\/wp\/v2\/pages\/5082\/revisions"}],"predecessor-version":[{"id":5083,"href":"https:\/\/henergylab.com\/fr\/wp-json\/wp\/v2\/pages\/5082\/revisions\/5083"}],"wp:attachment":[{"href":"https:\/\/henergylab.com\/fr\/wp-json\/wp\/v2\/media?parent=5082"}],"curies":[{"name":"wp","href":"https:\/\/api.w.org\/{rel}","templated":true}]}}