{"id":4104,"date":"2025-02-11T23:56:45","date_gmt":"2025-02-11T23:56:45","guid":{"rendered":"https:\/\/henergylab.com\/product\/scalar-vortex-cone\/"},"modified":"2025-11-21T22:56:24","modified_gmt":"2025-11-21T22:56:24","slug":"scalar-vortex-cone","status":"publish","type":"product","link":"https:\/\/henergylab.com\/fr\/produit\/scalar-vortex-cone\/","title":{"rendered":"Scalar Vortex Cone"},"content":{"rendered":"<p>C\u00f4ne \u00e0 Vortex Scalaire<\/p>\n<p>Ce dispositif int\u00e8gre une bobine de Rodin, de l&rsquo;orgonite et un anneau tenseur, modulant harmonieusement les champs \u00e9nerg\u00e9tiques subtils en leurs diff\u00e9rentes composantes.<\/p>\n<p>Il contient de l&rsquo;am\u00e9thyste, du quartz rose, de la shungite, de la tourmaline noire, du bronze et cinq cristaux de quartz. Quatre sont dispos\u00e9s horizontalement \u00e0 la base du dispositif, tandis que le cinqui\u00e8me est enroul\u00e9 dans une bobine de cuivre. \u00c0 la base de ce cristal se trouve une bobine de Rodin en r\u00e9sine et quartz.<\/p>\n<p>La bobine de cuivre cr\u00e9e un champ magn\u00e9tique qui g\u00e9n\u00e8re des ondes scalaires. L&rsquo;effet est amplifi\u00e9 par l&rsquo;interaction avec le champ \u00e9nerg\u00e9tique accumul\u00e9 par le tore d&rsquo;orgonite.<\/p>\n<p>La bobine de Rodin est aliment\u00e9e par un g\u00e9n\u00e9rateur de fr\u00e9quences. Les fr\u00e9quences les plus adapt\u00e9es sont la s\u00e9quence de Solf\u00e8ge, les fr\u00e9quences des chakras, les fr\u00e9quences binaurales ou les fr\u00e9quences identifi\u00e9es par Royal Rife. Fabriqu\u00e9 en r\u00e9sine et en divers m\u00e9taux, dont le fer, l&rsquo;acier et le laiton, l&rsquo;anneau tenseur et le cristal de quartz sont fix\u00e9s sur la bobine de Rodin, qui se termine au sommet du dispositif. Il contient \u00e9galement des cristaux d&rsquo;am\u00e9thyste, de quartz rose et de quartz blanc.<\/p>\n<p>Les propri\u00e9t\u00e9s des anneaux Tensor, cr\u00e9\u00e9s par Jim Spurling, sont reconnues pour leurs bienfaits sur le corps physique et mental\/\u00e9motionnel, leur capacit\u00e9 \u00e0 dynamiser et restructurer l&rsquo;eau, \u00e0 neutraliser les champs \u00e9lectromagn\u00e9tiques, \u00e0 stimuler la croissance et la vitalit\u00e9 des plantes, et pour d&rsquo;autres applications.<\/p>\n<p>Veuillez noter que les effets de cet appareil rel\u00e8vent des th\u00e9rapies alternatives\/\u00e9th\u00e9riques et ne constituent en aucun cas un avis m\u00e9dical.<\/p>\n<p>Diam\u00e8tre\u00a0: 20\u00a0cm<\/p>\n<p>Hauteur\u00a0: 15,5\u00a0cm<\/p>\n","protected":false},"excerpt":{"rendered":"<p>C\u00f4ne \u00e0 Vortex Scalaire Ce dispositif int\u00e8gre une bobine de Rodin, de l&rsquo;orgonite et un anneau tenseur, modulant harmonieusement les champs \u00e9nerg\u00e9tiques subtils en leurs diff\u00e9rentes composantes. Il contient de l&rsquo;am\u00e9thyste, du quartz rose, de la shungite, de la tourmaline noire, du bronze et cinq cristaux de quartz. Quatre sont dispos\u00e9s horizontalement \u00e0 la base [&hellip;]<\/p>\n","protected":false},"featured_media":4955,"comment_status":"open","ping_status":"closed","template":"","meta":{"ocean_post_layout":"","ocean_both_sidebars_style":"","ocean_both_sidebars_content_width":0,"ocean_both_sidebars_sidebars_width":0,"ocean_sidebar":"0","ocean_second_sidebar":"0","ocean_disable_margins":"enable","ocean_add_body_class":"","ocean_shortcode_before_top_bar":"","ocean_shortcode_after_top_bar":"","ocean_shortcode_before_header":"","ocean_shortcode_after_header":"","ocean_has_shortcode":"","ocean_shortcode_after_title":"","ocean_shortcode_before_footer_widgets":"","ocean_shortcode_after_footer_widgets":"","ocean_shortcode_before_footer_bottom":"","ocean_shortcode_after_footer_bottom":"","ocean_display_top_bar":"default","ocean_display_header":"default","ocean_header_style":"","ocean_center_header_left_menu":"0","ocean_custom_header_template":"0","ocean_custom_logo":0,"ocean_custom_retina_logo":0,"ocean_custom_logo_max_width":0,"ocean_custom_logo_tablet_max_width":0,"ocean_custom_logo_mobile_max_width":0,"ocean_custom_logo_max_height":0,"ocean_custom_logo_tablet_max_height":0,"ocean_custom_logo_mobile_max_height":0,"ocean_header_custom_menu":"0","ocean_menu_typo_font_family":"0","ocean_menu_typo_font_subset":"","ocean_menu_typo_font_size":0,"ocean_menu_typo_font_size_tablet":0,"ocean_menu_typo_font_size_mobile":0,"ocean_menu_typo_font_size_unit":"px","ocean_menu_typo_font_weight":"","ocean_menu_typo_font_weight_tablet":"","ocean_menu_typo_font_weight_mobile":"","ocean_menu_typo_transform":"","ocean_menu_typo_transform_tablet":"","ocean_menu_typo_transform_mobile":"","ocean_menu_typo_line_height":0,"ocean_menu_typo_line_height_tablet":0,"ocean_menu_typo_line_height_mobile":0,"ocean_menu_typo_line_height_unit":"","ocean_menu_typo_spacing":0,"ocean_menu_typo_spacing_tablet":0,"ocean_menu_typo_spacing_mobile":0,"ocean_menu_typo_spacing_unit":"","ocean_menu_link_color":"","ocean_menu_link_color_hover":"","ocean_menu_link_color_active":"","ocean_menu_link_background":"","ocean_menu_link_hover_background":"","ocean_menu_link_active_background":"","ocean_menu_social_links_bg":"","ocean_menu_social_hover_links_bg":"","ocean_menu_social_links_color":"","ocean_menu_social_hover_links_color":"","ocean_disable_title":"default","ocean_disable_heading":"default","ocean_post_title":"","ocean_post_subheading":"","ocean_post_title_style":"","ocean_post_title_background_color":"","ocean_post_title_background":0,"ocean_post_title_bg_image_position":"","ocean_post_title_bg_image_attachment":"","ocean_post_title_bg_image_repeat":"","ocean_post_title_bg_image_size":"","ocean_post_title_height":0,"ocean_post_title_bg_overlay":0.5,"ocean_post_title_bg_overlay_color":"","ocean_disable_breadcrumbs":"default","ocean_breadcrumbs_color":"","ocean_breadcrumbs_separator_color":"","ocean_breadcrumbs_links_color":"","ocean_breadcrumbs_links_hover_color":"","ocean_display_footer_widgets":"default","ocean_display_footer_bottom":"default","ocean_custom_footer_template":"0","_glsr_average":0,"_glsr_ranking":0,"_glsr_reviews":0},"product_brand":[],"product_cat":[101],"product_tag":[],"class_list":{"0":"post-4104","1":"product","2":"type-product","3":"status-publish","4":"has-post-thumbnail","6":"product_cat-orgonite-entrainee","8":"entry","9":"has-media","11":"first","12":"instock","13":"taxable","14":"shipping-taxable","15":"purchasable","16":"product-type-simple","17":"add-to-wishlist-after_add_to_cart","18":"has-product-nav","19":"col","20":"span_1_of_3","21":"owp-content-center","22":"owp-thumbs-layout-vertical","23":"owp-btn-normal","24":"owp-tabs-layout-horizontal"},"yoast_head":"<!-- This site is optimized with the Yoast SEO plugin v27.4 - https:\/\/yoast.com\/product\/yoast-seo-wordpress\/ -->\n<title>Scalar Vortex Cone - HEN<\/title>\n<meta name=\"description\" content=\"Dispositivo che integra una Bobina Rodin Coil, Orgonite e un Tensor RIng, modulando armoniosamente i campi energetici sottili nelle loro diverse componenti.\" \/>\n<meta name=\"robots\" content=\"index, follow, max-snippet:-1, max-image-preview:large, max-video-preview:-1\" \/>\n<link rel=\"canonical\" href=\"https:\/\/henergylab.com\/fr\/produit\/scalar-vortex-cone\/\" \/>\n<meta property=\"og:locale\" content=\"fr_FR\" \/>\n<meta property=\"og:type\" content=\"article\" \/>\n<meta property=\"og:title\" content=\"Scalar Vortex Cone - HEN\" \/>\n<meta property=\"og:description\" content=\"Dispositivo che integra una Bobina Rodin Coil, Orgonite e un Tensor RIng, modulando armoniosamente i campi energetici sottili nelle loro diverse componenti.\" \/>\n<meta property=\"og:url\" content=\"https:\/\/henergylab.com\/fr\/produit\/scalar-vortex-cone\/\" \/>\n<meta property=\"og:site_name\" content=\"HEN\" \/>\n<meta property=\"article:modified_time\" content=\"2025-11-21T22:56:24+00:00\" \/>\n<meta property=\"og:image\" content=\"https:\/\/henergylab.com\/wp-content\/uploads\/2025\/11\/IMG_20250126_165910-scaled-e1762220606662.jpg\" \/>\n\t<meta property=\"og:image:width\" content=\"1152\" \/>\n\t<meta property=\"og:image:height\" content=\"1152\" \/>\n\t<meta property=\"og:image:type\" content=\"image\/jpeg\" \/>\n<meta name=\"twitter:card\" content=\"summary_large_image\" \/>\n<meta name=\"twitter:label1\" content=\"Dur\u00e9e de lecture estim\u00e9e\" \/>\n\t<meta name=\"twitter:data1\" content=\"1 minute\" \/>\n<script type=\"application\/ld+json\" class=\"yoast-schema-graph\">{\"@context\":\"https:\\\/\\\/schema.org\",\"@graph\":[{\"@type\":\"WebPage\",\"@id\":\"https:\\\/\\\/henergylab.com\\\/fr\\\/produit\\\/scalar-vortex-cone\\\/\",\"url\":\"https:\\\/\\\/henergylab.com\\\/fr\\\/produit\\\/scalar-vortex-cone\\\/\",\"name\":\"Scalar Vortex Cone - HEN\",\"isPartOf\":{\"@id\":\"https:\\\/\\\/henergylab.com\\\/fr\\\/#website\"},\"primaryImageOfPage\":{\"@id\":\"https:\\\/\\\/henergylab.com\\\/fr\\\/produit\\\/scalar-vortex-cone\\\/#primaryimage\"},\"image\":{\"@id\":\"https:\\\/\\\/henergylab.com\\\/fr\\\/produit\\\/scalar-vortex-cone\\\/#primaryimage\"},\"thumbnailUrl\":\"https:\\\/\\\/henergylab.com\\\/wp-content\\\/uploads\\\/2025\\\/11\\\/IMG_20250126_165910-scaled-e1762220606662.jpg\",\"datePublished\":\"2025-02-11T23:56:45+00:00\",\"dateModified\":\"2025-11-21T22:56:24+00:00\",\"description\":\"Dispositivo che integra una Bobina Rodin Coil, Orgonite e un Tensor RIng, modulando armoniosamente i campi energetici sottili nelle loro diverse componenti.\",\"breadcrumb\":{\"@id\":\"https:\\\/\\\/henergylab.com\\\/fr\\\/produit\\\/scalar-vortex-cone\\\/#breadcrumb\"},\"inLanguage\":\"fr-FR\",\"potentialAction\":[{\"@type\":\"ReadAction\",\"target\":[\"https:\\\/\\\/henergylab.com\\\/fr\\\/produit\\\/scalar-vortex-cone\\\/\"]}]},{\"@type\":\"ImageObject\",\"inLanguage\":\"fr-FR\",\"@id\":\"https:\\\/\\\/henergylab.com\\\/fr\\\/produit\\\/scalar-vortex-cone\\\/#primaryimage\",\"url\":\"https:\\\/\\\/henergylab.com\\\/wp-content\\\/uploads\\\/2025\\\/11\\\/IMG_20250126_165910-scaled-e1762220606662.jpg\",\"contentUrl\":\"https:\\\/\\\/henergylab.com\\\/wp-content\\\/uploads\\\/2025\\\/11\\\/IMG_20250126_165910-scaled-e1762220606662.jpg\",\"width\":1152,\"height\":1152,\"caption\":\"filter: 0; jpegRotation: 0; fileterIntensity: 0.000000; filterMask: 0; module:1facing:0; hw-remosaic: 0; touch: (-1.0, -1.0); modeInfo: ; sceneMode: Night; cct_value: 0; AI_Scene: (-1, -1); aec_lux: 0.0; hist255: 0.0; hist252~255: 0.0; hist0~15: 0.0;\"},{\"@type\":\"BreadcrumbList\",\"@id\":\"https:\\\/\\\/henergylab.com\\\/fr\\\/produit\\\/scalar-vortex-cone\\\/#breadcrumb\",\"itemListElement\":[{\"@type\":\"ListItem\",\"position\":1,\"name\":\"Home\",\"item\":\"https:\\\/\\\/henergylab.com\\\/fr\\\/\"},{\"@type\":\"ListItem\",\"position\":2,\"name\":\"Shop\",\"item\":\"https:\\\/\\\/henergylab.com\\\/negozio\\\/\"},{\"@type\":\"ListItem\",\"position\":3,\"name\":\"Scalar Vortex Cone\"}]},{\"@type\":\"WebSite\",\"@id\":\"https:\\\/\\\/henergylab.com\\\/fr\\\/#website\",\"url\":\"https:\\\/\\\/henergylab.com\\\/fr\\\/\",\"name\":\"henergylab\",\"description\":\"\",\"publisher\":{\"@id\":\"https:\\\/\\\/henergylab.com\\\/fr\\\/#organization\"},\"potentialAction\":[{\"@type\":\"SearchAction\",\"target\":{\"@type\":\"EntryPoint\",\"urlTemplate\":\"https:\\\/\\\/henergylab.com\\\/fr\\\/?s={search_term_string}\"},\"query-input\":{\"@type\":\"PropertyValueSpecification\",\"valueRequired\":true,\"valueName\":\"search_term_string\"}}],\"inLanguage\":\"fr-FR\"},{\"@type\":\"Organization\",\"@id\":\"https:\\\/\\\/henergylab.com\\\/fr\\\/#organization\",\"name\":\"HEN\",\"url\":\"https:\\\/\\\/henergylab.com\\\/fr\\\/\",\"logo\":{\"@type\":\"ImageObject\",\"inLanguage\":\"fr-FR\",\"@id\":\"https:\\\/\\\/henergylab.com\\\/fr\\\/#\\\/schema\\\/logo\\\/image\\\/\",\"url\":\"https:\\\/\\\/henergylab.com\\\/wp-content\\\/uploads\\\/2025\\\/07\\\/Henergylab-logo-scritta-nera-1.png\",\"contentUrl\":\"https:\\\/\\\/henergylab.com\\\/wp-content\\\/uploads\\\/2025\\\/07\\\/Henergylab-logo-scritta-nera-1.png\",\"width\":128,\"height\":128,\"caption\":\"HEN\"},\"image\":{\"@id\":\"https:\\\/\\\/henergylab.com\\\/fr\\\/#\\\/schema\\\/logo\\\/image\\\/\"}}]}<\/script>\n<!-- \/ Yoast SEO plugin. -->","yoast_head_json":{"title":"Scalar Vortex Cone - HEN","description":"Dispositivo che integra una Bobina Rodin Coil, Orgonite e un Tensor RIng, modulando armoniosamente i campi energetici sottili nelle loro diverse componenti.","robots":{"index":"index","follow":"follow","max-snippet":"max-snippet:-1","max-image-preview":"max-image-preview:large","max-video-preview":"max-video-preview:-1"},"canonical":"https:\/\/henergylab.com\/fr\/produit\/scalar-vortex-cone\/","og_locale":"fr_FR","og_type":"article","og_title":"Scalar Vortex Cone - HEN","og_description":"Dispositivo che integra una Bobina Rodin Coil, Orgonite e un Tensor RIng, modulando armoniosamente i campi energetici sottili nelle loro diverse componenti.","og_url":"https:\/\/henergylab.com\/fr\/produit\/scalar-vortex-cone\/","og_site_name":"HEN","article_modified_time":"2025-11-21T22:56:24+00:00","og_image":[{"width":1152,"height":1152,"url":"https:\/\/henergylab.com\/wp-content\/uploads\/2025\/11\/IMG_20250126_165910-scaled-e1762220606662.jpg","type":"image\/jpeg"}],"twitter_card":"summary_large_image","twitter_misc":{"Dur\u00e9e de lecture estim\u00e9e":"1 minute"},"schema":{"@context":"https:\/\/schema.org","@graph":[{"@type":"WebPage","@id":"https:\/\/henergylab.com\/fr\/produit\/scalar-vortex-cone\/","url":"https:\/\/henergylab.com\/fr\/produit\/scalar-vortex-cone\/","name":"Scalar Vortex Cone - HEN","isPartOf":{"@id":"https:\/\/henergylab.com\/fr\/#website"},"primaryImageOfPage":{"@id":"https:\/\/henergylab.com\/fr\/produit\/scalar-vortex-cone\/#primaryimage"},"image":{"@id":"https:\/\/henergylab.com\/fr\/produit\/scalar-vortex-cone\/#primaryimage"},"thumbnailUrl":"https:\/\/henergylab.com\/wp-content\/uploads\/2025\/11\/IMG_20250126_165910-scaled-e1762220606662.jpg","datePublished":"2025-02-11T23:56:45+00:00","dateModified":"2025-11-21T22:56:24+00:00","description":"Dispositivo che integra una Bobina Rodin Coil, Orgonite e un Tensor RIng, modulando armoniosamente i campi energetici sottili nelle loro diverse componenti.","breadcrumb":{"@id":"https:\/\/henergylab.com\/fr\/produit\/scalar-vortex-cone\/#breadcrumb"},"inLanguage":"fr-FR","potentialAction":[{"@type":"ReadAction","target":["https:\/\/henergylab.com\/fr\/produit\/scalar-vortex-cone\/"]}]},{"@type":"ImageObject","inLanguage":"fr-FR","@id":"https:\/\/henergylab.com\/fr\/produit\/scalar-vortex-cone\/#primaryimage","url":"https:\/\/henergylab.com\/wp-content\/uploads\/2025\/11\/IMG_20250126_165910-scaled-e1762220606662.jpg","contentUrl":"https:\/\/henergylab.com\/wp-content\/uploads\/2025\/11\/IMG_20250126_165910-scaled-e1762220606662.jpg","width":1152,"height":1152,"caption":"filter: 0; jpegRotation: 0; fileterIntensity: 0.000000; filterMask: 0; module:1facing:0; hw-remosaic: 0; touch: (-1.0, -1.0); modeInfo: ; sceneMode: Night; cct_value: 0; AI_Scene: (-1, -1); aec_lux: 0.0; hist255: 0.0; hist252~255: 0.0; hist0~15: 0.0;"},{"@type":"BreadcrumbList","@id":"https:\/\/henergylab.com\/fr\/produit\/scalar-vortex-cone\/#breadcrumb","itemListElement":[{"@type":"ListItem","position":1,"name":"Home","item":"https:\/\/henergylab.com\/fr\/"},{"@type":"ListItem","position":2,"name":"Shop","item":"https:\/\/henergylab.com\/negozio\/"},{"@type":"ListItem","position":3,"name":"Scalar Vortex Cone"}]},{"@type":"WebSite","@id":"https:\/\/henergylab.com\/fr\/#website","url":"https:\/\/henergylab.com\/fr\/","name":"henergylab","description":"","publisher":{"@id":"https:\/\/henergylab.com\/fr\/#organization"},"potentialAction":[{"@type":"SearchAction","target":{"@type":"EntryPoint","urlTemplate":"https:\/\/henergylab.com\/fr\/?s={search_term_string}"},"query-input":{"@type":"PropertyValueSpecification","valueRequired":true,"valueName":"search_term_string"}}],"inLanguage":"fr-FR"},{"@type":"Organization","@id":"https:\/\/henergylab.com\/fr\/#organization","name":"HEN","url":"https:\/\/henergylab.com\/fr\/","logo":{"@type":"ImageObject","inLanguage":"fr-FR","@id":"https:\/\/henergylab.com\/fr\/#\/schema\/logo\/image\/","url":"https:\/\/henergylab.com\/wp-content\/uploads\/2025\/07\/Henergylab-logo-scritta-nera-1.png","contentUrl":"https:\/\/henergylab.com\/wp-content\/uploads\/2025\/07\/Henergylab-logo-scritta-nera-1.png","width":128,"height":128,"caption":"HEN"},"image":{"@id":"https:\/\/henergylab.com\/fr\/#\/schema\/logo\/image\/"}}]}},"_links":{"self":[{"href":"https:\/\/henergylab.com\/fr\/wp-json\/wp\/v2\/product\/4104","targetHints":{"allow":["GET"]}}],"collection":[{"href":"https:\/\/henergylab.com\/fr\/wp-json\/wp\/v2\/product"}],"about":[{"href":"https:\/\/henergylab.com\/fr\/wp-json\/wp\/v2\/types\/product"}],"replies":[{"embeddable":true,"href":"https:\/\/henergylab.com\/fr\/wp-json\/wp\/v2\/comments?post=4104"}],"wp:featuredmedia":[{"embeddable":true,"href":"https:\/\/henergylab.com\/fr\/wp-json\/wp\/v2\/media\/4955"}],"wp:attachment":[{"href":"https:\/\/henergylab.com\/fr\/wp-json\/wp\/v2\/media?parent=4104"}],"wp:term":[{"taxonomy":"product_brand","embeddable":true,"href":"https:\/\/henergylab.com\/fr\/wp-json\/wp\/v2\/product_brand?post=4104"},{"taxonomy":"product_cat","embeddable":true,"href":"https:\/\/henergylab.com\/fr\/wp-json\/wp\/v2\/product_cat?post=4104"},{"taxonomy":"product_tag","embeddable":true,"href":"https:\/\/henergylab.com\/fr\/wp-json\/wp\/v2\/product_tag?post=4104"}],"curies":[{"name":"wp","href":"https:\/\/api.w.org\/{rel}","templated":true}]}}