{"id":4122,"date":"2025-02-12T00:50:37","date_gmt":"2025-02-12T00:50:37","guid":{"rendered":"https:\/\/henergylab.com\/product\/hen-coil-3\/"},"modified":"2025-11-02T01:08:43","modified_gmt":"2025-11-02T01:08:43","slug":"hen-coil-3","status":"publish","type":"product","link":"https:\/\/henergylab.com\/fr\/produit\/hen-coil-3\/","title":{"rendered":"HEN Coil 3"},"content":{"rendered":"<h3 class=\"western\">Bobine HEN 3 \u2013 Bobine PEMF Vortex, Bien-\u00eatre \u00e9nerg\u00e9tique par les fr\u00e9quences subtiles<\/h3>\n<h3 class=\"western\">Caract\u00e9ristiques principales :<\/h3>\n<p><b>Bobine PEMF toro\u00efdale<\/b> \u00e0 deux canaux, entr\u00e9e BNC<\/p>\n<p><b>Conception vortex<\/b> pour les ondes scalaires et les champs d&rsquo;\u00e9nergie subtile<\/p>\n<p>Compatible avec les <b>g\u00e9n\u00e9rateurs de fr\u00e9quences<\/b> (ex. : Spooky2)<\/p>\n<p><b>Diam\u00e8tre : 26 cm \u2013 Poids : 6 kg \u2013 R\u00e9sistance : ~23 ohms\/canal<\/b><\/p>\n<p>Fonctionne \u00e9galement avec des <b>amplificateurs audio d&rsquo;au moins 50 W<\/b> (via Bluetooth ou AUX).<\/p>\n<h3 class=\"western\">Description<\/h3>\n<p>La bobine <b>HEN<\/b><b>Coil <\/b><b>3 <\/b>est une bobine PEMF (Champ \u00e9lectromagn\u00e9tique puls\u00e9) con\u00e7ue selon les principes des <b>math\u00e9matiques vortex<\/b>, une g\u00e9om\u00e9trie qui refl\u00e8te la structure m\u00eame de l&rsquo;univers. Gr\u00e2ce \u00e0 sa bobine toro\u00efdale unique, elle g\u00e9n\u00e8re des <b>ondes scalaires et des champs d&rsquo;\u00e9nergie subtile<\/b>, capables d&rsquo;interagir avec <b>les niveaux les plus profonds du corps humain<\/b> : \u00e9th\u00e9rique, \u00e9nerg\u00e9tique et cellulaire.<\/p>\n<p>Le champ magn\u00e9tique produit se synchronise avec le champ subtil accumul\u00e9. Gr\u00e2ce \u00e0 l&rsquo;orgonite toro\u00efdale, la bobine HEN Coil 3 g\u00e9n\u00e8re une synergie unique entre \u00e9nergie physique et subtile. C&rsquo;est ce qui en fait un outil puissant pour transmettre des fr\u00e9quences en profondeur, au-del\u00e0 du plan purement physique.<\/p>\n<h3 class=\"western\">Effets b\u00e9n\u00e9fiques<\/h3>\n<p>Les bienfaits de la th\u00e9rapie Rife, ou PEMF, appliqu\u00e9e par champs \u00e9lectromagn\u00e9tiques, sont bien connus\u00a0:<\/p>\n<p><b>Stimulation cellulaire<\/b>\u00a0: Am\u00e9liore la sant\u00e9 cellulaire et la r\u00e9g\u00e9n\u00e9ration tissulaire.<\/p>\n<p><b>Am\u00e9lioration de la circulation<\/b>\u00a0: Favorise une circulation sanguine optimale.<\/p>\n<p><b>Relaxation et soulagement de la douleur<\/b>\u00a0: R\u00e9duit les tensions musculaires et favorise la relaxation.<\/p>\n<p><b>Bien-\u00eatre g\u00e9n\u00e9ral\u00a0<\/b>: Favorise l&rsquo;\u00e9quilibre \u00e9nerg\u00e9tique et le bien-\u00eatre psychophysique gr\u00e2ce \u00e0 l&rsquo;interaction avec les champs subtils du corps.<\/p>\n<p><b>\u00c9limination des agents pathog\u00e8nes<\/b>\u00a0: L&rsquo;utilisation de la th\u00e9rapie Rife, ou de fr\u00e9quences sp\u00e9cifiques, fruit de d\u00e9cennies de recherche et d&rsquo;exp\u00e9rimentation, permet l&rsquo;\u00e9limination s\u00e9lective des virus, bact\u00e9ries et autres agents pathog\u00e8nes par r\u00e9sonance via les ondes \u00e9lectromagn\u00e9tiques.<\/p>\n<p>Pour une utilisation optimale du HENcoil 3, il est conseill\u00e9 d&rsquo;utiliser un amplificateur audio d&rsquo;une puissance minimale de 50 watts, voire plus. L&rsquo;id\u00e9al serait qu&rsquo;il soit \u00e9quip\u00e9 du Bluetooth ou d&rsquo;une entr\u00e9e auxiliaire, permettant ainsi de tout contr\u00f4ler depuis votre smartphone gr\u00e2ce \u00e0 une application de g\u00e9n\u00e9rateur de fr\u00e9quences, \u00e9galement compatible avec des g\u00e9n\u00e9rateurs comme le SPooky2.<\/p>\n<h3 class=\"western\">Avertissements<\/h3>\n<p>Ne pas utiliser en pr\u00e9sence de <b>stimulateurs cardiaques ou de dispositifs m\u00e9dicaux implant\u00e9s sensibles aux champs \u00e9lectromagn\u00e9tiques<\/b>.<\/p>\n<p>Cet appareil est destin\u00e9 \u00e0 des fins <b>exp\u00e9rimentales<\/b> et de <b>bien-\u00eatre personnel<\/b>. Il ne s&rsquo;agit pas d&rsquo;un dispositif m\u00e9dical et<b> il ne remplace en aucun cas un diagnostic ou un traitement.<\/b><\/p>\n","protected":false},"excerpt":{"rendered":"<p>Bobine PEMF toro\u00efdal avec deux entr\u00e9es BNC, diam\u00e8tre 26 cm, poids 6 kg.<\/p>\n<p>&nbsp;<\/p>\n<p>&nbsp;<\/p>\n","protected":false},"featured_media":4127,"comment_status":"open","ping_status":"closed","template":"","meta":{"ocean_post_layout":"","ocean_both_sidebars_style":"","ocean_both_sidebars_content_width":0,"ocean_both_sidebars_sidebars_width":0,"ocean_sidebar":"0","ocean_second_sidebar":"0","ocean_disable_margins":"enable","ocean_add_body_class":"","ocean_shortcode_before_top_bar":"","ocean_shortcode_after_top_bar":"","ocean_shortcode_before_header":"","ocean_shortcode_after_header":"","ocean_has_shortcode":"","ocean_shortcode_after_title":"","ocean_shortcode_before_footer_widgets":"","ocean_shortcode_after_footer_widgets":"","ocean_shortcode_before_footer_bottom":"","ocean_shortcode_after_footer_bottom":"","ocean_display_top_bar":"default","ocean_display_header":"default","ocean_header_style":"","ocean_center_header_left_menu":"0","ocean_custom_header_template":"0","ocean_custom_logo":0,"ocean_custom_retina_logo":0,"ocean_custom_logo_max_width":0,"ocean_custom_logo_tablet_max_width":0,"ocean_custom_logo_mobile_max_width":0,"ocean_custom_logo_max_height":0,"ocean_custom_logo_tablet_max_height":0,"ocean_custom_logo_mobile_max_height":0,"ocean_header_custom_menu":"0","ocean_menu_typo_font_family":"0","ocean_menu_typo_font_subset":"","ocean_menu_typo_font_size":0,"ocean_menu_typo_font_size_tablet":0,"ocean_menu_typo_font_size_mobile":0,"ocean_menu_typo_font_size_unit":"px","ocean_menu_typo_font_weight":"","ocean_menu_typo_font_weight_tablet":"","ocean_menu_typo_font_weight_mobile":"","ocean_menu_typo_transform":"","ocean_menu_typo_transform_tablet":"","ocean_menu_typo_transform_mobile":"","ocean_menu_typo_line_height":0,"ocean_menu_typo_line_height_tablet":0,"ocean_menu_typo_line_height_mobile":0,"ocean_menu_typo_line_height_unit":"","ocean_menu_typo_spacing":0,"ocean_menu_typo_spacing_tablet":0,"ocean_menu_typo_spacing_mobile":0,"ocean_menu_typo_spacing_unit":"","ocean_menu_link_color":"","ocean_menu_link_color_hover":"","ocean_menu_link_color_active":"","ocean_menu_link_background":"","ocean_menu_link_hover_background":"","ocean_menu_link_active_background":"","ocean_menu_social_links_bg":"","ocean_menu_social_hover_links_bg":"","ocean_menu_social_links_color":"","ocean_menu_social_hover_links_color":"","ocean_disable_title":"default","ocean_disable_heading":"default","ocean_post_title":"Harmony Coil 3","ocean_post_subheading":"","ocean_post_title_style":"","ocean_post_title_background_color":"","ocean_post_title_background":0,"ocean_post_title_bg_image_position":"","ocean_post_title_bg_image_attachment":"","ocean_post_title_bg_image_repeat":"","ocean_post_title_bg_image_size":"","ocean_post_title_height":0,"ocean_post_title_bg_overlay":0.5,"ocean_post_title_bg_overlay_color":"","ocean_disable_breadcrumbs":"default","ocean_breadcrumbs_color":"","ocean_breadcrumbs_separator_color":"","ocean_breadcrumbs_links_color":"","ocean_breadcrumbs_links_hover_color":"","ocean_display_footer_widgets":"default","ocean_display_footer_bottom":"default","ocean_custom_footer_template":"0","_glsr_average":0,"_glsr_ranking":0,"_glsr_reviews":0},"product_brand":[],"product_cat":[105],"product_tag":[],"class_list":{"0":"post-4122","1":"product","2":"type-product","3":"status-publish","4":"has-post-thumbnail","6":"product_cat-hencoils","8":"entry","9":"has-media","11":"first","12":"instock","13":"taxable","14":"shipping-taxable","15":"purchasable","16":"product-type-simple","17":"add-to-wishlist-after_add_to_cart","18":"has-rating","19":"has-product-nav","20":"col","21":"span_1_of_3","22":"owp-content-center","23":"owp-thumbs-layout-vertical","24":"owp-btn-normal","25":"owp-tabs-layout-horizontal"},"yoast_head":"<!-- This site is optimized with the Yoast SEO plugin v27.4 - https:\/\/yoast.com\/product\/yoast-seo-wordpress\/ -->\n<title>Bobine HEN 3 \u2013 Bien-\u00eatre par les ondes scalaires et les fr\u00e9quences subtiles<\/title>\n<meta name=\"description\" content=\"Bobine d&#039;ondes scalaires PEMF HenCoil 3\u00a0: D\u00e9couvrez les bienfaits des ondes \u00e9lectromagn\u00e9tiques combin\u00e9es \u00e0 de subtils champs d&#039;\u00e9nergie scalaire.\" \/>\n<meta name=\"robots\" content=\"index, follow, max-snippet:-1, max-image-preview:large, max-video-preview:-1\" \/>\n<link rel=\"canonical\" href=\"https:\/\/henergylab.com\/fr\/produit\/hen-coil-3\/\" \/>\n<meta property=\"og:locale\" content=\"fr_FR\" \/>\n<meta property=\"og:type\" content=\"article\" \/>\n<meta property=\"og:title\" content=\"Bobine HEN 3 \u2013 Bien-\u00eatre par les ondes scalaires et les fr\u00e9quences subtiles\" \/>\n<meta property=\"og:description\" content=\"Bobine d&#039;ondes scalaires PEMF HenCoil 3\u00a0: D\u00e9couvrez les bienfaits des ondes \u00e9lectromagn\u00e9tiques combin\u00e9es \u00e0 de subtils champs d&#039;\u00e9nergie scalaire.\" \/>\n<meta property=\"og:url\" content=\"https:\/\/henergylab.com\/fr\/produit\/hen-coil-3\/\" \/>\n<meta property=\"og:site_name\" content=\"HEN\" \/>\n<meta property=\"article:modified_time\" content=\"2025-11-02T01:08:43+00:00\" \/>\n<meta property=\"og:image\" content=\"https:\/\/henergylab.com\/wp-content\/uploads\/2025\/02\/Coil26-black3.jpg\" \/>\n\t<meta property=\"og:image:width\" content=\"1932\" \/>\n\t<meta property=\"og:image:height\" content=\"1932\" \/>\n\t<meta property=\"og:image:type\" content=\"image\/jpeg\" \/>\n<meta name=\"twitter:card\" content=\"summary_large_image\" \/>\n<meta name=\"twitter:label1\" content=\"Dur\u00e9e de lecture estim\u00e9e\" \/>\n\t<meta name=\"twitter:data1\" content=\"2 minutes\" \/>\n<script type=\"application\/ld+json\" class=\"yoast-schema-graph\">{\"@context\":\"https:\\\/\\\/schema.org\",\"@graph\":[{\"@type\":\"WebPage\",\"@id\":\"https:\\\/\\\/henergylab.com\\\/fr\\\/produit\\\/hen-coil-3\\\/\",\"url\":\"https:\\\/\\\/henergylab.com\\\/fr\\\/produit\\\/hen-coil-3\\\/\",\"name\":\"Bobine HEN 3 \u2013 Bien-\u00eatre par les ondes scalaires et les fr\u00e9quences subtiles\",\"isPartOf\":{\"@id\":\"https:\\\/\\\/henergylab.com\\\/fr\\\/#website\"},\"primaryImageOfPage\":{\"@id\":\"https:\\\/\\\/henergylab.com\\\/fr\\\/produit\\\/hen-coil-3\\\/#primaryimage\"},\"image\":{\"@id\":\"https:\\\/\\\/henergylab.com\\\/fr\\\/produit\\\/hen-coil-3\\\/#primaryimage\"},\"thumbnailUrl\":\"https:\\\/\\\/henergylab.com\\\/wp-content\\\/uploads\\\/2025\\\/02\\\/Coil26-black3.jpg\",\"datePublished\":\"2025-02-12T00:50:37+00:00\",\"dateModified\":\"2025-11-02T01:08:43+00:00\",\"description\":\"Bobine d'ondes scalaires PEMF HenCoil 3\u00a0: D\u00e9couvrez les bienfaits des ondes \u00e9lectromagn\u00e9tiques combin\u00e9es \u00e0 de subtils champs d'\u00e9nergie scalaire.\",\"breadcrumb\":{\"@id\":\"https:\\\/\\\/henergylab.com\\\/fr\\\/produit\\\/hen-coil-3\\\/#breadcrumb\"},\"inLanguage\":\"fr-FR\",\"potentialAction\":[{\"@type\":\"ReadAction\",\"target\":[\"https:\\\/\\\/henergylab.com\\\/fr\\\/produit\\\/hen-coil-3\\\/\"]}]},{\"@type\":\"ImageObject\",\"inLanguage\":\"fr-FR\",\"@id\":\"https:\\\/\\\/henergylab.com\\\/fr\\\/produit\\\/hen-coil-3\\\/#primaryimage\",\"url\":\"https:\\\/\\\/henergylab.com\\\/wp-content\\\/uploads\\\/2025\\\/02\\\/Coil26-black3.jpg\",\"contentUrl\":\"https:\\\/\\\/henergylab.com\\\/wp-content\\\/uploads\\\/2025\\\/02\\\/Coil26-black3.jpg\",\"width\":1932,\"height\":1932,\"caption\":\"Hencoil3 Rodin coil \u00e9nergie scalaire\"},{\"@type\":\"BreadcrumbList\",\"@id\":\"https:\\\/\\\/henergylab.com\\\/fr\\\/produit\\\/hen-coil-3\\\/#breadcrumb\",\"itemListElement\":[{\"@type\":\"ListItem\",\"position\":1,\"name\":\"Home\",\"item\":\"https:\\\/\\\/henergylab.com\\\/fr\\\/\"},{\"@type\":\"ListItem\",\"position\":2,\"name\":\"Shop\",\"item\":\"https:\\\/\\\/henergylab.com\\\/negozio\\\/\"},{\"@type\":\"ListItem\",\"position\":3,\"name\":\"HEN Coil 3\"}]},{\"@type\":\"WebSite\",\"@id\":\"https:\\\/\\\/henergylab.com\\\/fr\\\/#website\",\"url\":\"https:\\\/\\\/henergylab.com\\\/fr\\\/\",\"name\":\"henergylab\",\"description\":\"\",\"publisher\":{\"@id\":\"https:\\\/\\\/henergylab.com\\\/fr\\\/#organization\"},\"potentialAction\":[{\"@type\":\"SearchAction\",\"target\":{\"@type\":\"EntryPoint\",\"urlTemplate\":\"https:\\\/\\\/henergylab.com\\\/fr\\\/?s={search_term_string}\"},\"query-input\":{\"@type\":\"PropertyValueSpecification\",\"valueRequired\":true,\"valueName\":\"search_term_string\"}}],\"inLanguage\":\"fr-FR\"},{\"@type\":\"Organization\",\"@id\":\"https:\\\/\\\/henergylab.com\\\/fr\\\/#organization\",\"name\":\"HEN\",\"url\":\"https:\\\/\\\/henergylab.com\\\/fr\\\/\",\"logo\":{\"@type\":\"ImageObject\",\"inLanguage\":\"fr-FR\",\"@id\":\"https:\\\/\\\/henergylab.com\\\/fr\\\/#\\\/schema\\\/logo\\\/image\\\/\",\"url\":\"https:\\\/\\\/henergylab.com\\\/wp-content\\\/uploads\\\/2025\\\/07\\\/Henergylab-logo-scritta-nera-1.png\",\"contentUrl\":\"https:\\\/\\\/henergylab.com\\\/wp-content\\\/uploads\\\/2025\\\/07\\\/Henergylab-logo-scritta-nera-1.png\",\"width\":128,\"height\":128,\"caption\":\"HEN\"},\"image\":{\"@id\":\"https:\\\/\\\/henergylab.com\\\/fr\\\/#\\\/schema\\\/logo\\\/image\\\/\"}}]}<\/script>\n<!-- \/ Yoast SEO plugin. -->","yoast_head_json":{"title":"Bobine HEN 3 \u2013 Bien-\u00eatre par les ondes scalaires et les fr\u00e9quences subtiles","description":"Bobine d'ondes scalaires PEMF HenCoil 3\u00a0: D\u00e9couvrez les bienfaits des ondes \u00e9lectromagn\u00e9tiques combin\u00e9es \u00e0 de subtils champs d'\u00e9nergie scalaire.","robots":{"index":"index","follow":"follow","max-snippet":"max-snippet:-1","max-image-preview":"max-image-preview:large","max-video-preview":"max-video-preview:-1"},"canonical":"https:\/\/henergylab.com\/fr\/produit\/hen-coil-3\/","og_locale":"fr_FR","og_type":"article","og_title":"Bobine HEN 3 \u2013 Bien-\u00eatre par les ondes scalaires et les fr\u00e9quences subtiles","og_description":"Bobine d'ondes scalaires PEMF HenCoil 3\u00a0: D\u00e9couvrez les bienfaits des ondes \u00e9lectromagn\u00e9tiques combin\u00e9es \u00e0 de subtils champs d'\u00e9nergie scalaire.","og_url":"https:\/\/henergylab.com\/fr\/produit\/hen-coil-3\/","og_site_name":"HEN","article_modified_time":"2025-11-02T01:08:43+00:00","og_image":[{"width":1932,"height":1932,"url":"https:\/\/henergylab.com\/wp-content\/uploads\/2025\/02\/Coil26-black3.jpg","type":"image\/jpeg"}],"twitter_card":"summary_large_image","twitter_misc":{"Dur\u00e9e de lecture estim\u00e9e":"2 minutes"},"schema":{"@context":"https:\/\/schema.org","@graph":[{"@type":"WebPage","@id":"https:\/\/henergylab.com\/fr\/produit\/hen-coil-3\/","url":"https:\/\/henergylab.com\/fr\/produit\/hen-coil-3\/","name":"Bobine HEN 3 \u2013 Bien-\u00eatre par les ondes scalaires et les fr\u00e9quences subtiles","isPartOf":{"@id":"https:\/\/henergylab.com\/fr\/#website"},"primaryImageOfPage":{"@id":"https:\/\/henergylab.com\/fr\/produit\/hen-coil-3\/#primaryimage"},"image":{"@id":"https:\/\/henergylab.com\/fr\/produit\/hen-coil-3\/#primaryimage"},"thumbnailUrl":"https:\/\/henergylab.com\/wp-content\/uploads\/2025\/02\/Coil26-black3.jpg","datePublished":"2025-02-12T00:50:37+00:00","dateModified":"2025-11-02T01:08:43+00:00","description":"Bobine d'ondes scalaires PEMF HenCoil 3\u00a0: D\u00e9couvrez les bienfaits des ondes \u00e9lectromagn\u00e9tiques combin\u00e9es \u00e0 de subtils champs d'\u00e9nergie scalaire.","breadcrumb":{"@id":"https:\/\/henergylab.com\/fr\/produit\/hen-coil-3\/#breadcrumb"},"inLanguage":"fr-FR","potentialAction":[{"@type":"ReadAction","target":["https:\/\/henergylab.com\/fr\/produit\/hen-coil-3\/"]}]},{"@type":"ImageObject","inLanguage":"fr-FR","@id":"https:\/\/henergylab.com\/fr\/produit\/hen-coil-3\/#primaryimage","url":"https:\/\/henergylab.com\/wp-content\/uploads\/2025\/02\/Coil26-black3.jpg","contentUrl":"https:\/\/henergylab.com\/wp-content\/uploads\/2025\/02\/Coil26-black3.jpg","width":1932,"height":1932,"caption":"Hencoil3 Rodin coil \u00e9nergie scalaire"},{"@type":"BreadcrumbList","@id":"https:\/\/henergylab.com\/fr\/produit\/hen-coil-3\/#breadcrumb","itemListElement":[{"@type":"ListItem","position":1,"name":"Home","item":"https:\/\/henergylab.com\/fr\/"},{"@type":"ListItem","position":2,"name":"Shop","item":"https:\/\/henergylab.com\/negozio\/"},{"@type":"ListItem","position":3,"name":"HEN Coil 3"}]},{"@type":"WebSite","@id":"https:\/\/henergylab.com\/fr\/#website","url":"https:\/\/henergylab.com\/fr\/","name":"henergylab","description":"","publisher":{"@id":"https:\/\/henergylab.com\/fr\/#organization"},"potentialAction":[{"@type":"SearchAction","target":{"@type":"EntryPoint","urlTemplate":"https:\/\/henergylab.com\/fr\/?s={search_term_string}"},"query-input":{"@type":"PropertyValueSpecification","valueRequired":true,"valueName":"search_term_string"}}],"inLanguage":"fr-FR"},{"@type":"Organization","@id":"https:\/\/henergylab.com\/fr\/#organization","name":"HEN","url":"https:\/\/henergylab.com\/fr\/","logo":{"@type":"ImageObject","inLanguage":"fr-FR","@id":"https:\/\/henergylab.com\/fr\/#\/schema\/logo\/image\/","url":"https:\/\/henergylab.com\/wp-content\/uploads\/2025\/07\/Henergylab-logo-scritta-nera-1.png","contentUrl":"https:\/\/henergylab.com\/wp-content\/uploads\/2025\/07\/Henergylab-logo-scritta-nera-1.png","width":128,"height":128,"caption":"HEN"},"image":{"@id":"https:\/\/henergylab.com\/fr\/#\/schema\/logo\/image\/"}}]}},"_links":{"self":[{"href":"https:\/\/henergylab.com\/fr\/wp-json\/wp\/v2\/product\/4122","targetHints":{"allow":["GET"]}}],"collection":[{"href":"https:\/\/henergylab.com\/fr\/wp-json\/wp\/v2\/product"}],"about":[{"href":"https:\/\/henergylab.com\/fr\/wp-json\/wp\/v2\/types\/product"}],"replies":[{"embeddable":true,"href":"https:\/\/henergylab.com\/fr\/wp-json\/wp\/v2\/comments?post=4122"}],"wp:featuredmedia":[{"embeddable":true,"href":"https:\/\/henergylab.com\/fr\/wp-json\/wp\/v2\/media\/4127"}],"wp:attachment":[{"href":"https:\/\/henergylab.com\/fr\/wp-json\/wp\/v2\/media?parent=4122"}],"wp:term":[{"taxonomy":"product_brand","embeddable":true,"href":"https:\/\/henergylab.com\/fr\/wp-json\/wp\/v2\/product_brand?post=4122"},{"taxonomy":"product_cat","embeddable":true,"href":"https:\/\/henergylab.com\/fr\/wp-json\/wp\/v2\/product_cat?post=4122"},{"taxonomy":"product_tag","embeddable":true,"href":"https:\/\/henergylab.com\/fr\/wp-json\/wp\/v2\/product_tag?post=4122"}],"curies":[{"name":"wp","href":"https:\/\/api.w.org\/{rel}","templated":true}]}}