{"id":4136,"date":"2025-02-12T01:08:57","date_gmt":"2025-02-12T01:08:57","guid":{"rendered":"https:\/\/henergylab.com\/product\/pendentif-en-jaspe-rouge\/"},"modified":"2025-11-02T01:09:21","modified_gmt":"2025-11-02T01:09:21","slug":"pendentif-en-jaspe-rouge","status":"publish","type":"product","link":"https:\/\/henergylab.com\/fr\/produit\/pendentif-en-jaspe-rouge\/","title":{"rendered":"Pendentif en Jaspe Rouge"},"content":{"rendered":"<h3>Pendentif en Jaspe Rouge<\/h3>\n<p>Pendentif en orgonite dans une r\u00e9sine \u00e9poxy, compos\u00e9 de jaspe rouge, de laiton, d&rsquo;am\u00e9thyste, de quartz rose et de shungite. Ces pierres prot\u00e8gent des effets nocifs des ondes \u00e9lectromagn\u00e9tiques \u00e9mises par les t\u00e9l\u00e9phones portables et autres appareils \u00e9lectriques.<\/p>\n<p>Jaspe rouge\u00a0: Pierre de pouvoir et d&rsquo;\u00e9panouissement personnel, il aide \u00e0 prendre conscience des pr\u00e9jug\u00e9s et des tabous et \u00e0 les \u00e9liminer, apportant ancrage et solidit\u00e9, et permettant de se connecter \u00e0 la terre et \u00e0 la nature sous toutes ses formes. Il conf\u00e8re force, courage, d\u00e9termination, esprit d&rsquo;initiative, fortifie, renforce l&rsquo;honn\u00eatet\u00e9, stimule la confiance en soi, dissipe la culpabilit\u00e9 et ouvre \u00e0 l&rsquo;amour. Il contribue \u00e0 r\u00e9tablir et \u00e0 maintenir l&rsquo;\u00e9quilibre sexuel.<\/p>\n<p>La shungite est utilis\u00e9e en lithoth\u00e9rapie et dans les m\u00e9decines traditionnelles pour renforcer le syst\u00e8me immunitaire.<\/p>\n<p>La shungite est associ\u00e9e au chakra racine.<\/p>\n<p>Ce pendentif est orn\u00e9 d&rsquo;une spirale en laiton, dont la longueur correspond \u00e0 celle de la coud\u00e9e perdue, l&rsquo;ancienne unit\u00e9 de mesure \u00e9gyptienne, en r\u00e9sonance particuli\u00e8re avec les \u00e9nergies biophysiques de notre \u00eatre. Associ\u00e9e \u00e0 l&rsquo;am\u00e9thyste et au quartz rose, elle exerce une excellente action sur le chakra du c\u0153ur. Elle offre une protection efficace pour le quatri\u00e8me chakra, particuli\u00e8rement adapt\u00e9e aux personnes travaillant beaucoup sur ordinateur et fr\u00e9quemment expos\u00e9es \u00e0 ce type d&rsquo;\u00e9missions \u00e9lectromagn\u00e9tiques.<\/p>\n<p>Veuillez noter que les vertus th\u00e9rapeutiques de l&rsquo;orgone sont des supports spirituels et \u00e9th\u00e9riques pour la gu\u00e9rison et ne constituent en aucun cas des prescriptions ou des informations m\u00e9dicales.<\/p>\n<p>Longueur\u00a0: 6,5\u00a0cm<br \/>\nLargeur\u00a0: 2,5\u00a0cm<\/p>\n","protected":false},"excerpt":{"rendered":"<p>Jaspe rouge, laiton, am\u00e9thyste, quartz rose et shungite<\/p>\n","protected":false},"featured_media":4137,"comment_status":"open","ping_status":"closed","template":"","meta":{"ocean_post_layout":"","ocean_both_sidebars_style":"","ocean_both_sidebars_content_width":0,"ocean_both_sidebars_sidebars_width":0,"ocean_sidebar":"0","ocean_second_sidebar":"0","ocean_disable_margins":"enable","ocean_add_body_class":"","ocean_shortcode_before_top_bar":"","ocean_shortcode_after_top_bar":"","ocean_shortcode_before_header":"","ocean_shortcode_after_header":"","ocean_has_shortcode":"","ocean_shortcode_after_title":"","ocean_shortcode_before_footer_widgets":"","ocean_shortcode_after_footer_widgets":"","ocean_shortcode_before_footer_bottom":"","ocean_shortcode_after_footer_bottom":"","ocean_display_top_bar":"default","ocean_display_header":"default","ocean_header_style":"","ocean_center_header_left_menu":"0","ocean_custom_header_template":"0","ocean_custom_logo":0,"ocean_custom_retina_logo":0,"ocean_custom_logo_max_width":0,"ocean_custom_logo_tablet_max_width":0,"ocean_custom_logo_mobile_max_width":0,"ocean_custom_logo_max_height":0,"ocean_custom_logo_tablet_max_height":0,"ocean_custom_logo_mobile_max_height":0,"ocean_header_custom_menu":"0","ocean_menu_typo_font_family":"0","ocean_menu_typo_font_subset":"","ocean_menu_typo_font_size":0,"ocean_menu_typo_font_size_tablet":0,"ocean_menu_typo_font_size_mobile":0,"ocean_menu_typo_font_size_unit":"px","ocean_menu_typo_font_weight":"","ocean_menu_typo_font_weight_tablet":"","ocean_menu_typo_font_weight_mobile":"","ocean_menu_typo_transform":"","ocean_menu_typo_transform_tablet":"","ocean_menu_typo_transform_mobile":"","ocean_menu_typo_line_height":0,"ocean_menu_typo_line_height_tablet":0,"ocean_menu_typo_line_height_mobile":0,"ocean_menu_typo_line_height_unit":"","ocean_menu_typo_spacing":0,"ocean_menu_typo_spacing_tablet":0,"ocean_menu_typo_spacing_mobile":0,"ocean_menu_typo_spacing_unit":"","ocean_menu_link_color":"","ocean_menu_link_color_hover":"","ocean_menu_link_color_active":"","ocean_menu_link_background":"","ocean_menu_link_hover_background":"","ocean_menu_link_active_background":"","ocean_menu_social_links_bg":"","ocean_menu_social_hover_links_bg":"","ocean_menu_social_links_color":"","ocean_menu_social_hover_links_color":"","ocean_disable_title":"default","ocean_disable_heading":"default","ocean_post_title":"","ocean_post_subheading":"","ocean_post_title_style":"","ocean_post_title_background_color":"","ocean_post_title_background":0,"ocean_post_title_bg_image_position":"","ocean_post_title_bg_image_attachment":"","ocean_post_title_bg_image_repeat":"","ocean_post_title_bg_image_size":"","ocean_post_title_height":0,"ocean_post_title_bg_overlay":0.5,"ocean_post_title_bg_overlay_color":"","ocean_disable_breadcrumbs":"default","ocean_breadcrumbs_color":"","ocean_breadcrumbs_separator_color":"","ocean_breadcrumbs_links_color":"","ocean_breadcrumbs_links_hover_color":"","ocean_display_footer_widgets":"default","ocean_display_footer_bottom":"default","ocean_custom_footer_template":"0","_glsr_average":0,"_glsr_ranking":0,"_glsr_reviews":0},"product_brand":[],"product_cat":[104],"product_tag":[],"class_list":{"0":"post-4136","1":"product","2":"type-product","3":"status-publish","4":"has-post-thumbnail","6":"product_cat-pendentif-orgonite","8":"entry","9":"has-media","11":"first","12":"instock","13":"taxable","14":"shipping-taxable","15":"purchasable","16":"product-type-simple","17":"add-to-wishlist-after_add_to_cart","18":"has-product-nav","19":"col","20":"span_1_of_3","21":"owp-content-center","22":"owp-thumbs-layout-vertical","23":"owp-btn-normal","24":"owp-tabs-layout-horizontal","25":"has-no-thumbnails"},"yoast_head":"<!-- This site is optimized with the Yoast SEO plugin v27.4 - https:\/\/yoast.com\/product\/yoast-seo-wordpress\/ -->\n<title>Pendentif en Jaspe Rouge - HEN<\/title>\n<meta name=\"description\" content=\"Pendentif en orgonite de jaspe rouge\u00a0: force, courage, d\u00e9termination, initiative, ancrage et solidit\u00e9\" \/>\n<meta name=\"robots\" content=\"index, follow, max-snippet:-1, max-image-preview:large, max-video-preview:-1\" \/>\n<link rel=\"canonical\" href=\"https:\/\/henergylab.com\/fr\/produit\/pendentif-en-jaspe-rouge\/\" \/>\n<meta property=\"og:locale\" content=\"fr_FR\" \/>\n<meta property=\"og:type\" content=\"article\" \/>\n<meta property=\"og:title\" content=\"Pendentif en Jaspe Rouge - HEN\" \/>\n<meta property=\"og:description\" content=\"Pendentif en orgonite de jaspe rouge\u00a0: force, courage, d\u00e9termination, initiative, ancrage et solidit\u00e9\" \/>\n<meta property=\"og:url\" content=\"https:\/\/henergylab.com\/fr\/produit\/pendentif-en-jaspe-rouge\/\" \/>\n<meta property=\"og:site_name\" content=\"HEN\" \/>\n<meta property=\"article:modified_time\" content=\"2025-11-02T01:09:21+00:00\" \/>\n<meta property=\"og:image\" content=\"https:\/\/henergylab.com\/wp-content\/uploads\/2025\/02\/red-jasper.webp\" \/>\n\t<meta property=\"og:image:width\" content=\"1200\" \/>\n\t<meta property=\"og:image:height\" content=\"1189\" \/>\n\t<meta property=\"og:image:type\" content=\"image\/webp\" \/>\n<meta name=\"twitter:card\" content=\"summary_large_image\" \/>\n<meta name=\"twitter:label1\" content=\"Dur\u00e9e de lecture estim\u00e9e\" \/>\n\t<meta name=\"twitter:data1\" content=\"1 minute\" \/>\n<script type=\"application\/ld+json\" class=\"yoast-schema-graph\">{\"@context\":\"https:\\\/\\\/schema.org\",\"@graph\":[{\"@type\":\"WebPage\",\"@id\":\"https:\\\/\\\/henergylab.com\\\/fr\\\/produit\\\/pendentif-en-jaspe-rouge\\\/\",\"url\":\"https:\\\/\\\/henergylab.com\\\/fr\\\/produit\\\/pendentif-en-jaspe-rouge\\\/\",\"name\":\"Pendentif en Jaspe Rouge - HEN\",\"isPartOf\":{\"@id\":\"https:\\\/\\\/henergylab.com\\\/fr\\\/#website\"},\"primaryImageOfPage\":{\"@id\":\"https:\\\/\\\/henergylab.com\\\/fr\\\/produit\\\/pendentif-en-jaspe-rouge\\\/#primaryimage\"},\"image\":{\"@id\":\"https:\\\/\\\/henergylab.com\\\/fr\\\/produit\\\/pendentif-en-jaspe-rouge\\\/#primaryimage\"},\"thumbnailUrl\":\"https:\\\/\\\/henergylab.com\\\/wp-content\\\/uploads\\\/2025\\\/02\\\/red-jasper.webp\",\"datePublished\":\"2025-02-12T01:08:57+00:00\",\"dateModified\":\"2025-11-02T01:09:21+00:00\",\"description\":\"Pendentif en orgonite de jaspe rouge\u00a0: force, courage, d\u00e9termination, initiative, ancrage et solidit\u00e9\",\"breadcrumb\":{\"@id\":\"https:\\\/\\\/henergylab.com\\\/fr\\\/produit\\\/pendentif-en-jaspe-rouge\\\/#breadcrumb\"},\"inLanguage\":\"fr-FR\",\"potentialAction\":[{\"@type\":\"ReadAction\",\"target\":[\"https:\\\/\\\/henergylab.com\\\/fr\\\/produit\\\/pendentif-en-jaspe-rouge\\\/\"]}]},{\"@type\":\"ImageObject\",\"inLanguage\":\"fr-FR\",\"@id\":\"https:\\\/\\\/henergylab.com\\\/fr\\\/produit\\\/pendentif-en-jaspe-rouge\\\/#primaryimage\",\"url\":\"https:\\\/\\\/henergylab.com\\\/wp-content\\\/uploads\\\/2025\\\/02\\\/red-jasper.webp\",\"contentUrl\":\"https:\\\/\\\/henergylab.com\\\/wp-content\\\/uploads\\\/2025\\\/02\\\/red-jasper.webp\",\"width\":1200,\"height\":1189},{\"@type\":\"BreadcrumbList\",\"@id\":\"https:\\\/\\\/henergylab.com\\\/fr\\\/produit\\\/pendentif-en-jaspe-rouge\\\/#breadcrumb\",\"itemListElement\":[{\"@type\":\"ListItem\",\"position\":1,\"name\":\"Home\",\"item\":\"https:\\\/\\\/henergylab.com\\\/fr\\\/\"},{\"@type\":\"ListItem\",\"position\":2,\"name\":\"Shop\",\"item\":\"https:\\\/\\\/henergylab.com\\\/negozio\\\/\"},{\"@type\":\"ListItem\",\"position\":3,\"name\":\"Pendentif en Jaspe Rouge\"}]},{\"@type\":\"WebSite\",\"@id\":\"https:\\\/\\\/henergylab.com\\\/fr\\\/#website\",\"url\":\"https:\\\/\\\/henergylab.com\\\/fr\\\/\",\"name\":\"henergylab\",\"description\":\"\",\"publisher\":{\"@id\":\"https:\\\/\\\/henergylab.com\\\/fr\\\/#organization\"},\"potentialAction\":[{\"@type\":\"SearchAction\",\"target\":{\"@type\":\"EntryPoint\",\"urlTemplate\":\"https:\\\/\\\/henergylab.com\\\/fr\\\/?s={search_term_string}\"},\"query-input\":{\"@type\":\"PropertyValueSpecification\",\"valueRequired\":true,\"valueName\":\"search_term_string\"}}],\"inLanguage\":\"fr-FR\"},{\"@type\":\"Organization\",\"@id\":\"https:\\\/\\\/henergylab.com\\\/fr\\\/#organization\",\"name\":\"HEN\",\"url\":\"https:\\\/\\\/henergylab.com\\\/fr\\\/\",\"logo\":{\"@type\":\"ImageObject\",\"inLanguage\":\"fr-FR\",\"@id\":\"https:\\\/\\\/henergylab.com\\\/fr\\\/#\\\/schema\\\/logo\\\/image\\\/\",\"url\":\"https:\\\/\\\/henergylab.com\\\/wp-content\\\/uploads\\\/2025\\\/07\\\/Henergylab-logo-scritta-nera-1.png\",\"contentUrl\":\"https:\\\/\\\/henergylab.com\\\/wp-content\\\/uploads\\\/2025\\\/07\\\/Henergylab-logo-scritta-nera-1.png\",\"width\":128,\"height\":128,\"caption\":\"HEN\"},\"image\":{\"@id\":\"https:\\\/\\\/henergylab.com\\\/fr\\\/#\\\/schema\\\/logo\\\/image\\\/\"}}]}<\/script>\n<!-- \/ Yoast SEO plugin. -->","yoast_head_json":{"title":"Pendentif en Jaspe Rouge - HEN","description":"Pendentif en orgonite de jaspe rouge\u00a0: force, courage, d\u00e9termination, initiative, ancrage et solidit\u00e9","robots":{"index":"index","follow":"follow","max-snippet":"max-snippet:-1","max-image-preview":"max-image-preview:large","max-video-preview":"max-video-preview:-1"},"canonical":"https:\/\/henergylab.com\/fr\/produit\/pendentif-en-jaspe-rouge\/","og_locale":"fr_FR","og_type":"article","og_title":"Pendentif en Jaspe Rouge - HEN","og_description":"Pendentif en orgonite de jaspe rouge\u00a0: force, courage, d\u00e9termination, initiative, ancrage et solidit\u00e9","og_url":"https:\/\/henergylab.com\/fr\/produit\/pendentif-en-jaspe-rouge\/","og_site_name":"HEN","article_modified_time":"2025-11-02T01:09:21+00:00","og_image":[{"width":1200,"height":1189,"url":"https:\/\/henergylab.com\/wp-content\/uploads\/2025\/02\/red-jasper.webp","type":"image\/webp"}],"twitter_card":"summary_large_image","twitter_misc":{"Dur\u00e9e de lecture estim\u00e9e":"1 minute"},"schema":{"@context":"https:\/\/schema.org","@graph":[{"@type":"WebPage","@id":"https:\/\/henergylab.com\/fr\/produit\/pendentif-en-jaspe-rouge\/","url":"https:\/\/henergylab.com\/fr\/produit\/pendentif-en-jaspe-rouge\/","name":"Pendentif en Jaspe Rouge - HEN","isPartOf":{"@id":"https:\/\/henergylab.com\/fr\/#website"},"primaryImageOfPage":{"@id":"https:\/\/henergylab.com\/fr\/produit\/pendentif-en-jaspe-rouge\/#primaryimage"},"image":{"@id":"https:\/\/henergylab.com\/fr\/produit\/pendentif-en-jaspe-rouge\/#primaryimage"},"thumbnailUrl":"https:\/\/henergylab.com\/wp-content\/uploads\/2025\/02\/red-jasper.webp","datePublished":"2025-02-12T01:08:57+00:00","dateModified":"2025-11-02T01:09:21+00:00","description":"Pendentif en orgonite de jaspe rouge\u00a0: force, courage, d\u00e9termination, initiative, ancrage et solidit\u00e9","breadcrumb":{"@id":"https:\/\/henergylab.com\/fr\/produit\/pendentif-en-jaspe-rouge\/#breadcrumb"},"inLanguage":"fr-FR","potentialAction":[{"@type":"ReadAction","target":["https:\/\/henergylab.com\/fr\/produit\/pendentif-en-jaspe-rouge\/"]}]},{"@type":"ImageObject","inLanguage":"fr-FR","@id":"https:\/\/henergylab.com\/fr\/produit\/pendentif-en-jaspe-rouge\/#primaryimage","url":"https:\/\/henergylab.com\/wp-content\/uploads\/2025\/02\/red-jasper.webp","contentUrl":"https:\/\/henergylab.com\/wp-content\/uploads\/2025\/02\/red-jasper.webp","width":1200,"height":1189},{"@type":"BreadcrumbList","@id":"https:\/\/henergylab.com\/fr\/produit\/pendentif-en-jaspe-rouge\/#breadcrumb","itemListElement":[{"@type":"ListItem","position":1,"name":"Home","item":"https:\/\/henergylab.com\/fr\/"},{"@type":"ListItem","position":2,"name":"Shop","item":"https:\/\/henergylab.com\/negozio\/"},{"@type":"ListItem","position":3,"name":"Pendentif en Jaspe Rouge"}]},{"@type":"WebSite","@id":"https:\/\/henergylab.com\/fr\/#website","url":"https:\/\/henergylab.com\/fr\/","name":"henergylab","description":"","publisher":{"@id":"https:\/\/henergylab.com\/fr\/#organization"},"potentialAction":[{"@type":"SearchAction","target":{"@type":"EntryPoint","urlTemplate":"https:\/\/henergylab.com\/fr\/?s={search_term_string}"},"query-input":{"@type":"PropertyValueSpecification","valueRequired":true,"valueName":"search_term_string"}}],"inLanguage":"fr-FR"},{"@type":"Organization","@id":"https:\/\/henergylab.com\/fr\/#organization","name":"HEN","url":"https:\/\/henergylab.com\/fr\/","logo":{"@type":"ImageObject","inLanguage":"fr-FR","@id":"https:\/\/henergylab.com\/fr\/#\/schema\/logo\/image\/","url":"https:\/\/henergylab.com\/wp-content\/uploads\/2025\/07\/Henergylab-logo-scritta-nera-1.png","contentUrl":"https:\/\/henergylab.com\/wp-content\/uploads\/2025\/07\/Henergylab-logo-scritta-nera-1.png","width":128,"height":128,"caption":"HEN"},"image":{"@id":"https:\/\/henergylab.com\/fr\/#\/schema\/logo\/image\/"}}]}},"_links":{"self":[{"href":"https:\/\/henergylab.com\/fr\/wp-json\/wp\/v2\/product\/4136","targetHints":{"allow":["GET"]}}],"collection":[{"href":"https:\/\/henergylab.com\/fr\/wp-json\/wp\/v2\/product"}],"about":[{"href":"https:\/\/henergylab.com\/fr\/wp-json\/wp\/v2\/types\/product"}],"replies":[{"embeddable":true,"href":"https:\/\/henergylab.com\/fr\/wp-json\/wp\/v2\/comments?post=4136"}],"wp:featuredmedia":[{"embeddable":true,"href":"https:\/\/henergylab.com\/fr\/wp-json\/wp\/v2\/media\/4137"}],"wp:attachment":[{"href":"https:\/\/henergylab.com\/fr\/wp-json\/wp\/v2\/media?parent=4136"}],"wp:term":[{"taxonomy":"product_brand","embeddable":true,"href":"https:\/\/henergylab.com\/fr\/wp-json\/wp\/v2\/product_brand?post=4136"},{"taxonomy":"product_cat","embeddable":true,"href":"https:\/\/henergylab.com\/fr\/wp-json\/wp\/v2\/product_cat?post=4136"},{"taxonomy":"product_tag","embeddable":true,"href":"https:\/\/henergylab.com\/fr\/wp-json\/wp\/v2\/product_tag?post=4136"}],"curies":[{"name":"wp","href":"https:\/\/api.w.org\/{rel}","templated":true}]}}