{"id":4187,"date":"2025-02-15T10:25:22","date_gmt":"2025-02-15T10:25:22","guid":{"rendered":"https:\/\/henergylab.com\/product\/pendentif-en-sodalite-et-lorgonite-pour-le-chakra-de-la-gorge\/"},"modified":"2025-11-02T01:10:45","modified_gmt":"2025-11-02T01:10:45","slug":"pendentif-en-sodalite-et-lorgonite-pour-le-chakra-de-la-gorge","status":"publish","type":"product","link":"https:\/\/henergylab.com\/fr\/produit\/pendentif-en-sodalite-et-lorgonite-pour-le-chakra-de-la-gorge\/","title":{"rendered":"Pendentif en sodalite et l&rsquo;orgonite pour le chakra de la gorge"},"content":{"rendered":"<h3>Pendentif Orgone en Sodalite pour le Chakra de la Gorge<\/h3>\n<p>Ce pendentif Orgone en r\u00e9sine \u00e9poxy est compos\u00e9 de laiton, de sodalite, de kyanite, de cristaux de quartz et d&rsquo;une spirale en laiton.<\/p>\n<p>La sodalite est associ\u00e9e au chakra de la gorge et harmonise l&rsquo;\u00eatre int\u00e9rieur, ou conscience, avec le subconscient.<\/p>\n<p>Elle est tr\u00e8s utile pour le travail d&rsquo;\u00e9quipe et stimule la r\u00e9flexion. C&rsquo;est une pierre merveilleusement b\u00e9n\u00e9fique pour am\u00e9liorer la communication. Pierre de v\u00e9rit\u00e9, elle apporte l&rsquo;authenticit\u00e9 \u00e0 toute communication. Elle est particuli\u00e8rement utile pour l&rsquo;honn\u00eatet\u00e9 \u00e9motionnelle. Elle accro\u00eet l&rsquo;intelligence, les connaissances et l&rsquo;apprentissage, et unit la logique et la spiritualit\u00e9.<\/p>\n<p>Port\u00e9e r\u00e9guli\u00e8rement, la sodalite est une excellente pierre pour r\u00e9duire l&rsquo;hypertension.<\/p>\n<p>Elle est en forte r\u00e9sonance avec le chakra Vishuddha, le chakra de la gorge, et gouverne la communication, l&rsquo;intuition et la cr\u00e9ativit\u00e9.<\/p>\n<p>La kyanite est une pierre pr\u00e9cieuse qui n&rsquo;accumule pas d&rsquo;\u00e9nergie n\u00e9gative et n&rsquo;a donc jamais besoin d&rsquo;\u00eatre purifi\u00e9e\u00a0; elle agit sur les 5e et 6e chakras. La kyanite est r\u00e9put\u00e9e pour induire la tranquillit\u00e9 et le calme. Outre le fait d&rsquo;am\u00e9liorer la communication et la conscience psychique, elle facilite, amplifie et soutient la m\u00e9ditation. C&rsquo;est une pierre id\u00e9ale \u00e0 porter autour du cou, car elle a des effets b\u00e9n\u00e9fiques sur la gorge. Elle favorise une \u00e9locution plus ais\u00e9e et une expression plus claire, et peut m\u00eame faciliter l&rsquo;apprentissage d&rsquo;une nouvelle langue. Toute personne amen\u00e9e \u00e0 parler pendant de longues p\u00e9riodes tirera profit du port de la kyanite autour du cou. La kyanite est \u00e9galement utilis\u00e9e comme outil de m\u00e9ditation et de relaxation. Elle est utile pour ouvrir le chakra du troisi\u00e8me \u0153il et stimuler la cr\u00e9ativit\u00e9, \u00e9largir la perception et favoriser une meilleure compr\u00e9hension d&rsquo;autrui. On dit que la kyanite favorise la tranquillit\u00e9 et a un effet positif sur les r\u00eaves, la visualisation et la pr\u00e9voyance. Plac\u00e9e sur le cinqui\u00e8me chakra, Vishuddha (la gorge), la kyanite all\u00e8ge l&rsquo;\u00e2me et combat les sentiments de manque. La kyanite a \u00e9t\u00e9 utilis\u00e9e de diverses mani\u00e8res pour \u00e9quilibrer les chakras. On dit qu&rsquo;elle aligne tous les chakras automatiquement et instantan\u00e9ment, m\u00eame sans intervention consciente. Il peut \u00e9galement \u00eatre utilis\u00e9 pour illuminer les diff\u00e9rentes couches de l&rsquo;aura, notamment les plans astral, \u00e9th\u00e9rique, \u00e9motionnel, intellectuel et spirituel, bien que cela puisse n\u00e9cessiter une initiation consciente.<\/p>\n<p>Le quartz clair amplifie la clart\u00e9 mentale, dynamise les 5e et 6e chakras et renforce le pouvoir de captation d&rsquo;\u00e9nergie de l&rsquo;orgone.<\/p>\n<p>Le pendentif pr\u00e9sent\u00e9 est un mod\u00e8le de r\u00e9f\u00e9rence\u00a0; chaque pi\u00e8ce est unique et con\u00e7ue pour offrir une harmonie visuelle similaire \u00e0 celle de l&rsquo;exemplaire pr\u00e9sent\u00e9.<\/p>\n<p>Veuillez noter que les propri\u00e9t\u00e9s de l&rsquo;orgone constituent un soutien spirituel et \u00e9th\u00e9rique \u00e0 la gu\u00e9rison et ne repr\u00e9sentent en aucun cas des prescriptions ou des informations m\u00e9dicales.<\/p>\n<p>Longueur\u00a0: 6,5\u00a0cm<br \/>\nLargeur\u00a0: 2,5\u00a0cm<\/p>\n","protected":false},"excerpt":{"rendered":"<p>Pendentif en orgonite, bronze, sodalite et quartz<\/p>\n","protected":false},"featured_media":4188,"comment_status":"open","ping_status":"closed","template":"","meta":{"ocean_post_layout":"","ocean_both_sidebars_style":"","ocean_both_sidebars_content_width":0,"ocean_both_sidebars_sidebars_width":0,"ocean_sidebar":"0","ocean_second_sidebar":"0","ocean_disable_margins":"enable","ocean_add_body_class":"","ocean_shortcode_before_top_bar":"","ocean_shortcode_after_top_bar":"","ocean_shortcode_before_header":"","ocean_shortcode_after_header":"","ocean_has_shortcode":"","ocean_shortcode_after_title":"","ocean_shortcode_before_footer_widgets":"","ocean_shortcode_after_footer_widgets":"","ocean_shortcode_before_footer_bottom":"","ocean_shortcode_after_footer_bottom":"","ocean_display_top_bar":"default","ocean_display_header":"default","ocean_header_style":"","ocean_center_header_left_menu":"0","ocean_custom_header_template":"0","ocean_custom_logo":0,"ocean_custom_retina_logo":0,"ocean_custom_logo_max_width":0,"ocean_custom_logo_tablet_max_width":0,"ocean_custom_logo_mobile_max_width":0,"ocean_custom_logo_max_height":0,"ocean_custom_logo_tablet_max_height":0,"ocean_custom_logo_mobile_max_height":0,"ocean_header_custom_menu":"0","ocean_menu_typo_font_family":"0","ocean_menu_typo_font_subset":"","ocean_menu_typo_font_size":0,"ocean_menu_typo_font_size_tablet":0,"ocean_menu_typo_font_size_mobile":0,"ocean_menu_typo_font_size_unit":"px","ocean_menu_typo_font_weight":"","ocean_menu_typo_font_weight_tablet":"","ocean_menu_typo_font_weight_mobile":"","ocean_menu_typo_transform":"","ocean_menu_typo_transform_tablet":"","ocean_menu_typo_transform_mobile":"","ocean_menu_typo_line_height":0,"ocean_menu_typo_line_height_tablet":0,"ocean_menu_typo_line_height_mobile":0,"ocean_menu_typo_line_height_unit":"","ocean_menu_typo_spacing":0,"ocean_menu_typo_spacing_tablet":0,"ocean_menu_typo_spacing_mobile":0,"ocean_menu_typo_spacing_unit":"","ocean_menu_link_color":"","ocean_menu_link_color_hover":"","ocean_menu_link_color_active":"","ocean_menu_link_background":"","ocean_menu_link_hover_background":"","ocean_menu_link_active_background":"","ocean_menu_social_links_bg":"","ocean_menu_social_hover_links_bg":"","ocean_menu_social_links_color":"","ocean_menu_social_hover_links_color":"","ocean_disable_title":"default","ocean_disable_heading":"default","ocean_post_title":"","ocean_post_subheading":"","ocean_post_title_style":"","ocean_post_title_background_color":"","ocean_post_title_background":0,"ocean_post_title_bg_image_position":"","ocean_post_title_bg_image_attachment":"","ocean_post_title_bg_image_repeat":"","ocean_post_title_bg_image_size":"","ocean_post_title_height":0,"ocean_post_title_bg_overlay":0.5,"ocean_post_title_bg_overlay_color":"","ocean_disable_breadcrumbs":"default","ocean_breadcrumbs_color":"","ocean_breadcrumbs_separator_color":"","ocean_breadcrumbs_links_color":"","ocean_breadcrumbs_links_hover_color":"","ocean_display_footer_widgets":"default","ocean_display_footer_bottom":"default","ocean_custom_footer_template":"0","_glsr_average":0,"_glsr_ranking":0,"_glsr_reviews":0},"product_brand":[],"product_cat":[104],"product_tag":[],"class_list":{"0":"post-4187","1":"product","2":"type-product","3":"status-publish","4":"has-post-thumbnail","6":"product_cat-pendentif-orgonite","8":"entry","9":"has-media","11":"first","12":"instock","13":"taxable","14":"shipping-taxable","15":"purchasable","16":"product-type-simple","17":"add-to-wishlist-after_add_to_cart","18":"has-product-nav","19":"col","20":"span_1_of_3","21":"owp-content-center","22":"owp-thumbs-layout-vertical","23":"owp-btn-normal","24":"owp-tabs-layout-horizontal","25":"has-no-thumbnails"},"yoast_head":"<!-- This site is optimized with the Yoast SEO plugin v27.4 - https:\/\/yoast.com\/product\/yoast-seo-wordpress\/ -->\n<title>Pendentif en sodalite et l&#039;orgonite pour le chakra de la gorge - HEN<\/title>\n<meta name=\"description\" content=\"Pendentif en orgone dans de la sodalite\" \/>\n<meta name=\"robots\" content=\"index, follow, max-snippet:-1, max-image-preview:large, max-video-preview:-1\" \/>\n<link rel=\"canonical\" href=\"https:\/\/henergylab.com\/fr\/produit\/pendentif-en-sodalite-et-lorgonite-pour-le-chakra-de-la-gorge\/\" \/>\n<meta property=\"og:locale\" content=\"fr_FR\" \/>\n<meta property=\"og:type\" content=\"article\" \/>\n<meta property=\"og:title\" content=\"Pendentif en sodalite et l&#039;orgonite pour le chakra de la gorge - HEN\" \/>\n<meta property=\"og:description\" content=\"Pendentif en orgone dans de la sodalite\" \/>\n<meta property=\"og:url\" content=\"https:\/\/henergylab.com\/fr\/produit\/pendentif-en-sodalite-et-lorgonite-pour-le-chakra-de-la-gorge\/\" \/>\n<meta property=\"og:site_name\" content=\"HEN\" \/>\n<meta property=\"article:modified_time\" content=\"2025-11-02T01:10:45+00:00\" \/>\n<meta property=\"og:image\" content=\"https:\/\/henergylab.com\/wp-content\/uploads\/2025\/02\/Sodalite-ovale.jpg\" \/>\n\t<meta property=\"og:image:width\" content=\"1299\" \/>\n\t<meta property=\"og:image:height\" content=\"1299\" \/>\n\t<meta property=\"og:image:type\" content=\"image\/jpeg\" \/>\n<meta name=\"twitter:card\" content=\"summary_large_image\" \/>\n<meta name=\"twitter:label1\" content=\"Dur\u00e9e de lecture estim\u00e9e\" \/>\n\t<meta name=\"twitter:data1\" content=\"3 minutes\" \/>\n<script type=\"application\/ld+json\" class=\"yoast-schema-graph\">{\"@context\":\"https:\\\/\\\/schema.org\",\"@graph\":[{\"@type\":\"WebPage\",\"@id\":\"https:\\\/\\\/henergylab.com\\\/fr\\\/produit\\\/pendentif-en-sodalite-et-lorgonite-pour-le-chakra-de-la-gorge\\\/\",\"url\":\"https:\\\/\\\/henergylab.com\\\/fr\\\/produit\\\/pendentif-en-sodalite-et-lorgonite-pour-le-chakra-de-la-gorge\\\/\",\"name\":\"Pendentif en sodalite et l'orgonite pour le chakra de la gorge - HEN\",\"isPartOf\":{\"@id\":\"https:\\\/\\\/henergylab.com\\\/fr\\\/#website\"},\"primaryImageOfPage\":{\"@id\":\"https:\\\/\\\/henergylab.com\\\/fr\\\/produit\\\/pendentif-en-sodalite-et-lorgonite-pour-le-chakra-de-la-gorge\\\/#primaryimage\"},\"image\":{\"@id\":\"https:\\\/\\\/henergylab.com\\\/fr\\\/produit\\\/pendentif-en-sodalite-et-lorgonite-pour-le-chakra-de-la-gorge\\\/#primaryimage\"},\"thumbnailUrl\":\"https:\\\/\\\/henergylab.com\\\/wp-content\\\/uploads\\\/2025\\\/02\\\/Sodalite-ovale.jpg\",\"datePublished\":\"2025-02-15T10:25:22+00:00\",\"dateModified\":\"2025-11-02T01:10:45+00:00\",\"description\":\"Pendentif en orgone dans de la sodalite\",\"breadcrumb\":{\"@id\":\"https:\\\/\\\/henergylab.com\\\/fr\\\/produit\\\/pendentif-en-sodalite-et-lorgonite-pour-le-chakra-de-la-gorge\\\/#breadcrumb\"},\"inLanguage\":\"fr-FR\",\"potentialAction\":[{\"@type\":\"ReadAction\",\"target\":[\"https:\\\/\\\/henergylab.com\\\/fr\\\/produit\\\/pendentif-en-sodalite-et-lorgonite-pour-le-chakra-de-la-gorge\\\/\"]}]},{\"@type\":\"ImageObject\",\"inLanguage\":\"fr-FR\",\"@id\":\"https:\\\/\\\/henergylab.com\\\/fr\\\/produit\\\/pendentif-en-sodalite-et-lorgonite-pour-le-chakra-de-la-gorge\\\/#primaryimage\",\"url\":\"https:\\\/\\\/henergylab.com\\\/wp-content\\\/uploads\\\/2025\\\/02\\\/Sodalite-ovale.jpg\",\"contentUrl\":\"https:\\\/\\\/henergylab.com\\\/wp-content\\\/uploads\\\/2025\\\/02\\\/Sodalite-ovale.jpg\",\"width\":1299,\"height\":1299},{\"@type\":\"BreadcrumbList\",\"@id\":\"https:\\\/\\\/henergylab.com\\\/fr\\\/produit\\\/pendentif-en-sodalite-et-lorgonite-pour-le-chakra-de-la-gorge\\\/#breadcrumb\",\"itemListElement\":[{\"@type\":\"ListItem\",\"position\":1,\"name\":\"Home\",\"item\":\"https:\\\/\\\/henergylab.com\\\/fr\\\/\"},{\"@type\":\"ListItem\",\"position\":2,\"name\":\"Shop\",\"item\":\"https:\\\/\\\/henergylab.com\\\/negozio\\\/\"},{\"@type\":\"ListItem\",\"position\":3,\"name\":\"Pendentif en sodalite et l&rsquo;orgonite pour le chakra de la gorge\"}]},{\"@type\":\"WebSite\",\"@id\":\"https:\\\/\\\/henergylab.com\\\/fr\\\/#website\",\"url\":\"https:\\\/\\\/henergylab.com\\\/fr\\\/\",\"name\":\"henergylab\",\"description\":\"\",\"publisher\":{\"@id\":\"https:\\\/\\\/henergylab.com\\\/fr\\\/#organization\"},\"potentialAction\":[{\"@type\":\"SearchAction\",\"target\":{\"@type\":\"EntryPoint\",\"urlTemplate\":\"https:\\\/\\\/henergylab.com\\\/fr\\\/?s={search_term_string}\"},\"query-input\":{\"@type\":\"PropertyValueSpecification\",\"valueRequired\":true,\"valueName\":\"search_term_string\"}}],\"inLanguage\":\"fr-FR\"},{\"@type\":\"Organization\",\"@id\":\"https:\\\/\\\/henergylab.com\\\/fr\\\/#organization\",\"name\":\"HEN\",\"url\":\"https:\\\/\\\/henergylab.com\\\/fr\\\/\",\"logo\":{\"@type\":\"ImageObject\",\"inLanguage\":\"fr-FR\",\"@id\":\"https:\\\/\\\/henergylab.com\\\/fr\\\/#\\\/schema\\\/logo\\\/image\\\/\",\"url\":\"https:\\\/\\\/henergylab.com\\\/wp-content\\\/uploads\\\/2025\\\/07\\\/Henergylab-logo-scritta-nera-1.png\",\"contentUrl\":\"https:\\\/\\\/henergylab.com\\\/wp-content\\\/uploads\\\/2025\\\/07\\\/Henergylab-logo-scritta-nera-1.png\",\"width\":128,\"height\":128,\"caption\":\"HEN\"},\"image\":{\"@id\":\"https:\\\/\\\/henergylab.com\\\/fr\\\/#\\\/schema\\\/logo\\\/image\\\/\"}}]}<\/script>\n<!-- \/ Yoast SEO plugin. -->","yoast_head_json":{"title":"Pendentif en sodalite et l'orgonite pour le chakra de la gorge - HEN","description":"Pendentif en orgone dans de la sodalite","robots":{"index":"index","follow":"follow","max-snippet":"max-snippet:-1","max-image-preview":"max-image-preview:large","max-video-preview":"max-video-preview:-1"},"canonical":"https:\/\/henergylab.com\/fr\/produit\/pendentif-en-sodalite-et-lorgonite-pour-le-chakra-de-la-gorge\/","og_locale":"fr_FR","og_type":"article","og_title":"Pendentif en sodalite et l'orgonite pour le chakra de la gorge - HEN","og_description":"Pendentif en orgone dans de la sodalite","og_url":"https:\/\/henergylab.com\/fr\/produit\/pendentif-en-sodalite-et-lorgonite-pour-le-chakra-de-la-gorge\/","og_site_name":"HEN","article_modified_time":"2025-11-02T01:10:45+00:00","og_image":[{"width":1299,"height":1299,"url":"https:\/\/henergylab.com\/wp-content\/uploads\/2025\/02\/Sodalite-ovale.jpg","type":"image\/jpeg"}],"twitter_card":"summary_large_image","twitter_misc":{"Dur\u00e9e de lecture estim\u00e9e":"3 minutes"},"schema":{"@context":"https:\/\/schema.org","@graph":[{"@type":"WebPage","@id":"https:\/\/henergylab.com\/fr\/produit\/pendentif-en-sodalite-et-lorgonite-pour-le-chakra-de-la-gorge\/","url":"https:\/\/henergylab.com\/fr\/produit\/pendentif-en-sodalite-et-lorgonite-pour-le-chakra-de-la-gorge\/","name":"Pendentif en sodalite et l'orgonite pour le chakra de la gorge - HEN","isPartOf":{"@id":"https:\/\/henergylab.com\/fr\/#website"},"primaryImageOfPage":{"@id":"https:\/\/henergylab.com\/fr\/produit\/pendentif-en-sodalite-et-lorgonite-pour-le-chakra-de-la-gorge\/#primaryimage"},"image":{"@id":"https:\/\/henergylab.com\/fr\/produit\/pendentif-en-sodalite-et-lorgonite-pour-le-chakra-de-la-gorge\/#primaryimage"},"thumbnailUrl":"https:\/\/henergylab.com\/wp-content\/uploads\/2025\/02\/Sodalite-ovale.jpg","datePublished":"2025-02-15T10:25:22+00:00","dateModified":"2025-11-02T01:10:45+00:00","description":"Pendentif en orgone dans de la sodalite","breadcrumb":{"@id":"https:\/\/henergylab.com\/fr\/produit\/pendentif-en-sodalite-et-lorgonite-pour-le-chakra-de-la-gorge\/#breadcrumb"},"inLanguage":"fr-FR","potentialAction":[{"@type":"ReadAction","target":["https:\/\/henergylab.com\/fr\/produit\/pendentif-en-sodalite-et-lorgonite-pour-le-chakra-de-la-gorge\/"]}]},{"@type":"ImageObject","inLanguage":"fr-FR","@id":"https:\/\/henergylab.com\/fr\/produit\/pendentif-en-sodalite-et-lorgonite-pour-le-chakra-de-la-gorge\/#primaryimage","url":"https:\/\/henergylab.com\/wp-content\/uploads\/2025\/02\/Sodalite-ovale.jpg","contentUrl":"https:\/\/henergylab.com\/wp-content\/uploads\/2025\/02\/Sodalite-ovale.jpg","width":1299,"height":1299},{"@type":"BreadcrumbList","@id":"https:\/\/henergylab.com\/fr\/produit\/pendentif-en-sodalite-et-lorgonite-pour-le-chakra-de-la-gorge\/#breadcrumb","itemListElement":[{"@type":"ListItem","position":1,"name":"Home","item":"https:\/\/henergylab.com\/fr\/"},{"@type":"ListItem","position":2,"name":"Shop","item":"https:\/\/henergylab.com\/negozio\/"},{"@type":"ListItem","position":3,"name":"Pendentif en sodalite et l&rsquo;orgonite pour le chakra de la gorge"}]},{"@type":"WebSite","@id":"https:\/\/henergylab.com\/fr\/#website","url":"https:\/\/henergylab.com\/fr\/","name":"henergylab","description":"","publisher":{"@id":"https:\/\/henergylab.com\/fr\/#organization"},"potentialAction":[{"@type":"SearchAction","target":{"@type":"EntryPoint","urlTemplate":"https:\/\/henergylab.com\/fr\/?s={search_term_string}"},"query-input":{"@type":"PropertyValueSpecification","valueRequired":true,"valueName":"search_term_string"}}],"inLanguage":"fr-FR"},{"@type":"Organization","@id":"https:\/\/henergylab.com\/fr\/#organization","name":"HEN","url":"https:\/\/henergylab.com\/fr\/","logo":{"@type":"ImageObject","inLanguage":"fr-FR","@id":"https:\/\/henergylab.com\/fr\/#\/schema\/logo\/image\/","url":"https:\/\/henergylab.com\/wp-content\/uploads\/2025\/07\/Henergylab-logo-scritta-nera-1.png","contentUrl":"https:\/\/henergylab.com\/wp-content\/uploads\/2025\/07\/Henergylab-logo-scritta-nera-1.png","width":128,"height":128,"caption":"HEN"},"image":{"@id":"https:\/\/henergylab.com\/fr\/#\/schema\/logo\/image\/"}}]}},"_links":{"self":[{"href":"https:\/\/henergylab.com\/fr\/wp-json\/wp\/v2\/product\/4187","targetHints":{"allow":["GET"]}}],"collection":[{"href":"https:\/\/henergylab.com\/fr\/wp-json\/wp\/v2\/product"}],"about":[{"href":"https:\/\/henergylab.com\/fr\/wp-json\/wp\/v2\/types\/product"}],"replies":[{"embeddable":true,"href":"https:\/\/henergylab.com\/fr\/wp-json\/wp\/v2\/comments?post=4187"}],"wp:featuredmedia":[{"embeddable":true,"href":"https:\/\/henergylab.com\/fr\/wp-json\/wp\/v2\/media\/4188"}],"wp:attachment":[{"href":"https:\/\/henergylab.com\/fr\/wp-json\/wp\/v2\/media?parent=4187"}],"wp:term":[{"taxonomy":"product_brand","embeddable":true,"href":"https:\/\/henergylab.com\/fr\/wp-json\/wp\/v2\/product_brand?post=4187"},{"taxonomy":"product_cat","embeddable":true,"href":"https:\/\/henergylab.com\/fr\/wp-json\/wp\/v2\/product_cat?post=4187"},{"taxonomy":"product_tag","embeddable":true,"href":"https:\/\/henergylab.com\/fr\/wp-json\/wp\/v2\/product_tag?post=4187"}],"curies":[{"name":"wp","href":"https:\/\/api.w.org\/{rel}","templated":true}]}}