{"id":4194,"date":"2025-02-16T00:01:22","date_gmt":"2025-02-16T00:01:22","guid":{"rendered":"https:\/\/henergylab.com\/product\/pendentif-om-en-aventurine-et-orgonite\/"},"modified":"2025-11-02T01:11:28","modified_gmt":"2025-11-02T01:11:28","slug":"pendentif-om-en-aventurine-et-orgonite","status":"publish","type":"product","link":"https:\/\/henergylab.com\/fr\/produit\/pendentif-om-en-aventurine-et-orgonite\/","title":{"rendered":"Pendentif OM en Aventurine et Orgonite"},"content":{"rendered":"<h3>Pendentif Orgonite Aventurine OM<\/h3>\n<p>Ce pendentif en orgonite, fabriqu\u00e9 en r\u00e9sine \u00e9poxy, contient divers m\u00e9taux tels que le fer, le cuivre, le laiton et l&rsquo;acier. Il renferme de l&rsquo;aventurine, de la shungite, du quartz rose, de l&rsquo;am\u00e9thyste et de la tourmaline noire, qui conf\u00e8rent \u00e0 l&rsquo;orgone des vibrations de haute fr\u00e9quence, \u00e9levant ainsi l&rsquo;\u00e9tat int\u00e9rieur \u00e0 la m\u00eame fr\u00e9quence que les chakras sup\u00e9rieurs auxquels ces pierres sont en r\u00e9sonance.<\/p>\n<p>Aventurine<\/p>\n<p>L&rsquo;aventurine est r\u00e9put\u00e9e favoriser la cr\u00e9ativit\u00e9 et l&rsquo;imagination sous toutes leurs formes, ainsi que l&rsquo;intellect et la clart\u00e9 mentale. La tradition lui attribue le pouvoir d&rsquo;accro\u00eetre la prosp\u00e9rit\u00e9 et la r\u00e9ussite professionnelle. Pierre d&rsquo;une \u00e9nergie douce, elle procure calme et \u00e9quilibre, et contribue au bonheur. Elle aide \u00e9galement \u00e0 percevoir les alternatives et le potentiel dans toutes les situations, offrant une vision positive, du courage et une force int\u00e9rieure. On dit aussi qu&rsquo;elle porte chance, notamment aux jeux de hasard. L&rsquo;aventurine verte est \u00e9galement une pierre mystique de prosp\u00e9rit\u00e9. L&rsquo;aventurine favorise l&rsquo;amiti\u00e9 et est une pierre d&rsquo;\u00e9nergies protectrices. La tradition populaire et m\u00e9taphysique lui attribue des bienfaits physiques pour le sang, le syst\u00e8me circulatoire, l&rsquo;\u00e9quilibre de la tension art\u00e9rielle, les probl\u00e8mes de sinus, les naus\u00e9es, les maux de t\u00eate, la sant\u00e9 en g\u00e9n\u00e9ral, les allergies, l&rsquo;ecz\u00e9ma, la fi\u00e8vre et les troubles du sommeil.<\/p>\n<p>Shungite<\/p>\n<p>La shungite a un effet calmant et relaxant. Ceci est d\u00fb \u00e0 ses \u00e9nergies protectrices et \u00e0 sa capacit\u00e9 \u00e0 repousser les \u00e9nergies n\u00e9gatives. La shungite poss\u00e8de de nombreuses propri\u00e9t\u00e9s physiques, chimiques et bio\u00e9nerg\u00e9tiques surprenantes.<\/p>\n<p>L&rsquo;une de ses propri\u00e9t\u00e9s est sa puissante capacit\u00e9 \u00e0 neutraliser tout type de rayonnement ; elle est extr\u00eamement efficace pour contrer les effets des ondes \u00e9lectromagn\u00e9tiques.<\/p>\n<p>Elle poss\u00e8de une remarquable capacit\u00e9 \u00e0 renforcer le corps \u00e9nerg\u00e9tique, \u00e0 stimuler la circulation de l&rsquo;\u00e9nergie vitale et \u00e0 r\u00e9parer les dommages caus\u00e9s par les rayonnements n\u00e9gatifs.<\/p>\n<p>Elle ne se charge jamais n\u00e9gativement, gr\u00e2ce \u00e0 ses caract\u00e9ristiques mol\u00e9culaires particuli\u00e8res (fuller\u00e8nes).<\/p>\n<p>La shungite stimule le syst\u00e8me immunitaire et renforce le corps \u00e9nerg\u00e9tique.<\/p>\n<p>Elle neutralise l&rsquo;ins\u00e9curit\u00e9 et la peur de l&rsquo;avenir, g\u00e9n\u00e9rant un sentiment de stabilit\u00e9 et de confiance.<\/p>\n<p>Am\u00e9thyste<\/p>\n<p>L&rsquo;am\u00e9thyste est une pierre de m\u00e9ditation et d&rsquo;apaisement qui agit sur les plans \u00e9motionnel, spirituel et physique pour apporter calme, \u00e9quilibre, patience et paix.<\/p>\n<p>L&rsquo;am\u00e9thyste est utilis\u00e9e avec succ\u00e8s pour les questions juridiques et financi\u00e8res, pouvant mener \u00e0 la prosp\u00e9rit\u00e9 et \u00e0 l&rsquo;abondance, bien qu&rsquo;elle ne soit pas la pierre de prosp\u00e9rit\u00e9 la plus connue.<\/p>\n<p>Dans les domaines psychique et spirituel, l&rsquo;am\u00e9thyste est une excellente pierre polyvalente qui peut renforcer la spiritualit\u00e9 et d\u00e9velopper l&rsquo;intuition et les dons psychiques de toutes sortes. Elle y parvient en cr\u00e9ant une connexion claire entre le plan terrestre et d&rsquo;autres plans et mondes. L&rsquo;am\u00e9thyste est \u00e9galement excellente pour la m\u00e9ditation et les r\u00eaves lucides. Elle est utilis\u00e9e pour ouvrir les canaux de la t\u00e9l\u00e9pathie, de la r\u00e9gression dans les vies ant\u00e9rieures, de la clairaudience, de la clairvoyance et de la communication avec les anges. L&rsquo;am\u00e9thyste prot\u00e8ge \u00e9galement contre les attaques psychiques, notamment lors du travail spirituel.<\/p>\n<p>Remarque\u00a0: Cet appareil n&rsquo;est pas un instrument m\u00e9dical\u00a0; il peut \u00eatre utilis\u00e9 comme aide \u00e0 la gu\u00e9rison. Pour toute question de sant\u00e9, consultez votre m\u00e9decin.<\/p>\n<p>Diam\u00e8tre : 3,8 cm<\/p>\n","protected":false},"excerpt":{"rendered":"<p>Pendentif en aventurine OM Mantra<\/p>\n","protected":false},"featured_media":4195,"comment_status":"open","ping_status":"closed","template":"","meta":{"ocean_post_layout":"","ocean_both_sidebars_style":"","ocean_both_sidebars_content_width":0,"ocean_both_sidebars_sidebars_width":0,"ocean_sidebar":"0","ocean_second_sidebar":"0","ocean_disable_margins":"enable","ocean_add_body_class":"","ocean_shortcode_before_top_bar":"","ocean_shortcode_after_top_bar":"","ocean_shortcode_before_header":"","ocean_shortcode_after_header":"","ocean_has_shortcode":"","ocean_shortcode_after_title":"","ocean_shortcode_before_footer_widgets":"","ocean_shortcode_after_footer_widgets":"","ocean_shortcode_before_footer_bottom":"","ocean_shortcode_after_footer_bottom":"","ocean_display_top_bar":"default","ocean_display_header":"default","ocean_header_style":"","ocean_center_header_left_menu":"0","ocean_custom_header_template":"0","ocean_custom_logo":0,"ocean_custom_retina_logo":0,"ocean_custom_logo_max_width":0,"ocean_custom_logo_tablet_max_width":0,"ocean_custom_logo_mobile_max_width":0,"ocean_custom_logo_max_height":0,"ocean_custom_logo_tablet_max_height":0,"ocean_custom_logo_mobile_max_height":0,"ocean_header_custom_menu":"0","ocean_menu_typo_font_family":"0","ocean_menu_typo_font_subset":"","ocean_menu_typo_font_size":0,"ocean_menu_typo_font_size_tablet":0,"ocean_menu_typo_font_size_mobile":0,"ocean_menu_typo_font_size_unit":"px","ocean_menu_typo_font_weight":"","ocean_menu_typo_font_weight_tablet":"","ocean_menu_typo_font_weight_mobile":"","ocean_menu_typo_transform":"","ocean_menu_typo_transform_tablet":"","ocean_menu_typo_transform_mobile":"","ocean_menu_typo_line_height":0,"ocean_menu_typo_line_height_tablet":0,"ocean_menu_typo_line_height_mobile":0,"ocean_menu_typo_line_height_unit":"","ocean_menu_typo_spacing":0,"ocean_menu_typo_spacing_tablet":0,"ocean_menu_typo_spacing_mobile":0,"ocean_menu_typo_spacing_unit":"","ocean_menu_link_color":"","ocean_menu_link_color_hover":"","ocean_menu_link_color_active":"","ocean_menu_link_background":"","ocean_menu_link_hover_background":"","ocean_menu_link_active_background":"","ocean_menu_social_links_bg":"","ocean_menu_social_hover_links_bg":"","ocean_menu_social_links_color":"","ocean_menu_social_hover_links_color":"","ocean_disable_title":"default","ocean_disable_heading":"default","ocean_post_title":"","ocean_post_subheading":"","ocean_post_title_style":"","ocean_post_title_background_color":"","ocean_post_title_background":0,"ocean_post_title_bg_image_position":"","ocean_post_title_bg_image_attachment":"","ocean_post_title_bg_image_repeat":"","ocean_post_title_bg_image_size":"","ocean_post_title_height":0,"ocean_post_title_bg_overlay":0.5,"ocean_post_title_bg_overlay_color":"","ocean_disable_breadcrumbs":"default","ocean_breadcrumbs_color":"","ocean_breadcrumbs_separator_color":"","ocean_breadcrumbs_links_color":"","ocean_breadcrumbs_links_hover_color":"","ocean_display_footer_widgets":"default","ocean_display_footer_bottom":"default","ocean_custom_footer_template":"0","_glsr_average":0,"_glsr_ranking":0,"_glsr_reviews":0},"product_brand":[],"product_cat":[104],"product_tag":[],"class_list":{"0":"post-4194","1":"product","2":"type-product","3":"status-publish","4":"has-post-thumbnail","6":"product_cat-pendentif-orgonite","8":"entry","9":"has-media","11":"first","12":"instock","13":"taxable","14":"shipping-taxable","15":"purchasable","16":"product-type-simple","17":"add-to-wishlist-after_add_to_cart","18":"has-product-nav","19":"col","20":"span_1_of_3","21":"owp-content-center","22":"owp-thumbs-layout-vertical","23":"owp-btn-normal","24":"owp-tabs-layout-horizontal"},"yoast_head":"<!-- This site is optimized with the Yoast SEO plugin v27.4 - https:\/\/yoast.com\/product\/yoast-seo-wordpress\/ -->\n<title>Pendentif OM en Aventurine et Orgonite - HEN<\/title>\n<meta name=\"description\" content=\"Pendentif OM en orgonite avec aventurine, symbole d&#039;imagination, d&#039;intellect et de clart\u00e9 mentale\" \/>\n<meta name=\"robots\" content=\"index, follow, max-snippet:-1, max-image-preview:large, max-video-preview:-1\" \/>\n<link rel=\"canonical\" href=\"https:\/\/henergylab.com\/fr\/produit\/pendentif-om-en-aventurine-et-orgonite\/\" \/>\n<meta property=\"og:locale\" content=\"fr_FR\" \/>\n<meta property=\"og:type\" content=\"article\" \/>\n<meta property=\"og:title\" content=\"Pendentif OM en Aventurine et Orgonite - HEN\" \/>\n<meta property=\"og:description\" content=\"Pendentif OM en orgonite avec aventurine, symbole d&#039;imagination, d&#039;intellect et de clart\u00e9 mentale\" \/>\n<meta property=\"og:url\" content=\"https:\/\/henergylab.com\/fr\/produit\/pendentif-om-en-aventurine-et-orgonite\/\" \/>\n<meta property=\"og:site_name\" content=\"HEN\" \/>\n<meta property=\"article:modified_time\" content=\"2025-11-02T01:11:28+00:00\" \/>\n<meta property=\"og:image\" content=\"https:\/\/henergylab.com\/wp-content\/uploads\/2025\/02\/OM-aventurine-1.jpg\" \/>\n\t<meta property=\"og:image:width\" content=\"2520\" \/>\n\t<meta property=\"og:image:height\" content=\"2520\" \/>\n\t<meta property=\"og:image:type\" content=\"image\/jpeg\" \/>\n<meta name=\"twitter:card\" content=\"summary_large_image\" \/>\n<meta name=\"twitter:label1\" content=\"Dur\u00e9e de lecture estim\u00e9e\" \/>\n\t<meta name=\"twitter:data1\" content=\"3 minutes\" \/>\n<script type=\"application\/ld+json\" class=\"yoast-schema-graph\">{\"@context\":\"https:\\\/\\\/schema.org\",\"@graph\":[{\"@type\":\"WebPage\",\"@id\":\"https:\\\/\\\/henergylab.com\\\/fr\\\/produit\\\/pendentif-om-en-aventurine-et-orgonite\\\/\",\"url\":\"https:\\\/\\\/henergylab.com\\\/fr\\\/produit\\\/pendentif-om-en-aventurine-et-orgonite\\\/\",\"name\":\"Pendentif OM en Aventurine et Orgonite - HEN\",\"isPartOf\":{\"@id\":\"https:\\\/\\\/henergylab.com\\\/fr\\\/#website\"},\"primaryImageOfPage\":{\"@id\":\"https:\\\/\\\/henergylab.com\\\/fr\\\/produit\\\/pendentif-om-en-aventurine-et-orgonite\\\/#primaryimage\"},\"image\":{\"@id\":\"https:\\\/\\\/henergylab.com\\\/fr\\\/produit\\\/pendentif-om-en-aventurine-et-orgonite\\\/#primaryimage\"},\"thumbnailUrl\":\"https:\\\/\\\/henergylab.com\\\/wp-content\\\/uploads\\\/2025\\\/02\\\/OM-aventurine-1.jpg\",\"datePublished\":\"2025-02-16T00:01:22+00:00\",\"dateModified\":\"2025-11-02T01:11:28+00:00\",\"description\":\"Pendentif OM en orgonite avec aventurine, symbole d'imagination, d'intellect et de clart\u00e9 mentale\",\"breadcrumb\":{\"@id\":\"https:\\\/\\\/henergylab.com\\\/fr\\\/produit\\\/pendentif-om-en-aventurine-et-orgonite\\\/#breadcrumb\"},\"inLanguage\":\"fr-FR\",\"potentialAction\":[{\"@type\":\"ReadAction\",\"target\":[\"https:\\\/\\\/henergylab.com\\\/fr\\\/produit\\\/pendentif-om-en-aventurine-et-orgonite\\\/\"]}]},{\"@type\":\"ImageObject\",\"inLanguage\":\"fr-FR\",\"@id\":\"https:\\\/\\\/henergylab.com\\\/fr\\\/produit\\\/pendentif-om-en-aventurine-et-orgonite\\\/#primaryimage\",\"url\":\"https:\\\/\\\/henergylab.com\\\/wp-content\\\/uploads\\\/2025\\\/02\\\/OM-aventurine-1.jpg\",\"contentUrl\":\"https:\\\/\\\/henergylab.com\\\/wp-content\\\/uploads\\\/2025\\\/02\\\/OM-aventurine-1.jpg\",\"width\":2520,\"height\":2520},{\"@type\":\"BreadcrumbList\",\"@id\":\"https:\\\/\\\/henergylab.com\\\/fr\\\/produit\\\/pendentif-om-en-aventurine-et-orgonite\\\/#breadcrumb\",\"itemListElement\":[{\"@type\":\"ListItem\",\"position\":1,\"name\":\"Home\",\"item\":\"https:\\\/\\\/henergylab.com\\\/fr\\\/\"},{\"@type\":\"ListItem\",\"position\":2,\"name\":\"Shop\",\"item\":\"https:\\\/\\\/henergylab.com\\\/negozio\\\/\"},{\"@type\":\"ListItem\",\"position\":3,\"name\":\"Pendentif OM en Aventurine et Orgonite\"}]},{\"@type\":\"WebSite\",\"@id\":\"https:\\\/\\\/henergylab.com\\\/fr\\\/#website\",\"url\":\"https:\\\/\\\/henergylab.com\\\/fr\\\/\",\"name\":\"henergylab\",\"description\":\"\",\"publisher\":{\"@id\":\"https:\\\/\\\/henergylab.com\\\/fr\\\/#organization\"},\"potentialAction\":[{\"@type\":\"SearchAction\",\"target\":{\"@type\":\"EntryPoint\",\"urlTemplate\":\"https:\\\/\\\/henergylab.com\\\/fr\\\/?s={search_term_string}\"},\"query-input\":{\"@type\":\"PropertyValueSpecification\",\"valueRequired\":true,\"valueName\":\"search_term_string\"}}],\"inLanguage\":\"fr-FR\"},{\"@type\":\"Organization\",\"@id\":\"https:\\\/\\\/henergylab.com\\\/fr\\\/#organization\",\"name\":\"HEN\",\"url\":\"https:\\\/\\\/henergylab.com\\\/fr\\\/\",\"logo\":{\"@type\":\"ImageObject\",\"inLanguage\":\"fr-FR\",\"@id\":\"https:\\\/\\\/henergylab.com\\\/fr\\\/#\\\/schema\\\/logo\\\/image\\\/\",\"url\":\"https:\\\/\\\/henergylab.com\\\/wp-content\\\/uploads\\\/2025\\\/07\\\/Henergylab-logo-scritta-nera-1.png\",\"contentUrl\":\"https:\\\/\\\/henergylab.com\\\/wp-content\\\/uploads\\\/2025\\\/07\\\/Henergylab-logo-scritta-nera-1.png\",\"width\":128,\"height\":128,\"caption\":\"HEN\"},\"image\":{\"@id\":\"https:\\\/\\\/henergylab.com\\\/fr\\\/#\\\/schema\\\/logo\\\/image\\\/\"}}]}<\/script>\n<!-- \/ Yoast SEO plugin. -->","yoast_head_json":{"title":"Pendentif OM en Aventurine et Orgonite - HEN","description":"Pendentif OM en orgonite avec aventurine, symbole d'imagination, d'intellect et de clart\u00e9 mentale","robots":{"index":"index","follow":"follow","max-snippet":"max-snippet:-1","max-image-preview":"max-image-preview:large","max-video-preview":"max-video-preview:-1"},"canonical":"https:\/\/henergylab.com\/fr\/produit\/pendentif-om-en-aventurine-et-orgonite\/","og_locale":"fr_FR","og_type":"article","og_title":"Pendentif OM en Aventurine et Orgonite - HEN","og_description":"Pendentif OM en orgonite avec aventurine, symbole d'imagination, d'intellect et de clart\u00e9 mentale","og_url":"https:\/\/henergylab.com\/fr\/produit\/pendentif-om-en-aventurine-et-orgonite\/","og_site_name":"HEN","article_modified_time":"2025-11-02T01:11:28+00:00","og_image":[{"width":2520,"height":2520,"url":"https:\/\/henergylab.com\/wp-content\/uploads\/2025\/02\/OM-aventurine-1.jpg","type":"image\/jpeg"}],"twitter_card":"summary_large_image","twitter_misc":{"Dur\u00e9e de lecture estim\u00e9e":"3 minutes"},"schema":{"@context":"https:\/\/schema.org","@graph":[{"@type":"WebPage","@id":"https:\/\/henergylab.com\/fr\/produit\/pendentif-om-en-aventurine-et-orgonite\/","url":"https:\/\/henergylab.com\/fr\/produit\/pendentif-om-en-aventurine-et-orgonite\/","name":"Pendentif OM en Aventurine et Orgonite - HEN","isPartOf":{"@id":"https:\/\/henergylab.com\/fr\/#website"},"primaryImageOfPage":{"@id":"https:\/\/henergylab.com\/fr\/produit\/pendentif-om-en-aventurine-et-orgonite\/#primaryimage"},"image":{"@id":"https:\/\/henergylab.com\/fr\/produit\/pendentif-om-en-aventurine-et-orgonite\/#primaryimage"},"thumbnailUrl":"https:\/\/henergylab.com\/wp-content\/uploads\/2025\/02\/OM-aventurine-1.jpg","datePublished":"2025-02-16T00:01:22+00:00","dateModified":"2025-11-02T01:11:28+00:00","description":"Pendentif OM en orgonite avec aventurine, symbole d'imagination, d'intellect et de clart\u00e9 mentale","breadcrumb":{"@id":"https:\/\/henergylab.com\/fr\/produit\/pendentif-om-en-aventurine-et-orgonite\/#breadcrumb"},"inLanguage":"fr-FR","potentialAction":[{"@type":"ReadAction","target":["https:\/\/henergylab.com\/fr\/produit\/pendentif-om-en-aventurine-et-orgonite\/"]}]},{"@type":"ImageObject","inLanguage":"fr-FR","@id":"https:\/\/henergylab.com\/fr\/produit\/pendentif-om-en-aventurine-et-orgonite\/#primaryimage","url":"https:\/\/henergylab.com\/wp-content\/uploads\/2025\/02\/OM-aventurine-1.jpg","contentUrl":"https:\/\/henergylab.com\/wp-content\/uploads\/2025\/02\/OM-aventurine-1.jpg","width":2520,"height":2520},{"@type":"BreadcrumbList","@id":"https:\/\/henergylab.com\/fr\/produit\/pendentif-om-en-aventurine-et-orgonite\/#breadcrumb","itemListElement":[{"@type":"ListItem","position":1,"name":"Home","item":"https:\/\/henergylab.com\/fr\/"},{"@type":"ListItem","position":2,"name":"Shop","item":"https:\/\/henergylab.com\/negozio\/"},{"@type":"ListItem","position":3,"name":"Pendentif OM en Aventurine et Orgonite"}]},{"@type":"WebSite","@id":"https:\/\/henergylab.com\/fr\/#website","url":"https:\/\/henergylab.com\/fr\/","name":"henergylab","description":"","publisher":{"@id":"https:\/\/henergylab.com\/fr\/#organization"},"potentialAction":[{"@type":"SearchAction","target":{"@type":"EntryPoint","urlTemplate":"https:\/\/henergylab.com\/fr\/?s={search_term_string}"},"query-input":{"@type":"PropertyValueSpecification","valueRequired":true,"valueName":"search_term_string"}}],"inLanguage":"fr-FR"},{"@type":"Organization","@id":"https:\/\/henergylab.com\/fr\/#organization","name":"HEN","url":"https:\/\/henergylab.com\/fr\/","logo":{"@type":"ImageObject","inLanguage":"fr-FR","@id":"https:\/\/henergylab.com\/fr\/#\/schema\/logo\/image\/","url":"https:\/\/henergylab.com\/wp-content\/uploads\/2025\/07\/Henergylab-logo-scritta-nera-1.png","contentUrl":"https:\/\/henergylab.com\/wp-content\/uploads\/2025\/07\/Henergylab-logo-scritta-nera-1.png","width":128,"height":128,"caption":"HEN"},"image":{"@id":"https:\/\/henergylab.com\/fr\/#\/schema\/logo\/image\/"}}]}},"_links":{"self":[{"href":"https:\/\/henergylab.com\/fr\/wp-json\/wp\/v2\/product\/4194","targetHints":{"allow":["GET"]}}],"collection":[{"href":"https:\/\/henergylab.com\/fr\/wp-json\/wp\/v2\/product"}],"about":[{"href":"https:\/\/henergylab.com\/fr\/wp-json\/wp\/v2\/types\/product"}],"replies":[{"embeddable":true,"href":"https:\/\/henergylab.com\/fr\/wp-json\/wp\/v2\/comments?post=4194"}],"wp:featuredmedia":[{"embeddable":true,"href":"https:\/\/henergylab.com\/fr\/wp-json\/wp\/v2\/media\/4195"}],"wp:attachment":[{"href":"https:\/\/henergylab.com\/fr\/wp-json\/wp\/v2\/media?parent=4194"}],"wp:term":[{"taxonomy":"product_brand","embeddable":true,"href":"https:\/\/henergylab.com\/fr\/wp-json\/wp\/v2\/product_brand?post=4194"},{"taxonomy":"product_cat","embeddable":true,"href":"https:\/\/henergylab.com\/fr\/wp-json\/wp\/v2\/product_cat?post=4194"},{"taxonomy":"product_tag","embeddable":true,"href":"https:\/\/henergylab.com\/fr\/wp-json\/wp\/v2\/product_tag?post=4194"}],"curies":[{"name":"wp","href":"https:\/\/api.w.org\/{rel}","templated":true}]}}