{"id":4197,"date":"2025-02-16T00:04:15","date_gmt":"2025-02-16T00:04:15","guid":{"rendered":"https:\/\/henergylab.com\/product\/pendentif-graine-de-vie-verte\/"},"modified":"2025-11-02T01:11:53","modified_gmt":"2025-11-02T01:11:53","slug":"pendentif-graine-de-vie-verte","status":"publish","type":"product","link":"https:\/\/henergylab.com\/fr\/produit\/pendentif-graine-de-vie-verte\/","title":{"rendered":"Pendentif Graine de Vie Verte"},"content":{"rendered":"<h3>Pendentif Graine de Vie Verte<\/h3>\n<p>Pendentif en orgonite compos\u00e9 de laiton, d&rsquo;aventurine, de cristal de quartz rose et d&rsquo;am\u00e9thyste.<\/p>\n<p>Aventurine<\/p>\n<p>Elle favorise la cr\u00e9ativit\u00e9 et l&rsquo;imagination sous toutes leurs formes, ainsi que l&rsquo;intellect et la clart\u00e9 mentale. La tradition lui attribue des vertus d&rsquo;abondance et de r\u00e9ussite professionnelle. Pierre d\u00e9licate, elle procure calme et \u00e9quilibre, et contribue au bonheur. Elle aide \u00e9galement \u00e0 percevoir les alternatives et le potentiel dans chaque situation, insufflant optimisme, courage et force int\u00e9rieure. On dit aussi qu&rsquo;elle porte chance, notamment aux jeux de hasard. L&rsquo;aventurine verte est une pierre mystique de prosp\u00e9rit\u00e9. Elle favorise les amiti\u00e9s et est r\u00e9put\u00e9e pour ses \u00e9nergies protectrices. Selon la tradition populaire et m\u00e9taphysique, elle est b\u00e9n\u00e9fique pour le sang, le syst\u00e8me circulatoire, l&rsquo;\u00e9quilibre de la tension art\u00e9rielle, les probl\u00e8mes de sinus, les naus\u00e9es, les maux de t\u00eate, la sant\u00e9 en g\u00e9n\u00e9ral, les allergies, l&rsquo;ecz\u00e9ma, la fi\u00e8vre et les troubles du sommeil.<\/p>\n<p>Quartz rose<\/p>\n<p>Le quartz rose et l&rsquo;am\u00e9thyste agissent fortement sur le chakra du c\u0153ur, Anahata. Cette r\u00e9sonance amplifie les capacit\u00e9s \u00e9motionnelles, l&rsquo;aptitude \u00e0 donner et \u00e0 recevoir de l&rsquo;amour. Le quartz rose, en particulier, favorise le pardon, dissipe la culpabilit\u00e9 et lib\u00e8re les tensions li\u00e9es aux carences \u00e9motionnelles.<\/p>\n<p>Le quartz rose est souvent appel\u00e9 la \u00ab pierre de l&rsquo;amour \u00bb. Son \u00e9nergie principale est l&rsquo;amour inconditionnel, qui ouvre le chakra du c\u0153ur. En tant que vari\u00e9t\u00e9 de quartz, le quartz rose poss\u00e8de une \u00e9nergie \u00e9lev\u00e9e, et cette \u00e9nergie puissante peut amplifier l&rsquo;amour dans presque toutes les situations. Cette pierre d&rsquo;amour inconditionnel ouvre le chakra du c\u0153ur \u00e0 toutes les formes d&rsquo;amour : l&rsquo;amour de soi, l&rsquo;amour familial, l&rsquo;amour platonique et l&rsquo;amour romantique. La haute \u00e9nergie du quartz conf\u00e8re au quartz rose la capacit\u00e9 d&rsquo;amplifier l&rsquo;amour dans presque toutes les situations. Le quartz rose est utilis\u00e9 pour accro\u00eetre l&rsquo;estime de soi et le sentiment de valeur personnelle. Ses \u00e9nergies bienveillantes nous apprennent \u00e0 nous aimer nous-m\u00eames et ainsi \u00e0 nous sentir plus dignes. Le quartz rose est couramment utilis\u00e9 pour \u00e9quilibrer les \u00e9motions et apporter paix et s\u00e9r\u00e9nit\u00e9. Cet \u00e9quilibre \u00e9motionnel apaisant soulage le stress et l&rsquo;anxi\u00e9t\u00e9. Le quartz rose amplifie la clart\u00e9 mentale, dynamise les 5e et 6e chakras et renforce le pouvoir de concentration \u00e9nerg\u00e9tique du chakra orgonique.<\/p>\n<p>Am\u00e9thyste<\/p>\n<p>L&rsquo;am\u00e9thyste est une pierre aux multiples vertus qui favorise la spiritualit\u00e9, l&rsquo;intuition et les dons psychiques de toutes sortes. Elle \u00e9tablit une connexion claire entre le plan terrestre et les autres plans et mondes. L&rsquo;am\u00e9thyste est \u00e9galement excellente pour la m\u00e9ditation et les r\u00eaves lucides. Elle est utilis\u00e9e pour ouvrir les canaux de la t\u00e9l\u00e9pathie, de la r\u00e9gression dans les vies ant\u00e9rieures, de la clairaudience, de la clairvoyance et de la communication avec les anges. L&rsquo;am\u00e9thyste prot\u00e8ge des attaques psychiques, notamment lors du travail spirituel.<\/p>\n<p>Remarque\u00a0: Cet objet n&rsquo;est pas un instrument m\u00e9dical\u00a0; il peut \u00eatre utilis\u00e9 comme aide \u00e0 la gu\u00e9rison pour des raisons de sant\u00e9\u00a0; consultez votre m\u00e9decin.<\/p>\n<p>Le pendentif pr\u00e9sent\u00e9 est un mod\u00e8le de r\u00e9f\u00e9rence\u00a0; chaque pi\u00e8ce est unique et con\u00e7ue pour pr\u00e9senter une harmonie visuelle similaire \u00e0 celle de l&rsquo;objet expos\u00e9.<\/p>\n<p>Diam\u00e8tre\u00a0: 3,7\u00a0cm<\/p>\n","protected":false},"excerpt":{"rendered":"<p>Aventurine, shungite et quartz rose<\/p>\n","protected":false},"featured_media":4198,"comment_status":"open","ping_status":"closed","template":"","meta":{"ocean_post_layout":"","ocean_both_sidebars_style":"","ocean_both_sidebars_content_width":0,"ocean_both_sidebars_sidebars_width":0,"ocean_sidebar":"0","ocean_second_sidebar":"0","ocean_disable_margins":"enable","ocean_add_body_class":"","ocean_shortcode_before_top_bar":"","ocean_shortcode_after_top_bar":"","ocean_shortcode_before_header":"","ocean_shortcode_after_header":"","ocean_has_shortcode":"","ocean_shortcode_after_title":"","ocean_shortcode_before_footer_widgets":"","ocean_shortcode_after_footer_widgets":"","ocean_shortcode_before_footer_bottom":"","ocean_shortcode_after_footer_bottom":"","ocean_display_top_bar":"default","ocean_display_header":"default","ocean_header_style":"","ocean_center_header_left_menu":"0","ocean_custom_header_template":"0","ocean_custom_logo":0,"ocean_custom_retina_logo":0,"ocean_custom_logo_max_width":0,"ocean_custom_logo_tablet_max_width":0,"ocean_custom_logo_mobile_max_width":0,"ocean_custom_logo_max_height":0,"ocean_custom_logo_tablet_max_height":0,"ocean_custom_logo_mobile_max_height":0,"ocean_header_custom_menu":"0","ocean_menu_typo_font_family":"0","ocean_menu_typo_font_subset":"","ocean_menu_typo_font_size":0,"ocean_menu_typo_font_size_tablet":0,"ocean_menu_typo_font_size_mobile":0,"ocean_menu_typo_font_size_unit":"px","ocean_menu_typo_font_weight":"","ocean_menu_typo_font_weight_tablet":"","ocean_menu_typo_font_weight_mobile":"","ocean_menu_typo_transform":"","ocean_menu_typo_transform_tablet":"","ocean_menu_typo_transform_mobile":"","ocean_menu_typo_line_height":0,"ocean_menu_typo_line_height_tablet":0,"ocean_menu_typo_line_height_mobile":0,"ocean_menu_typo_line_height_unit":"","ocean_menu_typo_spacing":0,"ocean_menu_typo_spacing_tablet":0,"ocean_menu_typo_spacing_mobile":0,"ocean_menu_typo_spacing_unit":"","ocean_menu_link_color":"","ocean_menu_link_color_hover":"","ocean_menu_link_color_active":"","ocean_menu_link_background":"","ocean_menu_link_hover_background":"","ocean_menu_link_active_background":"","ocean_menu_social_links_bg":"","ocean_menu_social_hover_links_bg":"","ocean_menu_social_links_color":"","ocean_menu_social_hover_links_color":"","ocean_disable_title":"default","ocean_disable_heading":"default","ocean_post_title":"","ocean_post_subheading":"","ocean_post_title_style":"","ocean_post_title_background_color":"","ocean_post_title_background":0,"ocean_post_title_bg_image_position":"","ocean_post_title_bg_image_attachment":"","ocean_post_title_bg_image_repeat":"","ocean_post_title_bg_image_size":"","ocean_post_title_height":0,"ocean_post_title_bg_overlay":0.5,"ocean_post_title_bg_overlay_color":"","ocean_disable_breadcrumbs":"default","ocean_breadcrumbs_color":"","ocean_breadcrumbs_separator_color":"","ocean_breadcrumbs_links_color":"","ocean_breadcrumbs_links_hover_color":"","ocean_display_footer_widgets":"default","ocean_display_footer_bottom":"default","ocean_custom_footer_template":"0","_glsr_average":0,"_glsr_ranking":0,"_glsr_reviews":0},"product_brand":[],"product_cat":[104],"product_tag":[],"class_list":{"0":"post-4197","1":"product","2":"type-product","3":"status-publish","4":"has-post-thumbnail","6":"product_cat-pendentif-orgonite","8":"entry","9":"has-media","11":"first","12":"instock","13":"taxable","14":"shipping-taxable","15":"purchasable","16":"product-type-simple","17":"add-to-wishlist-after_add_to_cart","18":"has-product-nav","19":"col","20":"span_1_of_3","21":"owp-content-center","22":"owp-thumbs-layout-vertical","23":"owp-btn-normal","24":"owp-tabs-layout-horizontal","25":"has-no-thumbnails"},"yoast_head":"<!-- This site is optimized with the Yoast SEO plugin v27.4 - https:\/\/yoast.com\/product\/yoast-seo-wordpress\/ -->\n<title>Pendentif Graine de Vie Verte - HEN<\/title>\n<meta name=\"description\" content=\"Pendentif Graine de Vie Verte en aventurine et orgonite, favorise le calme et l&#039;\u00e9quilibre, la cr\u00e9ativit\u00e9 et l&#039;imagination, l&#039;intellect et la clart\u00e9 mentale.\" \/>\n<meta name=\"robots\" content=\"index, follow, max-snippet:-1, max-image-preview:large, max-video-preview:-1\" \/>\n<link rel=\"canonical\" href=\"https:\/\/henergylab.com\/fr\/produit\/pendentif-graine-de-vie-verte\/\" \/>\n<meta property=\"og:locale\" content=\"fr_FR\" \/>\n<meta property=\"og:type\" content=\"article\" \/>\n<meta property=\"og:title\" content=\"Pendentif Graine de Vie Verte - HEN\" \/>\n<meta property=\"og:description\" content=\"Pendentif Graine de Vie Verte en aventurine et orgonite, favorise le calme et l&#039;\u00e9quilibre, la cr\u00e9ativit\u00e9 et l&#039;imagination, l&#039;intellect et la clart\u00e9 mentale.\" \/>\n<meta property=\"og:url\" content=\"https:\/\/henergylab.com\/fr\/produit\/pendentif-graine-de-vie-verte\/\" \/>\n<meta property=\"og:site_name\" content=\"HEN\" \/>\n<meta property=\"article:modified_time\" content=\"2025-11-02T01:11:53+00:00\" \/>\n<meta property=\"og:image\" content=\"https:\/\/henergylab.com\/wp-content\/uploads\/2025\/02\/aventurineSOF1.jpg\" \/>\n\t<meta property=\"og:image:width\" content=\"2520\" \/>\n\t<meta property=\"og:image:height\" content=\"2520\" \/>\n\t<meta property=\"og:image:type\" content=\"image\/jpeg\" \/>\n<meta name=\"twitter:card\" content=\"summary_large_image\" \/>\n<meta name=\"twitter:label1\" content=\"Dur\u00e9e de lecture estim\u00e9e\" \/>\n\t<meta name=\"twitter:data1\" content=\"3 minutes\" \/>\n<script type=\"application\/ld+json\" class=\"yoast-schema-graph\">{\"@context\":\"https:\\\/\\\/schema.org\",\"@graph\":[{\"@type\":\"WebPage\",\"@id\":\"https:\\\/\\\/henergylab.com\\\/fr\\\/produit\\\/pendentif-graine-de-vie-verte\\\/\",\"url\":\"https:\\\/\\\/henergylab.com\\\/fr\\\/produit\\\/pendentif-graine-de-vie-verte\\\/\",\"name\":\"Pendentif Graine de Vie Verte - HEN\",\"isPartOf\":{\"@id\":\"https:\\\/\\\/henergylab.com\\\/fr\\\/#website\"},\"primaryImageOfPage\":{\"@id\":\"https:\\\/\\\/henergylab.com\\\/fr\\\/produit\\\/pendentif-graine-de-vie-verte\\\/#primaryimage\"},\"image\":{\"@id\":\"https:\\\/\\\/henergylab.com\\\/fr\\\/produit\\\/pendentif-graine-de-vie-verte\\\/#primaryimage\"},\"thumbnailUrl\":\"https:\\\/\\\/henergylab.com\\\/wp-content\\\/uploads\\\/2025\\\/02\\\/aventurineSOF1.jpg\",\"datePublished\":\"2025-02-16T00:04:15+00:00\",\"dateModified\":\"2025-11-02T01:11:53+00:00\",\"description\":\"Pendentif Graine de Vie Verte en aventurine et orgonite, favorise le calme et l'\u00e9quilibre, la cr\u00e9ativit\u00e9 et l'imagination, l'intellect et la clart\u00e9 mentale.\",\"breadcrumb\":{\"@id\":\"https:\\\/\\\/henergylab.com\\\/fr\\\/produit\\\/pendentif-graine-de-vie-verte\\\/#breadcrumb\"},\"inLanguage\":\"fr-FR\",\"potentialAction\":[{\"@type\":\"ReadAction\",\"target\":[\"https:\\\/\\\/henergylab.com\\\/fr\\\/produit\\\/pendentif-graine-de-vie-verte\\\/\"]}]},{\"@type\":\"ImageObject\",\"inLanguage\":\"fr-FR\",\"@id\":\"https:\\\/\\\/henergylab.com\\\/fr\\\/produit\\\/pendentif-graine-de-vie-verte\\\/#primaryimage\",\"url\":\"https:\\\/\\\/henergylab.com\\\/wp-content\\\/uploads\\\/2025\\\/02\\\/aventurineSOF1.jpg\",\"contentUrl\":\"https:\\\/\\\/henergylab.com\\\/wp-content\\\/uploads\\\/2025\\\/02\\\/aventurineSOF1.jpg\",\"width\":2520,\"height\":2520},{\"@type\":\"BreadcrumbList\",\"@id\":\"https:\\\/\\\/henergylab.com\\\/fr\\\/produit\\\/pendentif-graine-de-vie-verte\\\/#breadcrumb\",\"itemListElement\":[{\"@type\":\"ListItem\",\"position\":1,\"name\":\"Home\",\"item\":\"https:\\\/\\\/henergylab.com\\\/fr\\\/\"},{\"@type\":\"ListItem\",\"position\":2,\"name\":\"Shop\",\"item\":\"https:\\\/\\\/henergylab.com\\\/negozio\\\/\"},{\"@type\":\"ListItem\",\"position\":3,\"name\":\"Pendentif Graine de Vie Verte\"}]},{\"@type\":\"WebSite\",\"@id\":\"https:\\\/\\\/henergylab.com\\\/fr\\\/#website\",\"url\":\"https:\\\/\\\/henergylab.com\\\/fr\\\/\",\"name\":\"henergylab\",\"description\":\"\",\"publisher\":{\"@id\":\"https:\\\/\\\/henergylab.com\\\/fr\\\/#organization\"},\"potentialAction\":[{\"@type\":\"SearchAction\",\"target\":{\"@type\":\"EntryPoint\",\"urlTemplate\":\"https:\\\/\\\/henergylab.com\\\/fr\\\/?s={search_term_string}\"},\"query-input\":{\"@type\":\"PropertyValueSpecification\",\"valueRequired\":true,\"valueName\":\"search_term_string\"}}],\"inLanguage\":\"fr-FR\"},{\"@type\":\"Organization\",\"@id\":\"https:\\\/\\\/henergylab.com\\\/fr\\\/#organization\",\"name\":\"HEN\",\"url\":\"https:\\\/\\\/henergylab.com\\\/fr\\\/\",\"logo\":{\"@type\":\"ImageObject\",\"inLanguage\":\"fr-FR\",\"@id\":\"https:\\\/\\\/henergylab.com\\\/fr\\\/#\\\/schema\\\/logo\\\/image\\\/\",\"url\":\"https:\\\/\\\/henergylab.com\\\/wp-content\\\/uploads\\\/2025\\\/07\\\/Henergylab-logo-scritta-nera-1.png\",\"contentUrl\":\"https:\\\/\\\/henergylab.com\\\/wp-content\\\/uploads\\\/2025\\\/07\\\/Henergylab-logo-scritta-nera-1.png\",\"width\":128,\"height\":128,\"caption\":\"HEN\"},\"image\":{\"@id\":\"https:\\\/\\\/henergylab.com\\\/fr\\\/#\\\/schema\\\/logo\\\/image\\\/\"}}]}<\/script>\n<!-- \/ Yoast SEO plugin. -->","yoast_head_json":{"title":"Pendentif Graine de Vie Verte - HEN","description":"Pendentif Graine de Vie Verte en aventurine et orgonite, favorise le calme et l'\u00e9quilibre, la cr\u00e9ativit\u00e9 et l'imagination, l'intellect et la clart\u00e9 mentale.","robots":{"index":"index","follow":"follow","max-snippet":"max-snippet:-1","max-image-preview":"max-image-preview:large","max-video-preview":"max-video-preview:-1"},"canonical":"https:\/\/henergylab.com\/fr\/produit\/pendentif-graine-de-vie-verte\/","og_locale":"fr_FR","og_type":"article","og_title":"Pendentif Graine de Vie Verte - HEN","og_description":"Pendentif Graine de Vie Verte en aventurine et orgonite, favorise le calme et l'\u00e9quilibre, la cr\u00e9ativit\u00e9 et l'imagination, l'intellect et la clart\u00e9 mentale.","og_url":"https:\/\/henergylab.com\/fr\/produit\/pendentif-graine-de-vie-verte\/","og_site_name":"HEN","article_modified_time":"2025-11-02T01:11:53+00:00","og_image":[{"width":2520,"height":2520,"url":"https:\/\/henergylab.com\/wp-content\/uploads\/2025\/02\/aventurineSOF1.jpg","type":"image\/jpeg"}],"twitter_card":"summary_large_image","twitter_misc":{"Dur\u00e9e de lecture estim\u00e9e":"3 minutes"},"schema":{"@context":"https:\/\/schema.org","@graph":[{"@type":"WebPage","@id":"https:\/\/henergylab.com\/fr\/produit\/pendentif-graine-de-vie-verte\/","url":"https:\/\/henergylab.com\/fr\/produit\/pendentif-graine-de-vie-verte\/","name":"Pendentif Graine de Vie Verte - HEN","isPartOf":{"@id":"https:\/\/henergylab.com\/fr\/#website"},"primaryImageOfPage":{"@id":"https:\/\/henergylab.com\/fr\/produit\/pendentif-graine-de-vie-verte\/#primaryimage"},"image":{"@id":"https:\/\/henergylab.com\/fr\/produit\/pendentif-graine-de-vie-verte\/#primaryimage"},"thumbnailUrl":"https:\/\/henergylab.com\/wp-content\/uploads\/2025\/02\/aventurineSOF1.jpg","datePublished":"2025-02-16T00:04:15+00:00","dateModified":"2025-11-02T01:11:53+00:00","description":"Pendentif Graine de Vie Verte en aventurine et orgonite, favorise le calme et l'\u00e9quilibre, la cr\u00e9ativit\u00e9 et l'imagination, l'intellect et la clart\u00e9 mentale.","breadcrumb":{"@id":"https:\/\/henergylab.com\/fr\/produit\/pendentif-graine-de-vie-verte\/#breadcrumb"},"inLanguage":"fr-FR","potentialAction":[{"@type":"ReadAction","target":["https:\/\/henergylab.com\/fr\/produit\/pendentif-graine-de-vie-verte\/"]}]},{"@type":"ImageObject","inLanguage":"fr-FR","@id":"https:\/\/henergylab.com\/fr\/produit\/pendentif-graine-de-vie-verte\/#primaryimage","url":"https:\/\/henergylab.com\/wp-content\/uploads\/2025\/02\/aventurineSOF1.jpg","contentUrl":"https:\/\/henergylab.com\/wp-content\/uploads\/2025\/02\/aventurineSOF1.jpg","width":2520,"height":2520},{"@type":"BreadcrumbList","@id":"https:\/\/henergylab.com\/fr\/produit\/pendentif-graine-de-vie-verte\/#breadcrumb","itemListElement":[{"@type":"ListItem","position":1,"name":"Home","item":"https:\/\/henergylab.com\/fr\/"},{"@type":"ListItem","position":2,"name":"Shop","item":"https:\/\/henergylab.com\/negozio\/"},{"@type":"ListItem","position":3,"name":"Pendentif Graine de Vie Verte"}]},{"@type":"WebSite","@id":"https:\/\/henergylab.com\/fr\/#website","url":"https:\/\/henergylab.com\/fr\/","name":"henergylab","description":"","publisher":{"@id":"https:\/\/henergylab.com\/fr\/#organization"},"potentialAction":[{"@type":"SearchAction","target":{"@type":"EntryPoint","urlTemplate":"https:\/\/henergylab.com\/fr\/?s={search_term_string}"},"query-input":{"@type":"PropertyValueSpecification","valueRequired":true,"valueName":"search_term_string"}}],"inLanguage":"fr-FR"},{"@type":"Organization","@id":"https:\/\/henergylab.com\/fr\/#organization","name":"HEN","url":"https:\/\/henergylab.com\/fr\/","logo":{"@type":"ImageObject","inLanguage":"fr-FR","@id":"https:\/\/henergylab.com\/fr\/#\/schema\/logo\/image\/","url":"https:\/\/henergylab.com\/wp-content\/uploads\/2025\/07\/Henergylab-logo-scritta-nera-1.png","contentUrl":"https:\/\/henergylab.com\/wp-content\/uploads\/2025\/07\/Henergylab-logo-scritta-nera-1.png","width":128,"height":128,"caption":"HEN"},"image":{"@id":"https:\/\/henergylab.com\/fr\/#\/schema\/logo\/image\/"}}]}},"_links":{"self":[{"href":"https:\/\/henergylab.com\/fr\/wp-json\/wp\/v2\/product\/4197","targetHints":{"allow":["GET"]}}],"collection":[{"href":"https:\/\/henergylab.com\/fr\/wp-json\/wp\/v2\/product"}],"about":[{"href":"https:\/\/henergylab.com\/fr\/wp-json\/wp\/v2\/types\/product"}],"replies":[{"embeddable":true,"href":"https:\/\/henergylab.com\/fr\/wp-json\/wp\/v2\/comments?post=4197"}],"wp:featuredmedia":[{"embeddable":true,"href":"https:\/\/henergylab.com\/fr\/wp-json\/wp\/v2\/media\/4198"}],"wp:attachment":[{"href":"https:\/\/henergylab.com\/fr\/wp-json\/wp\/v2\/media?parent=4197"}],"wp:term":[{"taxonomy":"product_brand","embeddable":true,"href":"https:\/\/henergylab.com\/fr\/wp-json\/wp\/v2\/product_brand?post=4197"},{"taxonomy":"product_cat","embeddable":true,"href":"https:\/\/henergylab.com\/fr\/wp-json\/wp\/v2\/product_cat?post=4197"},{"taxonomy":"product_tag","embeddable":true,"href":"https:\/\/henergylab.com\/fr\/wp-json\/wp\/v2\/product_tag?post=4197"}],"curies":[{"name":"wp","href":"https:\/\/api.w.org\/{rel}","templated":true}]}}