{"id":4213,"date":"2025-03-12T23:03:58","date_gmt":"2025-03-12T23:03:58","guid":{"rendered":"https:\/\/henergylab.com\/product\/pendentif-en-orgonite-turquoise-gaia\/"},"modified":"2025-11-02T01:13:05","modified_gmt":"2025-11-02T01:13:05","slug":"pendentif-en-orgonite-turquoise-gaia","status":"publish","type":"product","link":"https:\/\/henergylab.com\/fr\/produit\/pendentif-en-orgonite-turquoise-gaia\/","title":{"rendered":"Pendentif en orgonite turquoise Gaia"},"content":{"rendered":"<h3>Pendentif Orgonite Turquoise Gaia<\/h3>\n<p>Contient de l&rsquo;orgonite, du laiton, de la turquoise, du quartz rose, de l&rsquo;am\u00e9thyste, de la shungite et de la tourmaline noire.<\/p>\n<p>Turquoise<\/p>\n<p>La turquoise est une pierre de purification. Elle dissipe les \u00e9nergies n\u00e9gatives et peut \u00eatre port\u00e9e pour se prot\u00e9ger des influences ext\u00e9rieures et de la pollution atmosph\u00e9rique. La turquoise \u00e9quilibre et aligne tous les chakras, stabilisant les sautes d&rsquo;humeur et instaurant un calme int\u00e9rieur. Elle est excellente en cas de d\u00e9pression et d&rsquo;\u00e9puisement et a \u00e9galement le pouvoir de pr\u00e9venir les crises de panique. La turquoise favorise la r\u00e9alisation de soi et aide \u00e0 r\u00e9soudre les probl\u00e8mes de mani\u00e8re cr\u00e9ative. Elle est un symbole d&rsquo;amiti\u00e9 et stimule l&rsquo;amour romantique.<\/p>\n<p>Quartz rose<\/p>\n<p>Le quartz rose et l&rsquo;am\u00e9thyste ont un puissant effet sur le chakra du c\u0153ur, Anahata, ce qui permet l&rsquo;ouverture du c\u0153ur et la capacit\u00e9 de donner et de recevoir de l&rsquo;amour. Le quartz rose aide \u00e0 pardonner, \u00e0 se lib\u00e9rer de la culpabilit\u00e9 et \u00e0 rel\u00e2cher les tensions r\u00e9sultant d&rsquo;un manque affectif.<\/p>\n<p>On l&rsquo;appelle souvent la \u00ab pierre de l&rsquo;amour \u00bb. Son \u00e9nergie caract\u00e9ristique est celle de l&rsquo;amour inconditionnel, qui ouvre le chakra du c\u0153ur. Comme certaines vari\u00e9t\u00e9s de quartz, le quartz rose poss\u00e8de une \u00e9nergie intense qui peut amplifier l&rsquo;amour dans presque toutes les situations. Cette pierre d&rsquo;amour inconditionnel ouvre le chakra du c\u0153ur \u00e0 toutes les formes d&rsquo;amour\u00a0: amour de soi, amour familial, amour platonique et amour romantique. Elle est utilis\u00e9e pour \u00e9quilibrer les \u00e9motions et apporter paix et s\u00e9r\u00e9nit\u00e9. Cet \u00e9quilibre \u00e9motionnel apaisant soulage le stress et l&rsquo;anxi\u00e9t\u00e9. Elle amplifie la clart\u00e9 mentale, dynamise les 5e et 6e chakras et renforce le pouvoir de captation d&rsquo;\u00e9nergie de l&rsquo;orgonite.<\/p>\n<p>Am\u00e9thyste<\/p>\n<p>L&rsquo;am\u00e9thyste est une excellente pierre aux multiples vertus qui peut d\u00e9velopper la spiritualit\u00e9, l&rsquo;intuition et les facult\u00e9s psychiques de toutes sortes. Elle agit en cr\u00e9ant une connexion claire entre le plan terrestre et les autres plans et mondes. L&rsquo;am\u00e9thyste est \u00e9galement excellente pour la m\u00e9ditation et les r\u00eaves lucides. Elle est utilis\u00e9e pour ouvrir des canaux de t\u00e9l\u00e9pathie, de r\u00e9gression dans les vies ant\u00e9rieures, de clairaudience, de clairvoyance et de communication avec les anges. L&rsquo;am\u00e9thyste prot\u00e8ge des attaques psychiques, notamment lors du travail spirituel.<\/p>\n<p>Shungite<\/p>\n<p>Pierre aux propri\u00e9t\u00e9s conductrices d&rsquo;\u00e9lectricit\u00e9, la shungite est notamment connue pour ses vertus protectrices contre les rayonnements \u00e9lectromagn\u00e9tiques (CEM) \u00e9mis par les t\u00e9l\u00e9viseurs, ordinateurs, fours \u00e0 micro-ondes, t\u00e9l\u00e9phones portables et autres appareils. Cette protection est charg\u00e9e d&rsquo;\u00e9nergies curatives. Nombreux sont ceux qui l&rsquo;utilisent pour la purification, souvent sous forme d&rsquo;\u00e9lixir ou d&rsquo;eau purifi\u00e9e \u00e0 boire ou \u00e0 appliquer sur la peau pour la gu\u00e9rison et l&rsquo;\u00e9nergie. Les sources proches des gisements de shungite sont utilis\u00e9es pour leurs propri\u00e9t\u00e9s curatives depuis au moins l&rsquo;\u00e9poque du tsar Pierre le Grand.<\/p>\n<p>La shungite est \u00e9galement utilis\u00e9e pour illuminer le champ \u00e9nerg\u00e9tique aurique, ne laissant passer que les \u00e9nergies positives. Elle offre ainsi une protection \u00e0 la fois physique et psychique, et prot\u00e8ge du mauvais \u0153il et des \u00e9nergies n\u00e9gatives.<\/p>\n<p>On dit que la shungite apaise et d\u00e9tend quiconque l&rsquo;utilise ou se trouve \u00e0 proximit\u00e9, probablement gr\u00e2ce \u00e0 ses \u00e9nergies protectrices et \u00e0 sa capacit\u00e9 \u00e0 repousser les \u00e9nergies n\u00e9gatives.<\/p>\n<p>Le pendentif pr\u00e9sent\u00e9 est un exemple. Chaque pi\u00e8ce est unique et con\u00e7ue pour pr\u00e9senter une harmonie visuelle semblable \u00e0 celle expos\u00e9e.<\/p>\n<p>Veuillez noter que les vertus th\u00e9rapeutiques de l&rsquo;orgone constituent un soutien spirituel et \u00e9th\u00e9rique \u00e0 la gu\u00e9rison et ne sauraient se substituer \u00e0 des prescriptions ou \u00e0 des informations m\u00e9dicales.<\/p>\n<p>Diam\u00e8tre\u00a0: 3,8\u00a0cm<\/p>\n","protected":false},"excerpt":{"rendered":"<p>Turquoise, am\u00e9thyste, quartz rose, shungite<\/p>\n","protected":false},"featured_media":4214,"comment_status":"open","ping_status":"closed","template":"","meta":{"ocean_post_layout":"","ocean_both_sidebars_style":"","ocean_both_sidebars_content_width":0,"ocean_both_sidebars_sidebars_width":0,"ocean_sidebar":"0","ocean_second_sidebar":"0","ocean_disable_margins":"enable","ocean_add_body_class":"","ocean_shortcode_before_top_bar":"","ocean_shortcode_after_top_bar":"","ocean_shortcode_before_header":"","ocean_shortcode_after_header":"","ocean_has_shortcode":"","ocean_shortcode_after_title":"","ocean_shortcode_before_footer_widgets":"","ocean_shortcode_after_footer_widgets":"","ocean_shortcode_before_footer_bottom":"","ocean_shortcode_after_footer_bottom":"","ocean_display_top_bar":"default","ocean_display_header":"default","ocean_header_style":"","ocean_center_header_left_menu":"0","ocean_custom_header_template":"0","ocean_custom_logo":0,"ocean_custom_retina_logo":0,"ocean_custom_logo_max_width":0,"ocean_custom_logo_tablet_max_width":0,"ocean_custom_logo_mobile_max_width":0,"ocean_custom_logo_max_height":0,"ocean_custom_logo_tablet_max_height":0,"ocean_custom_logo_mobile_max_height":0,"ocean_header_custom_menu":"0","ocean_menu_typo_font_family":"0","ocean_menu_typo_font_subset":"","ocean_menu_typo_font_size":0,"ocean_menu_typo_font_size_tablet":0,"ocean_menu_typo_font_size_mobile":0,"ocean_menu_typo_font_size_unit":"px","ocean_menu_typo_font_weight":"","ocean_menu_typo_font_weight_tablet":"","ocean_menu_typo_font_weight_mobile":"","ocean_menu_typo_transform":"","ocean_menu_typo_transform_tablet":"","ocean_menu_typo_transform_mobile":"","ocean_menu_typo_line_height":0,"ocean_menu_typo_line_height_tablet":0,"ocean_menu_typo_line_height_mobile":0,"ocean_menu_typo_line_height_unit":"","ocean_menu_typo_spacing":0,"ocean_menu_typo_spacing_tablet":0,"ocean_menu_typo_spacing_mobile":0,"ocean_menu_typo_spacing_unit":"","ocean_menu_link_color":"","ocean_menu_link_color_hover":"","ocean_menu_link_color_active":"","ocean_menu_link_background":"","ocean_menu_link_hover_background":"","ocean_menu_link_active_background":"","ocean_menu_social_links_bg":"","ocean_menu_social_hover_links_bg":"","ocean_menu_social_links_color":"","ocean_menu_social_hover_links_color":"","ocean_disable_title":"default","ocean_disable_heading":"default","ocean_post_title":"","ocean_post_subheading":"","ocean_post_title_style":"","ocean_post_title_background_color":"","ocean_post_title_background":0,"ocean_post_title_bg_image_position":"","ocean_post_title_bg_image_attachment":"","ocean_post_title_bg_image_repeat":"","ocean_post_title_bg_image_size":"","ocean_post_title_height":0,"ocean_post_title_bg_overlay":0.5,"ocean_post_title_bg_overlay_color":"","ocean_disable_breadcrumbs":"default","ocean_breadcrumbs_color":"","ocean_breadcrumbs_separator_color":"","ocean_breadcrumbs_links_color":"","ocean_breadcrumbs_links_hover_color":"","ocean_display_footer_widgets":"default","ocean_display_footer_bottom":"default","ocean_custom_footer_template":"0","_glsr_average":0,"_glsr_ranking":0,"_glsr_reviews":0},"product_brand":[],"product_cat":[104],"product_tag":[],"class_list":{"0":"post-4213","1":"product","2":"type-product","3":"status-publish","4":"has-post-thumbnail","6":"product_cat-pendentif-orgonite","8":"entry","9":"has-media","11":"first","12":"instock","13":"taxable","14":"shipping-taxable","15":"purchasable","16":"product-type-simple","17":"add-to-wishlist-after_add_to_cart","18":"has-product-nav","19":"col","20":"span_1_of_3","21":"owp-content-center","22":"owp-thumbs-layout-vertical","23":"owp-btn-normal","24":"owp-tabs-layout-horizontal"},"yoast_head":"<!-- This site is optimized with the Yoast SEO plugin v27.4 - https:\/\/yoast.com\/product\/yoast-seo-wordpress\/ -->\n<title>Pendentif en orgonite turquoise Gaia - HEN<\/title>\n<meta name=\"description\" content=\"Breloque Gaia Turquoise Orgonite, laiton, turquoise, quartz rose, am\u00e9thyste, shungite et tourmaline noire pour votre r\u00e9\u00e9quilibrage et votre recentrage int\u00e9rieur.\" \/>\n<meta name=\"robots\" content=\"index, follow, max-snippet:-1, max-image-preview:large, max-video-preview:-1\" \/>\n<link rel=\"canonical\" href=\"https:\/\/henergylab.com\/fr\/produit\/pendentif-en-orgonite-turquoise-gaia\/\" \/>\n<meta property=\"og:locale\" content=\"fr_FR\" \/>\n<meta property=\"og:type\" content=\"article\" \/>\n<meta property=\"og:title\" content=\"Pendentif en orgonite turquoise Gaia - HEN\" \/>\n<meta property=\"og:description\" content=\"Breloque Gaia Turquoise Orgonite, laiton, turquoise, quartz rose, am\u00e9thyste, shungite et tourmaline noire pour votre r\u00e9\u00e9quilibrage et votre recentrage int\u00e9rieur.\" \/>\n<meta property=\"og:url\" content=\"https:\/\/henergylab.com\/fr\/produit\/pendentif-en-orgonite-turquoise-gaia\/\" \/>\n<meta property=\"og:site_name\" content=\"HEN\" \/>\n<meta property=\"article:modified_time\" content=\"2025-11-02T01:13:05+00:00\" \/>\n<meta property=\"og:image\" content=\"https:\/\/henergylab.com\/wp-content\/uploads\/2025\/03\/turquoise-spiral1.jpg\" \/>\n\t<meta property=\"og:image:width\" content=\"2500\" \/>\n\t<meta property=\"og:image:height\" content=\"2500\" \/>\n\t<meta property=\"og:image:type\" content=\"image\/jpeg\" \/>\n<meta name=\"twitter:card\" content=\"summary_large_image\" \/>\n<meta name=\"twitter:label1\" content=\"Dur\u00e9e de lecture estim\u00e9e\" \/>\n\t<meta name=\"twitter:data1\" content=\"3 minutes\" \/>\n<script type=\"application\/ld+json\" class=\"yoast-schema-graph\">{\"@context\":\"https:\\\/\\\/schema.org\",\"@graph\":[{\"@type\":\"WebPage\",\"@id\":\"https:\\\/\\\/henergylab.com\\\/fr\\\/produit\\\/pendentif-en-orgonite-turquoise-gaia\\\/\",\"url\":\"https:\\\/\\\/henergylab.com\\\/fr\\\/produit\\\/pendentif-en-orgonite-turquoise-gaia\\\/\",\"name\":\"Pendentif en orgonite turquoise Gaia - HEN\",\"isPartOf\":{\"@id\":\"https:\\\/\\\/henergylab.com\\\/fr\\\/#website\"},\"primaryImageOfPage\":{\"@id\":\"https:\\\/\\\/henergylab.com\\\/fr\\\/produit\\\/pendentif-en-orgonite-turquoise-gaia\\\/#primaryimage\"},\"image\":{\"@id\":\"https:\\\/\\\/henergylab.com\\\/fr\\\/produit\\\/pendentif-en-orgonite-turquoise-gaia\\\/#primaryimage\"},\"thumbnailUrl\":\"https:\\\/\\\/henergylab.com\\\/wp-content\\\/uploads\\\/2025\\\/03\\\/turquoise-spiral1.jpg\",\"datePublished\":\"2025-03-12T23:03:58+00:00\",\"dateModified\":\"2025-11-02T01:13:05+00:00\",\"description\":\"Breloque Gaia Turquoise Orgonite, laiton, turquoise, quartz rose, am\u00e9thyste, shungite et tourmaline noire pour votre r\u00e9\u00e9quilibrage et votre recentrage int\u00e9rieur.\",\"breadcrumb\":{\"@id\":\"https:\\\/\\\/henergylab.com\\\/fr\\\/produit\\\/pendentif-en-orgonite-turquoise-gaia\\\/#breadcrumb\"},\"inLanguage\":\"fr-FR\",\"potentialAction\":[{\"@type\":\"ReadAction\",\"target\":[\"https:\\\/\\\/henergylab.com\\\/fr\\\/produit\\\/pendentif-en-orgonite-turquoise-gaia\\\/\"]}]},{\"@type\":\"ImageObject\",\"inLanguage\":\"fr-FR\",\"@id\":\"https:\\\/\\\/henergylab.com\\\/fr\\\/produit\\\/pendentif-en-orgonite-turquoise-gaia\\\/#primaryimage\",\"url\":\"https:\\\/\\\/henergylab.com\\\/wp-content\\\/uploads\\\/2025\\\/03\\\/turquoise-spiral1.jpg\",\"contentUrl\":\"https:\\\/\\\/henergylab.com\\\/wp-content\\\/uploads\\\/2025\\\/03\\\/turquoise-spiral1.jpg\",\"width\":2500,\"height\":2500},{\"@type\":\"BreadcrumbList\",\"@id\":\"https:\\\/\\\/henergylab.com\\\/fr\\\/produit\\\/pendentif-en-orgonite-turquoise-gaia\\\/#breadcrumb\",\"itemListElement\":[{\"@type\":\"ListItem\",\"position\":1,\"name\":\"Home\",\"item\":\"https:\\\/\\\/henergylab.com\\\/fr\\\/\"},{\"@type\":\"ListItem\",\"position\":2,\"name\":\"Shop\",\"item\":\"https:\\\/\\\/henergylab.com\\\/negozio\\\/\"},{\"@type\":\"ListItem\",\"position\":3,\"name\":\"Pendentif en orgonite turquoise Gaia\"}]},{\"@type\":\"WebSite\",\"@id\":\"https:\\\/\\\/henergylab.com\\\/fr\\\/#website\",\"url\":\"https:\\\/\\\/henergylab.com\\\/fr\\\/\",\"name\":\"henergylab\",\"description\":\"\",\"publisher\":{\"@id\":\"https:\\\/\\\/henergylab.com\\\/fr\\\/#organization\"},\"potentialAction\":[{\"@type\":\"SearchAction\",\"target\":{\"@type\":\"EntryPoint\",\"urlTemplate\":\"https:\\\/\\\/henergylab.com\\\/fr\\\/?s={search_term_string}\"},\"query-input\":{\"@type\":\"PropertyValueSpecification\",\"valueRequired\":true,\"valueName\":\"search_term_string\"}}],\"inLanguage\":\"fr-FR\"},{\"@type\":\"Organization\",\"@id\":\"https:\\\/\\\/henergylab.com\\\/fr\\\/#organization\",\"name\":\"HEN\",\"url\":\"https:\\\/\\\/henergylab.com\\\/fr\\\/\",\"logo\":{\"@type\":\"ImageObject\",\"inLanguage\":\"fr-FR\",\"@id\":\"https:\\\/\\\/henergylab.com\\\/fr\\\/#\\\/schema\\\/logo\\\/image\\\/\",\"url\":\"https:\\\/\\\/henergylab.com\\\/wp-content\\\/uploads\\\/2025\\\/07\\\/Henergylab-logo-scritta-nera-1.png\",\"contentUrl\":\"https:\\\/\\\/henergylab.com\\\/wp-content\\\/uploads\\\/2025\\\/07\\\/Henergylab-logo-scritta-nera-1.png\",\"width\":128,\"height\":128,\"caption\":\"HEN\"},\"image\":{\"@id\":\"https:\\\/\\\/henergylab.com\\\/fr\\\/#\\\/schema\\\/logo\\\/image\\\/\"}}]}<\/script>\n<!-- \/ Yoast SEO plugin. -->","yoast_head_json":{"title":"Pendentif en orgonite turquoise Gaia - HEN","description":"Breloque Gaia Turquoise Orgonite, laiton, turquoise, quartz rose, am\u00e9thyste, shungite et tourmaline noire pour votre r\u00e9\u00e9quilibrage et votre recentrage int\u00e9rieur.","robots":{"index":"index","follow":"follow","max-snippet":"max-snippet:-1","max-image-preview":"max-image-preview:large","max-video-preview":"max-video-preview:-1"},"canonical":"https:\/\/henergylab.com\/fr\/produit\/pendentif-en-orgonite-turquoise-gaia\/","og_locale":"fr_FR","og_type":"article","og_title":"Pendentif en orgonite turquoise Gaia - HEN","og_description":"Breloque Gaia Turquoise Orgonite, laiton, turquoise, quartz rose, am\u00e9thyste, shungite et tourmaline noire pour votre r\u00e9\u00e9quilibrage et votre recentrage int\u00e9rieur.","og_url":"https:\/\/henergylab.com\/fr\/produit\/pendentif-en-orgonite-turquoise-gaia\/","og_site_name":"HEN","article_modified_time":"2025-11-02T01:13:05+00:00","og_image":[{"width":2500,"height":2500,"url":"https:\/\/henergylab.com\/wp-content\/uploads\/2025\/03\/turquoise-spiral1.jpg","type":"image\/jpeg"}],"twitter_card":"summary_large_image","twitter_misc":{"Dur\u00e9e de lecture estim\u00e9e":"3 minutes"},"schema":{"@context":"https:\/\/schema.org","@graph":[{"@type":"WebPage","@id":"https:\/\/henergylab.com\/fr\/produit\/pendentif-en-orgonite-turquoise-gaia\/","url":"https:\/\/henergylab.com\/fr\/produit\/pendentif-en-orgonite-turquoise-gaia\/","name":"Pendentif en orgonite turquoise Gaia - HEN","isPartOf":{"@id":"https:\/\/henergylab.com\/fr\/#website"},"primaryImageOfPage":{"@id":"https:\/\/henergylab.com\/fr\/produit\/pendentif-en-orgonite-turquoise-gaia\/#primaryimage"},"image":{"@id":"https:\/\/henergylab.com\/fr\/produit\/pendentif-en-orgonite-turquoise-gaia\/#primaryimage"},"thumbnailUrl":"https:\/\/henergylab.com\/wp-content\/uploads\/2025\/03\/turquoise-spiral1.jpg","datePublished":"2025-03-12T23:03:58+00:00","dateModified":"2025-11-02T01:13:05+00:00","description":"Breloque Gaia Turquoise Orgonite, laiton, turquoise, quartz rose, am\u00e9thyste, shungite et tourmaline noire pour votre r\u00e9\u00e9quilibrage et votre recentrage int\u00e9rieur.","breadcrumb":{"@id":"https:\/\/henergylab.com\/fr\/produit\/pendentif-en-orgonite-turquoise-gaia\/#breadcrumb"},"inLanguage":"fr-FR","potentialAction":[{"@type":"ReadAction","target":["https:\/\/henergylab.com\/fr\/produit\/pendentif-en-orgonite-turquoise-gaia\/"]}]},{"@type":"ImageObject","inLanguage":"fr-FR","@id":"https:\/\/henergylab.com\/fr\/produit\/pendentif-en-orgonite-turquoise-gaia\/#primaryimage","url":"https:\/\/henergylab.com\/wp-content\/uploads\/2025\/03\/turquoise-spiral1.jpg","contentUrl":"https:\/\/henergylab.com\/wp-content\/uploads\/2025\/03\/turquoise-spiral1.jpg","width":2500,"height":2500},{"@type":"BreadcrumbList","@id":"https:\/\/henergylab.com\/fr\/produit\/pendentif-en-orgonite-turquoise-gaia\/#breadcrumb","itemListElement":[{"@type":"ListItem","position":1,"name":"Home","item":"https:\/\/henergylab.com\/fr\/"},{"@type":"ListItem","position":2,"name":"Shop","item":"https:\/\/henergylab.com\/negozio\/"},{"@type":"ListItem","position":3,"name":"Pendentif en orgonite turquoise Gaia"}]},{"@type":"WebSite","@id":"https:\/\/henergylab.com\/fr\/#website","url":"https:\/\/henergylab.com\/fr\/","name":"henergylab","description":"","publisher":{"@id":"https:\/\/henergylab.com\/fr\/#organization"},"potentialAction":[{"@type":"SearchAction","target":{"@type":"EntryPoint","urlTemplate":"https:\/\/henergylab.com\/fr\/?s={search_term_string}"},"query-input":{"@type":"PropertyValueSpecification","valueRequired":true,"valueName":"search_term_string"}}],"inLanguage":"fr-FR"},{"@type":"Organization","@id":"https:\/\/henergylab.com\/fr\/#organization","name":"HEN","url":"https:\/\/henergylab.com\/fr\/","logo":{"@type":"ImageObject","inLanguage":"fr-FR","@id":"https:\/\/henergylab.com\/fr\/#\/schema\/logo\/image\/","url":"https:\/\/henergylab.com\/wp-content\/uploads\/2025\/07\/Henergylab-logo-scritta-nera-1.png","contentUrl":"https:\/\/henergylab.com\/wp-content\/uploads\/2025\/07\/Henergylab-logo-scritta-nera-1.png","width":128,"height":128,"caption":"HEN"},"image":{"@id":"https:\/\/henergylab.com\/fr\/#\/schema\/logo\/image\/"}}]}},"_links":{"self":[{"href":"https:\/\/henergylab.com\/fr\/wp-json\/wp\/v2\/product\/4213","targetHints":{"allow":["GET"]}}],"collection":[{"href":"https:\/\/henergylab.com\/fr\/wp-json\/wp\/v2\/product"}],"about":[{"href":"https:\/\/henergylab.com\/fr\/wp-json\/wp\/v2\/types\/product"}],"replies":[{"embeddable":true,"href":"https:\/\/henergylab.com\/fr\/wp-json\/wp\/v2\/comments?post=4213"}],"wp:featuredmedia":[{"embeddable":true,"href":"https:\/\/henergylab.com\/fr\/wp-json\/wp\/v2\/media\/4214"}],"wp:attachment":[{"href":"https:\/\/henergylab.com\/fr\/wp-json\/wp\/v2\/media?parent=4213"}],"wp:term":[{"taxonomy":"product_brand","embeddable":true,"href":"https:\/\/henergylab.com\/fr\/wp-json\/wp\/v2\/product_brand?post=4213"},{"taxonomy":"product_cat","embeddable":true,"href":"https:\/\/henergylab.com\/fr\/wp-json\/wp\/v2\/product_cat?post=4213"},{"taxonomy":"product_tag","embeddable":true,"href":"https:\/\/henergylab.com\/fr\/wp-json\/wp\/v2\/product_tag?post=4213"}],"curies":[{"name":"wp","href":"https:\/\/api.w.org\/{rel}","templated":true}]}}