{"id":4222,"date":"2025-03-12T23:22:26","date_gmt":"2025-03-12T23:22:26","guid":{"rendered":"https:\/\/henergylab.com\/product\/pendentif-graine-de-vie-en-aventurine\/"},"modified":"2025-11-02T01:13:49","modified_gmt":"2025-11-02T01:13:49","slug":"pendentif-graine-de-vie-en-aventurine","status":"publish","type":"product","link":"https:\/\/henergylab.com\/fr\/produit\/pendentif-graine-de-vie-en-aventurine\/","title":{"rendered":"Pendentif Graine de Vie en aventurine"},"content":{"rendered":"<h3>Pendentif Graine de Vie en Aventurine<\/h3>\n<p>Ce pendentif en r\u00e9sine \u00e9poxy orgonique contient du laiton, de l&rsquo;aventurine et du cristal de quartz. L&rsquo;aventurine est r\u00e9put\u00e9e favoriser la cr\u00e9ativit\u00e9 et l&rsquo;imagination, ainsi que l&rsquo;intellect et la clart\u00e9 mentale. La tradition lui attribue des vertus pour la prosp\u00e9rit\u00e9 et la r\u00e9ussite professionnelle. Pierre d\u00e9licate, elle procure calme et \u00e9quilibre, et contribue au bonheur. Elle aide \u00e9galement \u00e0 percevoir les alternatives et le potentiel dans chaque situation, insufflant optimisme, courage et force int\u00e9rieure. On dit aussi qu&rsquo;elle porte chance, notamment aux jeux de hasard. L&rsquo;aventurine verte est une pierre mystique de prosp\u00e9rit\u00e9. Elle favorise les amiti\u00e9s et est une pierre de protection. Selon la tradition populaire et m\u00e9taphysique, elle est b\u00e9n\u00e9fique pour le sang, le syst\u00e8me circulatoire, l&rsquo;\u00e9quilibre de la tension art\u00e9rielle, les probl\u00e8mes de sinus, les naus\u00e9es, les maux de t\u00eate, la sant\u00e9 en g\u00e9n\u00e9ral, les allergies, l&rsquo;ecz\u00e9ma, la fi\u00e8vre et les troubles du sommeil.<\/p>\n<p>Cet objet n&rsquo;est pas un dispositif m\u00e9dical\u00a0; il peut \u00eatre utilis\u00e9 comme aide th\u00e9rapeutique. Consultez votre m\u00e9decin. Veuillez noter que les vertus th\u00e9rapeutiques de l&rsquo;orgone constituent un soutien spirituel et \u00e9th\u00e9rique \u00e0 la gu\u00e9rison et ne sauraient en aucun cas \u00eatre consid\u00e9r\u00e9es comme des prescriptions ou des informations m\u00e9dicales.<\/p>\n<p>Le pendentif pr\u00e9sent\u00e9 est un mod\u00e8le de r\u00e9f\u00e9rence\u00a0; chaque pi\u00e8ce est unique et con\u00e7ue pour offrir une harmonie visuelle similaire \u00e0 celle de l&rsquo;exemplaire pr\u00e9sent\u00e9.<\/p>\n<p>Diam\u00e8tre\u00a0: 3,7\u00a0cm<\/p>\n","protected":false},"excerpt":{"rendered":"<p>Pendentif Graine de Vie en aventurine et quartz<\/p>\n","protected":false},"featured_media":4224,"comment_status":"open","ping_status":"closed","template":"","meta":{"ocean_post_layout":"","ocean_both_sidebars_style":"","ocean_both_sidebars_content_width":0,"ocean_both_sidebars_sidebars_width":0,"ocean_sidebar":"0","ocean_second_sidebar":"0","ocean_disable_margins":"enable","ocean_add_body_class":"","ocean_shortcode_before_top_bar":"","ocean_shortcode_after_top_bar":"","ocean_shortcode_before_header":"","ocean_shortcode_after_header":"","ocean_has_shortcode":"","ocean_shortcode_after_title":"","ocean_shortcode_before_footer_widgets":"","ocean_shortcode_after_footer_widgets":"","ocean_shortcode_before_footer_bottom":"","ocean_shortcode_after_footer_bottom":"","ocean_display_top_bar":"default","ocean_display_header":"default","ocean_header_style":"","ocean_center_header_left_menu":"0","ocean_custom_header_template":"0","ocean_custom_logo":0,"ocean_custom_retina_logo":0,"ocean_custom_logo_max_width":0,"ocean_custom_logo_tablet_max_width":0,"ocean_custom_logo_mobile_max_width":0,"ocean_custom_logo_max_height":0,"ocean_custom_logo_tablet_max_height":0,"ocean_custom_logo_mobile_max_height":0,"ocean_header_custom_menu":"0","ocean_menu_typo_font_family":"0","ocean_menu_typo_font_subset":"","ocean_menu_typo_font_size":0,"ocean_menu_typo_font_size_tablet":0,"ocean_menu_typo_font_size_mobile":0,"ocean_menu_typo_font_size_unit":"px","ocean_menu_typo_font_weight":"","ocean_menu_typo_font_weight_tablet":"","ocean_menu_typo_font_weight_mobile":"","ocean_menu_typo_transform":"","ocean_menu_typo_transform_tablet":"","ocean_menu_typo_transform_mobile":"","ocean_menu_typo_line_height":0,"ocean_menu_typo_line_height_tablet":0,"ocean_menu_typo_line_height_mobile":0,"ocean_menu_typo_line_height_unit":"","ocean_menu_typo_spacing":0,"ocean_menu_typo_spacing_tablet":0,"ocean_menu_typo_spacing_mobile":0,"ocean_menu_typo_spacing_unit":"","ocean_menu_link_color":"","ocean_menu_link_color_hover":"","ocean_menu_link_color_active":"","ocean_menu_link_background":"","ocean_menu_link_hover_background":"","ocean_menu_link_active_background":"","ocean_menu_social_links_bg":"","ocean_menu_social_hover_links_bg":"","ocean_menu_social_links_color":"","ocean_menu_social_hover_links_color":"","ocean_disable_title":"default","ocean_disable_heading":"default","ocean_post_title":"","ocean_post_subheading":"","ocean_post_title_style":"","ocean_post_title_background_color":"","ocean_post_title_background":0,"ocean_post_title_bg_image_position":"","ocean_post_title_bg_image_attachment":"","ocean_post_title_bg_image_repeat":"","ocean_post_title_bg_image_size":"","ocean_post_title_height":0,"ocean_post_title_bg_overlay":0.5,"ocean_post_title_bg_overlay_color":"","ocean_disable_breadcrumbs":"default","ocean_breadcrumbs_color":"","ocean_breadcrumbs_separator_color":"","ocean_breadcrumbs_links_color":"","ocean_breadcrumbs_links_hover_color":"","ocean_display_footer_widgets":"default","ocean_display_footer_bottom":"default","ocean_custom_footer_template":"0","_glsr_average":0,"_glsr_ranking":0,"_glsr_reviews":0},"product_brand":[],"product_cat":[104],"product_tag":[],"class_list":{"0":"post-4222","1":"product","2":"type-product","3":"status-publish","4":"has-post-thumbnail","6":"product_cat-pendentif-orgonite","8":"entry","9":"has-media","11":"first","12":"instock","13":"taxable","14":"shipping-taxable","15":"purchasable","16":"product-type-simple","17":"add-to-wishlist-after_add_to_cart","18":"has-product-nav","19":"col","20":"span_1_of_3","21":"owp-content-center","22":"owp-thumbs-layout-vertical","23":"owp-btn-normal","24":"owp-tabs-layout-horizontal"},"yoast_head":"<!-- This site is optimized with the Yoast SEO plugin v27.4 - https:\/\/yoast.com\/product\/yoast-seo-wordpress\/ -->\n<title>Pendentif Graine de Vie en aventurine - HEN<\/title>\n<meta name=\"description\" content=\"Pendentif Graine de Vie, en orgonite, dans de la r\u00e9sine \u00e9poxy, contenant du laiton, de l&#039;aventurine et du cristal de quartz.\" \/>\n<meta name=\"robots\" content=\"index, follow, max-snippet:-1, max-image-preview:large, max-video-preview:-1\" \/>\n<link rel=\"canonical\" href=\"https:\/\/henergylab.com\/fr\/produit\/pendentif-graine-de-vie-en-aventurine\/\" \/>\n<meta property=\"og:locale\" content=\"fr_FR\" \/>\n<meta property=\"og:type\" content=\"article\" \/>\n<meta property=\"og:title\" content=\"Pendentif Graine de Vie en aventurine - HEN\" \/>\n<meta property=\"og:description\" content=\"Pendentif Graine de Vie, en orgonite, dans de la r\u00e9sine \u00e9poxy, contenant du laiton, de l&#039;aventurine et du cristal de quartz.\" \/>\n<meta property=\"og:url\" content=\"https:\/\/henergylab.com\/fr\/produit\/pendentif-graine-de-vie-en-aventurine\/\" \/>\n<meta property=\"og:site_name\" content=\"HEN\" \/>\n<meta property=\"article:modified_time\" content=\"2025-11-02T01:13:49+00:00\" \/>\n<meta property=\"og:image\" content=\"https:\/\/henergylab.com\/wp-content\/uploads\/2025\/03\/2SED-G-aventurine1.jpg\" \/>\n\t<meta property=\"og:image:width\" content=\"2488\" \/>\n\t<meta property=\"og:image:height\" content=\"2500\" \/>\n\t<meta property=\"og:image:type\" content=\"image\/jpeg\" \/>\n<meta name=\"twitter:card\" content=\"summary_large_image\" \/>\n<meta name=\"twitter:label1\" content=\"Dur\u00e9e de lecture estim\u00e9e\" \/>\n\t<meta name=\"twitter:data1\" content=\"1 minute\" \/>\n<script type=\"application\/ld+json\" class=\"yoast-schema-graph\">{\"@context\":\"https:\\\/\\\/schema.org\",\"@graph\":[{\"@type\":\"WebPage\",\"@id\":\"https:\\\/\\\/henergylab.com\\\/fr\\\/produit\\\/pendentif-graine-de-vie-en-aventurine\\\/\",\"url\":\"https:\\\/\\\/henergylab.com\\\/fr\\\/produit\\\/pendentif-graine-de-vie-en-aventurine\\\/\",\"name\":\"Pendentif Graine de Vie en aventurine - HEN\",\"isPartOf\":{\"@id\":\"https:\\\/\\\/henergylab.com\\\/fr\\\/#website\"},\"primaryImageOfPage\":{\"@id\":\"https:\\\/\\\/henergylab.com\\\/fr\\\/produit\\\/pendentif-graine-de-vie-en-aventurine\\\/#primaryimage\"},\"image\":{\"@id\":\"https:\\\/\\\/henergylab.com\\\/fr\\\/produit\\\/pendentif-graine-de-vie-en-aventurine\\\/#primaryimage\"},\"thumbnailUrl\":\"https:\\\/\\\/henergylab.com\\\/wp-content\\\/uploads\\\/2025\\\/03\\\/2SED-G-aventurine1.jpg\",\"datePublished\":\"2025-03-12T23:22:26+00:00\",\"dateModified\":\"2025-11-02T01:13:49+00:00\",\"description\":\"Pendentif Graine de Vie, en orgonite, dans de la r\u00e9sine \u00e9poxy, contenant du laiton, de l'aventurine et du cristal de quartz.\",\"breadcrumb\":{\"@id\":\"https:\\\/\\\/henergylab.com\\\/fr\\\/produit\\\/pendentif-graine-de-vie-en-aventurine\\\/#breadcrumb\"},\"inLanguage\":\"fr-FR\",\"potentialAction\":[{\"@type\":\"ReadAction\",\"target\":[\"https:\\\/\\\/henergylab.com\\\/fr\\\/produit\\\/pendentif-graine-de-vie-en-aventurine\\\/\"]}]},{\"@type\":\"ImageObject\",\"inLanguage\":\"fr-FR\",\"@id\":\"https:\\\/\\\/henergylab.com\\\/fr\\\/produit\\\/pendentif-graine-de-vie-en-aventurine\\\/#primaryimage\",\"url\":\"https:\\\/\\\/henergylab.com\\\/wp-content\\\/uploads\\\/2025\\\/03\\\/2SED-G-aventurine1.jpg\",\"contentUrl\":\"https:\\\/\\\/henergylab.com\\\/wp-content\\\/uploads\\\/2025\\\/03\\\/2SED-G-aventurine1.jpg\",\"width\":2488,\"height\":2500},{\"@type\":\"BreadcrumbList\",\"@id\":\"https:\\\/\\\/henergylab.com\\\/fr\\\/produit\\\/pendentif-graine-de-vie-en-aventurine\\\/#breadcrumb\",\"itemListElement\":[{\"@type\":\"ListItem\",\"position\":1,\"name\":\"Home\",\"item\":\"https:\\\/\\\/henergylab.com\\\/fr\\\/\"},{\"@type\":\"ListItem\",\"position\":2,\"name\":\"Shop\",\"item\":\"https:\\\/\\\/henergylab.com\\\/negozio\\\/\"},{\"@type\":\"ListItem\",\"position\":3,\"name\":\"Pendentif Graine de Vie en aventurine\"}]},{\"@type\":\"WebSite\",\"@id\":\"https:\\\/\\\/henergylab.com\\\/fr\\\/#website\",\"url\":\"https:\\\/\\\/henergylab.com\\\/fr\\\/\",\"name\":\"henergylab\",\"description\":\"\",\"publisher\":{\"@id\":\"https:\\\/\\\/henergylab.com\\\/fr\\\/#organization\"},\"potentialAction\":[{\"@type\":\"SearchAction\",\"target\":{\"@type\":\"EntryPoint\",\"urlTemplate\":\"https:\\\/\\\/henergylab.com\\\/fr\\\/?s={search_term_string}\"},\"query-input\":{\"@type\":\"PropertyValueSpecification\",\"valueRequired\":true,\"valueName\":\"search_term_string\"}}],\"inLanguage\":\"fr-FR\"},{\"@type\":\"Organization\",\"@id\":\"https:\\\/\\\/henergylab.com\\\/fr\\\/#organization\",\"name\":\"HEN\",\"url\":\"https:\\\/\\\/henergylab.com\\\/fr\\\/\",\"logo\":{\"@type\":\"ImageObject\",\"inLanguage\":\"fr-FR\",\"@id\":\"https:\\\/\\\/henergylab.com\\\/fr\\\/#\\\/schema\\\/logo\\\/image\\\/\",\"url\":\"https:\\\/\\\/henergylab.com\\\/wp-content\\\/uploads\\\/2025\\\/07\\\/Henergylab-logo-scritta-nera-1.png\",\"contentUrl\":\"https:\\\/\\\/henergylab.com\\\/wp-content\\\/uploads\\\/2025\\\/07\\\/Henergylab-logo-scritta-nera-1.png\",\"width\":128,\"height\":128,\"caption\":\"HEN\"},\"image\":{\"@id\":\"https:\\\/\\\/henergylab.com\\\/fr\\\/#\\\/schema\\\/logo\\\/image\\\/\"}}]}<\/script>\n<!-- \/ Yoast SEO plugin. -->","yoast_head_json":{"title":"Pendentif Graine de Vie en aventurine - HEN","description":"Pendentif Graine de Vie, en orgonite, dans de la r\u00e9sine \u00e9poxy, contenant du laiton, de l'aventurine et du cristal de quartz.","robots":{"index":"index","follow":"follow","max-snippet":"max-snippet:-1","max-image-preview":"max-image-preview:large","max-video-preview":"max-video-preview:-1"},"canonical":"https:\/\/henergylab.com\/fr\/produit\/pendentif-graine-de-vie-en-aventurine\/","og_locale":"fr_FR","og_type":"article","og_title":"Pendentif Graine de Vie en aventurine - HEN","og_description":"Pendentif Graine de Vie, en orgonite, dans de la r\u00e9sine \u00e9poxy, contenant du laiton, de l'aventurine et du cristal de quartz.","og_url":"https:\/\/henergylab.com\/fr\/produit\/pendentif-graine-de-vie-en-aventurine\/","og_site_name":"HEN","article_modified_time":"2025-11-02T01:13:49+00:00","og_image":[{"width":2488,"height":2500,"url":"https:\/\/henergylab.com\/wp-content\/uploads\/2025\/03\/2SED-G-aventurine1.jpg","type":"image\/jpeg"}],"twitter_card":"summary_large_image","twitter_misc":{"Dur\u00e9e de lecture estim\u00e9e":"1 minute"},"schema":{"@context":"https:\/\/schema.org","@graph":[{"@type":"WebPage","@id":"https:\/\/henergylab.com\/fr\/produit\/pendentif-graine-de-vie-en-aventurine\/","url":"https:\/\/henergylab.com\/fr\/produit\/pendentif-graine-de-vie-en-aventurine\/","name":"Pendentif Graine de Vie en aventurine - HEN","isPartOf":{"@id":"https:\/\/henergylab.com\/fr\/#website"},"primaryImageOfPage":{"@id":"https:\/\/henergylab.com\/fr\/produit\/pendentif-graine-de-vie-en-aventurine\/#primaryimage"},"image":{"@id":"https:\/\/henergylab.com\/fr\/produit\/pendentif-graine-de-vie-en-aventurine\/#primaryimage"},"thumbnailUrl":"https:\/\/henergylab.com\/wp-content\/uploads\/2025\/03\/2SED-G-aventurine1.jpg","datePublished":"2025-03-12T23:22:26+00:00","dateModified":"2025-11-02T01:13:49+00:00","description":"Pendentif Graine de Vie, en orgonite, dans de la r\u00e9sine \u00e9poxy, contenant du laiton, de l'aventurine et du cristal de quartz.","breadcrumb":{"@id":"https:\/\/henergylab.com\/fr\/produit\/pendentif-graine-de-vie-en-aventurine\/#breadcrumb"},"inLanguage":"fr-FR","potentialAction":[{"@type":"ReadAction","target":["https:\/\/henergylab.com\/fr\/produit\/pendentif-graine-de-vie-en-aventurine\/"]}]},{"@type":"ImageObject","inLanguage":"fr-FR","@id":"https:\/\/henergylab.com\/fr\/produit\/pendentif-graine-de-vie-en-aventurine\/#primaryimage","url":"https:\/\/henergylab.com\/wp-content\/uploads\/2025\/03\/2SED-G-aventurine1.jpg","contentUrl":"https:\/\/henergylab.com\/wp-content\/uploads\/2025\/03\/2SED-G-aventurine1.jpg","width":2488,"height":2500},{"@type":"BreadcrumbList","@id":"https:\/\/henergylab.com\/fr\/produit\/pendentif-graine-de-vie-en-aventurine\/#breadcrumb","itemListElement":[{"@type":"ListItem","position":1,"name":"Home","item":"https:\/\/henergylab.com\/fr\/"},{"@type":"ListItem","position":2,"name":"Shop","item":"https:\/\/henergylab.com\/negozio\/"},{"@type":"ListItem","position":3,"name":"Pendentif Graine de Vie en aventurine"}]},{"@type":"WebSite","@id":"https:\/\/henergylab.com\/fr\/#website","url":"https:\/\/henergylab.com\/fr\/","name":"henergylab","description":"","publisher":{"@id":"https:\/\/henergylab.com\/fr\/#organization"},"potentialAction":[{"@type":"SearchAction","target":{"@type":"EntryPoint","urlTemplate":"https:\/\/henergylab.com\/fr\/?s={search_term_string}"},"query-input":{"@type":"PropertyValueSpecification","valueRequired":true,"valueName":"search_term_string"}}],"inLanguage":"fr-FR"},{"@type":"Organization","@id":"https:\/\/henergylab.com\/fr\/#organization","name":"HEN","url":"https:\/\/henergylab.com\/fr\/","logo":{"@type":"ImageObject","inLanguage":"fr-FR","@id":"https:\/\/henergylab.com\/fr\/#\/schema\/logo\/image\/","url":"https:\/\/henergylab.com\/wp-content\/uploads\/2025\/07\/Henergylab-logo-scritta-nera-1.png","contentUrl":"https:\/\/henergylab.com\/wp-content\/uploads\/2025\/07\/Henergylab-logo-scritta-nera-1.png","width":128,"height":128,"caption":"HEN"},"image":{"@id":"https:\/\/henergylab.com\/fr\/#\/schema\/logo\/image\/"}}]}},"_links":{"self":[{"href":"https:\/\/henergylab.com\/fr\/wp-json\/wp\/v2\/product\/4222","targetHints":{"allow":["GET"]}}],"collection":[{"href":"https:\/\/henergylab.com\/fr\/wp-json\/wp\/v2\/product"}],"about":[{"href":"https:\/\/henergylab.com\/fr\/wp-json\/wp\/v2\/types\/product"}],"replies":[{"embeddable":true,"href":"https:\/\/henergylab.com\/fr\/wp-json\/wp\/v2\/comments?post=4222"}],"wp:featuredmedia":[{"embeddable":true,"href":"https:\/\/henergylab.com\/fr\/wp-json\/wp\/v2\/media\/4224"}],"wp:attachment":[{"href":"https:\/\/henergylab.com\/fr\/wp-json\/wp\/v2\/media?parent=4222"}],"wp:term":[{"taxonomy":"product_brand","embeddable":true,"href":"https:\/\/henergylab.com\/fr\/wp-json\/wp\/v2\/product_brand?post=4222"},{"taxonomy":"product_cat","embeddable":true,"href":"https:\/\/henergylab.com\/fr\/wp-json\/wp\/v2\/product_cat?post=4222"},{"taxonomy":"product_tag","embeddable":true,"href":"https:\/\/henergylab.com\/fr\/wp-json\/wp\/v2\/product_tag?post=4222"}],"curies":[{"name":"wp","href":"https:\/\/api.w.org\/{rel}","templated":true}]}}