{"id":4253,"date":"2025-03-18T22:45:38","date_gmt":"2025-03-18T22:45:38","guid":{"rendered":"https:\/\/henergylab.com\/product\/torus7-coil\/"},"modified":"2025-11-02T01:15:27","modified_gmt":"2025-11-02T01:15:27","slug":"torus7-coil","status":"publish","type":"product","link":"https:\/\/henergylab.com\/fr\/produit\/torus7-coil\/","title":{"rendered":"Torus7 coil"},"content":{"rendered":"<h3 data-start=\"121\" data-end=\"195\"><strong data-start=\"125\" data-end=\"195\">Torus7 Coil \u2014 Bobine portable \u00e0 ondes scalaires pour th\u00e9rapie PEMF<\/strong><\/h3>\n<p data-start=\"197\" data-end=\"427\"><strong data-start=\"197\" data-end=\"212\">Bobine PEMF<\/strong> r\u00e9alis\u00e9e selon les principes des math\u00e9matiques bas\u00e9es sur le vortex. L\u2019enroulement particulier, inspir\u00e9 par la forme de notre Univers, permet la cr\u00e9ation d\u2019<strong data-start=\"369\" data-end=\"388\">ondes scalaires<\/strong> ou de <strong data-start=\"395\" data-end=\"426\">champs \u00e9nerg\u00e9tiques subtils<\/strong>.<\/p>\n<p data-start=\"429\" data-end=\"750\">Le <strong data-start=\"432\" data-end=\"452\">champ magn\u00e9tique<\/strong> g\u00e9n\u00e9r\u00e9 s\u2019int\u00e8gre au <strong data-start=\"473\" data-end=\"489\">champ subtil<\/strong> accumul\u00e9 par le tore gr\u00e2ce aux mat\u00e9riaux utilis\u00e9s : une <strong data-start=\"546\" data-end=\"569\">matrice en orgonite<\/strong> qui g\u00e9n\u00e8re des ondes scalaires. Cette \u00e9nergie est amplifi\u00e9e et modul\u00e9e par le champ magn\u00e9tique, am\u00e9liorant la capacit\u00e9 du dispositif \u00e0 <strong data-start=\"705\" data-end=\"749\">transmettre et \u00e0 conduire les fr\u00e9quences<\/strong>.<\/p>\n<p data-start=\"752\" data-end=\"1076\">Cette <strong data-start=\"758\" data-end=\"809\">synergie entre champ magn\u00e9tique et champ subtil<\/strong> permet au dispositif d\u2019interagir avec les <strong data-start=\"852\" data-end=\"899\">champs \u00e9nerg\u00e9tiques subtils du corps humain<\/strong>, stimulant <strong data-start=\"911\" data-end=\"936\">l\u2019activit\u00e9 cellulaire<\/strong> et am\u00e9liorant le <strong data-start=\"954\" data-end=\"975\">bien-\u00eatre g\u00e9n\u00e9ral<\/strong> gr\u00e2ce \u00e0 l\u2019utilisation de <strong data-start=\"1001\" data-end=\"1042\">fr\u00e9quences th\u00e9rapeutiques sp\u00e9cifiques<\/strong>, telles que la <strong data-start=\"1058\" data-end=\"1075\">th\u00e9rapie Rife<\/strong>.<\/p>\n<p data-start=\"1078\" data-end=\"1407\">Cette synergie entre champ magn\u00e9tique et champ subtil permet de <strong data-start=\"1142\" data-end=\"1195\">v\u00e9hiculer des fr\u00e9quences au-del\u00e0 du plan physique<\/strong>, au niveau du <strong data-start=\"1210\" data-end=\"1229\">corps \u00e9th\u00e9rique<\/strong>. Ce champ \u00e9nerg\u00e9tique interagit avec les dynamiques vitales, stimulant les champs \u00e9nerg\u00e9tiques subtils du corps humain, l\u2019activit\u00e9 cellulaire et am\u00e9liorant le bien-\u00eatre g\u00e9n\u00e9ral.<\/p>\n<hr data-start=\"1409\" data-end=\"1412\" \/>\n<h3 data-start=\"1414\" data-end=\"1459\"><strong data-start=\"1418\" data-end=\"1459\">Bienfaits de la th\u00e9rapie Rife ou PEMF<\/strong><\/h3>\n<p data-start=\"1461\" data-end=\"1554\">Lorsqu\u2019elle est appliqu\u00e9e par des champs \u00e9lectromagn\u00e9tiques, ses bienfaits sont bien connus :<\/p>\n<ul data-start=\"1556\" data-end=\"2257\">\n<li data-start=\"1556\" data-end=\"1648\">\n<p data-start=\"1558\" data-end=\"1648\"><strong data-start=\"1558\" data-end=\"1586\">Stimulation cellulaire :<\/strong> Am\u00e9liore la sant\u00e9 cellulaire et la r\u00e9g\u00e9n\u00e9ration des tissus.<\/p>\n<\/li>\n<li data-start=\"1649\" data-end=\"1733\">\n<p data-start=\"1651\" data-end=\"1733\"><strong data-start=\"1651\" data-end=\"1687\">Am\u00e9lioration de la circulation :<\/strong> Favorise une circulation sanguine optimale.<\/p>\n<\/li>\n<li data-start=\"1734\" data-end=\"1839\">\n<p data-start=\"1736\" data-end=\"1839\"><strong data-start=\"1736\" data-end=\"1781\">Relaxation et soulagement de la douleur :<\/strong> R\u00e9duit les tensions musculaires et favorise la d\u00e9tente.<\/p>\n<\/li>\n<li data-start=\"1840\" data-end=\"1989\">\n<p data-start=\"1842\" data-end=\"1989\"><strong data-start=\"1842\" data-end=\"1865\">Bien-\u00eatre g\u00e9n\u00e9ral :<\/strong> Favorise l\u2019\u00e9quilibre \u00e9nerg\u00e9tique et le bien-\u00eatre psychophysique \u00e0 travers l\u2019interaction avec les champs subtils du corps.<\/p>\n<\/li>\n<li data-start=\"1990\" data-end=\"2257\">\n<p data-start=\"1992\" data-end=\"2257\"><strong data-start=\"1992\" data-end=\"2031\">\u00c9limination des agents pathog\u00e8nes :<\/strong> L\u2019utilisation de fr\u00e9quences sp\u00e9cifiques, r\u00e9sultat de d\u00e9cennies de recherches et d\u2019exp\u00e9rimentations, permet l\u2019\u00e9limination s\u00e9lective des virus, bact\u00e9ries et autres agents pathog\u00e8nes par <strong data-start=\"2216\" data-end=\"2256\">r\u00e9sonance d\u2019ondes \u00e9lectromagn\u00e9tiques<\/strong>.<\/p>\n<\/li>\n<\/ul>\n<hr data-start=\"2259\" data-end=\"2262\" \/>\n<h3 data-start=\"2264\" data-end=\"2303\"><strong data-start=\"2268\" data-end=\"2303\">Caract\u00e9ristiques et utilisation<\/strong><\/h3>\n<p data-start=\"2305\" data-end=\"2579\">Con\u00e7ue comme un <strong data-start=\"2321\" data-end=\"2344\">dispositif portable<\/strong>, elle se connecte \u00e0 un <strong data-start=\"2368\" data-end=\"2382\">smartphone<\/strong> et se contr\u00f4le \u00e0 l\u2019aide d\u2019une <strong data-start=\"2413\" data-end=\"2454\">application g\u00e9n\u00e9ratrice de fr\u00e9quences<\/strong> (comme <strong data-start=\"2462\" data-end=\"2471\">Z-app<\/strong> ou d\u2019autres), ou via un <strong data-start=\"2496\" data-end=\"2511\">lecteur MP3<\/strong> avec des fr\u00e9quences pr\u00e9charg\u00e9es, connect\u00e9 par <strong data-start=\"2558\" data-end=\"2578\">prise audio jack<\/strong>.<\/p>\n<p data-start=\"2581\" data-end=\"2617\">La bobine a un <strong data-start=\"2596\" data-end=\"2616\">diam\u00e8tre de 7 cm<\/strong>.<\/p>\n","protected":false},"excerpt":{"rendered":"<p>Bobine toro\u00efdale PEMF, con\u00e7ue comme un appareil portable, \u00e0 utiliser avec les smartphones<\/p>\n","protected":false},"featured_media":4258,"comment_status":"open","ping_status":"closed","template":"","meta":{"ocean_post_layout":"","ocean_both_sidebars_style":"","ocean_both_sidebars_content_width":0,"ocean_both_sidebars_sidebars_width":0,"ocean_sidebar":"0","ocean_second_sidebar":"0","ocean_disable_margins":"enable","ocean_add_body_class":"","ocean_shortcode_before_top_bar":"","ocean_shortcode_after_top_bar":"","ocean_shortcode_before_header":"","ocean_shortcode_after_header":"","ocean_has_shortcode":"","ocean_shortcode_after_title":"","ocean_shortcode_before_footer_widgets":"","ocean_shortcode_after_footer_widgets":"","ocean_shortcode_before_footer_bottom":"","ocean_shortcode_after_footer_bottom":"","ocean_display_top_bar":"default","ocean_display_header":"default","ocean_header_style":"","ocean_center_header_left_menu":"0","ocean_custom_header_template":"0","ocean_custom_logo":0,"ocean_custom_retina_logo":0,"ocean_custom_logo_max_width":0,"ocean_custom_logo_tablet_max_width":0,"ocean_custom_logo_mobile_max_width":0,"ocean_custom_logo_max_height":0,"ocean_custom_logo_tablet_max_height":0,"ocean_custom_logo_mobile_max_height":0,"ocean_header_custom_menu":"0","ocean_menu_typo_font_family":"0","ocean_menu_typo_font_subset":"","ocean_menu_typo_font_size":0,"ocean_menu_typo_font_size_tablet":0,"ocean_menu_typo_font_size_mobile":0,"ocean_menu_typo_font_size_unit":"px","ocean_menu_typo_font_weight":"","ocean_menu_typo_font_weight_tablet":"","ocean_menu_typo_font_weight_mobile":"","ocean_menu_typo_transform":"","ocean_menu_typo_transform_tablet":"","ocean_menu_typo_transform_mobile":"","ocean_menu_typo_line_height":0,"ocean_menu_typo_line_height_tablet":0,"ocean_menu_typo_line_height_mobile":0,"ocean_menu_typo_line_height_unit":"","ocean_menu_typo_spacing":0,"ocean_menu_typo_spacing_tablet":0,"ocean_menu_typo_spacing_mobile":0,"ocean_menu_typo_spacing_unit":"","ocean_menu_link_color":"","ocean_menu_link_color_hover":"","ocean_menu_link_color_active":"","ocean_menu_link_background":"","ocean_menu_link_hover_background":"","ocean_menu_link_active_background":"","ocean_menu_social_links_bg":"","ocean_menu_social_hover_links_bg":"","ocean_menu_social_links_color":"","ocean_menu_social_hover_links_color":"","ocean_disable_title":"default","ocean_disable_heading":"default","ocean_post_title":"","ocean_post_subheading":"","ocean_post_title_style":"","ocean_post_title_background_color":"","ocean_post_title_background":0,"ocean_post_title_bg_image_position":"","ocean_post_title_bg_image_attachment":"","ocean_post_title_bg_image_repeat":"","ocean_post_title_bg_image_size":"","ocean_post_title_height":0,"ocean_post_title_bg_overlay":0.5,"ocean_post_title_bg_overlay_color":"","ocean_disable_breadcrumbs":"default","ocean_breadcrumbs_color":"","ocean_breadcrumbs_separator_color":"","ocean_breadcrumbs_links_color":"","ocean_breadcrumbs_links_hover_color":"","ocean_display_footer_widgets":"default","ocean_display_footer_bottom":"default","ocean_custom_footer_template":"0","_glsr_average":0,"_glsr_ranking":0,"_glsr_reviews":0},"product_brand":[],"product_cat":[105],"product_tag":[],"class_list":{"0":"post-4253","1":"product","2":"type-product","3":"status-publish","4":"has-post-thumbnail","6":"product_cat-hencoils","8":"entry","9":"has-media","11":"first","12":"instock","13":"taxable","14":"shipping-taxable","15":"purchasable","16":"product-type-simple","17":"add-to-wishlist-after_add_to_cart","18":"has-product-nav","19":"col","20":"span_1_of_3","21":"owp-content-center","22":"owp-thumbs-layout-vertical","23":"owp-btn-normal","24":"owp-tabs-layout-horizontal"},"yoast_head":"<!-- This site is optimized with the Yoast SEO plugin v27.4 - https:\/\/yoast.com\/product\/yoast-seo-wordpress\/ -->\n<title>Torus7 coil - HEN<\/title>\n<meta name=\"description\" content=\"Bobine Torus7, appareil Orgonite, PEMF et ondes scalaires \u00e0 connecter directement \u00e0 votre smartphone ou lecteur MP3 et \u00e0 emporter partout avec vous\" \/>\n<meta name=\"robots\" content=\"index, follow, max-snippet:-1, max-image-preview:large, max-video-preview:-1\" \/>\n<link rel=\"canonical\" href=\"https:\/\/henergylab.com\/fr\/produit\/torus7-coil\/\" \/>\n<meta property=\"og:locale\" content=\"fr_FR\" \/>\n<meta property=\"og:type\" content=\"article\" \/>\n<meta property=\"og:title\" content=\"Torus7 coil - HEN\" \/>\n<meta property=\"og:description\" content=\"Bobine Torus7, appareil Orgonite, PEMF et ondes scalaires \u00e0 connecter directement \u00e0 votre smartphone ou lecteur MP3 et \u00e0 emporter partout avec vous\" \/>\n<meta property=\"og:url\" content=\"https:\/\/henergylab.com\/fr\/produit\/torus7-coil\/\" \/>\n<meta property=\"og:site_name\" content=\"HEN\" \/>\n<meta property=\"article:modified_time\" content=\"2025-11-02T01:15:27+00:00\" \/>\n<meta property=\"og:image\" content=\"https:\/\/henergylab.com\/wp-content\/uploads\/2025\/03\/coil7ET4.jpg\" \/>\n\t<meta property=\"og:image:width\" content=\"1140\" \/>\n\t<meta property=\"og:image:height\" content=\"939\" \/>\n\t<meta property=\"og:image:type\" content=\"image\/jpeg\" \/>\n<meta name=\"twitter:card\" content=\"summary_large_image\" \/>\n<meta name=\"twitter:label1\" content=\"Dur\u00e9e de lecture estim\u00e9e\" \/>\n\t<meta name=\"twitter:data1\" content=\"2 minutes\" \/>\n<script type=\"application\/ld+json\" class=\"yoast-schema-graph\">{\"@context\":\"https:\\\/\\\/schema.org\",\"@graph\":[{\"@type\":\"WebPage\",\"@id\":\"https:\\\/\\\/henergylab.com\\\/fr\\\/produit\\\/torus7-coil\\\/\",\"url\":\"https:\\\/\\\/henergylab.com\\\/fr\\\/produit\\\/torus7-coil\\\/\",\"name\":\"Torus7 coil - HEN\",\"isPartOf\":{\"@id\":\"https:\\\/\\\/henergylab.com\\\/fr\\\/#website\"},\"primaryImageOfPage\":{\"@id\":\"https:\\\/\\\/henergylab.com\\\/fr\\\/produit\\\/torus7-coil\\\/#primaryimage\"},\"image\":{\"@id\":\"https:\\\/\\\/henergylab.com\\\/fr\\\/produit\\\/torus7-coil\\\/#primaryimage\"},\"thumbnailUrl\":\"https:\\\/\\\/henergylab.com\\\/wp-content\\\/uploads\\\/2025\\\/03\\\/coil7ET4.jpg\",\"datePublished\":\"2025-03-18T22:45:38+00:00\",\"dateModified\":\"2025-11-02T01:15:27+00:00\",\"description\":\"Bobine Torus7, appareil Orgonite, PEMF et ondes scalaires \u00e0 connecter directement \u00e0 votre smartphone ou lecteur MP3 et \u00e0 emporter partout avec vous\",\"breadcrumb\":{\"@id\":\"https:\\\/\\\/henergylab.com\\\/fr\\\/produit\\\/torus7-coil\\\/#breadcrumb\"},\"inLanguage\":\"fr-FR\",\"potentialAction\":[{\"@type\":\"ReadAction\",\"target\":[\"https:\\\/\\\/henergylab.com\\\/fr\\\/produit\\\/torus7-coil\\\/\"]}]},{\"@type\":\"ImageObject\",\"inLanguage\":\"fr-FR\",\"@id\":\"https:\\\/\\\/henergylab.com\\\/fr\\\/produit\\\/torus7-coil\\\/#primaryimage\",\"url\":\"https:\\\/\\\/henergylab.com\\\/wp-content\\\/uploads\\\/2025\\\/03\\\/coil7ET4.jpg\",\"contentUrl\":\"https:\\\/\\\/henergylab.com\\\/wp-content\\\/uploads\\\/2025\\\/03\\\/coil7ET4.jpg\",\"width\":1140,\"height\":939},{\"@type\":\"BreadcrumbList\",\"@id\":\"https:\\\/\\\/henergylab.com\\\/fr\\\/produit\\\/torus7-coil\\\/#breadcrumb\",\"itemListElement\":[{\"@type\":\"ListItem\",\"position\":1,\"name\":\"Home\",\"item\":\"https:\\\/\\\/henergylab.com\\\/fr\\\/\"},{\"@type\":\"ListItem\",\"position\":2,\"name\":\"Shop\",\"item\":\"https:\\\/\\\/henergylab.com\\\/negozio\\\/\"},{\"@type\":\"ListItem\",\"position\":3,\"name\":\"Torus7 coil\"}]},{\"@type\":\"WebSite\",\"@id\":\"https:\\\/\\\/henergylab.com\\\/fr\\\/#website\",\"url\":\"https:\\\/\\\/henergylab.com\\\/fr\\\/\",\"name\":\"henergylab\",\"description\":\"\",\"publisher\":{\"@id\":\"https:\\\/\\\/henergylab.com\\\/fr\\\/#organization\"},\"potentialAction\":[{\"@type\":\"SearchAction\",\"target\":{\"@type\":\"EntryPoint\",\"urlTemplate\":\"https:\\\/\\\/henergylab.com\\\/fr\\\/?s={search_term_string}\"},\"query-input\":{\"@type\":\"PropertyValueSpecification\",\"valueRequired\":true,\"valueName\":\"search_term_string\"}}],\"inLanguage\":\"fr-FR\"},{\"@type\":\"Organization\",\"@id\":\"https:\\\/\\\/henergylab.com\\\/fr\\\/#organization\",\"name\":\"HEN\",\"url\":\"https:\\\/\\\/henergylab.com\\\/fr\\\/\",\"logo\":{\"@type\":\"ImageObject\",\"inLanguage\":\"fr-FR\",\"@id\":\"https:\\\/\\\/henergylab.com\\\/fr\\\/#\\\/schema\\\/logo\\\/image\\\/\",\"url\":\"https:\\\/\\\/henergylab.com\\\/wp-content\\\/uploads\\\/2025\\\/07\\\/Henergylab-logo-scritta-nera-1.png\",\"contentUrl\":\"https:\\\/\\\/henergylab.com\\\/wp-content\\\/uploads\\\/2025\\\/07\\\/Henergylab-logo-scritta-nera-1.png\",\"width\":128,\"height\":128,\"caption\":\"HEN\"},\"image\":{\"@id\":\"https:\\\/\\\/henergylab.com\\\/fr\\\/#\\\/schema\\\/logo\\\/image\\\/\"}}]}<\/script>\n<!-- \/ Yoast SEO plugin. -->","yoast_head_json":{"title":"Torus7 coil - HEN","description":"Bobine Torus7, appareil Orgonite, PEMF et ondes scalaires \u00e0 connecter directement \u00e0 votre smartphone ou lecteur MP3 et \u00e0 emporter partout avec vous","robots":{"index":"index","follow":"follow","max-snippet":"max-snippet:-1","max-image-preview":"max-image-preview:large","max-video-preview":"max-video-preview:-1"},"canonical":"https:\/\/henergylab.com\/fr\/produit\/torus7-coil\/","og_locale":"fr_FR","og_type":"article","og_title":"Torus7 coil - HEN","og_description":"Bobine Torus7, appareil Orgonite, PEMF et ondes scalaires \u00e0 connecter directement \u00e0 votre smartphone ou lecteur MP3 et \u00e0 emporter partout avec vous","og_url":"https:\/\/henergylab.com\/fr\/produit\/torus7-coil\/","og_site_name":"HEN","article_modified_time":"2025-11-02T01:15:27+00:00","og_image":[{"width":1140,"height":939,"url":"https:\/\/henergylab.com\/wp-content\/uploads\/2025\/03\/coil7ET4.jpg","type":"image\/jpeg"}],"twitter_card":"summary_large_image","twitter_misc":{"Dur\u00e9e de lecture estim\u00e9e":"2 minutes"},"schema":{"@context":"https:\/\/schema.org","@graph":[{"@type":"WebPage","@id":"https:\/\/henergylab.com\/fr\/produit\/torus7-coil\/","url":"https:\/\/henergylab.com\/fr\/produit\/torus7-coil\/","name":"Torus7 coil - HEN","isPartOf":{"@id":"https:\/\/henergylab.com\/fr\/#website"},"primaryImageOfPage":{"@id":"https:\/\/henergylab.com\/fr\/produit\/torus7-coil\/#primaryimage"},"image":{"@id":"https:\/\/henergylab.com\/fr\/produit\/torus7-coil\/#primaryimage"},"thumbnailUrl":"https:\/\/henergylab.com\/wp-content\/uploads\/2025\/03\/coil7ET4.jpg","datePublished":"2025-03-18T22:45:38+00:00","dateModified":"2025-11-02T01:15:27+00:00","description":"Bobine Torus7, appareil Orgonite, PEMF et ondes scalaires \u00e0 connecter directement \u00e0 votre smartphone ou lecteur MP3 et \u00e0 emporter partout avec vous","breadcrumb":{"@id":"https:\/\/henergylab.com\/fr\/produit\/torus7-coil\/#breadcrumb"},"inLanguage":"fr-FR","potentialAction":[{"@type":"ReadAction","target":["https:\/\/henergylab.com\/fr\/produit\/torus7-coil\/"]}]},{"@type":"ImageObject","inLanguage":"fr-FR","@id":"https:\/\/henergylab.com\/fr\/produit\/torus7-coil\/#primaryimage","url":"https:\/\/henergylab.com\/wp-content\/uploads\/2025\/03\/coil7ET4.jpg","contentUrl":"https:\/\/henergylab.com\/wp-content\/uploads\/2025\/03\/coil7ET4.jpg","width":1140,"height":939},{"@type":"BreadcrumbList","@id":"https:\/\/henergylab.com\/fr\/produit\/torus7-coil\/#breadcrumb","itemListElement":[{"@type":"ListItem","position":1,"name":"Home","item":"https:\/\/henergylab.com\/fr\/"},{"@type":"ListItem","position":2,"name":"Shop","item":"https:\/\/henergylab.com\/negozio\/"},{"@type":"ListItem","position":3,"name":"Torus7 coil"}]},{"@type":"WebSite","@id":"https:\/\/henergylab.com\/fr\/#website","url":"https:\/\/henergylab.com\/fr\/","name":"henergylab","description":"","publisher":{"@id":"https:\/\/henergylab.com\/fr\/#organization"},"potentialAction":[{"@type":"SearchAction","target":{"@type":"EntryPoint","urlTemplate":"https:\/\/henergylab.com\/fr\/?s={search_term_string}"},"query-input":{"@type":"PropertyValueSpecification","valueRequired":true,"valueName":"search_term_string"}}],"inLanguage":"fr-FR"},{"@type":"Organization","@id":"https:\/\/henergylab.com\/fr\/#organization","name":"HEN","url":"https:\/\/henergylab.com\/fr\/","logo":{"@type":"ImageObject","inLanguage":"fr-FR","@id":"https:\/\/henergylab.com\/fr\/#\/schema\/logo\/image\/","url":"https:\/\/henergylab.com\/wp-content\/uploads\/2025\/07\/Henergylab-logo-scritta-nera-1.png","contentUrl":"https:\/\/henergylab.com\/wp-content\/uploads\/2025\/07\/Henergylab-logo-scritta-nera-1.png","width":128,"height":128,"caption":"HEN"},"image":{"@id":"https:\/\/henergylab.com\/fr\/#\/schema\/logo\/image\/"}}]}},"_links":{"self":[{"href":"https:\/\/henergylab.com\/fr\/wp-json\/wp\/v2\/product\/4253","targetHints":{"allow":["GET"]}}],"collection":[{"href":"https:\/\/henergylab.com\/fr\/wp-json\/wp\/v2\/product"}],"about":[{"href":"https:\/\/henergylab.com\/fr\/wp-json\/wp\/v2\/types\/product"}],"replies":[{"embeddable":true,"href":"https:\/\/henergylab.com\/fr\/wp-json\/wp\/v2\/comments?post=4253"}],"wp:featuredmedia":[{"embeddable":true,"href":"https:\/\/henergylab.com\/fr\/wp-json\/wp\/v2\/media\/4258"}],"wp:attachment":[{"href":"https:\/\/henergylab.com\/fr\/wp-json\/wp\/v2\/media?parent=4253"}],"wp:term":[{"taxonomy":"product_brand","embeddable":true,"href":"https:\/\/henergylab.com\/fr\/wp-json\/wp\/v2\/product_brand?post=4253"},{"taxonomy":"product_cat","embeddable":true,"href":"https:\/\/henergylab.com\/fr\/wp-json\/wp\/v2\/product_cat?post=4253"},{"taxonomy":"product_tag","embeddable":true,"href":"https:\/\/henergylab.com\/fr\/wp-json\/wp\/v2\/product_tag?post=4253"}],"curies":[{"name":"wp","href":"https:\/\/api.w.org\/{rel}","templated":true}]}}