{"id":4289,"date":"2025-03-20T01:34:32","date_gmt":"2025-03-20T01:34:32","guid":{"rendered":"https:\/\/henergylab.com\/product\/hencoil-1-quartz\/"},"modified":"2025-11-02T01:17:04","modified_gmt":"2025-11-02T01:17:04","slug":"hencoil-1-quartz","status":"publish","type":"product","link":"https:\/\/henergylab.com\/fr\/produit\/hencoil-1-quartz\/","title":{"rendered":"HenCoil 1 Quartz"},"content":{"rendered":"<h3 data-start=\"113\" data-end=\"183\"><strong data-start=\"117\" data-end=\"183\">HenCoil 1 Quartz \u2013 Bobine \u00e0 ondes scalaires pour th\u00e9rapie PEMF<\/strong><\/h3>\n<hr data-start=\"185\" data-end=\"188\" \/>\n<p data-start=\"190\" data-end=\"452\"><strong data-start=\"190\" data-end=\"210\">HenCoil 1 Quartz<\/strong> est une <strong data-start=\"219\" data-end=\"234\">bobine PEMF<\/strong> con\u00e7ue selon les principes des <strong data-start=\"266\" data-end=\"304\">math\u00e9matiques bas\u00e9es sur le vortex<\/strong>. Son enroulement particulier, inspir\u00e9 de la forme de notre Univers, permet la cr\u00e9ation d\u2019<strong data-start=\"394\" data-end=\"413\">ondes scalaires<\/strong> ou de <strong data-start=\"420\" data-end=\"451\">champs \u00e9nerg\u00e9tiques subtils<\/strong>.<\/p>\n<p data-start=\"454\" data-end=\"676\">Le <strong data-start=\"457\" data-end=\"477\">champ magn\u00e9tique<\/strong> g\u00e9n\u00e9r\u00e9 s\u2019int\u00e8gre avec le <strong data-start=\"503\" data-end=\"519\">champ subtil<\/strong> accumul\u00e9 par le <strong data-start=\"536\" data-end=\"547\">toro\u00efde<\/strong> gr\u00e2ce aux <strong data-start=\"558\" data-end=\"591\">cristaux d\u2019am\u00e9thyste pr\u00e9sents<\/strong>, am\u00e9liorant la capacit\u00e9 de l\u2019appareil \u00e0 <strong data-start=\"632\" data-end=\"675\">transmettre et v\u00e9hiculer les fr\u00e9quences<\/strong>.<\/p>\n<p data-start=\"678\" data-end=\"882\">Le <strong data-start=\"681\" data-end=\"691\">quartz<\/strong> offre une <strong data-start=\"702\" data-end=\"746\">protection contre les \u00e9nergies n\u00e9gatives<\/strong> et <strong data-start=\"750\" data-end=\"769\">renforce l\u2019aura<\/strong>, facilite la <strong data-start=\"783\" data-end=\"808\">centration int\u00e9rieure<\/strong> et r\u00e9sonne avec le <strong data-start=\"828\" data-end=\"855\">chakra du troisi\u00e8me \u0153il<\/strong> et le <strong data-start=\"862\" data-end=\"881\">chakra couronne<\/strong>.<\/p>\n<hr data-start=\"884\" data-end=\"887\" \/>\n<h3 data-start=\"889\" data-end=\"917\"><strong data-start=\"893\" data-end=\"917\">Synergie \u00e9nerg\u00e9tique<\/strong><\/h3>\n<p data-start=\"919\" data-end=\"1280\">Cette synergie entre le <strong data-start=\"943\" data-end=\"963\">champ magn\u00e9tique<\/strong> et le <strong data-start=\"970\" data-end=\"986\">champ subtil<\/strong> permet de <strong data-start=\"997\" data-end=\"1050\">v\u00e9hiculer des fr\u00e9quences au-del\u00e0 du plan physique<\/strong>, au niveau du <strong data-start=\"1065\" data-end=\"1084\">corps \u00e9th\u00e9rique<\/strong>.<br data-start=\"1085\" data-end=\"1088\" \/>Ce champ \u00e9nerg\u00e9tique <strong data-start=\"1109\" data-end=\"1150\">interagit avec les dynamiques vitales<\/strong>, stimulant les <strong data-start=\"1166\" data-end=\"1197\">champs \u00e9nerg\u00e9tiques subtils<\/strong> du corps humain, l\u2019<strong data-start=\"1217\" data-end=\"1240\">activit\u00e9 cellulaire<\/strong> et am\u00e9liorant le <strong data-start=\"1258\" data-end=\"1279\">bien-\u00eatre g\u00e9n\u00e9ral<\/strong>.<\/p>\n<hr data-start=\"1282\" data-end=\"1285\" \/>\n<h3 data-start=\"1287\" data-end=\"1304\"><strong data-start=\"1291\" data-end=\"1304\">Bienfaits<\/strong><\/h3>\n<p data-start=\"1306\" data-end=\"1443\">Les bienfaits de la <strong data-start=\"1326\" data-end=\"1343\">th\u00e9rapie Rife<\/strong> ou du <strong data-start=\"1350\" data-end=\"1358\">PEMF<\/strong>, lorsqu\u2019ils sont appliqu\u00e9s via des <strong data-start=\"1394\" data-end=\"1423\">champs \u00e9lectromagn\u00e9tiques<\/strong>, sont bien connus :<\/p>\n<ul data-start=\"1445\" data-end=\"2138\">\n<li data-start=\"1445\" data-end=\"1537\">\n<p data-start=\"1447\" data-end=\"1537\"><strong data-start=\"1447\" data-end=\"1475\">Stimulation cellulaire :<\/strong> Am\u00e9liore la sant\u00e9 cellulaire et la r\u00e9g\u00e9n\u00e9ration des tissus.<\/p>\n<\/li>\n<li data-start=\"1538\" data-end=\"1622\">\n<p data-start=\"1540\" data-end=\"1622\"><strong data-start=\"1540\" data-end=\"1576\">Am\u00e9lioration de la circulation :<\/strong> Favorise une circulation sanguine optimale.<\/p>\n<\/li>\n<li data-start=\"1623\" data-end=\"1728\">\n<p data-start=\"1625\" data-end=\"1728\"><strong data-start=\"1625\" data-end=\"1670\">Relaxation et soulagement de la douleur :<\/strong> R\u00e9duit les tensions musculaires et favorise la d\u00e9tente.<\/p>\n<\/li>\n<li data-start=\"1729\" data-end=\"1876\">\n<p data-start=\"1731\" data-end=\"1876\"><strong data-start=\"1731\" data-end=\"1754\">Bien-\u00eatre g\u00e9n\u00e9ral :<\/strong> Favorise l\u2019\u00e9quilibre \u00e9nerg\u00e9tique et le bien-\u00eatre psychophysique gr\u00e2ce \u00e0 l\u2019interaction avec les champs subtils du corps.<\/p>\n<\/li>\n<li data-start=\"1877\" data-end=\"2138\">\n<p data-start=\"1879\" data-end=\"2138\"><strong data-start=\"1879\" data-end=\"1911\">\u00c9limination des pathog\u00e8nes :<\/strong> L\u2019utilisation de <strong data-start=\"1929\" data-end=\"1955\">fr\u00e9quences sp\u00e9cifiques<\/strong>, fruit de d\u00e9cennies de recherche et d\u2019exp\u00e9rimentation, permet <strong data-start=\"2018\" data-end=\"2087\">l\u2019\u00e9limination s\u00e9lective des virus, bact\u00e9ries et autres pathog\u00e8nes<\/strong> via la <strong data-start=\"2095\" data-end=\"2137\">r\u00e9sonance des ondes \u00e9lectromagn\u00e9tiques<\/strong>.<\/p>\n<\/li>\n<\/ul>\n<hr data-start=\"2140\" data-end=\"2143\" \/>\n<h3 data-start=\"2145\" data-end=\"2181\"><strong data-start=\"2149\" data-end=\"2181\">Utilisation et compatibilit\u00e9<\/strong><\/h3>\n<p data-start=\"2183\" data-end=\"2564\"><strong data-start=\"2183\" data-end=\"2203\">HenCoil 1 Quartz<\/strong> est principalement con\u00e7ue pour les <strong data-start=\"2239\" data-end=\"2280\">g\u00e9n\u00e9rateurs de fr\u00e9quence type Spooky2<\/strong>, afin d\u2019exploiter au maximum les fonctionnalit\u00e9s de la <strong data-start=\"2336\" data-end=\"2351\">Spooky Coil<\/strong>.<br data-start=\"2352\" data-end=\"2355\" \/>En alternative, elle peut \u00e9galement \u00eatre utilis\u00e9e avec des <strong data-start=\"2414\" data-end=\"2432\">syst\u00e8mes audio<\/strong>, tels que des amplificateurs pour smartphone, permettant de reproduire les diff\u00e9rentes fr\u00e9quences via les applications disponibles.<\/p>\n<p data-start=\"2566\" data-end=\"2688\">Gr\u00e2ce \u00e0 sa <strong data-start=\"2577\" data-end=\"2596\">taille compacte<\/strong>, <strong data-start=\"2598\" data-end=\"2618\">HenCoil 1 Quartz<\/strong> permet une utilisation pratique sur <strong data-start=\"2655\" data-end=\"2687\">diff\u00e9rentes parties du corps<\/strong>.<\/p>\n<ul data-start=\"2690\" data-end=\"2725\">\n<li data-start=\"2690\" data-end=\"2725\">\n<p data-start=\"2692\" data-end=\"2725\"><strong data-start=\"2692\" data-end=\"2719\">Diam\u00e8tre de la bobine :<\/strong> 13 cm<\/p>\n<\/li>\n<\/ul>\n","protected":false},"excerpt":{"rendered":"<p>Bobine Pemf Torus, con\u00e7ue pour une utilisation pratique sur diff\u00e9rentes parties du corps<\/p>\n","protected":false},"featured_media":4290,"comment_status":"open","ping_status":"closed","template":"","meta":{"ocean_post_layout":"","ocean_both_sidebars_style":"","ocean_both_sidebars_content_width":0,"ocean_both_sidebars_sidebars_width":0,"ocean_sidebar":"0","ocean_second_sidebar":"0","ocean_disable_margins":"enable","ocean_add_body_class":"","ocean_shortcode_before_top_bar":"","ocean_shortcode_after_top_bar":"","ocean_shortcode_before_header":"","ocean_shortcode_after_header":"","ocean_has_shortcode":"","ocean_shortcode_after_title":"","ocean_shortcode_before_footer_widgets":"","ocean_shortcode_after_footer_widgets":"","ocean_shortcode_before_footer_bottom":"","ocean_shortcode_after_footer_bottom":"","ocean_display_top_bar":"default","ocean_display_header":"default","ocean_header_style":"","ocean_center_header_left_menu":"0","ocean_custom_header_template":"0","ocean_custom_logo":0,"ocean_custom_retina_logo":0,"ocean_custom_logo_max_width":0,"ocean_custom_logo_tablet_max_width":0,"ocean_custom_logo_mobile_max_width":0,"ocean_custom_logo_max_height":0,"ocean_custom_logo_tablet_max_height":0,"ocean_custom_logo_mobile_max_height":0,"ocean_header_custom_menu":"0","ocean_menu_typo_font_family":"0","ocean_menu_typo_font_subset":"","ocean_menu_typo_font_size":0,"ocean_menu_typo_font_size_tablet":0,"ocean_menu_typo_font_size_mobile":0,"ocean_menu_typo_font_size_unit":"px","ocean_menu_typo_font_weight":"","ocean_menu_typo_font_weight_tablet":"","ocean_menu_typo_font_weight_mobile":"","ocean_menu_typo_transform":"","ocean_menu_typo_transform_tablet":"","ocean_menu_typo_transform_mobile":"","ocean_menu_typo_line_height":0,"ocean_menu_typo_line_height_tablet":0,"ocean_menu_typo_line_height_mobile":0,"ocean_menu_typo_line_height_unit":"","ocean_menu_typo_spacing":0,"ocean_menu_typo_spacing_tablet":0,"ocean_menu_typo_spacing_mobile":0,"ocean_menu_typo_spacing_unit":"","ocean_menu_link_color":"","ocean_menu_link_color_hover":"","ocean_menu_link_color_active":"","ocean_menu_link_background":"","ocean_menu_link_hover_background":"","ocean_menu_link_active_background":"","ocean_menu_social_links_bg":"","ocean_menu_social_hover_links_bg":"","ocean_menu_social_links_color":"","ocean_menu_social_hover_links_color":"","ocean_disable_title":"default","ocean_disable_heading":"default","ocean_post_title":"","ocean_post_subheading":"","ocean_post_title_style":"","ocean_post_title_background_color":"","ocean_post_title_background":0,"ocean_post_title_bg_image_position":"","ocean_post_title_bg_image_attachment":"","ocean_post_title_bg_image_repeat":"","ocean_post_title_bg_image_size":"","ocean_post_title_height":0,"ocean_post_title_bg_overlay":0.5,"ocean_post_title_bg_overlay_color":"","ocean_disable_breadcrumbs":"default","ocean_breadcrumbs_color":"","ocean_breadcrumbs_separator_color":"","ocean_breadcrumbs_links_color":"","ocean_breadcrumbs_links_hover_color":"","ocean_display_footer_widgets":"default","ocean_display_footer_bottom":"default","ocean_custom_footer_template":"0","_glsr_average":0,"_glsr_ranking":0,"_glsr_reviews":0},"product_brand":[],"product_cat":[105],"product_tag":[],"class_list":{"0":"post-4289","1":"product","2":"type-product","3":"status-publish","4":"has-post-thumbnail","6":"product_cat-hencoils","8":"entry","9":"has-media","11":"first","12":"instock","13":"taxable","14":"shipping-taxable","15":"purchasable","16":"product-type-simple","17":"add-to-wishlist-after_add_to_cart","18":"has-product-nav","19":"col","20":"span_1_of_3","21":"owp-content-center","22":"owp-thumbs-layout-vertical","23":"owp-btn-normal","24":"owp-tabs-layout-horizontal"},"yoast_head":"<!-- This site is optimized with the Yoast SEO plugin v27.4 - https:\/\/yoast.com\/product\/yoast-seo-wordpress\/ -->\n<title>HenCoil 1 Quartz - HEN<\/title>\n<meta name=\"description\" content=\"HenCoil 1 Quartz, ondes \u00e9lectromagn\u00e9tiques combin\u00e9es \u00e0 des champs \u00e9nerg\u00e9tiques subtils, th\u00e9rapie PEMF et fr\u00e9quences b\u00e9n\u00e9fiques des ondes scalaires \u00e0 votre disposition\" \/>\n<meta name=\"robots\" content=\"index, follow, max-snippet:-1, max-image-preview:large, max-video-preview:-1\" \/>\n<link rel=\"canonical\" href=\"https:\/\/henergylab.com\/fr\/produit\/hencoil-1-quartz\/\" \/>\n<meta property=\"og:locale\" content=\"fr_FR\" \/>\n<meta property=\"og:type\" content=\"article\" \/>\n<meta property=\"og:title\" content=\"HenCoil 1 Quartz - HEN\" \/>\n<meta property=\"og:description\" content=\"HenCoil 1 Quartz, ondes \u00e9lectromagn\u00e9tiques combin\u00e9es \u00e0 des champs \u00e9nerg\u00e9tiques subtils, th\u00e9rapie PEMF et fr\u00e9quences b\u00e9n\u00e9fiques des ondes scalaires \u00e0 votre disposition\" \/>\n<meta property=\"og:url\" content=\"https:\/\/henergylab.com\/fr\/produit\/hencoil-1-quartz\/\" \/>\n<meta property=\"og:site_name\" content=\"HEN\" \/>\n<meta property=\"article:modified_time\" content=\"2025-11-02T01:17:04+00:00\" \/>\n<meta property=\"og:image\" content=\"https:\/\/henergylab.com\/wp-content\/uploads\/2025\/03\/Coil-12-quartz-1-1024x1024.jpg\" \/>\n\t<meta property=\"og:image:width\" content=\"1024\" \/>\n\t<meta property=\"og:image:height\" content=\"1024\" \/>\n\t<meta property=\"og:image:type\" content=\"image\/jpeg\" \/>\n<meta name=\"twitter:card\" content=\"summary_large_image\" \/>\n<meta name=\"twitter:label1\" content=\"Dur\u00e9e de lecture estim\u00e9e\" \/>\n\t<meta name=\"twitter:data1\" content=\"2 minutes\" \/>\n<script type=\"application\/ld+json\" class=\"yoast-schema-graph\">{\"@context\":\"https:\\\/\\\/schema.org\",\"@graph\":[{\"@type\":\"WebPage\",\"@id\":\"https:\\\/\\\/henergylab.com\\\/fr\\\/produit\\\/hencoil-1-quartz\\\/\",\"url\":\"https:\\\/\\\/henergylab.com\\\/fr\\\/produit\\\/hencoil-1-quartz\\\/\",\"name\":\"HenCoil 1 Quartz - HEN\",\"isPartOf\":{\"@id\":\"https:\\\/\\\/henergylab.com\\\/fr\\\/#website\"},\"primaryImageOfPage\":{\"@id\":\"https:\\\/\\\/henergylab.com\\\/fr\\\/produit\\\/hencoil-1-quartz\\\/#primaryimage\"},\"image\":{\"@id\":\"https:\\\/\\\/henergylab.com\\\/fr\\\/produit\\\/hencoil-1-quartz\\\/#primaryimage\"},\"thumbnailUrl\":\"https:\\\/\\\/henergylab.com\\\/wp-content\\\/uploads\\\/2025\\\/03\\\/Coil-12-quartz-1.jpg\",\"datePublished\":\"2025-03-20T01:34:32+00:00\",\"dateModified\":\"2025-11-02T01:17:04+00:00\",\"description\":\"HenCoil 1 Quartz, ondes \u00e9lectromagn\u00e9tiques combin\u00e9es \u00e0 des champs \u00e9nerg\u00e9tiques subtils, th\u00e9rapie PEMF et fr\u00e9quences b\u00e9n\u00e9fiques des ondes scalaires \u00e0 votre disposition\",\"breadcrumb\":{\"@id\":\"https:\\\/\\\/henergylab.com\\\/fr\\\/produit\\\/hencoil-1-quartz\\\/#breadcrumb\"},\"inLanguage\":\"fr-FR\",\"potentialAction\":[{\"@type\":\"ReadAction\",\"target\":[\"https:\\\/\\\/henergylab.com\\\/fr\\\/produit\\\/hencoil-1-quartz\\\/\"]}]},{\"@type\":\"ImageObject\",\"inLanguage\":\"fr-FR\",\"@id\":\"https:\\\/\\\/henergylab.com\\\/fr\\\/produit\\\/hencoil-1-quartz\\\/#primaryimage\",\"url\":\"https:\\\/\\\/henergylab.com\\\/wp-content\\\/uploads\\\/2025\\\/03\\\/Coil-12-quartz-1.jpg\",\"contentUrl\":\"https:\\\/\\\/henergylab.com\\\/wp-content\\\/uploads\\\/2025\\\/03\\\/Coil-12-quartz-1.jpg\",\"width\":1964,\"height\":1964,\"caption\":\"Th\u00e9rapie Rife scalaire HENcoil\"},{\"@type\":\"BreadcrumbList\",\"@id\":\"https:\\\/\\\/henergylab.com\\\/fr\\\/produit\\\/hencoil-1-quartz\\\/#breadcrumb\",\"itemListElement\":[{\"@type\":\"ListItem\",\"position\":1,\"name\":\"Home\",\"item\":\"https:\\\/\\\/henergylab.com\\\/fr\\\/\"},{\"@type\":\"ListItem\",\"position\":2,\"name\":\"Shop\",\"item\":\"https:\\\/\\\/henergylab.com\\\/negozio\\\/\"},{\"@type\":\"ListItem\",\"position\":3,\"name\":\"HenCoil 1 Quartz\"}]},{\"@type\":\"WebSite\",\"@id\":\"https:\\\/\\\/henergylab.com\\\/fr\\\/#website\",\"url\":\"https:\\\/\\\/henergylab.com\\\/fr\\\/\",\"name\":\"henergylab\",\"description\":\"\",\"publisher\":{\"@id\":\"https:\\\/\\\/henergylab.com\\\/fr\\\/#organization\"},\"potentialAction\":[{\"@type\":\"SearchAction\",\"target\":{\"@type\":\"EntryPoint\",\"urlTemplate\":\"https:\\\/\\\/henergylab.com\\\/fr\\\/?s={search_term_string}\"},\"query-input\":{\"@type\":\"PropertyValueSpecification\",\"valueRequired\":true,\"valueName\":\"search_term_string\"}}],\"inLanguage\":\"fr-FR\"},{\"@type\":\"Organization\",\"@id\":\"https:\\\/\\\/henergylab.com\\\/fr\\\/#organization\",\"name\":\"HEN\",\"url\":\"https:\\\/\\\/henergylab.com\\\/fr\\\/\",\"logo\":{\"@type\":\"ImageObject\",\"inLanguage\":\"fr-FR\",\"@id\":\"https:\\\/\\\/henergylab.com\\\/fr\\\/#\\\/schema\\\/logo\\\/image\\\/\",\"url\":\"https:\\\/\\\/henergylab.com\\\/wp-content\\\/uploads\\\/2025\\\/07\\\/Henergylab-logo-scritta-nera-1.png\",\"contentUrl\":\"https:\\\/\\\/henergylab.com\\\/wp-content\\\/uploads\\\/2025\\\/07\\\/Henergylab-logo-scritta-nera-1.png\",\"width\":128,\"height\":128,\"caption\":\"HEN\"},\"image\":{\"@id\":\"https:\\\/\\\/henergylab.com\\\/fr\\\/#\\\/schema\\\/logo\\\/image\\\/\"}}]}<\/script>\n<!-- \/ Yoast SEO plugin. -->","yoast_head_json":{"title":"HenCoil 1 Quartz - HEN","description":"HenCoil 1 Quartz, ondes \u00e9lectromagn\u00e9tiques combin\u00e9es \u00e0 des champs \u00e9nerg\u00e9tiques subtils, th\u00e9rapie PEMF et fr\u00e9quences b\u00e9n\u00e9fiques des ondes scalaires \u00e0 votre disposition","robots":{"index":"index","follow":"follow","max-snippet":"max-snippet:-1","max-image-preview":"max-image-preview:large","max-video-preview":"max-video-preview:-1"},"canonical":"https:\/\/henergylab.com\/fr\/produit\/hencoil-1-quartz\/","og_locale":"fr_FR","og_type":"article","og_title":"HenCoil 1 Quartz - HEN","og_description":"HenCoil 1 Quartz, ondes \u00e9lectromagn\u00e9tiques combin\u00e9es \u00e0 des champs \u00e9nerg\u00e9tiques subtils, th\u00e9rapie PEMF et fr\u00e9quences b\u00e9n\u00e9fiques des ondes scalaires \u00e0 votre disposition","og_url":"https:\/\/henergylab.com\/fr\/produit\/hencoil-1-quartz\/","og_site_name":"HEN","article_modified_time":"2025-11-02T01:17:04+00:00","og_image":[{"width":1024,"height":1024,"url":"https:\/\/henergylab.com\/wp-content\/uploads\/2025\/03\/Coil-12-quartz-1-1024x1024.jpg","type":"image\/jpeg"}],"twitter_card":"summary_large_image","twitter_misc":{"Dur\u00e9e de lecture estim\u00e9e":"2 minutes"},"schema":{"@context":"https:\/\/schema.org","@graph":[{"@type":"WebPage","@id":"https:\/\/henergylab.com\/fr\/produit\/hencoil-1-quartz\/","url":"https:\/\/henergylab.com\/fr\/produit\/hencoil-1-quartz\/","name":"HenCoil 1 Quartz - HEN","isPartOf":{"@id":"https:\/\/henergylab.com\/fr\/#website"},"primaryImageOfPage":{"@id":"https:\/\/henergylab.com\/fr\/produit\/hencoil-1-quartz\/#primaryimage"},"image":{"@id":"https:\/\/henergylab.com\/fr\/produit\/hencoil-1-quartz\/#primaryimage"},"thumbnailUrl":"https:\/\/henergylab.com\/wp-content\/uploads\/2025\/03\/Coil-12-quartz-1.jpg","datePublished":"2025-03-20T01:34:32+00:00","dateModified":"2025-11-02T01:17:04+00:00","description":"HenCoil 1 Quartz, ondes \u00e9lectromagn\u00e9tiques combin\u00e9es \u00e0 des champs \u00e9nerg\u00e9tiques subtils, th\u00e9rapie PEMF et fr\u00e9quences b\u00e9n\u00e9fiques des ondes scalaires \u00e0 votre disposition","breadcrumb":{"@id":"https:\/\/henergylab.com\/fr\/produit\/hencoil-1-quartz\/#breadcrumb"},"inLanguage":"fr-FR","potentialAction":[{"@type":"ReadAction","target":["https:\/\/henergylab.com\/fr\/produit\/hencoil-1-quartz\/"]}]},{"@type":"ImageObject","inLanguage":"fr-FR","@id":"https:\/\/henergylab.com\/fr\/produit\/hencoil-1-quartz\/#primaryimage","url":"https:\/\/henergylab.com\/wp-content\/uploads\/2025\/03\/Coil-12-quartz-1.jpg","contentUrl":"https:\/\/henergylab.com\/wp-content\/uploads\/2025\/03\/Coil-12-quartz-1.jpg","width":1964,"height":1964,"caption":"Th\u00e9rapie Rife scalaire HENcoil"},{"@type":"BreadcrumbList","@id":"https:\/\/henergylab.com\/fr\/produit\/hencoil-1-quartz\/#breadcrumb","itemListElement":[{"@type":"ListItem","position":1,"name":"Home","item":"https:\/\/henergylab.com\/fr\/"},{"@type":"ListItem","position":2,"name":"Shop","item":"https:\/\/henergylab.com\/negozio\/"},{"@type":"ListItem","position":3,"name":"HenCoil 1 Quartz"}]},{"@type":"WebSite","@id":"https:\/\/henergylab.com\/fr\/#website","url":"https:\/\/henergylab.com\/fr\/","name":"henergylab","description":"","publisher":{"@id":"https:\/\/henergylab.com\/fr\/#organization"},"potentialAction":[{"@type":"SearchAction","target":{"@type":"EntryPoint","urlTemplate":"https:\/\/henergylab.com\/fr\/?s={search_term_string}"},"query-input":{"@type":"PropertyValueSpecification","valueRequired":true,"valueName":"search_term_string"}}],"inLanguage":"fr-FR"},{"@type":"Organization","@id":"https:\/\/henergylab.com\/fr\/#organization","name":"HEN","url":"https:\/\/henergylab.com\/fr\/","logo":{"@type":"ImageObject","inLanguage":"fr-FR","@id":"https:\/\/henergylab.com\/fr\/#\/schema\/logo\/image\/","url":"https:\/\/henergylab.com\/wp-content\/uploads\/2025\/07\/Henergylab-logo-scritta-nera-1.png","contentUrl":"https:\/\/henergylab.com\/wp-content\/uploads\/2025\/07\/Henergylab-logo-scritta-nera-1.png","width":128,"height":128,"caption":"HEN"},"image":{"@id":"https:\/\/henergylab.com\/fr\/#\/schema\/logo\/image\/"}}]}},"_links":{"self":[{"href":"https:\/\/henergylab.com\/fr\/wp-json\/wp\/v2\/product\/4289","targetHints":{"allow":["GET"]}}],"collection":[{"href":"https:\/\/henergylab.com\/fr\/wp-json\/wp\/v2\/product"}],"about":[{"href":"https:\/\/henergylab.com\/fr\/wp-json\/wp\/v2\/types\/product"}],"replies":[{"embeddable":true,"href":"https:\/\/henergylab.com\/fr\/wp-json\/wp\/v2\/comments?post=4289"}],"wp:featuredmedia":[{"embeddable":true,"href":"https:\/\/henergylab.com\/fr\/wp-json\/wp\/v2\/media\/4290"}],"wp:attachment":[{"href":"https:\/\/henergylab.com\/fr\/wp-json\/wp\/v2\/media?parent=4289"}],"wp:term":[{"taxonomy":"product_brand","embeddable":true,"href":"https:\/\/henergylab.com\/fr\/wp-json\/wp\/v2\/product_brand?post=4289"},{"taxonomy":"product_cat","embeddable":true,"href":"https:\/\/henergylab.com\/fr\/wp-json\/wp\/v2\/product_cat?post=4289"},{"taxonomy":"product_tag","embeddable":true,"href":"https:\/\/henergylab.com\/fr\/wp-json\/wp\/v2\/product_tag?post=4289"}],"curies":[{"name":"wp","href":"https:\/\/api.w.org\/{rel}","templated":true}]}}