{"id":4333,"date":"2025-05-13T22:57:38","date_gmt":"2025-05-13T22:57:38","guid":{"rendered":"https:\/\/henergylab.com\/product\/pyramide-de-kheops-light-scalar-1\/"},"modified":"2025-11-02T15:20:57","modified_gmt":"2025-11-02T15:20:57","slug":"pyramide-de-kheops-light-scalar-1","status":"publish","type":"product","link":"https:\/\/henergylab.com\/fr\/produit\/pyramide-de-kheops-light-scalar-1\/","title":{"rendered":"Pyramide de Kh\u00e9ops Light Scalar 1"},"content":{"rendered":"<h3>Pyramide Scalaire Lumineuse de Kh\u00e9ops 1<\/h3>\n<p>Construite selon les m\u00eames proportions que la Grande Pyramide de Kh\u00e9ops.<\/p>\n<p>Elle est compos\u00e9e de quartz, de calcite jaune, de shungite, de s\u00e9l\u00e9nite, de laiton et d&rsquo;un cristal de quartz \u00e0 son sommet. Une bobine est plac\u00e9e \u00e0 sa base.<\/p>\n<p>Le bobinage sp\u00e9cifique de la bobine permet la cr\u00e9ation d&rsquo;ondes scalaires qui interagissent avec le champ \u00e9nerg\u00e9tique accumul\u00e9 par l&rsquo;orgonite \u00e0 la base de la pyramide.<\/p>\n<p>Ce champ \u00e9nerg\u00e9tique est amplifi\u00e9 et modul\u00e9 en fonction de la fr\u00e9quence \u00e9mise par la bobine et de la g\u00e9om\u00e9trie de la pyramide, et se propage dans l&rsquo;environnement sur une distance de 6 \u00e0 8 m\u00e8tres.<\/p>\n<p>La lumi\u00e8re LED \u00e9mise par la base de la pyramide contribue \u00e0 exciter le cristal et le champ \u00e9nerg\u00e9tique, \u00e9largissant ainsi le spectre d&rsquo;\u00e9mission.<\/p>\n<p>La pyramide produit une large \u00e9mission \u00e9nerg\u00e9tique gr\u00e2ce \u00e0 l&rsquo;interaction de l&rsquo;orgonite, des champs scalaires et du quartz, excit\u00e9e et modul\u00e9e par la lumi\u00e8re.<\/p>\n<p>La bobine pr\u00e9sente une r\u00e9sistance d&rsquo;environ 14 ohms.<\/p>\n<p>G\u00e9n\u00e9rateur de fr\u00e9quences et alimentation non inclus<\/p>\n<p>Socle lumineux LED et alimentation inclus<\/p>\n<p>Largeur du socle\u00a0: 22\u00a0cm<\/p>\n","protected":false},"excerpt":{"rendered":"<p>Pyramide Scalaire Lumineuse de Kh\u00e9ops 1 Construite selon les m\u00eames proportions que la Grande Pyramide de Kh\u00e9ops. Elle est compos\u00e9e de quartz, de calcite jaune, de shungite, de s\u00e9l\u00e9nite, de laiton et d&rsquo;un cristal de quartz \u00e0 son sommet. Une bobine est plac\u00e9e \u00e0 sa base. Le bobinage sp\u00e9cifique de la bobine permet la cr\u00e9ation [&hellip;]<\/p>\n","protected":false},"featured_media":4341,"comment_status":"open","ping_status":"closed","template":"","meta":{"ocean_post_layout":"","ocean_both_sidebars_style":"","ocean_both_sidebars_content_width":0,"ocean_both_sidebars_sidebars_width":0,"ocean_sidebar":"0","ocean_second_sidebar":"0","ocean_disable_margins":"enable","ocean_add_body_class":"","ocean_shortcode_before_top_bar":"","ocean_shortcode_after_top_bar":"","ocean_shortcode_before_header":"","ocean_shortcode_after_header":"","ocean_has_shortcode":"","ocean_shortcode_after_title":"","ocean_shortcode_before_footer_widgets":"","ocean_shortcode_after_footer_widgets":"","ocean_shortcode_before_footer_bottom":"","ocean_shortcode_after_footer_bottom":"","ocean_display_top_bar":"default","ocean_display_header":"default","ocean_header_style":"","ocean_center_header_left_menu":"0","ocean_custom_header_template":"0","ocean_custom_logo":0,"ocean_custom_retina_logo":0,"ocean_custom_logo_max_width":0,"ocean_custom_logo_tablet_max_width":0,"ocean_custom_logo_mobile_max_width":0,"ocean_custom_logo_max_height":0,"ocean_custom_logo_tablet_max_height":0,"ocean_custom_logo_mobile_max_height":0,"ocean_header_custom_menu":"0","ocean_menu_typo_font_family":"0","ocean_menu_typo_font_subset":"","ocean_menu_typo_font_size":0,"ocean_menu_typo_font_size_tablet":0,"ocean_menu_typo_font_size_mobile":0,"ocean_menu_typo_font_size_unit":"px","ocean_menu_typo_font_weight":"","ocean_menu_typo_font_weight_tablet":"","ocean_menu_typo_font_weight_mobile":"","ocean_menu_typo_transform":"","ocean_menu_typo_transform_tablet":"","ocean_menu_typo_transform_mobile":"","ocean_menu_typo_line_height":0,"ocean_menu_typo_line_height_tablet":0,"ocean_menu_typo_line_height_mobile":0,"ocean_menu_typo_line_height_unit":"","ocean_menu_typo_spacing":0,"ocean_menu_typo_spacing_tablet":0,"ocean_menu_typo_spacing_mobile":0,"ocean_menu_typo_spacing_unit":"","ocean_menu_link_color":"","ocean_menu_link_color_hover":"","ocean_menu_link_color_active":"","ocean_menu_link_background":"","ocean_menu_link_hover_background":"","ocean_menu_link_active_background":"","ocean_menu_social_links_bg":"","ocean_menu_social_hover_links_bg":"","ocean_menu_social_links_color":"","ocean_menu_social_hover_links_color":"","ocean_disable_title":"default","ocean_disable_heading":"default","ocean_post_title":"","ocean_post_subheading":"","ocean_post_title_style":"","ocean_post_title_background_color":"","ocean_post_title_background":0,"ocean_post_title_bg_image_position":"","ocean_post_title_bg_image_attachment":"","ocean_post_title_bg_image_repeat":"","ocean_post_title_bg_image_size":"","ocean_post_title_height":0,"ocean_post_title_bg_overlay":0.5,"ocean_post_title_bg_overlay_color":"","ocean_disable_breadcrumbs":"default","ocean_breadcrumbs_color":"","ocean_breadcrumbs_separator_color":"","ocean_breadcrumbs_links_color":"","ocean_breadcrumbs_links_hover_color":"","ocean_display_footer_widgets":"default","ocean_display_footer_bottom":"default","ocean_custom_footer_template":"0","_glsr_average":0,"_glsr_ranking":0,"_glsr_reviews":0},"product_brand":[],"product_cat":[107],"product_tag":[],"class_list":{"0":"post-4333","1":"product","2":"type-product","3":"status-publish","4":"has-post-thumbnail","6":"product_cat-pyramides","8":"entry","9":"has-media","11":"first","12":"instock","13":"taxable","14":"shipping-taxable","15":"purchasable","16":"product-type-simple","17":"add-to-wishlist-after_add_to_cart","18":"has-product-nav","19":"col","20":"span_1_of_3","21":"owp-content-center","22":"owp-thumbs-layout-vertical","23":"owp-btn-normal","24":"owp-tabs-layout-horizontal"},"yoast_head":"<!-- This site is optimized with the Yoast SEO plugin v27.4 - https:\/\/yoast.com\/product\/yoast-seo-wordpress\/ -->\n<title>Pyramide de Kh\u00e9ops Light Scalar 1 - HEN<\/title>\n<meta name=\"description\" content=\"Pyramide d&#039;orgonite aux proportions de Kh\u00e9ops et bobine \u00e0 ondes scalaires\" \/>\n<meta name=\"robots\" content=\"index, follow, max-snippet:-1, max-image-preview:large, max-video-preview:-1\" \/>\n<link rel=\"canonical\" href=\"https:\/\/henergylab.com\/fr\/produit\/pyramide-de-kheops-light-scalar-1\/\" \/>\n<meta property=\"og:locale\" content=\"fr_FR\" \/>\n<meta property=\"og:type\" content=\"article\" \/>\n<meta property=\"og:title\" content=\"Pyramide de Kh\u00e9ops Light Scalar 1 - HEN\" \/>\n<meta property=\"og:description\" content=\"Pyramide d&#039;orgonite aux proportions de Kh\u00e9ops et bobine \u00e0 ondes scalaires\" \/>\n<meta property=\"og:url\" content=\"https:\/\/henergylab.com\/fr\/produit\/pyramide-de-kheops-light-scalar-1\/\" \/>\n<meta property=\"og:site_name\" content=\"HEN\" \/>\n<meta property=\"article:modified_time\" content=\"2025-11-02T15:20:57+00:00\" \/>\n<meta property=\"og:image\" content=\"https:\/\/henergylab.com\/wp-content\/uploads\/2025\/05\/Piramide-Cheope-trasparente-calcitlight-blue1.jpeg\" \/>\n\t<meta property=\"og:image:width\" content=\"1221\" \/>\n\t<meta property=\"og:image:height\" content=\"1221\" \/>\n\t<meta property=\"og:image:type\" content=\"image\/jpeg\" \/>\n<meta name=\"twitter:card\" content=\"summary_large_image\" \/>\n<meta name=\"twitter:label1\" content=\"Dur\u00e9e de lecture estim\u00e9e\" \/>\n\t<meta name=\"twitter:data1\" content=\"1 minute\" \/>\n<script type=\"application\/ld+json\" class=\"yoast-schema-graph\">{\"@context\":\"https:\\\/\\\/schema.org\",\"@graph\":[{\"@type\":\"WebPage\",\"@id\":\"https:\\\/\\\/henergylab.com\\\/fr\\\/produit\\\/pyramide-de-kheops-light-scalar-1\\\/\",\"url\":\"https:\\\/\\\/henergylab.com\\\/fr\\\/produit\\\/pyramide-de-kheops-light-scalar-1\\\/\",\"name\":\"Pyramide de Kh\u00e9ops Light Scalar 1 - HEN\",\"isPartOf\":{\"@id\":\"https:\\\/\\\/henergylab.com\\\/fr\\\/#website\"},\"primaryImageOfPage\":{\"@id\":\"https:\\\/\\\/henergylab.com\\\/fr\\\/produit\\\/pyramide-de-kheops-light-scalar-1\\\/#primaryimage\"},\"image\":{\"@id\":\"https:\\\/\\\/henergylab.com\\\/fr\\\/produit\\\/pyramide-de-kheops-light-scalar-1\\\/#primaryimage\"},\"thumbnailUrl\":\"https:\\\/\\\/henergylab.com\\\/wp-content\\\/uploads\\\/2025\\\/05\\\/Piramide-Cheope-trasparente-calcitlight-blue1.jpeg\",\"datePublished\":\"2025-05-13T22:57:38+00:00\",\"dateModified\":\"2025-11-02T15:20:57+00:00\",\"description\":\"Pyramide d'orgonite aux proportions de Kh\u00e9ops et bobine \u00e0 ondes scalaires\",\"breadcrumb\":{\"@id\":\"https:\\\/\\\/henergylab.com\\\/fr\\\/produit\\\/pyramide-de-kheops-light-scalar-1\\\/#breadcrumb\"},\"inLanguage\":\"fr-FR\",\"potentialAction\":[{\"@type\":\"ReadAction\",\"target\":[\"https:\\\/\\\/henergylab.com\\\/fr\\\/produit\\\/pyramide-de-kheops-light-scalar-1\\\/\"]}]},{\"@type\":\"ImageObject\",\"inLanguage\":\"fr-FR\",\"@id\":\"https:\\\/\\\/henergylab.com\\\/fr\\\/produit\\\/pyramide-de-kheops-light-scalar-1\\\/#primaryimage\",\"url\":\"https:\\\/\\\/henergylab.com\\\/wp-content\\\/uploads\\\/2025\\\/05\\\/Piramide-Cheope-trasparente-calcitlight-blue1.jpeg\",\"contentUrl\":\"https:\\\/\\\/henergylab.com\\\/wp-content\\\/uploads\\\/2025\\\/05\\\/Piramide-Cheope-trasparente-calcitlight-blue1.jpeg\",\"width\":1221,\"height\":1221,\"caption\":\"ondes scalaires pyramidales d'orgonite\"},{\"@type\":\"BreadcrumbList\",\"@id\":\"https:\\\/\\\/henergylab.com\\\/fr\\\/produit\\\/pyramide-de-kheops-light-scalar-1\\\/#breadcrumb\",\"itemListElement\":[{\"@type\":\"ListItem\",\"position\":1,\"name\":\"Home\",\"item\":\"https:\\\/\\\/henergylab.com\\\/fr\\\/\"},{\"@type\":\"ListItem\",\"position\":2,\"name\":\"Shop\",\"item\":\"https:\\\/\\\/henergylab.com\\\/negozio\\\/\"},{\"@type\":\"ListItem\",\"position\":3,\"name\":\"Pyramide de Kh\u00e9ops Light Scalar 1\"}]},{\"@type\":\"WebSite\",\"@id\":\"https:\\\/\\\/henergylab.com\\\/fr\\\/#website\",\"url\":\"https:\\\/\\\/henergylab.com\\\/fr\\\/\",\"name\":\"henergylab\",\"description\":\"\",\"publisher\":{\"@id\":\"https:\\\/\\\/henergylab.com\\\/fr\\\/#organization\"},\"potentialAction\":[{\"@type\":\"SearchAction\",\"target\":{\"@type\":\"EntryPoint\",\"urlTemplate\":\"https:\\\/\\\/henergylab.com\\\/fr\\\/?s={search_term_string}\"},\"query-input\":{\"@type\":\"PropertyValueSpecification\",\"valueRequired\":true,\"valueName\":\"search_term_string\"}}],\"inLanguage\":\"fr-FR\"},{\"@type\":\"Organization\",\"@id\":\"https:\\\/\\\/henergylab.com\\\/fr\\\/#organization\",\"name\":\"HEN\",\"url\":\"https:\\\/\\\/henergylab.com\\\/fr\\\/\",\"logo\":{\"@type\":\"ImageObject\",\"inLanguage\":\"fr-FR\",\"@id\":\"https:\\\/\\\/henergylab.com\\\/fr\\\/#\\\/schema\\\/logo\\\/image\\\/\",\"url\":\"https:\\\/\\\/henergylab.com\\\/wp-content\\\/uploads\\\/2025\\\/07\\\/Henergylab-logo-scritta-nera-1.png\",\"contentUrl\":\"https:\\\/\\\/henergylab.com\\\/wp-content\\\/uploads\\\/2025\\\/07\\\/Henergylab-logo-scritta-nera-1.png\",\"width\":128,\"height\":128,\"caption\":\"HEN\"},\"image\":{\"@id\":\"https:\\\/\\\/henergylab.com\\\/fr\\\/#\\\/schema\\\/logo\\\/image\\\/\"}}]}<\/script>\n<!-- \/ Yoast SEO plugin. -->","yoast_head_json":{"title":"Pyramide de Kh\u00e9ops Light Scalar 1 - HEN","description":"Pyramide d'orgonite aux proportions de Kh\u00e9ops et bobine \u00e0 ondes scalaires","robots":{"index":"index","follow":"follow","max-snippet":"max-snippet:-1","max-image-preview":"max-image-preview:large","max-video-preview":"max-video-preview:-1"},"canonical":"https:\/\/henergylab.com\/fr\/produit\/pyramide-de-kheops-light-scalar-1\/","og_locale":"fr_FR","og_type":"article","og_title":"Pyramide de Kh\u00e9ops Light Scalar 1 - HEN","og_description":"Pyramide d'orgonite aux proportions de Kh\u00e9ops et bobine \u00e0 ondes scalaires","og_url":"https:\/\/henergylab.com\/fr\/produit\/pyramide-de-kheops-light-scalar-1\/","og_site_name":"HEN","article_modified_time":"2025-11-02T15:20:57+00:00","og_image":[{"width":1221,"height":1221,"url":"https:\/\/henergylab.com\/wp-content\/uploads\/2025\/05\/Piramide-Cheope-trasparente-calcitlight-blue1.jpeg","type":"image\/jpeg"}],"twitter_card":"summary_large_image","twitter_misc":{"Dur\u00e9e de lecture estim\u00e9e":"1 minute"},"schema":{"@context":"https:\/\/schema.org","@graph":[{"@type":"WebPage","@id":"https:\/\/henergylab.com\/fr\/produit\/pyramide-de-kheops-light-scalar-1\/","url":"https:\/\/henergylab.com\/fr\/produit\/pyramide-de-kheops-light-scalar-1\/","name":"Pyramide de Kh\u00e9ops Light Scalar 1 - HEN","isPartOf":{"@id":"https:\/\/henergylab.com\/fr\/#website"},"primaryImageOfPage":{"@id":"https:\/\/henergylab.com\/fr\/produit\/pyramide-de-kheops-light-scalar-1\/#primaryimage"},"image":{"@id":"https:\/\/henergylab.com\/fr\/produit\/pyramide-de-kheops-light-scalar-1\/#primaryimage"},"thumbnailUrl":"https:\/\/henergylab.com\/wp-content\/uploads\/2025\/05\/Piramide-Cheope-trasparente-calcitlight-blue1.jpeg","datePublished":"2025-05-13T22:57:38+00:00","dateModified":"2025-11-02T15:20:57+00:00","description":"Pyramide d'orgonite aux proportions de Kh\u00e9ops et bobine \u00e0 ondes scalaires","breadcrumb":{"@id":"https:\/\/henergylab.com\/fr\/produit\/pyramide-de-kheops-light-scalar-1\/#breadcrumb"},"inLanguage":"fr-FR","potentialAction":[{"@type":"ReadAction","target":["https:\/\/henergylab.com\/fr\/produit\/pyramide-de-kheops-light-scalar-1\/"]}]},{"@type":"ImageObject","inLanguage":"fr-FR","@id":"https:\/\/henergylab.com\/fr\/produit\/pyramide-de-kheops-light-scalar-1\/#primaryimage","url":"https:\/\/henergylab.com\/wp-content\/uploads\/2025\/05\/Piramide-Cheope-trasparente-calcitlight-blue1.jpeg","contentUrl":"https:\/\/henergylab.com\/wp-content\/uploads\/2025\/05\/Piramide-Cheope-trasparente-calcitlight-blue1.jpeg","width":1221,"height":1221,"caption":"ondes scalaires pyramidales d'orgonite"},{"@type":"BreadcrumbList","@id":"https:\/\/henergylab.com\/fr\/produit\/pyramide-de-kheops-light-scalar-1\/#breadcrumb","itemListElement":[{"@type":"ListItem","position":1,"name":"Home","item":"https:\/\/henergylab.com\/fr\/"},{"@type":"ListItem","position":2,"name":"Shop","item":"https:\/\/henergylab.com\/negozio\/"},{"@type":"ListItem","position":3,"name":"Pyramide de Kh\u00e9ops Light Scalar 1"}]},{"@type":"WebSite","@id":"https:\/\/henergylab.com\/fr\/#website","url":"https:\/\/henergylab.com\/fr\/","name":"henergylab","description":"","publisher":{"@id":"https:\/\/henergylab.com\/fr\/#organization"},"potentialAction":[{"@type":"SearchAction","target":{"@type":"EntryPoint","urlTemplate":"https:\/\/henergylab.com\/fr\/?s={search_term_string}"},"query-input":{"@type":"PropertyValueSpecification","valueRequired":true,"valueName":"search_term_string"}}],"inLanguage":"fr-FR"},{"@type":"Organization","@id":"https:\/\/henergylab.com\/fr\/#organization","name":"HEN","url":"https:\/\/henergylab.com\/fr\/","logo":{"@type":"ImageObject","inLanguage":"fr-FR","@id":"https:\/\/henergylab.com\/fr\/#\/schema\/logo\/image\/","url":"https:\/\/henergylab.com\/wp-content\/uploads\/2025\/07\/Henergylab-logo-scritta-nera-1.png","contentUrl":"https:\/\/henergylab.com\/wp-content\/uploads\/2025\/07\/Henergylab-logo-scritta-nera-1.png","width":128,"height":128,"caption":"HEN"},"image":{"@id":"https:\/\/henergylab.com\/fr\/#\/schema\/logo\/image\/"}}]}},"_links":{"self":[{"href":"https:\/\/henergylab.com\/fr\/wp-json\/wp\/v2\/product\/4333","targetHints":{"allow":["GET"]}}],"collection":[{"href":"https:\/\/henergylab.com\/fr\/wp-json\/wp\/v2\/product"}],"about":[{"href":"https:\/\/henergylab.com\/fr\/wp-json\/wp\/v2\/types\/product"}],"replies":[{"embeddable":true,"href":"https:\/\/henergylab.com\/fr\/wp-json\/wp\/v2\/comments?post=4333"}],"wp:featuredmedia":[{"embeddable":true,"href":"https:\/\/henergylab.com\/fr\/wp-json\/wp\/v2\/media\/4341"}],"wp:attachment":[{"href":"https:\/\/henergylab.com\/fr\/wp-json\/wp\/v2\/media?parent=4333"}],"wp:term":[{"taxonomy":"product_brand","embeddable":true,"href":"https:\/\/henergylab.com\/fr\/wp-json\/wp\/v2\/product_brand?post=4333"},{"taxonomy":"product_cat","embeddable":true,"href":"https:\/\/henergylab.com\/fr\/wp-json\/wp\/v2\/product_cat?post=4333"},{"taxonomy":"product_tag","embeddable":true,"href":"https:\/\/henergylab.com\/fr\/wp-json\/wp\/v2\/product_tag?post=4333"}],"curies":[{"name":"wp","href":"https:\/\/api.w.org\/{rel}","templated":true}]}}