{"id":4368,"date":"2025-10-08T23:48:02","date_gmt":"2025-10-08T23:48:02","guid":{"rendered":"https:\/\/henergylab.com\/product\/kit-hencoil-3\/"},"modified":"2025-11-02T01:17:37","modified_gmt":"2025-11-02T01:17:37","slug":"kit-hencoil-3","status":"publish","type":"product","link":"https:\/\/henergylab.com\/fr\/produit\/kit-hencoil-3\/","title":{"rendered":"Kit HENcoil 3"},"content":{"rendered":"<h3 data-start=\"112\" data-end=\"204\"><strong data-start=\"116\" data-end=\"204\">Kit Hencoil\u20113 \u2013 Bobine PEMF \u00e0 ondes scalaires avec amplificateur et application Rife<\/strong><\/h3>\n<hr data-start=\"206\" data-end=\"209\" \/>\n<p data-start=\"211\" data-end=\"226\"><strong data-start=\"211\" data-end=\"226\">Description<\/strong><\/p>\n<p data-start=\"228\" data-end=\"428\">Le <strong data-start=\"231\" data-end=\"248\">Kit HENcoil\u20113<\/strong> est un dispositif avanc\u00e9 pour la <strong data-start=\"282\" data-end=\"328\">stimulation \u00e9lectromagn\u00e9tique non invasive<\/strong>, bas\u00e9 sur des <strong data-start=\"343\" data-end=\"386\">champs \u00e9lectromagn\u00e9tiques puls\u00e9s (PEMF)<\/strong> combin\u00e9s \u00e0 la <strong data-start=\"401\" data-end=\"425\">technologie scalaire<\/strong>.<\/p>\n<p data-start=\"430\" data-end=\"667\">Id\u00e9al pour un <strong data-start=\"444\" data-end=\"495\">usage domestique, professionnel ou exp\u00e9rimental<\/strong>, il permet d\u2019utiliser les <strong data-start=\"522\" data-end=\"541\">fr\u00e9quences Rife<\/strong> via des <strong data-start=\"550\" data-end=\"616\">applications contr\u00f4lables depuis un smartphone ou une tablette<\/strong>, ou via des <strong data-start=\"629\" data-end=\"664\">fichiers pr\u00e9charg\u00e9s sur cl\u00e9 USB<\/strong>.<\/p>\n<hr data-start=\"669\" data-end=\"672\" \/>\n<h3 data-start=\"674\" data-end=\"706\"><strong data-start=\"678\" data-end=\"706\">Contenu du Kit Hencoil\u20113<\/strong><\/h3>\n<ul data-start=\"708\" data-end=\"898\">\n<li data-start=\"708\" data-end=\"764\">\n<p data-start=\"710\" data-end=\"764\"><strong data-start=\"710\" data-end=\"743\">Bobine PEMF \u00e0 ondes scalaires<\/strong> (mod\u00e8le HENcoil\u20113)<\/p>\n<\/li>\n<li data-start=\"765\" data-end=\"811\">\n<p data-start=\"767\" data-end=\"811\"><strong data-start=\"767\" data-end=\"800\">Amplificateur de signal audio<\/strong> classe D<\/p>\n<\/li>\n<li data-start=\"812\" data-end=\"854\">\n<p data-start=\"814\" data-end=\"854\"><strong data-start=\"814\" data-end=\"852\">C\u00e2bles de connexion et accessoires<\/strong><\/p>\n<\/li>\n<li data-start=\"855\" data-end=\"898\">\n<p data-start=\"857\" data-end=\"898\"><strong data-start=\"857\" data-end=\"896\">Cl\u00e9 USB avec fr\u00e9quences pr\u00e9charg\u00e9es<\/strong><\/p>\n<\/li>\n<\/ul>\n<hr data-start=\"900\" data-end=\"903\" \/>\n<h3 data-start=\"905\" data-end=\"940\"><strong data-start=\"909\" data-end=\"940\">Caract\u00e9ristiques techniques<\/strong><\/h3>\n<ul data-start=\"942\" data-end=\"1236\">\n<li data-start=\"942\" data-end=\"979\">\n<p data-start=\"944\" data-end=\"979\"><strong data-start=\"944\" data-end=\"971\">Diam\u00e8tre de la bobine :<\/strong> 26 cm<\/p>\n<\/li>\n<li data-start=\"980\" data-end=\"1000\">\n<p data-start=\"982\" data-end=\"1000\"><strong data-start=\"982\" data-end=\"993\">Poids :<\/strong> 6 kg<\/p>\n<\/li>\n<li data-start=\"1001\" data-end=\"1040\">\n<p data-start=\"1003\" data-end=\"1040\"><strong data-start=\"1003\" data-end=\"1019\">R\u00e9sistance :<\/strong> ~23 ohms par canal<\/p>\n<\/li>\n<li data-start=\"1041\" data-end=\"1083\">\n<p data-start=\"1043\" data-end=\"1083\"><strong data-start=\"1043\" data-end=\"1062\">Amplificateur :<\/strong> TPA3255 (Classe D)<\/p>\n<\/li>\n<li data-start=\"1084\" data-end=\"1142\">\n<p data-start=\"1086\" data-end=\"1142\"><strong data-start=\"1086\" data-end=\"1111\">Entr\u00e9es disponibles :<\/strong> Bluetooth, AUX, U-Disk (USB)<\/p>\n<\/li>\n<li data-start=\"1143\" data-end=\"1236\">\n<p data-start=\"1145\" data-end=\"1236\"><strong data-start=\"1145\" data-end=\"1159\">Contr\u00f4le :<\/strong> via smartphone, tablette avec application ou directement depuis la cl\u00e9 USB<\/p>\n<\/li>\n<\/ul>\n<hr data-start=\"1238\" data-end=\"1241\" \/>\n<h3 data-start=\"1243\" data-end=\"1285\"><strong data-start=\"1247\" data-end=\"1285\">Technologie PEMF + Ondes scalaires<\/strong><\/h3>\n<p data-start=\"1287\" data-end=\"1495\">La bobine <strong data-start=\"1297\" data-end=\"1310\">HENcoil\u20113<\/strong> est con\u00e7ue selon les <strong data-start=\"1332\" data-end=\"1373\">principes des math\u00e9matiques du vortex<\/strong>, ce qui permet de g\u00e9n\u00e9rer des <strong data-start=\"1404\" data-end=\"1453\">ondes scalaires (champs \u00e9nerg\u00e9tiques subtils)<\/strong> en plus des <strong data-start=\"1466\" data-end=\"1492\">classiques champs PEMF<\/strong>.<\/p>\n<p data-start=\"1497\" data-end=\"1741\">Le toro\u00efde est fabriqu\u00e9 en <strong data-start=\"1524\" data-end=\"1536\">orgonite<\/strong>, un mat\u00e9riau capable <strong data-start=\"1558\" data-end=\"1596\">d\u2019accumuler de l\u2019\u00e9nergie organique<\/strong>. L\u2019int\u00e9gration entre <strong data-start=\"1618\" data-end=\"1651\">ondes organiques et scalaires<\/strong> permet de <strong data-start=\"1662\" data-end=\"1738\">transmettre les fr\u00e9quences au-del\u00e0 du plan physique, au niveau \u00e9th\u00e9rique<\/strong>.<\/p>\n<hr data-start=\"1743\" data-end=\"1746\" \/>\n<h3 data-start=\"1748\" data-end=\"1811\"><strong data-start=\"1752\" data-end=\"1811\">Bienfaits de la technologie PEMF et de la th\u00e9rapie Rife<\/strong><\/h3>\n<p data-start=\"1813\" data-end=\"1932\">L\u2019utilisation combin\u00e9e des <strong data-start=\"1840\" data-end=\"1859\">fr\u00e9quences Rife<\/strong> et des <strong data-start=\"1867\" data-end=\"1892\">champs PEMF\/scalaires<\/strong> peut apporter de nombreux b\u00e9n\u00e9fices :<\/p>\n<ul data-start=\"1934\" data-end=\"2417\">\n<li data-start=\"1934\" data-end=\"2017\">\n<p data-start=\"1936\" data-end=\"2017\"><strong data-start=\"1936\" data-end=\"1964\">Stimulation cellulaire \u2192<\/strong> favorise la r\u00e9g\u00e9n\u00e9ration et la vitalit\u00e9 des tissus<\/p>\n<\/li>\n<li data-start=\"2018\" data-end=\"2093\">\n<p data-start=\"2020\" data-end=\"2093\"><strong data-start=\"2020\" data-end=\"2056\">Am\u00e9lioration de la circulation \u2192<\/strong> favorise une meilleure oxyg\u00e9nation<\/p>\n<\/li>\n<li data-start=\"2094\" data-end=\"2152\">\n<p data-start=\"2096\" data-end=\"2152\"><strong data-start=\"2096\" data-end=\"2150\">Soulagement de la douleur et relaxation musculaire<\/strong><\/p>\n<\/li>\n<li data-start=\"2153\" data-end=\"2266\">\n<p data-start=\"2155\" data-end=\"2266\"><strong data-start=\"2155\" data-end=\"2182\">Bien-\u00eatre \u00e9nerg\u00e9tique \u2192<\/strong> soutient l\u2019\u00e9quilibre psychophysique gr\u00e2ce \u00e0 l\u2019interaction avec les champs subtils<\/p>\n<\/li>\n<li data-start=\"2267\" data-end=\"2417\">\n<p data-start=\"2269\" data-end=\"2417\"><strong data-start=\"2269\" data-end=\"2301\">\u00c9limination des pathog\u00e8nes \u2192<\/strong> gr\u00e2ce \u00e0 la r\u00e9sonance s\u00e9lective avec virus, bact\u00e9ries et autres agents selon les principes de la <strong data-start=\"2398\" data-end=\"2415\">th\u00e9rapie Rife<\/strong><\/p>\n<\/li>\n<\/ul>\n<hr data-start=\"2419\" data-end=\"2422\" \/>\n<h3 data-start=\"2424\" data-end=\"2445\"><strong data-start=\"2428\" data-end=\"2445\">Mode d\u2019emploi<\/strong><\/h3>\n<ol data-start=\"2447\" data-end=\"2772\">\n<li data-start=\"2447\" data-end=\"2490\">\n<p data-start=\"2450\" data-end=\"2490\">Connecter la bobine \u00e0 l\u2019amplificateur.<\/p>\n<\/li>\n<li data-start=\"2491\" data-end=\"2622\">\n<p data-start=\"2494\" data-end=\"2622\">Lancer l\u2019<strong data-start=\"2503\" data-end=\"2523\">application Rife<\/strong> ou le g\u00e9n\u00e9rateur de fr\u00e9quences (ex. Z-app), ou ins\u00e9rer la <strong data-start=\"2582\" data-end=\"2593\">cl\u00e9 USB<\/strong> avec les fichiers fournis.<\/p>\n<\/li>\n<li data-start=\"2623\" data-end=\"2683\">\n<p data-start=\"2626\" data-end=\"2683\">S\u00e9lectionner la <strong data-start=\"2642\" data-end=\"2680\">fr\u00e9quence ou le programme souhait\u00e9<\/strong>.<\/p>\n<\/li>\n<li data-start=\"2684\" data-end=\"2732\">\n<p data-start=\"2687\" data-end=\"2732\">Placer la bobine pr\u00e8s de la zone \u00e0 traiter.<\/p>\n<\/li>\n<li data-start=\"2733\" data-end=\"2772\">\n<p data-start=\"2736\" data-end=\"2772\">D\u00e9marrer la s\u00e9ance et se d\u00e9tendre.<\/p>\n<\/li>\n<\/ol>\n<p data-start=\"2774\" data-end=\"2882\"><strong data-start=\"2774\" data-end=\"2806\">Dur\u00e9e initiale recommand\u00e9e :<\/strong> 20\u201330 minutes, \u00e0 augmenter progressivement selon la r\u00e9ponse individuelle.<\/p>\n<hr data-start=\"2884\" data-end=\"2887\" \/>\n<h3 data-start=\"2889\" data-end=\"2911\"><strong data-start=\"2893\" data-end=\"2911\">Avertissements<\/strong><\/h3>\n<ul data-start=\"2913\" data-end=\"3230\">\n<li data-start=\"2913\" data-end=\"3043\">\n<p data-start=\"2915\" data-end=\"3043\">Ne pas utiliser en pr\u00e9sence de <strong data-start=\"2946\" data-end=\"2959\">pacemaker<\/strong> ou <strong data-start=\"2963\" data-end=\"3040\">dispositifs m\u00e9dicaux implantables sensibles aux champs \u00e9lectromagn\u00e9tiques<\/strong>.<\/p>\n<\/li>\n<li data-start=\"3044\" data-end=\"3230\">\n<p data-start=\"3046\" data-end=\"3230\">Ce dispositif est destin\u00e9 \u00e0 un <strong data-start=\"3077\" data-end=\"3125\">usage exp\u00e9rimental et de bien-\u00eatre personnel<\/strong>. <strong data-start=\"3127\" data-end=\"3165\">Il n\u2019est pas un dispositif m\u00e9dical<\/strong> et <strong data-start=\"3169\" data-end=\"3227\">ne remplace pas un diagnostic ni un traitement m\u00e9dical<\/strong>.<\/p>\n<\/li>\n<\/ul>\n","protected":false},"excerpt":{"rendered":"<p>Kit HENcoil-3\u00a0: Syst\u00e8me PEMF \u00e0 ondes scalaires avec bobine et amplificateur. Contr\u00f4l\u00e9 via l\u2019application pour smartphone Rife ou une cl\u00e9 USB.<\/p>\n","protected":false},"featured_media":4369,"comment_status":"open","ping_status":"closed","template":"","meta":{"ocean_post_layout":"","ocean_both_sidebars_style":"","ocean_both_sidebars_content_width":0,"ocean_both_sidebars_sidebars_width":0,"ocean_sidebar":"0","ocean_second_sidebar":"0","ocean_disable_margins":"enable","ocean_add_body_class":"","ocean_shortcode_before_top_bar":"","ocean_shortcode_after_top_bar":"","ocean_shortcode_before_header":"","ocean_shortcode_after_header":"","ocean_has_shortcode":"","ocean_shortcode_after_title":"","ocean_shortcode_before_footer_widgets":"","ocean_shortcode_after_footer_widgets":"","ocean_shortcode_before_footer_bottom":"","ocean_shortcode_after_footer_bottom":"","ocean_display_top_bar":"default","ocean_display_header":"default","ocean_header_style":"","ocean_center_header_left_menu":"0","ocean_custom_header_template":"0","ocean_custom_logo":0,"ocean_custom_retina_logo":0,"ocean_custom_logo_max_width":0,"ocean_custom_logo_tablet_max_width":0,"ocean_custom_logo_mobile_max_width":0,"ocean_custom_logo_max_height":0,"ocean_custom_logo_tablet_max_height":0,"ocean_custom_logo_mobile_max_height":0,"ocean_header_custom_menu":"0","ocean_menu_typo_font_family":"0","ocean_menu_typo_font_subset":"","ocean_menu_typo_font_size":0,"ocean_menu_typo_font_size_tablet":0,"ocean_menu_typo_font_size_mobile":0,"ocean_menu_typo_font_size_unit":"px","ocean_menu_typo_font_weight":"","ocean_menu_typo_font_weight_tablet":"","ocean_menu_typo_font_weight_mobile":"","ocean_menu_typo_transform":"","ocean_menu_typo_transform_tablet":"","ocean_menu_typo_transform_mobile":"","ocean_menu_typo_line_height":0,"ocean_menu_typo_line_height_tablet":0,"ocean_menu_typo_line_height_mobile":0,"ocean_menu_typo_line_height_unit":"","ocean_menu_typo_spacing":0,"ocean_menu_typo_spacing_tablet":0,"ocean_menu_typo_spacing_mobile":0,"ocean_menu_typo_spacing_unit":"","ocean_menu_link_color":"","ocean_menu_link_color_hover":"","ocean_menu_link_color_active":"","ocean_menu_link_background":"","ocean_menu_link_hover_background":"","ocean_menu_link_active_background":"","ocean_menu_social_links_bg":"","ocean_menu_social_hover_links_bg":"","ocean_menu_social_links_color":"","ocean_menu_social_hover_links_color":"","ocean_disable_title":"default","ocean_disable_heading":"default","ocean_post_title":"","ocean_post_subheading":"","ocean_post_title_style":"","ocean_post_title_background_color":"","ocean_post_title_background":0,"ocean_post_title_bg_image_position":"","ocean_post_title_bg_image_attachment":"","ocean_post_title_bg_image_repeat":"","ocean_post_title_bg_image_size":"","ocean_post_title_height":0,"ocean_post_title_bg_overlay":0.5,"ocean_post_title_bg_overlay_color":"","ocean_disable_breadcrumbs":"default","ocean_breadcrumbs_color":"","ocean_breadcrumbs_separator_color":"","ocean_breadcrumbs_links_color":"","ocean_breadcrumbs_links_hover_color":"","ocean_display_footer_widgets":"default","ocean_display_footer_bottom":"default","ocean_custom_footer_template":"0","_glsr_average":0,"_glsr_ranking":0,"_glsr_reviews":0},"product_brand":[],"product_cat":[95],"product_tag":[],"class_list":{"0":"post-4368","1":"product","2":"type-product","3":"status-publish","4":"has-post-thumbnail","6":"product_cat-non-categorise","8":"entry","9":"has-media","11":"first","12":"instock","13":"taxable","14":"shipping-taxable","15":"purchasable","16":"product-type-simple","17":"add-to-wishlist-after_add_to_cart","18":"has-product-nav","19":"col","20":"span_1_of_3","21":"owp-content-center","22":"owp-thumbs-layout-vertical","23":"owp-btn-normal","24":"owp-tabs-layout-horizontal"},"yoast_head":"<!-- This site is optimized with the Yoast SEO plugin v27.4 - https:\/\/yoast.com\/product\/yoast-seo-wordpress\/ -->\n<title>Kit HENcoil 3 Kit de bobine \u00e0 ondes scalaires HENcoil3 avec amplificateur<\/title>\n<meta name=\"description\" content=\"D\u00e9couvrez le kit HENcoil3\u00a0: bobine PEMF \u00e0 ondes scalaires et amplificateur. Contr\u00f4lable via l\u2019application Rife ou USB. Id\u00e9al pour le bien-\u00eatre physique et mental.\" \/>\n<meta name=\"robots\" content=\"index, follow, max-snippet:-1, max-image-preview:large, max-video-preview:-1\" \/>\n<link rel=\"canonical\" href=\"https:\/\/henergylab.com\/fr\/produit\/kit-hencoil-3\/\" \/>\n<meta property=\"og:locale\" content=\"fr_FR\" \/>\n<meta property=\"og:type\" content=\"article\" \/>\n<meta property=\"og:title\" content=\"Kit HENcoil 3 Kit de bobine \u00e0 ondes scalaires HENcoil3 avec amplificateur\" \/>\n<meta property=\"og:description\" content=\"D\u00e9couvrez le kit HENcoil3\u00a0: bobine PEMF \u00e0 ondes scalaires et amplificateur. Contr\u00f4lable via l\u2019application Rife ou USB. Id\u00e9al pour le bien-\u00eatre physique et mental.\" \/>\n<meta property=\"og:url\" content=\"https:\/\/henergylab.com\/fr\/produit\/kit-hencoil-3\/\" \/>\n<meta property=\"og:site_name\" content=\"HEN\" \/>\n<meta property=\"article:modified_time\" content=\"2025-11-02T01:17:37+00:00\" \/>\n<meta property=\"og:image\" content=\"https:\/\/henergylab.com\/wp-content\/uploads\/2025\/10\/Coil26-black-with-amp51-scaled.jpg\" \/>\n\t<meta property=\"og:image:width\" content=\"2560\" \/>\n\t<meta property=\"og:image:height\" content=\"2560\" \/>\n\t<meta property=\"og:image:type\" content=\"image\/jpeg\" \/>\n<meta name=\"twitter:card\" content=\"summary_large_image\" \/>\n<meta name=\"twitter:label1\" content=\"Dur\u00e9e de lecture estim\u00e9e\" \/>\n\t<meta name=\"twitter:data1\" content=\"2 minutes\" \/>\n<script type=\"application\/ld+json\" class=\"yoast-schema-graph\">{\"@context\":\"https:\\\/\\\/schema.org\",\"@graph\":[{\"@type\":\"WebPage\",\"@id\":\"https:\\\/\\\/henergylab.com\\\/fr\\\/produit\\\/kit-hencoil-3\\\/\",\"url\":\"https:\\\/\\\/henergylab.com\\\/fr\\\/produit\\\/kit-hencoil-3\\\/\",\"name\":\"Kit HENcoil 3 Kit de bobine \u00e0 ondes scalaires HENcoil3 avec amplificateur\",\"isPartOf\":{\"@id\":\"https:\\\/\\\/henergylab.com\\\/fr\\\/#website\"},\"primaryImageOfPage\":{\"@id\":\"https:\\\/\\\/henergylab.com\\\/fr\\\/produit\\\/kit-hencoil-3\\\/#primaryimage\"},\"image\":{\"@id\":\"https:\\\/\\\/henergylab.com\\\/fr\\\/produit\\\/kit-hencoil-3\\\/#primaryimage\"},\"thumbnailUrl\":\"https:\\\/\\\/henergylab.com\\\/wp-content\\\/uploads\\\/2025\\\/10\\\/Coil26-black-with-amp51-scaled.jpg\",\"datePublished\":\"2025-10-08T23:48:02+00:00\",\"dateModified\":\"2025-11-02T01:17:37+00:00\",\"description\":\"D\u00e9couvrez le kit HENcoil3\u00a0: bobine PEMF \u00e0 ondes scalaires et amplificateur. Contr\u00f4lable via l\u2019application Rife ou USB. Id\u00e9al pour le bien-\u00eatre physique et mental.\",\"breadcrumb\":{\"@id\":\"https:\\\/\\\/henergylab.com\\\/fr\\\/produit\\\/kit-hencoil-3\\\/#breadcrumb\"},\"inLanguage\":\"fr-FR\",\"potentialAction\":[{\"@type\":\"ReadAction\",\"target\":[\"https:\\\/\\\/henergylab.com\\\/fr\\\/produit\\\/kit-hencoil-3\\\/\"]}]},{\"@type\":\"ImageObject\",\"inLanguage\":\"fr-FR\",\"@id\":\"https:\\\/\\\/henergylab.com\\\/fr\\\/produit\\\/kit-hencoil-3\\\/#primaryimage\",\"url\":\"https:\\\/\\\/henergylab.com\\\/wp-content\\\/uploads\\\/2025\\\/10\\\/Coil26-black-with-amp51-scaled.jpg\",\"contentUrl\":\"https:\\\/\\\/henergylab.com\\\/wp-content\\\/uploads\\\/2025\\\/10\\\/Coil26-black-with-amp51-scaled.jpg\",\"width\":2560,\"height\":2560,\"caption\":\"Kit de bobine PEMF \u00e0 ondes scalaires Hencoil-3 1\"},{\"@type\":\"BreadcrumbList\",\"@id\":\"https:\\\/\\\/henergylab.com\\\/fr\\\/produit\\\/kit-hencoil-3\\\/#breadcrumb\",\"itemListElement\":[{\"@type\":\"ListItem\",\"position\":1,\"name\":\"Home\",\"item\":\"https:\\\/\\\/henergylab.com\\\/fr\\\/\"},{\"@type\":\"ListItem\",\"position\":2,\"name\":\"Shop\",\"item\":\"https:\\\/\\\/henergylab.com\\\/negozio\\\/\"},{\"@type\":\"ListItem\",\"position\":3,\"name\":\"Kit HENcoil 3\"}]},{\"@type\":\"WebSite\",\"@id\":\"https:\\\/\\\/henergylab.com\\\/fr\\\/#website\",\"url\":\"https:\\\/\\\/henergylab.com\\\/fr\\\/\",\"name\":\"henergylab\",\"description\":\"\",\"publisher\":{\"@id\":\"https:\\\/\\\/henergylab.com\\\/fr\\\/#organization\"},\"potentialAction\":[{\"@type\":\"SearchAction\",\"target\":{\"@type\":\"EntryPoint\",\"urlTemplate\":\"https:\\\/\\\/henergylab.com\\\/fr\\\/?s={search_term_string}\"},\"query-input\":{\"@type\":\"PropertyValueSpecification\",\"valueRequired\":true,\"valueName\":\"search_term_string\"}}],\"inLanguage\":\"fr-FR\"},{\"@type\":\"Organization\",\"@id\":\"https:\\\/\\\/henergylab.com\\\/fr\\\/#organization\",\"name\":\"HEN\",\"url\":\"https:\\\/\\\/henergylab.com\\\/fr\\\/\",\"logo\":{\"@type\":\"ImageObject\",\"inLanguage\":\"fr-FR\",\"@id\":\"https:\\\/\\\/henergylab.com\\\/fr\\\/#\\\/schema\\\/logo\\\/image\\\/\",\"url\":\"https:\\\/\\\/henergylab.com\\\/wp-content\\\/uploads\\\/2025\\\/07\\\/Henergylab-logo-scritta-nera-1.png\",\"contentUrl\":\"https:\\\/\\\/henergylab.com\\\/wp-content\\\/uploads\\\/2025\\\/07\\\/Henergylab-logo-scritta-nera-1.png\",\"width\":128,\"height\":128,\"caption\":\"HEN\"},\"image\":{\"@id\":\"https:\\\/\\\/henergylab.com\\\/fr\\\/#\\\/schema\\\/logo\\\/image\\\/\"}}]}<\/script>\n<!-- \/ Yoast SEO plugin. -->","yoast_head_json":{"title":"Kit HENcoil 3 Kit de bobine \u00e0 ondes scalaires HENcoil3 avec amplificateur","description":"D\u00e9couvrez le kit HENcoil3\u00a0: bobine PEMF \u00e0 ondes scalaires et amplificateur. Contr\u00f4lable via l\u2019application Rife ou USB. Id\u00e9al pour le bien-\u00eatre physique et mental.","robots":{"index":"index","follow":"follow","max-snippet":"max-snippet:-1","max-image-preview":"max-image-preview:large","max-video-preview":"max-video-preview:-1"},"canonical":"https:\/\/henergylab.com\/fr\/produit\/kit-hencoil-3\/","og_locale":"fr_FR","og_type":"article","og_title":"Kit HENcoil 3 Kit de bobine \u00e0 ondes scalaires HENcoil3 avec amplificateur","og_description":"D\u00e9couvrez le kit HENcoil3\u00a0: bobine PEMF \u00e0 ondes scalaires et amplificateur. Contr\u00f4lable via l\u2019application Rife ou USB. Id\u00e9al pour le bien-\u00eatre physique et mental.","og_url":"https:\/\/henergylab.com\/fr\/produit\/kit-hencoil-3\/","og_site_name":"HEN","article_modified_time":"2025-11-02T01:17:37+00:00","og_image":[{"width":2560,"height":2560,"url":"https:\/\/henergylab.com\/wp-content\/uploads\/2025\/10\/Coil26-black-with-amp51-scaled.jpg","type":"image\/jpeg"}],"twitter_card":"summary_large_image","twitter_misc":{"Dur\u00e9e de lecture estim\u00e9e":"2 minutes"},"schema":{"@context":"https:\/\/schema.org","@graph":[{"@type":"WebPage","@id":"https:\/\/henergylab.com\/fr\/produit\/kit-hencoil-3\/","url":"https:\/\/henergylab.com\/fr\/produit\/kit-hencoil-3\/","name":"Kit HENcoil 3 Kit de bobine \u00e0 ondes scalaires HENcoil3 avec amplificateur","isPartOf":{"@id":"https:\/\/henergylab.com\/fr\/#website"},"primaryImageOfPage":{"@id":"https:\/\/henergylab.com\/fr\/produit\/kit-hencoil-3\/#primaryimage"},"image":{"@id":"https:\/\/henergylab.com\/fr\/produit\/kit-hencoil-3\/#primaryimage"},"thumbnailUrl":"https:\/\/henergylab.com\/wp-content\/uploads\/2025\/10\/Coil26-black-with-amp51-scaled.jpg","datePublished":"2025-10-08T23:48:02+00:00","dateModified":"2025-11-02T01:17:37+00:00","description":"D\u00e9couvrez le kit HENcoil3\u00a0: bobine PEMF \u00e0 ondes scalaires et amplificateur. Contr\u00f4lable via l\u2019application Rife ou USB. Id\u00e9al pour le bien-\u00eatre physique et mental.","breadcrumb":{"@id":"https:\/\/henergylab.com\/fr\/produit\/kit-hencoil-3\/#breadcrumb"},"inLanguage":"fr-FR","potentialAction":[{"@type":"ReadAction","target":["https:\/\/henergylab.com\/fr\/produit\/kit-hencoil-3\/"]}]},{"@type":"ImageObject","inLanguage":"fr-FR","@id":"https:\/\/henergylab.com\/fr\/produit\/kit-hencoil-3\/#primaryimage","url":"https:\/\/henergylab.com\/wp-content\/uploads\/2025\/10\/Coil26-black-with-amp51-scaled.jpg","contentUrl":"https:\/\/henergylab.com\/wp-content\/uploads\/2025\/10\/Coil26-black-with-amp51-scaled.jpg","width":2560,"height":2560,"caption":"Kit de bobine PEMF \u00e0 ondes scalaires Hencoil-3 1"},{"@type":"BreadcrumbList","@id":"https:\/\/henergylab.com\/fr\/produit\/kit-hencoil-3\/#breadcrumb","itemListElement":[{"@type":"ListItem","position":1,"name":"Home","item":"https:\/\/henergylab.com\/fr\/"},{"@type":"ListItem","position":2,"name":"Shop","item":"https:\/\/henergylab.com\/negozio\/"},{"@type":"ListItem","position":3,"name":"Kit HENcoil 3"}]},{"@type":"WebSite","@id":"https:\/\/henergylab.com\/fr\/#website","url":"https:\/\/henergylab.com\/fr\/","name":"henergylab","description":"","publisher":{"@id":"https:\/\/henergylab.com\/fr\/#organization"},"potentialAction":[{"@type":"SearchAction","target":{"@type":"EntryPoint","urlTemplate":"https:\/\/henergylab.com\/fr\/?s={search_term_string}"},"query-input":{"@type":"PropertyValueSpecification","valueRequired":true,"valueName":"search_term_string"}}],"inLanguage":"fr-FR"},{"@type":"Organization","@id":"https:\/\/henergylab.com\/fr\/#organization","name":"HEN","url":"https:\/\/henergylab.com\/fr\/","logo":{"@type":"ImageObject","inLanguage":"fr-FR","@id":"https:\/\/henergylab.com\/fr\/#\/schema\/logo\/image\/","url":"https:\/\/henergylab.com\/wp-content\/uploads\/2025\/07\/Henergylab-logo-scritta-nera-1.png","contentUrl":"https:\/\/henergylab.com\/wp-content\/uploads\/2025\/07\/Henergylab-logo-scritta-nera-1.png","width":128,"height":128,"caption":"HEN"},"image":{"@id":"https:\/\/henergylab.com\/fr\/#\/schema\/logo\/image\/"}}]}},"_links":{"self":[{"href":"https:\/\/henergylab.com\/fr\/wp-json\/wp\/v2\/product\/4368","targetHints":{"allow":["GET"]}}],"collection":[{"href":"https:\/\/henergylab.com\/fr\/wp-json\/wp\/v2\/product"}],"about":[{"href":"https:\/\/henergylab.com\/fr\/wp-json\/wp\/v2\/types\/product"}],"replies":[{"embeddable":true,"href":"https:\/\/henergylab.com\/fr\/wp-json\/wp\/v2\/comments?post=4368"}],"wp:featuredmedia":[{"embeddable":true,"href":"https:\/\/henergylab.com\/fr\/wp-json\/wp\/v2\/media\/4369"}],"wp:attachment":[{"href":"https:\/\/henergylab.com\/fr\/wp-json\/wp\/v2\/media?parent=4368"}],"wp:term":[{"taxonomy":"product_brand","embeddable":true,"href":"https:\/\/henergylab.com\/fr\/wp-json\/wp\/v2\/product_brand?post=4368"},{"taxonomy":"product_cat","embeddable":true,"href":"https:\/\/henergylab.com\/fr\/wp-json\/wp\/v2\/product_cat?post=4368"},{"taxonomy":"product_tag","embeddable":true,"href":"https:\/\/henergylab.com\/fr\/wp-json\/wp\/v2\/product_tag?post=4368"}],"curies":[{"name":"wp","href":"https:\/\/api.w.org\/{rel}","templated":true}]}}