{"id":4482,"date":"2025-01-30T01:15:02","date_gmt":"2025-01-30T01:15:02","guid":{"rendered":"https:\/\/henergylab.com\/product\/toruscoil7-amethyst\/"},"modified":"2025-11-02T15:24:48","modified_gmt":"2025-11-02T15:24:48","slug":"toruscoil7-amethyst","status":"publish","type":"product","link":"https:\/\/henergylab.com\/fr\/produit\/toruscoil7-amethyst\/","title":{"rendered":"TorusCoil7 Amethyst"},"content":{"rendered":"<h2 data-start=\"140\" data-end=\"204\"><strong data-start=\"143\" data-end=\"204\">Torus7 Coil Am\u00e9thyste \u2013 Bobine d\u2019Ondes Scalaires Portable<\/strong><\/h2>\n<p data-start=\"206\" data-end=\"428\"><strong data-start=\"206\" data-end=\"221\">Bobine PEMF<\/strong> con\u00e7ue selon les principes des math\u00e9matiques du vortex.<br data-start=\"277\" data-end=\"280\" \/>Le motif d\u2019enroulement unique, inspir\u00e9 de la forme de notre Univers, permet la cr\u00e9ation d\u2019<strong data-start=\"370\" data-end=\"389\">ondes scalaires<\/strong> ou de <strong data-start=\"396\" data-end=\"427\">champs \u00e9nerg\u00e9tiques subtils<\/strong>.<\/p>\n<p data-start=\"430\" data-end=\"719\">Le <strong data-start=\"433\" data-end=\"453\">champ magn\u00e9tique<\/strong> g\u00e9n\u00e9r\u00e9 s\u2019int\u00e8gre avec le <strong data-start=\"479\" data-end=\"495\">champ subtil<\/strong> accumul\u00e9 par le tore.<br data-start=\"517\" data-end=\"520\" \/>Gr\u00e2ce aux <strong data-start=\"530\" data-end=\"554\">cristaux d\u2019am\u00e9thyste<\/strong> pr\u00e9sents, l\u2019\u00e9nergie est modul\u00e9e selon les propri\u00e9t\u00e9s de l\u2019am\u00e9thyste et la fr\u00e9quence utilis\u00e9e, am\u00e9liorant ainsi la capacit\u00e9 du dispositif \u00e0 canaliser les fr\u00e9quences.<\/p>\n<p data-start=\"721\" data-end=\"1671\"><strong data-start=\"721\" data-end=\"736\">L\u2019am\u00e9thyste<\/strong> est une pierre qui aide \u00e0 r\u00e9duire le stress et l\u2019anxi\u00e9t\u00e9, ainsi que les tensions physiques et psychologiques, favorisant la relaxation et la s\u00e9r\u00e9nit\u00e9.<br data-start=\"887\" data-end=\"890\" \/>Elle est utile dans le traitement des troubles li\u00e9s au syst\u00e8me nerveux \u2014 tels que l\u2019insomnie et les maux de t\u00eate \u2014 et favorise un sommeil paisible.<br data-start=\"1037\" data-end=\"1040\" \/>Elle poss\u00e8de le pouvoir de <strong data-start=\"1067\" data-end=\"1102\">purifier l\u2019\u00e9nergie environnante<\/strong>, en nettoyant l\u2019environnement et l\u2019\u00e9nergie personnelle des influences n\u00e9gatives.<br data-start=\"1183\" data-end=\"1186\" \/>L\u2019am\u00e9thyste <strong data-start=\"1198\" data-end=\"1239\">stimule l\u2019esprit et la clart\u00e9 mentale<\/strong>, am\u00e9liorant la concentration et la lucidit\u00e9.<br data-start=\"1284\" data-end=\"1287\" \/>Elle est souvent utilis\u00e9e pour aider \u00e0 se lib\u00e9rer des \u00e9motions n\u00e9gatives comme la col\u00e8re et la peur, favorisant <strong data-start=\"1399\" data-end=\"1425\">l\u2019\u00e9quilibre \u00e9motionnel<\/strong>, la paix et l\u2019harmonie.<br data-start=\"1449\" data-end=\"1452\" \/>L\u2019am\u00e9thyste est associ\u00e9e au <strong data-start=\"1480\" data-end=\"1498\">chakra coronal<\/strong> (situ\u00e9 au sommet de la t\u00eate), li\u00e9 \u00e0 la spiritualit\u00e9, \u00e0 la connexion avec l\u2019univers, \u00e0 la croissance spirituelle, \u00e0 l\u2019expansion de la conscience et au contact avec le divin.<\/p>\n<p data-start=\"1673\" data-end=\"2054\">Cette synergie entre <strong data-start=\"1694\" data-end=\"1714\">champ magn\u00e9tique<\/strong> et <strong data-start=\"1718\" data-end=\"1734\">champ subtil<\/strong> permet \u00e0 la <strong data-start=\"1747\" data-end=\"1772\">Torus7 Coil Am\u00e9thyste<\/strong> d\u2019interagir avec les champs \u00e9nerg\u00e9tiques subtils du corps humain.<br data-start=\"1838\" data-end=\"1841\" \/>Elle favorise la <strong data-start=\"1858\" data-end=\"1898\">stimulation de l\u2019activit\u00e9 cellulaire<\/strong> et am\u00e9liore le bien-\u00eatre g\u00e9n\u00e9ral gr\u00e2ce \u00e0 l\u2019utilisation de <strong data-start=\"1957\" data-end=\"1998\">fr\u00e9quences th\u00e9rapeutiques sp\u00e9cifiques<\/strong>, telles que celles employ\u00e9es dans la <strong data-start=\"2036\" data-end=\"2053\">th\u00e9rapie Rife<\/strong>.<\/p>\n<hr data-start=\"2056\" data-end=\"2059\" \/>\n<h3 data-start=\"2061\" data-end=\"2158\"><strong data-start=\"2065\" data-end=\"2158\">Les Bienfaits de la Th\u00e9rapie Rife ou PEMF (Th\u00e9rapie par Champs \u00c9lectromagn\u00e9tiques Puls\u00e9s)<\/strong><\/h3>\n<p data-start=\"2160\" data-end=\"2250\"><strong data-start=\"2160\" data-end=\"2188\">Stimulation Cellulaire :<\/strong> Am\u00e9liore la sant\u00e9 cellulaire et la r\u00e9g\u00e9n\u00e9ration des tissus.<\/p>\n<p data-start=\"2252\" data-end=\"2334\"><strong data-start=\"2252\" data-end=\"2288\">Am\u00e9lioration de la Circulation :<\/strong> Favorise une circulation sanguine optimale.<\/p>\n<p data-start=\"2336\" data-end=\"2439\"><strong data-start=\"2336\" data-end=\"2381\">Relaxation et Soulagement de la Douleur :<\/strong> R\u00e9duit les tensions musculaires et favorise la d\u00e9tente.<\/p>\n<p data-start=\"2441\" data-end=\"2587\"><strong data-start=\"2441\" data-end=\"2464\">Bien-\u00catre G\u00e9n\u00e9ral :<\/strong> Encourage l\u2019\u00e9quilibre \u00e9nerg\u00e9tique et le bien-\u00eatre psychophysique gr\u00e2ce \u00e0 l\u2019interaction avec les champs subtils du corps.<\/p>\n<p data-start=\"2589\" data-end=\"2851\"><strong data-start=\"2589\" data-end=\"2621\">\u00c9limination des Pathog\u00e8nes :<\/strong><br data-start=\"2621\" data-end=\"2624\" \/>L\u2019utilisation de fr\u00e9quences sp\u00e9cifiques \u2014 r\u00e9sultat de d\u00e9cennies de recherches et d\u2019exp\u00e9rimentations \u2014 permet <strong data-start=\"2733\" data-end=\"2809\">l\u2019\u00e9limination s\u00e9lective des virus, bact\u00e9ries et autres agents pathog\u00e8nes<\/strong> par r\u00e9sonance d\u2019ondes \u00e9lectromagn\u00e9tiques.<\/p>\n<hr data-start=\"2853\" data-end=\"2856\" \/>\n<h3 data-start=\"2858\" data-end=\"2885\"><strong data-start=\"2862\" data-end=\"2885\">Conception Portable<\/strong><\/h3>\n<p data-start=\"2887\" data-end=\"3019\">Con\u00e7ue comme un <strong data-start=\"2903\" data-end=\"2926\">dispositif portable<\/strong>, elle se connecte \u00e0 un <strong data-start=\"2950\" data-end=\"2979\">smartphone ou lecteur MP3<\/strong> via une <strong data-start=\"2988\" data-end=\"3018\">entr\u00e9e audio jack standard<\/strong>.<\/p>\n<p data-start=\"3021\" data-end=\"3054\"><strong data-start=\"3021\" data-end=\"3048\">Diam\u00e8tre de la bobine :<\/strong> 7 cm.<\/p>\n","protected":false},"excerpt":{"rendered":"<p>Bobine toro\u00efdale PEMF, con\u00e7ue comme un appareil portable, \u00e0 utiliser avec les smartphones<\/p>\n","protected":false},"featured_media":4474,"comment_status":"open","ping_status":"closed","template":"","meta":{"ocean_post_layout":"","ocean_both_sidebars_style":"","ocean_both_sidebars_content_width":0,"ocean_both_sidebars_sidebars_width":0,"ocean_sidebar":"0","ocean_second_sidebar":"0","ocean_disable_margins":"enable","ocean_add_body_class":"","ocean_shortcode_before_top_bar":"","ocean_shortcode_after_top_bar":"","ocean_shortcode_before_header":"","ocean_shortcode_after_header":"","ocean_has_shortcode":"","ocean_shortcode_after_title":"","ocean_shortcode_before_footer_widgets":"","ocean_shortcode_after_footer_widgets":"","ocean_shortcode_before_footer_bottom":"","ocean_shortcode_after_footer_bottom":"","ocean_display_top_bar":"default","ocean_display_header":"default","ocean_header_style":"","ocean_center_header_left_menu":"0","ocean_custom_header_template":"0","ocean_custom_logo":0,"ocean_custom_retina_logo":0,"ocean_custom_logo_max_width":0,"ocean_custom_logo_tablet_max_width":0,"ocean_custom_logo_mobile_max_width":0,"ocean_custom_logo_max_height":0,"ocean_custom_logo_tablet_max_height":0,"ocean_custom_logo_mobile_max_height":0,"ocean_header_custom_menu":"0","ocean_menu_typo_font_family":"0","ocean_menu_typo_font_subset":"","ocean_menu_typo_font_size":0,"ocean_menu_typo_font_size_tablet":0,"ocean_menu_typo_font_size_mobile":0,"ocean_menu_typo_font_size_unit":"px","ocean_menu_typo_font_weight":"","ocean_menu_typo_font_weight_tablet":"","ocean_menu_typo_font_weight_mobile":"","ocean_menu_typo_transform":"","ocean_menu_typo_transform_tablet":"","ocean_menu_typo_transform_mobile":"","ocean_menu_typo_line_height":0,"ocean_menu_typo_line_height_tablet":0,"ocean_menu_typo_line_height_mobile":0,"ocean_menu_typo_line_height_unit":"","ocean_menu_typo_spacing":0,"ocean_menu_typo_spacing_tablet":0,"ocean_menu_typo_spacing_mobile":0,"ocean_menu_typo_spacing_unit":"","ocean_menu_link_color":"","ocean_menu_link_color_hover":"","ocean_menu_link_color_active":"","ocean_menu_link_background":"","ocean_menu_link_hover_background":"","ocean_menu_link_active_background":"","ocean_menu_social_links_bg":"","ocean_menu_social_hover_links_bg":"","ocean_menu_social_links_color":"","ocean_menu_social_hover_links_color":"","ocean_disable_title":"default","ocean_disable_heading":"default","ocean_post_title":"","ocean_post_subheading":"","ocean_post_title_style":"","ocean_post_title_background_color":"","ocean_post_title_background":0,"ocean_post_title_bg_image_position":"","ocean_post_title_bg_image_attachment":"","ocean_post_title_bg_image_repeat":"","ocean_post_title_bg_image_size":"","ocean_post_title_height":0,"ocean_post_title_bg_overlay":0.5,"ocean_post_title_bg_overlay_color":"","ocean_disable_breadcrumbs":"default","ocean_breadcrumbs_color":"","ocean_breadcrumbs_separator_color":"","ocean_breadcrumbs_links_color":"","ocean_breadcrumbs_links_hover_color":"","ocean_display_footer_widgets":"default","ocean_display_footer_bottom":"default","ocean_custom_footer_template":"0","_glsr_average":0,"_glsr_ranking":0,"_glsr_reviews":0},"product_brand":[],"product_cat":[105],"product_tag":[],"class_list":{"0":"post-4482","1":"product","2":"type-product","3":"status-publish","4":"has-post-thumbnail","6":"product_cat-hencoils","8":"entry","9":"has-media","11":"first","12":"instock","13":"taxable","14":"shipping-taxable","15":"purchasable","16":"product-type-simple","17":"add-to-wishlist-after_add_to_cart","18":"has-product-nav","19":"col","20":"span_1_of_3","21":"owp-content-center","22":"owp-thumbs-layout-vertical","23":"owp-btn-normal","24":"owp-tabs-layout-horizontal"},"yoast_head":"<!-- This site is optimized with the Yoast SEO plugin v27.4 - https:\/\/yoast.com\/product\/yoast-seo-wordpress\/ -->\n<title>TorusCoil7 Amethyst - HEN<\/title>\n<meta name=\"description\" content=\"Bobine PEMF construite selon les principes des math\u00e9matiques des vortex. Elle permet la cr\u00e9ation d&#039;ondes scalaires int\u00e9gr\u00e9es au champ magn\u00e9tique.\" \/>\n<meta name=\"robots\" content=\"index, follow, max-snippet:-1, max-image-preview:large, max-video-preview:-1\" \/>\n<link rel=\"canonical\" href=\"https:\/\/henergylab.com\/fr\/produit\/toruscoil7-amethyst\/\" \/>\n<meta property=\"og:locale\" content=\"fr_FR\" \/>\n<meta property=\"og:type\" content=\"article\" \/>\n<meta property=\"og:title\" content=\"TorusCoil7 Amethyst - HEN\" \/>\n<meta property=\"og:description\" content=\"Bobine PEMF construite selon les principes des math\u00e9matiques des vortex. Elle permet la cr\u00e9ation d&#039;ondes scalaires int\u00e9gr\u00e9es au champ magn\u00e9tique.\" \/>\n<meta property=\"og:url\" content=\"https:\/\/henergylab.com\/fr\/produit\/toruscoil7-amethyst\/\" \/>\n<meta property=\"og:site_name\" content=\"HEN\" \/>\n<meta property=\"article:modified_time\" content=\"2025-11-02T15:24:48+00:00\" \/>\n<meta property=\"og:image\" content=\"https:\/\/henergylab.com\/wp-content\/uploads\/2025\/01\/Coil7-AmetistET1.jpg\" \/>\n\t<meta property=\"og:image:width\" content=\"1759\" \/>\n\t<meta property=\"og:image:height\" content=\"1316\" \/>\n\t<meta property=\"og:image:type\" content=\"image\/jpeg\" \/>\n<meta name=\"twitter:card\" content=\"summary_large_image\" \/>\n<meta name=\"twitter:label1\" content=\"Dur\u00e9e de lecture estim\u00e9e\" \/>\n\t<meta name=\"twitter:data1\" content=\"2 minutes\" \/>\n<script type=\"application\/ld+json\" class=\"yoast-schema-graph\">{\"@context\":\"https:\\\/\\\/schema.org\",\"@graph\":[{\"@type\":\"WebPage\",\"@id\":\"https:\\\/\\\/henergylab.com\\\/fr\\\/produit\\\/toruscoil7-amethyst\\\/\",\"url\":\"https:\\\/\\\/henergylab.com\\\/fr\\\/produit\\\/toruscoil7-amethyst\\\/\",\"name\":\"TorusCoil7 Amethyst - HEN\",\"isPartOf\":{\"@id\":\"https:\\\/\\\/henergylab.com\\\/fr\\\/#website\"},\"primaryImageOfPage\":{\"@id\":\"https:\\\/\\\/henergylab.com\\\/fr\\\/produit\\\/toruscoil7-amethyst\\\/#primaryimage\"},\"image\":{\"@id\":\"https:\\\/\\\/henergylab.com\\\/fr\\\/produit\\\/toruscoil7-amethyst\\\/#primaryimage\"},\"thumbnailUrl\":\"https:\\\/\\\/henergylab.com\\\/wp-content\\\/uploads\\\/2025\\\/01\\\/Coil7-AmetistET1.jpg\",\"datePublished\":\"2025-01-30T01:15:02+00:00\",\"dateModified\":\"2025-11-02T15:24:48+00:00\",\"description\":\"Bobine PEMF construite selon les principes des math\u00e9matiques des vortex. Elle permet la cr\u00e9ation d'ondes scalaires int\u00e9gr\u00e9es au champ magn\u00e9tique.\",\"breadcrumb\":{\"@id\":\"https:\\\/\\\/henergylab.com\\\/fr\\\/produit\\\/toruscoil7-amethyst\\\/#breadcrumb\"},\"inLanguage\":\"fr-FR\",\"potentialAction\":[{\"@type\":\"ReadAction\",\"target\":[\"https:\\\/\\\/henergylab.com\\\/fr\\\/produit\\\/toruscoil7-amethyst\\\/\"]}]},{\"@type\":\"ImageObject\",\"inLanguage\":\"fr-FR\",\"@id\":\"https:\\\/\\\/henergylab.com\\\/fr\\\/produit\\\/toruscoil7-amethyst\\\/#primaryimage\",\"url\":\"https:\\\/\\\/henergylab.com\\\/wp-content\\\/uploads\\\/2025\\\/01\\\/Coil7-AmetistET1.jpg\",\"contentUrl\":\"https:\\\/\\\/henergylab.com\\\/wp-content\\\/uploads\\\/2025\\\/01\\\/Coil7-AmetistET1.jpg\",\"width\":1759,\"height\":1316,\"caption\":\"Bobine toro\u00efdale PEMF\"},{\"@type\":\"BreadcrumbList\",\"@id\":\"https:\\\/\\\/henergylab.com\\\/fr\\\/produit\\\/toruscoil7-amethyst\\\/#breadcrumb\",\"itemListElement\":[{\"@type\":\"ListItem\",\"position\":1,\"name\":\"Home\",\"item\":\"https:\\\/\\\/henergylab.com\\\/fr\\\/\"},{\"@type\":\"ListItem\",\"position\":2,\"name\":\"Shop\",\"item\":\"https:\\\/\\\/henergylab.com\\\/negozio\\\/\"},{\"@type\":\"ListItem\",\"position\":3,\"name\":\"TorusCoil7 Amethyst\"}]},{\"@type\":\"WebSite\",\"@id\":\"https:\\\/\\\/henergylab.com\\\/fr\\\/#website\",\"url\":\"https:\\\/\\\/henergylab.com\\\/fr\\\/\",\"name\":\"henergylab\",\"description\":\"\",\"publisher\":{\"@id\":\"https:\\\/\\\/henergylab.com\\\/fr\\\/#organization\"},\"potentialAction\":[{\"@type\":\"SearchAction\",\"target\":{\"@type\":\"EntryPoint\",\"urlTemplate\":\"https:\\\/\\\/henergylab.com\\\/fr\\\/?s={search_term_string}\"},\"query-input\":{\"@type\":\"PropertyValueSpecification\",\"valueRequired\":true,\"valueName\":\"search_term_string\"}}],\"inLanguage\":\"fr-FR\"},{\"@type\":\"Organization\",\"@id\":\"https:\\\/\\\/henergylab.com\\\/fr\\\/#organization\",\"name\":\"HEN\",\"url\":\"https:\\\/\\\/henergylab.com\\\/fr\\\/\",\"logo\":{\"@type\":\"ImageObject\",\"inLanguage\":\"fr-FR\",\"@id\":\"https:\\\/\\\/henergylab.com\\\/fr\\\/#\\\/schema\\\/logo\\\/image\\\/\",\"url\":\"https:\\\/\\\/henergylab.com\\\/wp-content\\\/uploads\\\/2025\\\/07\\\/Henergylab-logo-scritta-nera-1.png\",\"contentUrl\":\"https:\\\/\\\/henergylab.com\\\/wp-content\\\/uploads\\\/2025\\\/07\\\/Henergylab-logo-scritta-nera-1.png\",\"width\":128,\"height\":128,\"caption\":\"HEN\"},\"image\":{\"@id\":\"https:\\\/\\\/henergylab.com\\\/fr\\\/#\\\/schema\\\/logo\\\/image\\\/\"}}]}<\/script>\n<!-- \/ Yoast SEO plugin. -->","yoast_head_json":{"title":"TorusCoil7 Amethyst - HEN","description":"Bobine PEMF construite selon les principes des math\u00e9matiques des vortex. Elle permet la cr\u00e9ation d'ondes scalaires int\u00e9gr\u00e9es au champ magn\u00e9tique.","robots":{"index":"index","follow":"follow","max-snippet":"max-snippet:-1","max-image-preview":"max-image-preview:large","max-video-preview":"max-video-preview:-1"},"canonical":"https:\/\/henergylab.com\/fr\/produit\/toruscoil7-amethyst\/","og_locale":"fr_FR","og_type":"article","og_title":"TorusCoil7 Amethyst - HEN","og_description":"Bobine PEMF construite selon les principes des math\u00e9matiques des vortex. Elle permet la cr\u00e9ation d'ondes scalaires int\u00e9gr\u00e9es au champ magn\u00e9tique.","og_url":"https:\/\/henergylab.com\/fr\/produit\/toruscoil7-amethyst\/","og_site_name":"HEN","article_modified_time":"2025-11-02T15:24:48+00:00","og_image":[{"width":1759,"height":1316,"url":"https:\/\/henergylab.com\/wp-content\/uploads\/2025\/01\/Coil7-AmetistET1.jpg","type":"image\/jpeg"}],"twitter_card":"summary_large_image","twitter_misc":{"Dur\u00e9e de lecture estim\u00e9e":"2 minutes"},"schema":{"@context":"https:\/\/schema.org","@graph":[{"@type":"WebPage","@id":"https:\/\/henergylab.com\/fr\/produit\/toruscoil7-amethyst\/","url":"https:\/\/henergylab.com\/fr\/produit\/toruscoil7-amethyst\/","name":"TorusCoil7 Amethyst - HEN","isPartOf":{"@id":"https:\/\/henergylab.com\/fr\/#website"},"primaryImageOfPage":{"@id":"https:\/\/henergylab.com\/fr\/produit\/toruscoil7-amethyst\/#primaryimage"},"image":{"@id":"https:\/\/henergylab.com\/fr\/produit\/toruscoil7-amethyst\/#primaryimage"},"thumbnailUrl":"https:\/\/henergylab.com\/wp-content\/uploads\/2025\/01\/Coil7-AmetistET1.jpg","datePublished":"2025-01-30T01:15:02+00:00","dateModified":"2025-11-02T15:24:48+00:00","description":"Bobine PEMF construite selon les principes des math\u00e9matiques des vortex. Elle permet la cr\u00e9ation d'ondes scalaires int\u00e9gr\u00e9es au champ magn\u00e9tique.","breadcrumb":{"@id":"https:\/\/henergylab.com\/fr\/produit\/toruscoil7-amethyst\/#breadcrumb"},"inLanguage":"fr-FR","potentialAction":[{"@type":"ReadAction","target":["https:\/\/henergylab.com\/fr\/produit\/toruscoil7-amethyst\/"]}]},{"@type":"ImageObject","inLanguage":"fr-FR","@id":"https:\/\/henergylab.com\/fr\/produit\/toruscoil7-amethyst\/#primaryimage","url":"https:\/\/henergylab.com\/wp-content\/uploads\/2025\/01\/Coil7-AmetistET1.jpg","contentUrl":"https:\/\/henergylab.com\/wp-content\/uploads\/2025\/01\/Coil7-AmetistET1.jpg","width":1759,"height":1316,"caption":"Bobine toro\u00efdale PEMF"},{"@type":"BreadcrumbList","@id":"https:\/\/henergylab.com\/fr\/produit\/toruscoil7-amethyst\/#breadcrumb","itemListElement":[{"@type":"ListItem","position":1,"name":"Home","item":"https:\/\/henergylab.com\/fr\/"},{"@type":"ListItem","position":2,"name":"Shop","item":"https:\/\/henergylab.com\/negozio\/"},{"@type":"ListItem","position":3,"name":"TorusCoil7 Amethyst"}]},{"@type":"WebSite","@id":"https:\/\/henergylab.com\/fr\/#website","url":"https:\/\/henergylab.com\/fr\/","name":"henergylab","description":"","publisher":{"@id":"https:\/\/henergylab.com\/fr\/#organization"},"potentialAction":[{"@type":"SearchAction","target":{"@type":"EntryPoint","urlTemplate":"https:\/\/henergylab.com\/fr\/?s={search_term_string}"},"query-input":{"@type":"PropertyValueSpecification","valueRequired":true,"valueName":"search_term_string"}}],"inLanguage":"fr-FR"},{"@type":"Organization","@id":"https:\/\/henergylab.com\/fr\/#organization","name":"HEN","url":"https:\/\/henergylab.com\/fr\/","logo":{"@type":"ImageObject","inLanguage":"fr-FR","@id":"https:\/\/henergylab.com\/fr\/#\/schema\/logo\/image\/","url":"https:\/\/henergylab.com\/wp-content\/uploads\/2025\/07\/Henergylab-logo-scritta-nera-1.png","contentUrl":"https:\/\/henergylab.com\/wp-content\/uploads\/2025\/07\/Henergylab-logo-scritta-nera-1.png","width":128,"height":128,"caption":"HEN"},"image":{"@id":"https:\/\/henergylab.com\/fr\/#\/schema\/logo\/image\/"}}]}},"_links":{"self":[{"href":"https:\/\/henergylab.com\/fr\/wp-json\/wp\/v2\/product\/4482","targetHints":{"allow":["GET"]}}],"collection":[{"href":"https:\/\/henergylab.com\/fr\/wp-json\/wp\/v2\/product"}],"about":[{"href":"https:\/\/henergylab.com\/fr\/wp-json\/wp\/v2\/types\/product"}],"replies":[{"embeddable":true,"href":"https:\/\/henergylab.com\/fr\/wp-json\/wp\/v2\/comments?post=4482"}],"wp:featuredmedia":[{"embeddable":true,"href":"https:\/\/henergylab.com\/fr\/wp-json\/wp\/v2\/media\/4474"}],"wp:attachment":[{"href":"https:\/\/henergylab.com\/fr\/wp-json\/wp\/v2\/media?parent=4482"}],"wp:term":[{"taxonomy":"product_brand","embeddable":true,"href":"https:\/\/henergylab.com\/fr\/wp-json\/wp\/v2\/product_brand?post=4482"},{"taxonomy":"product_cat","embeddable":true,"href":"https:\/\/henergylab.com\/fr\/wp-json\/wp\/v2\/product_cat?post=4482"},{"taxonomy":"product_tag","embeddable":true,"href":"https:\/\/henergylab.com\/fr\/wp-json\/wp\/v2\/product_tag?post=4482"}],"curies":[{"name":"wp","href":"https:\/\/api.w.org\/{rel}","templated":true}]}}