{"id":4502,"date":"2025-01-30T00:44:53","date_gmt":"2025-01-30T00:44:53","guid":{"rendered":"https:\/\/henergylab.com\/product\/hencoil-1-amethyst\/"},"modified":"2025-10-31T15:52:41","modified_gmt":"2025-10-31T15:52:41","slug":"hencoil-1-amethyst","status":"publish","type":"product","link":"https:\/\/henergylab.com\/fr\/produit\/hencoil-1-amethyst\/","title":{"rendered":"HenCoil 1 Amethyst"},"content":{"rendered":"<h2 data-start=\"193\" data-end=\"251\"><strong data-start=\"196\" data-end=\"251\">HenCoil 1 Am\u00e9thyste \u2013 Bobine d\u2019Ondes Scalaires PEMF<\/strong><\/h2>\n<p data-start=\"253\" data-end=\"475\"><strong data-start=\"253\" data-end=\"268\">Bobine PEMF<\/strong> con\u00e7ue selon les principes des math\u00e9matiques du vortex.<br data-start=\"324\" data-end=\"327\" \/>Le motif d\u2019enroulement unique, inspir\u00e9 de la forme de notre Univers, permet la cr\u00e9ation d\u2019<strong data-start=\"417\" data-end=\"436\">ondes scalaires<\/strong> ou de <strong data-start=\"443\" data-end=\"474\">champs \u00e9nerg\u00e9tiques subtils<\/strong>.<\/p>\n<p data-start=\"477\" data-end=\"780\">Le <strong data-start=\"480\" data-end=\"500\">champ magn\u00e9tique<\/strong> g\u00e9n\u00e9r\u00e9 s\u2019int\u00e8gre avec le <strong data-start=\"526\" data-end=\"542\">champ subtil<\/strong> accumul\u00e9 par le tore.<br data-start=\"564\" data-end=\"567\" \/>Gr\u00e2ce aux <strong data-start=\"577\" data-end=\"601\">cristaux d\u2019am\u00e9thyste<\/strong> int\u00e9gr\u00e9s, l\u2019\u00e9nergie est modul\u00e9e selon les propri\u00e9t\u00e9s de l\u2019am\u00e9thyste et la fr\u00e9quence utilis\u00e9e, am\u00e9liorant la capacit\u00e9 du dispositif \u00e0 canaliser les fr\u00e9quences de mani\u00e8re optimale.<\/p>\n<p data-start=\"782\" data-end=\"1737\"><strong data-start=\"782\" data-end=\"797\">L\u2019am\u00e9thyste<\/strong> est une pierre qui aide \u00e0 r\u00e9duire le stress et l\u2019anxi\u00e9t\u00e9, ainsi que les tensions physiques et psychologiques, favorisant la relaxation et la s\u00e9r\u00e9nit\u00e9.<br data-start=\"948\" data-end=\"951\" \/>Elle est utile dans le traitement des troubles li\u00e9s au syst\u00e8me nerveux \u2014 tels que l\u2019insomnie et les maux de t\u00eate \u2014 et favorise un sommeil paisible.<br data-start=\"1098\" data-end=\"1101\" \/>Elle poss\u00e8de le pouvoir de <strong data-start=\"1128\" data-end=\"1163\">purifier l\u2019\u00e9nergie environnante<\/strong>, en nettoyant l\u2019environnement et l\u2019\u00e9nergie personnelle des influences n\u00e9gatives.<br data-start=\"1244\" data-end=\"1247\" \/>L\u2019am\u00e9thyste <strong data-start=\"1259\" data-end=\"1300\">stimule l\u2019esprit et la clart\u00e9 mentale<\/strong>, am\u00e9liorant la concentration et la lucidit\u00e9.<br data-start=\"1345\" data-end=\"1348\" \/>Elle est souvent utilis\u00e9e pour aider \u00e0 se lib\u00e9rer des \u00e9motions n\u00e9gatives telles que la col\u00e8re et la peur, favorisant <strong data-start=\"1465\" data-end=\"1491\">l\u2019\u00e9quilibre \u00e9motionnel<\/strong>, la paix et l\u2019harmonie.<br data-start=\"1515\" data-end=\"1518\" \/>L\u2019am\u00e9thyste est associ\u00e9e au <strong data-start=\"1546\" data-end=\"1564\">chakra coronal<\/strong> (situ\u00e9 au sommet de la t\u00eate), li\u00e9 \u00e0 la spiritualit\u00e9, \u00e0 la connexion avec l\u2019univers, \u00e0 la croissance spirituelle, \u00e0 l\u2019expansion de la conscience et au contact avec le divin.<\/p>\n<p data-start=\"1739\" data-end=\"2080\">Cette synergie entre <strong data-start=\"1760\" data-end=\"1780\">champ magn\u00e9tique<\/strong> et <strong data-start=\"1784\" data-end=\"1800\">champ subtil<\/strong> permet au dispositif d\u2019interagir avec les champs \u00e9nerg\u00e9tiques subtils du corps humain, <strong data-start=\"1888\" data-end=\"1923\">stimulant l\u2019activit\u00e9 cellulaire<\/strong> et <strong data-start=\"1927\" data-end=\"1962\">am\u00e9liorant le bien-\u00eatre g\u00e9n\u00e9ral<\/strong> gr\u00e2ce \u00e0 l\u2019utilisation de <strong data-start=\"1988\" data-end=\"2029\">fr\u00e9quences th\u00e9rapeutiques sp\u00e9cifiques<\/strong>, comme celles utilis\u00e9es dans la <strong data-start=\"2062\" data-end=\"2079\">th\u00e9rapie Rife<\/strong>.<\/p>\n<hr data-start=\"2082\" data-end=\"2085\" \/>\n<h3 data-start=\"2087\" data-end=\"2123\"><strong data-start=\"2091\" data-end=\"2123\">Compatibilit\u00e9 et Utilisation<\/strong><\/h3>\n<p data-start=\"2125\" data-end=\"2532\">Con\u00e7ue principalement pour les <strong data-start=\"2156\" data-end=\"2185\">g\u00e9n\u00e9rateurs de fr\u00e9quences<\/strong> tels que <strong data-start=\"2195\" data-end=\"2206\">Spooky2<\/strong>, afin d\u2019exploiter de mani\u00e8re optimale les fonctionnalit\u00e9s de la <strong data-start=\"2271\" data-end=\"2286\">Spooky Coil<\/strong>.<br data-start=\"2287\" data-end=\"2290\" \/>Elle peut \u00e9galement \u00eatre utilis\u00e9e avec d\u2019autres <strong data-start=\"2338\" data-end=\"2367\">g\u00e9n\u00e9rateurs de fr\u00e9quences<\/strong> ou <strong data-start=\"2371\" data-end=\"2389\">syst\u00e8mes audio<\/strong>, tels qu\u2019un <strong data-start=\"2402\" data-end=\"2435\">amplificateur pour smartphone<\/strong>, permettant de reproduire diff\u00e9rentes fr\u00e9quences \u00e0 l\u2019aide des diverses applications disponibles.<\/p>\n<p data-start=\"2534\" data-end=\"2642\"><strong data-start=\"2534\" data-end=\"2547\">HenCoil 1<\/strong>, gr\u00e2ce \u00e0 ses dimensions, permet une <strong data-start=\"2584\" data-end=\"2642\">utilisation pratique sur diff\u00e9rentes parties du corps.<\/strong><\/p>\n<p data-start=\"2644\" data-end=\"2678\"><strong data-start=\"2644\" data-end=\"2671\">Diam\u00e8tre de la bobine :<\/strong> 13 cm.<\/p>\n","protected":false},"excerpt":{"rendered":"<p>Bobine Pemf Torus, con\u00e7ue pour une utilisation pratique sur diff\u00e9rentes parties du corps<\/p>\n","protected":false},"featured_media":4493,"comment_status":"open","ping_status":"closed","template":"","meta":{"ocean_post_layout":"","ocean_both_sidebars_style":"","ocean_both_sidebars_content_width":0,"ocean_both_sidebars_sidebars_width":0,"ocean_sidebar":"0","ocean_second_sidebar":"0","ocean_disable_margins":"enable","ocean_add_body_class":"","ocean_shortcode_before_top_bar":"","ocean_shortcode_after_top_bar":"","ocean_shortcode_before_header":"","ocean_shortcode_after_header":"","ocean_has_shortcode":"","ocean_shortcode_after_title":"","ocean_shortcode_before_footer_widgets":"","ocean_shortcode_after_footer_widgets":"","ocean_shortcode_before_footer_bottom":"","ocean_shortcode_after_footer_bottom":"","ocean_display_top_bar":"default","ocean_display_header":"default","ocean_header_style":"","ocean_center_header_left_menu":"0","ocean_custom_header_template":"0","ocean_custom_logo":0,"ocean_custom_retina_logo":0,"ocean_custom_logo_max_width":0,"ocean_custom_logo_tablet_max_width":0,"ocean_custom_logo_mobile_max_width":0,"ocean_custom_logo_max_height":0,"ocean_custom_logo_tablet_max_height":0,"ocean_custom_logo_mobile_max_height":0,"ocean_header_custom_menu":"0","ocean_menu_typo_font_family":"0","ocean_menu_typo_font_subset":"","ocean_menu_typo_font_size":0,"ocean_menu_typo_font_size_tablet":0,"ocean_menu_typo_font_size_mobile":0,"ocean_menu_typo_font_size_unit":"px","ocean_menu_typo_font_weight":"","ocean_menu_typo_font_weight_tablet":"","ocean_menu_typo_font_weight_mobile":"","ocean_menu_typo_transform":"","ocean_menu_typo_transform_tablet":"","ocean_menu_typo_transform_mobile":"","ocean_menu_typo_line_height":0,"ocean_menu_typo_line_height_tablet":0,"ocean_menu_typo_line_height_mobile":0,"ocean_menu_typo_line_height_unit":"","ocean_menu_typo_spacing":0,"ocean_menu_typo_spacing_tablet":0,"ocean_menu_typo_spacing_mobile":0,"ocean_menu_typo_spacing_unit":"","ocean_menu_link_color":"","ocean_menu_link_color_hover":"","ocean_menu_link_color_active":"","ocean_menu_link_background":"","ocean_menu_link_hover_background":"","ocean_menu_link_active_background":"","ocean_menu_social_links_bg":"","ocean_menu_social_hover_links_bg":"","ocean_menu_social_links_color":"","ocean_menu_social_hover_links_color":"","ocean_disable_title":"default","ocean_disable_heading":"default","ocean_post_title":"","ocean_post_subheading":"","ocean_post_title_style":"","ocean_post_title_background_color":"","ocean_post_title_background":0,"ocean_post_title_bg_image_position":"","ocean_post_title_bg_image_attachment":"","ocean_post_title_bg_image_repeat":"","ocean_post_title_bg_image_size":"","ocean_post_title_height":0,"ocean_post_title_bg_overlay":0.5,"ocean_post_title_bg_overlay_color":"","ocean_disable_breadcrumbs":"default","ocean_breadcrumbs_color":"","ocean_breadcrumbs_separator_color":"","ocean_breadcrumbs_links_color":"","ocean_breadcrumbs_links_hover_color":"","ocean_display_footer_widgets":"default","ocean_display_footer_bottom":"default","ocean_custom_footer_template":"0","_glsr_average":0,"_glsr_ranking":0,"_glsr_reviews":0},"product_brand":[],"product_cat":[105],"product_tag":[],"class_list":{"0":"post-4502","1":"product","2":"type-product","3":"status-publish","4":"has-post-thumbnail","6":"product_cat-hencoils","8":"entry","9":"has-media","11":"first","12":"instock","13":"taxable","14":"shipping-taxable","15":"purchasable","16":"product-type-simple","17":"add-to-wishlist-after_add_to_cart","18":"has-rating","19":"has-product-nav","20":"col","21":"span_1_of_3","22":"owp-content-center","23":"owp-thumbs-layout-vertical","24":"owp-btn-normal","25":"owp-tabs-layout-horizontal"},"yoast_head":"<!-- This site is optimized with the Yoast SEO plugin v27.4 - https:\/\/yoast.com\/product\/yoast-seo-wordpress\/ -->\n<title>HenCoil 1 Amethyst - HEN<\/title>\n<meta name=\"description\" content=\"HenCoil 1 Am\u00e9thyste, bobine \u00e0 ondes scalaires PEMF, les bienfaits des ondes \u00e9lectromagn\u00e9tiques combin\u00e9s aux champs d&#039;\u00e9nergie scalaire\" \/>\n<meta name=\"robots\" content=\"index, follow, max-snippet:-1, max-image-preview:large, max-video-preview:-1\" \/>\n<link rel=\"canonical\" href=\"https:\/\/henergylab.com\/fr\/produit\/hencoil-1-amethyst\/\" \/>\n<meta property=\"og:locale\" content=\"fr_FR\" \/>\n<meta property=\"og:type\" content=\"article\" \/>\n<meta property=\"og:title\" content=\"HenCoil 1 Amethyst - HEN\" \/>\n<meta property=\"og:description\" content=\"HenCoil 1 Am\u00e9thyste, bobine \u00e0 ondes scalaires PEMF, les bienfaits des ondes \u00e9lectromagn\u00e9tiques combin\u00e9s aux champs d&#039;\u00e9nergie scalaire\" \/>\n<meta property=\"og:url\" content=\"https:\/\/henergylab.com\/fr\/produit\/hencoil-1-amethyst\/\" \/>\n<meta property=\"og:site_name\" content=\"HEN\" \/>\n<meta property=\"article:modified_time\" content=\"2025-10-31T15:52:41+00:00\" \/>\n<meta property=\"og:image\" content=\"https:\/\/henergylab.com\/wp-content\/uploads\/2025\/01\/hen-coil1amethyst-3.jpg\" \/>\n\t<meta property=\"og:image:width\" content=\"2460\" \/>\n\t<meta property=\"og:image:height\" content=\"2460\" \/>\n\t<meta property=\"og:image:type\" content=\"image\/jpeg\" \/>\n<meta name=\"twitter:card\" content=\"summary_large_image\" \/>\n<meta name=\"twitter:label1\" content=\"Dur\u00e9e de lecture estim\u00e9e\" \/>\n\t<meta name=\"twitter:data1\" content=\"2 minutes\" \/>\n<script type=\"application\/ld+json\" class=\"yoast-schema-graph\">{\"@context\":\"https:\\\/\\\/schema.org\",\"@graph\":[{\"@type\":\"WebPage\",\"@id\":\"https:\\\/\\\/henergylab.com\\\/fr\\\/produit\\\/hencoil-1-amethyst\\\/\",\"url\":\"https:\\\/\\\/henergylab.com\\\/fr\\\/produit\\\/hencoil-1-amethyst\\\/\",\"name\":\"HenCoil 1 Amethyst - HEN\",\"isPartOf\":{\"@id\":\"https:\\\/\\\/henergylab.com\\\/fr\\\/#website\"},\"primaryImageOfPage\":{\"@id\":\"https:\\\/\\\/henergylab.com\\\/fr\\\/produit\\\/hencoil-1-amethyst\\\/#primaryimage\"},\"image\":{\"@id\":\"https:\\\/\\\/henergylab.com\\\/fr\\\/produit\\\/hencoil-1-amethyst\\\/#primaryimage\"},\"thumbnailUrl\":\"https:\\\/\\\/henergylab.com\\\/wp-content\\\/uploads\\\/2025\\\/01\\\/hen-coil1amethyst-3.jpg\",\"datePublished\":\"2025-01-30T00:44:53+00:00\",\"dateModified\":\"2025-10-31T15:52:41+00:00\",\"description\":\"HenCoil 1 Am\u00e9thyste, bobine \u00e0 ondes scalaires PEMF, les bienfaits des ondes \u00e9lectromagn\u00e9tiques combin\u00e9s aux champs d'\u00e9nergie scalaire\",\"breadcrumb\":{\"@id\":\"https:\\\/\\\/henergylab.com\\\/fr\\\/produit\\\/hencoil-1-amethyst\\\/#breadcrumb\"},\"inLanguage\":\"fr-FR\",\"potentialAction\":[{\"@type\":\"ReadAction\",\"target\":[\"https:\\\/\\\/henergylab.com\\\/fr\\\/produit\\\/hencoil-1-amethyst\\\/\"]}]},{\"@type\":\"ImageObject\",\"inLanguage\":\"fr-FR\",\"@id\":\"https:\\\/\\\/henergylab.com\\\/fr\\\/produit\\\/hencoil-1-amethyst\\\/#primaryimage\",\"url\":\"https:\\\/\\\/henergylab.com\\\/wp-content\\\/uploads\\\/2025\\\/01\\\/hen-coil1amethyst-3.jpg\",\"contentUrl\":\"https:\\\/\\\/henergylab.com\\\/wp-content\\\/uploads\\\/2025\\\/01\\\/hen-coil1amethyst-3.jpg\",\"width\":2460,\"height\":2460,\"caption\":\"ondes scalaires\"},{\"@type\":\"BreadcrumbList\",\"@id\":\"https:\\\/\\\/henergylab.com\\\/fr\\\/produit\\\/hencoil-1-amethyst\\\/#breadcrumb\",\"itemListElement\":[{\"@type\":\"ListItem\",\"position\":1,\"name\":\"Home\",\"item\":\"https:\\\/\\\/henergylab.com\\\/fr\\\/\"},{\"@type\":\"ListItem\",\"position\":2,\"name\":\"Shop\",\"item\":\"https:\\\/\\\/henergylab.com\\\/negozio\\\/\"},{\"@type\":\"ListItem\",\"position\":3,\"name\":\"HenCoil 1 Amethyst\"}]},{\"@type\":\"WebSite\",\"@id\":\"https:\\\/\\\/henergylab.com\\\/fr\\\/#website\",\"url\":\"https:\\\/\\\/henergylab.com\\\/fr\\\/\",\"name\":\"henergylab\",\"description\":\"\",\"publisher\":{\"@id\":\"https:\\\/\\\/henergylab.com\\\/fr\\\/#organization\"},\"potentialAction\":[{\"@type\":\"SearchAction\",\"target\":{\"@type\":\"EntryPoint\",\"urlTemplate\":\"https:\\\/\\\/henergylab.com\\\/fr\\\/?s={search_term_string}\"},\"query-input\":{\"@type\":\"PropertyValueSpecification\",\"valueRequired\":true,\"valueName\":\"search_term_string\"}}],\"inLanguage\":\"fr-FR\"},{\"@type\":\"Organization\",\"@id\":\"https:\\\/\\\/henergylab.com\\\/fr\\\/#organization\",\"name\":\"HEN\",\"url\":\"https:\\\/\\\/henergylab.com\\\/fr\\\/\",\"logo\":{\"@type\":\"ImageObject\",\"inLanguage\":\"fr-FR\",\"@id\":\"https:\\\/\\\/henergylab.com\\\/fr\\\/#\\\/schema\\\/logo\\\/image\\\/\",\"url\":\"https:\\\/\\\/henergylab.com\\\/wp-content\\\/uploads\\\/2025\\\/07\\\/Henergylab-logo-scritta-nera-1.png\",\"contentUrl\":\"https:\\\/\\\/henergylab.com\\\/wp-content\\\/uploads\\\/2025\\\/07\\\/Henergylab-logo-scritta-nera-1.png\",\"width\":128,\"height\":128,\"caption\":\"HEN\"},\"image\":{\"@id\":\"https:\\\/\\\/henergylab.com\\\/fr\\\/#\\\/schema\\\/logo\\\/image\\\/\"}}]}<\/script>\n<!-- \/ Yoast SEO plugin. -->","yoast_head_json":{"title":"HenCoil 1 Amethyst - HEN","description":"HenCoil 1 Am\u00e9thyste, bobine \u00e0 ondes scalaires PEMF, les bienfaits des ondes \u00e9lectromagn\u00e9tiques combin\u00e9s aux champs d'\u00e9nergie scalaire","robots":{"index":"index","follow":"follow","max-snippet":"max-snippet:-1","max-image-preview":"max-image-preview:large","max-video-preview":"max-video-preview:-1"},"canonical":"https:\/\/henergylab.com\/fr\/produit\/hencoil-1-amethyst\/","og_locale":"fr_FR","og_type":"article","og_title":"HenCoil 1 Amethyst - HEN","og_description":"HenCoil 1 Am\u00e9thyste, bobine \u00e0 ondes scalaires PEMF, les bienfaits des ondes \u00e9lectromagn\u00e9tiques combin\u00e9s aux champs d'\u00e9nergie scalaire","og_url":"https:\/\/henergylab.com\/fr\/produit\/hencoil-1-amethyst\/","og_site_name":"HEN","article_modified_time":"2025-10-31T15:52:41+00:00","og_image":[{"width":2460,"height":2460,"url":"https:\/\/henergylab.com\/wp-content\/uploads\/2025\/01\/hen-coil1amethyst-3.jpg","type":"image\/jpeg"}],"twitter_card":"summary_large_image","twitter_misc":{"Dur\u00e9e de lecture estim\u00e9e":"2 minutes"},"schema":{"@context":"https:\/\/schema.org","@graph":[{"@type":"WebPage","@id":"https:\/\/henergylab.com\/fr\/produit\/hencoil-1-amethyst\/","url":"https:\/\/henergylab.com\/fr\/produit\/hencoil-1-amethyst\/","name":"HenCoil 1 Amethyst - HEN","isPartOf":{"@id":"https:\/\/henergylab.com\/fr\/#website"},"primaryImageOfPage":{"@id":"https:\/\/henergylab.com\/fr\/produit\/hencoil-1-amethyst\/#primaryimage"},"image":{"@id":"https:\/\/henergylab.com\/fr\/produit\/hencoil-1-amethyst\/#primaryimage"},"thumbnailUrl":"https:\/\/henergylab.com\/wp-content\/uploads\/2025\/01\/hen-coil1amethyst-3.jpg","datePublished":"2025-01-30T00:44:53+00:00","dateModified":"2025-10-31T15:52:41+00:00","description":"HenCoil 1 Am\u00e9thyste, bobine \u00e0 ondes scalaires PEMF, les bienfaits des ondes \u00e9lectromagn\u00e9tiques combin\u00e9s aux champs d'\u00e9nergie scalaire","breadcrumb":{"@id":"https:\/\/henergylab.com\/fr\/produit\/hencoil-1-amethyst\/#breadcrumb"},"inLanguage":"fr-FR","potentialAction":[{"@type":"ReadAction","target":["https:\/\/henergylab.com\/fr\/produit\/hencoil-1-amethyst\/"]}]},{"@type":"ImageObject","inLanguage":"fr-FR","@id":"https:\/\/henergylab.com\/fr\/produit\/hencoil-1-amethyst\/#primaryimage","url":"https:\/\/henergylab.com\/wp-content\/uploads\/2025\/01\/hen-coil1amethyst-3.jpg","contentUrl":"https:\/\/henergylab.com\/wp-content\/uploads\/2025\/01\/hen-coil1amethyst-3.jpg","width":2460,"height":2460,"caption":"ondes scalaires"},{"@type":"BreadcrumbList","@id":"https:\/\/henergylab.com\/fr\/produit\/hencoil-1-amethyst\/#breadcrumb","itemListElement":[{"@type":"ListItem","position":1,"name":"Home","item":"https:\/\/henergylab.com\/fr\/"},{"@type":"ListItem","position":2,"name":"Shop","item":"https:\/\/henergylab.com\/negozio\/"},{"@type":"ListItem","position":3,"name":"HenCoil 1 Amethyst"}]},{"@type":"WebSite","@id":"https:\/\/henergylab.com\/fr\/#website","url":"https:\/\/henergylab.com\/fr\/","name":"henergylab","description":"","publisher":{"@id":"https:\/\/henergylab.com\/fr\/#organization"},"potentialAction":[{"@type":"SearchAction","target":{"@type":"EntryPoint","urlTemplate":"https:\/\/henergylab.com\/fr\/?s={search_term_string}"},"query-input":{"@type":"PropertyValueSpecification","valueRequired":true,"valueName":"search_term_string"}}],"inLanguage":"fr-FR"},{"@type":"Organization","@id":"https:\/\/henergylab.com\/fr\/#organization","name":"HEN","url":"https:\/\/henergylab.com\/fr\/","logo":{"@type":"ImageObject","inLanguage":"fr-FR","@id":"https:\/\/henergylab.com\/fr\/#\/schema\/logo\/image\/","url":"https:\/\/henergylab.com\/wp-content\/uploads\/2025\/07\/Henergylab-logo-scritta-nera-1.png","contentUrl":"https:\/\/henergylab.com\/wp-content\/uploads\/2025\/07\/Henergylab-logo-scritta-nera-1.png","width":128,"height":128,"caption":"HEN"},"image":{"@id":"https:\/\/henergylab.com\/fr\/#\/schema\/logo\/image\/"}}]}},"_links":{"self":[{"href":"https:\/\/henergylab.com\/fr\/wp-json\/wp\/v2\/product\/4502","targetHints":{"allow":["GET"]}}],"collection":[{"href":"https:\/\/henergylab.com\/fr\/wp-json\/wp\/v2\/product"}],"about":[{"href":"https:\/\/henergylab.com\/fr\/wp-json\/wp\/v2\/types\/product"}],"replies":[{"embeddable":true,"href":"https:\/\/henergylab.com\/fr\/wp-json\/wp\/v2\/comments?post=4502"}],"wp:featuredmedia":[{"embeddable":true,"href":"https:\/\/henergylab.com\/fr\/wp-json\/wp\/v2\/media\/4493"}],"wp:attachment":[{"href":"https:\/\/henergylab.com\/fr\/wp-json\/wp\/v2\/media?parent=4502"}],"wp:term":[{"taxonomy":"product_brand","embeddable":true,"href":"https:\/\/henergylab.com\/fr\/wp-json\/wp\/v2\/product_brand?post=4502"},{"taxonomy":"product_cat","embeddable":true,"href":"https:\/\/henergylab.com\/fr\/wp-json\/wp\/v2\/product_cat?post=4502"},{"taxonomy":"product_tag","embeddable":true,"href":"https:\/\/henergylab.com\/fr\/wp-json\/wp\/v2\/product_tag?post=4502"}],"curies":[{"name":"wp","href":"https:\/\/api.w.org\/{rel}","templated":true}]}}