{"id":4568,"date":"2025-01-20T23:16:11","date_gmt":"2025-01-20T23:16:11","guid":{"rendered":"https:\/\/henergylab.com\/product\/hencoil-2\/"},"modified":"2025-11-27T09:52:24","modified_gmt":"2025-11-27T09:52:24","slug":"hencoil-2","status":"publish","type":"product","link":"https:\/\/henergylab.com\/fr\/produit\/hencoil-2\/","title":{"rendered":"HenCoil 2"},"content":{"rendered":"<h2 data-start=\"203\" data-end=\"302\"><strong data-start=\"206\" data-end=\"302\">HEN Coil 2 \u2013 Bobine PEMF en Vortex pour le Bien-\u00catre \u00c9nerg\u00e9tique via des Fr\u00e9quences Subtiles<\/strong><\/h2>\n<h3 data-start=\"304\" data-end=\"342\"><strong data-start=\"308\" data-end=\"342\">Caract\u00e9ristiques principales :<\/strong><\/h3>\n<ul data-start=\"344\" data-end=\"758\">\n<li data-start=\"344\" data-end=\"403\">\n<p data-start=\"346\" data-end=\"403\"><strong data-start=\"346\" data-end=\"371\">Bobine PEMF toro\u00efdale<\/strong> \u00e0 deux canaux, entr\u00e9e <strong data-start=\"394\" data-end=\"401\">BNC<\/strong><\/p>\n<\/li>\n<li data-start=\"404\" data-end=\"500\">\n<p data-start=\"406\" data-end=\"500\"><strong data-start=\"406\" data-end=\"430\">Conception en vortex<\/strong> pour g\u00e9n\u00e9rer des ondes scalaires et des champs \u00e9nerg\u00e9tiques subtils<\/p>\n<\/li>\n<li data-start=\"501\" data-end=\"570\">\n<p data-start=\"503\" data-end=\"570\"><strong data-start=\"503\" data-end=\"517\">Compatible<\/strong> avec des g\u00e9n\u00e9rateurs de fr\u00e9quences (ex. <em data-start=\"558\" data-end=\"567\">Spooky2<\/em>)<\/p>\n<\/li>\n<li data-start=\"571\" data-end=\"651\">\n<p data-start=\"573\" data-end=\"651\"><strong data-start=\"573\" data-end=\"587\">Diam\u00e8tre :<\/strong> 18 cm \u2013 <strong data-start=\"596\" data-end=\"607\">Poids :<\/strong> 1,75 kg \u2013 <strong data-start=\"618\" data-end=\"634\">R\u00e9sistance :<\/strong> \u00b130 ohms\/canal<\/p>\n<\/li>\n<li data-start=\"652\" data-end=\"758\">\n<p data-start=\"654\" data-end=\"758\"><strong data-start=\"654\" data-end=\"678\">Fonctionne \u00e9galement<\/strong> avec des amplificateurs audio d\u2019au moins <strong data-start=\"720\" data-end=\"728\">50 W<\/strong> (via Bluetooth ou entr\u00e9e AUX)<\/p>\n<\/li>\n<\/ul>\n<hr data-start=\"760\" data-end=\"763\" \/>\n<h3 data-start=\"765\" data-end=\"784\"><strong data-start=\"769\" data-end=\"784\">Description<\/strong><\/h3>\n<p data-start=\"786\" data-end=\"1226\">La <strong data-start=\"789\" data-end=\"803\">HEN Coil 2<\/strong> est une <strong data-start=\"812\" data-end=\"859\">bobine PEMF (Champ \u00c9lectromagn\u00e9tique Puls\u00e9)<\/strong> con\u00e7ue selon les principes des <strong data-start=\"891\" data-end=\"918\">math\u00e9matiques du vortex<\/strong>, une g\u00e9om\u00e9trie qui refl\u00e8te la structure m\u00eame de l\u2019univers.<br data-start=\"977\" data-end=\"980\" \/>Gr\u00e2ce \u00e0 son <strong data-start=\"992\" data-end=\"1027\">enroulement toroidal sp\u00e9cifique<\/strong>, elle peut g\u00e9n\u00e9rer des <strong data-start=\"1051\" data-end=\"1070\">ondes scalaires<\/strong> et des <strong data-start=\"1078\" data-end=\"1109\">champs \u00e9nerg\u00e9tiques subtils<\/strong>, capables d\u2019interagir avec les niveaux les plus profonds du corps humain : <strong data-start=\"1185\" data-end=\"1225\">\u00e9th\u00e9rique, \u00e9nerg\u00e9tique et cellulaire<\/strong>.<\/p>\n<p data-start=\"1228\" data-end=\"1546\">Le <strong data-start=\"1231\" data-end=\"1251\">champ magn\u00e9tique<\/strong> produit se synchronise avec le <strong data-start=\"1283\" data-end=\"1299\">champ subtil<\/strong> accumul\u00e9 par l\u2019<strong data-start=\"1315\" data-end=\"1337\">orgonite toro\u00efdale<\/strong>, cr\u00e9ant une synergie unique entre <strong data-start=\"1372\" data-end=\"1403\">\u00e9nergie physique et subtile<\/strong>.<br data-start=\"1404\" data-end=\"1407\" \/>Cela fait de la <strong data-start=\"1423\" data-end=\"1437\">HEN Coil 2<\/strong> un instrument puissant pour <strong data-start=\"1466\" data-end=\"1510\">transmettre des fr\u00e9quences en profondeur<\/strong>, au-del\u00e0 du plan purement physique.<\/p>\n<hr data-start=\"1548\" data-end=\"1551\" \/>\n<h3 data-start=\"1553\" data-end=\"1578\"><strong data-start=\"1557\" data-end=\"1578\">Effets B\u00e9n\u00e9fiques<\/strong><\/h3>\n<p data-start=\"1580\" data-end=\"1728\">Les b\u00e9n\u00e9fices de la <strong data-start=\"1600\" data-end=\"1617\">th\u00e9rapie Rife<\/strong> ou de la <strong data-start=\"1627\" data-end=\"1644\">th\u00e9rapie PEMF<\/strong>, lorsqu\u2019elles sont appliqu\u00e9es via des champs \u00e9lectromagn\u00e9tiques, sont bien connus :<\/p>\n<p data-start=\"1730\" data-end=\"1820\"><strong data-start=\"1730\" data-end=\"1758\">Stimulation Cellulaire :<\/strong> Am\u00e9liore la sant\u00e9 cellulaire et la r\u00e9g\u00e9n\u00e9ration des tissus.<\/p>\n<p data-start=\"1822\" data-end=\"1904\"><strong data-start=\"1822\" data-end=\"1858\">Am\u00e9lioration de la Circulation :<\/strong> Favorise une circulation sanguine optimale.<\/p>\n<p data-start=\"1906\" data-end=\"2009\"><strong data-start=\"1906\" data-end=\"1951\">Relaxation et Soulagement de la Douleur :<\/strong> R\u00e9duit les tensions musculaires et favorise la d\u00e9tente.<\/p>\n<p data-start=\"2011\" data-end=\"2151\"><strong data-start=\"2011\" data-end=\"2034\">Bien-\u00catre G\u00e9n\u00e9ral :<\/strong> Encourage l\u2019\u00e9quilibre \u00e9nerg\u00e9tique et l\u2019harmonie psychophysique via l\u2019interaction avec les champs subtils du corps.<\/p>\n<p data-start=\"2153\" data-end=\"2420\"><strong data-start=\"2153\" data-end=\"2185\">\u00c9limination des Pathog\u00e8nes :<\/strong><br data-start=\"2185\" data-end=\"2188\" \/>L\u2019utilisation de fr\u00e9quences sp\u00e9cifiques \u2014 r\u00e9sultat de d\u00e9cennies de recherches et d\u2019exp\u00e9rimentations \u2014 permet <strong data-start=\"2297\" data-end=\"2365\">l\u2019\u00e9limination s\u00e9lective de virus, bact\u00e9ries et autres pathog\u00e8nes<\/strong> gr\u00e2ce \u00e0 la <strong data-start=\"2377\" data-end=\"2419\">r\u00e9sonance par ondes \u00e9lectromagn\u00e9tiques<\/strong>.<\/p>\n<hr data-start=\"2422\" data-end=\"2425\" \/>\n<h3 data-start=\"2427\" data-end=\"2455\"><strong data-start=\"2431\" data-end=\"2455\">Utilisation Optimale<\/strong><\/h3>\n<p data-start=\"2457\" data-end=\"2857\">Pour des performances optimales, il est recommand\u00e9 d\u2019utiliser la <strong data-start=\"2522\" data-end=\"2536\">HEN Coil 2<\/strong> avec un <strong data-start=\"2545\" data-end=\"2568\">amplificateur audio<\/strong> d\u2019au moins <strong data-start=\"2580\" data-end=\"2592\">50 watts<\/strong> (ou plus), de pr\u00e9f\u00e9rence \u00e9quip\u00e9 de <strong data-start=\"2628\" data-end=\"2641\">Bluetooth<\/strong> ou d\u2019une <strong data-start=\"2651\" data-end=\"2665\">entr\u00e9e AUX<\/strong>.<br data-start=\"2666\" data-end=\"2669\" \/>Cette configuration permet un contr\u00f4le complet via une <strong data-start=\"2724\" data-end=\"2782\">application de g\u00e9n\u00e9rateur de fr\u00e9quences sur smartphone<\/strong>, et est <strong data-start=\"2791\" data-end=\"2856\">compatible avec des g\u00e9n\u00e9rateurs de fr\u00e9quence tels que Spooky2<\/strong>.<\/p>\n<hr data-start=\"2859\" data-end=\"2862\" \/>\n<h3 data-start=\"2864\" data-end=\"2886\"><strong data-start=\"2868\" data-end=\"2886\">Avertissements<\/strong><\/h3>\n<p data-start=\"2888\" data-end=\"3020\">Ne pas utiliser en pr\u00e9sence de <strong data-start=\"2919\" data-end=\"2933\">pacemakers<\/strong> ou de <strong data-start=\"2940\" data-end=\"2977\">dispositifs m\u00e9dicaux implantables<\/strong> sensibles aux champs \u00e9lectromagn\u00e9tiques.<\/p>\n<p data-start=\"3022\" data-end=\"3206\">Ce dispositif est destin\u00e9 \u00e0 un <strong data-start=\"3053\" data-end=\"3101\">usage exp\u00e9rimental et de bien-\u00eatre personnel<\/strong>.<br data-start=\"3102\" data-end=\"3105\" \/>Il <strong data-start=\"3108\" data-end=\"3143\">n\u2019est pas un dispositif m\u00e9dical<\/strong> et <strong data-start=\"3147\" data-end=\"3205\">ne remplace pas un diagnostic ou un traitement m\u00e9dical<\/strong>.<\/p>\n","protected":false},"excerpt":{"rendered":"<p>Bobine toro\u00efdale PEMF, avec deux entr\u00e9es BNC, utilisable avec un amplificateur audio d&rsquo;au moins 50 watts par canal ou plus, ou un g\u00e9n\u00e9rateur de fr\u00e9quence tel que SPooky2, diam\u00e8tre 18 cm.<\/p>\n","protected":false},"featured_media":4546,"comment_status":"open","ping_status":"closed","template":"","meta":{"ocean_post_layout":"","ocean_both_sidebars_style":"","ocean_both_sidebars_content_width":0,"ocean_both_sidebars_sidebars_width":0,"ocean_sidebar":"0","ocean_second_sidebar":"0","ocean_disable_margins":"enable","ocean_add_body_class":"","ocean_shortcode_before_top_bar":"","ocean_shortcode_after_top_bar":"","ocean_shortcode_before_header":"","ocean_shortcode_after_header":"","ocean_has_shortcode":"","ocean_shortcode_after_title":"","ocean_shortcode_before_footer_widgets":"","ocean_shortcode_after_footer_widgets":"","ocean_shortcode_before_footer_bottom":"","ocean_shortcode_after_footer_bottom":"","ocean_display_top_bar":"default","ocean_display_header":"default","ocean_header_style":"","ocean_center_header_left_menu":"0","ocean_custom_header_template":"0","ocean_custom_logo":0,"ocean_custom_retina_logo":0,"ocean_custom_logo_max_width":0,"ocean_custom_logo_tablet_max_width":0,"ocean_custom_logo_mobile_max_width":0,"ocean_custom_logo_max_height":0,"ocean_custom_logo_tablet_max_height":0,"ocean_custom_logo_mobile_max_height":0,"ocean_header_custom_menu":"0","ocean_menu_typo_font_family":"0","ocean_menu_typo_font_subset":"","ocean_menu_typo_font_size":0,"ocean_menu_typo_font_size_tablet":0,"ocean_menu_typo_font_size_mobile":0,"ocean_menu_typo_font_size_unit":"px","ocean_menu_typo_font_weight":"","ocean_menu_typo_font_weight_tablet":"","ocean_menu_typo_font_weight_mobile":"","ocean_menu_typo_transform":"","ocean_menu_typo_transform_tablet":"","ocean_menu_typo_transform_mobile":"","ocean_menu_typo_line_height":0,"ocean_menu_typo_line_height_tablet":0,"ocean_menu_typo_line_height_mobile":0,"ocean_menu_typo_line_height_unit":"","ocean_menu_typo_spacing":0,"ocean_menu_typo_spacing_tablet":0,"ocean_menu_typo_spacing_mobile":0,"ocean_menu_typo_spacing_unit":"","ocean_menu_link_color":"","ocean_menu_link_color_hover":"","ocean_menu_link_color_active":"","ocean_menu_link_background":"","ocean_menu_link_hover_background":"","ocean_menu_link_active_background":"","ocean_menu_social_links_bg":"","ocean_menu_social_hover_links_bg":"","ocean_menu_social_links_color":"","ocean_menu_social_hover_links_color":"","ocean_disable_title":"default","ocean_disable_heading":"default","ocean_post_title":"","ocean_post_subheading":"","ocean_post_title_style":"","ocean_post_title_background_color":"","ocean_post_title_background":0,"ocean_post_title_bg_image_position":"","ocean_post_title_bg_image_attachment":"","ocean_post_title_bg_image_repeat":"","ocean_post_title_bg_image_size":"","ocean_post_title_height":0,"ocean_post_title_bg_overlay":0.5,"ocean_post_title_bg_overlay_color":"","ocean_disable_breadcrumbs":"default","ocean_breadcrumbs_color":"","ocean_breadcrumbs_separator_color":"","ocean_breadcrumbs_links_color":"","ocean_breadcrumbs_links_hover_color":"","ocean_display_footer_widgets":"default","ocean_display_footer_bottom":"default","ocean_custom_footer_template":"0","_glsr_average":0,"_glsr_ranking":0,"_glsr_reviews":0},"product_brand":[],"product_cat":[105],"product_tag":[],"class_list":{"0":"post-4568","1":"product","2":"type-product","3":"status-publish","4":"has-post-thumbnail","6":"product_cat-hencoils","8":"entry","9":"has-media","11":"first","12":"instock","13":"taxable","14":"shipping-taxable","15":"purchasable","16":"product-type-simple","17":"add-to-wishlist-after_add_to_cart","18":"has-rating","19":"has-product-nav","20":"col","21":"span_1_of_3","22":"owp-content-center","23":"owp-thumbs-layout-vertical","24":"owp-btn-normal","25":"owp-tabs-layout-horizontal"},"yoast_head":"<!-- This site is optimized with the Yoast SEO plugin v27.4 - https:\/\/yoast.com\/product\/yoast-seo-wordpress\/ -->\n<title>HenCoil 2 - HEN<\/title>\n<meta name=\"description\" content=\"Bobine d&#039;ondes scalaires PEMF HenCoil 2\u00a0: Les bienfaits des ondes \u00e9lectromagn\u00e9tiques combin\u00e9s \u00e0 des champs \u00e9nerg\u00e9tiques subtils.\" \/>\n<meta name=\"robots\" content=\"index, follow, max-snippet:-1, max-image-preview:large, max-video-preview:-1\" \/>\n<link rel=\"canonical\" href=\"https:\/\/henergylab.com\/fr\/produit\/hencoil-2\/\" \/>\n<meta property=\"og:locale\" content=\"fr_FR\" \/>\n<meta property=\"og:type\" content=\"article\" \/>\n<meta property=\"og:title\" content=\"HenCoil 2 - HEN\" \/>\n<meta property=\"og:description\" content=\"Bobine d&#039;ondes scalaires PEMF HenCoil 2\u00a0: Les bienfaits des ondes \u00e9lectromagn\u00e9tiques combin\u00e9s \u00e0 des champs \u00e9nerg\u00e9tiques subtils.\" \/>\n<meta property=\"og:url\" content=\"https:\/\/henergylab.com\/fr\/produit\/hencoil-2\/\" \/>\n<meta property=\"og:site_name\" content=\"HEN\" \/>\n<meta property=\"article:modified_time\" content=\"2025-11-27T09:52:24+00:00\" \/>\n<meta property=\"og:image\" content=\"https:\/\/henergylab.com\/wp-content\/uploads\/2025\/01\/NCoil18-black-3.jpg\" \/>\n\t<meta property=\"og:image:width\" content=\"1536\" \/>\n\t<meta property=\"og:image:height\" content=\"1536\" \/>\n\t<meta property=\"og:image:type\" content=\"image\/jpeg\" \/>\n<meta name=\"twitter:card\" content=\"summary_large_image\" \/>\n<meta name=\"twitter:label1\" content=\"Dur\u00e9e de lecture estim\u00e9e\" \/>\n\t<meta name=\"twitter:data1\" content=\"2 minutes\" \/>\n<script type=\"application\/ld+json\" class=\"yoast-schema-graph\">{\"@context\":\"https:\\\/\\\/schema.org\",\"@graph\":[{\"@type\":\"WebPage\",\"@id\":\"https:\\\/\\\/henergylab.com\\\/fr\\\/produit\\\/hencoil-2\\\/\",\"url\":\"https:\\\/\\\/henergylab.com\\\/fr\\\/produit\\\/hencoil-2\\\/\",\"name\":\"HenCoil 2 - HEN\",\"isPartOf\":{\"@id\":\"https:\\\/\\\/henergylab.com\\\/fr\\\/#website\"},\"primaryImageOfPage\":{\"@id\":\"https:\\\/\\\/henergylab.com\\\/fr\\\/produit\\\/hencoil-2\\\/#primaryimage\"},\"image\":{\"@id\":\"https:\\\/\\\/henergylab.com\\\/fr\\\/produit\\\/hencoil-2\\\/#primaryimage\"},\"thumbnailUrl\":\"https:\\\/\\\/henergylab.com\\\/wp-content\\\/uploads\\\/2025\\\/01\\\/NCoil18-black-3.jpg\",\"datePublished\":\"2025-01-20T23:16:11+00:00\",\"dateModified\":\"2025-11-27T09:52:24+00:00\",\"description\":\"Bobine d'ondes scalaires PEMF HenCoil 2\u00a0: Les bienfaits des ondes \u00e9lectromagn\u00e9tiques combin\u00e9s \u00e0 des champs \u00e9nerg\u00e9tiques subtils.\",\"breadcrumb\":{\"@id\":\"https:\\\/\\\/henergylab.com\\\/fr\\\/produit\\\/hencoil-2\\\/#breadcrumb\"},\"inLanguage\":\"fr-FR\",\"potentialAction\":[{\"@type\":\"ReadAction\",\"target\":[\"https:\\\/\\\/henergylab.com\\\/fr\\\/produit\\\/hencoil-2\\\/\"]}]},{\"@type\":\"ImageObject\",\"inLanguage\":\"fr-FR\",\"@id\":\"https:\\\/\\\/henergylab.com\\\/fr\\\/produit\\\/hencoil-2\\\/#primaryimage\",\"url\":\"https:\\\/\\\/henergylab.com\\\/wp-content\\\/uploads\\\/2025\\\/01\\\/NCoil18-black-3.jpg\",\"contentUrl\":\"https:\\\/\\\/henergylab.com\\\/wp-content\\\/uploads\\\/2025\\\/01\\\/NCoil18-black-3.jpg\",\"width\":1536,\"height\":1536,\"caption\":\"filter: 0; jpegRotation: 0; fileterIntensity: 0.000000; filterMask: 0; module:1facing:0; hw-remosaic: 0; touch: (-1.0, -1.0); modeInfo: ; sceneMode: Night; cct_value: 0; AI_Scene: (-1, -1); aec_lux: 0.0; hist255: 0.0; hist252~255: 0.0; hist0~15: 0.0;\"},{\"@type\":\"BreadcrumbList\",\"@id\":\"https:\\\/\\\/henergylab.com\\\/fr\\\/produit\\\/hencoil-2\\\/#breadcrumb\",\"itemListElement\":[{\"@type\":\"ListItem\",\"position\":1,\"name\":\"Home\",\"item\":\"https:\\\/\\\/henergylab.com\\\/fr\\\/\"},{\"@type\":\"ListItem\",\"position\":2,\"name\":\"Shop\",\"item\":\"https:\\\/\\\/henergylab.com\\\/negozio\\\/\"},{\"@type\":\"ListItem\",\"position\":3,\"name\":\"HenCoil 2\"}]},{\"@type\":\"WebSite\",\"@id\":\"https:\\\/\\\/henergylab.com\\\/fr\\\/#website\",\"url\":\"https:\\\/\\\/henergylab.com\\\/fr\\\/\",\"name\":\"henergylab\",\"description\":\"\",\"publisher\":{\"@id\":\"https:\\\/\\\/henergylab.com\\\/fr\\\/#organization\"},\"potentialAction\":[{\"@type\":\"SearchAction\",\"target\":{\"@type\":\"EntryPoint\",\"urlTemplate\":\"https:\\\/\\\/henergylab.com\\\/fr\\\/?s={search_term_string}\"},\"query-input\":{\"@type\":\"PropertyValueSpecification\",\"valueRequired\":true,\"valueName\":\"search_term_string\"}}],\"inLanguage\":\"fr-FR\"},{\"@type\":\"Organization\",\"@id\":\"https:\\\/\\\/henergylab.com\\\/fr\\\/#organization\",\"name\":\"HEN\",\"url\":\"https:\\\/\\\/henergylab.com\\\/fr\\\/\",\"logo\":{\"@type\":\"ImageObject\",\"inLanguage\":\"fr-FR\",\"@id\":\"https:\\\/\\\/henergylab.com\\\/fr\\\/#\\\/schema\\\/logo\\\/image\\\/\",\"url\":\"https:\\\/\\\/henergylab.com\\\/wp-content\\\/uploads\\\/2025\\\/07\\\/Henergylab-logo-scritta-nera-1.png\",\"contentUrl\":\"https:\\\/\\\/henergylab.com\\\/wp-content\\\/uploads\\\/2025\\\/07\\\/Henergylab-logo-scritta-nera-1.png\",\"width\":128,\"height\":128,\"caption\":\"HEN\"},\"image\":{\"@id\":\"https:\\\/\\\/henergylab.com\\\/fr\\\/#\\\/schema\\\/logo\\\/image\\\/\"}}]}<\/script>\n<!-- \/ Yoast SEO plugin. -->","yoast_head_json":{"title":"HenCoil 2 - HEN","description":"Bobine d'ondes scalaires PEMF HenCoil 2\u00a0: Les bienfaits des ondes \u00e9lectromagn\u00e9tiques combin\u00e9s \u00e0 des champs \u00e9nerg\u00e9tiques subtils.","robots":{"index":"index","follow":"follow","max-snippet":"max-snippet:-1","max-image-preview":"max-image-preview:large","max-video-preview":"max-video-preview:-1"},"canonical":"https:\/\/henergylab.com\/fr\/produit\/hencoil-2\/","og_locale":"fr_FR","og_type":"article","og_title":"HenCoil 2 - HEN","og_description":"Bobine d'ondes scalaires PEMF HenCoil 2\u00a0: Les bienfaits des ondes \u00e9lectromagn\u00e9tiques combin\u00e9s \u00e0 des champs \u00e9nerg\u00e9tiques subtils.","og_url":"https:\/\/henergylab.com\/fr\/produit\/hencoil-2\/","og_site_name":"HEN","article_modified_time":"2025-11-27T09:52:24+00:00","og_image":[{"width":1536,"height":1536,"url":"https:\/\/henergylab.com\/wp-content\/uploads\/2025\/01\/NCoil18-black-3.jpg","type":"image\/jpeg"}],"twitter_card":"summary_large_image","twitter_misc":{"Dur\u00e9e de lecture estim\u00e9e":"2 minutes"},"schema":{"@context":"https:\/\/schema.org","@graph":[{"@type":"WebPage","@id":"https:\/\/henergylab.com\/fr\/produit\/hencoil-2\/","url":"https:\/\/henergylab.com\/fr\/produit\/hencoil-2\/","name":"HenCoil 2 - HEN","isPartOf":{"@id":"https:\/\/henergylab.com\/fr\/#website"},"primaryImageOfPage":{"@id":"https:\/\/henergylab.com\/fr\/produit\/hencoil-2\/#primaryimage"},"image":{"@id":"https:\/\/henergylab.com\/fr\/produit\/hencoil-2\/#primaryimage"},"thumbnailUrl":"https:\/\/henergylab.com\/wp-content\/uploads\/2025\/01\/NCoil18-black-3.jpg","datePublished":"2025-01-20T23:16:11+00:00","dateModified":"2025-11-27T09:52:24+00:00","description":"Bobine d'ondes scalaires PEMF HenCoil 2\u00a0: Les bienfaits des ondes \u00e9lectromagn\u00e9tiques combin\u00e9s \u00e0 des champs \u00e9nerg\u00e9tiques subtils.","breadcrumb":{"@id":"https:\/\/henergylab.com\/fr\/produit\/hencoil-2\/#breadcrumb"},"inLanguage":"fr-FR","potentialAction":[{"@type":"ReadAction","target":["https:\/\/henergylab.com\/fr\/produit\/hencoil-2\/"]}]},{"@type":"ImageObject","inLanguage":"fr-FR","@id":"https:\/\/henergylab.com\/fr\/produit\/hencoil-2\/#primaryimage","url":"https:\/\/henergylab.com\/wp-content\/uploads\/2025\/01\/NCoil18-black-3.jpg","contentUrl":"https:\/\/henergylab.com\/wp-content\/uploads\/2025\/01\/NCoil18-black-3.jpg","width":1536,"height":1536,"caption":"filter: 0; jpegRotation: 0; fileterIntensity: 0.000000; filterMask: 0; module:1facing:0; hw-remosaic: 0; touch: (-1.0, -1.0); modeInfo: ; sceneMode: Night; cct_value: 0; AI_Scene: (-1, -1); aec_lux: 0.0; hist255: 0.0; hist252~255: 0.0; hist0~15: 0.0;"},{"@type":"BreadcrumbList","@id":"https:\/\/henergylab.com\/fr\/produit\/hencoil-2\/#breadcrumb","itemListElement":[{"@type":"ListItem","position":1,"name":"Home","item":"https:\/\/henergylab.com\/fr\/"},{"@type":"ListItem","position":2,"name":"Shop","item":"https:\/\/henergylab.com\/negozio\/"},{"@type":"ListItem","position":3,"name":"HenCoil 2"}]},{"@type":"WebSite","@id":"https:\/\/henergylab.com\/fr\/#website","url":"https:\/\/henergylab.com\/fr\/","name":"henergylab","description":"","publisher":{"@id":"https:\/\/henergylab.com\/fr\/#organization"},"potentialAction":[{"@type":"SearchAction","target":{"@type":"EntryPoint","urlTemplate":"https:\/\/henergylab.com\/fr\/?s={search_term_string}"},"query-input":{"@type":"PropertyValueSpecification","valueRequired":true,"valueName":"search_term_string"}}],"inLanguage":"fr-FR"},{"@type":"Organization","@id":"https:\/\/henergylab.com\/fr\/#organization","name":"HEN","url":"https:\/\/henergylab.com\/fr\/","logo":{"@type":"ImageObject","inLanguage":"fr-FR","@id":"https:\/\/henergylab.com\/fr\/#\/schema\/logo\/image\/","url":"https:\/\/henergylab.com\/wp-content\/uploads\/2025\/07\/Henergylab-logo-scritta-nera-1.png","contentUrl":"https:\/\/henergylab.com\/wp-content\/uploads\/2025\/07\/Henergylab-logo-scritta-nera-1.png","width":128,"height":128,"caption":"HEN"},"image":{"@id":"https:\/\/henergylab.com\/fr\/#\/schema\/logo\/image\/"}}]}},"_links":{"self":[{"href":"https:\/\/henergylab.com\/fr\/wp-json\/wp\/v2\/product\/4568","targetHints":{"allow":["GET"]}}],"collection":[{"href":"https:\/\/henergylab.com\/fr\/wp-json\/wp\/v2\/product"}],"about":[{"href":"https:\/\/henergylab.com\/fr\/wp-json\/wp\/v2\/types\/product"}],"replies":[{"embeddable":true,"href":"https:\/\/henergylab.com\/fr\/wp-json\/wp\/v2\/comments?post=4568"}],"wp:featuredmedia":[{"embeddable":true,"href":"https:\/\/henergylab.com\/fr\/wp-json\/wp\/v2\/media\/4546"}],"wp:attachment":[{"href":"https:\/\/henergylab.com\/fr\/wp-json\/wp\/v2\/media?parent=4568"}],"wp:term":[{"taxonomy":"product_brand","embeddable":true,"href":"https:\/\/henergylab.com\/fr\/wp-json\/wp\/v2\/product_brand?post=4568"},{"taxonomy":"product_cat","embeddable":true,"href":"https:\/\/henergylab.com\/fr\/wp-json\/wp\/v2\/product_cat?post=4568"},{"taxonomy":"product_tag","embeddable":true,"href":"https:\/\/henergylab.com\/fr\/wp-json\/wp\/v2\/product_tag?post=4568"}],"curies":[{"name":"wp","href":"https:\/\/api.w.org\/{rel}","templated":true}]}}