{"id":5069,"date":"2025-12-02T16:50:58","date_gmt":"2025-12-02T16:50:58","guid":{"rendered":"https:\/\/henergylab.com\/product\/pendentif-en-orgonite-premier-pentacle-de-jupiter\/"},"modified":"2025-12-03T00:49:26","modified_gmt":"2025-12-03T00:49:26","slug":"pendentif-en-orgonite-premier-pentacle-de-jupiter","status":"publish","type":"product","link":"https:\/\/henergylab.com\/fr\/produit\/pendentif-en-orgonite-premier-pentacle-de-jupiter\/","title":{"rendered":"Pendentif en orgonite Premier pentacle de Jupiter"},"content":{"rendered":"<h1>Pendentif en orgonite Premier pentacle de Jupiter<\/h1>\n<h2 class=\"western\"><strong>Premier pentacle de Jupiter<\/strong><\/h2>\n<p>Symbole de Richesse et de B\u00e9n\u00e9diction C\u00e9leste<br \/>\nCe pentacle est utilis\u00e9 pour attirer la richesse mat\u00e9rielle et la prosp\u00e9rit\u00e9 spirituelle. Il porte les Noms Divins en caract\u00e8res mystiques et favorise l\u2019abondance et la bonne fortune \u00e0 ceux qui le portent avec foi. Il est particuli\u00e8rement indiqu\u00e9 pour ceux qui entreprennent de nouveaux projets ou recherchent une stabilit\u00e9 \u00e9conomique.  <\/p>\n<p>Le pendentif est fabriqu\u00e9 en r\u00e9sine \u00e9poxy et contient du laiton et de l\u2019acier. Il renferme du Quartz Rose, de l\u2019Am\u00e9thyste, de la Shungite et de la Tourmaline Noire.<br \/>Les pierres utilis\u00e9es conf\u00e8rent \u00e0 l\u2019Orgone des vibrations de haute fr\u00e9quence, permettant d\u2019\u00e9lever l\u2019\u00e9tat int\u00e9rieur \u00e0 la m\u00eame fr\u00e9quence que les chakras sup\u00e9rieurs, avec lesquels ces pierres entrent en r\u00e9sonance. <\/p>\n<p>Pendant la phase de catalyse\/durcissement, <a href=\"https:\/\/henergylab.com\/fr\/quest-ce-que-lorgonite\/\">l\u2019orgonite <\/a>est expos\u00e9e \u00e0 des champs \u00e9nerg\u00e9tiques scalaires afin de lui conf\u00e9rer une empreinte b\u00e9n\u00e9fique.<\/p>\n<p data-start=\"293\" data-end=\"309\">Diam\u00e8tre: 3,7 cm<\/p>\n<p data-start=\"311\" data-end=\"453\">La photo pr\u00e9sent\u00e9e est purement indicative ; chaque pi\u00e8ce \u00e9tant faite \u00e0 la main, de l\u00e9g\u00e8res variations rendent chaque pendentif unique.<\/p>\n<hr data-start=\"455\" data-end=\"458\">\n<h1 data-start=\"460\" data-end=\"479\"><strong data-start=\"460\" data-end=\"479\">Note importante<\/strong><\/h1>\n<p data-start=\"481\" data-end=\"742\">Ce pendentif n&rsquo;est pas un dispositif m\u00e9dical.<br data-start=\"525\" data-end=\"528\">Les propri\u00e9t\u00e9s de l&rsquo;orgonite et des cristaux sont consid\u00e9r\u00e9es comme des outils \u00e9nerg\u00e9tiques ou spirituels et ne sauraient se substituer \u00e0 un avis m\u00e9dical.<\/p>\n","protected":false},"excerpt":{"rendered":"<p>Pendentif en orgonite Premier Pentacle de Jupiter, symbole de richesse et de b\u00e9n\u00e9diction c\u00e9leste, attire la richesse mat\u00e9rielle et la prosp\u00e9rit\u00e9 spirituelle, favorise l&rsquo;abondance et la chance.<\/p>\n","protected":false},"featured_media":5068,"comment_status":"open","ping_status":"closed","template":"","meta":{"ocean_post_layout":"","ocean_both_sidebars_style":"","ocean_both_sidebars_content_width":0,"ocean_both_sidebars_sidebars_width":0,"ocean_sidebar":"0","ocean_second_sidebar":"0","ocean_disable_margins":"enable","ocean_add_body_class":"","ocean_shortcode_before_top_bar":"","ocean_shortcode_after_top_bar":"","ocean_shortcode_before_header":"","ocean_shortcode_after_header":"","ocean_has_shortcode":"","ocean_shortcode_after_title":"","ocean_shortcode_before_footer_widgets":"","ocean_shortcode_after_footer_widgets":"","ocean_shortcode_before_footer_bottom":"","ocean_shortcode_after_footer_bottom":"","ocean_display_top_bar":"default","ocean_display_header":"default","ocean_header_style":"","ocean_center_header_left_menu":"0","ocean_custom_header_template":"0","ocean_custom_logo":0,"ocean_custom_retina_logo":0,"ocean_custom_logo_max_width":0,"ocean_custom_logo_tablet_max_width":0,"ocean_custom_logo_mobile_max_width":0,"ocean_custom_logo_max_height":0,"ocean_custom_logo_tablet_max_height":0,"ocean_custom_logo_mobile_max_height":0,"ocean_header_custom_menu":"0","ocean_menu_typo_font_family":"0","ocean_menu_typo_font_subset":"","ocean_menu_typo_font_size":0,"ocean_menu_typo_font_size_tablet":0,"ocean_menu_typo_font_size_mobile":0,"ocean_menu_typo_font_size_unit":"px","ocean_menu_typo_font_weight":"","ocean_menu_typo_font_weight_tablet":"","ocean_menu_typo_font_weight_mobile":"","ocean_menu_typo_transform":"","ocean_menu_typo_transform_tablet":"","ocean_menu_typo_transform_mobile":"","ocean_menu_typo_line_height":0,"ocean_menu_typo_line_height_tablet":0,"ocean_menu_typo_line_height_mobile":0,"ocean_menu_typo_line_height_unit":"","ocean_menu_typo_spacing":0,"ocean_menu_typo_spacing_tablet":0,"ocean_menu_typo_spacing_mobile":0,"ocean_menu_typo_spacing_unit":"","ocean_menu_link_color":"","ocean_menu_link_color_hover":"","ocean_menu_link_color_active":"","ocean_menu_link_background":"","ocean_menu_link_hover_background":"","ocean_menu_link_active_background":"","ocean_menu_social_links_bg":"","ocean_menu_social_hover_links_bg":"","ocean_menu_social_links_color":"","ocean_menu_social_hover_links_color":"","ocean_disable_title":"default","ocean_disable_heading":"default","ocean_post_title":"","ocean_post_subheading":"","ocean_post_title_style":"","ocean_post_title_background_color":"","ocean_post_title_background":0,"ocean_post_title_bg_image_position":"","ocean_post_title_bg_image_attachment":"","ocean_post_title_bg_image_repeat":"","ocean_post_title_bg_image_size":"","ocean_post_title_height":0,"ocean_post_title_bg_overlay":0.5,"ocean_post_title_bg_overlay_color":"","ocean_disable_breadcrumbs":"default","ocean_breadcrumbs_color":"","ocean_breadcrumbs_separator_color":"","ocean_breadcrumbs_links_color":"","ocean_breadcrumbs_links_hover_color":"","ocean_display_footer_widgets":"default","ocean_display_footer_bottom":"default","ocean_custom_footer_template":"0","_glsr_average":0,"_glsr_ranking":0,"_glsr_reviews":0},"product_brand":[],"product_cat":[104],"product_tag":[],"class_list":{"0":"post-5069","1":"product","2":"type-product","3":"status-publish","4":"has-post-thumbnail","6":"product_cat-pendentif-orgonite","8":"entry","9":"has-media","11":"first","12":"instock","13":"sale","14":"taxable","15":"shipping-taxable","16":"purchasable","17":"product-type-simple","18":"add-to-wishlist-after_add_to_cart","19":"has-product-nav","20":"col","21":"span_1_of_3","22":"owp-content-center","23":"owp-thumbs-layout-vertical","24":"owp-btn-normal","25":"owp-tabs-layout-horizontal"},"yoast_head":"<!-- This site is optimized with the Yoast SEO plugin v27.4 - https:\/\/yoast.com\/product\/yoast-seo-wordpress\/ -->\n<title>Pendentif en orgonite Premier pentacle de Jupiter - HEN<\/title>\n<meta name=\"description\" content=\"Pendentif en orgonite Premier Pentacle de Jupiter, symbole de richesse et de b\u00e9n\u00e9diction c\u00e9leste, attire la richesse mat\u00e9rielle et la prosp\u00e9rit\u00e9 spirituelle, favorise l&#039;abondance et la chance.\" \/>\n<meta name=\"robots\" content=\"index, follow, max-snippet:-1, max-image-preview:large, max-video-preview:-1\" \/>\n<link rel=\"canonical\" href=\"https:\/\/henergylab.com\/fr\/produit\/pendentif-en-orgonite-premier-pentacle-de-jupiter\/\" \/>\n<meta property=\"og:locale\" content=\"fr_FR\" \/>\n<meta property=\"og:type\" content=\"article\" \/>\n<meta property=\"og:title\" content=\"Pendentif en orgonite Premier pentacle de Jupiter - HEN\" \/>\n<meta property=\"og:description\" content=\"Pendentif en orgonite Premier Pentacle de Jupiter, symbole de richesse et de b\u00e9n\u00e9diction c\u00e9leste, attire la richesse mat\u00e9rielle et la prosp\u00e9rit\u00e9 spirituelle, favorise l&#039;abondance et la chance.\" \/>\n<meta property=\"og:url\" content=\"https:\/\/henergylab.com\/fr\/produit\/pendentif-en-orgonite-premier-pentacle-de-jupiter\/\" \/>\n<meta property=\"og:site_name\" content=\"HEN\" \/>\n<meta property=\"article:modified_time\" content=\"2025-12-03T00:49:26+00:00\" \/>\n<meta property=\"og:image\" content=\"https:\/\/henergylab.com\/wp-content\/uploads\/2025\/12\/Jupiter-P1.jpeg\" \/>\n\t<meta property=\"og:image:width\" content=\"1245\" \/>\n\t<meta property=\"og:image:height\" content=\"1245\" \/>\n\t<meta property=\"og:image:type\" content=\"image\/jpeg\" \/>\n<meta name=\"twitter:card\" content=\"summary_large_image\" \/>\n<meta name=\"twitter:label1\" content=\"Dur\u00e9e de lecture estim\u00e9e\" \/>\n\t<meta name=\"twitter:data1\" content=\"1 minute\" \/>\n<script type=\"application\/ld+json\" class=\"yoast-schema-graph\">{\"@context\":\"https:\\\/\\\/schema.org\",\"@graph\":[{\"@type\":\"WebPage\",\"@id\":\"https:\\\/\\\/henergylab.com\\\/fr\\\/produit\\\/pendentif-en-orgonite-premier-pentacle-de-jupiter\\\/\",\"url\":\"https:\\\/\\\/henergylab.com\\\/fr\\\/produit\\\/pendentif-en-orgonite-premier-pentacle-de-jupiter\\\/\",\"name\":\"Pendentif en orgonite Premier pentacle de Jupiter - HEN\",\"isPartOf\":{\"@id\":\"https:\\\/\\\/henergylab.com\\\/fr\\\/#website\"},\"primaryImageOfPage\":{\"@id\":\"https:\\\/\\\/henergylab.com\\\/fr\\\/produit\\\/pendentif-en-orgonite-premier-pentacle-de-jupiter\\\/#primaryimage\"},\"image\":{\"@id\":\"https:\\\/\\\/henergylab.com\\\/fr\\\/produit\\\/pendentif-en-orgonite-premier-pentacle-de-jupiter\\\/#primaryimage\"},\"thumbnailUrl\":\"https:\\\/\\\/henergylab.com\\\/wp-content\\\/uploads\\\/2025\\\/12\\\/Jupiter-P1.jpeg\",\"datePublished\":\"2025-12-02T16:50:58+00:00\",\"dateModified\":\"2025-12-03T00:49:26+00:00\",\"description\":\"Pendentif en orgonite Premier Pentacle de Jupiter, symbole de richesse et de b\u00e9n\u00e9diction c\u00e9leste, attire la richesse mat\u00e9rielle et la prosp\u00e9rit\u00e9 spirituelle, favorise l'abondance et la chance.\",\"breadcrumb\":{\"@id\":\"https:\\\/\\\/henergylab.com\\\/fr\\\/produit\\\/pendentif-en-orgonite-premier-pentacle-de-jupiter\\\/#breadcrumb\"},\"inLanguage\":\"fr-FR\",\"potentialAction\":[{\"@type\":\"ReadAction\",\"target\":[\"https:\\\/\\\/henergylab.com\\\/fr\\\/produit\\\/pendentif-en-orgonite-premier-pentacle-de-jupiter\\\/\"]}]},{\"@type\":\"ImageObject\",\"inLanguage\":\"fr-FR\",\"@id\":\"https:\\\/\\\/henergylab.com\\\/fr\\\/produit\\\/pendentif-en-orgonite-premier-pentacle-de-jupiter\\\/#primaryimage\",\"url\":\"https:\\\/\\\/henergylab.com\\\/wp-content\\\/uploads\\\/2025\\\/12\\\/Jupiter-P1.jpeg\",\"contentUrl\":\"https:\\\/\\\/henergylab.com\\\/wp-content\\\/uploads\\\/2025\\\/12\\\/Jupiter-P1.jpeg\",\"width\":1245,\"height\":1245,\"caption\":\"Pendentif en orgonite Premier pentacle de Jupiter\"},{\"@type\":\"BreadcrumbList\",\"@id\":\"https:\\\/\\\/henergylab.com\\\/fr\\\/produit\\\/pendentif-en-orgonite-premier-pentacle-de-jupiter\\\/#breadcrumb\",\"itemListElement\":[{\"@type\":\"ListItem\",\"position\":1,\"name\":\"Home\",\"item\":\"https:\\\/\\\/henergylab.com\\\/fr\\\/\"},{\"@type\":\"ListItem\",\"position\":2,\"name\":\"Shop\",\"item\":\"https:\\\/\\\/henergylab.com\\\/negozio\\\/\"},{\"@type\":\"ListItem\",\"position\":3,\"name\":\"Pendentif en orgonite Premier pentacle de Jupiter\"}]},{\"@type\":\"WebSite\",\"@id\":\"https:\\\/\\\/henergylab.com\\\/fr\\\/#website\",\"url\":\"https:\\\/\\\/henergylab.com\\\/fr\\\/\",\"name\":\"henergylab\",\"description\":\"\",\"publisher\":{\"@id\":\"https:\\\/\\\/henergylab.com\\\/fr\\\/#organization\"},\"potentialAction\":[{\"@type\":\"SearchAction\",\"target\":{\"@type\":\"EntryPoint\",\"urlTemplate\":\"https:\\\/\\\/henergylab.com\\\/fr\\\/?s={search_term_string}\"},\"query-input\":{\"@type\":\"PropertyValueSpecification\",\"valueRequired\":true,\"valueName\":\"search_term_string\"}}],\"inLanguage\":\"fr-FR\"},{\"@type\":\"Organization\",\"@id\":\"https:\\\/\\\/henergylab.com\\\/fr\\\/#organization\",\"name\":\"HEN\",\"url\":\"https:\\\/\\\/henergylab.com\\\/fr\\\/\",\"logo\":{\"@type\":\"ImageObject\",\"inLanguage\":\"fr-FR\",\"@id\":\"https:\\\/\\\/henergylab.com\\\/fr\\\/#\\\/schema\\\/logo\\\/image\\\/\",\"url\":\"https:\\\/\\\/henergylab.com\\\/wp-content\\\/uploads\\\/2025\\\/07\\\/Henergylab-logo-scritta-nera-1.png\",\"contentUrl\":\"https:\\\/\\\/henergylab.com\\\/wp-content\\\/uploads\\\/2025\\\/07\\\/Henergylab-logo-scritta-nera-1.png\",\"width\":128,\"height\":128,\"caption\":\"HEN\"},\"image\":{\"@id\":\"https:\\\/\\\/henergylab.com\\\/fr\\\/#\\\/schema\\\/logo\\\/image\\\/\"}}]}<\/script>\n<!-- \/ Yoast SEO plugin. -->","yoast_head_json":{"title":"Pendentif en orgonite Premier pentacle de Jupiter - HEN","description":"Pendentif en orgonite Premier Pentacle de Jupiter, symbole de richesse et de b\u00e9n\u00e9diction c\u00e9leste, attire la richesse mat\u00e9rielle et la prosp\u00e9rit\u00e9 spirituelle, favorise l'abondance et la chance.","robots":{"index":"index","follow":"follow","max-snippet":"max-snippet:-1","max-image-preview":"max-image-preview:large","max-video-preview":"max-video-preview:-1"},"canonical":"https:\/\/henergylab.com\/fr\/produit\/pendentif-en-orgonite-premier-pentacle-de-jupiter\/","og_locale":"fr_FR","og_type":"article","og_title":"Pendentif en orgonite Premier pentacle de Jupiter - HEN","og_description":"Pendentif en orgonite Premier Pentacle de Jupiter, symbole de richesse et de b\u00e9n\u00e9diction c\u00e9leste, attire la richesse mat\u00e9rielle et la prosp\u00e9rit\u00e9 spirituelle, favorise l'abondance et la chance.","og_url":"https:\/\/henergylab.com\/fr\/produit\/pendentif-en-orgonite-premier-pentacle-de-jupiter\/","og_site_name":"HEN","article_modified_time":"2025-12-03T00:49:26+00:00","og_image":[{"width":1245,"height":1245,"url":"https:\/\/henergylab.com\/wp-content\/uploads\/2025\/12\/Jupiter-P1.jpeg","type":"image\/jpeg"}],"twitter_card":"summary_large_image","twitter_misc":{"Dur\u00e9e de lecture estim\u00e9e":"1 minute"},"schema":{"@context":"https:\/\/schema.org","@graph":[{"@type":"WebPage","@id":"https:\/\/henergylab.com\/fr\/produit\/pendentif-en-orgonite-premier-pentacle-de-jupiter\/","url":"https:\/\/henergylab.com\/fr\/produit\/pendentif-en-orgonite-premier-pentacle-de-jupiter\/","name":"Pendentif en orgonite Premier pentacle de Jupiter - HEN","isPartOf":{"@id":"https:\/\/henergylab.com\/fr\/#website"},"primaryImageOfPage":{"@id":"https:\/\/henergylab.com\/fr\/produit\/pendentif-en-orgonite-premier-pentacle-de-jupiter\/#primaryimage"},"image":{"@id":"https:\/\/henergylab.com\/fr\/produit\/pendentif-en-orgonite-premier-pentacle-de-jupiter\/#primaryimage"},"thumbnailUrl":"https:\/\/henergylab.com\/wp-content\/uploads\/2025\/12\/Jupiter-P1.jpeg","datePublished":"2025-12-02T16:50:58+00:00","dateModified":"2025-12-03T00:49:26+00:00","description":"Pendentif en orgonite Premier Pentacle de Jupiter, symbole de richesse et de b\u00e9n\u00e9diction c\u00e9leste, attire la richesse mat\u00e9rielle et la prosp\u00e9rit\u00e9 spirituelle, favorise l'abondance et la chance.","breadcrumb":{"@id":"https:\/\/henergylab.com\/fr\/produit\/pendentif-en-orgonite-premier-pentacle-de-jupiter\/#breadcrumb"},"inLanguage":"fr-FR","potentialAction":[{"@type":"ReadAction","target":["https:\/\/henergylab.com\/fr\/produit\/pendentif-en-orgonite-premier-pentacle-de-jupiter\/"]}]},{"@type":"ImageObject","inLanguage":"fr-FR","@id":"https:\/\/henergylab.com\/fr\/produit\/pendentif-en-orgonite-premier-pentacle-de-jupiter\/#primaryimage","url":"https:\/\/henergylab.com\/wp-content\/uploads\/2025\/12\/Jupiter-P1.jpeg","contentUrl":"https:\/\/henergylab.com\/wp-content\/uploads\/2025\/12\/Jupiter-P1.jpeg","width":1245,"height":1245,"caption":"Pendentif en orgonite Premier pentacle de Jupiter"},{"@type":"BreadcrumbList","@id":"https:\/\/henergylab.com\/fr\/produit\/pendentif-en-orgonite-premier-pentacle-de-jupiter\/#breadcrumb","itemListElement":[{"@type":"ListItem","position":1,"name":"Home","item":"https:\/\/henergylab.com\/fr\/"},{"@type":"ListItem","position":2,"name":"Shop","item":"https:\/\/henergylab.com\/negozio\/"},{"@type":"ListItem","position":3,"name":"Pendentif en orgonite Premier pentacle de Jupiter"}]},{"@type":"WebSite","@id":"https:\/\/henergylab.com\/fr\/#website","url":"https:\/\/henergylab.com\/fr\/","name":"henergylab","description":"","publisher":{"@id":"https:\/\/henergylab.com\/fr\/#organization"},"potentialAction":[{"@type":"SearchAction","target":{"@type":"EntryPoint","urlTemplate":"https:\/\/henergylab.com\/fr\/?s={search_term_string}"},"query-input":{"@type":"PropertyValueSpecification","valueRequired":true,"valueName":"search_term_string"}}],"inLanguage":"fr-FR"},{"@type":"Organization","@id":"https:\/\/henergylab.com\/fr\/#organization","name":"HEN","url":"https:\/\/henergylab.com\/fr\/","logo":{"@type":"ImageObject","inLanguage":"fr-FR","@id":"https:\/\/henergylab.com\/fr\/#\/schema\/logo\/image\/","url":"https:\/\/henergylab.com\/wp-content\/uploads\/2025\/07\/Henergylab-logo-scritta-nera-1.png","contentUrl":"https:\/\/henergylab.com\/wp-content\/uploads\/2025\/07\/Henergylab-logo-scritta-nera-1.png","width":128,"height":128,"caption":"HEN"},"image":{"@id":"https:\/\/henergylab.com\/fr\/#\/schema\/logo\/image\/"}}]}},"_links":{"self":[{"href":"https:\/\/henergylab.com\/fr\/wp-json\/wp\/v2\/product\/5069","targetHints":{"allow":["GET"]}}],"collection":[{"href":"https:\/\/henergylab.com\/fr\/wp-json\/wp\/v2\/product"}],"about":[{"href":"https:\/\/henergylab.com\/fr\/wp-json\/wp\/v2\/types\/product"}],"replies":[{"embeddable":true,"href":"https:\/\/henergylab.com\/fr\/wp-json\/wp\/v2\/comments?post=5069"}],"wp:featuredmedia":[{"embeddable":true,"href":"https:\/\/henergylab.com\/fr\/wp-json\/wp\/v2\/media\/5068"}],"wp:attachment":[{"href":"https:\/\/henergylab.com\/fr\/wp-json\/wp\/v2\/media?parent=5069"}],"wp:term":[{"taxonomy":"product_brand","embeddable":true,"href":"https:\/\/henergylab.com\/fr\/wp-json\/wp\/v2\/product_brand?post=5069"},{"taxonomy":"product_cat","embeddable":true,"href":"https:\/\/henergylab.com\/fr\/wp-json\/wp\/v2\/product_cat?post=5069"},{"taxonomy":"product_tag","embeddable":true,"href":"https:\/\/henergylab.com\/fr\/wp-json\/wp\/v2\/product_tag?post=5069"}],"curies":[{"name":"wp","href":"https:\/\/api.w.org\/{rel}","templated":true}]}}